{"id":28761,"date":"2025-05-08T06:29:11","date_gmt":"2025-05-08T06:29:11","guid":{"rendered":"https:\/\/meteoquebec.ca\/?post_type=product&#038;p=28761"},"modified":"2026-01-14T18:15:56","modified_gmt":"2026-01-14T22:15:56","slug":"botte-de-travail-dhiver-royer-5727ag","status":"publish","type":"product","link":"https:\/\/autravail.ca\/en\/product\/botte-de-travail-dhiver-royer-5727ag\/","title":{"rendered":"Botte de travail d&rsquo;hiver Royer &#8211; 5727AG"},"content":{"rendered":"<h3>Botte de travail d&rsquo;hiver Royer &#8211; 5727AG<\/h3>\n<p>Botte de travail d&rsquo;hiver <a href=\"https:\/\/autravail.ca\/en\/product-brand\/royer\/\">Royer<\/a> &#8211; 5727AG est une\u00a0<mark class=\"HxTRcb\" data-complete=\"true\" data-sae=\"\">botte d&rsquo;hiver de 8 pouces, imperm\u00e9able, isol\u00e9e et sans m\u00e9tal<\/mark>, con\u00e7ue pour offrir une adh\u00e9rence sup\u00e9rieure sur la glace gr\u00e2ce \u00e0 la technologie Vibram Arctic Grip, id\u00e9ale pour les hivers canadiens.<\/p>\n<p><img decoding=\"async\" class=\"alignnone size-full wp-image-40117\" src=\"https:\/\/autravail.ca\/wp-content\/uploads\/2025\/09\/Certification-Omega-Triangle-vert.jpg\" alt=\"Certifications Om\u00e9ga Triangle vert\" width=\"193\" height=\"110\" srcset=\"https:\/\/autravail.ca\/wp-content\/uploads\/2025\/09\/Certification-Omega-Triangle-vert.jpg 193w, https:\/\/autravail.ca\/wp-content\/uploads\/2025\/09\/Certification-Omega-Triangle-vert-150x85.jpg 150w, https:\/\/autravail.ca\/wp-content\/uploads\/2025\/09\/Certification-Omega-Triangle-vert-18x10.jpg 18w\" sizes=\"(max-width: 193px) 100vw, 193px\" \/><\/p>\n<div class=\"product-information-feature-header\">\n<h6 class=\"mb-4\"><span dir=\"auto\">Caract\u00e9ristiques du produit<\/span><\/h6>\n<\/div>\n<ul class=\"temp-feature-list royer-temp-feature-list\">\n<li><span dir=\"auto\">Membrane \u00e9tanche AIRFLOW<\/span><\/li>\n<li><span dir=\"auto\">Cuir pleine fleur imperm\u00e9able<\/span><\/li>\n<li><span dir=\"auto\">Embout de protection composite<\/span><\/li>\n<li><span dir=\"auto\">Pare-chocs PARESHOK en TPU ultra-r\u00e9sistant pour les orteils<\/span><\/li>\n<li><span dir=\"auto\">Semelle int\u00e9rieure non m\u00e9tallique r\u00e9sistante \u00e0 la perforation<\/span><\/li>\n<li><span dir=\"auto\">Semelle interm\u00e9diaire en PU \u00e0 fixation directe<\/span><\/li>\n<li><span dir=\"auto\">Electrical Risks Protection<\/span><\/li>\n<li><span dir=\"auto\">Bottes sans m\u00e9tal de 8 pouces<\/span><\/li>\n<li><span dir=\"auto\">Tige avec isolation thermique THINSULATE 400 g<\/span><\/li>\n<li><span dir=\"auto\">Semelle ext\u00e9rieure en caoutchouc VIBRAM ARCTIC GRIP pour une adh\u00e9rence optimale sur la glace mouill\u00e9e<\/span><\/li>\n<li><span dir=\"auto\">Semelle int\u00e9rieure R-LITE confortable et respirante<\/span><\/li>\n<\/ul>\n<h6><span dir=\"auto\">Semelle ext\u00e9rieure VIBRAM\u00ae ARCTIC GRIP PRO\u2122<\/span><\/h6>\n<p><span dir=\"auto\">VIBRAM\u00ae ARCTIC GRIP PRO\u2122 est une technologie de semelle ext\u00e9rieure avanc\u00e9e pour temps froid, con\u00e7ue pour am\u00e9liorer les performances sur glace mouill\u00e9e et s\u00e8che, assurant une adh\u00e9rence exceptionnelle dans les conditions hivernales les plus rigoureuses.<\/span><\/p>\n<h6><span dir=\"auto\">Isolation 3M\u2122 Thinsulate\u2122<\/span><\/h6>\n<p><span dir=\"auto\">3M\u2122 Thinsulate\u2122 est un isolant l\u00e9ger et performant qui emprisonne la chaleur corporelle tout en laissant l&rsquo;humidit\u00e9 s&rsquo;\u00e9chapper, procurant chaleur et confort dans des environnements difficiles.<\/span><\/p>\n<p><em><span style=\"color: #fa0b0b;\">Unisex U.S. men's sizes presented. To convert to U.S. women's size, add 2 sizes. Example: 5 U.S. men = 7 U.S. women<\/span><\/em><\/p>\n<p><img decoding=\"async\" class=\"alignnone wp-image-40620\" src=\"https:\/\/autravail.ca\/wp-content\/uploads\/2025\/09\/Jachete-quebec-et-canada.jpg\" alt=\"Logo de l'achat local\" width=\"162\" height=\"139\" \/>Merci d&rsquo;encourager une entreprise 100% d&rsquo;ici!<\/p>\n<p>TS2601H<\/p>","protected":false},"excerpt":{"rendered":"<p>Botte de travail d&rsquo;hiver Royer &#8211; 5727AG Botte de travail d&rsquo;hiver Royer &#8211; 5727AG est une\u00a0botte d&rsquo;hiver de 8 pouces, imperm\u00e9able, isol\u00e9e et sans m\u00e9tal, con\u00e7ue pour offrir une adh\u00e9rence sup\u00e9rieure sur la glace gr\u00e2ce \u00e0 la technologie Vibram Arctic Grip, id\u00e9ale pour les hivers canadiens. Caract\u00e9ristiques du produit Membrane \u00e9tanche AIRFLOW Cuir pleine fleur [&hellip;]<\/p>","protected":false},"featured_media":12287,"comment_status":"open","ping_status":"closed","template":"","meta":[],"product_cat":[671,642,602],"product_tag":[308,251,309,255,242,261],"class_list":{"0":"post-28761","1":"product","2":"type-product","3":"status-publish","4":"has-post-thumbnail","6":"product_brand-royer","7":"product_cat-bottes-dhiver-csa","8":"product_cat-bottes-de-travail-femme","9":"product_cat-hommes","10":"product_tag-bottes-dhiver-csa","11":"product_tag-bottes-de-travail","12":"product_tag-csa-hiver","13":"product_tag-femme","14":"product_tag-homme","15":"product_tag-novago","17":"first","18":"instock","19":"taxable","20":"shipping-taxable","21":"purchasable","22":"product-type-variable"},"yoast_head":"<!-- This site is optimized with the Yoast SEO plugin v25.3.1 - https:\/\/yoast.com\/wordpress\/plugins\/seo\/ -->\n<title>Botte de travail d&#039;hiver Royer - 5727AG - Le Magasin Industriel<\/title>\n<meta name=\"description\" content=\"Botte de travail d&#039;hiver Royer - 5727AG, 8 pouces, Agility Arctic Grip, homologu\u00e9es CSA, imperm\u00e9able, embout en composite\" \/>\n<meta name=\"robots\" content=\"index, follow, max-snippet:-1, max-image-preview:large, max-video-preview:-1\" \/>\n<link rel=\"canonical\" href=\"https:\/\/autravail.ca\/en\/product\/botte-de-travail-dhiver-royer-5727ag\/\" \/>\n<meta property=\"og:locale\" content=\"en_US\" \/>\n<meta property=\"og:type\" content=\"article\" \/>\n<meta property=\"og:title\" content=\"Botte de travail d&#039;hiver Royer - 5727AG - Le Magasin Industriel\" \/>\n<meta property=\"og:description\" content=\"Botte de travail d&#039;hiver Royer - 5727AG, 8 pouces, Agility Arctic Grip, homologu\u00e9es CSA, imperm\u00e9able, embout en composite\" \/>\n<meta property=\"og:url\" content=\"https:\/\/autravail.ca\/en\/product\/botte-de-travail-dhiver-royer-5727ag\/\" \/>\n<meta property=\"og:site_name\" content=\"Le Magasin Industriel\" \/>\n<meta property=\"article:publisher\" content=\"https:\/\/www.facebook.com\/lemagasinindustriel\/?locale=fr_FR\" \/>\n<meta property=\"article:modified_time\" content=\"2026-01-14T22:15:56+00:00\" \/>\n<meta property=\"og:image\" content=\"https:\/\/autravail.ca\/wp-content\/uploads\/2025\/05\/5727AG_A01.jpg\" \/>\n\t<meta property=\"og:image:width\" content=\"1000\" \/>\n\t<meta property=\"og:image:height\" content=\"1000\" \/>\n\t<meta property=\"og:image:type\" content=\"image\/jpeg\" \/>\n<meta name=\"twitter:card\" content=\"summary_large_image\" \/>\n<meta name=\"twitter:label1\" content=\"Est. reading time\" \/>\n\t<meta name=\"twitter:data1\" content=\"2 minutes\" \/>\n<script type=\"application\/ld+json\" class=\"yoast-schema-graph\">{\"@context\":\"https:\/\/schema.org\",\"@graph\":[{\"@type\":\"WebPage\",\"@id\":\"https:\/\/autravail.ca\/product\/botte-de-travail-dhiver-royer-5727ag\/\",\"url\":\"https:\/\/autravail.ca\/product\/botte-de-travail-dhiver-royer-5727ag\/\",\"name\":\"Botte de travail d'hiver Royer - 5727AG - Le Magasin Industriel\",\"isPartOf\":{\"@id\":\"https:\/\/autravail.ca\/#website\"},\"primaryImageOfPage\":{\"@id\":\"https:\/\/autravail.ca\/product\/botte-de-travail-dhiver-royer-5727ag\/#primaryimage\"},\"image\":{\"@id\":\"https:\/\/autravail.ca\/product\/botte-de-travail-dhiver-royer-5727ag\/#primaryimage\"},\"thumbnailUrl\":\"https:\/\/autravail.ca\/wp-content\/uploads\/2025\/05\/5727AG_A01.jpg\",\"datePublished\":\"2025-05-08T06:29:11+00:00\",\"dateModified\":\"2026-01-14T22:15:56+00:00\",\"description\":\"Botte de travail d'hiver Royer - 5727AG, 8 pouces, Agility Arctic Grip, homologu\u00e9es CSA, imperm\u00e9able, embout en composite\",\"breadcrumb\":{\"@id\":\"https:\/\/autravail.ca\/product\/botte-de-travail-dhiver-royer-5727ag\/#breadcrumb\"},\"inLanguage\":\"en-CA\",\"potentialAction\":[{\"@type\":\"ReadAction\",\"target\":[\"https:\/\/autravail.ca\/product\/botte-de-travail-dhiver-royer-5727ag\/\"]}]},{\"@type\":\"ImageObject\",\"inLanguage\":\"en-CA\",\"@id\":\"https:\/\/autravail.ca\/product\/botte-de-travail-dhiver-royer-5727ag\/#primaryimage\",\"url\":\"https:\/\/autravail.ca\/wp-content\/uploads\/2025\/05\/5727AG_A01.jpg\",\"contentUrl\":\"https:\/\/autravail.ca\/wp-content\/uploads\/2025\/05\/5727AG_A01.jpg\",\"width\":1000,\"height\":1000},{\"@type\":\"BreadcrumbList\",\"@id\":\"https:\/\/autravail.ca\/product\/botte-de-travail-dhiver-royer-5727ag\/#breadcrumb\",\"itemListElement\":[{\"@type\":\"ListItem\",\"position\":1,\"name\":\"Accueil\",\"item\":\"https:\/\/autravail.ca\/\"},{\"@type\":\"ListItem\",\"position\":2,\"name\":\"Magasin\",\"item\":\"https:\/\/autravail.ca\/en\/shop\/\"},{\"@type\":\"ListItem\",\"position\":3,\"name\":\"Botte de travail d&rsquo;hiver Royer &#8211; 5727AG\"}]},{\"@type\":\"WebSite\",\"@id\":\"https:\/\/autravail.ca\/#website\",\"url\":\"https:\/\/autravail.ca\/\",\"name\":\"Le Magasin Industriel\",\"description\":\"50 ans de tradition de s\u00e9curit\u00e9 au travail\",\"publisher\":{\"@id\":\"https:\/\/autravail.ca\/#organization\"},\"potentialAction\":[{\"@type\":\"SearchAction\",\"target\":{\"@type\":\"EntryPoint\",\"urlTemplate\":\"https:\/\/autravail.ca\/?s={search_term_string}\"},\"query-input\":{\"@type\":\"PropertyValueSpecification\",\"valueRequired\":true,\"valueName\":\"search_term_string\"}}],\"inLanguage\":\"en-CA\"},{\"@type\":\"Organization\",\"@id\":\"https:\/\/autravail.ca\/#organization\",\"name\":\"Le Magasin Industriel\",\"url\":\"https:\/\/autravail.ca\/\",\"logo\":{\"@type\":\"ImageObject\",\"inLanguage\":\"en-CA\",\"@id\":\"https:\/\/autravail.ca\/#\/schema\/logo\/image\/\",\"url\":\"https:\/\/autravail.ca\/wp-content\/uploads\/2025\/05\/cropped-magasin_industriel_120x.avif\",\"contentUrl\":\"https:\/\/autravail.ca\/wp-content\/uploads\/2025\/05\/cropped-magasin_industriel_120x.avif\",\"width\":120,\"height\":24,\"caption\":\"Le Magasin Industriel\"},\"image\":{\"@id\":\"https:\/\/autravail.ca\/#\/schema\/logo\/image\/\"},\"sameAs\":[\"https:\/\/www.facebook.com\/lemagasinindustriel\/?locale=fr_FR\"]}]}<\/script>\n<!-- \/ Yoast SEO plugin. -->","yoast_head_json":{"title":"Botte de travail d'hiver Royer - 5727AG - Le Magasin Industriel","description":"Botte de travail d'hiver Royer - 5727AG, 8 pouces, Agility Arctic Grip, homologu\u00e9es CSA, imperm\u00e9able, embout en composite","robots":{"index":"index","follow":"follow","max-snippet":"max-snippet:-1","max-image-preview":"max-image-preview:large","max-video-preview":"max-video-preview:-1"},"canonical":"https:\/\/autravail.ca\/en\/product\/botte-de-travail-dhiver-royer-5727ag\/","og_locale":"en_US","og_type":"article","og_title":"Botte de travail d'hiver Royer - 5727AG - Le Magasin Industriel","og_description":"Botte de travail d'hiver Royer - 5727AG, 8 pouces, Agility Arctic Grip, homologu\u00e9es CSA, imperm\u00e9able, embout en composite","og_url":"https:\/\/autravail.ca\/en\/product\/botte-de-travail-dhiver-royer-5727ag\/","og_site_name":"Le Magasin Industriel","article_publisher":"https:\/\/www.facebook.com\/lemagasinindustriel\/?locale=fr_FR","article_modified_time":"2026-01-14T22:15:56+00:00","og_image":[{"width":1000,"height":1000,"url":"https:\/\/autravail.ca\/wp-content\/uploads\/2025\/05\/5727AG_A01.jpg","type":"image\/jpeg"}],"twitter_card":"summary_large_image","twitter_misc":{"Est. reading time":"2 minutes"},"schema":{"@context":"https:\/\/schema.org","@graph":[{"@type":"WebPage","@id":"https:\/\/autravail.ca\/product\/botte-de-travail-dhiver-royer-5727ag\/","url":"https:\/\/autravail.ca\/product\/botte-de-travail-dhiver-royer-5727ag\/","name":"Botte de travail d'hiver Royer - 5727AG - Le Magasin Industriel","isPartOf":{"@id":"https:\/\/autravail.ca\/#website"},"primaryImageOfPage":{"@id":"https:\/\/autravail.ca\/product\/botte-de-travail-dhiver-royer-5727ag\/#primaryimage"},"image":{"@id":"https:\/\/autravail.ca\/product\/botte-de-travail-dhiver-royer-5727ag\/#primaryimage"},"thumbnailUrl":"https:\/\/autravail.ca\/wp-content\/uploads\/2025\/05\/5727AG_A01.jpg","datePublished":"2025-05-08T06:29:11+00:00","dateModified":"2026-01-14T22:15:56+00:00","description":"Botte de travail d'hiver Royer - 5727AG, 8 pouces, Agility Arctic Grip, homologu\u00e9es CSA, imperm\u00e9able, embout en composite","breadcrumb":{"@id":"https:\/\/autravail.ca\/product\/botte-de-travail-dhiver-royer-5727ag\/#breadcrumb"},"inLanguage":"en-CA","potentialAction":[{"@type":"ReadAction","target":["https:\/\/autravail.ca\/product\/botte-de-travail-dhiver-royer-5727ag\/"]}]},{"@type":"ImageObject","inLanguage":"en-CA","@id":"https:\/\/autravail.ca\/product\/botte-de-travail-dhiver-royer-5727ag\/#primaryimage","url":"https:\/\/autravail.ca\/wp-content\/uploads\/2025\/05\/5727AG_A01.jpg","contentUrl":"https:\/\/autravail.ca\/wp-content\/uploads\/2025\/05\/5727AG_A01.jpg","width":1000,"height":1000},{"@type":"BreadcrumbList","@id":"https:\/\/autravail.ca\/product\/botte-de-travail-dhiver-royer-5727ag\/#breadcrumb","itemListElement":[{"@type":"ListItem","position":1,"name":"Accueil","item":"https:\/\/autravail.ca\/"},{"@type":"ListItem","position":2,"name":"Magasin","item":"https:\/\/autravail.ca\/en\/shop\/"},{"@type":"ListItem","position":3,"name":"Botte de travail d&rsquo;hiver Royer &#8211; 5727AG"}]},{"@type":"WebSite","@id":"https:\/\/autravail.ca\/#website","url":"https:\/\/autravail.ca\/","name":"Le Magasin Industriel","description":"50 ans de tradition de s\u00e9curit\u00e9 au travail","publisher":{"@id":"https:\/\/autravail.ca\/#organization"},"potentialAction":[{"@type":"SearchAction","target":{"@type":"EntryPoint","urlTemplate":"https:\/\/autravail.ca\/?s={search_term_string}"},"query-input":{"@type":"PropertyValueSpecification","valueRequired":true,"valueName":"search_term_string"}}],"inLanguage":"en-CA"},{"@type":"Organization","@id":"https:\/\/autravail.ca\/#organization","name":"Le Magasin Industriel","url":"https:\/\/autravail.ca\/","logo":{"@type":"ImageObject","inLanguage":"en-CA","@id":"https:\/\/autravail.ca\/#\/schema\/logo\/image\/","url":"https:\/\/autravail.ca\/wp-content\/uploads\/2025\/05\/cropped-magasin_industriel_120x.avif","contentUrl":"https:\/\/autravail.ca\/wp-content\/uploads\/2025\/05\/cropped-magasin_industriel_120x.avif","width":120,"height":24,"caption":"Le Magasin Industriel"},"image":{"@id":"https:\/\/autravail.ca\/#\/schema\/logo\/image\/"},"sameAs":["https:\/\/www.facebook.com\/lemagasinindustriel\/?locale=fr_FR"]}]}},"jetpack_sharing_enabled":true,"_links":{"self":[{"href":"https:\/\/autravail.ca\/en\/wp-json\/wp\/v2\/product\/28761","targetHints":{"allow":["GET"]}}],"collection":[{"href":"https:\/\/autravail.ca\/en\/wp-json\/wp\/v2\/product"}],"about":[{"href":"https:\/\/autravail.ca\/en\/wp-json\/wp\/v2\/types\/product"}],"replies":[{"embeddable":true,"href":"https:\/\/autravail.ca\/en\/wp-json\/wp\/v2\/comments?post=28761"}],"wp:featuredmedia":[{"embeddable":true,"href":"https:\/\/autravail.ca\/en\/wp-json\/wp\/v2\/media\/12287"}],"wp:attachment":[{"href":"https:\/\/autravail.ca\/en\/wp-json\/wp\/v2\/media?parent=28761"}],"wp:term":[{"taxonomy":"product_cat","embeddable":true,"href":"https:\/\/autravail.ca\/en\/wp-json\/wp\/v2\/product_cat?post=28761"},{"taxonomy":"product_tag","embeddable":true,"href":"https:\/\/autravail.ca\/en\/wp-json\/wp\/v2\/product_tag?post=28761"}],"curies":[{"name":"wp","href":"https:\/\/api.w.org\/{rel}","templated":true}]}}