{"id":28760,"date":"2025-05-08T06:29:10","date_gmt":"2025-05-08T06:29:10","guid":{"rendered":"https:\/\/meteoquebec.ca\/?post_type=product&#038;p=28760"},"modified":"2025-12-05T05:11:23","modified_gmt":"2025-12-05T09:11:23","slug":"572154-soulier-de-travail-motion-mellow-walk","status":"publish","type":"product","link":"https:\/\/autravail.ca\/en\/product\/572154-soulier-de-travail-motion-mellow-walk\/","title":{"rendered":"572154 - WORK Shoes, MOTION - MELLOW WALK"},"content":{"rendered":"<p>Safety Shoe, Motion SD+ - Mellow Walk<\/p>\n<p>The new Motion in athletic style continues the legacy of Mellow Walk in terms of creating elegant and well-fitting safety shoes. The oversized dimensions of Motion create a very comfortable walking surface, ideal for many indoor work environments. Lightweight and without metal, Motion is recommended for use in any workplace requiring antistatic shoes.<br \/>Composite Hood \/ Composite Protection Plate<br \/>Static Dissipative +.<br \/>Comfortable exterior sole in double density PU.<br \/>Antislip<br \/>Large Cut (EE)<br \/>Superior Leather<br \/>Made in Canada.<\/p>","protected":false},"excerpt":{"rendered":"<p>Soulier de s\u00e9curit\u00e9, Motion SD+\u00a0 &#8211; Mellow Walk La nouvelle Motion au style athl\u00e9tique perp\u00e9tue l&rsquo;h\u00e9ritage de Mellow Walk en mati\u00e8re de cr\u00e9ation de chaussures de s\u00e9curit\u00e9 \u00e9l\u00e9gantes et bien ajust\u00e9es. Les proportions surdimensionn\u00e9es de Motion cr\u00e9ent une surface de marche tr\u00e8s confortable, id\u00e9ale pour de nombreux environnements de travail en int\u00e9rieur. L\u00e9ger et sans [&hellip;]<\/p>","protected":false},"featured_media":12271,"comment_status":"open","ping_status":"closed","template":"","meta":[],"product_cat":[602,619],"product_tag":[252,242,253,257,283],"class_list":{"0":"post-28760","1":"product","2":"type-product","3":"status-publish","4":"has-post-thumbnail","6":"product_brand-mellow-walk","7":"product_cat-hommes","8":"product_cat-souliers-de-travail","9":"product_tag-electric-shock-resistant","10":"product_tag-homme","11":"product_tag-sole-protection","12":"product_tag-souliers-de-travail","13":"product_tag-static-dissipative","15":"first","16":"instock","17":"taxable","18":"shipping-taxable","19":"purchasable","20":"product-type-variable"},"yoast_head":"<!-- This site is optimized with the Yoast SEO plugin v25.3.1 - https:\/\/yoast.com\/wordpress\/plugins\/seo\/ -->\n<title>572154 - SOULIER DE TRAVAIL, MOTION - MELLOW WALK - Le Magasin Industriel<\/title>\n<meta name=\"robots\" content=\"index, follow, max-snippet:-1, max-image-preview:large, max-video-preview:-1\" \/>\n<link rel=\"canonical\" href=\"https:\/\/autravail.ca\/en\/product\/572154-soulier-de-travail-motion-mellow-walk\/\" \/>\n<meta property=\"og:locale\" content=\"en_US\" \/>\n<meta property=\"og:type\" content=\"article\" \/>\n<meta property=\"og:title\" content=\"572154 - SOULIER DE TRAVAIL, MOTION - MELLOW WALK - Le Magasin Industriel\" \/>\n<meta property=\"og:description\" content=\"Soulier de s\u00e9curit\u00e9, Motion SD+\u00a0 &#8211; Mellow Walk La nouvelle Motion au style athl\u00e9tique perp\u00e9tue l&rsquo;h\u00e9ritage de Mellow Walk en mati\u00e8re de cr\u00e9ation de chaussures de s\u00e9curit\u00e9 \u00e9l\u00e9gantes et bien ajust\u00e9es. Les proportions surdimensionn\u00e9es de Motion cr\u00e9ent une surface de marche tr\u00e8s confortable, id\u00e9ale pour de nombreux environnements de travail en int\u00e9rieur. L\u00e9ger et sans [&hellip;]\" \/>\n<meta property=\"og:url\" content=\"https:\/\/autravail.ca\/en\/product\/572154-soulier-de-travail-motion-mellow-walk\/\" \/>\n<meta property=\"og:site_name\" content=\"Le Magasin Industriel\" \/>\n<meta property=\"article:publisher\" content=\"https:\/\/www.facebook.com\/lemagasinindustriel\/?locale=fr_FR\" \/>\n<meta property=\"article:modified_time\" content=\"2025-12-05T09:11:23+00:00\" \/>\n<meta property=\"og:image\" content=\"https:\/\/autravail.ca\/wp-content\/uploads\/2025\/05\/572154_A01_79506abf-656e-441c-8d93-90d28755eefb.jpg\" \/>\n\t<meta property=\"og:image:width\" content=\"1000\" \/>\n\t<meta property=\"og:image:height\" content=\"1000\" \/>\n\t<meta property=\"og:image:type\" content=\"image\/jpeg\" \/>\n<meta name=\"twitter:card\" content=\"summary_large_image\" \/>\n<meta name=\"twitter:label1\" content=\"Est. reading time\" \/>\n\t<meta name=\"twitter:data1\" content=\"1 minute\" \/>\n<script type=\"application\/ld+json\" class=\"yoast-schema-graph\">{\"@context\":\"https:\/\/schema.org\",\"@graph\":[{\"@type\":\"WebPage\",\"@id\":\"https:\/\/autravail.ca\/product\/572154-soulier-de-travail-motion-mellow-walk\/\",\"url\":\"https:\/\/autravail.ca\/product\/572154-soulier-de-travail-motion-mellow-walk\/\",\"name\":\"572154 - SOULIER DE TRAVAIL, MOTION - MELLOW WALK - Le Magasin Industriel\",\"isPartOf\":{\"@id\":\"https:\/\/autravail.ca\/#website\"},\"primaryImageOfPage\":{\"@id\":\"https:\/\/autravail.ca\/product\/572154-soulier-de-travail-motion-mellow-walk\/#primaryimage\"},\"image\":{\"@id\":\"https:\/\/autravail.ca\/product\/572154-soulier-de-travail-motion-mellow-walk\/#primaryimage\"},\"thumbnailUrl\":\"https:\/\/autravail.ca\/wp-content\/uploads\/2025\/05\/572154_A01_79506abf-656e-441c-8d93-90d28755eefb.jpg\",\"datePublished\":\"2025-05-08T06:29:10+00:00\",\"dateModified\":\"2025-12-05T09:11:23+00:00\",\"breadcrumb\":{\"@id\":\"https:\/\/autravail.ca\/product\/572154-soulier-de-travail-motion-mellow-walk\/#breadcrumb\"},\"inLanguage\":\"en-CA\",\"potentialAction\":[{\"@type\":\"ReadAction\",\"target\":[\"https:\/\/autravail.ca\/product\/572154-soulier-de-travail-motion-mellow-walk\/\"]}]},{\"@type\":\"ImageObject\",\"inLanguage\":\"en-CA\",\"@id\":\"https:\/\/autravail.ca\/product\/572154-soulier-de-travail-motion-mellow-walk\/#primaryimage\",\"url\":\"https:\/\/autravail.ca\/wp-content\/uploads\/2025\/05\/572154_A01_79506abf-656e-441c-8d93-90d28755eefb.jpg\",\"contentUrl\":\"https:\/\/autravail.ca\/wp-content\/uploads\/2025\/05\/572154_A01_79506abf-656e-441c-8d93-90d28755eefb.jpg\",\"width\":1000,\"height\":1000},{\"@type\":\"BreadcrumbList\",\"@id\":\"https:\/\/autravail.ca\/product\/572154-soulier-de-travail-motion-mellow-walk\/#breadcrumb\",\"itemListElement\":[{\"@type\":\"ListItem\",\"position\":1,\"name\":\"Accueil\",\"item\":\"https:\/\/autravail.ca\/\"},{\"@type\":\"ListItem\",\"position\":2,\"name\":\"Magasin\",\"item\":\"https:\/\/autravail.ca\/en\/shop\/\"},{\"@type\":\"ListItem\",\"position\":3,\"name\":\"572154 &#8211; SOULIER DE TRAVAIL, MOTION &#8211; MELLOW WALK\"}]},{\"@type\":\"WebSite\",\"@id\":\"https:\/\/autravail.ca\/#website\",\"url\":\"https:\/\/autravail.ca\/\",\"name\":\"Le Magasin Industriel\",\"description\":\"50 ans de tradition de s\u00e9curit\u00e9 au travail\",\"publisher\":{\"@id\":\"https:\/\/autravail.ca\/#organization\"},\"potentialAction\":[{\"@type\":\"SearchAction\",\"target\":{\"@type\":\"EntryPoint\",\"urlTemplate\":\"https:\/\/autravail.ca\/?s={search_term_string}\"},\"query-input\":{\"@type\":\"PropertyValueSpecification\",\"valueRequired\":true,\"valueName\":\"search_term_string\"}}],\"inLanguage\":\"en-CA\"},{\"@type\":\"Organization\",\"@id\":\"https:\/\/autravail.ca\/#organization\",\"name\":\"Le Magasin Industriel\",\"url\":\"https:\/\/autravail.ca\/\",\"logo\":{\"@type\":\"ImageObject\",\"inLanguage\":\"en-CA\",\"@id\":\"https:\/\/autravail.ca\/#\/schema\/logo\/image\/\",\"url\":\"https:\/\/autravail.ca\/wp-content\/uploads\/2025\/05\/cropped-magasin_industriel_120x.avif\",\"contentUrl\":\"https:\/\/autravail.ca\/wp-content\/uploads\/2025\/05\/cropped-magasin_industriel_120x.avif\",\"width\":120,\"height\":24,\"caption\":\"Le Magasin Industriel\"},\"image\":{\"@id\":\"https:\/\/autravail.ca\/#\/schema\/logo\/image\/\"},\"sameAs\":[\"https:\/\/www.facebook.com\/lemagasinindustriel\/?locale=fr_FR\"]}]}<\/script>\n<!-- \/ Yoast SEO plugin. -->","yoast_head_json":{"title":"572154 - SOULIER DE TRAVAIL, MOTION - MELLOW WALK - Le Magasin Industriel","robots":{"index":"index","follow":"follow","max-snippet":"max-snippet:-1","max-image-preview":"max-image-preview:large","max-video-preview":"max-video-preview:-1"},"canonical":"https:\/\/autravail.ca\/en\/product\/572154-soulier-de-travail-motion-mellow-walk\/","og_locale":"en_US","og_type":"article","og_title":"572154 - SOULIER DE TRAVAIL, MOTION - MELLOW WALK - Le Magasin Industriel","og_description":"Soulier de s\u00e9curit\u00e9, Motion SD+\u00a0 &#8211; Mellow Walk La nouvelle Motion au style athl\u00e9tique perp\u00e9tue l&rsquo;h\u00e9ritage de Mellow Walk en mati\u00e8re de cr\u00e9ation de chaussures de s\u00e9curit\u00e9 \u00e9l\u00e9gantes et bien ajust\u00e9es. Les proportions surdimensionn\u00e9es de Motion cr\u00e9ent une surface de marche tr\u00e8s confortable, id\u00e9ale pour de nombreux environnements de travail en int\u00e9rieur. L\u00e9ger et sans [&hellip;]","og_url":"https:\/\/autravail.ca\/en\/product\/572154-soulier-de-travail-motion-mellow-walk\/","og_site_name":"Le Magasin Industriel","article_publisher":"https:\/\/www.facebook.com\/lemagasinindustriel\/?locale=fr_FR","article_modified_time":"2025-12-05T09:11:23+00:00","og_image":[{"width":1000,"height":1000,"url":"https:\/\/autravail.ca\/wp-content\/uploads\/2025\/05\/572154_A01_79506abf-656e-441c-8d93-90d28755eefb.jpg","type":"image\/jpeg"}],"twitter_card":"summary_large_image","twitter_misc":{"Est. reading time":"1 minute"},"schema":{"@context":"https:\/\/schema.org","@graph":[{"@type":"WebPage","@id":"https:\/\/autravail.ca\/product\/572154-soulier-de-travail-motion-mellow-walk\/","url":"https:\/\/autravail.ca\/product\/572154-soulier-de-travail-motion-mellow-walk\/","name":"572154 - SOULIER DE TRAVAIL, MOTION - MELLOW WALK - Le Magasin Industriel","isPartOf":{"@id":"https:\/\/autravail.ca\/#website"},"primaryImageOfPage":{"@id":"https:\/\/autravail.ca\/product\/572154-soulier-de-travail-motion-mellow-walk\/#primaryimage"},"image":{"@id":"https:\/\/autravail.ca\/product\/572154-soulier-de-travail-motion-mellow-walk\/#primaryimage"},"thumbnailUrl":"https:\/\/autravail.ca\/wp-content\/uploads\/2025\/05\/572154_A01_79506abf-656e-441c-8d93-90d28755eefb.jpg","datePublished":"2025-05-08T06:29:10+00:00","dateModified":"2025-12-05T09:11:23+00:00","breadcrumb":{"@id":"https:\/\/autravail.ca\/product\/572154-soulier-de-travail-motion-mellow-walk\/#breadcrumb"},"inLanguage":"en-CA","potentialAction":[{"@type":"ReadAction","target":["https:\/\/autravail.ca\/product\/572154-soulier-de-travail-motion-mellow-walk\/"]}]},{"@type":"ImageObject","inLanguage":"en-CA","@id":"https:\/\/autravail.ca\/product\/572154-soulier-de-travail-motion-mellow-walk\/#primaryimage","url":"https:\/\/autravail.ca\/wp-content\/uploads\/2025\/05\/572154_A01_79506abf-656e-441c-8d93-90d28755eefb.jpg","contentUrl":"https:\/\/autravail.ca\/wp-content\/uploads\/2025\/05\/572154_A01_79506abf-656e-441c-8d93-90d28755eefb.jpg","width":1000,"height":1000},{"@type":"BreadcrumbList","@id":"https:\/\/autravail.ca\/product\/572154-soulier-de-travail-motion-mellow-walk\/#breadcrumb","itemListElement":[{"@type":"ListItem","position":1,"name":"Accueil","item":"https:\/\/autravail.ca\/"},{"@type":"ListItem","position":2,"name":"Magasin","item":"https:\/\/autravail.ca\/en\/shop\/"},{"@type":"ListItem","position":3,"name":"572154 &#8211; SOULIER DE TRAVAIL, MOTION &#8211; MELLOW WALK"}]},{"@type":"WebSite","@id":"https:\/\/autravail.ca\/#website","url":"https:\/\/autravail.ca\/","name":"Le Magasin Industriel","description":"50 ans de tradition de s\u00e9curit\u00e9 au travail","publisher":{"@id":"https:\/\/autravail.ca\/#organization"},"potentialAction":[{"@type":"SearchAction","target":{"@type":"EntryPoint","urlTemplate":"https:\/\/autravail.ca\/?s={search_term_string}"},"query-input":{"@type":"PropertyValueSpecification","valueRequired":true,"valueName":"search_term_string"}}],"inLanguage":"en-CA"},{"@type":"Organization","@id":"https:\/\/autravail.ca\/#organization","name":"Le Magasin Industriel","url":"https:\/\/autravail.ca\/","logo":{"@type":"ImageObject","inLanguage":"en-CA","@id":"https:\/\/autravail.ca\/#\/schema\/logo\/image\/","url":"https:\/\/autravail.ca\/wp-content\/uploads\/2025\/05\/cropped-magasin_industriel_120x.avif","contentUrl":"https:\/\/autravail.ca\/wp-content\/uploads\/2025\/05\/cropped-magasin_industriel_120x.avif","width":120,"height":24,"caption":"Le Magasin Industriel"},"image":{"@id":"https:\/\/autravail.ca\/#\/schema\/logo\/image\/"},"sameAs":["https:\/\/www.facebook.com\/lemagasinindustriel\/?locale=fr_FR"]}]}},"jetpack_sharing_enabled":true,"_links":{"self":[{"href":"https:\/\/autravail.ca\/en\/wp-json\/wp\/v2\/product\/28760","targetHints":{"allow":["GET"]}}],"collection":[{"href":"https:\/\/autravail.ca\/en\/wp-json\/wp\/v2\/product"}],"about":[{"href":"https:\/\/autravail.ca\/en\/wp-json\/wp\/v2\/types\/product"}],"replies":[{"embeddable":true,"href":"https:\/\/autravail.ca\/en\/wp-json\/wp\/v2\/comments?post=28760"}],"wp:featuredmedia":[{"embeddable":true,"href":"https:\/\/autravail.ca\/en\/wp-json\/wp\/v2\/media\/12271"}],"wp:attachment":[{"href":"https:\/\/autravail.ca\/en\/wp-json\/wp\/v2\/media?parent=28760"}],"wp:term":[{"taxonomy":"product_cat","embeddable":true,"href":"https:\/\/autravail.ca\/en\/wp-json\/wp\/v2\/product_cat?post=28760"},{"taxonomy":"product_tag","embeddable":true,"href":"https:\/\/autravail.ca\/en\/wp-json\/wp\/v2\/product_tag?post=28760"}],"curies":[{"name":"wp","href":"https:\/\/api.w.org\/{rel}","templated":true}]}}