{"id":28581,"date":"2025-05-08T06:28:09","date_gmt":"2025-05-08T06:28:09","guid":{"rendered":"https:\/\/meteoquebec.ca\/?post_type=product&#038;p=28581"},"modified":"2026-03-04T19:27:53","modified_gmt":"2026-03-04T23:27:53","slug":"botte-de-travail-ultra-legere-royer-5700gtr","status":"publish","type":"product","link":"https:\/\/autravail.ca\/en\/product\/botte-de-travail-ultra-legere-royer-5700gtr\/","title":{"rendered":"Botte de travail Ultra-l\u00e9g\u00e8re Royer &#8211; 5700GTR"},"content":{"rendered":"<h3>Botte de travail Ultra-l\u00e9g\u00e8re Royer &#8211; 5700GTR<\/h3>\n<p>Botte de travail Ultra-l\u00e9g\u00e8re <a href=\"https:\/\/autravail.ca\/en\/product-brand\/royer\/\">Royer<\/a> &#8211; 5700GTR est une botte de travail de 8 pouces ultra-l\u00e9g\u00e8re et sans m\u00e9tal, faisant partie de la collection\u00a0<strong class=\"Yjhzub\" data-complete=\"true\" data-processed=\"true\">Agilit\u00e9 Reboot<\/strong>\u00a0et reconnue pour son confort et sa durabilit\u00e9. Sa semelle rouge distinctive est un symbole de la relance et de la force des travailleurs canadiens.<\/p>\n<p><img decoding=\"async\" class=\"alignnone size-full wp-image-40117\" src=\"https:\/\/autravail.ca\/wp-content\/uploads\/2025\/09\/Certification-Omega-Triangle-vert.jpg\" alt=\"Certifications Om\u00e9ga Triangle vert\" width=\"193\" height=\"110\" srcset=\"https:\/\/autravail.ca\/wp-content\/uploads\/2025\/09\/Certification-Omega-Triangle-vert.jpg 193w, https:\/\/autravail.ca\/wp-content\/uploads\/2025\/09\/Certification-Omega-Triangle-vert-150x85.jpg 150w, https:\/\/autravail.ca\/wp-content\/uploads\/2025\/09\/Certification-Omega-Triangle-vert-18x10.jpg 18w\" sizes=\"(max-width: 193px) 100vw, 193px\" \/><\/p>\n<h6 class=\"otQkpb\" role=\"heading\" aria-level=\"3\" data-processed=\"true\" data-complete=\"true\">Caract\u00e9ristiques Techniques<button class=\"rBl3me\" tabindex=\"0\" data-amic=\"true\" data-icl-uuid=\"6569b99d-fc4b-463d-b529-90b7bf5bea17\" aria-label=\"Afficher les liens associ\u00e9s\" data-wiz-attrbind=\"disabled=b3uJrc_l\/C5gNJc;aria-label=b3uJrc_l\/bOjMyf;class=b3uJrc_l\/UpSNec\" data-ved=\"2ahUKEwiB_7W_74uSAxW7ElkFHRisFNYQye0OegYIAQgDEAA\"><\/button><\/h6>\n<ul class=\"KsbFXc U6u95\" data-complete=\"true\" data-processed=\"true\">\n<li data-hveid=\"CAEIBBAA\" data-complete=\"true\" data-sae=\"\"><span class=\"T286Pc\" data-sfc-cp=\"\" data-complete=\"true\">Botte montante de <strong class=\"Yjhzub\" data-complete=\"true\">8 pouces<\/strong>\u00a0pour un soutien accru de la cheville lors des d\u00e9placements r\u00e9p\u00e9t\u00e9s sur terrains irr\u00e9guliers.<\/span><\/li>\n<li data-hveid=\"CAEIBBAB\" data-complete=\"true\" data-sae=\"\"><span class=\"T286Pc\" data-sfc-cp=\"\" data-complete=\"true\">Combinaison de <strong class=\"Yjhzub\" data-complete=\"true\">cuir pleine fleur r\u00e9sistant \u00e0 l&rsquo;eau<\/strong>\u00a0et de\u00a0<strong class=\"Yjhzub\" data-complete=\"true\">textile fortifi\u00e9 SHIELDTEX r\u00e9sistant \u00e0 l&rsquo;abrasion<\/strong>.<\/span><\/li>\n<li data-hveid=\"CAEIBBAC\" data-complete=\"true\" data-sae=\"\"><span class=\"T286Pc\" data-sfc-cp=\"\" data-complete=\"true\">Enti\u00e8rement <strong class=\"Yjhzub\" data-complete=\"true\">sans m\u00e9tal<\/strong>, elle est munie d&rsquo;un\u00a0<strong class=\"Yjhzub\" data-complete=\"true\">embout de protection en composite<\/strong>\u00a0et d&rsquo;une\u00a0<strong class=\"Yjhzub\" data-complete=\"true\">semelle antiperforation non m\u00e9tallique<\/strong>.<\/span><\/li>\n<li data-hveid=\"CAEIBBAD\" data-complete=\"true\" data-sae=\"\"><span class=\"T286Pc\" data-sfc-cp=\"\" data-complete=\"true\"><strong class=\"Yjhzub\" data-complete=\"true\">Semelle :<\/strong><\/span>\n<ul class=\"KsbFXc U6u95\" data-complete=\"true\">\n<li data-hveid=\"CAEIBBAE\" data-complete=\"true\" data-sae=\"\"><span class=\"T286Pc\" data-sfc-cp=\"\" data-complete=\"true\"><strong class=\"Yjhzub\" data-complete=\"true\">Intercalaire :<\/strong>\u00a0Fabriqu\u00e9e en PU (polyur\u00e9thane) par injection directe.<\/span><\/li>\n<li data-hveid=\"CAEIBBAF\" data-complete=\"true\" data-sae=\"\"><span class=\"T286Pc\" data-sfc-cp=\"\" data-complete=\"true\"><strong class=\"Yjhzub\" data-complete=\"true\">Usure :<\/strong>\u00a0En\u00a0<strong class=\"Yjhzub\" data-complete=\"true\">caoutchouc adh\u00e9rent<\/strong>\u00a0de couleur rouge, r\u00e9sistante \u00e0 l&rsquo;huile et au glissement (certifi\u00e9e ASTM SR).<\/span><\/li>\n<\/ul>\n<\/li>\n<li data-hveid=\"CAEIBBAG\" data-complete=\"true\" data-sae=\"\"><span class=\"T286Pc\" data-sfc-cp=\"\" data-complete=\"true\">Int\u00e8gre un <strong class=\"Yjhzub\" data-complete=\"true\">embout ext\u00e9rieur PARESHOK<\/strong>\u00a0en TPU ultra-r\u00e9sistant pour prot\u00e9ger l&rsquo;avant de la botte.<\/span><\/li>\n<li data-hveid=\"CAEIBBAH\" data-complete=\"true\" data-sae=\"\"><span class=\"T286Pc\" data-sfc-cp=\"\" data-complete=\"true\">Inclut une <strong class=\"Yjhzub\" data-complete=\"true\">semelle de propret\u00e9 R-LITE<\/strong>\u00a0amovible, confortable et respirante.<\/span><\/li>\n<li data-hveid=\"CAEIBBAI\" data-complete=\"true\" data-sae=\"\"><span class=\"T286Pc\" data-sfc-cp=\"\" data-complete=\"true\">Respecte les normes <strong class=\"Yjhzub\" data-complete=\"true\">CSA Z195-14<\/strong>\u00a0et\u00a0<strong class=\"Yjhzub\" data-complete=\"true\">ASTM F2413-11 I\/75 C\/75 EH PR<\/strong>\u00a0pour la protection \u00e9lectrique et la r\u00e9sistance \u00e0 la perforation.<\/span><\/li>\n<li data-hveid=\"CAEIBBAJ\" data-complete=\"true\" data-sae=\"\"><span class=\"T286Pc\" data-sfc-cp=\"\" data-complete=\"true\">Ce mod\u00e8le est fi\u00e8rement <strong class=\"Yjhzub\" data-complete=\"true\">assembl\u00e9 au Canada<\/strong>, dans l&rsquo;usine de Sherbrooke.<\/span><\/li>\n<\/ul>\n<p>Les utilisateurs du mod\u00e8le 5700GTR louent son\u00a0<strong class=\"Yjhzub\" data-complete=\"true\" data-processed=\"true\">confort exceptionnel<\/strong> et sa\u00a0<strong class=\"Yjhzub\" data-complete=\"true\" data-processed=\"true\">l\u00e9g\u00e8ret\u00e9 surprenante<\/strong> pour une botte de 8 pouces. Sa flexibilit\u00e9, son confort et sa durabilit\u00e9 la rendent id\u00e9ale pour de longues heures de travail, que ce soit en milieu industriel l\u00e9ger, en atelier ou pour d&rsquo;autres usages professionnels exigeant une protection compl\u00e8te.<\/p>\n<p><em><span style=\"color: #fa0b0b;\">Unisex U.S. men's sizes presented. To convert to U.S. women's size, add 2 sizes. Example: 5 U.S. men = 7 U.S. women<\/span><\/em><\/p>\n<p><img decoding=\"async\" class=\"alignnone wp-image-40620\" src=\"https:\/\/autravail.ca\/wp-content\/uploads\/2025\/09\/Jachete-quebec-et-canada.jpg\" alt=\"Logo de l'achat local\" width=\"162\" height=\"139\" \/>Merci d&rsquo;encourager une entreprise 100% d&rsquo;ici!<\/p>\n<p>TS2601H<\/p>","protected":false},"excerpt":{"rendered":"<p>Botte de travail Ultra-l\u00e9g\u00e8re Royer &#8211; 5700GTR Botte de travail Ultra-l\u00e9g\u00e8re Royer &#8211; 5700GTR est une botte de travail de 8 pouces ultra-l\u00e9g\u00e8re et sans m\u00e9tal, faisant partie de la collection\u00a0Agilit\u00e9 Reboot\u00a0et reconnue pour son confort et sa durabilit\u00e9. Sa semelle rouge distinctive est un symbole de la relance et de la force des travailleurs [&hellip;]<\/p>","protected":false},"featured_media":12065,"comment_status":"open","ping_status":"closed","template":"","meta":[],"product_cat":[613,602,637],"product_tag":[251,252,242,261,278,253],"class_list":{"0":"post-28581","1":"product","2":"type-product","3":"status-publish","4":"has-post-thumbnail","6":"product_brand-royer","7":"product_cat-bottes-de-travail","8":"product_cat-hommes","9":"product_cat-nos-modeles-populaires","10":"product_tag-bottes-de-travail","11":"product_tag-electric-shock-resistant","12":"product_tag-homme","13":"product_tag-novago","14":"product_tag-populaire","15":"product_tag-sole-protection","17":"first","18":"instock","19":"taxable","20":"shipping-taxable","21":"purchasable","22":"product-type-variable"},"yoast_head":"<!-- This site is optimized with the Yoast SEO plugin v25.3.1 - https:\/\/yoast.com\/wordpress\/plugins\/seo\/ -->\n<title>Botte de travail Ultra-l\u00e9g\u00e8re Royer - 5700GTR - Le Magasin Industriel<\/title>\n<meta name=\"description\" content=\"Botte de travail Ultra-l\u00e9g\u00e8re Royer - 5700GTR, homologu\u00e9es CSA, r\u00e9sistante \u00e0 la perforation, embout en composite, pour homme\" \/>\n<meta name=\"robots\" content=\"index, follow, max-snippet:-1, max-image-preview:large, max-video-preview:-1\" \/>\n<link rel=\"canonical\" href=\"https:\/\/autravail.ca\/en\/product\/botte-de-travail-ultra-legere-royer-5700gtr\/\" \/>\n<meta property=\"og:locale\" content=\"en_US\" \/>\n<meta property=\"og:type\" content=\"article\" \/>\n<meta property=\"og:title\" content=\"Botte de travail Ultra-l\u00e9g\u00e8re Royer - 5700GTR - Le Magasin Industriel\" \/>\n<meta property=\"og:description\" content=\"Botte de travail Ultra-l\u00e9g\u00e8re Royer - 5700GTR, homologu\u00e9es CSA, r\u00e9sistante \u00e0 la perforation, embout en composite, pour homme\" \/>\n<meta property=\"og:url\" content=\"https:\/\/autravail.ca\/en\/product\/botte-de-travail-ultra-legere-royer-5700gtr\/\" \/>\n<meta property=\"og:site_name\" content=\"Le Magasin Industriel\" \/>\n<meta property=\"article:publisher\" content=\"https:\/\/www.facebook.com\/lemagasinindustriel\/?locale=fr_FR\" \/>\n<meta property=\"article:modified_time\" content=\"2026-03-04T23:27:53+00:00\" \/>\n<meta property=\"og:image\" content=\"https:\/\/autravail.ca\/wp-content\/uploads\/2025\/05\/5700GTR_A01.jpg\" \/>\n\t<meta property=\"og:image:width\" content=\"1000\" \/>\n\t<meta property=\"og:image:height\" content=\"1000\" \/>\n\t<meta property=\"og:image:type\" content=\"image\/jpeg\" \/>\n<meta name=\"twitter:card\" content=\"summary_large_image\" \/>\n<meta name=\"twitter:label1\" content=\"Est. reading time\" \/>\n\t<meta name=\"twitter:data1\" content=\"3 minutes\" \/>\n<script type=\"application\/ld+json\" class=\"yoast-schema-graph\">{\"@context\":\"https:\/\/schema.org\",\"@graph\":[{\"@type\":\"WebPage\",\"@id\":\"https:\/\/autravail.ca\/product\/botte-de-travail-ultra-legere-royer-5700gtr\/\",\"url\":\"https:\/\/autravail.ca\/product\/botte-de-travail-ultra-legere-royer-5700gtr\/\",\"name\":\"Botte de travail Ultra-l\u00e9g\u00e8re Royer - 5700GTR - Le Magasin Industriel\",\"isPartOf\":{\"@id\":\"https:\/\/autravail.ca\/#website\"},\"primaryImageOfPage\":{\"@id\":\"https:\/\/autravail.ca\/product\/botte-de-travail-ultra-legere-royer-5700gtr\/#primaryimage\"},\"image\":{\"@id\":\"https:\/\/autravail.ca\/product\/botte-de-travail-ultra-legere-royer-5700gtr\/#primaryimage\"},\"thumbnailUrl\":\"https:\/\/autravail.ca\/wp-content\/uploads\/2025\/05\/5700GTR_A01.jpg\",\"datePublished\":\"2025-05-08T06:28:09+00:00\",\"dateModified\":\"2026-03-04T23:27:53+00:00\",\"description\":\"Botte de travail Ultra-l\u00e9g\u00e8re Royer - 5700GTR, homologu\u00e9es CSA, r\u00e9sistante \u00e0 la perforation, embout en composite, pour homme\",\"breadcrumb\":{\"@id\":\"https:\/\/autravail.ca\/product\/botte-de-travail-ultra-legere-royer-5700gtr\/#breadcrumb\"},\"inLanguage\":\"en-CA\",\"potentialAction\":[{\"@type\":\"ReadAction\",\"target\":[\"https:\/\/autravail.ca\/product\/botte-de-travail-ultra-legere-royer-5700gtr\/\"]}]},{\"@type\":\"ImageObject\",\"inLanguage\":\"en-CA\",\"@id\":\"https:\/\/autravail.ca\/product\/botte-de-travail-ultra-legere-royer-5700gtr\/#primaryimage\",\"url\":\"https:\/\/autravail.ca\/wp-content\/uploads\/2025\/05\/5700GTR_A01.jpg\",\"contentUrl\":\"https:\/\/autravail.ca\/wp-content\/uploads\/2025\/05\/5700GTR_A01.jpg\",\"width\":1000,\"height\":1000},{\"@type\":\"BreadcrumbList\",\"@id\":\"https:\/\/autravail.ca\/product\/botte-de-travail-ultra-legere-royer-5700gtr\/#breadcrumb\",\"itemListElement\":[{\"@type\":\"ListItem\",\"position\":1,\"name\":\"Accueil\",\"item\":\"https:\/\/autravail.ca\/\"},{\"@type\":\"ListItem\",\"position\":2,\"name\":\"Magasin\",\"item\":\"https:\/\/autravail.ca\/en\/shop\/\"},{\"@type\":\"ListItem\",\"position\":3,\"name\":\"Botte de travail Ultra-l\u00e9g\u00e8re Royer &#8211; 5700GTR\"}]},{\"@type\":\"WebSite\",\"@id\":\"https:\/\/autravail.ca\/#website\",\"url\":\"https:\/\/autravail.ca\/\",\"name\":\"Le Magasin Industriel\",\"description\":\"50 ans de tradition de s\u00e9curit\u00e9 au travail\",\"publisher\":{\"@id\":\"https:\/\/autravail.ca\/#organization\"},\"potentialAction\":[{\"@type\":\"SearchAction\",\"target\":{\"@type\":\"EntryPoint\",\"urlTemplate\":\"https:\/\/autravail.ca\/?s={search_term_string}\"},\"query-input\":{\"@type\":\"PropertyValueSpecification\",\"valueRequired\":true,\"valueName\":\"search_term_string\"}}],\"inLanguage\":\"en-CA\"},{\"@type\":\"Organization\",\"@id\":\"https:\/\/autravail.ca\/#organization\",\"name\":\"Le Magasin Industriel\",\"url\":\"https:\/\/autravail.ca\/\",\"logo\":{\"@type\":\"ImageObject\",\"inLanguage\":\"en-CA\",\"@id\":\"https:\/\/autravail.ca\/#\/schema\/logo\/image\/\",\"url\":\"https:\/\/autravail.ca\/wp-content\/uploads\/2025\/05\/cropped-magasin_industriel_120x.avif\",\"contentUrl\":\"https:\/\/autravail.ca\/wp-content\/uploads\/2025\/05\/cropped-magasin_industriel_120x.avif\",\"width\":120,\"height\":24,\"caption\":\"Le Magasin Industriel\"},\"image\":{\"@id\":\"https:\/\/autravail.ca\/#\/schema\/logo\/image\/\"},\"sameAs\":[\"https:\/\/www.facebook.com\/lemagasinindustriel\/?locale=fr_FR\"]}]}<\/script>\n<!-- \/ Yoast SEO plugin. -->","yoast_head_json":{"title":"Botte de travail Ultra-l\u00e9g\u00e8re Royer - 5700GTR - Le Magasin Industriel","description":"Botte de travail Ultra-l\u00e9g\u00e8re Royer - 5700GTR, homologu\u00e9es CSA, r\u00e9sistante \u00e0 la perforation, embout en composite, pour homme","robots":{"index":"index","follow":"follow","max-snippet":"max-snippet:-1","max-image-preview":"max-image-preview:large","max-video-preview":"max-video-preview:-1"},"canonical":"https:\/\/autravail.ca\/en\/product\/botte-de-travail-ultra-legere-royer-5700gtr\/","og_locale":"en_US","og_type":"article","og_title":"Botte de travail Ultra-l\u00e9g\u00e8re Royer - 5700GTR - Le Magasin Industriel","og_description":"Botte de travail Ultra-l\u00e9g\u00e8re Royer - 5700GTR, homologu\u00e9es CSA, r\u00e9sistante \u00e0 la perforation, embout en composite, pour homme","og_url":"https:\/\/autravail.ca\/en\/product\/botte-de-travail-ultra-legere-royer-5700gtr\/","og_site_name":"Le Magasin Industriel","article_publisher":"https:\/\/www.facebook.com\/lemagasinindustriel\/?locale=fr_FR","article_modified_time":"2026-03-04T23:27:53+00:00","og_image":[{"width":1000,"height":1000,"url":"https:\/\/autravail.ca\/wp-content\/uploads\/2025\/05\/5700GTR_A01.jpg","type":"image\/jpeg"}],"twitter_card":"summary_large_image","twitter_misc":{"Est. reading time":"3 minutes"},"schema":{"@context":"https:\/\/schema.org","@graph":[{"@type":"WebPage","@id":"https:\/\/autravail.ca\/product\/botte-de-travail-ultra-legere-royer-5700gtr\/","url":"https:\/\/autravail.ca\/product\/botte-de-travail-ultra-legere-royer-5700gtr\/","name":"Botte de travail Ultra-l\u00e9g\u00e8re Royer - 5700GTR - Le Magasin Industriel","isPartOf":{"@id":"https:\/\/autravail.ca\/#website"},"primaryImageOfPage":{"@id":"https:\/\/autravail.ca\/product\/botte-de-travail-ultra-legere-royer-5700gtr\/#primaryimage"},"image":{"@id":"https:\/\/autravail.ca\/product\/botte-de-travail-ultra-legere-royer-5700gtr\/#primaryimage"},"thumbnailUrl":"https:\/\/autravail.ca\/wp-content\/uploads\/2025\/05\/5700GTR_A01.jpg","datePublished":"2025-05-08T06:28:09+00:00","dateModified":"2026-03-04T23:27:53+00:00","description":"Botte de travail Ultra-l\u00e9g\u00e8re Royer - 5700GTR, homologu\u00e9es CSA, r\u00e9sistante \u00e0 la perforation, embout en composite, pour homme","breadcrumb":{"@id":"https:\/\/autravail.ca\/product\/botte-de-travail-ultra-legere-royer-5700gtr\/#breadcrumb"},"inLanguage":"en-CA","potentialAction":[{"@type":"ReadAction","target":["https:\/\/autravail.ca\/product\/botte-de-travail-ultra-legere-royer-5700gtr\/"]}]},{"@type":"ImageObject","inLanguage":"en-CA","@id":"https:\/\/autravail.ca\/product\/botte-de-travail-ultra-legere-royer-5700gtr\/#primaryimage","url":"https:\/\/autravail.ca\/wp-content\/uploads\/2025\/05\/5700GTR_A01.jpg","contentUrl":"https:\/\/autravail.ca\/wp-content\/uploads\/2025\/05\/5700GTR_A01.jpg","width":1000,"height":1000},{"@type":"BreadcrumbList","@id":"https:\/\/autravail.ca\/product\/botte-de-travail-ultra-legere-royer-5700gtr\/#breadcrumb","itemListElement":[{"@type":"ListItem","position":1,"name":"Accueil","item":"https:\/\/autravail.ca\/"},{"@type":"ListItem","position":2,"name":"Magasin","item":"https:\/\/autravail.ca\/en\/shop\/"},{"@type":"ListItem","position":3,"name":"Botte de travail Ultra-l\u00e9g\u00e8re Royer &#8211; 5700GTR"}]},{"@type":"WebSite","@id":"https:\/\/autravail.ca\/#website","url":"https:\/\/autravail.ca\/","name":"Le Magasin Industriel","description":"50 ans de tradition de s\u00e9curit\u00e9 au travail","publisher":{"@id":"https:\/\/autravail.ca\/#organization"},"potentialAction":[{"@type":"SearchAction","target":{"@type":"EntryPoint","urlTemplate":"https:\/\/autravail.ca\/?s={search_term_string}"},"query-input":{"@type":"PropertyValueSpecification","valueRequired":true,"valueName":"search_term_string"}}],"inLanguage":"en-CA"},{"@type":"Organization","@id":"https:\/\/autravail.ca\/#organization","name":"Le Magasin Industriel","url":"https:\/\/autravail.ca\/","logo":{"@type":"ImageObject","inLanguage":"en-CA","@id":"https:\/\/autravail.ca\/#\/schema\/logo\/image\/","url":"https:\/\/autravail.ca\/wp-content\/uploads\/2025\/05\/cropped-magasin_industriel_120x.avif","contentUrl":"https:\/\/autravail.ca\/wp-content\/uploads\/2025\/05\/cropped-magasin_industriel_120x.avif","width":120,"height":24,"caption":"Le Magasin Industriel"},"image":{"@id":"https:\/\/autravail.ca\/#\/schema\/logo\/image\/"},"sameAs":["https:\/\/www.facebook.com\/lemagasinindustriel\/?locale=fr_FR"]}]}},"jetpack_sharing_enabled":true,"_links":{"self":[{"href":"https:\/\/autravail.ca\/en\/wp-json\/wp\/v2\/product\/28581","targetHints":{"allow":["GET"]}}],"collection":[{"href":"https:\/\/autravail.ca\/en\/wp-json\/wp\/v2\/product"}],"about":[{"href":"https:\/\/autravail.ca\/en\/wp-json\/wp\/v2\/types\/product"}],"replies":[{"embeddable":true,"href":"https:\/\/autravail.ca\/en\/wp-json\/wp\/v2\/comments?post=28581"}],"wp:featuredmedia":[{"embeddable":true,"href":"https:\/\/autravail.ca\/en\/wp-json\/wp\/v2\/media\/12065"}],"wp:attachment":[{"href":"https:\/\/autravail.ca\/en\/wp-json\/wp\/v2\/media?parent=28581"}],"wp:term":[{"taxonomy":"product_cat","embeddable":true,"href":"https:\/\/autravail.ca\/en\/wp-json\/wp\/v2\/product_cat?post=28581"},{"taxonomy":"product_tag","embeddable":true,"href":"https:\/\/autravail.ca\/en\/wp-json\/wp\/v2\/product_tag?post=28581"}],"curies":[{"name":"wp","href":"https:\/\/api.w.org\/{rel}","templated":true}]}}