{"id":28551,"date":"2025-05-08T06:27:57","date_gmt":"2025-05-08T06:27:57","guid":{"rendered":"https:\/\/meteoquebec.ca\/?post_type=product&#038;p=28551"},"modified":"2026-01-14T16:02:27","modified_gmt":"2026-01-14T20:02:27","slug":"botte-de-travail-romee-royer-5631gt","status":"publish","type":"product","link":"https:\/\/autravail.ca\/en\/product\/botte-de-travail-romee-royer-5631gt\/","title":{"rendered":"Botte de travail Rom\u00e9o Royer &#8211; 5631GT"},"content":{"rendered":"<h3>Botte de travail Rom\u00e9e Royer &#8211; 5631GT<\/h3>\n<p>Botte de travail Rom\u00e9e <a href=\"https:\/\/autravail.ca\/en\/product-brand\/royer\/\">Royer<\/a> &#8211; 5631GT (souvent appel\u00e9 simplement 5631) est le pendant brun du c\u00e9l\u00e8bre bottillon \u00ab\u00a0Romeo\u00a0\u00bb de la collection\u00a0<strong class=\"Yjhzub\" data-complete=\"true\" data-processed=\"true\">Agilit\u00e9<\/strong>. C&rsquo;est une botte de travail de 6 pouces, de type \u00ab\u00a0slip-on\u00a0\u00bb (sans lacets), extr\u00eamement populaire pour sa polyvalence et sa l\u00e9g\u00e8ret\u00e9.<\/p>\n<p><img decoding=\"async\" class=\"alignnone size-full wp-image-40117\" src=\"https:\/\/autravail.ca\/wp-content\/uploads\/2025\/09\/Certification-Omega-Triangle-vert.jpg\" alt=\"Certifications Om\u00e9ga Triangle vert\" width=\"193\" height=\"110\" srcset=\"https:\/\/autravail.ca\/wp-content\/uploads\/2025\/09\/Certification-Omega-Triangle-vert.jpg 193w, https:\/\/autravail.ca\/wp-content\/uploads\/2025\/09\/Certification-Omega-Triangle-vert-150x85.jpg 150w, https:\/\/autravail.ca\/wp-content\/uploads\/2025\/09\/Certification-Omega-Triangle-vert-18x10.jpg 18w\" sizes=\"(max-width: 193px) 100vw, 193px\" \/><\/p>\n<div class=\"product-information-feature-header\">\n<h6 class=\"otQkpb\" role=\"heading\" aria-level=\"3\" data-processed=\"true\" data-complete=\"true\">Caract\u00e9ristiques Techniques<button class=\"rBl3me\" tabindex=\"0\" data-amic=\"true\" data-icl-uuid=\"60e595a2-9966-452d-adda-c3d6bfe3c89c\" aria-label=\"Afficher les liens associ\u00e9s\" data-wiz-attrbind=\"disabled=foqKSd_j\/C5gNJc;aria-label=foqKSd_j\/bOjMyf;class=foqKSd_j\/UpSNec\" data-ved=\"2ahUKEwjT5IDS3YuSAxW7ElkFHRisFNYQye0OegYIAQgDEAA\"><\/button><\/h6>\n<ul class=\"KsbFXc U6u95\" data-complete=\"true\" data-processed=\"true\">\n<li data-hveid=\"CAEIBBAA\" data-complete=\"true\" data-sae=\"\"><span class=\"T286Pc\" data-sfc-cp=\"\" data-complete=\"true\">Fabriqu\u00e9 en <strong class=\"Yjhzub\" data-complete=\"true\">cuir pleine fleur imperm\u00e9able<\/strong>\u00a0de couleur brune, avec des insertions \u00e9lastiques lat\u00e9rales et des boucles de tirage pour un enfilage rapide.<\/span><\/li>\n<li data-hveid=\"CAEIBBAB\" data-complete=\"true\" data-sae=\"\"><span class=\"T286Pc\" data-sfc-cp=\"\" data-complete=\"true\">Mod\u00e8le <strong class=\"Yjhzub\" data-complete=\"true\">100 % sans m\u00e9tal<\/strong>, incluant un\u00a0<strong class=\"Yjhzub\" data-complete=\"true\">embout de protection en composite<\/strong>\u00a0et une semelle antiperforation non m\u00e9tallique.<\/span><\/li>\n<li data-hveid=\"CAEIBBAC\" data-complete=\"true\" data-sae=\"\"><span class=\"T286Pc\" data-sfc-cp=\"\" data-complete=\"true\">Une semelle en <strong class=\"Yjhzub\" data-complete=\"true\">caoutchouc adh\u00e9rente, <\/strong>r\u00e9sistante aux huiles et certifi\u00e9e pour la protection contre les chocs \u00e9lectriques (EH\/di\u00e9lectrique).<\/span><\/li>\n<li data-hveid=\"CAEIBBAD\" data-complete=\"true\" data-sae=\"\"><span class=\"T286Pc\" data-sfc-cp=\"\" data-complete=\"true\"><strong class=\"Yjhzub\" data-complete=\"true\">Confort :<\/strong>\u00a0Int\u00e8gre une\u00a0<strong class=\"Yjhzub\" data-complete=\"true\">semelle de propret\u00e9 R-LITE<\/strong>\u00a0amovible, reconnue pour \u00eatre respirante et offrir une excellente absorption des chocs.<\/span><\/li>\n<li data-hveid=\"CAEIBBAE\" data-complete=\"true\" data-sae=\"\"><span class=\"T286Pc\" data-sfc-cp=\"\" data-complete=\"true\"><strong class=\"Yjhzub\" data-complete=\"true\">Fabrication :<\/strong>\u00a0Produit fi\u00e8rement\u00a0<strong class=\"Yjhzub\" data-complete=\"true\">assembl\u00e9 au Canada<\/strong>\u00a0dans les usines de\u00a0<span data-sfc-cp=\"\" data-complete=\"true\"><a class=\"H23r4e\" href=\"https:\/\/royer.com\/fr\/products\/5631gt\" target=\"_blank\" rel=\"noopener\" data-hveid=\"CAEIBBAF\">Royer<\/a><\/span>.<\/span><span class=\"uJ19be notranslate\" data-wiz-uids=\"foqKSd_1a,foqKSd_1b\" data-complete=\"true\"><span class=\"vKEkVd\" data-animation-atomic=\"\" data-wiz-attrbind=\"class=foqKSd_19\/TKHnVd\" data-sae=\"\">\u00a0<button class=\"rBl3me\" tabindex=\"0\" data-amic=\"true\" data-icl-uuid=\"312c292c-6981-4deb-8848-35ef90d64f68\" aria-label=\"Afficher les liens associ\u00e9s\" data-wiz-attrbind=\"disabled=foqKSd_19\/C5gNJc;aria-label=foqKSd_19\/bOjMyf;class=foqKSd_19\/UpSNec\" data-ved=\"2ahUKEwjT5IDS3YuSAxW7ElkFHRisFNYQye0OegYIAQgEEAY\"><\/button><\/span><\/span><\/li>\n<\/ul>\n<div class=\"Fsg96\" data-sfc-cp=\"\" data-complete=\"true\" data-processed=\"true\"><\/div>\n<h6 class=\"otQkpb\" role=\"heading\" aria-level=\"3\" data-processed=\"true\" data-complete=\"true\">Points Forts<button class=\"rBl3me\" tabindex=\"0\" data-amic=\"true\" data-icl-uuid=\"d159c0c5-f8f0-4295-b043-9dec1dc99eb3\" aria-label=\"Afficher les liens associ\u00e9s\" data-wiz-attrbind=\"disabled=foqKSd_1l\/C5gNJc;aria-label=foqKSd_1l\/bOjMyf;class=foqKSd_1l\/UpSNec\" data-ved=\"2ahUKEwjT5IDS3YuSAxW7ElkFHRisFNYQye0OegYIAQgFEAA\"><\/button><\/h6>\n<ul class=\"KsbFXc U6u95\" data-complete=\"true\" data-processed=\"true\">\n<li data-hveid=\"CAEIBhAA\" data-complete=\"true\" data-sae=\"\"><span class=\"T286Pc\" data-sfc-cp=\"\" data-complete=\"true\">Con\u00e7u pour r\u00e9duire la fatigue lors de longues journ\u00e9es sur les pieds.<\/span><\/li>\n<li data-hveid=\"CAEIBhAB\" data-complete=\"true\" data-sae=\"\"><span class=\"T286Pc\" data-sfc-cp=\"\" data-complete=\"true\">Son look sobre permet de le porter aussi bien sur un chantier que dans un cadre plus d\u00e9contract\u00e9 apr\u00e8s le travail.<\/span><\/li>\n<li data-hveid=\"CAEIBhAC\" data-complete=\"true\" data-sae=\"\"><span class=\"T286Pc\" data-sfc-cp=\"\" data-complete=\"true\">L&rsquo;absence de lacets \u00e9limine les risques de tr\u00e9buchement et facilite le passage aux points de contr\u00f4le de s\u00e9curit\u00e9 (magn\u00e9tom\u00e8tres).<\/span><\/li>\n<\/ul>\n<p><em><span style=\"color: #fa0b0b;\">Unisex U.S. men's sizes presented. To convert to U.S. women's size, add 2 sizes. Example: 5 U.S. men = 7 U.S. women<\/span><\/em><\/p>\n<p><img decoding=\"async\" class=\"alignnone wp-image-40620\" src=\"https:\/\/autravail.ca\/wp-content\/uploads\/2025\/09\/Jachete-quebec-et-canada.jpg\" alt=\"Logo de l'achat local\" width=\"162\" height=\"139\" \/>Merci d&rsquo;encourager une entreprise 100% d&rsquo;ici!<\/p>\n<p>TS2601H<\/p>\n<\/div>","protected":false},"excerpt":{"rendered":"<p>Botte de travail Rom\u00e9e Royer &#8211; 5631GT Botte de travail Rom\u00e9e Royer &#8211; 5631GT (souvent appel\u00e9 simplement 5631) est le pendant brun du c\u00e9l\u00e8bre bottillon \u00ab\u00a0Romeo\u00a0\u00bb de la collection\u00a0Agilit\u00e9. C&rsquo;est une botte de travail de 6 pouces, de type \u00ab\u00a0slip-on\u00a0\u00bb (sans lacets), extr\u00eamement populaire pour sa polyvalence et sa l\u00e9g\u00e8ret\u00e9. Caract\u00e9ristiques Techniques Fabriqu\u00e9 en cuir [&hellip;]<\/p>","protected":false},"featured_media":12022,"comment_status":"open","ping_status":"closed","template":"","meta":[],"product_cat":[621,633,602],"product_tag":[260,252,255,242,253],"class_list":{"0":"post-28551","1":"product","2":"type-product","3":"status-publish","4":"has-post-thumbnail","6":"product_brand-royer","7":"product_cat-bottes-de-travail-6","8":"product_cat-femmes","9":"product_cat-hommes","10":"product_tag-bottillons-de-travail","11":"product_tag-electric-shock-resistant","12":"product_tag-femme","13":"product_tag-homme","14":"product_tag-sole-protection","16":"first","17":"instock","18":"taxable","19":"shipping-taxable","20":"purchasable","21":"product-type-variable"},"yoast_head":"<!-- This site is optimized with the Yoast SEO plugin v25.3.1 - https:\/\/yoast.com\/wordpress\/plugins\/seo\/ -->\n<title>Botte de travail Rom\u00e9o Royer - 5631GT - Le Magasin Industriel<\/title>\n<meta name=\"description\" content=\"Botte de travail Rom\u00e9e Royer - 5631GT, bottillon 6&#039;&#039;, homologu\u00e9es CSA, r\u00e9sistante \u00e0 la perforation avec embout en composite, pour homme\" \/>\n<meta name=\"robots\" content=\"index, follow, max-snippet:-1, max-image-preview:large, max-video-preview:-1\" \/>\n<link rel=\"canonical\" href=\"https:\/\/autravail.ca\/en\/product\/botte-de-travail-romee-royer-5631gt\/\" \/>\n<meta property=\"og:locale\" content=\"en_US\" \/>\n<meta property=\"og:type\" content=\"article\" \/>\n<meta property=\"og:title\" content=\"Botte de travail Rom\u00e9o Royer - 5631GT - Le Magasin Industriel\" \/>\n<meta property=\"og:description\" content=\"Botte de travail Rom\u00e9e Royer - 5631GT, bottillon 6&#039;&#039;, homologu\u00e9es CSA, r\u00e9sistante \u00e0 la perforation avec embout en composite, pour homme\" \/>\n<meta property=\"og:url\" content=\"https:\/\/autravail.ca\/en\/product\/botte-de-travail-romee-royer-5631gt\/\" \/>\n<meta property=\"og:site_name\" content=\"Le Magasin Industriel\" \/>\n<meta property=\"article:publisher\" content=\"https:\/\/www.facebook.com\/lemagasinindustriel\/?locale=fr_FR\" \/>\n<meta property=\"article:modified_time\" content=\"2026-01-14T20:02:27+00:00\" \/>\n<meta property=\"og:image\" content=\"https:\/\/autravail.ca\/wp-content\/uploads\/2025\/05\/5631GT_A01.jpg\" \/>\n\t<meta property=\"og:image:width\" content=\"1000\" \/>\n\t<meta property=\"og:image:height\" content=\"1000\" \/>\n\t<meta property=\"og:image:type\" content=\"image\/jpeg\" \/>\n<meta name=\"twitter:card\" content=\"summary_large_image\" \/>\n<meta name=\"twitter:label1\" content=\"Est. reading time\" \/>\n\t<meta name=\"twitter:data1\" content=\"2 minutes\" \/>\n<script type=\"application\/ld+json\" class=\"yoast-schema-graph\">{\"@context\":\"https:\/\/schema.org\",\"@graph\":[{\"@type\":\"WebPage\",\"@id\":\"https:\/\/autravail.ca\/product\/botte-de-travail-romee-royer-5631gt\/\",\"url\":\"https:\/\/autravail.ca\/product\/botte-de-travail-romee-royer-5631gt\/\",\"name\":\"Botte de travail Rom\u00e9o Royer - 5631GT - Le Magasin Industriel\",\"isPartOf\":{\"@id\":\"https:\/\/autravail.ca\/#website\"},\"primaryImageOfPage\":{\"@id\":\"https:\/\/autravail.ca\/product\/botte-de-travail-romee-royer-5631gt\/#primaryimage\"},\"image\":{\"@id\":\"https:\/\/autravail.ca\/product\/botte-de-travail-romee-royer-5631gt\/#primaryimage\"},\"thumbnailUrl\":\"https:\/\/autravail.ca\/wp-content\/uploads\/2025\/05\/5631GT_A01.jpg\",\"datePublished\":\"2025-05-08T06:27:57+00:00\",\"dateModified\":\"2026-01-14T20:02:27+00:00\",\"description\":\"Botte de travail Rom\u00e9e Royer - 5631GT, bottillon 6'', homologu\u00e9es CSA, r\u00e9sistante \u00e0 la perforation avec embout en composite, pour homme\",\"breadcrumb\":{\"@id\":\"https:\/\/autravail.ca\/product\/botte-de-travail-romee-royer-5631gt\/#breadcrumb\"},\"inLanguage\":\"en-CA\",\"potentialAction\":[{\"@type\":\"ReadAction\",\"target\":[\"https:\/\/autravail.ca\/product\/botte-de-travail-romee-royer-5631gt\/\"]}]},{\"@type\":\"ImageObject\",\"inLanguage\":\"en-CA\",\"@id\":\"https:\/\/autravail.ca\/product\/botte-de-travail-romee-royer-5631gt\/#primaryimage\",\"url\":\"https:\/\/autravail.ca\/wp-content\/uploads\/2025\/05\/5631GT_A01.jpg\",\"contentUrl\":\"https:\/\/autravail.ca\/wp-content\/uploads\/2025\/05\/5631GT_A01.jpg\",\"width\":1000,\"height\":1000},{\"@type\":\"BreadcrumbList\",\"@id\":\"https:\/\/autravail.ca\/product\/botte-de-travail-romee-royer-5631gt\/#breadcrumb\",\"itemListElement\":[{\"@type\":\"ListItem\",\"position\":1,\"name\":\"Accueil\",\"item\":\"https:\/\/autravail.ca\/\"},{\"@type\":\"ListItem\",\"position\":2,\"name\":\"Magasin\",\"item\":\"https:\/\/autravail.ca\/en\/shop\/\"},{\"@type\":\"ListItem\",\"position\":3,\"name\":\"Botte de travail Rom\u00e9o Royer &#8211; 5631GT\"}]},{\"@type\":\"WebSite\",\"@id\":\"https:\/\/autravail.ca\/#website\",\"url\":\"https:\/\/autravail.ca\/\",\"name\":\"Le Magasin Industriel\",\"description\":\"50 ans de tradition de s\u00e9curit\u00e9 au travail\",\"publisher\":{\"@id\":\"https:\/\/autravail.ca\/#organization\"},\"potentialAction\":[{\"@type\":\"SearchAction\",\"target\":{\"@type\":\"EntryPoint\",\"urlTemplate\":\"https:\/\/autravail.ca\/?s={search_term_string}\"},\"query-input\":{\"@type\":\"PropertyValueSpecification\",\"valueRequired\":true,\"valueName\":\"search_term_string\"}}],\"inLanguage\":\"en-CA\"},{\"@type\":\"Organization\",\"@id\":\"https:\/\/autravail.ca\/#organization\",\"name\":\"Le Magasin Industriel\",\"url\":\"https:\/\/autravail.ca\/\",\"logo\":{\"@type\":\"ImageObject\",\"inLanguage\":\"en-CA\",\"@id\":\"https:\/\/autravail.ca\/#\/schema\/logo\/image\/\",\"url\":\"https:\/\/autravail.ca\/wp-content\/uploads\/2025\/05\/cropped-magasin_industriel_120x.avif\",\"contentUrl\":\"https:\/\/autravail.ca\/wp-content\/uploads\/2025\/05\/cropped-magasin_industriel_120x.avif\",\"width\":120,\"height\":24,\"caption\":\"Le Magasin Industriel\"},\"image\":{\"@id\":\"https:\/\/autravail.ca\/#\/schema\/logo\/image\/\"},\"sameAs\":[\"https:\/\/www.facebook.com\/lemagasinindustriel\/?locale=fr_FR\"]}]}<\/script>\n<!-- \/ Yoast SEO plugin. -->","yoast_head_json":{"title":"Botte de travail Rom\u00e9o Royer - 5631GT - Le Magasin Industriel","description":"Botte de travail Rom\u00e9e Royer - 5631GT, bottillon 6'', homologu\u00e9es CSA, r\u00e9sistante \u00e0 la perforation avec embout en composite, pour homme","robots":{"index":"index","follow":"follow","max-snippet":"max-snippet:-1","max-image-preview":"max-image-preview:large","max-video-preview":"max-video-preview:-1"},"canonical":"https:\/\/autravail.ca\/en\/product\/botte-de-travail-romee-royer-5631gt\/","og_locale":"en_US","og_type":"article","og_title":"Botte de travail Rom\u00e9o Royer - 5631GT - Le Magasin Industriel","og_description":"Botte de travail Rom\u00e9e Royer - 5631GT, bottillon 6'', homologu\u00e9es CSA, r\u00e9sistante \u00e0 la perforation avec embout en composite, pour homme","og_url":"https:\/\/autravail.ca\/en\/product\/botte-de-travail-romee-royer-5631gt\/","og_site_name":"Le Magasin Industriel","article_publisher":"https:\/\/www.facebook.com\/lemagasinindustriel\/?locale=fr_FR","article_modified_time":"2026-01-14T20:02:27+00:00","og_image":[{"width":1000,"height":1000,"url":"https:\/\/autravail.ca\/wp-content\/uploads\/2025\/05\/5631GT_A01.jpg","type":"image\/jpeg"}],"twitter_card":"summary_large_image","twitter_misc":{"Est. reading time":"2 minutes"},"schema":{"@context":"https:\/\/schema.org","@graph":[{"@type":"WebPage","@id":"https:\/\/autravail.ca\/product\/botte-de-travail-romee-royer-5631gt\/","url":"https:\/\/autravail.ca\/product\/botte-de-travail-romee-royer-5631gt\/","name":"Botte de travail Rom\u00e9o Royer - 5631GT - Le Magasin Industriel","isPartOf":{"@id":"https:\/\/autravail.ca\/#website"},"primaryImageOfPage":{"@id":"https:\/\/autravail.ca\/product\/botte-de-travail-romee-royer-5631gt\/#primaryimage"},"image":{"@id":"https:\/\/autravail.ca\/product\/botte-de-travail-romee-royer-5631gt\/#primaryimage"},"thumbnailUrl":"https:\/\/autravail.ca\/wp-content\/uploads\/2025\/05\/5631GT_A01.jpg","datePublished":"2025-05-08T06:27:57+00:00","dateModified":"2026-01-14T20:02:27+00:00","description":"Botte de travail Rom\u00e9e Royer - 5631GT, bottillon 6'', homologu\u00e9es CSA, r\u00e9sistante \u00e0 la perforation avec embout en composite, pour homme","breadcrumb":{"@id":"https:\/\/autravail.ca\/product\/botte-de-travail-romee-royer-5631gt\/#breadcrumb"},"inLanguage":"en-CA","potentialAction":[{"@type":"ReadAction","target":["https:\/\/autravail.ca\/product\/botte-de-travail-romee-royer-5631gt\/"]}]},{"@type":"ImageObject","inLanguage":"en-CA","@id":"https:\/\/autravail.ca\/product\/botte-de-travail-romee-royer-5631gt\/#primaryimage","url":"https:\/\/autravail.ca\/wp-content\/uploads\/2025\/05\/5631GT_A01.jpg","contentUrl":"https:\/\/autravail.ca\/wp-content\/uploads\/2025\/05\/5631GT_A01.jpg","width":1000,"height":1000},{"@type":"BreadcrumbList","@id":"https:\/\/autravail.ca\/product\/botte-de-travail-romee-royer-5631gt\/#breadcrumb","itemListElement":[{"@type":"ListItem","position":1,"name":"Accueil","item":"https:\/\/autravail.ca\/"},{"@type":"ListItem","position":2,"name":"Magasin","item":"https:\/\/autravail.ca\/en\/shop\/"},{"@type":"ListItem","position":3,"name":"Botte de travail Rom\u00e9o Royer &#8211; 5631GT"}]},{"@type":"WebSite","@id":"https:\/\/autravail.ca\/#website","url":"https:\/\/autravail.ca\/","name":"Le Magasin Industriel","description":"50 ans de tradition de s\u00e9curit\u00e9 au travail","publisher":{"@id":"https:\/\/autravail.ca\/#organization"},"potentialAction":[{"@type":"SearchAction","target":{"@type":"EntryPoint","urlTemplate":"https:\/\/autravail.ca\/?s={search_term_string}"},"query-input":{"@type":"PropertyValueSpecification","valueRequired":true,"valueName":"search_term_string"}}],"inLanguage":"en-CA"},{"@type":"Organization","@id":"https:\/\/autravail.ca\/#organization","name":"Le Magasin Industriel","url":"https:\/\/autravail.ca\/","logo":{"@type":"ImageObject","inLanguage":"en-CA","@id":"https:\/\/autravail.ca\/#\/schema\/logo\/image\/","url":"https:\/\/autravail.ca\/wp-content\/uploads\/2025\/05\/cropped-magasin_industriel_120x.avif","contentUrl":"https:\/\/autravail.ca\/wp-content\/uploads\/2025\/05\/cropped-magasin_industriel_120x.avif","width":120,"height":24,"caption":"Le Magasin Industriel"},"image":{"@id":"https:\/\/autravail.ca\/#\/schema\/logo\/image\/"},"sameAs":["https:\/\/www.facebook.com\/lemagasinindustriel\/?locale=fr_FR"]}]}},"jetpack_sharing_enabled":true,"_links":{"self":[{"href":"https:\/\/autravail.ca\/en\/wp-json\/wp\/v2\/product\/28551","targetHints":{"allow":["GET"]}}],"collection":[{"href":"https:\/\/autravail.ca\/en\/wp-json\/wp\/v2\/product"}],"about":[{"href":"https:\/\/autravail.ca\/en\/wp-json\/wp\/v2\/types\/product"}],"replies":[{"embeddable":true,"href":"https:\/\/autravail.ca\/en\/wp-json\/wp\/v2\/comments?post=28551"}],"wp:featuredmedia":[{"embeddable":true,"href":"https:\/\/autravail.ca\/en\/wp-json\/wp\/v2\/media\/12022"}],"wp:attachment":[{"href":"https:\/\/autravail.ca\/en\/wp-json\/wp\/v2\/media?parent=28551"}],"wp:term":[{"taxonomy":"product_cat","embeddable":true,"href":"https:\/\/autravail.ca\/en\/wp-json\/wp\/v2\/product_cat?post=28551"},{"taxonomy":"product_tag","embeddable":true,"href":"https:\/\/autravail.ca\/en\/wp-json\/wp\/v2\/product_tag?post=28551"}],"curies":[{"name":"wp","href":"https:\/\/api.w.org\/{rel}","templated":true}]}}