{"id":28550,"date":"2025-05-08T06:27:57","date_gmt":"2025-05-08T06:27:57","guid":{"rendered":"https:\/\/meteoquebec.ca\/?post_type=product&#038;p=28550"},"modified":"2026-01-14T14:58:13","modified_gmt":"2026-01-14T18:58:13","slug":"botte-de-travail-romee-royer-5630gtr","status":"publish","type":"product","link":"https:\/\/autravail.ca\/en\/product\/botte-de-travail-romee-royer-5630gtr\/","title":{"rendered":"Botte de travail Rom\u00e9e Royer &#8211; 5630GTR"},"content":{"rendered":"<h3>Botte de travail Rom\u00e9e Royer &#8211; 5630GTR<\/h3>\n<p>Botte de travail Rom\u00e9e <a href=\"https:\/\/autravail.ca\/en\/product-brand\/royer\/\">Royer<\/a> &#8211; 5630GTR est un bottillon de travail \u00ab slip-on \u00bb (\u00e0 enfiler) ultral\u00e9ger et sans m\u00e9tal, reconnu pour son confort et sa durabilit\u00e9 sur le b\u00e9ton, con\u00e7u pour offrir s\u00e9curit\u00e9 et aisance aux professionnels.<\/p>\n<p><img decoding=\"async\" class=\"alignnone size-full wp-image-40117\" src=\"https:\/\/autravail.ca\/wp-content\/uploads\/2025\/09\/Certification-Omega-Triangle-vert.jpg\" alt=\"Certifications Om\u00e9ga Triangle vert\" width=\"193\" height=\"110\" srcset=\"https:\/\/autravail.ca\/wp-content\/uploads\/2025\/09\/Certification-Omega-Triangle-vert.jpg 193w, https:\/\/autravail.ca\/wp-content\/uploads\/2025\/09\/Certification-Omega-Triangle-vert-150x85.jpg 150w, https:\/\/autravail.ca\/wp-content\/uploads\/2025\/09\/Certification-Omega-Triangle-vert-18x10.jpg 18w\" sizes=\"(max-width: 193px) 100vw, 193px\" \/><\/p>\n<h6 class=\"otQkpb\" role=\"heading\" aria-level=\"3\" data-processed=\"true\" data-complete=\"true\">Caract\u00e9ristiques Principales<button class=\"rBl3me\" tabindex=\"0\" data-amic=\"true\" data-icl-uuid=\"bee5037b-4e48-452c-b0ca-81480e02894c\" aria-label=\"Afficher les liens associ\u00e9s\" data-wiz-attrbind=\"disabled=QVsx0e_k\/C5gNJc;aria-label=QVsx0e_k\/bOjMyf;class=QVsx0e_k\/UpSNec\" data-ved=\"2ahUKEwjq2crO2ouSAxWRMlkFHT6EGzAQye0OegYIAQgDEAA\"><\/button><\/h6>\n<ul class=\"KsbFXc U6u95\" data-complete=\"true\" data-processed=\"true\">\n<li data-hveid=\"CAEIBBAA\" data-complete=\"true\" data-sae=\"\"><span class=\"T286Pc\" data-sfc-cp=\"\" data-complete=\"true\"><strong class=\"Yjhzub\" data-complete=\"true\">Tige :<\/strong>\u00a0Cuir pleine fleur r\u00e9sistant \u00e0 l&rsquo;eau, non doubl\u00e9, de type \u00ab Slip-on \u00bb avec doubles boucles pour un enfilage et un retrait faciles.<\/span><\/li>\n<li data-hveid=\"CAEIBBAB\" data-complete=\"true\" data-sae=\"\"><span class=\"T286Pc\" data-sfc-cp=\"\" data-complete=\"true\"><strong class=\"Yjhzub\" data-complete=\"true\">Poids :<\/strong>\u00a0D\u00e9crit comme un bottillon\u00a0<strong class=\"Yjhzub\" data-complete=\"true\">ultral\u00e9ger<\/strong>, ce qui contribue au confort g\u00e9n\u00e9ral.<\/span><\/li>\n<li data-hveid=\"CAEIBBAC\" data-complete=\"true\" data-sae=\"\"><span class=\"T286Pc\" data-sfc-cp=\"\" data-complete=\"true\"><strong class=\"Yjhzub\" data-complete=\"true\">S\u00e9curit\u00e9 :<\/strong>\u00a0Enti\u00e8rement\u00a0<strong class=\"Yjhzub\" data-complete=\"true\">sans m\u00e9tal<\/strong>, dot\u00e9 d&rsquo;un\u00a0<strong class=\"Yjhzub\" data-complete=\"true\">embout de protection en composite<\/strong>\u00a0et d&rsquo;une\u00a0<strong class=\"Yjhzub\" data-complete=\"true\">semelle antiperforation non m\u00e9tallique<\/strong>.<\/span><\/li>\n<li data-hveid=\"CAEIBBAD\" data-complete=\"true\" data-sae=\"\"><span class=\"T286Pc\" data-sfc-cp=\"\" data-complete=\"true\"><strong class=\"Yjhzub\" data-complete=\"true\">Semelle :<\/strong><\/span>\n<ul class=\"KsbFXc U6u95\" data-complete=\"true\">\n<li data-hveid=\"CAEIBBAE\" data-complete=\"true\" data-sae=\"\"><span class=\"T286Pc\" data-sfc-cp=\"\" data-complete=\"true\"><strong class=\"Yjhzub\" data-complete=\"true\">Intercalaire :<\/strong>\u00a0Fabriqu\u00e9e en PU (polyur\u00e9thane) par injection directe.<\/span><\/li>\n<li data-hveid=\"CAEIBBAF\" data-complete=\"true\" data-sae=\"\"><span class=\"T286Pc\" data-sfc-cp=\"\" data-complete=\"true\"><strong class=\"Yjhzub\" data-complete=\"true\">Usure :<\/strong>\u00a0En\u00a0<strong class=\"Yjhzub\" data-complete=\"true\">caoutchouc<\/strong>\u00a0de couleur rouge, r\u00e9sistante \u00e0 l&rsquo;huile et au glissement (certifi\u00e9e ASTM SR).<\/span><\/li>\n<\/ul>\n<\/li>\n<li data-hveid=\"CAEIBBAG\" data-complete=\"true\" data-sae=\"\"><span class=\"T286Pc\" data-sfc-cp=\"\" data-complete=\"true\"><strong class=\"Yjhzub\" data-complete=\"true\">Confort :<\/strong>\u00a0Int\u00e8gre une\u00a0<strong class=\"Yjhzub\" data-complete=\"true\">semelle de propret\u00e9 R-LITE confortable et respirante<\/strong>.<\/span><\/li>\n<li data-hveid=\"CAEIBBAH\" data-complete=\"true\" data-sae=\"\"><span class=\"T286Pc\" data-sfc-cp=\"\" data-complete=\"true\"><strong class=\"Yjhzub\" data-complete=\"true\">Protection \u00e9lectrique :<\/strong>\u00a0Offre une protection contre les chocs \u00e9lectriques (certifi\u00e9e ASTM F2413-11 EH).<\/span><\/li>\n<li data-hveid=\"CAEIBBAI\" data-complete=\"true\" data-sae=\"\"><span class=\"T286Pc\" data-sfc-cp=\"\" data-complete=\"true\"><strong class=\"Yjhzub\" data-complete=\"true\">Fabrication :<\/strong>\u00a0Assembl\u00e9 au Canada, notamment dans l&rsquo;usine de Sherbrooke.<\/span><\/li>\n<\/ul>\n<p>Les utilisateurs appr\u00e9cient g\u00e9n\u00e9ralement le mod\u00e8le Royer 5630GTR pour son <strong class=\"Yjhzub\" data-complete=\"true\" data-processed=\"true\">confort imm\u00e9diat<\/strong>\u00a0(aucune p\u00e9riode de rodage n&rsquo;est n\u00e9cessaire) et sa l\u00e9g\u00e8ret\u00e9. Le cuir est jug\u00e9 de bonne qualit\u00e9 et la construction robuste. Sa semelle rouge distinctive est non seulement un \u00e9l\u00e9ment esth\u00e9tique, mais aussi un indicateur de la collection GTR de Royer, qui met l&rsquo;accent sur la performance et la force. Un avis d&rsquo;expert souligne qu&rsquo;elles conviennent particuli\u00e8rement bien au travail en int\u00e9rieur sur du b\u00e9ton ou des planchers r\u00e9guliers, ne n\u00e9cessitant pas une adh\u00e9rence extr\u00eame.<\/p>\n<p><em><span style=\"color: #fa0b0b;\">Unisex U.S. men's sizes presented. To convert to U.S. women's size, add 2 sizes. Example: 5 U.S. men = 7 U.S. women<\/span><\/em><\/p>\n<p><img decoding=\"async\" class=\"alignnone wp-image-40620\" src=\"https:\/\/autravail.ca\/wp-content\/uploads\/2025\/09\/Jachete-quebec-et-canada.jpg\" alt=\"Logo de l'achat local\" width=\"162\" height=\"139\" \/>Merci d&rsquo;encourager une entreprise 100% d&rsquo;ici!<\/p>\n<p>TS2601H<\/p>","protected":false},"excerpt":{"rendered":"<p>Botte de travail Rom\u00e9e Royer &#8211; 5630GTR Botte de travail Rom\u00e9e Royer &#8211; 5630GTR est un bottillon de travail \u00ab slip-on \u00bb (\u00e0 enfiler) ultral\u00e9ger et sans m\u00e9tal, reconnu pour son confort et sa durabilit\u00e9 sur le b\u00e9ton, con\u00e7u pour offrir s\u00e9curit\u00e9 et aisance aux professionnels. Caract\u00e9ristiques Principales Tige :\u00a0Cuir pleine fleur r\u00e9sistant \u00e0 l&rsquo;eau, [&hellip;]<\/p>","protected":false},"featured_media":12000,"comment_status":"open","ping_status":"closed","template":"","meta":[],"product_cat":[621,633,602],"product_tag":[260,252,255,242,253],"class_list":{"0":"post-28550","1":"product","2":"type-product","3":"status-publish","4":"has-post-thumbnail","6":"product_brand-royer","7":"product_cat-bottes-de-travail-6","8":"product_cat-femmes","9":"product_cat-hommes","10":"product_tag-bottillons-de-travail","11":"product_tag-electric-shock-resistant","12":"product_tag-femme","13":"product_tag-homme","14":"product_tag-sole-protection","16":"first","17":"instock","18":"taxable","19":"shipping-taxable","20":"purchasable","21":"product-type-variable"},"yoast_head":"<!-- This site is optimized with the Yoast SEO plugin v25.3.1 - https:\/\/yoast.com\/wordpress\/plugins\/seo\/ -->\n<title>Botte de travail Rom\u00e9e Royer - 5630GTR - Le Magasin Industriel<\/title>\n<meta name=\"description\" content=\"Botte de travail Rom\u00e9e Royer - 5630GTR, bottillon 6&#039;&#039;, homologu\u00e9es CSA, r\u00e9sistantes \u00e0 la perforation, embout en composite\" \/>\n<meta name=\"robots\" content=\"index, follow, max-snippet:-1, max-image-preview:large, max-video-preview:-1\" \/>\n<link rel=\"canonical\" href=\"https:\/\/autravail.ca\/en\/product\/botte-de-travail-romee-royer-5630gtr\/\" \/>\n<meta property=\"og:locale\" content=\"en_US\" \/>\n<meta property=\"og:type\" content=\"article\" \/>\n<meta property=\"og:title\" content=\"Botte de travail Rom\u00e9e Royer - 5630GTR - Le Magasin Industriel\" \/>\n<meta property=\"og:description\" content=\"Botte de travail Rom\u00e9e Royer - 5630GTR, bottillon 6&#039;&#039;, homologu\u00e9es CSA, r\u00e9sistantes \u00e0 la perforation, embout en composite\" \/>\n<meta property=\"og:url\" content=\"https:\/\/autravail.ca\/en\/product\/botte-de-travail-romee-royer-5630gtr\/\" \/>\n<meta property=\"og:site_name\" content=\"Le Magasin Industriel\" \/>\n<meta property=\"article:publisher\" content=\"https:\/\/www.facebook.com\/lemagasinindustriel\/?locale=fr_FR\" \/>\n<meta property=\"article:modified_time\" content=\"2026-01-14T18:58:13+00:00\" \/>\n<meta property=\"og:image\" content=\"https:\/\/autravail.ca\/wp-content\/uploads\/2025\/05\/5630GTR_A01.jpg\" \/>\n\t<meta property=\"og:image:width\" content=\"1000\" \/>\n\t<meta property=\"og:image:height\" content=\"1000\" \/>\n\t<meta property=\"og:image:type\" content=\"image\/jpeg\" \/>\n<meta name=\"twitter:card\" content=\"summary_large_image\" \/>\n<meta name=\"twitter:label1\" content=\"Est. reading time\" \/>\n\t<meta name=\"twitter:data1\" content=\"2 minutes\" \/>\n<script type=\"application\/ld+json\" class=\"yoast-schema-graph\">{\"@context\":\"https:\/\/schema.org\",\"@graph\":[{\"@type\":\"WebPage\",\"@id\":\"https:\/\/autravail.ca\/product\/botte-de-travail-romee-royer-5630gtr\/\",\"url\":\"https:\/\/autravail.ca\/product\/botte-de-travail-romee-royer-5630gtr\/\",\"name\":\"Botte de travail Rom\u00e9e Royer - 5630GTR - Le Magasin Industriel\",\"isPartOf\":{\"@id\":\"https:\/\/autravail.ca\/#website\"},\"primaryImageOfPage\":{\"@id\":\"https:\/\/autravail.ca\/product\/botte-de-travail-romee-royer-5630gtr\/#primaryimage\"},\"image\":{\"@id\":\"https:\/\/autravail.ca\/product\/botte-de-travail-romee-royer-5630gtr\/#primaryimage\"},\"thumbnailUrl\":\"https:\/\/autravail.ca\/wp-content\/uploads\/2025\/05\/5630GTR_A01.jpg\",\"datePublished\":\"2025-05-08T06:27:57+00:00\",\"dateModified\":\"2026-01-14T18:58:13+00:00\",\"description\":\"Botte de travail Rom\u00e9e Royer - 5630GTR, bottillon 6'', homologu\u00e9es CSA, r\u00e9sistantes \u00e0 la perforation, embout en composite\",\"breadcrumb\":{\"@id\":\"https:\/\/autravail.ca\/product\/botte-de-travail-romee-royer-5630gtr\/#breadcrumb\"},\"inLanguage\":\"en-CA\",\"potentialAction\":[{\"@type\":\"ReadAction\",\"target\":[\"https:\/\/autravail.ca\/product\/botte-de-travail-romee-royer-5630gtr\/\"]}]},{\"@type\":\"ImageObject\",\"inLanguage\":\"en-CA\",\"@id\":\"https:\/\/autravail.ca\/product\/botte-de-travail-romee-royer-5630gtr\/#primaryimage\",\"url\":\"https:\/\/autravail.ca\/wp-content\/uploads\/2025\/05\/5630GTR_A01.jpg\",\"contentUrl\":\"https:\/\/autravail.ca\/wp-content\/uploads\/2025\/05\/5630GTR_A01.jpg\",\"width\":1000,\"height\":1000},{\"@type\":\"BreadcrumbList\",\"@id\":\"https:\/\/autravail.ca\/product\/botte-de-travail-romee-royer-5630gtr\/#breadcrumb\",\"itemListElement\":[{\"@type\":\"ListItem\",\"position\":1,\"name\":\"Accueil\",\"item\":\"https:\/\/autravail.ca\/\"},{\"@type\":\"ListItem\",\"position\":2,\"name\":\"Magasin\",\"item\":\"https:\/\/autravail.ca\/en\/shop\/\"},{\"@type\":\"ListItem\",\"position\":3,\"name\":\"Botte de travail Rom\u00e9e Royer &#8211; 5630GTR\"}]},{\"@type\":\"WebSite\",\"@id\":\"https:\/\/autravail.ca\/#website\",\"url\":\"https:\/\/autravail.ca\/\",\"name\":\"Le Magasin Industriel\",\"description\":\"50 ans de tradition de s\u00e9curit\u00e9 au travail\",\"publisher\":{\"@id\":\"https:\/\/autravail.ca\/#organization\"},\"potentialAction\":[{\"@type\":\"SearchAction\",\"target\":{\"@type\":\"EntryPoint\",\"urlTemplate\":\"https:\/\/autravail.ca\/?s={search_term_string}\"},\"query-input\":{\"@type\":\"PropertyValueSpecification\",\"valueRequired\":true,\"valueName\":\"search_term_string\"}}],\"inLanguage\":\"en-CA\"},{\"@type\":\"Organization\",\"@id\":\"https:\/\/autravail.ca\/#organization\",\"name\":\"Le Magasin Industriel\",\"url\":\"https:\/\/autravail.ca\/\",\"logo\":{\"@type\":\"ImageObject\",\"inLanguage\":\"en-CA\",\"@id\":\"https:\/\/autravail.ca\/#\/schema\/logo\/image\/\",\"url\":\"https:\/\/autravail.ca\/wp-content\/uploads\/2025\/05\/cropped-magasin_industriel_120x.avif\",\"contentUrl\":\"https:\/\/autravail.ca\/wp-content\/uploads\/2025\/05\/cropped-magasin_industriel_120x.avif\",\"width\":120,\"height\":24,\"caption\":\"Le Magasin Industriel\"},\"image\":{\"@id\":\"https:\/\/autravail.ca\/#\/schema\/logo\/image\/\"},\"sameAs\":[\"https:\/\/www.facebook.com\/lemagasinindustriel\/?locale=fr_FR\"]}]}<\/script>\n<!-- \/ Yoast SEO plugin. -->","yoast_head_json":{"title":"Botte de travail Rom\u00e9e Royer - 5630GTR - Le Magasin Industriel","description":"Botte de travail Rom\u00e9e Royer - 5630GTR, bottillon 6'', homologu\u00e9es CSA, r\u00e9sistantes \u00e0 la perforation, embout en composite","robots":{"index":"index","follow":"follow","max-snippet":"max-snippet:-1","max-image-preview":"max-image-preview:large","max-video-preview":"max-video-preview:-1"},"canonical":"https:\/\/autravail.ca\/en\/product\/botte-de-travail-romee-royer-5630gtr\/","og_locale":"en_US","og_type":"article","og_title":"Botte de travail Rom\u00e9e Royer - 5630GTR - Le Magasin Industriel","og_description":"Botte de travail Rom\u00e9e Royer - 5630GTR, bottillon 6'', homologu\u00e9es CSA, r\u00e9sistantes \u00e0 la perforation, embout en composite","og_url":"https:\/\/autravail.ca\/en\/product\/botte-de-travail-romee-royer-5630gtr\/","og_site_name":"Le Magasin Industriel","article_publisher":"https:\/\/www.facebook.com\/lemagasinindustriel\/?locale=fr_FR","article_modified_time":"2026-01-14T18:58:13+00:00","og_image":[{"width":1000,"height":1000,"url":"https:\/\/autravail.ca\/wp-content\/uploads\/2025\/05\/5630GTR_A01.jpg","type":"image\/jpeg"}],"twitter_card":"summary_large_image","twitter_misc":{"Est. reading time":"2 minutes"},"schema":{"@context":"https:\/\/schema.org","@graph":[{"@type":"WebPage","@id":"https:\/\/autravail.ca\/product\/botte-de-travail-romee-royer-5630gtr\/","url":"https:\/\/autravail.ca\/product\/botte-de-travail-romee-royer-5630gtr\/","name":"Botte de travail Rom\u00e9e Royer - 5630GTR - Le Magasin Industriel","isPartOf":{"@id":"https:\/\/autravail.ca\/#website"},"primaryImageOfPage":{"@id":"https:\/\/autravail.ca\/product\/botte-de-travail-romee-royer-5630gtr\/#primaryimage"},"image":{"@id":"https:\/\/autravail.ca\/product\/botte-de-travail-romee-royer-5630gtr\/#primaryimage"},"thumbnailUrl":"https:\/\/autravail.ca\/wp-content\/uploads\/2025\/05\/5630GTR_A01.jpg","datePublished":"2025-05-08T06:27:57+00:00","dateModified":"2026-01-14T18:58:13+00:00","description":"Botte de travail Rom\u00e9e Royer - 5630GTR, bottillon 6'', homologu\u00e9es CSA, r\u00e9sistantes \u00e0 la perforation, embout en composite","breadcrumb":{"@id":"https:\/\/autravail.ca\/product\/botte-de-travail-romee-royer-5630gtr\/#breadcrumb"},"inLanguage":"en-CA","potentialAction":[{"@type":"ReadAction","target":["https:\/\/autravail.ca\/product\/botte-de-travail-romee-royer-5630gtr\/"]}]},{"@type":"ImageObject","inLanguage":"en-CA","@id":"https:\/\/autravail.ca\/product\/botte-de-travail-romee-royer-5630gtr\/#primaryimage","url":"https:\/\/autravail.ca\/wp-content\/uploads\/2025\/05\/5630GTR_A01.jpg","contentUrl":"https:\/\/autravail.ca\/wp-content\/uploads\/2025\/05\/5630GTR_A01.jpg","width":1000,"height":1000},{"@type":"BreadcrumbList","@id":"https:\/\/autravail.ca\/product\/botte-de-travail-romee-royer-5630gtr\/#breadcrumb","itemListElement":[{"@type":"ListItem","position":1,"name":"Accueil","item":"https:\/\/autravail.ca\/"},{"@type":"ListItem","position":2,"name":"Magasin","item":"https:\/\/autravail.ca\/en\/shop\/"},{"@type":"ListItem","position":3,"name":"Botte de travail Rom\u00e9e Royer &#8211; 5630GTR"}]},{"@type":"WebSite","@id":"https:\/\/autravail.ca\/#website","url":"https:\/\/autravail.ca\/","name":"Le Magasin Industriel","description":"50 ans de tradition de s\u00e9curit\u00e9 au travail","publisher":{"@id":"https:\/\/autravail.ca\/#organization"},"potentialAction":[{"@type":"SearchAction","target":{"@type":"EntryPoint","urlTemplate":"https:\/\/autravail.ca\/?s={search_term_string}"},"query-input":{"@type":"PropertyValueSpecification","valueRequired":true,"valueName":"search_term_string"}}],"inLanguage":"en-CA"},{"@type":"Organization","@id":"https:\/\/autravail.ca\/#organization","name":"Le Magasin Industriel","url":"https:\/\/autravail.ca\/","logo":{"@type":"ImageObject","inLanguage":"en-CA","@id":"https:\/\/autravail.ca\/#\/schema\/logo\/image\/","url":"https:\/\/autravail.ca\/wp-content\/uploads\/2025\/05\/cropped-magasin_industriel_120x.avif","contentUrl":"https:\/\/autravail.ca\/wp-content\/uploads\/2025\/05\/cropped-magasin_industriel_120x.avif","width":120,"height":24,"caption":"Le Magasin Industriel"},"image":{"@id":"https:\/\/autravail.ca\/#\/schema\/logo\/image\/"},"sameAs":["https:\/\/www.facebook.com\/lemagasinindustriel\/?locale=fr_FR"]}]}},"jetpack_sharing_enabled":true,"_links":{"self":[{"href":"https:\/\/autravail.ca\/en\/wp-json\/wp\/v2\/product\/28550","targetHints":{"allow":["GET"]}}],"collection":[{"href":"https:\/\/autravail.ca\/en\/wp-json\/wp\/v2\/product"}],"about":[{"href":"https:\/\/autravail.ca\/en\/wp-json\/wp\/v2\/types\/product"}],"replies":[{"embeddable":true,"href":"https:\/\/autravail.ca\/en\/wp-json\/wp\/v2\/comments?post=28550"}],"wp:featuredmedia":[{"embeddable":true,"href":"https:\/\/autravail.ca\/en\/wp-json\/wp\/v2\/media\/12000"}],"wp:attachment":[{"href":"https:\/\/autravail.ca\/en\/wp-json\/wp\/v2\/media?parent=28550"}],"wp:term":[{"taxonomy":"product_cat","embeddable":true,"href":"https:\/\/autravail.ca\/en\/wp-json\/wp\/v2\/product_cat?post=28550"},{"taxonomy":"product_tag","embeddable":true,"href":"https:\/\/autravail.ca\/en\/wp-json\/wp\/v2\/product_tag?post=28550"}],"curies":[{"name":"wp","href":"https:\/\/api.w.org\/{rel}","templated":true}]}}