{"id":28490,"date":"2025-05-08T06:27:38","date_gmt":"2025-05-08T06:27:38","guid":{"rendered":"https:\/\/meteoquebec.ca\/?post_type=product&#038;p=28490"},"modified":"2026-01-14T15:03:15","modified_gmt":"2026-01-14T19:03:15","slug":"botte-de-travail-royer-5625gt","status":"publish","type":"product","link":"https:\/\/autravail.ca\/en\/product\/botte-de-travail-royer-5625gt\/","title":{"rendered":"Botte de travail Royer &#8211; 5625GT"},"content":{"rendered":"<h3>Botte de travail Royer &#8211; 5625GT<\/h3>\n<p>Work boots <a href=\"https:\/\/autravail.ca\/en\/product-brand\/royer\/\">Royer<\/a> &#8211; 5625GT est une botte de travail de 6 pouces ultral\u00e9g\u00e8re, sans m\u00e9tal et imperm\u00e9able, con\u00e7ue pour la durabilit\u00e9 et le confort dans diverses conditions de travail. Elle est reconnue pour sa membrane imperm\u00e9able et son cuir r\u00e9sistant.<\/p>\n<p><img decoding=\"async\" class=\"alignnone size-full wp-image-40117\" src=\"https:\/\/autravail.ca\/wp-content\/uploads\/2025\/09\/Certification-Omega-Triangle-vert.jpg\" alt=\"Certifications Om\u00e9ga Triangle vert\" width=\"193\" height=\"110\" srcset=\"https:\/\/autravail.ca\/wp-content\/uploads\/2025\/09\/Certification-Omega-Triangle-vert.jpg 193w, https:\/\/autravail.ca\/wp-content\/uploads\/2025\/09\/Certification-Omega-Triangle-vert-150x85.jpg 150w, https:\/\/autravail.ca\/wp-content\/uploads\/2025\/09\/Certification-Omega-Triangle-vert-18x10.jpg 18w\" sizes=\"(max-width: 193px) 100vw, 193px\" \/><\/p>\n<h6 class=\"otQkpb\" role=\"heading\" aria-level=\"3\" data-processed=\"true\" data-complete=\"true\">Caract\u00e9ristiques Principales<button class=\"rBl3me\" tabindex=\"0\" data-amic=\"true\" data-icl-uuid=\"db3cafe8-974e-476c-a3b9-de827703f657\" aria-label=\"Afficher les liens associ\u00e9s\" data-wiz-attrbind=\"disabled=jh3TMc_k\/C5gNJc;aria-label=jh3TMc_k\/bOjMyf;class=jh3TMc_k\/UpSNec\" data-ved=\"2ahUKEwi04dDr24uSAxWkFFkFHawKFEAQye0OegYIAQgDEAA\"><\/button><\/h6>\n<ul class=\"KsbFXc U6u95\" data-processed=\"true\" data-complete=\"true\">\n<li data-hveid=\"CAEIBBAA\" data-complete=\"true\" data-sae=\"\"><span class=\"T286Pc\" data-sfc-cp=\"\" data-complete=\"true\"><strong class=\"Yjhzub\" data-complete=\"true\">Tige :<\/strong>\u00a0Botte de 6 pouces en cuir de type \u00ab Crazy horse \u00bb pleine fleur et textile fortifi\u00e9 SHIELDTEX r\u00e9sistant \u00e0 l&rsquo;abrasion.<\/span><\/li>\n<li data-hveid=\"CAEIBBAB\" data-sae=\"\" data-complete=\"true\"><span class=\"T286Pc\" data-sfc-cp=\"\" data-complete=\"true\"><strong class=\"Yjhzub\" data-complete=\"true\">Imperm\u00e9abilit\u00e9 :<\/strong>\u00a0Dispose d&rsquo;une\u00a0<strong class=\"Yjhzub\" data-complete=\"true\">membrane imperm\u00e9able AIRFLOW<\/strong>\u00a0exclusive qui emp\u00eache l&rsquo;eau d&rsquo;entrer tout en laissant la transpiration s&rsquo;\u00e9vacuer, assurant ainsi un confort optimal par temps humide.<\/span><\/li>\n<li data-hveid=\"CAEIBBAC\" data-complete=\"true\" data-processed=\"true\" data-sae=\"\"><span class=\"T286Pc\" data-sfc-cp=\"\" data-complete=\"true\"><strong class=\"Yjhzub\" data-complete=\"true\">Poids et Mat\u00e9riaux :<\/strong>\u00a0C&rsquo;est une botte\u00a0<strong class=\"Yjhzub\" data-complete=\"true\">ultral\u00e9g\u00e8re et enti\u00e8rement sans m\u00e9tal<\/strong>.<\/span><\/li>\n<li data-hveid=\"CAEIBBAD\" data-complete=\"true\" data-processed=\"true\" data-sae=\"\"><span class=\"T286Pc\" data-sfc-cp=\"\" data-complete=\"true\"><strong class=\"Yjhzub\" data-complete=\"true\">S\u00e9curit\u00e9 :<\/strong><\/span>\n<ul class=\"KsbFXc U6u95\" data-complete=\"true\">\n<li data-hveid=\"CAEIBBAE\" data-complete=\"true\" data-sae=\"\"><span class=\"T286Pc\" data-sfc-cp=\"\" data-complete=\"true\"><strong class=\"Yjhzub\" data-complete=\"true\">Embout de protection :<\/strong>\u00a0Int\u00e8gre un\u00a0<strong class=\"Yjhzub\" data-complete=\"true\">embout de protection en composite<\/strong>.<\/span><\/li>\n<li data-hveid=\"CAEIBBAF\" data-complete=\"true\" data-sae=\"\"><span class=\"T286Pc\" data-sfc-cp=\"\" data-complete=\"true\"><strong class=\"Yjhzub\" data-complete=\"true\">Protection suppl\u00e9mentaire :<\/strong>\u00a0Comprend un\u00a0<strong class=\"Yjhzub\" data-complete=\"true\">embout ext\u00e9rieur PARESHOK<\/strong>\u00a0en TPU ultra-r\u00e9sistant pour augmenter la durabilit\u00e9 de l&#8217;empeigne.<\/span><\/li>\n<li data-hveid=\"CAEIBBAG\" data-complete=\"true\" data-sae=\"\"><span class=\"T286Pc\" data-sfc-cp=\"\" data-complete=\"true\"><strong class=\"Yjhzub\" data-complete=\"true\">Semelle :<\/strong>\u00a0Dot\u00e9e d&rsquo;une\u00a0<strong class=\"Yjhzub\" data-complete=\"true\">semelle antiperforation non m\u00e9tallique<\/strong>.<\/span><\/li>\n<\/ul>\n<\/li>\n<li data-hveid=\"CAEIBBAH\" data-complete=\"true\" data-processed=\"true\" data-sae=\"\"><span class=\"T286Pc\" data-sfc-cp=\"\" data-complete=\"true\"><strong class=\"Yjhzub\" data-complete=\"true\">Confort et Semelle :<\/strong><\/span>\n<ul class=\"KsbFXc U6u95\" data-complete=\"true\">\n<li data-hveid=\"CAEIBBAI\" data-complete=\"true\" data-sae=\"\"><span class=\"T286Pc\" data-sfc-cp=\"\" data-complete=\"true\"><strong class=\"Yjhzub\" data-complete=\"true\">Intercalaire :<\/strong>\u00a0Fabriqu\u00e9e en PU (polyur\u00e9thane) par injection directe.<\/span><\/li>\n<li data-hveid=\"CAEIBBAJ\" data-complete=\"true\" data-sae=\"\"><span class=\"T286Pc\" data-sfc-cp=\"\" data-complete=\"true\"><strong class=\"Yjhzub\" data-complete=\"true\">Ext\u00e9rieure :<\/strong>\u00a0En\u00a0<strong class=\"Yjhzub\" data-complete=\"true\">caoutchouc<\/strong>\u00a0r\u00e9sistant \u00e0 l&rsquo;huile et au glissement.<\/span><\/li>\n<li data-hveid=\"CAEIBBAK\" data-complete=\"true\" data-sae=\"\"><span class=\"T286Pc\" data-sfc-cp=\"\" data-complete=\"true\"><strong class=\"Yjhzub\" data-complete=\"true\">Semelle de propret\u00e9 :<\/strong>\u00a0Poss\u00e8de une\u00a0<strong class=\"Yjhzub\" data-complete=\"true\">semelle de propret\u00e9 R-LITE confortable et respirante<\/strong>.<\/span><\/li>\n<\/ul>\n<\/li>\n<li data-hveid=\"CAEIBBAL\" data-complete=\"true\" data-processed=\"true\" data-sae=\"\"><span class=\"T286Pc\" data-sfc-cp=\"\" data-complete=\"true\"><strong class=\"Yjhzub\" data-complete=\"true\">Certifications :<\/strong>\u00a0Certifi\u00e9e CSA Z195-14 et ASTM F2413-11 pour l&#8217;embout de protection, la semelle antiperforation et la protection contre les chocs \u00e9lectriques (EH).<\/span><\/li>\n<li data-hveid=\"CAEIBBAM\" data-complete=\"true\" data-processed=\"true\" data-sae=\"\"><span class=\"T286Pc\" data-sfc-cp=\"\" data-complete=\"true\"><strong class=\"Yjhzub\" data-complete=\"true\">Fabrication :<\/strong>\u00a0Assembl\u00e9e au Canada.<\/span><\/li>\n<\/ul>\n<p>Les clients appr\u00e9cient particuli\u00e8rement le mod\u00e8le Royer 5625GT pour son\u00a0<strong class=\"Yjhzub\" data-complete=\"true\" data-processed=\"true\">confort exceptionnel<\/strong>\u00a0d\u00e8s la premi\u00e8re utilisation, sans p\u00e9riode de rodage n\u00e9cessaire. Sa l\u00e9g\u00e8ret\u00e9 est souvent mentionn\u00e9e comme un avantage majeur, tout comme sa durabilit\u00e9 et sa capacit\u00e9 \u00e0 rester confortable pendant de longues heures. La nature imperm\u00e9able de la botte la rend polyvalente pour une utilisation au printemps, en \u00e9t\u00e9 et en automne. Certains utilisateurs notent que le mod\u00e8le chausse d&rsquo;une largeur standard (REG), \u00e9quivalente \u00e0 environ 3E.<\/p>\n<p><em><span style=\"color: #fa0b0b;\">Unisex U.S. men's sizes presented. To convert to U.S. women's size, add 2 sizes. Example: 5 U.S. men = 7 U.S. women<\/span><\/em><\/p>\n<p><img decoding=\"async\" class=\"alignnone wp-image-40620\" src=\"https:\/\/autravail.ca\/wp-content\/uploads\/2025\/09\/Jachete-quebec-et-canada.jpg\" alt=\"Logo de l'achat local\" width=\"162\" height=\"139\" \/>Merci d&rsquo;encourager une entreprise 100% d&rsquo;ici!<\/p>\n<p>TS2601H<\/p>","protected":false},"excerpt":{"rendered":"<p>Botte de travail Royer &#8211; 5625GT Botte de travail Royer &#8211; 5625GT est une botte de travail de 6 pouces ultral\u00e9g\u00e8re, sans m\u00e9tal et imperm\u00e9able, con\u00e7ue pour la durabilit\u00e9 et le confort dans diverses conditions de travail. Elle est reconnue pour sa membrane imperm\u00e9able et son cuir r\u00e9sistant. Caract\u00e9ristiques Principales Tige :\u00a0Botte de 6 pouces [&hellip;]<\/p>","protected":false},"featured_media":11934,"comment_status":"open","ping_status":"closed","template":"","meta":[],"product_cat":[621,633,602],"product_tag":[260,252,255,242,253],"class_list":{"0":"post-28490","1":"product","2":"type-product","3":"status-publish","4":"has-post-thumbnail","6":"product_brand-royer","7":"product_cat-bottes-de-travail-6","8":"product_cat-femmes","9":"product_cat-hommes","10":"product_tag-bottillons-de-travail","11":"product_tag-electric-shock-resistant","12":"product_tag-femme","13":"product_tag-homme","14":"product_tag-sole-protection","16":"first","17":"instock","18":"taxable","19":"shipping-taxable","20":"purchasable","21":"product-type-variable"},"yoast_head":"<!-- This site is optimized with the Yoast SEO plugin v25.3.1 - https:\/\/yoast.com\/wordpress\/plugins\/seo\/ -->\n<title>Botte de travail Royer - 5625GT - Le Magasin Industriel<\/title>\n<meta name=\"description\" content=\"Botte de travail Royer - 5625GT, bottillon 6&#039;&#039;, homologu\u00e9es CSA, imperm\u00e9ables avec embout en composite, embout pareshock, pour homme\" \/>\n<meta name=\"robots\" content=\"index, follow, max-snippet:-1, max-image-preview:large, max-video-preview:-1\" \/>\n<link rel=\"canonical\" href=\"https:\/\/autravail.ca\/en\/product\/botte-de-travail-royer-5625gt\/\" \/>\n<meta property=\"og:locale\" content=\"en_US\" \/>\n<meta property=\"og:type\" content=\"article\" \/>\n<meta property=\"og:title\" content=\"Botte de travail Royer - 5625GT - Le Magasin Industriel\" \/>\n<meta property=\"og:description\" content=\"Botte de travail Royer - 5625GT, bottillon 6&#039;&#039;, homologu\u00e9es CSA, imperm\u00e9ables avec embout en composite, embout pareshock, pour homme\" \/>\n<meta property=\"og:url\" content=\"https:\/\/autravail.ca\/en\/product\/botte-de-travail-royer-5625gt\/\" \/>\n<meta property=\"og:site_name\" content=\"Le Magasin Industriel\" \/>\n<meta property=\"article:publisher\" content=\"https:\/\/www.facebook.com\/lemagasinindustriel\/?locale=fr_FR\" \/>\n<meta property=\"article:modified_time\" content=\"2026-01-14T19:03:15+00:00\" \/>\n<meta property=\"og:image\" content=\"https:\/\/autravail.ca\/wp-content\/uploads\/2025\/05\/5625GT_A01.jpg\" \/>\n\t<meta property=\"og:image:width\" content=\"1000\" \/>\n\t<meta property=\"og:image:height\" content=\"1000\" \/>\n\t<meta property=\"og:image:type\" content=\"image\/jpeg\" \/>\n<meta name=\"twitter:card\" content=\"summary_large_image\" \/>\n<meta name=\"twitter:label1\" content=\"Est. reading time\" \/>\n\t<meta name=\"twitter:data1\" content=\"3 minutes\" \/>\n<script type=\"application\/ld+json\" class=\"yoast-schema-graph\">{\"@context\":\"https:\/\/schema.org\",\"@graph\":[{\"@type\":\"WebPage\",\"@id\":\"https:\/\/autravail.ca\/product\/botte-de-travail-royer-5625gt\/\",\"url\":\"https:\/\/autravail.ca\/product\/botte-de-travail-royer-5625gt\/\",\"name\":\"Botte de travail Royer - 5625GT - Le Magasin Industriel\",\"isPartOf\":{\"@id\":\"https:\/\/autravail.ca\/#website\"},\"primaryImageOfPage\":{\"@id\":\"https:\/\/autravail.ca\/product\/botte-de-travail-royer-5625gt\/#primaryimage\"},\"image\":{\"@id\":\"https:\/\/autravail.ca\/product\/botte-de-travail-royer-5625gt\/#primaryimage\"},\"thumbnailUrl\":\"https:\/\/autravail.ca\/wp-content\/uploads\/2025\/05\/5625GT_A01.jpg\",\"datePublished\":\"2025-05-08T06:27:38+00:00\",\"dateModified\":\"2026-01-14T19:03:15+00:00\",\"description\":\"Botte de travail Royer - 5625GT, bottillon 6'', homologu\u00e9es CSA, imperm\u00e9ables avec embout en composite, embout pareshock, pour homme\",\"breadcrumb\":{\"@id\":\"https:\/\/autravail.ca\/product\/botte-de-travail-royer-5625gt\/#breadcrumb\"},\"inLanguage\":\"en-CA\",\"potentialAction\":[{\"@type\":\"ReadAction\",\"target\":[\"https:\/\/autravail.ca\/product\/botte-de-travail-royer-5625gt\/\"]}]},{\"@type\":\"ImageObject\",\"inLanguage\":\"en-CA\",\"@id\":\"https:\/\/autravail.ca\/product\/botte-de-travail-royer-5625gt\/#primaryimage\",\"url\":\"https:\/\/autravail.ca\/wp-content\/uploads\/2025\/05\/5625GT_A01.jpg\",\"contentUrl\":\"https:\/\/autravail.ca\/wp-content\/uploads\/2025\/05\/5625GT_A01.jpg\",\"width\":1000,\"height\":1000},{\"@type\":\"BreadcrumbList\",\"@id\":\"https:\/\/autravail.ca\/product\/botte-de-travail-royer-5625gt\/#breadcrumb\",\"itemListElement\":[{\"@type\":\"ListItem\",\"position\":1,\"name\":\"Accueil\",\"item\":\"https:\/\/autravail.ca\/\"},{\"@type\":\"ListItem\",\"position\":2,\"name\":\"Magasin\",\"item\":\"https:\/\/autravail.ca\/en\/shop\/\"},{\"@type\":\"ListItem\",\"position\":3,\"name\":\"Botte de travail Royer &#8211; 5625GT\"}]},{\"@type\":\"WebSite\",\"@id\":\"https:\/\/autravail.ca\/#website\",\"url\":\"https:\/\/autravail.ca\/\",\"name\":\"Le Magasin Industriel\",\"description\":\"50 ans de tradition de s\u00e9curit\u00e9 au travail\",\"publisher\":{\"@id\":\"https:\/\/autravail.ca\/#organization\"},\"potentialAction\":[{\"@type\":\"SearchAction\",\"target\":{\"@type\":\"EntryPoint\",\"urlTemplate\":\"https:\/\/autravail.ca\/?s={search_term_string}\"},\"query-input\":{\"@type\":\"PropertyValueSpecification\",\"valueRequired\":true,\"valueName\":\"search_term_string\"}}],\"inLanguage\":\"en-CA\"},{\"@type\":\"Organization\",\"@id\":\"https:\/\/autravail.ca\/#organization\",\"name\":\"Le Magasin Industriel\",\"url\":\"https:\/\/autravail.ca\/\",\"logo\":{\"@type\":\"ImageObject\",\"inLanguage\":\"en-CA\",\"@id\":\"https:\/\/autravail.ca\/#\/schema\/logo\/image\/\",\"url\":\"https:\/\/autravail.ca\/wp-content\/uploads\/2025\/05\/cropped-magasin_industriel_120x.avif\",\"contentUrl\":\"https:\/\/autravail.ca\/wp-content\/uploads\/2025\/05\/cropped-magasin_industriel_120x.avif\",\"width\":120,\"height\":24,\"caption\":\"Le Magasin Industriel\"},\"image\":{\"@id\":\"https:\/\/autravail.ca\/#\/schema\/logo\/image\/\"},\"sameAs\":[\"https:\/\/www.facebook.com\/lemagasinindustriel\/?locale=fr_FR\"]}]}<\/script>\n<!-- \/ Yoast SEO plugin. -->","yoast_head_json":{"title":"Botte de travail Royer - 5625GT - Le Magasin Industriel","description":"Botte de travail Royer - 5625GT, bottillon 6'', homologu\u00e9es CSA, imperm\u00e9ables avec embout en composite, embout pareshock, pour homme","robots":{"index":"index","follow":"follow","max-snippet":"max-snippet:-1","max-image-preview":"max-image-preview:large","max-video-preview":"max-video-preview:-1"},"canonical":"https:\/\/autravail.ca\/en\/product\/botte-de-travail-royer-5625gt\/","og_locale":"en_US","og_type":"article","og_title":"Botte de travail Royer - 5625GT - Le Magasin Industriel","og_description":"Botte de travail Royer - 5625GT, bottillon 6'', homologu\u00e9es CSA, imperm\u00e9ables avec embout en composite, embout pareshock, pour homme","og_url":"https:\/\/autravail.ca\/en\/product\/botte-de-travail-royer-5625gt\/","og_site_name":"Le Magasin Industriel","article_publisher":"https:\/\/www.facebook.com\/lemagasinindustriel\/?locale=fr_FR","article_modified_time":"2026-01-14T19:03:15+00:00","og_image":[{"width":1000,"height":1000,"url":"https:\/\/autravail.ca\/wp-content\/uploads\/2025\/05\/5625GT_A01.jpg","type":"image\/jpeg"}],"twitter_card":"summary_large_image","twitter_misc":{"Est. reading time":"3 minutes"},"schema":{"@context":"https:\/\/schema.org","@graph":[{"@type":"WebPage","@id":"https:\/\/autravail.ca\/product\/botte-de-travail-royer-5625gt\/","url":"https:\/\/autravail.ca\/product\/botte-de-travail-royer-5625gt\/","name":"Botte de travail Royer - 5625GT - Le Magasin Industriel","isPartOf":{"@id":"https:\/\/autravail.ca\/#website"},"primaryImageOfPage":{"@id":"https:\/\/autravail.ca\/product\/botte-de-travail-royer-5625gt\/#primaryimage"},"image":{"@id":"https:\/\/autravail.ca\/product\/botte-de-travail-royer-5625gt\/#primaryimage"},"thumbnailUrl":"https:\/\/autravail.ca\/wp-content\/uploads\/2025\/05\/5625GT_A01.jpg","datePublished":"2025-05-08T06:27:38+00:00","dateModified":"2026-01-14T19:03:15+00:00","description":"Botte de travail Royer - 5625GT, bottillon 6'', homologu\u00e9es CSA, imperm\u00e9ables avec embout en composite, embout pareshock, pour homme","breadcrumb":{"@id":"https:\/\/autravail.ca\/product\/botte-de-travail-royer-5625gt\/#breadcrumb"},"inLanguage":"en-CA","potentialAction":[{"@type":"ReadAction","target":["https:\/\/autravail.ca\/product\/botte-de-travail-royer-5625gt\/"]}]},{"@type":"ImageObject","inLanguage":"en-CA","@id":"https:\/\/autravail.ca\/product\/botte-de-travail-royer-5625gt\/#primaryimage","url":"https:\/\/autravail.ca\/wp-content\/uploads\/2025\/05\/5625GT_A01.jpg","contentUrl":"https:\/\/autravail.ca\/wp-content\/uploads\/2025\/05\/5625GT_A01.jpg","width":1000,"height":1000},{"@type":"BreadcrumbList","@id":"https:\/\/autravail.ca\/product\/botte-de-travail-royer-5625gt\/#breadcrumb","itemListElement":[{"@type":"ListItem","position":1,"name":"Accueil","item":"https:\/\/autravail.ca\/"},{"@type":"ListItem","position":2,"name":"Magasin","item":"https:\/\/autravail.ca\/en\/shop\/"},{"@type":"ListItem","position":3,"name":"Botte de travail Royer &#8211; 5625GT"}]},{"@type":"WebSite","@id":"https:\/\/autravail.ca\/#website","url":"https:\/\/autravail.ca\/","name":"Le Magasin Industriel","description":"50 ans de tradition de s\u00e9curit\u00e9 au travail","publisher":{"@id":"https:\/\/autravail.ca\/#organization"},"potentialAction":[{"@type":"SearchAction","target":{"@type":"EntryPoint","urlTemplate":"https:\/\/autravail.ca\/?s={search_term_string}"},"query-input":{"@type":"PropertyValueSpecification","valueRequired":true,"valueName":"search_term_string"}}],"inLanguage":"en-CA"},{"@type":"Organization","@id":"https:\/\/autravail.ca\/#organization","name":"Le Magasin Industriel","url":"https:\/\/autravail.ca\/","logo":{"@type":"ImageObject","inLanguage":"en-CA","@id":"https:\/\/autravail.ca\/#\/schema\/logo\/image\/","url":"https:\/\/autravail.ca\/wp-content\/uploads\/2025\/05\/cropped-magasin_industriel_120x.avif","contentUrl":"https:\/\/autravail.ca\/wp-content\/uploads\/2025\/05\/cropped-magasin_industriel_120x.avif","width":120,"height":24,"caption":"Le Magasin Industriel"},"image":{"@id":"https:\/\/autravail.ca\/#\/schema\/logo\/image\/"},"sameAs":["https:\/\/www.facebook.com\/lemagasinindustriel\/?locale=fr_FR"]}]}},"jetpack_sharing_enabled":true,"_links":{"self":[{"href":"https:\/\/autravail.ca\/en\/wp-json\/wp\/v2\/product\/28490","targetHints":{"allow":["GET"]}}],"collection":[{"href":"https:\/\/autravail.ca\/en\/wp-json\/wp\/v2\/product"}],"about":[{"href":"https:\/\/autravail.ca\/en\/wp-json\/wp\/v2\/types\/product"}],"replies":[{"embeddable":true,"href":"https:\/\/autravail.ca\/en\/wp-json\/wp\/v2\/comments?post=28490"}],"wp:featuredmedia":[{"embeddable":true,"href":"https:\/\/autravail.ca\/en\/wp-json\/wp\/v2\/media\/11934"}],"wp:attachment":[{"href":"https:\/\/autravail.ca\/en\/wp-json\/wp\/v2\/media?parent=28490"}],"wp:term":[{"taxonomy":"product_cat","embeddable":true,"href":"https:\/\/autravail.ca\/en\/wp-json\/wp\/v2\/product_cat?post=28490"},{"taxonomy":"product_tag","embeddable":true,"href":"https:\/\/autravail.ca\/en\/wp-json\/wp\/v2\/product_tag?post=28490"}],"curies":[{"name":"wp","href":"https:\/\/api.w.org\/{rel}","templated":true}]}}