{"id":28460,"date":"2025-05-08T06:27:27","date_gmt":"2025-05-08T06:27:27","guid":{"rendered":"https:\/\/meteoquebec.ca\/?post_type=product&#038;p=28460"},"modified":"2026-01-08T15:14:33","modified_gmt":"2026-01-08T19:14:33","slug":"botte-de-travail-royer-5605ag","status":"publish","type":"product","link":"https:\/\/autravail.ca\/en\/product\/botte-de-travail-royer-5605ag\/","title":{"rendered":"Botte de travail Royer &#8211; 5605AG"},"content":{"rendered":"<h3>Botte de travail Royer &#8211; 5605AG<\/h3>\n<p>Work boots <a href=\"https:\/\/autravail.ca\/en\/product-brand\/royer\/\">Royer<\/a> &#8211; 5605AG est l&rsquo;\u00e9volution \u00ab hivernale et imperm\u00e9able \u00bb de la s\u00e9rie Agility que nous avons vue pr\u00e9c\u00e9demment. C&rsquo;est l&rsquo;une des bottes les plus avanc\u00e9es techniquement chez Royer pour ceux qui travaillent \u00e0 l&rsquo;ext\u00e9rieur ou dans des environnements humides et glissants.<\/p>\n<p><img decoding=\"async\" class=\"alignnone size-full wp-image-40117\" src=\"https:\/\/autravail.ca\/wp-content\/uploads\/2025\/09\/Certification-Omega-Triangle-vert.jpg\" alt=\"Certifications Om\u00e9ga Triangle vert\" width=\"193\" height=\"110\" srcset=\"https:\/\/autravail.ca\/wp-content\/uploads\/2025\/09\/Certification-Omega-Triangle-vert.jpg 193w, https:\/\/autravail.ca\/wp-content\/uploads\/2025\/09\/Certification-Omega-Triangle-vert-150x85.jpg 150w, https:\/\/autravail.ca\/wp-content\/uploads\/2025\/09\/Certification-Omega-Triangle-vert-18x10.jpg 18w\" sizes=\"(max-width: 193px) 100vw, 193px\" \/><\/p>\n<div class=\"product-information-feature-header\">\n<h6 class=\"mb-4\"><span dir=\"auto\">Caract\u00e9ristiques du produit<\/span><\/h6>\n<\/div>\n<ul class=\"temp-feature-list royer-temp-feature-list\">\n<li><span dir=\"auto\">Membrane \u00e9tanche AIRFLOW<\/span><\/li>\n<li><span dir=\"auto\">Tissu SHIELDTEX r\u00e9sistant \u00e0 l&rsquo;abrasion<\/span><\/li>\n<li><span dir=\"auto\">Cuir pleine fleur imperm\u00e9able<\/span><\/li>\n<li><span dir=\"auto\">Embout de protection composite<\/span><\/li>\n<li><span dir=\"auto\">Pare-chocs PARESHOK en TPU ultra-r\u00e9sistant pour les orteils<\/span><\/li>\n<li><span dir=\"auto\">Semelle int\u00e9rieure non m\u00e9tallique r\u00e9sistante \u00e0 la perforation<\/span><\/li>\n<li><span dir=\"auto\">Semelle interm\u00e9diaire en PU \u00e0 fixation directe<\/span><\/li>\n<li><span dir=\"auto\">Electrical Risks Protection<\/span><\/li>\n<li><span dir=\"auto\">Bottes ultra-l\u00e9g\u00e8res et sans m\u00e9tal de 6 pouces<\/span><\/li>\n<li><span dir=\"auto\">Semelle ext\u00e9rieure en caoutchouc VIBRAM ARCTIC GRIP pour une adh\u00e9rence optimale sur la glace mouill\u00e9e<\/span><\/li>\n<li><span dir=\"auto\">Semelle int\u00e9rieure R-LITE confortable et respirante<\/span><\/li>\n<\/ul>\n<h6><span dir=\"auto\">Semelle ext\u00e9rieure VIBRAM\u00ae ARCTIC GRIP PRO\u2122<\/span><\/h6>\n<p><span dir=\"auto\">VIBRAM\u00ae ARCTIC GRIP PRO\u2122 est une technologie de semelle ext\u00e9rieure avanc\u00e9e pour temps froid, con\u00e7ue pour am\u00e9liorer les performances sur glace mouill\u00e9e et s\u00e8che, assurant une adh\u00e9rence exceptionnelle dans les conditions hivernales les plus rigoureuses.<\/span><\/p>\n<h6><span dir=\"auto\">Membrane imperm\u00e9able AIRFLOW\u2122<\/span><\/h6>\n<p><span dir=\"auto\">AIRFLOW\u2122 est notre membrane imperm\u00e9able exclusive et durable qui emp\u00eache l&rsquo;eau de p\u00e9n\u00e9trer tout en laissant l&rsquo;humidit\u00e9 s&rsquo;\u00e9chapper, assurant ainsi confort et s\u00e9cheresse \u00e0 l&rsquo;int\u00e9rieur de la botte.<\/span><\/p>\n<p><em><span style=\"color: #fa0b0b;\">Unisex U.S. men's sizes presented. To convert to U.S. women's size, add 2 sizes. Example: 5 U.S. men = 7 U.S. women<\/span><\/em><\/p>\n<p><img decoding=\"async\" class=\"alignnone wp-image-40620\" src=\"https:\/\/autravail.ca\/wp-content\/uploads\/2025\/09\/Jachete-quebec-et-canada.jpg\" alt=\"Logo de l'achat local\" width=\"162\" height=\"139\" \/>Merci d&rsquo;encourager une entreprise 100% d&rsquo;ici!<\/p>\n<p>TS2601H<\/p>","protected":false},"excerpt":{"rendered":"<p>Botte de travail Royer &#8211; 5605AG Botte de travail Royer &#8211; 5605AG est l&rsquo;\u00e9volution \u00ab hivernale et imperm\u00e9able \u00bb de la s\u00e9rie Agility que nous avons vue pr\u00e9c\u00e9demment. C&rsquo;est l&rsquo;une des bottes les plus avanc\u00e9es techniquement chez Royer pour ceux qui travaillent \u00e0 l&rsquo;ext\u00e9rieur ou dans des environnements humides et glissants. Caract\u00e9ristiques du produit Membrane [&hellip;]<\/p>","protected":false},"featured_media":11890,"comment_status":"open","ping_status":"closed","template":"","meta":[],"product_cat":[621,633,602],"product_tag":[260,252,255,242,253],"class_list":{"0":"post-28460","1":"product","2":"type-product","3":"status-publish","4":"has-post-thumbnail","6":"product_brand-royer","7":"product_cat-bottes-de-travail-6","8":"product_cat-femmes","9":"product_cat-hommes","10":"product_tag-bottillons-de-travail","11":"product_tag-electric-shock-resistant","12":"product_tag-femme","13":"product_tag-homme","14":"product_tag-sole-protection","16":"first","17":"instock","18":"taxable","19":"shipping-taxable","20":"purchasable","21":"product-type-variable"},"yoast_head":"<!-- This site is optimized with the Yoast SEO plugin v25.3.1 - https:\/\/yoast.com\/wordpress\/plugins\/seo\/ -->\n<title>Botte de travail Royer - 5605AG - Le Magasin Industriel<\/title>\n<meta name=\"description\" content=\"Botte de travail Royer - 5605AG, Agility Arctic Grip Pro, semelle Vibram, membrane imperm\u00e9able AirFlow, embout en composite\" \/>\n<meta name=\"robots\" content=\"index, follow, max-snippet:-1, max-image-preview:large, max-video-preview:-1\" \/>\n<link rel=\"canonical\" href=\"https:\/\/autravail.ca\/en\/product\/botte-de-travail-royer-5605ag\/\" \/>\n<meta property=\"og:locale\" content=\"en_US\" \/>\n<meta property=\"og:type\" content=\"article\" \/>\n<meta property=\"og:title\" content=\"Botte de travail Royer - 5605AG - Le Magasin Industriel\" \/>\n<meta property=\"og:description\" content=\"Botte de travail Royer - 5605AG, Agility Arctic Grip Pro, semelle Vibram, membrane imperm\u00e9able AirFlow, embout en composite\" \/>\n<meta property=\"og:url\" content=\"https:\/\/autravail.ca\/en\/product\/botte-de-travail-royer-5605ag\/\" \/>\n<meta property=\"og:site_name\" content=\"Le Magasin Industriel\" \/>\n<meta property=\"article:publisher\" content=\"https:\/\/www.facebook.com\/lemagasinindustriel\/?locale=fr_FR\" \/>\n<meta property=\"article:modified_time\" content=\"2026-01-08T19:14:33+00:00\" \/>\n<meta property=\"og:image\" content=\"https:\/\/autravail.ca\/wp-content\/uploads\/2025\/05\/5608AG_A01.jpg\" \/>\n\t<meta property=\"og:image:width\" content=\"1000\" \/>\n\t<meta property=\"og:image:height\" content=\"1000\" \/>\n\t<meta property=\"og:image:type\" content=\"image\/jpeg\" \/>\n<meta name=\"twitter:card\" content=\"summary_large_image\" \/>\n<meta name=\"twitter:label1\" content=\"Est. reading time\" \/>\n\t<meta name=\"twitter:data1\" content=\"2 minutes\" \/>\n<script type=\"application\/ld+json\" class=\"yoast-schema-graph\">{\"@context\":\"https:\/\/schema.org\",\"@graph\":[{\"@type\":\"WebPage\",\"@id\":\"https:\/\/autravail.ca\/product\/botte-de-travail-royer-5605ag\/\",\"url\":\"https:\/\/autravail.ca\/product\/botte-de-travail-royer-5605ag\/\",\"name\":\"Botte de travail Royer - 5605AG - Le Magasin Industriel\",\"isPartOf\":{\"@id\":\"https:\/\/autravail.ca\/#website\"},\"primaryImageOfPage\":{\"@id\":\"https:\/\/autravail.ca\/product\/botte-de-travail-royer-5605ag\/#primaryimage\"},\"image\":{\"@id\":\"https:\/\/autravail.ca\/product\/botte-de-travail-royer-5605ag\/#primaryimage\"},\"thumbnailUrl\":\"https:\/\/autravail.ca\/wp-content\/uploads\/2025\/05\/5608AG_A01.jpg\",\"datePublished\":\"2025-05-08T06:27:27+00:00\",\"dateModified\":\"2026-01-08T19:14:33+00:00\",\"description\":\"Botte de travail Royer - 5605AG, Agility Arctic Grip Pro, semelle Vibram, membrane imperm\u00e9able AirFlow, embout en composite\",\"breadcrumb\":{\"@id\":\"https:\/\/autravail.ca\/product\/botte-de-travail-royer-5605ag\/#breadcrumb\"},\"inLanguage\":\"en-CA\",\"potentialAction\":[{\"@type\":\"ReadAction\",\"target\":[\"https:\/\/autravail.ca\/product\/botte-de-travail-royer-5605ag\/\"]}]},{\"@type\":\"ImageObject\",\"inLanguage\":\"en-CA\",\"@id\":\"https:\/\/autravail.ca\/product\/botte-de-travail-royer-5605ag\/#primaryimage\",\"url\":\"https:\/\/autravail.ca\/wp-content\/uploads\/2025\/05\/5608AG_A01.jpg\",\"contentUrl\":\"https:\/\/autravail.ca\/wp-content\/uploads\/2025\/05\/5608AG_A01.jpg\",\"width\":1000,\"height\":1000},{\"@type\":\"BreadcrumbList\",\"@id\":\"https:\/\/autravail.ca\/product\/botte-de-travail-royer-5605ag\/#breadcrumb\",\"itemListElement\":[{\"@type\":\"ListItem\",\"position\":1,\"name\":\"Accueil\",\"item\":\"https:\/\/autravail.ca\/\"},{\"@type\":\"ListItem\",\"position\":2,\"name\":\"Magasin\",\"item\":\"https:\/\/autravail.ca\/en\/shop\/\"},{\"@type\":\"ListItem\",\"position\":3,\"name\":\"Botte de travail Royer &#8211; 5605AG\"}]},{\"@type\":\"WebSite\",\"@id\":\"https:\/\/autravail.ca\/#website\",\"url\":\"https:\/\/autravail.ca\/\",\"name\":\"Le Magasin Industriel\",\"description\":\"50 ans de tradition de s\u00e9curit\u00e9 au travail\",\"publisher\":{\"@id\":\"https:\/\/autravail.ca\/#organization\"},\"potentialAction\":[{\"@type\":\"SearchAction\",\"target\":{\"@type\":\"EntryPoint\",\"urlTemplate\":\"https:\/\/autravail.ca\/?s={search_term_string}\"},\"query-input\":{\"@type\":\"PropertyValueSpecification\",\"valueRequired\":true,\"valueName\":\"search_term_string\"}}],\"inLanguage\":\"en-CA\"},{\"@type\":\"Organization\",\"@id\":\"https:\/\/autravail.ca\/#organization\",\"name\":\"Le Magasin Industriel\",\"url\":\"https:\/\/autravail.ca\/\",\"logo\":{\"@type\":\"ImageObject\",\"inLanguage\":\"en-CA\",\"@id\":\"https:\/\/autravail.ca\/#\/schema\/logo\/image\/\",\"url\":\"https:\/\/autravail.ca\/wp-content\/uploads\/2025\/05\/cropped-magasin_industriel_120x.avif\",\"contentUrl\":\"https:\/\/autravail.ca\/wp-content\/uploads\/2025\/05\/cropped-magasin_industriel_120x.avif\",\"width\":120,\"height\":24,\"caption\":\"Le Magasin Industriel\"},\"image\":{\"@id\":\"https:\/\/autravail.ca\/#\/schema\/logo\/image\/\"},\"sameAs\":[\"https:\/\/www.facebook.com\/lemagasinindustriel\/?locale=fr_FR\"]}]}<\/script>\n<!-- \/ Yoast SEO plugin. -->","yoast_head_json":{"title":"Botte de travail Royer - 5605AG - Le Magasin Industriel","description":"Botte de travail Royer - 5605AG, Agility Arctic Grip Pro, semelle Vibram, membrane imperm\u00e9able AirFlow, embout en composite","robots":{"index":"index","follow":"follow","max-snippet":"max-snippet:-1","max-image-preview":"max-image-preview:large","max-video-preview":"max-video-preview:-1"},"canonical":"https:\/\/autravail.ca\/en\/product\/botte-de-travail-royer-5605ag\/","og_locale":"en_US","og_type":"article","og_title":"Botte de travail Royer - 5605AG - Le Magasin Industriel","og_description":"Botte de travail Royer - 5605AG, Agility Arctic Grip Pro, semelle Vibram, membrane imperm\u00e9able AirFlow, embout en composite","og_url":"https:\/\/autravail.ca\/en\/product\/botte-de-travail-royer-5605ag\/","og_site_name":"Le Magasin Industriel","article_publisher":"https:\/\/www.facebook.com\/lemagasinindustriel\/?locale=fr_FR","article_modified_time":"2026-01-08T19:14:33+00:00","og_image":[{"width":1000,"height":1000,"url":"https:\/\/autravail.ca\/wp-content\/uploads\/2025\/05\/5608AG_A01.jpg","type":"image\/jpeg"}],"twitter_card":"summary_large_image","twitter_misc":{"Est. reading time":"2 minutes"},"schema":{"@context":"https:\/\/schema.org","@graph":[{"@type":"WebPage","@id":"https:\/\/autravail.ca\/product\/botte-de-travail-royer-5605ag\/","url":"https:\/\/autravail.ca\/product\/botte-de-travail-royer-5605ag\/","name":"Botte de travail Royer - 5605AG - Le Magasin Industriel","isPartOf":{"@id":"https:\/\/autravail.ca\/#website"},"primaryImageOfPage":{"@id":"https:\/\/autravail.ca\/product\/botte-de-travail-royer-5605ag\/#primaryimage"},"image":{"@id":"https:\/\/autravail.ca\/product\/botte-de-travail-royer-5605ag\/#primaryimage"},"thumbnailUrl":"https:\/\/autravail.ca\/wp-content\/uploads\/2025\/05\/5608AG_A01.jpg","datePublished":"2025-05-08T06:27:27+00:00","dateModified":"2026-01-08T19:14:33+00:00","description":"Botte de travail Royer - 5605AG, Agility Arctic Grip Pro, semelle Vibram, membrane imperm\u00e9able AirFlow, embout en composite","breadcrumb":{"@id":"https:\/\/autravail.ca\/product\/botte-de-travail-royer-5605ag\/#breadcrumb"},"inLanguage":"en-CA","potentialAction":[{"@type":"ReadAction","target":["https:\/\/autravail.ca\/product\/botte-de-travail-royer-5605ag\/"]}]},{"@type":"ImageObject","inLanguage":"en-CA","@id":"https:\/\/autravail.ca\/product\/botte-de-travail-royer-5605ag\/#primaryimage","url":"https:\/\/autravail.ca\/wp-content\/uploads\/2025\/05\/5608AG_A01.jpg","contentUrl":"https:\/\/autravail.ca\/wp-content\/uploads\/2025\/05\/5608AG_A01.jpg","width":1000,"height":1000},{"@type":"BreadcrumbList","@id":"https:\/\/autravail.ca\/product\/botte-de-travail-royer-5605ag\/#breadcrumb","itemListElement":[{"@type":"ListItem","position":1,"name":"Accueil","item":"https:\/\/autravail.ca\/"},{"@type":"ListItem","position":2,"name":"Magasin","item":"https:\/\/autravail.ca\/en\/shop\/"},{"@type":"ListItem","position":3,"name":"Botte de travail Royer &#8211; 5605AG"}]},{"@type":"WebSite","@id":"https:\/\/autravail.ca\/#website","url":"https:\/\/autravail.ca\/","name":"Le Magasin Industriel","description":"50 ans de tradition de s\u00e9curit\u00e9 au travail","publisher":{"@id":"https:\/\/autravail.ca\/#organization"},"potentialAction":[{"@type":"SearchAction","target":{"@type":"EntryPoint","urlTemplate":"https:\/\/autravail.ca\/?s={search_term_string}"},"query-input":{"@type":"PropertyValueSpecification","valueRequired":true,"valueName":"search_term_string"}}],"inLanguage":"en-CA"},{"@type":"Organization","@id":"https:\/\/autravail.ca\/#organization","name":"Le Magasin Industriel","url":"https:\/\/autravail.ca\/","logo":{"@type":"ImageObject","inLanguage":"en-CA","@id":"https:\/\/autravail.ca\/#\/schema\/logo\/image\/","url":"https:\/\/autravail.ca\/wp-content\/uploads\/2025\/05\/cropped-magasin_industriel_120x.avif","contentUrl":"https:\/\/autravail.ca\/wp-content\/uploads\/2025\/05\/cropped-magasin_industriel_120x.avif","width":120,"height":24,"caption":"Le Magasin Industriel"},"image":{"@id":"https:\/\/autravail.ca\/#\/schema\/logo\/image\/"},"sameAs":["https:\/\/www.facebook.com\/lemagasinindustriel\/?locale=fr_FR"]}]}},"jetpack_sharing_enabled":true,"_links":{"self":[{"href":"https:\/\/autravail.ca\/en\/wp-json\/wp\/v2\/product\/28460","targetHints":{"allow":["GET"]}}],"collection":[{"href":"https:\/\/autravail.ca\/en\/wp-json\/wp\/v2\/product"}],"about":[{"href":"https:\/\/autravail.ca\/en\/wp-json\/wp\/v2\/types\/product"}],"replies":[{"embeddable":true,"href":"https:\/\/autravail.ca\/en\/wp-json\/wp\/v2\/comments?post=28460"}],"wp:featuredmedia":[{"embeddable":true,"href":"https:\/\/autravail.ca\/en\/wp-json\/wp\/v2\/media\/11890"}],"wp:attachment":[{"href":"https:\/\/autravail.ca\/en\/wp-json\/wp\/v2\/media?parent=28460"}],"wp:term":[{"taxonomy":"product_cat","embeddable":true,"href":"https:\/\/autravail.ca\/en\/wp-json\/wp\/v2\/product_cat?post=28460"},{"taxonomy":"product_tag","embeddable":true,"href":"https:\/\/autravail.ca\/en\/wp-json\/wp\/v2\/product_tag?post=28460"}],"curies":[{"name":"wp","href":"https:\/\/api.w.org\/{rel}","templated":true}]}}