{"id":28282,"date":"2025-05-08T06:26:23","date_gmt":"2025-05-08T06:26:23","guid":{"rendered":"https:\/\/meteoquebec.ca\/?post_type=product&#038;p=28282"},"modified":"2025-12-05T05:11:30","modified_gmt":"2025-12-05T09:11:30","slug":"550239-soulier-de-travail-quentin","status":"publish","type":"product","link":"https:\/\/autravail.ca\/en\/product\/550239-soulier-de-travail-quentin\/","title":{"rendered":"550239 - WORK Shoes - QUENTIN"},"content":{"rendered":"<h3>Safety Shoe, Quentin - Mellow Walk<\/h3>\n<p>Quentin is a completely leather classic Mellow Walk safety shoe. This versatile slip-on offers a wide and comfortable fit and a contemporary look. With the addition of the composite toe and protection plate, Quentin is an ideal lightweight safety shoe for industries such as light manufacturing, hospitality, logistics and warehousing, as well as office attire.<br \/>Without metal.<br \/>Resistant to electrical shocks.<br \/>Resistant to Punctures.<br \/>Antislip<\/p>","protected":false},"excerpt":{"rendered":"<p>Soulier de s\u00e9curit\u00e9, Quentin &#8211; Mellow Walk Quentin est une chaussure de s\u00e9curit\u00e9 enti\u00e8rement en cuir au style classique Mellow Walk. Cette chaussure polyvalente \u00e0 enfiler offre un ajustement large et confortable et un look contemporain. Avec l&rsquo;ajout de l&#8217;embout composite et de la plaque de protection, Quentin est une chaussure de s\u00e9curit\u00e9 l\u00e9g\u00e8re id\u00e9ale [&hellip;]<\/p>","protected":false},"featured_media":11681,"comment_status":"open","ping_status":"closed","template":"","meta":[],"product_cat":[602,619],"product_tag":[252,242,253,257],"class_list":{"0":"post-28282","1":"product","2":"type-product","3":"status-publish","4":"has-post-thumbnail","6":"product_brand-mellow-walk","7":"product_cat-hommes","8":"product_cat-souliers-de-travail","9":"product_tag-electric-shock-resistant","10":"product_tag-homme","11":"product_tag-sole-protection","12":"product_tag-souliers-de-travail","14":"first","15":"instock","16":"taxable","17":"shipping-taxable","18":"purchasable","19":"product-type-variable"},"yoast_head":"<!-- This site is optimized with the Yoast SEO plugin v25.3.1 - https:\/\/yoast.com\/wordpress\/plugins\/seo\/ -->\n<title>550239 - SOULIER DE TRAVAIL - QUENTIN - Le Magasin Industriel<\/title>\n<meta name=\"robots\" content=\"index, follow, max-snippet:-1, max-image-preview:large, max-video-preview:-1\" \/>\n<link rel=\"canonical\" href=\"https:\/\/autravail.ca\/en\/product\/550239-soulier-de-travail-quentin\/\" \/>\n<meta property=\"og:locale\" content=\"en_US\" \/>\n<meta property=\"og:type\" content=\"article\" \/>\n<meta property=\"og:title\" content=\"550239 - SOULIER DE TRAVAIL - QUENTIN - Le Magasin Industriel\" \/>\n<meta property=\"og:description\" content=\"Soulier de s\u00e9curit\u00e9, Quentin &#8211; Mellow Walk Quentin est une chaussure de s\u00e9curit\u00e9 enti\u00e8rement en cuir au style classique Mellow Walk. Cette chaussure polyvalente \u00e0 enfiler offre un ajustement large et confortable et un look contemporain. Avec l&rsquo;ajout de l&#8217;embout composite et de la plaque de protection, Quentin est une chaussure de s\u00e9curit\u00e9 l\u00e9g\u00e8re id\u00e9ale [&hellip;]\" \/>\n<meta property=\"og:url\" content=\"https:\/\/autravail.ca\/en\/product\/550239-soulier-de-travail-quentin\/\" \/>\n<meta property=\"og:site_name\" content=\"Le Magasin Industriel\" \/>\n<meta property=\"article:publisher\" content=\"https:\/\/www.facebook.com\/lemagasinindustriel\/?locale=fr_FR\" \/>\n<meta property=\"article:modified_time\" content=\"2025-12-05T09:11:30+00:00\" \/>\n<meta property=\"og:image\" content=\"https:\/\/autravail.ca\/wp-content\/uploads\/2025\/05\/550239_A01.jpg\" \/>\n\t<meta property=\"og:image:width\" content=\"1000\" \/>\n\t<meta property=\"og:image:height\" content=\"1000\" \/>\n\t<meta property=\"og:image:type\" content=\"image\/jpeg\" \/>\n<meta name=\"twitter:card\" content=\"summary_large_image\" \/>\n<script type=\"application\/ld+json\" class=\"yoast-schema-graph\">{\"@context\":\"https:\/\/schema.org\",\"@graph\":[{\"@type\":\"WebPage\",\"@id\":\"https:\/\/autravail.ca\/product\/550239-soulier-de-travail-quentin\/\",\"url\":\"https:\/\/autravail.ca\/product\/550239-soulier-de-travail-quentin\/\",\"name\":\"550239 - SOULIER DE TRAVAIL - QUENTIN - Le Magasin Industriel\",\"isPartOf\":{\"@id\":\"https:\/\/autravail.ca\/#website\"},\"primaryImageOfPage\":{\"@id\":\"https:\/\/autravail.ca\/product\/550239-soulier-de-travail-quentin\/#primaryimage\"},\"image\":{\"@id\":\"https:\/\/autravail.ca\/product\/550239-soulier-de-travail-quentin\/#primaryimage\"},\"thumbnailUrl\":\"https:\/\/autravail.ca\/wp-content\/uploads\/2025\/05\/550239_A01.jpg\",\"datePublished\":\"2025-05-08T06:26:23+00:00\",\"dateModified\":\"2025-12-05T09:11:30+00:00\",\"breadcrumb\":{\"@id\":\"https:\/\/autravail.ca\/product\/550239-soulier-de-travail-quentin\/#breadcrumb\"},\"inLanguage\":\"en-CA\",\"potentialAction\":[{\"@type\":\"ReadAction\",\"target\":[\"https:\/\/autravail.ca\/product\/550239-soulier-de-travail-quentin\/\"]}]},{\"@type\":\"ImageObject\",\"inLanguage\":\"en-CA\",\"@id\":\"https:\/\/autravail.ca\/product\/550239-soulier-de-travail-quentin\/#primaryimage\",\"url\":\"https:\/\/autravail.ca\/wp-content\/uploads\/2025\/05\/550239_A01.jpg\",\"contentUrl\":\"https:\/\/autravail.ca\/wp-content\/uploads\/2025\/05\/550239_A01.jpg\",\"width\":1000,\"height\":1000},{\"@type\":\"BreadcrumbList\",\"@id\":\"https:\/\/autravail.ca\/product\/550239-soulier-de-travail-quentin\/#breadcrumb\",\"itemListElement\":[{\"@type\":\"ListItem\",\"position\":1,\"name\":\"Accueil\",\"item\":\"https:\/\/autravail.ca\/\"},{\"@type\":\"ListItem\",\"position\":2,\"name\":\"Magasin\",\"item\":\"https:\/\/autravail.ca\/en\/shop\/\"},{\"@type\":\"ListItem\",\"position\":3,\"name\":\"550239 &#8211; SOULIER DE TRAVAIL &#8211; QUENTIN\"}]},{\"@type\":\"WebSite\",\"@id\":\"https:\/\/autravail.ca\/#website\",\"url\":\"https:\/\/autravail.ca\/\",\"name\":\"Le Magasin Industriel\",\"description\":\"50 ans de tradition de s\u00e9curit\u00e9 au travail\",\"publisher\":{\"@id\":\"https:\/\/autravail.ca\/#organization\"},\"potentialAction\":[{\"@type\":\"SearchAction\",\"target\":{\"@type\":\"EntryPoint\",\"urlTemplate\":\"https:\/\/autravail.ca\/?s={search_term_string}\"},\"query-input\":{\"@type\":\"PropertyValueSpecification\",\"valueRequired\":true,\"valueName\":\"search_term_string\"}}],\"inLanguage\":\"en-CA\"},{\"@type\":\"Organization\",\"@id\":\"https:\/\/autravail.ca\/#organization\",\"name\":\"Le Magasin Industriel\",\"url\":\"https:\/\/autravail.ca\/\",\"logo\":{\"@type\":\"ImageObject\",\"inLanguage\":\"en-CA\",\"@id\":\"https:\/\/autravail.ca\/#\/schema\/logo\/image\/\",\"url\":\"https:\/\/autravail.ca\/wp-content\/uploads\/2025\/05\/cropped-magasin_industriel_120x.avif\",\"contentUrl\":\"https:\/\/autravail.ca\/wp-content\/uploads\/2025\/05\/cropped-magasin_industriel_120x.avif\",\"width\":120,\"height\":24,\"caption\":\"Le Magasin Industriel\"},\"image\":{\"@id\":\"https:\/\/autravail.ca\/#\/schema\/logo\/image\/\"},\"sameAs\":[\"https:\/\/www.facebook.com\/lemagasinindustriel\/?locale=fr_FR\"]}]}<\/script>\n<!-- \/ Yoast SEO plugin. -->","yoast_head_json":{"title":"550239 - SOULIER DE TRAVAIL - QUENTIN - Le Magasin Industriel","robots":{"index":"index","follow":"follow","max-snippet":"max-snippet:-1","max-image-preview":"max-image-preview:large","max-video-preview":"max-video-preview:-1"},"canonical":"https:\/\/autravail.ca\/en\/product\/550239-soulier-de-travail-quentin\/","og_locale":"en_US","og_type":"article","og_title":"550239 - SOULIER DE TRAVAIL - QUENTIN - Le Magasin Industriel","og_description":"Soulier de s\u00e9curit\u00e9, Quentin &#8211; Mellow Walk Quentin est une chaussure de s\u00e9curit\u00e9 enti\u00e8rement en cuir au style classique Mellow Walk. Cette chaussure polyvalente \u00e0 enfiler offre un ajustement large et confortable et un look contemporain. Avec l&rsquo;ajout de l&#8217;embout composite et de la plaque de protection, Quentin est une chaussure de s\u00e9curit\u00e9 l\u00e9g\u00e8re id\u00e9ale [&hellip;]","og_url":"https:\/\/autravail.ca\/en\/product\/550239-soulier-de-travail-quentin\/","og_site_name":"Le Magasin Industriel","article_publisher":"https:\/\/www.facebook.com\/lemagasinindustriel\/?locale=fr_FR","article_modified_time":"2025-12-05T09:11:30+00:00","og_image":[{"width":1000,"height":1000,"url":"https:\/\/autravail.ca\/wp-content\/uploads\/2025\/05\/550239_A01.jpg","type":"image\/jpeg"}],"twitter_card":"summary_large_image","schema":{"@context":"https:\/\/schema.org","@graph":[{"@type":"WebPage","@id":"https:\/\/autravail.ca\/product\/550239-soulier-de-travail-quentin\/","url":"https:\/\/autravail.ca\/product\/550239-soulier-de-travail-quentin\/","name":"550239 - SOULIER DE TRAVAIL - QUENTIN - Le Magasin Industriel","isPartOf":{"@id":"https:\/\/autravail.ca\/#website"},"primaryImageOfPage":{"@id":"https:\/\/autravail.ca\/product\/550239-soulier-de-travail-quentin\/#primaryimage"},"image":{"@id":"https:\/\/autravail.ca\/product\/550239-soulier-de-travail-quentin\/#primaryimage"},"thumbnailUrl":"https:\/\/autravail.ca\/wp-content\/uploads\/2025\/05\/550239_A01.jpg","datePublished":"2025-05-08T06:26:23+00:00","dateModified":"2025-12-05T09:11:30+00:00","breadcrumb":{"@id":"https:\/\/autravail.ca\/product\/550239-soulier-de-travail-quentin\/#breadcrumb"},"inLanguage":"en-CA","potentialAction":[{"@type":"ReadAction","target":["https:\/\/autravail.ca\/product\/550239-soulier-de-travail-quentin\/"]}]},{"@type":"ImageObject","inLanguage":"en-CA","@id":"https:\/\/autravail.ca\/product\/550239-soulier-de-travail-quentin\/#primaryimage","url":"https:\/\/autravail.ca\/wp-content\/uploads\/2025\/05\/550239_A01.jpg","contentUrl":"https:\/\/autravail.ca\/wp-content\/uploads\/2025\/05\/550239_A01.jpg","width":1000,"height":1000},{"@type":"BreadcrumbList","@id":"https:\/\/autravail.ca\/product\/550239-soulier-de-travail-quentin\/#breadcrumb","itemListElement":[{"@type":"ListItem","position":1,"name":"Accueil","item":"https:\/\/autravail.ca\/"},{"@type":"ListItem","position":2,"name":"Magasin","item":"https:\/\/autravail.ca\/en\/shop\/"},{"@type":"ListItem","position":3,"name":"550239 &#8211; SOULIER DE TRAVAIL &#8211; QUENTIN"}]},{"@type":"WebSite","@id":"https:\/\/autravail.ca\/#website","url":"https:\/\/autravail.ca\/","name":"Le Magasin Industriel","description":"50 ans de tradition de s\u00e9curit\u00e9 au travail","publisher":{"@id":"https:\/\/autravail.ca\/#organization"},"potentialAction":[{"@type":"SearchAction","target":{"@type":"EntryPoint","urlTemplate":"https:\/\/autravail.ca\/?s={search_term_string}"},"query-input":{"@type":"PropertyValueSpecification","valueRequired":true,"valueName":"search_term_string"}}],"inLanguage":"en-CA"},{"@type":"Organization","@id":"https:\/\/autravail.ca\/#organization","name":"Le Magasin Industriel","url":"https:\/\/autravail.ca\/","logo":{"@type":"ImageObject","inLanguage":"en-CA","@id":"https:\/\/autravail.ca\/#\/schema\/logo\/image\/","url":"https:\/\/autravail.ca\/wp-content\/uploads\/2025\/05\/cropped-magasin_industriel_120x.avif","contentUrl":"https:\/\/autravail.ca\/wp-content\/uploads\/2025\/05\/cropped-magasin_industriel_120x.avif","width":120,"height":24,"caption":"Le Magasin Industriel"},"image":{"@id":"https:\/\/autravail.ca\/#\/schema\/logo\/image\/"},"sameAs":["https:\/\/www.facebook.com\/lemagasinindustriel\/?locale=fr_FR"]}]}},"jetpack_sharing_enabled":true,"_links":{"self":[{"href":"https:\/\/autravail.ca\/en\/wp-json\/wp\/v2\/product\/28282","targetHints":{"allow":["GET"]}}],"collection":[{"href":"https:\/\/autravail.ca\/en\/wp-json\/wp\/v2\/product"}],"about":[{"href":"https:\/\/autravail.ca\/en\/wp-json\/wp\/v2\/types\/product"}],"replies":[{"embeddable":true,"href":"https:\/\/autravail.ca\/en\/wp-json\/wp\/v2\/comments?post=28282"}],"wp:featuredmedia":[{"embeddable":true,"href":"https:\/\/autravail.ca\/en\/wp-json\/wp\/v2\/media\/11681"}],"wp:attachment":[{"href":"https:\/\/autravail.ca\/en\/wp-json\/wp\/v2\/media?parent=28282"}],"wp:term":[{"taxonomy":"product_cat","embeddable":true,"href":"https:\/\/autravail.ca\/en\/wp-json\/wp\/v2\/product_cat?post=28282"},{"taxonomy":"product_tag","embeddable":true,"href":"https:\/\/autravail.ca\/en\/wp-json\/wp\/v2\/product_tag?post=28282"}],"curies":[{"name":"wp","href":"https:\/\/api.w.org\/{rel}","templated":true}]}}