{"id":28251,"date":"2025-05-08T06:26:11","date_gmt":"2025-05-08T06:26:11","guid":{"rendered":"https:\/\/meteoquebec.ca\/?post_type=product&#038;p=28251"},"modified":"2026-01-06T17:46:14","modified_gmt":"2026-01-06T21:46:14","slug":"botte-de-travail-royer-metatarse-5301vtag","status":"publish","type":"product","link":"https:\/\/autravail.ca\/en\/product\/botte-de-travail-royer-metatarse-5301vtag\/","title":{"rendered":"Botte de travail Royer M\u00e9tatarse &#8211; 5301VTAG"},"content":{"rendered":"<h3>Botte de travail Royer M\u00e9tatarse &#8211; 5301VTAG<\/h3>\n<p>Work boots <a href=\"https:\/\/autravail.ca\/en\/product-brand\/royer\/\">Royer<\/a> M\u00e9tatarse &#8211; 5301VTAG. C&rsquo;est une botte de s\u00e9curit\u00e9 robuste et hautement sp\u00e9cialis\u00e9e, con\u00e7ue pour les environnements de travail exigeants, particuli\u00e8rement ceux qui combinent des risques d&rsquo;impact et des conditions hivernales glissantes.<\/p>\n<p><img decoding=\"async\" class=\"alignnone size-full wp-image-40178\" src=\"https:\/\/autravail.ca\/wp-content\/uploads\/2025\/05\/Certification-Omega-Triangle-vert-Metatarse.jpg\" alt=\"Certifications CSA Om\u00e9ga, triangle vert, m\u00e9tatarse\" width=\"300\" height=\"112\" srcset=\"https:\/\/autravail.ca\/wp-content\/uploads\/2025\/05\/Certification-Omega-Triangle-vert-Metatarse.jpg 300w, https:\/\/autravail.ca\/wp-content\/uploads\/2025\/05\/Certification-Omega-Triangle-vert-Metatarse-150x56.jpg 150w, https:\/\/autravail.ca\/wp-content\/uploads\/2025\/05\/Certification-Omega-Triangle-vert-Metatarse-18x7.jpg 18w\" sizes=\"(max-width: 300px) 100vw, 300px\" \/><\/p>\n<div class=\"product-information-feature-header\">\n<h6 class=\"mb-4\"><span dir=\"auto\">Caract\u00e9ristiques du produit<\/span><\/h6>\n<\/div>\n<ul>\n<li style=\"list-style-type: none;\">\n<ul class=\"temp-feature-list royer-temp-feature-list\">\n<li><span dir=\"auto\">Bottes de 8 pouces<\/span><\/li>\n<li><span dir=\"auto\">Tige avec isolation thermique THINSULATE 200 g<\/span><\/li>\n<li><span dir=\"auto\">cuir de buffle<\/span><\/li>\n<li><span dir=\"auto\">Pare-chocs ext\u00e9rieur PARESHOK en TPU textur\u00e9 ultra-r\u00e9sistant pour les orteils<\/span><\/li>\n<li><span dir=\"auto\">Embout de protection composite<\/span><\/li>\n<li><span dir=\"auto\">Protection m\u00e9tatarsienne REALFLEX con\u00e7ue pour am\u00e9liorer le confort lors de la marche ou des flexions.<\/span><\/li>\n<li><span dir=\"auto\">Doublure TAIBRELLE<\/span><\/li>\n<li><span dir=\"auto\">Semelle interm\u00e9diaire en PU \u00e0 fixation directe<\/span><\/li>\n<li><span dir=\"auto\">Fils KEVLAR r\u00e9sistants \u00e0 la flamme<\/span><\/li>\n<li><span dir=\"auto\">Semelle int\u00e9rieure en polyur\u00e9thane \u00e0 faible densit\u00e9 pour un confort accru<\/span><\/li>\n<li><span dir=\"auto\">Electrical Risks Protection<\/span><\/li>\n<li><span dir=\"auto\">Semelle ext\u00e9rieure en caoutchouc VIBRAM ARCTIC GRIP pour une adh\u00e9rence optimale sur la glace mouill\u00e9e<\/span><\/li>\n<\/ul>\n<\/li>\n<\/ul>\n<h6><span dir=\"auto\">Protection m\u00e9tatarsienne externe REALFLEX\u2122<\/span><\/h6>\n<p><span dir=\"auto\">REALFLEX\u2122 offre une protection m\u00e9tatarsienne externe exclusive, assurant une r\u00e9sistance aux chutes d&rsquo;objets et aux impacts tout en maintenant une flexibilit\u00e9 naturelle pour la marche, l&rsquo;accroupissement ou la position \u00e0 genoux.<\/span><\/p>\n<h6><span dir=\"auto\">Fils renforc\u00e9s KEVLAR\u2122<\/span><\/h6>\n<p><span dir=\"auto\">Les fils renforc\u00e9s en KEVLAR\u2122 offrent une protection thermique extr\u00eame, con\u00e7ue pour r\u00e9sister \u00e0 la chaleur intense et \u00e0 l&rsquo;abrasion. Ils garantissent la s\u00e9curit\u00e9 de vos pieds m\u00eame dans les environnements les plus exigeants, soumis \u00e0 une chaleur extr\u00eame.<\/span><\/p>\n<p><em><span style=\"color: #fa0b0b;\">Unisex U.S. men's sizes presented. To convert to U.S. women's size, add 2 sizes. Example: 5 U.S. men = 7 U.S. women<\/span><\/em><\/p>\n<p><img decoding=\"async\" class=\"alignnone wp-image-40620\" src=\"https:\/\/autravail.ca\/wp-content\/uploads\/2025\/09\/Jachete-quebec-et-canada.jpg\" alt=\"Logo de l'achat local\" width=\"162\" height=\"139\" \/>Merci d&rsquo;encourager une entreprise 100% d&rsquo;ici!<\/p>\n<p>TS2601H<\/p>","protected":false},"excerpt":{"rendered":"<p>Botte de travail Royer M\u00e9tatarse &#8211; 5301VTAG Botte de travail Royer M\u00e9tatarse &#8211; 5301VTAG. C&rsquo;est une botte de s\u00e9curit\u00e9 robuste et hautement sp\u00e9cialis\u00e9e, con\u00e7ue pour les environnements de travail exigeants, particuli\u00e8rement ceux qui combinent des risques d&rsquo;impact et des conditions hivernales glissantes. Caract\u00e9ristiques du produit Bottes de 8 pouces Tige avec isolation thermique THINSULATE 200 [&hellip;]<\/p>","protected":false},"featured_media":11658,"comment_status":"open","ping_status":"closed","template":"","meta":[],"product_cat":[602,798,626],"product_tag":[251,265,252,242,267,253],"class_list":{"0":"post-28251","1":"product","2":"type-product","3":"status-publish","4":"has-post-thumbnail","6":"product_brand-royer","7":"product_cat-hommes","8":"product_cat-metatarse","9":"product_cat-protection-metatarsienne","10":"product_tag-bottes-de-travail","11":"product_tag-chaussures-specialisees","12":"product_tag-electric-shock-resistant","13":"product_tag-homme","14":"product_tag-metatarse-externe","15":"product_tag-sole-protection","17":"first","18":"instock","19":"taxable","20":"shipping-taxable","21":"purchasable","22":"product-type-variable"},"yoast_head":"<!-- This site is optimized with the Yoast SEO plugin v25.3.1 - https:\/\/yoast.com\/wordpress\/plugins\/seo\/ -->\n<title>Botte de travail Royer M\u00e9tatarse - 5301VTAG - Le Magasin Industriel<\/title>\n<meta name=\"description\" content=\"Botte de travail Royer M\u00e9tatarse - 5301VTAG, Ventura Realflex, isol\u00e9e embout en composite semelle Vibram et adh\u00e9rence sur la glace\" \/>\n<meta name=\"robots\" content=\"index, follow, max-snippet:-1, max-image-preview:large, max-video-preview:-1\" \/>\n<link rel=\"canonical\" href=\"https:\/\/autravail.ca\/en\/product\/botte-de-travail-royer-metatarse-5301vtag\/\" \/>\n<meta property=\"og:locale\" content=\"en_US\" \/>\n<meta property=\"og:type\" content=\"article\" \/>\n<meta property=\"og:title\" content=\"Botte de travail Royer M\u00e9tatarse - 5301VTAG - Le Magasin Industriel\" \/>\n<meta property=\"og:description\" content=\"Botte de travail Royer M\u00e9tatarse - 5301VTAG, Ventura Realflex, isol\u00e9e embout en composite semelle Vibram et adh\u00e9rence sur la glace\" \/>\n<meta property=\"og:url\" content=\"https:\/\/autravail.ca\/en\/product\/botte-de-travail-royer-metatarse-5301vtag\/\" \/>\n<meta property=\"og:site_name\" content=\"Le Magasin Industriel\" \/>\n<meta property=\"article:publisher\" content=\"https:\/\/www.facebook.com\/lemagasinindustriel\/?locale=fr_FR\" \/>\n<meta property=\"article:modified_time\" content=\"2026-01-06T21:46:14+00:00\" \/>\n<meta property=\"og:image\" content=\"https:\/\/autravail.ca\/wp-content\/uploads\/2025\/05\/5301VTAG_A01.jpg\" \/>\n\t<meta property=\"og:image:width\" content=\"1000\" \/>\n\t<meta property=\"og:image:height\" content=\"1000\" \/>\n\t<meta property=\"og:image:type\" content=\"image\/jpeg\" \/>\n<meta name=\"twitter:card\" content=\"summary_large_image\" \/>\n<meta name=\"twitter:label1\" content=\"Est. reading time\" \/>\n\t<meta name=\"twitter:data1\" content=\"2 minutes\" \/>\n<script type=\"application\/ld+json\" class=\"yoast-schema-graph\">{\"@context\":\"https:\/\/schema.org\",\"@graph\":[{\"@type\":\"WebPage\",\"@id\":\"https:\/\/autravail.ca\/product\/botte-de-travail-royer-metatarse-5301vtag\/\",\"url\":\"https:\/\/autravail.ca\/product\/botte-de-travail-royer-metatarse-5301vtag\/\",\"name\":\"Botte de travail Royer M\u00e9tatarse - 5301VTAG - Le Magasin Industriel\",\"isPartOf\":{\"@id\":\"https:\/\/autravail.ca\/#website\"},\"primaryImageOfPage\":{\"@id\":\"https:\/\/autravail.ca\/product\/botte-de-travail-royer-metatarse-5301vtag\/#primaryimage\"},\"image\":{\"@id\":\"https:\/\/autravail.ca\/product\/botte-de-travail-royer-metatarse-5301vtag\/#primaryimage\"},\"thumbnailUrl\":\"https:\/\/autravail.ca\/wp-content\/uploads\/2025\/05\/5301VTAG_A01.jpg\",\"datePublished\":\"2025-05-08T06:26:11+00:00\",\"dateModified\":\"2026-01-06T21:46:14+00:00\",\"description\":\"Botte de travail Royer M\u00e9tatarse - 5301VTAG, Ventura Realflex, isol\u00e9e embout en composite semelle Vibram et adh\u00e9rence sur la glace\",\"breadcrumb\":{\"@id\":\"https:\/\/autravail.ca\/product\/botte-de-travail-royer-metatarse-5301vtag\/#breadcrumb\"},\"inLanguage\":\"en-CA\",\"potentialAction\":[{\"@type\":\"ReadAction\",\"target\":[\"https:\/\/autravail.ca\/product\/botte-de-travail-royer-metatarse-5301vtag\/\"]}]},{\"@type\":\"ImageObject\",\"inLanguage\":\"en-CA\",\"@id\":\"https:\/\/autravail.ca\/product\/botte-de-travail-royer-metatarse-5301vtag\/#primaryimage\",\"url\":\"https:\/\/autravail.ca\/wp-content\/uploads\/2025\/05\/5301VTAG_A01.jpg\",\"contentUrl\":\"https:\/\/autravail.ca\/wp-content\/uploads\/2025\/05\/5301VTAG_A01.jpg\",\"width\":1000,\"height\":1000},{\"@type\":\"BreadcrumbList\",\"@id\":\"https:\/\/autravail.ca\/product\/botte-de-travail-royer-metatarse-5301vtag\/#breadcrumb\",\"itemListElement\":[{\"@type\":\"ListItem\",\"position\":1,\"name\":\"Accueil\",\"item\":\"https:\/\/autravail.ca\/\"},{\"@type\":\"ListItem\",\"position\":2,\"name\":\"Magasin\",\"item\":\"https:\/\/autravail.ca\/en\/shop\/\"},{\"@type\":\"ListItem\",\"position\":3,\"name\":\"Botte de travail Royer M\u00e9tatarse &#8211; 5301VTAG\"}]},{\"@type\":\"WebSite\",\"@id\":\"https:\/\/autravail.ca\/#website\",\"url\":\"https:\/\/autravail.ca\/\",\"name\":\"Le Magasin Industriel\",\"description\":\"50 ans de tradition de s\u00e9curit\u00e9 au travail\",\"publisher\":{\"@id\":\"https:\/\/autravail.ca\/#organization\"},\"potentialAction\":[{\"@type\":\"SearchAction\",\"target\":{\"@type\":\"EntryPoint\",\"urlTemplate\":\"https:\/\/autravail.ca\/?s={search_term_string}\"},\"query-input\":{\"@type\":\"PropertyValueSpecification\",\"valueRequired\":true,\"valueName\":\"search_term_string\"}}],\"inLanguage\":\"en-CA\"},{\"@type\":\"Organization\",\"@id\":\"https:\/\/autravail.ca\/#organization\",\"name\":\"Le Magasin Industriel\",\"url\":\"https:\/\/autravail.ca\/\",\"logo\":{\"@type\":\"ImageObject\",\"inLanguage\":\"en-CA\",\"@id\":\"https:\/\/autravail.ca\/#\/schema\/logo\/image\/\",\"url\":\"https:\/\/autravail.ca\/wp-content\/uploads\/2025\/05\/cropped-magasin_industriel_120x.avif\",\"contentUrl\":\"https:\/\/autravail.ca\/wp-content\/uploads\/2025\/05\/cropped-magasin_industriel_120x.avif\",\"width\":120,\"height\":24,\"caption\":\"Le Magasin Industriel\"},\"image\":{\"@id\":\"https:\/\/autravail.ca\/#\/schema\/logo\/image\/\"},\"sameAs\":[\"https:\/\/www.facebook.com\/lemagasinindustriel\/?locale=fr_FR\"]}]}<\/script>\n<!-- \/ Yoast SEO plugin. -->","yoast_head_json":{"title":"Botte de travail Royer M\u00e9tatarse - 5301VTAG - Le Magasin Industriel","description":"Botte de travail Royer M\u00e9tatarse - 5301VTAG, Ventura Realflex, isol\u00e9e embout en composite semelle Vibram et adh\u00e9rence sur la glace","robots":{"index":"index","follow":"follow","max-snippet":"max-snippet:-1","max-image-preview":"max-image-preview:large","max-video-preview":"max-video-preview:-1"},"canonical":"https:\/\/autravail.ca\/en\/product\/botte-de-travail-royer-metatarse-5301vtag\/","og_locale":"en_US","og_type":"article","og_title":"Botte de travail Royer M\u00e9tatarse - 5301VTAG - Le Magasin Industriel","og_description":"Botte de travail Royer M\u00e9tatarse - 5301VTAG, Ventura Realflex, isol\u00e9e embout en composite semelle Vibram et adh\u00e9rence sur la glace","og_url":"https:\/\/autravail.ca\/en\/product\/botte-de-travail-royer-metatarse-5301vtag\/","og_site_name":"Le Magasin Industriel","article_publisher":"https:\/\/www.facebook.com\/lemagasinindustriel\/?locale=fr_FR","article_modified_time":"2026-01-06T21:46:14+00:00","og_image":[{"width":1000,"height":1000,"url":"https:\/\/autravail.ca\/wp-content\/uploads\/2025\/05\/5301VTAG_A01.jpg","type":"image\/jpeg"}],"twitter_card":"summary_large_image","twitter_misc":{"Est. reading time":"2 minutes"},"schema":{"@context":"https:\/\/schema.org","@graph":[{"@type":"WebPage","@id":"https:\/\/autravail.ca\/product\/botte-de-travail-royer-metatarse-5301vtag\/","url":"https:\/\/autravail.ca\/product\/botte-de-travail-royer-metatarse-5301vtag\/","name":"Botte de travail Royer M\u00e9tatarse - 5301VTAG - Le Magasin Industriel","isPartOf":{"@id":"https:\/\/autravail.ca\/#website"},"primaryImageOfPage":{"@id":"https:\/\/autravail.ca\/product\/botte-de-travail-royer-metatarse-5301vtag\/#primaryimage"},"image":{"@id":"https:\/\/autravail.ca\/product\/botte-de-travail-royer-metatarse-5301vtag\/#primaryimage"},"thumbnailUrl":"https:\/\/autravail.ca\/wp-content\/uploads\/2025\/05\/5301VTAG_A01.jpg","datePublished":"2025-05-08T06:26:11+00:00","dateModified":"2026-01-06T21:46:14+00:00","description":"Botte de travail Royer M\u00e9tatarse - 5301VTAG, Ventura Realflex, isol\u00e9e embout en composite semelle Vibram et adh\u00e9rence sur la glace","breadcrumb":{"@id":"https:\/\/autravail.ca\/product\/botte-de-travail-royer-metatarse-5301vtag\/#breadcrumb"},"inLanguage":"en-CA","potentialAction":[{"@type":"ReadAction","target":["https:\/\/autravail.ca\/product\/botte-de-travail-royer-metatarse-5301vtag\/"]}]},{"@type":"ImageObject","inLanguage":"en-CA","@id":"https:\/\/autravail.ca\/product\/botte-de-travail-royer-metatarse-5301vtag\/#primaryimage","url":"https:\/\/autravail.ca\/wp-content\/uploads\/2025\/05\/5301VTAG_A01.jpg","contentUrl":"https:\/\/autravail.ca\/wp-content\/uploads\/2025\/05\/5301VTAG_A01.jpg","width":1000,"height":1000},{"@type":"BreadcrumbList","@id":"https:\/\/autravail.ca\/product\/botte-de-travail-royer-metatarse-5301vtag\/#breadcrumb","itemListElement":[{"@type":"ListItem","position":1,"name":"Accueil","item":"https:\/\/autravail.ca\/"},{"@type":"ListItem","position":2,"name":"Magasin","item":"https:\/\/autravail.ca\/en\/shop\/"},{"@type":"ListItem","position":3,"name":"Botte de travail Royer M\u00e9tatarse &#8211; 5301VTAG"}]},{"@type":"WebSite","@id":"https:\/\/autravail.ca\/#website","url":"https:\/\/autravail.ca\/","name":"Le Magasin Industriel","description":"50 ans de tradition de s\u00e9curit\u00e9 au travail","publisher":{"@id":"https:\/\/autravail.ca\/#organization"},"potentialAction":[{"@type":"SearchAction","target":{"@type":"EntryPoint","urlTemplate":"https:\/\/autravail.ca\/?s={search_term_string}"},"query-input":{"@type":"PropertyValueSpecification","valueRequired":true,"valueName":"search_term_string"}}],"inLanguage":"en-CA"},{"@type":"Organization","@id":"https:\/\/autravail.ca\/#organization","name":"Le Magasin Industriel","url":"https:\/\/autravail.ca\/","logo":{"@type":"ImageObject","inLanguage":"en-CA","@id":"https:\/\/autravail.ca\/#\/schema\/logo\/image\/","url":"https:\/\/autravail.ca\/wp-content\/uploads\/2025\/05\/cropped-magasin_industriel_120x.avif","contentUrl":"https:\/\/autravail.ca\/wp-content\/uploads\/2025\/05\/cropped-magasin_industriel_120x.avif","width":120,"height":24,"caption":"Le Magasin Industriel"},"image":{"@id":"https:\/\/autravail.ca\/#\/schema\/logo\/image\/"},"sameAs":["https:\/\/www.facebook.com\/lemagasinindustriel\/?locale=fr_FR"]}]}},"jetpack_sharing_enabled":true,"_links":{"self":[{"href":"https:\/\/autravail.ca\/en\/wp-json\/wp\/v2\/product\/28251","targetHints":{"allow":["GET"]}}],"collection":[{"href":"https:\/\/autravail.ca\/en\/wp-json\/wp\/v2\/product"}],"about":[{"href":"https:\/\/autravail.ca\/en\/wp-json\/wp\/v2\/types\/product"}],"replies":[{"embeddable":true,"href":"https:\/\/autravail.ca\/en\/wp-json\/wp\/v2\/comments?post=28251"}],"wp:featuredmedia":[{"embeddable":true,"href":"https:\/\/autravail.ca\/en\/wp-json\/wp\/v2\/media\/11658"}],"wp:attachment":[{"href":"https:\/\/autravail.ca\/en\/wp-json\/wp\/v2\/media?parent=28251"}],"wp:term":[{"taxonomy":"product_cat","embeddable":true,"href":"https:\/\/autravail.ca\/en\/wp-json\/wp\/v2\/product_cat?post=28251"},{"taxonomy":"product_tag","embeddable":true,"href":"https:\/\/autravail.ca\/en\/wp-json\/wp\/v2\/product_tag?post=28251"}],"curies":[{"name":"wp","href":"https:\/\/api.w.org\/{rel}","templated":true}]}}