{"id":28222,"date":"2025-05-08T06:25:58","date_gmt":"2025-05-08T06:25:58","guid":{"rendered":"https:\/\/meteoquebec.ca\/?post_type=product&#038;p=28222"},"modified":"2026-03-11T09:31:36","modified_gmt":"2026-03-11T13:31:36","slug":"5248-bottillon-sans-embout-dacier-magnum","status":"publish","type":"product","link":"https:\/\/autravail.ca\/en\/product\/5248-bottillon-sans-embout-dacier-magnum\/","title":{"rendered":"5248 - Ankle Boots SANS EMBOUT D'ACIER - MAGNUM"},"content":{"rendered":"<p>Ankle Boots without steel plug - Magnum<\/p>\n<p>- Ankle Boots 6  STEALTH FORCE<\/p>\n<p>&#8211; Tige en cuir pleine fleur, maille de nylon balistique robuste 1680 deniers.<\/p>\n<p>- Evaporating moisture liner.<\/p>\n<p>- Inner Profiled M-PACT Sole with Memory Foam<\/p>\n<p>- The exterior X-Traction Zone combines ten advanced traction characteristics for an unyielding stability<\/p>\n<p>- Intermediate layer in EVA molded by compression.<\/p>\n<p>- Not metallic, not CSA<\/p>","protected":false},"excerpt":{"rendered":"<p>Bottillon sans embout d&rsquo;acier &#8211; Magnum &#8211; Bottillon 6\u00a0\u00bb STEALTH FORCE. &#8211; Tige en cuir pleine fleur, maille de nylon balistique robuste 1680 deniers. &#8211; Doublure \u00e9vacuant l&rsquo;humidit\u00e9. &#8211; Semelle int\u00e9rieure profil\u00e9e M-PACT avec mousse \u00e0 m\u00e9moire de forme. &#8211; La semelle ext\u00e9rieure X-Traction Zone combine dix caract\u00e9ristiques de traction avanc\u00e9es pour une stabilit\u00e9\u00a0 inflexible. [&hellip;]<\/p>","protected":false},"featured_media":11626,"comment_status":"open","ping_status":"closed","template":"","meta":[],"product_cat":[663,631,602],"product_tag":[263,242],"class_list":{"0":"post-28222","1":"product","2":"type-product","3":"status-publish","4":"has-post-thumbnail","6":"product_brand-le-magasin-industriel","7":"product_cat-bottillons-plein-air","8":"product_cat-en-solde","9":"product_cat-hommes","10":"product_tag-en-solde","11":"product_tag-homme","13":"first","14":"instock","15":"sale","16":"taxable","17":"shipping-taxable","18":"purchasable","19":"product-type-variable"},"yoast_head":"<!-- This site is optimized with the Yoast SEO plugin v25.3.1 - https:\/\/yoast.com\/wordpress\/plugins\/seo\/ -->\n<title>5248 - BOTTILLON SANS EMBOUT D&#039;ACIER - MAGNUM - Le Magasin Industriel<\/title>\n<meta name=\"robots\" content=\"index, follow, max-snippet:-1, max-image-preview:large, max-video-preview:-1\" \/>\n<link rel=\"canonical\" href=\"https:\/\/autravail.ca\/en\/product\/5248-bottillon-sans-embout-dacier-magnum\/\" \/>\n<meta property=\"og:locale\" content=\"en_US\" \/>\n<meta property=\"og:type\" content=\"article\" \/>\n<meta property=\"og:title\" content=\"5248 - BOTTILLON SANS EMBOUT D&#039;ACIER - MAGNUM - Le Magasin Industriel\" \/>\n<meta property=\"og:description\" content=\"Bottillon sans embout d&rsquo;acier &#8211; Magnum &#8211; Bottillon 6\u00a0\u00bb STEALTH FORCE. &#8211; Tige en cuir pleine fleur, maille de nylon balistique robuste 1680 deniers. &#8211; Doublure \u00e9vacuant l&rsquo;humidit\u00e9. &#8211; Semelle int\u00e9rieure profil\u00e9e M-PACT avec mousse \u00e0 m\u00e9moire de forme. &#8211; La semelle ext\u00e9rieure X-Traction Zone combine dix caract\u00e9ristiques de traction avanc\u00e9es pour une stabilit\u00e9\u00a0 inflexible. [&hellip;]\" \/>\n<meta property=\"og:url\" content=\"https:\/\/autravail.ca\/en\/product\/5248-bottillon-sans-embout-dacier-magnum\/\" \/>\n<meta property=\"og:site_name\" content=\"Le Magasin Industriel\" \/>\n<meta property=\"article:publisher\" content=\"https:\/\/www.facebook.com\/lemagasinindustriel\/?locale=fr_FR\" \/>\n<meta property=\"article:modified_time\" content=\"2026-03-11T13:31:36+00:00\" \/>\n<meta property=\"og:image\" content=\"https:\/\/autravail.ca\/wp-content\/uploads\/2025\/05\/5248_A01.jpg\" \/>\n\t<meta property=\"og:image:width\" content=\"1000\" \/>\n\t<meta property=\"og:image:height\" content=\"1000\" \/>\n\t<meta property=\"og:image:type\" content=\"image\/jpeg\" \/>\n<meta name=\"twitter:card\" content=\"summary_large_image\" \/>\n<meta name=\"twitter:label1\" content=\"Est. reading time\" \/>\n\t<meta name=\"twitter:data1\" content=\"1 minute\" \/>\n<script type=\"application\/ld+json\" class=\"yoast-schema-graph\">{\"@context\":\"https:\/\/schema.org\",\"@graph\":[{\"@type\":\"WebPage\",\"@id\":\"https:\/\/autravail.ca\/product\/5248-bottillon-sans-embout-dacier-magnum\/\",\"url\":\"https:\/\/autravail.ca\/product\/5248-bottillon-sans-embout-dacier-magnum\/\",\"name\":\"5248 - BOTTILLON SANS EMBOUT D'ACIER - MAGNUM - Le Magasin Industriel\",\"isPartOf\":{\"@id\":\"https:\/\/autravail.ca\/#website\"},\"primaryImageOfPage\":{\"@id\":\"https:\/\/autravail.ca\/product\/5248-bottillon-sans-embout-dacier-magnum\/#primaryimage\"},\"image\":{\"@id\":\"https:\/\/autravail.ca\/product\/5248-bottillon-sans-embout-dacier-magnum\/#primaryimage\"},\"thumbnailUrl\":\"https:\/\/autravail.ca\/wp-content\/uploads\/2025\/05\/5248_A01.jpg\",\"datePublished\":\"2025-05-08T06:25:58+00:00\",\"dateModified\":\"2026-03-11T13:31:36+00:00\",\"breadcrumb\":{\"@id\":\"https:\/\/autravail.ca\/product\/5248-bottillon-sans-embout-dacier-magnum\/#breadcrumb\"},\"inLanguage\":\"en-CA\",\"potentialAction\":[{\"@type\":\"ReadAction\",\"target\":[\"https:\/\/autravail.ca\/product\/5248-bottillon-sans-embout-dacier-magnum\/\"]}]},{\"@type\":\"ImageObject\",\"inLanguage\":\"en-CA\",\"@id\":\"https:\/\/autravail.ca\/product\/5248-bottillon-sans-embout-dacier-magnum\/#primaryimage\",\"url\":\"https:\/\/autravail.ca\/wp-content\/uploads\/2025\/05\/5248_A01.jpg\",\"contentUrl\":\"https:\/\/autravail.ca\/wp-content\/uploads\/2025\/05\/5248_A01.jpg\",\"width\":1000,\"height\":1000},{\"@type\":\"BreadcrumbList\",\"@id\":\"https:\/\/autravail.ca\/product\/5248-bottillon-sans-embout-dacier-magnum\/#breadcrumb\",\"itemListElement\":[{\"@type\":\"ListItem\",\"position\":1,\"name\":\"Accueil\",\"item\":\"https:\/\/autravail.ca\/\"},{\"@type\":\"ListItem\",\"position\":2,\"name\":\"Magasin\",\"item\":\"https:\/\/autravail.ca\/en\/shop\/\"},{\"@type\":\"ListItem\",\"position\":3,\"name\":\"5248 &#8211; BOTTILLON SANS EMBOUT D&rsquo;ACIER &#8211; MAGNUM\"}]},{\"@type\":\"WebSite\",\"@id\":\"https:\/\/autravail.ca\/#website\",\"url\":\"https:\/\/autravail.ca\/\",\"name\":\"Le Magasin Industriel\",\"description\":\"50 ans de tradition de s\u00e9curit\u00e9 au travail\",\"publisher\":{\"@id\":\"https:\/\/autravail.ca\/#organization\"},\"potentialAction\":[{\"@type\":\"SearchAction\",\"target\":{\"@type\":\"EntryPoint\",\"urlTemplate\":\"https:\/\/autravail.ca\/?s={search_term_string}\"},\"query-input\":{\"@type\":\"PropertyValueSpecification\",\"valueRequired\":true,\"valueName\":\"search_term_string\"}}],\"inLanguage\":\"en-CA\"},{\"@type\":\"Organization\",\"@id\":\"https:\/\/autravail.ca\/#organization\",\"name\":\"Le Magasin Industriel\",\"url\":\"https:\/\/autravail.ca\/\",\"logo\":{\"@type\":\"ImageObject\",\"inLanguage\":\"en-CA\",\"@id\":\"https:\/\/autravail.ca\/#\/schema\/logo\/image\/\",\"url\":\"https:\/\/autravail.ca\/wp-content\/uploads\/2025\/05\/cropped-magasin_industriel_120x.avif\",\"contentUrl\":\"https:\/\/autravail.ca\/wp-content\/uploads\/2025\/05\/cropped-magasin_industriel_120x.avif\",\"width\":120,\"height\":24,\"caption\":\"Le Magasin Industriel\"},\"image\":{\"@id\":\"https:\/\/autravail.ca\/#\/schema\/logo\/image\/\"},\"sameAs\":[\"https:\/\/www.facebook.com\/lemagasinindustriel\/?locale=fr_FR\"]}]}<\/script>\n<!-- \/ Yoast SEO plugin. -->","yoast_head_json":{"title":"5248 - BOTTILLON SANS EMBOUT D'ACIER - MAGNUM - Le Magasin Industriel","robots":{"index":"index","follow":"follow","max-snippet":"max-snippet:-1","max-image-preview":"max-image-preview:large","max-video-preview":"max-video-preview:-1"},"canonical":"https:\/\/autravail.ca\/en\/product\/5248-bottillon-sans-embout-dacier-magnum\/","og_locale":"en_US","og_type":"article","og_title":"5248 - BOTTILLON SANS EMBOUT D'ACIER - MAGNUM - Le Magasin Industriel","og_description":"Bottillon sans embout d&rsquo;acier &#8211; Magnum &#8211; Bottillon 6\u00a0\u00bb STEALTH FORCE. &#8211; Tige en cuir pleine fleur, maille de nylon balistique robuste 1680 deniers. &#8211; Doublure \u00e9vacuant l&rsquo;humidit\u00e9. &#8211; Semelle int\u00e9rieure profil\u00e9e M-PACT avec mousse \u00e0 m\u00e9moire de forme. &#8211; La semelle ext\u00e9rieure X-Traction Zone combine dix caract\u00e9ristiques de traction avanc\u00e9es pour une stabilit\u00e9\u00a0 inflexible. [&hellip;]","og_url":"https:\/\/autravail.ca\/en\/product\/5248-bottillon-sans-embout-dacier-magnum\/","og_site_name":"Le Magasin Industriel","article_publisher":"https:\/\/www.facebook.com\/lemagasinindustriel\/?locale=fr_FR","article_modified_time":"2026-03-11T13:31:36+00:00","og_image":[{"width":1000,"height":1000,"url":"https:\/\/autravail.ca\/wp-content\/uploads\/2025\/05\/5248_A01.jpg","type":"image\/jpeg"}],"twitter_card":"summary_large_image","twitter_misc":{"Est. reading time":"1 minute"},"schema":{"@context":"https:\/\/schema.org","@graph":[{"@type":"WebPage","@id":"https:\/\/autravail.ca\/product\/5248-bottillon-sans-embout-dacier-magnum\/","url":"https:\/\/autravail.ca\/product\/5248-bottillon-sans-embout-dacier-magnum\/","name":"5248 - BOTTILLON SANS EMBOUT D'ACIER - MAGNUM - Le Magasin Industriel","isPartOf":{"@id":"https:\/\/autravail.ca\/#website"},"primaryImageOfPage":{"@id":"https:\/\/autravail.ca\/product\/5248-bottillon-sans-embout-dacier-magnum\/#primaryimage"},"image":{"@id":"https:\/\/autravail.ca\/product\/5248-bottillon-sans-embout-dacier-magnum\/#primaryimage"},"thumbnailUrl":"https:\/\/autravail.ca\/wp-content\/uploads\/2025\/05\/5248_A01.jpg","datePublished":"2025-05-08T06:25:58+00:00","dateModified":"2026-03-11T13:31:36+00:00","breadcrumb":{"@id":"https:\/\/autravail.ca\/product\/5248-bottillon-sans-embout-dacier-magnum\/#breadcrumb"},"inLanguage":"en-CA","potentialAction":[{"@type":"ReadAction","target":["https:\/\/autravail.ca\/product\/5248-bottillon-sans-embout-dacier-magnum\/"]}]},{"@type":"ImageObject","inLanguage":"en-CA","@id":"https:\/\/autravail.ca\/product\/5248-bottillon-sans-embout-dacier-magnum\/#primaryimage","url":"https:\/\/autravail.ca\/wp-content\/uploads\/2025\/05\/5248_A01.jpg","contentUrl":"https:\/\/autravail.ca\/wp-content\/uploads\/2025\/05\/5248_A01.jpg","width":1000,"height":1000},{"@type":"BreadcrumbList","@id":"https:\/\/autravail.ca\/product\/5248-bottillon-sans-embout-dacier-magnum\/#breadcrumb","itemListElement":[{"@type":"ListItem","position":1,"name":"Accueil","item":"https:\/\/autravail.ca\/"},{"@type":"ListItem","position":2,"name":"Magasin","item":"https:\/\/autravail.ca\/en\/shop\/"},{"@type":"ListItem","position":3,"name":"5248 &#8211; BOTTILLON SANS EMBOUT D&rsquo;ACIER &#8211; MAGNUM"}]},{"@type":"WebSite","@id":"https:\/\/autravail.ca\/#website","url":"https:\/\/autravail.ca\/","name":"Le Magasin Industriel","description":"50 ans de tradition de s\u00e9curit\u00e9 au travail","publisher":{"@id":"https:\/\/autravail.ca\/#organization"},"potentialAction":[{"@type":"SearchAction","target":{"@type":"EntryPoint","urlTemplate":"https:\/\/autravail.ca\/?s={search_term_string}"},"query-input":{"@type":"PropertyValueSpecification","valueRequired":true,"valueName":"search_term_string"}}],"inLanguage":"en-CA"},{"@type":"Organization","@id":"https:\/\/autravail.ca\/#organization","name":"Le Magasin Industriel","url":"https:\/\/autravail.ca\/","logo":{"@type":"ImageObject","inLanguage":"en-CA","@id":"https:\/\/autravail.ca\/#\/schema\/logo\/image\/","url":"https:\/\/autravail.ca\/wp-content\/uploads\/2025\/05\/cropped-magasin_industriel_120x.avif","contentUrl":"https:\/\/autravail.ca\/wp-content\/uploads\/2025\/05\/cropped-magasin_industriel_120x.avif","width":120,"height":24,"caption":"Le Magasin Industriel"},"image":{"@id":"https:\/\/autravail.ca\/#\/schema\/logo\/image\/"},"sameAs":["https:\/\/www.facebook.com\/lemagasinindustriel\/?locale=fr_FR"]}]}},"jetpack_sharing_enabled":true,"_links":{"self":[{"href":"https:\/\/autravail.ca\/en\/wp-json\/wp\/v2\/product\/28222","targetHints":{"allow":["GET"]}}],"collection":[{"href":"https:\/\/autravail.ca\/en\/wp-json\/wp\/v2\/product"}],"about":[{"href":"https:\/\/autravail.ca\/en\/wp-json\/wp\/v2\/types\/product"}],"replies":[{"embeddable":true,"href":"https:\/\/autravail.ca\/en\/wp-json\/wp\/v2\/comments?post=28222"}],"wp:featuredmedia":[{"embeddable":true,"href":"https:\/\/autravail.ca\/en\/wp-json\/wp\/v2\/media\/11626"}],"wp:attachment":[{"href":"https:\/\/autravail.ca\/en\/wp-json\/wp\/v2\/media?parent=28222"}],"wp:term":[{"taxonomy":"product_cat","embeddable":true,"href":"https:\/\/autravail.ca\/en\/wp-json\/wp\/v2\/product_cat?post=28222"},{"taxonomy":"product_tag","embeddable":true,"href":"https:\/\/autravail.ca\/en\/wp-json\/wp\/v2\/product_tag?post=28222"}],"curies":[{"name":"wp","href":"https:\/\/api.w.org\/{rel}","templated":true}]}}