{"id":28161,"date":"2025-05-08T06:25:36","date_gmt":"2025-05-08T06:25:36","guid":{"rendered":"https:\/\/meteoquebec.ca\/?post_type=product&#038;p=28161"},"modified":"2026-02-18T16:53:55","modified_gmt":"2026-02-18T20:53:55","slug":"soulier-de-travail-david-507139","status":"publish","type":"product","link":"https:\/\/autravail.ca\/en\/product\/soulier-de-travail-david-507139\/","title":{"rendered":"Soulier de travail David &#8211; 507139"},"content":{"rendered":"<h3>Soulier de travail David &#8211; 507139<\/h3>\n<p>Soulier de travail David &#8211; 507139 <strong class=\"Yjhzub\" data-complete=\"true\" aria-owns=\"action-menu-parent-container\">For <a href=\"https:\/\/autravail.ca\/wp-admin\/edit-tags.php?taxonomy=product_brand&amp;post_type=product\">Mellow Walk<\/a> est une\u00a0<strong class=\"Yjhzub\" data-complete=\"true\">chaussure de s\u00e9curit\u00e9 basse (style richelieu\/brogue habill\u00e9e) pour homme<\/strong>\u00a0qui offre une protection compl\u00e8te dans un style \u00e9l\u00e9gant. Fabriqu\u00e9e au Canada, elle est dot\u00e9e d&rsquo;un\u00a0<strong class=\"Yjhzub\" data-complete=\"true\">embout en acier<\/strong>, d&rsquo;une\u00a0<strong class=\"Yjhzub\" data-complete=\"true\" data-processed=\"true\">plaque anti-perforation<\/strong>\u00a0et d&rsquo;une r\u00e9sistance aux\u00a0<strong class=\"Yjhzub\" data-complete=\"true\" data-processed=\"true\">chocs \u00e9lectriques (ESR\/EH)<\/strong>.<span class=\"uJ19be notranslate\" data-wiz-uids=\"F7Wi5_j,F7Wi5_k\" data-complete=\"true\" data-processed=\"true\"><span class=\"vKEkVd\" data-animation-atomic=\"\" data-wiz-attrbind=\"class=F7Wi5_i\/TKHnVd\" data-sae=\"\"><span aria-hidden=\"true\" aria-owns=\"action-menu-parent-container\">\u00a0<\/span><\/span><\/span><\/strong><\/p>\n<p><img decoding=\"async\" class=\"alignnone size-full wp-image-40117\" src=\"https:\/\/autravail.ca\/wp-content\/uploads\/2025\/09\/Certification-Omega-Triangle-vert.jpg\" alt=\"Certifications Om\u00e9ga Triangle vert\" width=\"193\" height=\"110\" srcset=\"https:\/\/autravail.ca\/wp-content\/uploads\/2025\/09\/Certification-Omega-Triangle-vert.jpg 193w, https:\/\/autravail.ca\/wp-content\/uploads\/2025\/09\/Certification-Omega-Triangle-vert-150x85.jpg 150w, https:\/\/autravail.ca\/wp-content\/uploads\/2025\/09\/Certification-Omega-Triangle-vert-18x10.jpg 18w\" sizes=\"(max-width: 193px) 100vw, 193px\" \/><\/p>\n<h6>Characteristics:<\/h6>\n<ul>\n<li><span dir=\"auto\"><span dir=\"auto\">Resistant to electrical shocks <strong class=\"Yjhzub\" data-complete=\"true\">(ESR\/EH)<\/strong><span class=\"T286Pc\" data-sfc-cp=\"\" data-complete=\"true\">\u00a0(jusqu&rsquo;\u00e0 18 000 volts), conforme aux normes\u00a0<span data-sfc-cp=\"\" data-complete=\"true\"><a class=\"H23r4e\" href=\"https:\/\/amsclinic.ca\/wp-content\/uploads\/2023\/01\/Mellowwalk-catalogue-2023.pdf\" target=\"_blank\" rel=\"noopener\" data-hveid=\"CAEIBBAD\" aria-owns=\"action-menu-parent-container\">ASTM F2413-18<\/a><\/span><\/span><\/span><\/span><\/li>\n<li><span dir=\"auto\"><span dir=\"auto\">Puncture Resistant<\/span><\/span><\/li>\n<li><span dir=\"auto\"><span dir=\"auto\">Antid\u00e9rapant<\/span><\/span><\/li>\n<li><span dir=\"auto\"><span dir=\"auto\">Largeur &#8211; 2E<\/span><\/span><\/li>\n<li><span dir=\"auto\"><span dir=\"auto\">Coupe &#8211; Moyenne large<\/span><\/span><\/li>\n<li><span dir=\"auto\"><span dir=\"auto\">Dessus &#8211; Cuir<\/span><\/span><\/li>\n<li><span dir=\"auto\"><span dir=\"auto\">Doublure &#8211; Onsteam<\/span><\/span><\/li>\n<li><span dir=\"auto\"><span dir=\"auto\">Semelle ext\u00e9rieure &#8211; Mat\u00e9riau : Caoutchouc thermique<\/span><\/span><\/li>\n<li><span dir=\"auto\"><span dir=\"auto\">Embout de s\u00e9curit\u00e9 en acier Grade 1 approuv\u00e9 CSA et ASTM<\/span><\/span><\/li>\n<li><strong class=\"Yjhzub\" data-complete=\"true\">Plaque de protection flexible et tiss\u00e9e en composite<\/strong><span class=\"T286Pc\" data-sfc-cp=\"\" data-complete=\"true\">\u00a0r\u00e9sistante aux perforations (PR), approuv\u00e9e CSA et\u00a0<span data-sfc-cp=\"\" data-complete=\"true\"><a class=\"H23r4e\" href=\"https:\/\/all-safety.ca\/footwear-knee-pads\/david-brogue-wingtip-leather-safety-shoe-steel-toe-mellow-walk\/\" target=\"_blank\" rel=\"noopener\" data-hveid=\"CAEIBBAC\" aria-owns=\"action-menu-parent-container\">ASTM<\/a><\/span><\/span><\/li>\n<li><span dir=\"auto\"><span dir=\"auto\">Semelle int\u00e9rieure amovible Dreamfit Comfort<\/span><\/span><\/li>\n<li><span dir=\"auto\"><span dir=\"auto\">Construction &#8211; Ciment<\/span><\/span><\/li>\n<li><span dir=\"auto\"><span dir=\"auto\">Sans marquage &#8211; Oui<\/span><\/span><\/li>\n<li>Fabriqu\u00e9 au Canada<\/li>\n<\/ul>\n<div data-sfc-cp=\"\" data-hveid=\"CAEIBhAA\" data-complete=\"true\" data-processed=\"true\"><\/div>\n<div data-sfc-cp=\"\" data-hveid=\"CAEIBhAA\" data-complete=\"true\" data-processed=\"true\">\n<h6 class=\"Y3BBE\" data-hveid=\"CAEIBxAA\" data-complete=\"true\" data-processed=\"true\">Ces chaussures sont recommand\u00e9es pour une utilisation dans des environnements de travail int\u00e9rieurs et secs, notamment :<\/h6>\n<ul class=\"KsbFXc U6u95\" data-complete=\"true\" data-processed=\"true\">\n<li data-hveid=\"CAEICBAA\" data-complete=\"true\" data-sae=\"\"><span class=\"T286Pc\" data-sfc-cp=\"\" data-complete=\"true\">La gestion et le travail de bureau<\/span><\/li>\n<li data-hveid=\"CAEICBAB\" data-complete=\"true\" data-sae=\"\"><span class=\"T286Pc\" data-sfc-cp=\"\" data-complete=\"true\">La s\u00e9curit\u00e9 et le transport<\/span><\/li>\n<li data-hveid=\"CAEICBAC\" data-complete=\"true\" data-sae=\"\"><span class=\"T286Pc\" data-sfc-cp=\"\" data-complete=\"true\">L&rsquo;hydro\u00e9lectricit\u00e9 (gr\u00e2ce \u00e0 la protection ESR)<\/span><\/li>\n<li data-hveid=\"CAEICBAD\" data-complete=\"true\" data-sae=\"\"><span class=\"T286Pc\" data-sfc-cp=\"\" data-complete=\"true\" aria-owns=\"action-menu-parent-container\">La fabrication l\u00e9g\u00e8re et la logistique<\/span><\/li>\n<\/ul>\n<\/div>\n<div data-sfc-cp=\"\" data-hveid=\"CAEIBhAA\" data-complete=\"true\" data-processed=\"true\">\n<p><img decoding=\"async\" class=\"alignnone wp-image-40620\" src=\"https:\/\/autravail.ca\/wp-content\/uploads\/2025\/09\/Jachete-quebec-et-canada.jpg\" alt=\"Logo de l'achat local\" width=\"162\" height=\"139\" \/>Merci d&rsquo;encourager une entreprise 100% d&rsquo;ici!<\/p>\n<p>TS2602H<\/p>\n<\/div>\n<p><span style=\"color: #ff0000;\">\u00a0<\/span><\/p>","protected":false},"excerpt":{"rendered":"<p>Soulier de travail David &#8211; 507139 Soulier de travail David &#8211; 507139 de Mellow Walk est une\u00a0chaussure de s\u00e9curit\u00e9 basse (style richelieu\/brogue habill\u00e9e) pour homme\u00a0qui offre une protection compl\u00e8te dans un style \u00e9l\u00e9gant. Fabriqu\u00e9e au Canada, elle est dot\u00e9e d&rsquo;un\u00a0embout en acier, d&rsquo;une\u00a0plaque anti-perforation\u00a0et d&rsquo;une r\u00e9sistance aux\u00a0chocs \u00e9lectriques (ESR\/EH).\u00a0 Caract\u00e9ristiques: R\u00e9sistant aux chocs \u00e9lectriques (ESR\/EH)\u00a0(jusqu&rsquo;\u00e0 [&hellip;]<\/p>","protected":false},"featured_media":11538,"comment_status":"open","ping_status":"closed","template":"","meta":[],"product_cat":[602,619],"product_tag":[252,242,253,257],"class_list":{"0":"post-28161","1":"product","2":"type-product","3":"status-publish","4":"has-post-thumbnail","6":"product_brand-mellow-walk","7":"product_cat-hommes","8":"product_cat-souliers-de-travail","9":"product_tag-electric-shock-resistant","10":"product_tag-homme","11":"product_tag-sole-protection","12":"product_tag-souliers-de-travail","14":"first","15":"instock","16":"taxable","17":"shipping-taxable","18":"purchasable","19":"product-type-variable"},"yoast_head":"<!-- This site is optimized with the Yoast SEO plugin v25.3.1 - https:\/\/yoast.com\/wordpress\/plugins\/seo\/ -->\n<title>Soulier de travail David - 507139 - Le Magasin Industriel<\/title>\n<meta name=\"description\" content=\"Soulier de travail David - 507139 est une chaussure de s\u00e9curit\u00e9 basse qui offre une protection compl\u00e8te dans un style \u00e9l\u00e9gant\" \/>\n<meta name=\"robots\" content=\"index, follow, max-snippet:-1, max-image-preview:large, max-video-preview:-1\" \/>\n<link rel=\"canonical\" href=\"https:\/\/autravail.ca\/en\/product\/soulier-de-travail-david-507139\/\" \/>\n<meta property=\"og:locale\" content=\"en_US\" \/>\n<meta property=\"og:type\" content=\"article\" \/>\n<meta property=\"og:title\" content=\"Soulier de travail David - 507139 - Le Magasin Industriel\" \/>\n<meta property=\"og:description\" content=\"Soulier de travail David - 507139 est une chaussure de s\u00e9curit\u00e9 basse qui offre une protection compl\u00e8te dans un style \u00e9l\u00e9gant\" \/>\n<meta property=\"og:url\" content=\"https:\/\/autravail.ca\/en\/product\/soulier-de-travail-david-507139\/\" \/>\n<meta property=\"og:site_name\" content=\"Le Magasin Industriel\" \/>\n<meta property=\"article:publisher\" content=\"https:\/\/www.facebook.com\/lemagasinindustriel\/?locale=fr_FR\" \/>\n<meta property=\"article:modified_time\" content=\"2026-02-18T20:53:55+00:00\" \/>\n<meta property=\"og:image\" content=\"https:\/\/autravail.ca\/wp-content\/uploads\/2025\/05\/507139_A01.jpg\" \/>\n\t<meta property=\"og:image:width\" content=\"1000\" \/>\n\t<meta property=\"og:image:height\" content=\"1000\" \/>\n\t<meta property=\"og:image:type\" content=\"image\/jpeg\" \/>\n<meta name=\"twitter:card\" content=\"summary_large_image\" \/>\n<meta name=\"twitter:label1\" content=\"Est. reading time\" \/>\n\t<meta name=\"twitter:data1\" content=\"2 minutes\" \/>\n<script type=\"application\/ld+json\" class=\"yoast-schema-graph\">{\"@context\":\"https:\/\/schema.org\",\"@graph\":[{\"@type\":\"WebPage\",\"@id\":\"https:\/\/autravail.ca\/product\/soulier-de-travail-david-507139\/\",\"url\":\"https:\/\/autravail.ca\/product\/soulier-de-travail-david-507139\/\",\"name\":\"Soulier de travail David - 507139 - Le Magasin Industriel\",\"isPartOf\":{\"@id\":\"https:\/\/autravail.ca\/#website\"},\"primaryImageOfPage\":{\"@id\":\"https:\/\/autravail.ca\/product\/soulier-de-travail-david-507139\/#primaryimage\"},\"image\":{\"@id\":\"https:\/\/autravail.ca\/product\/soulier-de-travail-david-507139\/#primaryimage\"},\"thumbnailUrl\":\"https:\/\/autravail.ca\/wp-content\/uploads\/2025\/05\/507139_A01.jpg\",\"datePublished\":\"2025-05-08T06:25:36+00:00\",\"dateModified\":\"2026-02-18T20:53:55+00:00\",\"description\":\"Soulier de travail David - 507139 est une chaussure de s\u00e9curit\u00e9 basse qui offre une protection compl\u00e8te dans un style \u00e9l\u00e9gant\",\"breadcrumb\":{\"@id\":\"https:\/\/autravail.ca\/product\/soulier-de-travail-david-507139\/#breadcrumb\"},\"inLanguage\":\"en-CA\",\"potentialAction\":[{\"@type\":\"ReadAction\",\"target\":[\"https:\/\/autravail.ca\/product\/soulier-de-travail-david-507139\/\"]}]},{\"@type\":\"ImageObject\",\"inLanguage\":\"en-CA\",\"@id\":\"https:\/\/autravail.ca\/product\/soulier-de-travail-david-507139\/#primaryimage\",\"url\":\"https:\/\/autravail.ca\/wp-content\/uploads\/2025\/05\/507139_A01.jpg\",\"contentUrl\":\"https:\/\/autravail.ca\/wp-content\/uploads\/2025\/05\/507139_A01.jpg\",\"width\":1000,\"height\":1000,\"caption\":\"Soulier de travail David - 507139\"},{\"@type\":\"BreadcrumbList\",\"@id\":\"https:\/\/autravail.ca\/product\/soulier-de-travail-david-507139\/#breadcrumb\",\"itemListElement\":[{\"@type\":\"ListItem\",\"position\":1,\"name\":\"Accueil\",\"item\":\"https:\/\/autravail.ca\/\"},{\"@type\":\"ListItem\",\"position\":2,\"name\":\"Magasin\",\"item\":\"https:\/\/autravail.ca\/en\/shop\/\"},{\"@type\":\"ListItem\",\"position\":3,\"name\":\"Soulier de travail David &#8211; 507139\"}]},{\"@type\":\"WebSite\",\"@id\":\"https:\/\/autravail.ca\/#website\",\"url\":\"https:\/\/autravail.ca\/\",\"name\":\"Le Magasin Industriel\",\"description\":\"50 ans de tradition de s\u00e9curit\u00e9 au travail\",\"publisher\":{\"@id\":\"https:\/\/autravail.ca\/#organization\"},\"potentialAction\":[{\"@type\":\"SearchAction\",\"target\":{\"@type\":\"EntryPoint\",\"urlTemplate\":\"https:\/\/autravail.ca\/?s={search_term_string}\"},\"query-input\":{\"@type\":\"PropertyValueSpecification\",\"valueRequired\":true,\"valueName\":\"search_term_string\"}}],\"inLanguage\":\"en-CA\"},{\"@type\":\"Organization\",\"@id\":\"https:\/\/autravail.ca\/#organization\",\"name\":\"Le Magasin Industriel\",\"url\":\"https:\/\/autravail.ca\/\",\"logo\":{\"@type\":\"ImageObject\",\"inLanguage\":\"en-CA\",\"@id\":\"https:\/\/autravail.ca\/#\/schema\/logo\/image\/\",\"url\":\"https:\/\/autravail.ca\/wp-content\/uploads\/2025\/05\/cropped-magasin_industriel_120x.avif\",\"contentUrl\":\"https:\/\/autravail.ca\/wp-content\/uploads\/2025\/05\/cropped-magasin_industriel_120x.avif\",\"width\":120,\"height\":24,\"caption\":\"Le Magasin Industriel\"},\"image\":{\"@id\":\"https:\/\/autravail.ca\/#\/schema\/logo\/image\/\"},\"sameAs\":[\"https:\/\/www.facebook.com\/lemagasinindustriel\/?locale=fr_FR\"]}]}<\/script>\n<!-- \/ Yoast SEO plugin. -->","yoast_head_json":{"title":"Soulier de travail David - 507139 - Le Magasin Industriel","description":"Soulier de travail David - 507139 est une chaussure de s\u00e9curit\u00e9 basse qui offre une protection compl\u00e8te dans un style \u00e9l\u00e9gant","robots":{"index":"index","follow":"follow","max-snippet":"max-snippet:-1","max-image-preview":"max-image-preview:large","max-video-preview":"max-video-preview:-1"},"canonical":"https:\/\/autravail.ca\/en\/product\/soulier-de-travail-david-507139\/","og_locale":"en_US","og_type":"article","og_title":"Soulier de travail David - 507139 - Le Magasin Industriel","og_description":"Soulier de travail David - 507139 est une chaussure de s\u00e9curit\u00e9 basse qui offre une protection compl\u00e8te dans un style \u00e9l\u00e9gant","og_url":"https:\/\/autravail.ca\/en\/product\/soulier-de-travail-david-507139\/","og_site_name":"Le Magasin Industriel","article_publisher":"https:\/\/www.facebook.com\/lemagasinindustriel\/?locale=fr_FR","article_modified_time":"2026-02-18T20:53:55+00:00","og_image":[{"width":1000,"height":1000,"url":"https:\/\/autravail.ca\/wp-content\/uploads\/2025\/05\/507139_A01.jpg","type":"image\/jpeg"}],"twitter_card":"summary_large_image","twitter_misc":{"Est. reading time":"2 minutes"},"schema":{"@context":"https:\/\/schema.org","@graph":[{"@type":"WebPage","@id":"https:\/\/autravail.ca\/product\/soulier-de-travail-david-507139\/","url":"https:\/\/autravail.ca\/product\/soulier-de-travail-david-507139\/","name":"Soulier de travail David - 507139 - Le Magasin Industriel","isPartOf":{"@id":"https:\/\/autravail.ca\/#website"},"primaryImageOfPage":{"@id":"https:\/\/autravail.ca\/product\/soulier-de-travail-david-507139\/#primaryimage"},"image":{"@id":"https:\/\/autravail.ca\/product\/soulier-de-travail-david-507139\/#primaryimage"},"thumbnailUrl":"https:\/\/autravail.ca\/wp-content\/uploads\/2025\/05\/507139_A01.jpg","datePublished":"2025-05-08T06:25:36+00:00","dateModified":"2026-02-18T20:53:55+00:00","description":"Soulier de travail David - 507139 est une chaussure de s\u00e9curit\u00e9 basse qui offre une protection compl\u00e8te dans un style \u00e9l\u00e9gant","breadcrumb":{"@id":"https:\/\/autravail.ca\/product\/soulier-de-travail-david-507139\/#breadcrumb"},"inLanguage":"en-CA","potentialAction":[{"@type":"ReadAction","target":["https:\/\/autravail.ca\/product\/soulier-de-travail-david-507139\/"]}]},{"@type":"ImageObject","inLanguage":"en-CA","@id":"https:\/\/autravail.ca\/product\/soulier-de-travail-david-507139\/#primaryimage","url":"https:\/\/autravail.ca\/wp-content\/uploads\/2025\/05\/507139_A01.jpg","contentUrl":"https:\/\/autravail.ca\/wp-content\/uploads\/2025\/05\/507139_A01.jpg","width":1000,"height":1000,"caption":"Soulier de travail David - 507139"},{"@type":"BreadcrumbList","@id":"https:\/\/autravail.ca\/product\/soulier-de-travail-david-507139\/#breadcrumb","itemListElement":[{"@type":"ListItem","position":1,"name":"Accueil","item":"https:\/\/autravail.ca\/"},{"@type":"ListItem","position":2,"name":"Magasin","item":"https:\/\/autravail.ca\/en\/shop\/"},{"@type":"ListItem","position":3,"name":"Soulier de travail David &#8211; 507139"}]},{"@type":"WebSite","@id":"https:\/\/autravail.ca\/#website","url":"https:\/\/autravail.ca\/","name":"Le Magasin Industriel","description":"50 ans de tradition de s\u00e9curit\u00e9 au travail","publisher":{"@id":"https:\/\/autravail.ca\/#organization"},"potentialAction":[{"@type":"SearchAction","target":{"@type":"EntryPoint","urlTemplate":"https:\/\/autravail.ca\/?s={search_term_string}"},"query-input":{"@type":"PropertyValueSpecification","valueRequired":true,"valueName":"search_term_string"}}],"inLanguage":"en-CA"},{"@type":"Organization","@id":"https:\/\/autravail.ca\/#organization","name":"Le Magasin Industriel","url":"https:\/\/autravail.ca\/","logo":{"@type":"ImageObject","inLanguage":"en-CA","@id":"https:\/\/autravail.ca\/#\/schema\/logo\/image\/","url":"https:\/\/autravail.ca\/wp-content\/uploads\/2025\/05\/cropped-magasin_industriel_120x.avif","contentUrl":"https:\/\/autravail.ca\/wp-content\/uploads\/2025\/05\/cropped-magasin_industriel_120x.avif","width":120,"height":24,"caption":"Le Magasin Industriel"},"image":{"@id":"https:\/\/autravail.ca\/#\/schema\/logo\/image\/"},"sameAs":["https:\/\/www.facebook.com\/lemagasinindustriel\/?locale=fr_FR"]}]}},"jetpack_sharing_enabled":true,"_links":{"self":[{"href":"https:\/\/autravail.ca\/en\/wp-json\/wp\/v2\/product\/28161","targetHints":{"allow":["GET"]}}],"collection":[{"href":"https:\/\/autravail.ca\/en\/wp-json\/wp\/v2\/product"}],"about":[{"href":"https:\/\/autravail.ca\/en\/wp-json\/wp\/v2\/types\/product"}],"replies":[{"embeddable":true,"href":"https:\/\/autravail.ca\/en\/wp-json\/wp\/v2\/comments?post=28161"}],"wp:featuredmedia":[{"embeddable":true,"href":"https:\/\/autravail.ca\/en\/wp-json\/wp\/v2\/media\/11538"}],"wp:attachment":[{"href":"https:\/\/autravail.ca\/en\/wp-json\/wp\/v2\/media?parent=28161"}],"wp:term":[{"taxonomy":"product_cat","embeddable":true,"href":"https:\/\/autravail.ca\/en\/wp-json\/wp\/v2\/product_cat?post=28161"},{"taxonomy":"product_tag","embeddable":true,"href":"https:\/\/autravail.ca\/en\/wp-json\/wp\/v2\/product_tag?post=28161"}],"curies":[{"name":"wp","href":"https:\/\/api.w.org\/{rel}","templated":true}]}}