{"id":28159,"date":"2025-05-08T06:25:33","date_gmt":"2025-05-08T06:25:33","guid":{"rendered":"https:\/\/meteoquebec.ca\/?product=5017-v1170170-manteau-de-congelateur"},"modified":"2025-12-05T05:11:31","modified_gmt":"2025-12-05T09:11:31","slug":"5017-v1170170-manteau-de-congelateur","status":"publish","type":"product","link":"https:\/\/autravail.ca\/en\/product\/5017-v1170170-manteau-de-congelateur\/","title":{"rendered":"5017 V1170170 - REFRIGERATOR COAT"},"content":{"rendered":"<p>Frost-free Coat - Surewerx<\/p>\n<p>These Pioneer protection Jackets, made of molten polyester in a diamond shape, solidly woven, have an insulator of 3.5 oz (120 GSM) and are designed to last. This resistant material, combined with the double-pronged StarTech reflective tape, increases the visibility of the garment under low light conditions.<\/p>\n<p data-aura-rendered-by=\"66:185;a\">The quilted back panel provides movement and breathability to the garment, while the black microfleece collar ensures user comfort by keeping them warm against cold and wet weather. Thanks to its exceptional design, this protective clothing guarantees user safety and resists deterioration caused by humidity.<\/p>\n<p data-aura-rendered-by=\"66:185;a\">For added convenience, these protective Jackets feature multiple pockets, including 2 slash pockets on the front and 1 internal chest pocket for cell phone to facilitate user access.<\/p>\n<p data-aura-rendered-by=\"66:185;a\">Insulated work and protective Jackets are available in high visibility orange, meet ANSI\/ISEA 107-2020 standard, category 3 types P and R, and conform to CSA Z96-15 standard, category 2, level 2.<\/p>\n<p data-aura-rendered-by=\"66:185;a\">The model 5015A has 2 additional internal storage pockets, while the model 5015 was designed with a lower black part to hide dirt and splashes during bad working conditions.<\/p>","protected":false},"excerpt":{"rendered":"<p>Down Jacket - Surewerx Pioneer Protective Jackets, made from moltoned polyester in a diamond shape, strongly woven, feature an insulation of 3.5 oz (120 GSM) and are designed to last. This durable material, combined with the double-pricked StarTech reflective tape, increases the visibility of the garment under low light conditions.<\/p>","protected":false},"featured_media":11514,"comment_status":"open","ping_status":"closed","template":"","meta":[],"product_cat":[602,610,699],"product_tag":[306,242],"class_list":{"0":"post-28159","1":"product","2":"type-product","3":"status-publish","4":"has-post-thumbnail","6":"product_brand-pioneer","7":"product_cat-hommes","8":"product_cat-manteaux","9":"product_cat-pioneer-surewerx","10":"product_tag-cartier","11":"product_tag-homme","13":"first","14":"instock","15":"taxable","16":"shipping-taxable","17":"purchasable","18":"product-type-variable"},"yoast_head":"<!-- This site is optimized with the Yoast SEO plugin v25.3.1 - https:\/\/yoast.com\/wordpress\/plugins\/seo\/ -->\n<title>5017 V1170170 - MANTEAU DE CONG\u00c9LATEUR - Le Magasin Industriel<\/title>\n<meta name=\"robots\" content=\"index, follow, max-snippet:-1, max-image-preview:large, max-video-preview:-1\" \/>\n<link rel=\"canonical\" href=\"https:\/\/autravail.ca\/en\/product\/5017-v1170170-manteau-de-congelateur\/\" \/>\n<meta property=\"og:locale\" content=\"en_US\" \/>\n<meta property=\"og:type\" content=\"article\" \/>\n<meta property=\"og:title\" content=\"5017 V1170170 - MANTEAU DE CONG\u00c9LATEUR - Le Magasin Industriel\" \/>\n<meta property=\"og:description\" content=\"Manteau frigidaire &#8211; Surewerx Ces vestes de protection Pioneer, confectionn\u00e9es dans un polyester molletonn\u00e9 en forme de losanges, solidement tiss\u00e9, comportent un isolant de 3,5 oz (120 GSM) et sont faites pour durer. Cette mati\u00e8re r\u00e9sistante, associ\u00e9e au ruban autor\u00e9fl\u00e9chissant StarTech\u00ae \u00e0 double piq\u00fbre, accro\u00eet la visibilit\u00e9 du v\u00eatement dans des conditions de faible \u00e9clairage. [&hellip;]\" \/>\n<meta property=\"og:url\" content=\"https:\/\/autravail.ca\/en\/product\/5017-v1170170-manteau-de-congelateur\/\" \/>\n<meta property=\"og:site_name\" content=\"Le Magasin Industriel\" \/>\n<meta property=\"article:publisher\" content=\"https:\/\/www.facebook.com\/lemagasinindustriel\/?locale=fr_FR\" \/>\n<meta property=\"article:modified_time\" content=\"2025-12-05T09:11:31+00:00\" \/>\n<meta property=\"og:image\" content=\"https:\/\/autravail.ca\/wp-content\/uploads\/2025\/05\/5017_noir_A01_e66416ae-8a0c-4e3c-950c-afcb6085c474.jpg\" \/>\n\t<meta property=\"og:image:width\" content=\"800\" \/>\n\t<meta property=\"og:image:height\" content=\"720\" \/>\n\t<meta property=\"og:image:type\" content=\"image\/jpeg\" \/>\n<meta name=\"twitter:card\" content=\"summary_large_image\" \/>\n<meta name=\"twitter:label1\" content=\"Est. reading time\" \/>\n\t<meta name=\"twitter:data1\" content=\"1 minute\" \/>\n<script type=\"application\/ld+json\" class=\"yoast-schema-graph\">{\"@context\":\"https:\/\/schema.org\",\"@graph\":[{\"@type\":\"WebPage\",\"@id\":\"https:\/\/autravail.ca\/product\/5017-v1170170-manteau-de-congelateur\/\",\"url\":\"https:\/\/autravail.ca\/product\/5017-v1170170-manteau-de-congelateur\/\",\"name\":\"5017 V1170170 - MANTEAU DE CONG\u00c9LATEUR - Le Magasin Industriel\",\"isPartOf\":{\"@id\":\"https:\/\/autravail.ca\/#website\"},\"primaryImageOfPage\":{\"@id\":\"https:\/\/autravail.ca\/product\/5017-v1170170-manteau-de-congelateur\/#primaryimage\"},\"image\":{\"@id\":\"https:\/\/autravail.ca\/product\/5017-v1170170-manteau-de-congelateur\/#primaryimage\"},\"thumbnailUrl\":\"https:\/\/autravail.ca\/wp-content\/uploads\/2025\/05\/5017_noir_A01_e66416ae-8a0c-4e3c-950c-afcb6085c474.jpg\",\"datePublished\":\"2025-05-08T06:25:33+00:00\",\"dateModified\":\"2025-12-05T09:11:31+00:00\",\"breadcrumb\":{\"@id\":\"https:\/\/autravail.ca\/product\/5017-v1170170-manteau-de-congelateur\/#breadcrumb\"},\"inLanguage\":\"en-CA\",\"potentialAction\":[{\"@type\":\"ReadAction\",\"target\":[\"https:\/\/autravail.ca\/product\/5017-v1170170-manteau-de-congelateur\/\"]}]},{\"@type\":\"ImageObject\",\"inLanguage\":\"en-CA\",\"@id\":\"https:\/\/autravail.ca\/product\/5017-v1170170-manteau-de-congelateur\/#primaryimage\",\"url\":\"https:\/\/autravail.ca\/wp-content\/uploads\/2025\/05\/5017_noir_A01_e66416ae-8a0c-4e3c-950c-afcb6085c474.jpg\",\"contentUrl\":\"https:\/\/autravail.ca\/wp-content\/uploads\/2025\/05\/5017_noir_A01_e66416ae-8a0c-4e3c-950c-afcb6085c474.jpg\",\"width\":800,\"height\":720},{\"@type\":\"BreadcrumbList\",\"@id\":\"https:\/\/autravail.ca\/product\/5017-v1170170-manteau-de-congelateur\/#breadcrumb\",\"itemListElement\":[{\"@type\":\"ListItem\",\"position\":1,\"name\":\"Accueil\",\"item\":\"https:\/\/autravail.ca\/\"},{\"@type\":\"ListItem\",\"position\":2,\"name\":\"Magasin\",\"item\":\"https:\/\/autravail.ca\/en\/shop\/\"},{\"@type\":\"ListItem\",\"position\":3,\"name\":\"5017 V1170170 &#8211; MANTEAU DE CONG\u00c9LATEUR\"}]},{\"@type\":\"WebSite\",\"@id\":\"https:\/\/autravail.ca\/#website\",\"url\":\"https:\/\/autravail.ca\/\",\"name\":\"Le Magasin Industriel\",\"description\":\"50 ans de tradition de s\u00e9curit\u00e9 au travail\",\"publisher\":{\"@id\":\"https:\/\/autravail.ca\/#organization\"},\"potentialAction\":[{\"@type\":\"SearchAction\",\"target\":{\"@type\":\"EntryPoint\",\"urlTemplate\":\"https:\/\/autravail.ca\/?s={search_term_string}\"},\"query-input\":{\"@type\":\"PropertyValueSpecification\",\"valueRequired\":true,\"valueName\":\"search_term_string\"}}],\"inLanguage\":\"en-CA\"},{\"@type\":\"Organization\",\"@id\":\"https:\/\/autravail.ca\/#organization\",\"name\":\"Le Magasin Industriel\",\"url\":\"https:\/\/autravail.ca\/\",\"logo\":{\"@type\":\"ImageObject\",\"inLanguage\":\"en-CA\",\"@id\":\"https:\/\/autravail.ca\/#\/schema\/logo\/image\/\",\"url\":\"https:\/\/autravail.ca\/wp-content\/uploads\/2025\/05\/cropped-magasin_industriel_120x.avif\",\"contentUrl\":\"https:\/\/autravail.ca\/wp-content\/uploads\/2025\/05\/cropped-magasin_industriel_120x.avif\",\"width\":120,\"height\":24,\"caption\":\"Le Magasin Industriel\"},\"image\":{\"@id\":\"https:\/\/autravail.ca\/#\/schema\/logo\/image\/\"},\"sameAs\":[\"https:\/\/www.facebook.com\/lemagasinindustriel\/?locale=fr_FR\"]}]}<\/script>\n<!-- \/ Yoast SEO plugin. -->","yoast_head_json":{"title":"5017 V1170170 - MANTEAU DE CONG\u00c9LATEUR - Le Magasin Industriel","robots":{"index":"index","follow":"follow","max-snippet":"max-snippet:-1","max-image-preview":"max-image-preview:large","max-video-preview":"max-video-preview:-1"},"canonical":"https:\/\/autravail.ca\/en\/product\/5017-v1170170-manteau-de-congelateur\/","og_locale":"en_US","og_type":"article","og_title":"5017 V1170170 - MANTEAU DE CONG\u00c9LATEUR - Le Magasin Industriel","og_description":"Manteau frigidaire &#8211; Surewerx Ces vestes de protection Pioneer, confectionn\u00e9es dans un polyester molletonn\u00e9 en forme de losanges, solidement tiss\u00e9, comportent un isolant de 3,5 oz (120 GSM) et sont faites pour durer. Cette mati\u00e8re r\u00e9sistante, associ\u00e9e au ruban autor\u00e9fl\u00e9chissant StarTech\u00ae \u00e0 double piq\u00fbre, accro\u00eet la visibilit\u00e9 du v\u00eatement dans des conditions de faible \u00e9clairage. [&hellip;]","og_url":"https:\/\/autravail.ca\/en\/product\/5017-v1170170-manteau-de-congelateur\/","og_site_name":"Le Magasin Industriel","article_publisher":"https:\/\/www.facebook.com\/lemagasinindustriel\/?locale=fr_FR","article_modified_time":"2025-12-05T09:11:31+00:00","og_image":[{"width":800,"height":720,"url":"https:\/\/autravail.ca\/wp-content\/uploads\/2025\/05\/5017_noir_A01_e66416ae-8a0c-4e3c-950c-afcb6085c474.jpg","type":"image\/jpeg"}],"twitter_card":"summary_large_image","twitter_misc":{"Est. reading time":"1 minute"},"schema":{"@context":"https:\/\/schema.org","@graph":[{"@type":"WebPage","@id":"https:\/\/autravail.ca\/product\/5017-v1170170-manteau-de-congelateur\/","url":"https:\/\/autravail.ca\/product\/5017-v1170170-manteau-de-congelateur\/","name":"5017 V1170170 - MANTEAU DE CONG\u00c9LATEUR - Le Magasin Industriel","isPartOf":{"@id":"https:\/\/autravail.ca\/#website"},"primaryImageOfPage":{"@id":"https:\/\/autravail.ca\/product\/5017-v1170170-manteau-de-congelateur\/#primaryimage"},"image":{"@id":"https:\/\/autravail.ca\/product\/5017-v1170170-manteau-de-congelateur\/#primaryimage"},"thumbnailUrl":"https:\/\/autravail.ca\/wp-content\/uploads\/2025\/05\/5017_noir_A01_e66416ae-8a0c-4e3c-950c-afcb6085c474.jpg","datePublished":"2025-05-08T06:25:33+00:00","dateModified":"2025-12-05T09:11:31+00:00","breadcrumb":{"@id":"https:\/\/autravail.ca\/product\/5017-v1170170-manteau-de-congelateur\/#breadcrumb"},"inLanguage":"en-CA","potentialAction":[{"@type":"ReadAction","target":["https:\/\/autravail.ca\/product\/5017-v1170170-manteau-de-congelateur\/"]}]},{"@type":"ImageObject","inLanguage":"en-CA","@id":"https:\/\/autravail.ca\/product\/5017-v1170170-manteau-de-congelateur\/#primaryimage","url":"https:\/\/autravail.ca\/wp-content\/uploads\/2025\/05\/5017_noir_A01_e66416ae-8a0c-4e3c-950c-afcb6085c474.jpg","contentUrl":"https:\/\/autravail.ca\/wp-content\/uploads\/2025\/05\/5017_noir_A01_e66416ae-8a0c-4e3c-950c-afcb6085c474.jpg","width":800,"height":720},{"@type":"BreadcrumbList","@id":"https:\/\/autravail.ca\/product\/5017-v1170170-manteau-de-congelateur\/#breadcrumb","itemListElement":[{"@type":"ListItem","position":1,"name":"Accueil","item":"https:\/\/autravail.ca\/"},{"@type":"ListItem","position":2,"name":"Magasin","item":"https:\/\/autravail.ca\/en\/shop\/"},{"@type":"ListItem","position":3,"name":"5017 V1170170 &#8211; MANTEAU DE CONG\u00c9LATEUR"}]},{"@type":"WebSite","@id":"https:\/\/autravail.ca\/#website","url":"https:\/\/autravail.ca\/","name":"Le Magasin Industriel","description":"50 ans de tradition de s\u00e9curit\u00e9 au travail","publisher":{"@id":"https:\/\/autravail.ca\/#organization"},"potentialAction":[{"@type":"SearchAction","target":{"@type":"EntryPoint","urlTemplate":"https:\/\/autravail.ca\/?s={search_term_string}"},"query-input":{"@type":"PropertyValueSpecification","valueRequired":true,"valueName":"search_term_string"}}],"inLanguage":"en-CA"},{"@type":"Organization","@id":"https:\/\/autravail.ca\/#organization","name":"Le Magasin Industriel","url":"https:\/\/autravail.ca\/","logo":{"@type":"ImageObject","inLanguage":"en-CA","@id":"https:\/\/autravail.ca\/#\/schema\/logo\/image\/","url":"https:\/\/autravail.ca\/wp-content\/uploads\/2025\/05\/cropped-magasin_industriel_120x.avif","contentUrl":"https:\/\/autravail.ca\/wp-content\/uploads\/2025\/05\/cropped-magasin_industriel_120x.avif","width":120,"height":24,"caption":"Le Magasin Industriel"},"image":{"@id":"https:\/\/autravail.ca\/#\/schema\/logo\/image\/"},"sameAs":["https:\/\/www.facebook.com\/lemagasinindustriel\/?locale=fr_FR"]}]}},"jetpack_sharing_enabled":true,"_links":{"self":[{"href":"https:\/\/autravail.ca\/en\/wp-json\/wp\/v2\/product\/28159","targetHints":{"allow":["GET"]}}],"collection":[{"href":"https:\/\/autravail.ca\/en\/wp-json\/wp\/v2\/product"}],"about":[{"href":"https:\/\/autravail.ca\/en\/wp-json\/wp\/v2\/types\/product"}],"replies":[{"embeddable":true,"href":"https:\/\/autravail.ca\/en\/wp-json\/wp\/v2\/comments?post=28159"}],"wp:featuredmedia":[{"embeddable":true,"href":"https:\/\/autravail.ca\/en\/wp-json\/wp\/v2\/media\/11514"}],"wp:attachment":[{"href":"https:\/\/autravail.ca\/en\/wp-json\/wp\/v2\/media?parent=28159"}],"wp:term":[{"taxonomy":"product_cat","embeddable":true,"href":"https:\/\/autravail.ca\/en\/wp-json\/wp\/v2\/product_cat?post=28159"},{"taxonomy":"product_tag","embeddable":true,"href":"https:\/\/autravail.ca\/en\/wp-json\/wp\/v2\/product_tag?post=28159"}],"curies":[{"name":"wp","href":"https:\/\/api.w.org\/{rel}","templated":true}]}}