{"id":28132,"date":"2025-05-08T06:25:23","date_gmt":"2025-05-08T06:25:23","guid":{"rendered":"https:\/\/meteoquebec.ca\/?post_type=product&#038;p=28132"},"modified":"2026-03-13T18:18:25","modified_gmt":"2026-03-13T22:18:25","slug":"botte-de-travail-5003dd","status":"publish","type":"product","link":"https:\/\/autravail.ca\/en\/product\/botte-de-travail-5003dd\/","title":{"rendered":"Botte de travail &#8211; 5003DD"},"content":{"rendered":"<h3>Botte de travail &#8211; 5003DD<\/h3>\n<p>Le cuir Buffalo de 2.0 mm de la Botte de travail &#8211; 5003DD de <a href=\"https:\/\/autravail.ca\/en\/product-brand\/royer\/\">Royer<\/a> et sa semelle de polyur\u00e9thane \u00e0 double injection rendent cette botte \u00e0 la fois confortable et durable. Bien qu&rsquo;elle soit id\u00e9ale pour pratiquement tous les secteurs d&rsquo;activit\u00e9s industriels, la botte 10-5002 de Royer est particuli\u00e8rement appr\u00e9ci\u00e9e par les m\u00e9caniciens.<\/p>\n<p><img decoding=\"async\" class=\"alignnone size-full wp-image-40117\" src=\"https:\/\/autravail.ca\/wp-content\/uploads\/2025\/09\/Certification-Omega-Triangle-vert.jpg\" alt=\"Certifications Om\u00e9ga Triangle vert\" width=\"193\" height=\"110\" srcset=\"https:\/\/autravail.ca\/wp-content\/uploads\/2025\/09\/Certification-Omega-Triangle-vert.jpg 193w, https:\/\/autravail.ca\/wp-content\/uploads\/2025\/09\/Certification-Omega-Triangle-vert-150x85.jpg 150w, https:\/\/autravail.ca\/wp-content\/uploads\/2025\/09\/Certification-Omega-Triangle-vert-18x10.jpg 18w\" sizes=\"(max-width: 193px) 100vw, 193px\" \/><\/p>\n<h6>Product Description:<\/h6>\n<ul>\n<li>Double injection polyurethane sole, oil resistant, lightweight, flexible and with good shock absorption capacity<\/li>\n<li>Asymmetrical steel toe 'More-Room Steel Toe' offering more space at the toes.<\/li>\n<li>steel sole<\/li>\n<li>dielectric sole<\/li>\n<li>Protective Cap Shock in TPU for more durability at the front of the boots.<\/li>\n<li>Cuir de buffle de 2,0 mm.<\/li>\n<li>Sole of cleanliness in EVA<\/li>\n<li>Door sill<\/li>\n<li>Protection against electric shocks<\/li>\n<li>Semelle intercalaire en EVA et semelle d&rsquo;usure de caoutchouc r\u00e9sistant \u00e0 l&rsquo;huile<\/li>\n<li>Semelle antiperforation en acier<\/li>\n<li>Exterior Patch PARESHOK in ultra-durable TPU<\/li>\n<li>Semelle de PU \u00e0 double densit\u00e9<\/li>\n<li>Non-metallic antipercoration<\/li>\n<li>Coquille protectrice Pareshok\u00a0en TPU ou caoutchouc dense positionn\u00e9e \u00e0 l\u2019avant de la botte, par-dessus le cuir et l\u2019embout de protection, afin d\u2019augmenter significativement la r\u00e9sistance du bout contre l\u2019usure et, de ce fait, la dur\u00e9e de vie utile de la botte.<\/li>\n<\/ul>\n<p>Recommended domains: mechanic's boots, industrial boots, boots for road transport, others etc.<\/p>\n<p><span style=\"color: #ff0000;\"><strong>This product is always in stock and will be shipped within a time varying between 6 and 24 hours (weekdays).<\/strong><\/span><\/p>\n<p><img decoding=\"async\" class=\"alignnone wp-image-40620\" src=\"https:\/\/autravail.ca\/wp-content\/uploads\/2025\/09\/Jachete-quebec-et-canada.jpg\" alt=\"Logo de l'achat local\" width=\"162\" height=\"139\" \/>Merci d&rsquo;encourager une entreprise 100% d&rsquo;ici!<\/p>","protected":false},"excerpt":{"rendered":"<p>Botte de travail &#8211; 5003DD Le cuir Buffalo de 2.0 mm de la Botte de travail &#8211; 5003DD de Royer et sa semelle de polyur\u00e9thane \u00e0 double injection rendent cette botte \u00e0 la fois confortable et durable. Bien qu&rsquo;elle soit id\u00e9ale pour pratiquement tous les secteurs d&rsquo;activit\u00e9s industriels, la botte 10-5002 de Royer est particuli\u00e8rement [&hellip;]<\/p>","protected":false},"featured_media":11499,"comment_status":"open","ping_status":"closed","template":"","meta":[],"product_cat":[613,631,602],"product_tag":[251,264,252,263,242,261,253],"class_list":{"0":"post-28132","1":"product","2":"type-product","3":"status-publish","4":"has-post-thumbnail","6":"product_brand-royer","7":"product_cat-bottes-de-travail","8":"product_cat-en-solde","9":"product_cat-hommes","10":"product_tag-bottes-de-travail","11":"product_tag-corpo01","12":"product_tag-electric-shock-resistant","13":"product_tag-en-solde","14":"product_tag-homme","15":"product_tag-novago","16":"product_tag-sole-protection","18":"first","19":"instock","20":"sale","21":"taxable","22":"shipping-taxable","23":"purchasable","24":"product-type-variable"},"yoast_head":"<!-- This site is optimized with the Yoast SEO plugin v25.3.1 - https:\/\/yoast.com\/wordpress\/plugins\/seo\/ -->\n<title>Botte de travail - 5003DD - Le Magasin Industriel<\/title>\n<meta name=\"description\" content=\"Botte de travail - 5003DD, 8 pouces approuv\u00e9 CSA, semelle anti perforation, embout d&#039;acier, deux densit\u00e9 avec embout pareshok\" \/>\n<meta name=\"robots\" content=\"index, follow, max-snippet:-1, max-image-preview:large, max-video-preview:-1\" \/>\n<link rel=\"canonical\" href=\"https:\/\/autravail.ca\/en\/product\/botte-de-travail-5003dd\/\" \/>\n<meta property=\"og:locale\" content=\"en_US\" \/>\n<meta property=\"og:type\" content=\"article\" \/>\n<meta property=\"og:title\" content=\"Botte de travail - 5003DD - Le Magasin Industriel\" \/>\n<meta property=\"og:description\" content=\"Botte de travail - 5003DD, 8 pouces approuv\u00e9 CSA, semelle anti perforation, embout d&#039;acier, deux densit\u00e9 avec embout pareshok\" \/>\n<meta property=\"og:url\" content=\"https:\/\/autravail.ca\/en\/product\/botte-de-travail-5003dd\/\" \/>\n<meta property=\"og:site_name\" content=\"Le Magasin Industriel\" \/>\n<meta property=\"article:publisher\" content=\"https:\/\/www.facebook.com\/lemagasinindustriel\/?locale=fr_FR\" \/>\n<meta property=\"article:modified_time\" content=\"2026-03-13T22:18:25+00:00\" \/>\n<meta property=\"og:image\" content=\"https:\/\/autravail.ca\/wp-content\/uploads\/2025\/05\/5002DD_A01_c8d7cfca-b89b-4a16-93e4-322606b3474d.jpg\" \/>\n\t<meta property=\"og:image:width\" content=\"1000\" \/>\n\t<meta property=\"og:image:height\" content=\"1000\" \/>\n\t<meta property=\"og:image:type\" content=\"image\/jpeg\" \/>\n<meta name=\"twitter:card\" content=\"summary_large_image\" \/>\n<meta name=\"twitter:label1\" content=\"Est. reading time\" \/>\n\t<meta name=\"twitter:data1\" content=\"2 minutes\" \/>\n<script type=\"application\/ld+json\" class=\"yoast-schema-graph\">{\"@context\":\"https:\/\/schema.org\",\"@graph\":[{\"@type\":\"WebPage\",\"@id\":\"https:\/\/autravail.ca\/product\/botte-de-travail-5003dd\/\",\"url\":\"https:\/\/autravail.ca\/product\/botte-de-travail-5003dd\/\",\"name\":\"Botte de travail - 5003DD - Le Magasin Industriel\",\"isPartOf\":{\"@id\":\"https:\/\/autravail.ca\/#website\"},\"primaryImageOfPage\":{\"@id\":\"https:\/\/autravail.ca\/product\/botte-de-travail-5003dd\/#primaryimage\"},\"image\":{\"@id\":\"https:\/\/autravail.ca\/product\/botte-de-travail-5003dd\/#primaryimage\"},\"thumbnailUrl\":\"https:\/\/autravail.ca\/wp-content\/uploads\/2025\/05\/5002DD_A01_c8d7cfca-b89b-4a16-93e4-322606b3474d.jpg\",\"datePublished\":\"2025-05-08T06:25:23+00:00\",\"dateModified\":\"2026-03-13T22:18:25+00:00\",\"description\":\"Botte de travail - 5003DD, 8 pouces approuv\u00e9 CSA, semelle anti perforation, embout d'acier, deux densit\u00e9 avec embout pareshok\",\"breadcrumb\":{\"@id\":\"https:\/\/autravail.ca\/product\/botte-de-travail-5003dd\/#breadcrumb\"},\"inLanguage\":\"en-CA\",\"potentialAction\":[{\"@type\":\"ReadAction\",\"target\":[\"https:\/\/autravail.ca\/product\/botte-de-travail-5003dd\/\"]}]},{\"@type\":\"ImageObject\",\"inLanguage\":\"en-CA\",\"@id\":\"https:\/\/autravail.ca\/product\/botte-de-travail-5003dd\/#primaryimage\",\"url\":\"https:\/\/autravail.ca\/wp-content\/uploads\/2025\/05\/5002DD_A01_c8d7cfca-b89b-4a16-93e4-322606b3474d.jpg\",\"contentUrl\":\"https:\/\/autravail.ca\/wp-content\/uploads\/2025\/05\/5002DD_A01_c8d7cfca-b89b-4a16-93e4-322606b3474d.jpg\",\"width\":1000,\"height\":1000},{\"@type\":\"BreadcrumbList\",\"@id\":\"https:\/\/autravail.ca\/product\/botte-de-travail-5003dd\/#breadcrumb\",\"itemListElement\":[{\"@type\":\"ListItem\",\"position\":1,\"name\":\"Accueil\",\"item\":\"https:\/\/autravail.ca\/\"},{\"@type\":\"ListItem\",\"position\":2,\"name\":\"Magasin\",\"item\":\"https:\/\/autravail.ca\/en\/shop\/\"},{\"@type\":\"ListItem\",\"position\":3,\"name\":\"Botte de travail &#8211; 5003DD\"}]},{\"@type\":\"WebSite\",\"@id\":\"https:\/\/autravail.ca\/#website\",\"url\":\"https:\/\/autravail.ca\/\",\"name\":\"Le Magasin Industriel\",\"description\":\"50 ans de tradition de s\u00e9curit\u00e9 au travail\",\"publisher\":{\"@id\":\"https:\/\/autravail.ca\/#organization\"},\"potentialAction\":[{\"@type\":\"SearchAction\",\"target\":{\"@type\":\"EntryPoint\",\"urlTemplate\":\"https:\/\/autravail.ca\/?s={search_term_string}\"},\"query-input\":{\"@type\":\"PropertyValueSpecification\",\"valueRequired\":true,\"valueName\":\"search_term_string\"}}],\"inLanguage\":\"en-CA\"},{\"@type\":\"Organization\",\"@id\":\"https:\/\/autravail.ca\/#organization\",\"name\":\"Le Magasin Industriel\",\"url\":\"https:\/\/autravail.ca\/\",\"logo\":{\"@type\":\"ImageObject\",\"inLanguage\":\"en-CA\",\"@id\":\"https:\/\/autravail.ca\/#\/schema\/logo\/image\/\",\"url\":\"https:\/\/autravail.ca\/wp-content\/uploads\/2025\/05\/cropped-magasin_industriel_120x.avif\",\"contentUrl\":\"https:\/\/autravail.ca\/wp-content\/uploads\/2025\/05\/cropped-magasin_industriel_120x.avif\",\"width\":120,\"height\":24,\"caption\":\"Le Magasin Industriel\"},\"image\":{\"@id\":\"https:\/\/autravail.ca\/#\/schema\/logo\/image\/\"},\"sameAs\":[\"https:\/\/www.facebook.com\/lemagasinindustriel\/?locale=fr_FR\"]}]}<\/script>\n<!-- \/ Yoast SEO plugin. -->","yoast_head_json":{"title":"Botte de travail - 5003DD - Le Magasin Industriel","description":"Botte de travail - 5003DD, 8 pouces approuv\u00e9 CSA, semelle anti perforation, embout d'acier, deux densit\u00e9 avec embout pareshok","robots":{"index":"index","follow":"follow","max-snippet":"max-snippet:-1","max-image-preview":"max-image-preview:large","max-video-preview":"max-video-preview:-1"},"canonical":"https:\/\/autravail.ca\/en\/product\/botte-de-travail-5003dd\/","og_locale":"en_US","og_type":"article","og_title":"Botte de travail - 5003DD - Le Magasin Industriel","og_description":"Botte de travail - 5003DD, 8 pouces approuv\u00e9 CSA, semelle anti perforation, embout d'acier, deux densit\u00e9 avec embout pareshok","og_url":"https:\/\/autravail.ca\/en\/product\/botte-de-travail-5003dd\/","og_site_name":"Le Magasin Industriel","article_publisher":"https:\/\/www.facebook.com\/lemagasinindustriel\/?locale=fr_FR","article_modified_time":"2026-03-13T22:18:25+00:00","og_image":[{"width":1000,"height":1000,"url":"https:\/\/autravail.ca\/wp-content\/uploads\/2025\/05\/5002DD_A01_c8d7cfca-b89b-4a16-93e4-322606b3474d.jpg","type":"image\/jpeg"}],"twitter_card":"summary_large_image","twitter_misc":{"Est. reading time":"2 minutes"},"schema":{"@context":"https:\/\/schema.org","@graph":[{"@type":"WebPage","@id":"https:\/\/autravail.ca\/product\/botte-de-travail-5003dd\/","url":"https:\/\/autravail.ca\/product\/botte-de-travail-5003dd\/","name":"Botte de travail - 5003DD - Le Magasin Industriel","isPartOf":{"@id":"https:\/\/autravail.ca\/#website"},"primaryImageOfPage":{"@id":"https:\/\/autravail.ca\/product\/botte-de-travail-5003dd\/#primaryimage"},"image":{"@id":"https:\/\/autravail.ca\/product\/botte-de-travail-5003dd\/#primaryimage"},"thumbnailUrl":"https:\/\/autravail.ca\/wp-content\/uploads\/2025\/05\/5002DD_A01_c8d7cfca-b89b-4a16-93e4-322606b3474d.jpg","datePublished":"2025-05-08T06:25:23+00:00","dateModified":"2026-03-13T22:18:25+00:00","description":"Botte de travail - 5003DD, 8 pouces approuv\u00e9 CSA, semelle anti perforation, embout d'acier, deux densit\u00e9 avec embout pareshok","breadcrumb":{"@id":"https:\/\/autravail.ca\/product\/botte-de-travail-5003dd\/#breadcrumb"},"inLanguage":"en-CA","potentialAction":[{"@type":"ReadAction","target":["https:\/\/autravail.ca\/product\/botte-de-travail-5003dd\/"]}]},{"@type":"ImageObject","inLanguage":"en-CA","@id":"https:\/\/autravail.ca\/product\/botte-de-travail-5003dd\/#primaryimage","url":"https:\/\/autravail.ca\/wp-content\/uploads\/2025\/05\/5002DD_A01_c8d7cfca-b89b-4a16-93e4-322606b3474d.jpg","contentUrl":"https:\/\/autravail.ca\/wp-content\/uploads\/2025\/05\/5002DD_A01_c8d7cfca-b89b-4a16-93e4-322606b3474d.jpg","width":1000,"height":1000},{"@type":"BreadcrumbList","@id":"https:\/\/autravail.ca\/product\/botte-de-travail-5003dd\/#breadcrumb","itemListElement":[{"@type":"ListItem","position":1,"name":"Accueil","item":"https:\/\/autravail.ca\/"},{"@type":"ListItem","position":2,"name":"Magasin","item":"https:\/\/autravail.ca\/en\/shop\/"},{"@type":"ListItem","position":3,"name":"Botte de travail &#8211; 5003DD"}]},{"@type":"WebSite","@id":"https:\/\/autravail.ca\/#website","url":"https:\/\/autravail.ca\/","name":"Le Magasin Industriel","description":"50 ans de tradition de s\u00e9curit\u00e9 au travail","publisher":{"@id":"https:\/\/autravail.ca\/#organization"},"potentialAction":[{"@type":"SearchAction","target":{"@type":"EntryPoint","urlTemplate":"https:\/\/autravail.ca\/?s={search_term_string}"},"query-input":{"@type":"PropertyValueSpecification","valueRequired":true,"valueName":"search_term_string"}}],"inLanguage":"en-CA"},{"@type":"Organization","@id":"https:\/\/autravail.ca\/#organization","name":"Le Magasin Industriel","url":"https:\/\/autravail.ca\/","logo":{"@type":"ImageObject","inLanguage":"en-CA","@id":"https:\/\/autravail.ca\/#\/schema\/logo\/image\/","url":"https:\/\/autravail.ca\/wp-content\/uploads\/2025\/05\/cropped-magasin_industriel_120x.avif","contentUrl":"https:\/\/autravail.ca\/wp-content\/uploads\/2025\/05\/cropped-magasin_industriel_120x.avif","width":120,"height":24,"caption":"Le Magasin Industriel"},"image":{"@id":"https:\/\/autravail.ca\/#\/schema\/logo\/image\/"},"sameAs":["https:\/\/www.facebook.com\/lemagasinindustriel\/?locale=fr_FR"]}]}},"jetpack_sharing_enabled":true,"_links":{"self":[{"href":"https:\/\/autravail.ca\/en\/wp-json\/wp\/v2\/product\/28132","targetHints":{"allow":["GET"]}}],"collection":[{"href":"https:\/\/autravail.ca\/en\/wp-json\/wp\/v2\/product"}],"about":[{"href":"https:\/\/autravail.ca\/en\/wp-json\/wp\/v2\/types\/product"}],"replies":[{"embeddable":true,"href":"https:\/\/autravail.ca\/en\/wp-json\/wp\/v2\/comments?post=28132"}],"wp:featuredmedia":[{"embeddable":true,"href":"https:\/\/autravail.ca\/en\/wp-json\/wp\/v2\/media\/11499"}],"wp:attachment":[{"href":"https:\/\/autravail.ca\/en\/wp-json\/wp\/v2\/media?parent=28132"}],"wp:term":[{"taxonomy":"product_cat","embeddable":true,"href":"https:\/\/autravail.ca\/en\/wp-json\/wp\/v2\/product_cat?post=28132"},{"taxonomy":"product_tag","embeddable":true,"href":"https:\/\/autravail.ca\/en\/wp-json\/wp\/v2\/product_tag?post=28132"}],"curies":[{"name":"wp","href":"https:\/\/api.w.org\/{rel}","templated":true}]}}