{"id":28131,"date":"2025-05-08T06:25:22","date_gmt":"2025-05-08T06:25:22","guid":{"rendered":"https:\/\/meteoquebec.ca\/?post_type=product&#038;p=28131"},"modified":"2026-03-05T11:43:28","modified_gmt":"2026-03-05T15:43:28","slug":"soulier-de-travail-jack-500089","status":"publish","type":"product","link":"https:\/\/autravail.ca\/en\/product\/soulier-de-travail-jack-500089\/","title":{"rendered":"Soulier de travail Jack &#8211; 500089"},"content":{"rendered":"<h3>Soulier de travail Jack &#8211; 500089<\/h3>\n<p>Soulier de travail Jack &#8211; 500089 de <a href=\"https:\/\/autravail.ca\/wp-admin\/edit-tags.php?taxonomy=product_brand&amp;post_type=product\">Mellow Walk<\/a> <mark class=\"HxTRcb\" data-sae=\"\" data-complete=\"true\">est une\u00a0<strong class=\"Yjhzub\" data-complete=\"true\">chaussure de s\u00e9curit\u00e9 basse \u00e0 lacets pour homme<\/strong>\u00a0qui se distingue par sa\u00a0<strong class=\"Yjhzub\" data-complete=\"true\">largeur exceptionnelle (4E)<\/strong>, con\u00e7ue pour un confort orthop\u00e9dique sup\u00e9rieur<\/mark>. Elle est fabriqu\u00e9e au Canada et combine un style habill\u00e9-d\u00e9contract\u00e9 avec une protection robuste, incluant un\u00a0<strong class=\"Yjhzub\" data-complete=\"true\" data-processed=\"true\">embout en acier<\/strong>, une\u00a0<strong class=\"Yjhzub\" data-complete=\"true\" data-processed=\"true\">plaque anti-perforation<\/strong>\u00a0et une r\u00e9sistance aux\u00a0<strong class=\"Yjhzub\" data-complete=\"true\" data-processed=\"true\">chocs \u00e9lectriques (ESR\/EH)<\/strong>. Le mod\u00e8le\u00a0<strong class=\"Yjhzub\" data-complete=\"true\">Jack<\/strong>\u00a0est particuli\u00e8rement r\u00e9put\u00e9 pour son\u00a0<strong class=\"Yjhzub\" data-complete=\"true\">confort exceptionnel<\/strong>\u00a0et son\u00a0<strong class=\"Yjhzub\" data-complete=\"true\">ajustement parfait<\/strong>\u00a0pour les personnes ayant les pieds larges, les utilisateurs notant souvent qu&rsquo;il n&rsquo;y a\u00a0<strong class=\"Yjhzub\" data-complete=\"true\">aucune p\u00e9riode de rodage<\/strong>\u00a0n\u00e9cessaire.<\/p>\n<p><img decoding=\"async\" class=\"alignnone size-full wp-image-40117\" src=\"https:\/\/autravail.ca\/wp-content\/uploads\/2025\/09\/Certification-Omega-Triangle-vert.jpg\" alt=\"Certifications Om\u00e9ga Triangle vert\" width=\"193\" height=\"110\" srcset=\"https:\/\/autravail.ca\/wp-content\/uploads\/2025\/09\/Certification-Omega-Triangle-vert.jpg 193w, https:\/\/autravail.ca\/wp-content\/uploads\/2025\/09\/Certification-Omega-Triangle-vert-150x85.jpg 150w, https:\/\/autravail.ca\/wp-content\/uploads\/2025\/09\/Certification-Omega-Triangle-vert-18x10.jpg 18w\" sizes=\"(max-width: 193px) 100vw, 193px\" \/><\/p>\n<p>Characteristics:<\/p>\n<ul>\n<li><span dir=\"auto\"><span dir=\"auto\">Resistant to electrical shocks<\/span><\/span><\/li>\n<li><span dir=\"auto\"><span dir=\"auto\">Puncture Resistant<\/span><\/span><\/li>\n<li><span dir=\"auto\"><span dir=\"auto\">Antid\u00e9rapant<\/span><\/span><\/li>\n<li><span dir=\"auto\"><span dir=\"auto\">Largeur &#8211; 4E (extra extra-large)<\/span><\/span><\/li>\n<li><span dir=\"auto\"><span dir=\"auto\">Ajustement \u2013 \u200b\u200bCon\u00e7u sur une forme orthop\u00e9dique confortable. Compatible avec les semelles orthop\u00e9diques.<\/span><\/span><\/li>\n<li><strong class=\"Yjhzub\" data-complete=\"true\">Cuir pleine fleur<\/strong>\u00a0lisse<\/li>\n<li><strong class=\"Yjhzub\" data-complete=\"true\">Doublure Oasis ou Dri-Lex<\/strong>\u00a0respirante et \u00e9vacuant l&rsquo;humidit\u00e9<\/li>\n<li><span dir=\"auto\"><span dir=\"auto\">Mat\u00e9riau de la semelle ext\u00e9rieure : polyur\u00e9thane (PU) bi-densit\u00e9 l\u00e9g\u00e8re, absorbant les chocs, non marquante et antid\u00e9rapante<\/span><\/span><\/li>\n<li><span dir=\"auto\"><span dir=\"auto\">Embout de s\u00e9curit\u00e9 en acier<\/span><\/span><\/li>\n<li><strong class=\"Yjhzub\" data-complete=\"true\">Plaque de protection flexible et tiss\u00e9e en composite<\/strong><span class=\"T286Pc\" data-sfc-cp=\"\" data-complete=\"true\">\u00a0r\u00e9sistante aux perforations (PR), approuv\u00e9e CSA et\u00a0<span data-sfc-cp=\"\" data-complete=\"true\"><a class=\"H23r4e\" href=\"https:\/\/www.safgard.com\/mens-shoes\/products\/MW500089\" target=\"_blank\" rel=\"noopener\" data-hveid=\"CAEIBBAC\" aria-owns=\"action-menu-parent-container\">ASTM<\/a><\/span><\/span><\/li>\n<li><span dir=\"auto\"><span dir=\"auto\">Semelle int\u00e9rieure amovible Dream-fit Ultra-Confort en mousse \u00e0 m\u00e9moire de forme, pouvant accueillir des orth\u00e8ses sur mesure<\/span><\/span><\/li>\n<li><span dir=\"auto\"><span dir=\"auto\">Construction &#8211; Semelle ciment\u00e9e \/ cousue \u00e0 points nou\u00e9s<\/span><\/span><\/li>\n<li><span dir=\"auto\"><span dir=\"auto\">Sans marquage &#8211; Oui<\/span><\/span><\/li>\n<li>Fabriqu\u00e9 au Canada<\/li>\n<\/ul>\n<p><img decoding=\"async\" class=\"alignnone wp-image-40620\" src=\"https:\/\/autravail.ca\/wp-content\/uploads\/2025\/09\/Jachete-quebec-et-canada.jpg\" alt=\"Logo de l'achat local\" width=\"162\" height=\"139\" \/>Merci d&rsquo;encourager une entreprise 100% d&rsquo;ici!<\/p>\n<p>TS2602H<\/p>","protected":false},"excerpt":{"rendered":"<p>Soulier de travail Jack &#8211; 500089 Soulier de travail Jack &#8211; 500089 de Mellow Walk est une\u00a0chaussure de s\u00e9curit\u00e9 basse \u00e0 lacets pour homme\u00a0qui se distingue par sa\u00a0largeur exceptionnelle (4E), con\u00e7ue pour un confort orthop\u00e9dique sup\u00e9rieur. Elle est fabriqu\u00e9e au Canada et combine un style habill\u00e9-d\u00e9contract\u00e9 avec une protection robuste, incluant un\u00a0embout en acier, une\u00a0plaque [&hellip;]<\/p>","protected":false},"featured_media":11483,"comment_status":"open","ping_status":"closed","template":"","meta":[],"product_cat":[602,619],"product_tag":[252,242,253,257],"class_list":{"0":"post-28131","1":"product","2":"type-product","3":"status-publish","4":"has-post-thumbnail","6":"product_brand-mellow-walk","7":"product_cat-hommes","8":"product_cat-souliers-de-travail","9":"product_tag-electric-shock-resistant","10":"product_tag-homme","11":"product_tag-sole-protection","12":"product_tag-souliers-de-travail","14":"first","15":"instock","16":"taxable","17":"shipping-taxable","18":"purchasable","19":"product-type-variable"},"yoast_head":"<!-- This site is optimized with the Yoast SEO plugin v25.3.1 - https:\/\/yoast.com\/wordpress\/plugins\/seo\/ -->\n<title>Soulier de travail Jack - 500089 - Le Magasin Industriel<\/title>\n<meta name=\"description\" content=\"Soulier de travail Jack - 500089 est une chaussure de s\u00e9curit\u00e9 qui se distingue par sa largeur exceptionnelle (4E), fabriqu\u00e9e au Canada\" \/>\n<meta name=\"robots\" content=\"index, follow, max-snippet:-1, max-image-preview:large, max-video-preview:-1\" \/>\n<link rel=\"canonical\" href=\"https:\/\/autravail.ca\/en\/product\/soulier-de-travail-jack-500089\/\" \/>\n<meta property=\"og:locale\" content=\"en_US\" \/>\n<meta property=\"og:type\" content=\"article\" \/>\n<meta property=\"og:title\" content=\"Soulier de travail Jack - 500089 - Le Magasin Industriel\" \/>\n<meta property=\"og:description\" content=\"Soulier de travail Jack - 500089 est une chaussure de s\u00e9curit\u00e9 qui se distingue par sa largeur exceptionnelle (4E), fabriqu\u00e9e au Canada\" \/>\n<meta property=\"og:url\" content=\"https:\/\/autravail.ca\/en\/product\/soulier-de-travail-jack-500089\/\" \/>\n<meta property=\"og:site_name\" content=\"Le Magasin Industriel\" \/>\n<meta property=\"article:publisher\" content=\"https:\/\/www.facebook.com\/lemagasinindustriel\/?locale=fr_FR\" \/>\n<meta property=\"article:modified_time\" content=\"2026-03-05T15:43:28+00:00\" \/>\n<meta property=\"og:image\" content=\"https:\/\/autravail.ca\/wp-content\/uploads\/2025\/05\/500089_A01.jpg\" \/>\n\t<meta property=\"og:image:width\" content=\"1000\" \/>\n\t<meta property=\"og:image:height\" content=\"1000\" \/>\n\t<meta property=\"og:image:type\" content=\"image\/jpeg\" \/>\n<meta name=\"twitter:card\" content=\"summary_large_image\" \/>\n<meta name=\"twitter:label1\" content=\"Est. reading time\" \/>\n\t<meta name=\"twitter:data1\" content=\"2 minutes\" \/>\n<script type=\"application\/ld+json\" class=\"yoast-schema-graph\">{\"@context\":\"https:\/\/schema.org\",\"@graph\":[{\"@type\":\"WebPage\",\"@id\":\"https:\/\/autravail.ca\/product\/soulier-de-travail-jack-500089\/\",\"url\":\"https:\/\/autravail.ca\/product\/soulier-de-travail-jack-500089\/\",\"name\":\"Soulier de travail Jack - 500089 - Le Magasin Industriel\",\"isPartOf\":{\"@id\":\"https:\/\/autravail.ca\/#website\"},\"primaryImageOfPage\":{\"@id\":\"https:\/\/autravail.ca\/product\/soulier-de-travail-jack-500089\/#primaryimage\"},\"image\":{\"@id\":\"https:\/\/autravail.ca\/product\/soulier-de-travail-jack-500089\/#primaryimage\"},\"thumbnailUrl\":\"https:\/\/autravail.ca\/wp-content\/uploads\/2025\/05\/500089_A01.jpg\",\"datePublished\":\"2025-05-08T06:25:22+00:00\",\"dateModified\":\"2026-03-05T15:43:28+00:00\",\"description\":\"Soulier de travail Jack - 500089 est une chaussure de s\u00e9curit\u00e9 qui se distingue par sa largeur exceptionnelle (4E), fabriqu\u00e9e au Canada\",\"breadcrumb\":{\"@id\":\"https:\/\/autravail.ca\/product\/soulier-de-travail-jack-500089\/#breadcrumb\"},\"inLanguage\":\"en-CA\",\"potentialAction\":[{\"@type\":\"ReadAction\",\"target\":[\"https:\/\/autravail.ca\/product\/soulier-de-travail-jack-500089\/\"]}]},{\"@type\":\"ImageObject\",\"inLanguage\":\"en-CA\",\"@id\":\"https:\/\/autravail.ca\/product\/soulier-de-travail-jack-500089\/#primaryimage\",\"url\":\"https:\/\/autravail.ca\/wp-content\/uploads\/2025\/05\/500089_A01.jpg\",\"contentUrl\":\"https:\/\/autravail.ca\/wp-content\/uploads\/2025\/05\/500089_A01.jpg\",\"width\":1000,\"height\":1000,\"caption\":\"Soulier de travail Jack - 500089\"},{\"@type\":\"BreadcrumbList\",\"@id\":\"https:\/\/autravail.ca\/product\/soulier-de-travail-jack-500089\/#breadcrumb\",\"itemListElement\":[{\"@type\":\"ListItem\",\"position\":1,\"name\":\"Accueil\",\"item\":\"https:\/\/autravail.ca\/\"},{\"@type\":\"ListItem\",\"position\":2,\"name\":\"Magasin\",\"item\":\"https:\/\/autravail.ca\/en\/shop\/\"},{\"@type\":\"ListItem\",\"position\":3,\"name\":\"Soulier de travail Jack &#8211; 500089\"}]},{\"@type\":\"WebSite\",\"@id\":\"https:\/\/autravail.ca\/#website\",\"url\":\"https:\/\/autravail.ca\/\",\"name\":\"Le Magasin Industriel\",\"description\":\"50 ans de tradition de s\u00e9curit\u00e9 au travail\",\"publisher\":{\"@id\":\"https:\/\/autravail.ca\/#organization\"},\"potentialAction\":[{\"@type\":\"SearchAction\",\"target\":{\"@type\":\"EntryPoint\",\"urlTemplate\":\"https:\/\/autravail.ca\/?s={search_term_string}\"},\"query-input\":{\"@type\":\"PropertyValueSpecification\",\"valueRequired\":true,\"valueName\":\"search_term_string\"}}],\"inLanguage\":\"en-CA\"},{\"@type\":\"Organization\",\"@id\":\"https:\/\/autravail.ca\/#organization\",\"name\":\"Le Magasin Industriel\",\"url\":\"https:\/\/autravail.ca\/\",\"logo\":{\"@type\":\"ImageObject\",\"inLanguage\":\"en-CA\",\"@id\":\"https:\/\/autravail.ca\/#\/schema\/logo\/image\/\",\"url\":\"https:\/\/autravail.ca\/wp-content\/uploads\/2025\/05\/cropped-magasin_industriel_120x.avif\",\"contentUrl\":\"https:\/\/autravail.ca\/wp-content\/uploads\/2025\/05\/cropped-magasin_industriel_120x.avif\",\"width\":120,\"height\":24,\"caption\":\"Le Magasin Industriel\"},\"image\":{\"@id\":\"https:\/\/autravail.ca\/#\/schema\/logo\/image\/\"},\"sameAs\":[\"https:\/\/www.facebook.com\/lemagasinindustriel\/?locale=fr_FR\"]}]}<\/script>\n<!-- \/ Yoast SEO plugin. -->","yoast_head_json":{"title":"Soulier de travail Jack - 500089 - Le Magasin Industriel","description":"Soulier de travail Jack - 500089 est une chaussure de s\u00e9curit\u00e9 qui se distingue par sa largeur exceptionnelle (4E), fabriqu\u00e9e au Canada","robots":{"index":"index","follow":"follow","max-snippet":"max-snippet:-1","max-image-preview":"max-image-preview:large","max-video-preview":"max-video-preview:-1"},"canonical":"https:\/\/autravail.ca\/en\/product\/soulier-de-travail-jack-500089\/","og_locale":"en_US","og_type":"article","og_title":"Soulier de travail Jack - 500089 - Le Magasin Industriel","og_description":"Soulier de travail Jack - 500089 est une chaussure de s\u00e9curit\u00e9 qui se distingue par sa largeur exceptionnelle (4E), fabriqu\u00e9e au Canada","og_url":"https:\/\/autravail.ca\/en\/product\/soulier-de-travail-jack-500089\/","og_site_name":"Le Magasin Industriel","article_publisher":"https:\/\/www.facebook.com\/lemagasinindustriel\/?locale=fr_FR","article_modified_time":"2026-03-05T15:43:28+00:00","og_image":[{"width":1000,"height":1000,"url":"https:\/\/autravail.ca\/wp-content\/uploads\/2025\/05\/500089_A01.jpg","type":"image\/jpeg"}],"twitter_card":"summary_large_image","twitter_misc":{"Est. reading time":"2 minutes"},"schema":{"@context":"https:\/\/schema.org","@graph":[{"@type":"WebPage","@id":"https:\/\/autravail.ca\/product\/soulier-de-travail-jack-500089\/","url":"https:\/\/autravail.ca\/product\/soulier-de-travail-jack-500089\/","name":"Soulier de travail Jack - 500089 - Le Magasin Industriel","isPartOf":{"@id":"https:\/\/autravail.ca\/#website"},"primaryImageOfPage":{"@id":"https:\/\/autravail.ca\/product\/soulier-de-travail-jack-500089\/#primaryimage"},"image":{"@id":"https:\/\/autravail.ca\/product\/soulier-de-travail-jack-500089\/#primaryimage"},"thumbnailUrl":"https:\/\/autravail.ca\/wp-content\/uploads\/2025\/05\/500089_A01.jpg","datePublished":"2025-05-08T06:25:22+00:00","dateModified":"2026-03-05T15:43:28+00:00","description":"Soulier de travail Jack - 500089 est une chaussure de s\u00e9curit\u00e9 qui se distingue par sa largeur exceptionnelle (4E), fabriqu\u00e9e au Canada","breadcrumb":{"@id":"https:\/\/autravail.ca\/product\/soulier-de-travail-jack-500089\/#breadcrumb"},"inLanguage":"en-CA","potentialAction":[{"@type":"ReadAction","target":["https:\/\/autravail.ca\/product\/soulier-de-travail-jack-500089\/"]}]},{"@type":"ImageObject","inLanguage":"en-CA","@id":"https:\/\/autravail.ca\/product\/soulier-de-travail-jack-500089\/#primaryimage","url":"https:\/\/autravail.ca\/wp-content\/uploads\/2025\/05\/500089_A01.jpg","contentUrl":"https:\/\/autravail.ca\/wp-content\/uploads\/2025\/05\/500089_A01.jpg","width":1000,"height":1000,"caption":"Soulier de travail Jack - 500089"},{"@type":"BreadcrumbList","@id":"https:\/\/autravail.ca\/product\/soulier-de-travail-jack-500089\/#breadcrumb","itemListElement":[{"@type":"ListItem","position":1,"name":"Accueil","item":"https:\/\/autravail.ca\/"},{"@type":"ListItem","position":2,"name":"Magasin","item":"https:\/\/autravail.ca\/en\/shop\/"},{"@type":"ListItem","position":3,"name":"Soulier de travail Jack &#8211; 500089"}]},{"@type":"WebSite","@id":"https:\/\/autravail.ca\/#website","url":"https:\/\/autravail.ca\/","name":"Le Magasin Industriel","description":"50 ans de tradition de s\u00e9curit\u00e9 au travail","publisher":{"@id":"https:\/\/autravail.ca\/#organization"},"potentialAction":[{"@type":"SearchAction","target":{"@type":"EntryPoint","urlTemplate":"https:\/\/autravail.ca\/?s={search_term_string}"},"query-input":{"@type":"PropertyValueSpecification","valueRequired":true,"valueName":"search_term_string"}}],"inLanguage":"en-CA"},{"@type":"Organization","@id":"https:\/\/autravail.ca\/#organization","name":"Le Magasin Industriel","url":"https:\/\/autravail.ca\/","logo":{"@type":"ImageObject","inLanguage":"en-CA","@id":"https:\/\/autravail.ca\/#\/schema\/logo\/image\/","url":"https:\/\/autravail.ca\/wp-content\/uploads\/2025\/05\/cropped-magasin_industriel_120x.avif","contentUrl":"https:\/\/autravail.ca\/wp-content\/uploads\/2025\/05\/cropped-magasin_industriel_120x.avif","width":120,"height":24,"caption":"Le Magasin Industriel"},"image":{"@id":"https:\/\/autravail.ca\/#\/schema\/logo\/image\/"},"sameAs":["https:\/\/www.facebook.com\/lemagasinindustriel\/?locale=fr_FR"]}]}},"jetpack_sharing_enabled":true,"_links":{"self":[{"href":"https:\/\/autravail.ca\/en\/wp-json\/wp\/v2\/product\/28131","targetHints":{"allow":["GET"]}}],"collection":[{"href":"https:\/\/autravail.ca\/en\/wp-json\/wp\/v2\/product"}],"about":[{"href":"https:\/\/autravail.ca\/en\/wp-json\/wp\/v2\/types\/product"}],"replies":[{"embeddable":true,"href":"https:\/\/autravail.ca\/en\/wp-json\/wp\/v2\/comments?post=28131"}],"wp:featuredmedia":[{"embeddable":true,"href":"https:\/\/autravail.ca\/en\/wp-json\/wp\/v2\/media\/11483"}],"wp:attachment":[{"href":"https:\/\/autravail.ca\/en\/wp-json\/wp\/v2\/media?parent=28131"}],"wp:term":[{"taxonomy":"product_cat","embeddable":true,"href":"https:\/\/autravail.ca\/en\/wp-json\/wp\/v2\/product_cat?post=28131"},{"taxonomy":"product_tag","embeddable":true,"href":"https:\/\/autravail.ca\/en\/wp-json\/wp\/v2\/product_tag?post=28131"}],"curies":[{"name":"wp","href":"https:\/\/api.w.org\/{rel}","templated":true}]}}