{"id":28099,"date":"2025-05-08T06:25:08","date_gmt":"2025-05-08T06:25:08","guid":{"rendered":"https:\/\/meteoquebec.ca\/?product=4nlmbk-rossburn-loafer-de-travail"},"modified":"2026-04-01T13:16:23","modified_gmt":"2026-04-01T17:16:23","slug":"soulier-de-travail-rossburn-4nlmbk","status":"publish","type":"product","link":"https:\/\/autravail.ca\/en\/product\/soulier-de-travail-rossburn-4nlmbk\/","title":{"rendered":"Soulier de travail Rossburn &#8211; 4NLMBK"},"content":{"rendered":"<h3>Soulier de travail Rossburn &#8211; 4NLMBK<\/h3>\n<p>Soulier de travail Rossburn &#8211; 4NLMBK de <a href=\"https:\/\/autravail.ca\/en\/product-brand\/kodiak\/\">Kodiak<\/a>. Faciles \u00e0 enfiler et performantes, ces chaussures vous assurent confort et style tout au long de votre journ\u00e9e de travail. Leur cuir pleine fleur robuste se patine avec le temps, gagnant en caract\u00e8re jour apr\u00e8s jour. L&#8217;embout en aluminium et la plaque composite int\u00e9gr\u00e9e vous prot\u00e8gent efficacement tout en minimisant le poids.<\/p>\n<p><img decoding=\"async\" class=\"alignnone size-full wp-image-44373\" src=\"https:\/\/autravail.ca\/wp-content\/uploads\/2025\/05\/logo-CSA-SD-1.jpg\" alt=\"\" width=\"300\" height=\"87\" srcset=\"https:\/\/autravail.ca\/wp-content\/uploads\/2025\/05\/logo-CSA-SD-1.jpg 300w, https:\/\/autravail.ca\/wp-content\/uploads\/2025\/05\/logo-CSA-SD-1-150x44.jpg 150w, https:\/\/autravail.ca\/wp-content\/uploads\/2025\/05\/logo-CSA-SD-1-18x5.jpg 18w\" sizes=\"(max-width: 300px) 100vw, 300px\" \/><\/p>\n<h6>Characteristics:<\/h6>\n<ul class=\"mb-0 styled-list product-features\">\n<li><span dir=\"auto\">Cuir pleine fleur de premi\u00e8re qualit\u00e9 avec style d\u00e9contract\u00e9 \u00e0 enfiler<\/span><\/li>\n<li><span dir=\"auto\">Technologie de contr\u00f4le des odeurs KODIAK\u00ae SOS Smell Out Science\u00ae<\/span><\/li>\n<li><span dir=\"auto\">Semelle int\u00e9rieure Comfortzone\u2122 pour un amorti et un soutien tout au long de la journ\u00e9e<\/span><\/li>\n<li><span dir=\"auto\">Semelle interm\u00e9diaire l\u00e9g\u00e8re en EVA absorbant les chocs<\/span><\/li>\n<li><span dir=\"auto\">Semelle ext\u00e9rieure en caoutchouc r\u00e9sistant \u00e0 l&rsquo;huile et antid\u00e9rapante<\/span><\/li>\n<li><span dir=\"auto\">Embout de s\u00e9curit\u00e9 en\u00a0<strong class=\"Yjhzub\" data-sfc-root=\"c\" data-sfc-cb=\"\" data-complete=\"true\">aluminium<\/strong>, ce qui le rend plus l\u00e9ger qu&rsquo;un embout d&rsquo;acier traditionnel. homologu\u00e9 CSA, plaque de protection en\u00a0<strong class=\"Yjhzub\" data-sfc-root=\"c\" data-sfc-cb=\"\" data-complete=\"true\">composite<\/strong>\u00a0int\u00e9gr\u00e9e pour r\u00e9sister aux perforations, SD+<\/span><\/li>\n<li>Homologu\u00e9\u00a0<strong class=\"Yjhzub\" data-sfc-root=\"c\" data-sfc-cb=\"\" data-complete=\"true\">CSA Classe 1<\/strong>\u00a0et class\u00e9\u00a0<strong class=\"Yjhzub\" data-sfc-root=\"c\" data-sfc-cb=\"\" data-complete=\"true\">SD+<\/strong>\u00a0(Dissipation Statique sup\u00e9rieure), id\u00e9al pour les environnements sensibles \u00e0 l&rsquo;\u00e9lectricit\u00e9 statique.<\/li>\n<li><span dir=\"auto\">Poids : 555 grammes \/ 1,22 livres par chaussure de pointure 9<\/span><\/li>\n<\/ul>\n<p><em><span style=\"color: #fa0b0b;\">Unisex U.S. men's sizes presented. To convert to U.S. women's size, add 2 sizes. Example: 5 U.S. men = 7 U.S. women<\/span><\/em><\/p>\n<p><img decoding=\"async\" class=\"alignnone wp-image-40620\" src=\"https:\/\/autravail.ca\/wp-content\/uploads\/2025\/09\/Jachete-quebec-et-canada.jpg\" alt=\"Logo de l'achat local\" width=\"162\" height=\"139\" \/>Merci d&rsquo;encourager une entreprise 100% d&rsquo;ici!<\/p>\n<p>TS2604H<\/p>\n<p>&nbsp;<\/p>","protected":false},"excerpt":{"rendered":"<p>Soulier de travail Rossburn &#8211; 4NLMBK Soulier de travail Rossburn &#8211; 4NLMBK de Kodiak. Faciles \u00e0 enfiler et performantes, ces chaussures vous assurent confort et style tout au long de votre journ\u00e9e de travail. Leur cuir pleine fleur robuste se patine avec le temps, gagnant en caract\u00e8re jour apr\u00e8s jour. L&#8217;embout en aluminium et la [&hellip;]<\/p>","protected":false},"featured_media":11434,"comment_status":"open","ping_status":"closed","template":"","meta":[],"product_cat":[602,619],"product_tag":[242,257,283],"class_list":{"0":"post-28099","1":"product","2":"type-product","3":"status-publish","4":"has-post-thumbnail","6":"product_brand-kodiak","7":"product_cat-hommes","8":"product_cat-souliers-de-travail","9":"product_tag-homme","10":"product_tag-souliers-de-travail","11":"product_tag-static-dissipative","13":"first","14":"instock","15":"taxable","16":"shipping-taxable","17":"purchasable","18":"product-type-variable"},"yoast_head":"<!-- This site is optimized with the Yoast SEO plugin v25.3.1 - https:\/\/yoast.com\/wordpress\/plugins\/seo\/ -->\n<title>Soulier de travail Rossburn - 4NLMBK - Le Magasin Industriel<\/title>\n<meta name=\"description\" content=\"Soulier de travail Rossburn - 4NLMBK. Faciles \u00e0 enfiler et performantes, ces chaussures vous assurent confort et style tout au long de votre journ\u00e9e\" \/>\n<meta name=\"robots\" content=\"index, follow, max-snippet:-1, max-image-preview:large, max-video-preview:-1\" \/>\n<link rel=\"canonical\" href=\"https:\/\/autravail.ca\/en\/product\/soulier-de-travail-rossburn-4nlmbk\/\" \/>\n<meta property=\"og:locale\" content=\"en_US\" \/>\n<meta property=\"og:type\" content=\"article\" \/>\n<meta property=\"og:title\" content=\"Soulier de travail Rossburn - 4NLMBK - Le Magasin Industriel\" \/>\n<meta property=\"og:description\" content=\"Soulier de travail Rossburn - 4NLMBK. Faciles \u00e0 enfiler et performantes, ces chaussures vous assurent confort et style tout au long de votre journ\u00e9e\" \/>\n<meta property=\"og:url\" content=\"https:\/\/autravail.ca\/en\/product\/soulier-de-travail-rossburn-4nlmbk\/\" \/>\n<meta property=\"og:site_name\" content=\"Le Magasin Industriel\" \/>\n<meta property=\"article:publisher\" content=\"https:\/\/www.facebook.com\/lemagasinindustriel\/?locale=fr_FR\" \/>\n<meta property=\"article:modified_time\" content=\"2026-04-01T17:16:23+00:00\" \/>\n<meta property=\"og:image\" content=\"https:\/\/autravail.ca\/wp-content\/uploads\/2025\/05\/4NLMBK_A01_030d4028-8541-4f79-a5eb-117da41e0c51.jpg\" \/>\n\t<meta property=\"og:image:width\" content=\"1000\" \/>\n\t<meta property=\"og:image:height\" content=\"1000\" \/>\n\t<meta property=\"og:image:type\" content=\"image\/jpeg\" \/>\n<meta name=\"twitter:card\" content=\"summary_large_image\" \/>\n<meta name=\"twitter:label1\" content=\"Est. reading time\" \/>\n\t<meta name=\"twitter:data1\" content=\"2 minutes\" \/>\n<script type=\"application\/ld+json\" class=\"yoast-schema-graph\">{\"@context\":\"https:\/\/schema.org\",\"@graph\":[{\"@type\":\"WebPage\",\"@id\":\"https:\/\/autravail.ca\/product\/soulier-de-travail-rossburn-4nlmbk\/\",\"url\":\"https:\/\/autravail.ca\/product\/soulier-de-travail-rossburn-4nlmbk\/\",\"name\":\"Soulier de travail Rossburn - 4NLMBK - Le Magasin Industriel\",\"isPartOf\":{\"@id\":\"https:\/\/autravail.ca\/#website\"},\"primaryImageOfPage\":{\"@id\":\"https:\/\/autravail.ca\/product\/soulier-de-travail-rossburn-4nlmbk\/#primaryimage\"},\"image\":{\"@id\":\"https:\/\/autravail.ca\/product\/soulier-de-travail-rossburn-4nlmbk\/#primaryimage\"},\"thumbnailUrl\":\"https:\/\/autravail.ca\/wp-content\/uploads\/2025\/05\/4NLMBK_A01_030d4028-8541-4f79-a5eb-117da41e0c51.jpg\",\"datePublished\":\"2025-05-08T06:25:08+00:00\",\"dateModified\":\"2026-04-01T17:16:23+00:00\",\"description\":\"Soulier de travail Rossburn - 4NLMBK. Faciles \u00e0 enfiler et performantes, ces chaussures vous assurent confort et style tout au long de votre journ\u00e9e\",\"breadcrumb\":{\"@id\":\"https:\/\/autravail.ca\/product\/soulier-de-travail-rossburn-4nlmbk\/#breadcrumb\"},\"inLanguage\":\"en-CA\",\"potentialAction\":[{\"@type\":\"ReadAction\",\"target\":[\"https:\/\/autravail.ca\/product\/soulier-de-travail-rossburn-4nlmbk\/\"]}]},{\"@type\":\"ImageObject\",\"inLanguage\":\"en-CA\",\"@id\":\"https:\/\/autravail.ca\/product\/soulier-de-travail-rossburn-4nlmbk\/#primaryimage\",\"url\":\"https:\/\/autravail.ca\/wp-content\/uploads\/2025\/05\/4NLMBK_A01_030d4028-8541-4f79-a5eb-117da41e0c51.jpg\",\"contentUrl\":\"https:\/\/autravail.ca\/wp-content\/uploads\/2025\/05\/4NLMBK_A01_030d4028-8541-4f79-a5eb-117da41e0c51.jpg\",\"width\":1000,\"height\":1000,\"caption\":\"Soulier de travail Rossburn - 4NLMBK\"},{\"@type\":\"BreadcrumbList\",\"@id\":\"https:\/\/autravail.ca\/product\/soulier-de-travail-rossburn-4nlmbk\/#breadcrumb\",\"itemListElement\":[{\"@type\":\"ListItem\",\"position\":1,\"name\":\"Accueil\",\"item\":\"https:\/\/autravail.ca\/\"},{\"@type\":\"ListItem\",\"position\":2,\"name\":\"Magasin\",\"item\":\"https:\/\/autravail.ca\/en\/shop\/\"},{\"@type\":\"ListItem\",\"position\":3,\"name\":\"Soulier de travail Rossburn &#8211; 4NLMBK\"}]},{\"@type\":\"WebSite\",\"@id\":\"https:\/\/autravail.ca\/#website\",\"url\":\"https:\/\/autravail.ca\/\",\"name\":\"Le Magasin Industriel\",\"description\":\"50 ans de tradition de s\u00e9curit\u00e9 au travail\",\"publisher\":{\"@id\":\"https:\/\/autravail.ca\/#organization\"},\"potentialAction\":[{\"@type\":\"SearchAction\",\"target\":{\"@type\":\"EntryPoint\",\"urlTemplate\":\"https:\/\/autravail.ca\/?s={search_term_string}\"},\"query-input\":{\"@type\":\"PropertyValueSpecification\",\"valueRequired\":true,\"valueName\":\"search_term_string\"}}],\"inLanguage\":\"en-CA\"},{\"@type\":\"Organization\",\"@id\":\"https:\/\/autravail.ca\/#organization\",\"name\":\"Le Magasin Industriel\",\"url\":\"https:\/\/autravail.ca\/\",\"logo\":{\"@type\":\"ImageObject\",\"inLanguage\":\"en-CA\",\"@id\":\"https:\/\/autravail.ca\/#\/schema\/logo\/image\/\",\"url\":\"https:\/\/autravail.ca\/wp-content\/uploads\/2025\/05\/cropped-magasin_industriel_120x.avif\",\"contentUrl\":\"https:\/\/autravail.ca\/wp-content\/uploads\/2025\/05\/cropped-magasin_industriel_120x.avif\",\"width\":120,\"height\":24,\"caption\":\"Le Magasin Industriel\"},\"image\":{\"@id\":\"https:\/\/autravail.ca\/#\/schema\/logo\/image\/\"},\"sameAs\":[\"https:\/\/www.facebook.com\/lemagasinindustriel\/?locale=fr_FR\"]}]}<\/script>\n<!-- \/ Yoast SEO plugin. -->","yoast_head_json":{"title":"Soulier de travail Rossburn - 4NLMBK - Le Magasin Industriel","description":"Soulier de travail Rossburn - 4NLMBK. Faciles \u00e0 enfiler et performantes, ces chaussures vous assurent confort et style tout au long de votre journ\u00e9e","robots":{"index":"index","follow":"follow","max-snippet":"max-snippet:-1","max-image-preview":"max-image-preview:large","max-video-preview":"max-video-preview:-1"},"canonical":"https:\/\/autravail.ca\/en\/product\/soulier-de-travail-rossburn-4nlmbk\/","og_locale":"en_US","og_type":"article","og_title":"Soulier de travail Rossburn - 4NLMBK - Le Magasin Industriel","og_description":"Soulier de travail Rossburn - 4NLMBK. Faciles \u00e0 enfiler et performantes, ces chaussures vous assurent confort et style tout au long de votre journ\u00e9e","og_url":"https:\/\/autravail.ca\/en\/product\/soulier-de-travail-rossburn-4nlmbk\/","og_site_name":"Le Magasin Industriel","article_publisher":"https:\/\/www.facebook.com\/lemagasinindustriel\/?locale=fr_FR","article_modified_time":"2026-04-01T17:16:23+00:00","og_image":[{"width":1000,"height":1000,"url":"https:\/\/autravail.ca\/wp-content\/uploads\/2025\/05\/4NLMBK_A01_030d4028-8541-4f79-a5eb-117da41e0c51.jpg","type":"image\/jpeg"}],"twitter_card":"summary_large_image","twitter_misc":{"Est. reading time":"2 minutes"},"schema":{"@context":"https:\/\/schema.org","@graph":[{"@type":"WebPage","@id":"https:\/\/autravail.ca\/product\/soulier-de-travail-rossburn-4nlmbk\/","url":"https:\/\/autravail.ca\/product\/soulier-de-travail-rossburn-4nlmbk\/","name":"Soulier de travail Rossburn - 4NLMBK - Le Magasin Industriel","isPartOf":{"@id":"https:\/\/autravail.ca\/#website"},"primaryImageOfPage":{"@id":"https:\/\/autravail.ca\/product\/soulier-de-travail-rossburn-4nlmbk\/#primaryimage"},"image":{"@id":"https:\/\/autravail.ca\/product\/soulier-de-travail-rossburn-4nlmbk\/#primaryimage"},"thumbnailUrl":"https:\/\/autravail.ca\/wp-content\/uploads\/2025\/05\/4NLMBK_A01_030d4028-8541-4f79-a5eb-117da41e0c51.jpg","datePublished":"2025-05-08T06:25:08+00:00","dateModified":"2026-04-01T17:16:23+00:00","description":"Soulier de travail Rossburn - 4NLMBK. Faciles \u00e0 enfiler et performantes, ces chaussures vous assurent confort et style tout au long de votre journ\u00e9e","breadcrumb":{"@id":"https:\/\/autravail.ca\/product\/soulier-de-travail-rossburn-4nlmbk\/#breadcrumb"},"inLanguage":"en-CA","potentialAction":[{"@type":"ReadAction","target":["https:\/\/autravail.ca\/product\/soulier-de-travail-rossburn-4nlmbk\/"]}]},{"@type":"ImageObject","inLanguage":"en-CA","@id":"https:\/\/autravail.ca\/product\/soulier-de-travail-rossburn-4nlmbk\/#primaryimage","url":"https:\/\/autravail.ca\/wp-content\/uploads\/2025\/05\/4NLMBK_A01_030d4028-8541-4f79-a5eb-117da41e0c51.jpg","contentUrl":"https:\/\/autravail.ca\/wp-content\/uploads\/2025\/05\/4NLMBK_A01_030d4028-8541-4f79-a5eb-117da41e0c51.jpg","width":1000,"height":1000,"caption":"Soulier de travail Rossburn - 4NLMBK"},{"@type":"BreadcrumbList","@id":"https:\/\/autravail.ca\/product\/soulier-de-travail-rossburn-4nlmbk\/#breadcrumb","itemListElement":[{"@type":"ListItem","position":1,"name":"Accueil","item":"https:\/\/autravail.ca\/"},{"@type":"ListItem","position":2,"name":"Magasin","item":"https:\/\/autravail.ca\/en\/shop\/"},{"@type":"ListItem","position":3,"name":"Soulier de travail Rossburn &#8211; 4NLMBK"}]},{"@type":"WebSite","@id":"https:\/\/autravail.ca\/#website","url":"https:\/\/autravail.ca\/","name":"Le Magasin Industriel","description":"50 ans de tradition de s\u00e9curit\u00e9 au travail","publisher":{"@id":"https:\/\/autravail.ca\/#organization"},"potentialAction":[{"@type":"SearchAction","target":{"@type":"EntryPoint","urlTemplate":"https:\/\/autravail.ca\/?s={search_term_string}"},"query-input":{"@type":"PropertyValueSpecification","valueRequired":true,"valueName":"search_term_string"}}],"inLanguage":"en-CA"},{"@type":"Organization","@id":"https:\/\/autravail.ca\/#organization","name":"Le Magasin Industriel","url":"https:\/\/autravail.ca\/","logo":{"@type":"ImageObject","inLanguage":"en-CA","@id":"https:\/\/autravail.ca\/#\/schema\/logo\/image\/","url":"https:\/\/autravail.ca\/wp-content\/uploads\/2025\/05\/cropped-magasin_industriel_120x.avif","contentUrl":"https:\/\/autravail.ca\/wp-content\/uploads\/2025\/05\/cropped-magasin_industriel_120x.avif","width":120,"height":24,"caption":"Le Magasin Industriel"},"image":{"@id":"https:\/\/autravail.ca\/#\/schema\/logo\/image\/"},"sameAs":["https:\/\/www.facebook.com\/lemagasinindustriel\/?locale=fr_FR"]}]}},"jetpack_sharing_enabled":true,"_links":{"self":[{"href":"https:\/\/autravail.ca\/en\/wp-json\/wp\/v2\/product\/28099","targetHints":{"allow":["GET"]}}],"collection":[{"href":"https:\/\/autravail.ca\/en\/wp-json\/wp\/v2\/product"}],"about":[{"href":"https:\/\/autravail.ca\/en\/wp-json\/wp\/v2\/types\/product"}],"replies":[{"embeddable":true,"href":"https:\/\/autravail.ca\/en\/wp-json\/wp\/v2\/comments?post=28099"}],"wp:featuredmedia":[{"embeddable":true,"href":"https:\/\/autravail.ca\/en\/wp-json\/wp\/v2\/media\/11434"}],"wp:attachment":[{"href":"https:\/\/autravail.ca\/en\/wp-json\/wp\/v2\/media?parent=28099"}],"wp:term":[{"taxonomy":"product_cat","embeddable":true,"href":"https:\/\/autravail.ca\/en\/wp-json\/wp\/v2\/product_cat?post=28099"},{"taxonomy":"product_tag","embeddable":true,"href":"https:\/\/autravail.ca\/en\/wp-json\/wp\/v2\/product_tag?post=28099"}],"curies":[{"name":"wp","href":"https:\/\/api.w.org\/{rel}","templated":true}]}}