{"id":28040,"date":"2025-05-08T06:24:44","date_gmt":"2025-05-08T06:24:44","guid":{"rendered":"https:\/\/meteoquebec.ca\/?post_type=product&#038;p=28040"},"modified":"2026-02-20T14:53:01","modified_gmt":"2026-02-20T18:53:01","slug":"botte-de-travail-jessica-486074","status":"publish","type":"product","link":"https:\/\/autravail.ca\/en\/product\/botte-de-travail-jessica-486074\/","title":{"rendered":"Botte de travail Jessica &#8211; 486074"},"content":{"rendered":"<h3>Botte de travail Jessica &#8211; 486074<\/h3>\n<p>Botte de travail Jessica &#8211; 486074 de <a href=\"https:\/\/autravail.ca\/wp-admin\/edit-tags.php?taxonomy=product_brand&amp;post_type=product\">Mellow Walk<\/a> est une\u00a0<strong class=\"Yjhzub\" data-complete=\"true\">botte de s\u00e9curit\u00e9 montante \u00e0 lacets pour femme<\/strong>\u00a0de 6 pouces, combinant un style d\u00e9contract\u00e9 de sneaker montante avec une protection robuste, incluant un\u00a0<strong class=\"Yjhzub\" data-complete=\"true\">embout en acier<\/strong>, une\u00a0<strong class=\"Yjhzub\" data-complete=\"true\">plaque anti-perforation<\/strong>\u00a0et des propri\u00e9t\u00e9s de\u00a0<strong class=\"Yjhzub\" data-complete=\"true\">dissipation statique (SD+)<\/strong>.<\/p>\n<p><img decoding=\"async\" class=\"alignnone size-full wp-image-40140\" src=\"https:\/\/autravail.ca\/wp-content\/uploads\/2025\/05\/Certification-SD-Carre-bleu.jpg\" alt=\"Logo de la certification CSA carr\u00e9 bleu et SD\" width=\"222\" height=\"124\" srcset=\"https:\/\/autravail.ca\/wp-content\/uploads\/2025\/05\/Certification-SD-Carre-bleu.jpg 222w, https:\/\/autravail.ca\/wp-content\/uploads\/2025\/05\/Certification-SD-Carre-bleu-150x84.jpg 150w, https:\/\/autravail.ca\/wp-content\/uploads\/2025\/05\/Certification-SD-Carre-bleu-18x10.jpg 18w\" sizes=\"(max-width: 222px) 100vw, 222px\" \/><\/p>\n<h6>Characteristics:<\/h6>\n<ul>\n<li><span dir=\"auto\"><span dir=\"auto\">Botte montante de 6\u00a0\u00bb<\/span><\/span><\/li>\n<li><span dir=\"auto\"><span dir=\"auto\">Dissipatif statique (SD+) : (moins de 35 m\u00e9gaohms)<\/span><\/span><\/li>\n<li><strong class=\"Yjhzub\" data-complete=\"true\">Plaque de protection flexible et tiss\u00e9e<\/strong>\u00a0r\u00e9sistante aux perforations (PR), approuv\u00e9e CSA et ASTM<\/li>\n<li><span dir=\"auto\"><span dir=\"auto\">R\u00e9sistant aux huiles et aux acides<\/span><\/span><\/li>\n<li><span dir=\"auto\"><span dir=\"auto\">Antid\u00e9rapant<\/span><\/span><\/li>\n<li><span dir=\"auto\"><span dir=\"auto\">Largeur &#8211; E<\/span><\/span><\/li>\n<li><span dir=\"auto\"><span dir=\"auto\">Coupe &#8211; Con\u00e7ue sur la base d&rsquo;une forme f\u00e9minine<\/span><\/span><\/li>\n<li><span dir=\"auto\"><span dir=\"auto\">Tige en Cuir pleine fleur<\/span><\/span><\/li>\n<li><span dir=\"auto\"><span dir=\"auto\">Doublure en maille respirante et \u00e9vacuant l&rsquo;humidit\u00e9<\/span><\/span><\/li>\n<li><span dir=\"auto\"><span dir=\"auto\">Mat\u00e9riau de la semelle ext\u00e9rieure : caoutchouc SBR <strong class=\"Yjhzub\" data-complete=\"true\">bi-densit\u00e9<\/strong>\u00a0absorbant les chocs, antid\u00e9rapant et r\u00e9sistant \u00e0 l&rsquo;huile et aux acides<\/span><\/span><\/li>\n<li><span dir=\"auto\"><span dir=\"auto\">Embout de s\u00e9curit\u00e9\u00a0 en acier Grade 1 CSA<\/span><\/span><\/li>\n<li><span dir=\"auto\"><span dir=\"auto\">Semelle int\u00e9rieure amovible <strong class=\"Yjhzub\" data-complete=\"true\">Dreamfit<\/strong>\u00a0en mousse \u00e0 m\u00e9moire de forme pour un confort durable<\/span><\/span><\/li>\n<li><span dir=\"auto\"><span dir=\"auto\">Construction &#8211; Ciment\/Assembl\u00e9<\/span><\/span><\/li>\n<li><span dir=\"auto\"><span dir=\"auto\">Sans notation \u2013 Classe 5<\/span><\/span><\/li>\n<li><strong class=\"Yjhzub\" data-complete=\"true\">Fabriqu\u00e9 au Canada<\/strong>.\n<div class=\"custom-field custom-field__point_{i}\"><\/div>\n<\/li>\n<\/ul>\n<h6 class=\"otQkpb\" role=\"heading\" aria-level=\"3\" data-complete=\"true\" data-processed=\"true\">Avis et utilisation<\/h6>\n<div class=\"Y3BBE\" data-sfc-cp=\"\" data-hveid=\"CAEIBxAA\" data-complete=\"true\" data-processed=\"true\" aria-owns=\"action-menu-parent-container\">Les utilisateurs appr\u00e9cient particuli\u00e8rement le mod\u00e8le\u00a0<strong class=\"Yjhzub\" data-complete=\"true\">Jessica<\/strong>\u00a0pour son\u00a0<strong class=\"Yjhzub\" data-complete=\"true\">confort exceptionnel<\/strong>\u00a0qui ne n\u00e9cessite pas de p\u00e9riode de rodage, sa\u00a0<strong class=\"Yjhzub\" data-complete=\"true\">l\u00e9g\u00e8ret\u00e9<\/strong>\u00a0et son\u00a0<strong class=\"Yjhzub\" data-complete=\"true\">style moderne<\/strong> qui ne ressemble pas \u00e0 une botte de s\u00e9curit\u00e9 traditionnelle.<\/div>\n<div data-sfc-cp=\"\" data-hveid=\"CAEIBxAA\" data-complete=\"true\" data-processed=\"true\" aria-owns=\"action-menu-parent-container\"><\/div>\n<div data-sfc-cp=\"\" data-hveid=\"CAEIBxAA\" data-complete=\"true\" data-processed=\"true\" aria-owns=\"action-menu-parent-container\">\n<h6 class=\"Y3BBE\" data-hveid=\"CAEICBAA\" data-processed=\"true\" data-complete=\"true\">Ces bottes sont recommand\u00e9es pour les environnements de travail int\u00e9rieurs et secs o\u00f9 une protection contre les perforations et l&rsquo;\u00e9lectricit\u00e9 statique est requise, comme dans :<button class=\"rBl3me\" tabindex=\"0\" data-amic=\"true\" data-icl-uuid=\"fb435649-18d8-4900-b654-8d6628f875d1\" aria-label=\"Afficher les liens associ\u00e9s\" data-wiz-attrbind=\"disabled=g4O6Uc_4k\/C5gNJc;aria-label=g4O6Uc_4k\/bOjMyf;class=g4O6Uc_4k\/UpSNec\" data-ved=\"2ahUKEwjyk8DD4OOSAxWmKVkFHffMN4AQye0OegYIAQgIEAE\"><\/button><\/h6>\n<div data-sfc-cp=\"\" data-hveid=\"CAEICBAA\" data-processed=\"true\" data-complete=\"true\"><\/div>\n<ul class=\"KsbFXc U6u95\" data-complete=\"true\" data-processed=\"true\">\n<li data-hveid=\"CAEICRAA\" data-complete=\"true\" data-sae=\"\"><span class=\"T286Pc\" data-sfc-cp=\"\" data-complete=\"true\">L&rsquo;entreposage et la logistique<\/span><\/li>\n<li data-hveid=\"CAEICRAB\" data-complete=\"true\" data-sae=\"\"><span class=\"T286Pc\" data-sfc-cp=\"\" data-complete=\"true\">La fabrication l\u00e9g\u00e8re<\/span><\/li>\n<li data-hveid=\"CAEICRAC\" data-complete=\"true\" data-sae=\"\"><span class=\"T286Pc\" data-sfc-cp=\"\" data-complete=\"true\">Les laboratoires et les environnements \u00e9lectroniques<\/span><\/li>\n<li data-hveid=\"CAEICRAD\" data-complete=\"true\" data-sae=\"\"><span class=\"T286Pc\" data-sfc-cp=\"\" data-complete=\"true\" aria-owns=\"action-menu-parent-container\">Les commerces de d\u00e9tail et les bureaux n\u00e9cessitant des chaussures de s\u00e9curit\u00e9<\/span><\/li>\n<\/ul>\n<p><img decoding=\"async\" class=\"alignnone wp-image-40620\" src=\"https:\/\/autravail.ca\/wp-content\/uploads\/2025\/09\/Jachete-quebec-et-canada.jpg\" alt=\"Logo de l'achat local\" width=\"162\" height=\"139\" \/>Merci d&rsquo;encourager une entreprise 100% d&rsquo;ici!<\/p>\n<p>TS2602H<\/p>\n<\/div>","protected":false},"excerpt":{"rendered":"<p>Botte de travail Jessica &#8211; 486074 Botte de travail Jessica &#8211; 486074 de Mellow Walk est une\u00a0botte de s\u00e9curit\u00e9 montante \u00e0 lacets pour femme\u00a0de 6 pouces, combinant un style d\u00e9contract\u00e9 de sneaker montante avec une protection robuste, incluant un\u00a0embout en acier, une\u00a0plaque anti-perforation\u00a0et des propri\u00e9t\u00e9s de\u00a0dissipation statique (SD+). Caract\u00e9ristiques: Botte montante de 6\u00a0\u00bb Dissipatif statique [&hellip;]<\/p>","protected":false},"featured_media":11364,"comment_status":"open","ping_status":"closed","template":"","meta":[],"product_cat":[621,633],"product_tag":[260,255],"class_list":{"0":"post-28040","1":"product","2":"type-product","3":"status-publish","4":"has-post-thumbnail","6":"product_brand-mellow-walk","7":"product_cat-bottes-de-travail-6","8":"product_cat-femmes","9":"product_tag-bottillons-de-travail","10":"product_tag-femme","12":"first","13":"instock","14":"taxable","15":"shipping-taxable","16":"purchasable","17":"product-type-variable"},"yoast_head":"<!-- This site is optimized with the Yoast SEO plugin v25.3.1 - https:\/\/yoast.com\/wordpress\/plugins\/seo\/ -->\n<title>Botte de travail Jessica - 486074 - Le Magasin Industriel<\/title>\n<meta name=\"description\" content=\"Botte de travail Jessica - 486074 est une botte de s\u00e9curit\u00e9 montante \u00e0 lacets pour femme de 6 pouces incluant un embout en acier\" \/>\n<meta name=\"robots\" content=\"index, follow, max-snippet:-1, max-image-preview:large, max-video-preview:-1\" \/>\n<link rel=\"canonical\" href=\"https:\/\/autravail.ca\/en\/product\/botte-de-travail-jessica-486074\/\" \/>\n<meta property=\"og:locale\" content=\"en_US\" \/>\n<meta property=\"og:type\" content=\"article\" \/>\n<meta property=\"og:title\" content=\"Botte de travail Jessica - 486074 - Le Magasin Industriel\" \/>\n<meta property=\"og:description\" content=\"Botte de travail Jessica - 486074 est une botte de s\u00e9curit\u00e9 montante \u00e0 lacets pour femme de 6 pouces incluant un embout en acier\" \/>\n<meta property=\"og:url\" content=\"https:\/\/autravail.ca\/en\/product\/botte-de-travail-jessica-486074\/\" \/>\n<meta property=\"og:site_name\" content=\"Le Magasin Industriel\" \/>\n<meta property=\"article:publisher\" content=\"https:\/\/www.facebook.com\/lemagasinindustriel\/?locale=fr_FR\" \/>\n<meta property=\"article:modified_time\" content=\"2026-02-20T18:53:01+00:00\" \/>\n<meta property=\"og:image\" content=\"https:\/\/autravail.ca\/wp-content\/uploads\/2025\/05\/486074_A01_95f91b76-bc62-45a4-8412-84cfa716b593.jpg\" \/>\n\t<meta property=\"og:image:width\" content=\"1000\" \/>\n\t<meta property=\"og:image:height\" content=\"1000\" \/>\n\t<meta property=\"og:image:type\" content=\"image\/jpeg\" \/>\n<meta name=\"twitter:card\" content=\"summary_large_image\" \/>\n<meta name=\"twitter:label1\" content=\"Est. reading time\" \/>\n\t<meta name=\"twitter:data1\" content=\"2 minutes\" \/>\n<script type=\"application\/ld+json\" class=\"yoast-schema-graph\">{\"@context\":\"https:\/\/schema.org\",\"@graph\":[{\"@type\":\"WebPage\",\"@id\":\"https:\/\/autravail.ca\/product\/botte-de-travail-jessica-486074\/\",\"url\":\"https:\/\/autravail.ca\/product\/botte-de-travail-jessica-486074\/\",\"name\":\"Botte de travail Jessica - 486074 - Le Magasin Industriel\",\"isPartOf\":{\"@id\":\"https:\/\/autravail.ca\/#website\"},\"primaryImageOfPage\":{\"@id\":\"https:\/\/autravail.ca\/product\/botte-de-travail-jessica-486074\/#primaryimage\"},\"image\":{\"@id\":\"https:\/\/autravail.ca\/product\/botte-de-travail-jessica-486074\/#primaryimage\"},\"thumbnailUrl\":\"https:\/\/autravail.ca\/wp-content\/uploads\/2025\/05\/486074_A01_95f91b76-bc62-45a4-8412-84cfa716b593.jpg\",\"datePublished\":\"2025-05-08T06:24:44+00:00\",\"dateModified\":\"2026-02-20T18:53:01+00:00\",\"description\":\"Botte de travail Jessica - 486074 est une botte de s\u00e9curit\u00e9 montante \u00e0 lacets pour femme de 6 pouces incluant un embout en acier\",\"breadcrumb\":{\"@id\":\"https:\/\/autravail.ca\/product\/botte-de-travail-jessica-486074\/#breadcrumb\"},\"inLanguage\":\"en-CA\",\"potentialAction\":[{\"@type\":\"ReadAction\",\"target\":[\"https:\/\/autravail.ca\/product\/botte-de-travail-jessica-486074\/\"]}]},{\"@type\":\"ImageObject\",\"inLanguage\":\"en-CA\",\"@id\":\"https:\/\/autravail.ca\/product\/botte-de-travail-jessica-486074\/#primaryimage\",\"url\":\"https:\/\/autravail.ca\/wp-content\/uploads\/2025\/05\/486074_A01_95f91b76-bc62-45a4-8412-84cfa716b593.jpg\",\"contentUrl\":\"https:\/\/autravail.ca\/wp-content\/uploads\/2025\/05\/486074_A01_95f91b76-bc62-45a4-8412-84cfa716b593.jpg\",\"width\":1000,\"height\":1000,\"caption\":\"Botte de travail Jessica - 486074\"},{\"@type\":\"BreadcrumbList\",\"@id\":\"https:\/\/autravail.ca\/product\/botte-de-travail-jessica-486074\/#breadcrumb\",\"itemListElement\":[{\"@type\":\"ListItem\",\"position\":1,\"name\":\"Accueil\",\"item\":\"https:\/\/autravail.ca\/\"},{\"@type\":\"ListItem\",\"position\":2,\"name\":\"Magasin\",\"item\":\"https:\/\/autravail.ca\/en\/shop\/\"},{\"@type\":\"ListItem\",\"position\":3,\"name\":\"Botte de travail Jessica &#8211; 486074\"}]},{\"@type\":\"WebSite\",\"@id\":\"https:\/\/autravail.ca\/#website\",\"url\":\"https:\/\/autravail.ca\/\",\"name\":\"Le Magasin Industriel\",\"description\":\"50 ans de tradition de s\u00e9curit\u00e9 au travail\",\"publisher\":{\"@id\":\"https:\/\/autravail.ca\/#organization\"},\"potentialAction\":[{\"@type\":\"SearchAction\",\"target\":{\"@type\":\"EntryPoint\",\"urlTemplate\":\"https:\/\/autravail.ca\/?s={search_term_string}\"},\"query-input\":{\"@type\":\"PropertyValueSpecification\",\"valueRequired\":true,\"valueName\":\"search_term_string\"}}],\"inLanguage\":\"en-CA\"},{\"@type\":\"Organization\",\"@id\":\"https:\/\/autravail.ca\/#organization\",\"name\":\"Le Magasin Industriel\",\"url\":\"https:\/\/autravail.ca\/\",\"logo\":{\"@type\":\"ImageObject\",\"inLanguage\":\"en-CA\",\"@id\":\"https:\/\/autravail.ca\/#\/schema\/logo\/image\/\",\"url\":\"https:\/\/autravail.ca\/wp-content\/uploads\/2025\/05\/cropped-magasin_industriel_120x.avif\",\"contentUrl\":\"https:\/\/autravail.ca\/wp-content\/uploads\/2025\/05\/cropped-magasin_industriel_120x.avif\",\"width\":120,\"height\":24,\"caption\":\"Le Magasin Industriel\"},\"image\":{\"@id\":\"https:\/\/autravail.ca\/#\/schema\/logo\/image\/\"},\"sameAs\":[\"https:\/\/www.facebook.com\/lemagasinindustriel\/?locale=fr_FR\"]}]}<\/script>\n<!-- \/ Yoast SEO plugin. -->","yoast_head_json":{"title":"Botte de travail Jessica - 486074 - Le Magasin Industriel","description":"Botte de travail Jessica - 486074 est une botte de s\u00e9curit\u00e9 montante \u00e0 lacets pour femme de 6 pouces incluant un embout en acier","robots":{"index":"index","follow":"follow","max-snippet":"max-snippet:-1","max-image-preview":"max-image-preview:large","max-video-preview":"max-video-preview:-1"},"canonical":"https:\/\/autravail.ca\/en\/product\/botte-de-travail-jessica-486074\/","og_locale":"en_US","og_type":"article","og_title":"Botte de travail Jessica - 486074 - Le Magasin Industriel","og_description":"Botte de travail Jessica - 486074 est une botte de s\u00e9curit\u00e9 montante \u00e0 lacets pour femme de 6 pouces incluant un embout en acier","og_url":"https:\/\/autravail.ca\/en\/product\/botte-de-travail-jessica-486074\/","og_site_name":"Le Magasin Industriel","article_publisher":"https:\/\/www.facebook.com\/lemagasinindustriel\/?locale=fr_FR","article_modified_time":"2026-02-20T18:53:01+00:00","og_image":[{"width":1000,"height":1000,"url":"https:\/\/autravail.ca\/wp-content\/uploads\/2025\/05\/486074_A01_95f91b76-bc62-45a4-8412-84cfa716b593.jpg","type":"image\/jpeg"}],"twitter_card":"summary_large_image","twitter_misc":{"Est. reading time":"2 minutes"},"schema":{"@context":"https:\/\/schema.org","@graph":[{"@type":"WebPage","@id":"https:\/\/autravail.ca\/product\/botte-de-travail-jessica-486074\/","url":"https:\/\/autravail.ca\/product\/botte-de-travail-jessica-486074\/","name":"Botte de travail Jessica - 486074 - Le Magasin Industriel","isPartOf":{"@id":"https:\/\/autravail.ca\/#website"},"primaryImageOfPage":{"@id":"https:\/\/autravail.ca\/product\/botte-de-travail-jessica-486074\/#primaryimage"},"image":{"@id":"https:\/\/autravail.ca\/product\/botte-de-travail-jessica-486074\/#primaryimage"},"thumbnailUrl":"https:\/\/autravail.ca\/wp-content\/uploads\/2025\/05\/486074_A01_95f91b76-bc62-45a4-8412-84cfa716b593.jpg","datePublished":"2025-05-08T06:24:44+00:00","dateModified":"2026-02-20T18:53:01+00:00","description":"Botte de travail Jessica - 486074 est une botte de s\u00e9curit\u00e9 montante \u00e0 lacets pour femme de 6 pouces incluant un embout en acier","breadcrumb":{"@id":"https:\/\/autravail.ca\/product\/botte-de-travail-jessica-486074\/#breadcrumb"},"inLanguage":"en-CA","potentialAction":[{"@type":"ReadAction","target":["https:\/\/autravail.ca\/product\/botte-de-travail-jessica-486074\/"]}]},{"@type":"ImageObject","inLanguage":"en-CA","@id":"https:\/\/autravail.ca\/product\/botte-de-travail-jessica-486074\/#primaryimage","url":"https:\/\/autravail.ca\/wp-content\/uploads\/2025\/05\/486074_A01_95f91b76-bc62-45a4-8412-84cfa716b593.jpg","contentUrl":"https:\/\/autravail.ca\/wp-content\/uploads\/2025\/05\/486074_A01_95f91b76-bc62-45a4-8412-84cfa716b593.jpg","width":1000,"height":1000,"caption":"Botte de travail Jessica - 486074"},{"@type":"BreadcrumbList","@id":"https:\/\/autravail.ca\/product\/botte-de-travail-jessica-486074\/#breadcrumb","itemListElement":[{"@type":"ListItem","position":1,"name":"Accueil","item":"https:\/\/autravail.ca\/"},{"@type":"ListItem","position":2,"name":"Magasin","item":"https:\/\/autravail.ca\/en\/shop\/"},{"@type":"ListItem","position":3,"name":"Botte de travail Jessica &#8211; 486074"}]},{"@type":"WebSite","@id":"https:\/\/autravail.ca\/#website","url":"https:\/\/autravail.ca\/","name":"Le Magasin Industriel","description":"50 ans de tradition de s\u00e9curit\u00e9 au travail","publisher":{"@id":"https:\/\/autravail.ca\/#organization"},"potentialAction":[{"@type":"SearchAction","target":{"@type":"EntryPoint","urlTemplate":"https:\/\/autravail.ca\/?s={search_term_string}"},"query-input":{"@type":"PropertyValueSpecification","valueRequired":true,"valueName":"search_term_string"}}],"inLanguage":"en-CA"},{"@type":"Organization","@id":"https:\/\/autravail.ca\/#organization","name":"Le Magasin Industriel","url":"https:\/\/autravail.ca\/","logo":{"@type":"ImageObject","inLanguage":"en-CA","@id":"https:\/\/autravail.ca\/#\/schema\/logo\/image\/","url":"https:\/\/autravail.ca\/wp-content\/uploads\/2025\/05\/cropped-magasin_industriel_120x.avif","contentUrl":"https:\/\/autravail.ca\/wp-content\/uploads\/2025\/05\/cropped-magasin_industriel_120x.avif","width":120,"height":24,"caption":"Le Magasin Industriel"},"image":{"@id":"https:\/\/autravail.ca\/#\/schema\/logo\/image\/"},"sameAs":["https:\/\/www.facebook.com\/lemagasinindustriel\/?locale=fr_FR"]}]}},"jetpack_sharing_enabled":true,"_links":{"self":[{"href":"https:\/\/autravail.ca\/en\/wp-json\/wp\/v2\/product\/28040","targetHints":{"allow":["GET"]}}],"collection":[{"href":"https:\/\/autravail.ca\/en\/wp-json\/wp\/v2\/product"}],"about":[{"href":"https:\/\/autravail.ca\/en\/wp-json\/wp\/v2\/types\/product"}],"replies":[{"embeddable":true,"href":"https:\/\/autravail.ca\/en\/wp-json\/wp\/v2\/comments?post=28040"}],"wp:featuredmedia":[{"embeddable":true,"href":"https:\/\/autravail.ca\/en\/wp-json\/wp\/v2\/media\/11364"}],"wp:attachment":[{"href":"https:\/\/autravail.ca\/en\/wp-json\/wp\/v2\/media?parent=28040"}],"wp:term":[{"taxonomy":"product_cat","embeddable":true,"href":"https:\/\/autravail.ca\/en\/wp-json\/wp\/v2\/product_cat?post=28040"},{"taxonomy":"product_tag","embeddable":true,"href":"https:\/\/autravail.ca\/en\/wp-json\/wp\/v2\/product_tag?post=28040"}],"curies":[{"name":"wp","href":"https:\/\/api.w.org\/{rel}","templated":true}]}}