{"id":28011,"date":"2025-05-08T06:24:32","date_gmt":"2025-05-08T06:24:32","guid":{"rendered":"https:\/\/meteoquebec.ca\/?post_type=product&#038;p=28011"},"modified":"2026-02-18T15:14:38","modified_gmt":"2026-02-18T19:14:38","slug":"soulier-de-travail-jessica-484072","status":"publish","type":"product","link":"https:\/\/autravail.ca\/en\/product\/soulier-de-travail-jessica-484072\/","title":{"rendered":"Soulier de travail Jessica &#8211; 484072"},"content":{"rendered":"<h3>Soulier de travail Jessica &#8211; 484072<\/h3>\n<p>Soulier de travail Jessica &#8211; 484072 de <a href=\"https:\/\/autravail.ca\/wp-admin\/edit-tags.php?taxonomy=product_brand&amp;post_type=product\">Mellow Walk<\/a> est une\u00a0<strong class=\"Yjhzub\" data-complete=\"true\">chaussure de s\u00e9curit\u00e9 basse \u00e0 enfiler pour femme<\/strong>, connue sous le nom de\u00a0<strong class=\"Yjhzub\" data-complete=\"true\">Jessica<\/strong>. Inspir\u00e9e du style skate d\u00e9contract\u00e9, elle offre un\u00a0<strong class=\"Yjhzub\" data-complete=\"true\">embout en acier<\/strong>\u00a0et des propri\u00e9t\u00e9s de\u00a0<strong class=\"Yjhzub\" data-complete=\"true\">dissipation statique (SD+)<\/strong> pour une utilisation dans des environnements de travail int\u00e9rieurs \u00e0 faible risque. <span class=\"N9Q8Lc\">La\u00a0<\/span><strong class=\"Yjhzub\" data-complete=\"true\"><span class=\"N9Q8Lc\">Jessica<\/span><\/strong><span class=\"N9Q8Lc\">\u00a0est souvent appr\u00e9ci\u00e9e pour son allure d\u00e9contract\u00e9e qui permet de la porter \u00e0 l&rsquo;ext\u00e9rieur du travail et pour son\u00a0<\/span><strong class=\"Yjhzub\" data-complete=\"true\"><span class=\"N9Q8Lc\">confort.<\/span><\/strong><\/p>\n<p><img decoding=\"async\" class=\"alignnone size-full wp-image-40140\" src=\"https:\/\/autravail.ca\/wp-content\/uploads\/2025\/05\/Certification-SD-Carre-bleu.jpg\" alt=\"Logo de la certification CSA carr\u00e9 bleu et SD\" width=\"222\" height=\"124\" srcset=\"https:\/\/autravail.ca\/wp-content\/uploads\/2025\/05\/Certification-SD-Carre-bleu.jpg 222w, https:\/\/autravail.ca\/wp-content\/uploads\/2025\/05\/Certification-SD-Carre-bleu-150x84.jpg 150w, https:\/\/autravail.ca\/wp-content\/uploads\/2025\/05\/Certification-SD-Carre-bleu-18x10.jpg 18w\" sizes=\"(max-width: 222px) 100vw, 222px\" \/><\/p>\n<h6>Characteristics:<\/h6>\n<ul>\n<li><span dir=\"auto\"><span dir=\"auto\">Embout en acier Grade 1 CSA<\/span><\/span><\/li>\n<li><span dir=\"auto\"><span dir=\"auto\">Dissipatif statique (SD+) : (moins de 35 m\u00e9gaohms)<\/span><\/span><\/li>\n<li><span dir=\"auto\"><span dir=\"auto\">R\u00e9sistant aux huiles et aux acides<\/span><\/span><\/li>\n<li><span dir=\"auto\"><span dir=\"auto\">Antid\u00e9rapant<\/span><\/span><\/li>\n<li><span dir=\"auto\"><span dir=\"auto\">Largeur &#8211; E<\/span><\/span><\/li>\n<li><span dir=\"auto\"><span dir=\"auto\">Coupe &#8211; Con\u00e7ue sur la base d&rsquo;une forme f\u00e9minine<\/span><\/span><\/li>\n<li><span dir=\"auto\"><span dir=\"auto\">Tige en Cuir pleine fleur Storm<\/span><\/span><\/li>\n<li><span dir=\"auto\"><span dir=\"auto\">Doublure synth\u00e9tique respirante et \u00e9vacuant l&rsquo;humidit\u00e9<\/span><\/span><\/li>\n<li><span dir=\"auto\"><span dir=\"auto\">Mat\u00e9riau de la semelle ext\u00e9rieure : caoutchouc SBR bi-densit\u00e9 absorbant les chocs, antid\u00e9rapant, r\u00e9sistant \u00e0 l&rsquo;huile et aux acides<\/span><\/span><\/li>\n<li><span dir=\"auto\"><span dir=\"auto\">Semelle int\u00e9rieure amovible <strong class=\"Yjhzub\" data-complete=\"true\">Dreamfit Ultra-Comfort<\/strong>\u00a0pour un soutien anatomique toute la journ\u00e9e<\/span><\/span><\/li>\n<li><span dir=\"auto\"><span dir=\"auto\">Construction &#8211; Ciment\/Assembl\u00e9<\/span><\/span><\/li>\n<li><span dir=\"auto\"><span dir=\"auto\">Sans marquage &#8211; Oui<\/span><\/span><\/li>\n<li><strong class=\"Yjhzub\" data-complete=\"true\">Fabriqu\u00e9 au Canada<\/strong>.<\/li>\n<\/ul>\n<h6 class=\"Y3BBE\" data-hveid=\"CAEIBxAA\" data-complete=\"true\" data-processed=\"true\">Ces chaussures sont con\u00e7ues pour des environnements de travail int\u00e9rieurs et secs, et sont recommand\u00e9es pour :<span class=\"uJ19be notranslate\" data-wiz-uids=\"shGQtc_3b,shGQtc_3c\" data-complete=\"true\"><span class=\"vKEkVd\" data-animation-atomic=\"\" data-wiz-attrbind=\"class=shGQtc_3a\/TKHnVd\" data-sae=\"\"><span aria-hidden=\"true\">\u00a0<\/span><\/span><\/span><\/h6>\n<ul class=\"KsbFXc U6u95\" data-complete=\"true\" data-processed=\"true\">\n<li data-hveid=\"CAEICBAA\" data-complete=\"true\" data-sae=\"\"><span class=\"T286Pc\" data-sfc-cp=\"\" data-complete=\"true\">L&rsquo;entreposage et la logistique<\/span><\/li>\n<li data-hveid=\"CAEICBAB\" data-complete=\"true\" data-sae=\"\"><span class=\"T286Pc\" data-sfc-cp=\"\" data-complete=\"true\">La fabrication l\u00e9g\u00e8re<\/span><\/li>\n<li data-hveid=\"CAEICBAC\" data-complete=\"true\" data-sae=\"\"><span class=\"T286Pc\" data-sfc-cp=\"\" data-complete=\"true\">Les commerces de d\u00e9tail (travail en magasin)<\/span><\/li>\n<li data-hveid=\"CAEICBAD\" data-complete=\"true\" data-sae=\"\"><span class=\"T286Pc\" data-sfc-cp=\"\" data-complete=\"true\" aria-owns=\"action-menu-parent-container\">Les environnements de bureau n\u00e9cessitant des chaussures de s\u00e9curit\u00e9<\/span><\/li>\n<\/ul>\n<p><img decoding=\"async\" class=\"alignnone wp-image-40620\" src=\"https:\/\/autravail.ca\/wp-content\/uploads\/2025\/09\/Jachete-quebec-et-canada.jpg\" alt=\"Logo de l'achat local\" width=\"162\" height=\"139\" \/>Merci d&rsquo;encourager une entreprise 100% d&rsquo;ici!<\/p>\n<p>TS2602H<\/p>\n<p>&nbsp;<\/p>","protected":false},"excerpt":{"rendered":"<p>Soulier de travail Jessica &#8211; 484072 Soulier de travail Jessica &#8211; 484072 de Mellow Walk est une\u00a0chaussure de s\u00e9curit\u00e9 basse \u00e0 enfiler pour femme, connue sous le nom de\u00a0Jessica. Inspir\u00e9e du style skate d\u00e9contract\u00e9, elle offre un\u00a0embout en acier\u00a0et des propri\u00e9t\u00e9s de\u00a0dissipation statique (SD+) pour une utilisation dans des environnements de travail int\u00e9rieurs \u00e0 faible [&hellip;]<\/p>","protected":false},"featured_media":11347,"comment_status":"open","ping_status":"closed","template":"","meta":[],"product_cat":[633,619,617],"product_tag":[264,255,261,257,283],"class_list":{"0":"post-28011","1":"product","2":"type-product","3":"status-publish","4":"has-post-thumbnail","6":"product_brand-mellow-walk","7":"product_cat-femmes","8":"product_cat-souliers-de-travail","9":"product_cat-souliers-de-travail-femme","10":"product_tag-corpo01","11":"product_tag-femme","12":"product_tag-novago","13":"product_tag-souliers-de-travail","14":"product_tag-static-dissipative","16":"first","17":"instock","18":"taxable","19":"shipping-taxable","20":"purchasable","21":"product-type-variable"},"yoast_head":"<!-- This site is optimized with the Yoast SEO plugin v25.3.1 - https:\/\/yoast.com\/wordpress\/plugins\/seo\/ -->\n<title>Soulier de travail Jessica - 484072 - Le Magasin Industriel<\/title>\n<meta name=\"description\" content=\"Soulier de travail Jessica - 484072 est une chaussure de s\u00e9curit\u00e9 basse \u00e0 enfiler pour femme. Inspir\u00e9e du style skate d\u00e9contract\u00e9\" \/>\n<meta name=\"robots\" content=\"index, follow, max-snippet:-1, max-image-preview:large, max-video-preview:-1\" \/>\n<link rel=\"canonical\" href=\"https:\/\/autravail.ca\/en\/product\/soulier-de-travail-jessica-484072\/\" \/>\n<meta property=\"og:locale\" content=\"en_US\" \/>\n<meta property=\"og:type\" content=\"article\" \/>\n<meta property=\"og:title\" content=\"Soulier de travail Jessica - 484072 - Le Magasin Industriel\" \/>\n<meta property=\"og:description\" content=\"Soulier de travail Jessica - 484072 est une chaussure de s\u00e9curit\u00e9 basse \u00e0 enfiler pour femme. Inspir\u00e9e du style skate d\u00e9contract\u00e9\" \/>\n<meta property=\"og:url\" content=\"https:\/\/autravail.ca\/en\/product\/soulier-de-travail-jessica-484072\/\" \/>\n<meta property=\"og:site_name\" content=\"Le Magasin Industriel\" \/>\n<meta property=\"article:publisher\" content=\"https:\/\/www.facebook.com\/lemagasinindustriel\/?locale=fr_FR\" \/>\n<meta property=\"article:modified_time\" content=\"2026-02-18T19:14:38+00:00\" \/>\n<meta property=\"og:image\" content=\"https:\/\/autravail.ca\/wp-content\/uploads\/2025\/05\/484072_A01.jpg\" \/>\n\t<meta property=\"og:image:width\" content=\"1000\" \/>\n\t<meta property=\"og:image:height\" content=\"1000\" \/>\n\t<meta property=\"og:image:type\" content=\"image\/jpeg\" \/>\n<meta name=\"twitter:card\" content=\"summary_large_image\" \/>\n<meta name=\"twitter:label1\" content=\"Est. reading time\" \/>\n\t<meta name=\"twitter:data1\" content=\"2 minutes\" \/>\n<script type=\"application\/ld+json\" class=\"yoast-schema-graph\">{\"@context\":\"https:\/\/schema.org\",\"@graph\":[{\"@type\":\"WebPage\",\"@id\":\"https:\/\/autravail.ca\/product\/soulier-de-travail-jessica-484072\/\",\"url\":\"https:\/\/autravail.ca\/product\/soulier-de-travail-jessica-484072\/\",\"name\":\"Soulier de travail Jessica - 484072 - Le Magasin Industriel\",\"isPartOf\":{\"@id\":\"https:\/\/autravail.ca\/#website\"},\"primaryImageOfPage\":{\"@id\":\"https:\/\/autravail.ca\/product\/soulier-de-travail-jessica-484072\/#primaryimage\"},\"image\":{\"@id\":\"https:\/\/autravail.ca\/product\/soulier-de-travail-jessica-484072\/#primaryimage\"},\"thumbnailUrl\":\"https:\/\/autravail.ca\/wp-content\/uploads\/2025\/05\/484072_A01.jpg\",\"datePublished\":\"2025-05-08T06:24:32+00:00\",\"dateModified\":\"2026-02-18T19:14:38+00:00\",\"description\":\"Soulier de travail Jessica - 484072 est une chaussure de s\u00e9curit\u00e9 basse \u00e0 enfiler pour femme. Inspir\u00e9e du style skate d\u00e9contract\u00e9\",\"breadcrumb\":{\"@id\":\"https:\/\/autravail.ca\/product\/soulier-de-travail-jessica-484072\/#breadcrumb\"},\"inLanguage\":\"en-CA\",\"potentialAction\":[{\"@type\":\"ReadAction\",\"target\":[\"https:\/\/autravail.ca\/product\/soulier-de-travail-jessica-484072\/\"]}]},{\"@type\":\"ImageObject\",\"inLanguage\":\"en-CA\",\"@id\":\"https:\/\/autravail.ca\/product\/soulier-de-travail-jessica-484072\/#primaryimage\",\"url\":\"https:\/\/autravail.ca\/wp-content\/uploads\/2025\/05\/484072_A01.jpg\",\"contentUrl\":\"https:\/\/autravail.ca\/wp-content\/uploads\/2025\/05\/484072_A01.jpg\",\"width\":1000,\"height\":1000,\"caption\":\"Soulier de travail Jessica - 484072\"},{\"@type\":\"BreadcrumbList\",\"@id\":\"https:\/\/autravail.ca\/product\/soulier-de-travail-jessica-484072\/#breadcrumb\",\"itemListElement\":[{\"@type\":\"ListItem\",\"position\":1,\"name\":\"Accueil\",\"item\":\"https:\/\/autravail.ca\/\"},{\"@type\":\"ListItem\",\"position\":2,\"name\":\"Magasin\",\"item\":\"https:\/\/autravail.ca\/en\/shop\/\"},{\"@type\":\"ListItem\",\"position\":3,\"name\":\"Soulier de travail Jessica &#8211; 484072\"}]},{\"@type\":\"WebSite\",\"@id\":\"https:\/\/autravail.ca\/#website\",\"url\":\"https:\/\/autravail.ca\/\",\"name\":\"Le Magasin Industriel\",\"description\":\"50 ans de tradition de s\u00e9curit\u00e9 au travail\",\"publisher\":{\"@id\":\"https:\/\/autravail.ca\/#organization\"},\"potentialAction\":[{\"@type\":\"SearchAction\",\"target\":{\"@type\":\"EntryPoint\",\"urlTemplate\":\"https:\/\/autravail.ca\/?s={search_term_string}\"},\"query-input\":{\"@type\":\"PropertyValueSpecification\",\"valueRequired\":true,\"valueName\":\"search_term_string\"}}],\"inLanguage\":\"en-CA\"},{\"@type\":\"Organization\",\"@id\":\"https:\/\/autravail.ca\/#organization\",\"name\":\"Le Magasin Industriel\",\"url\":\"https:\/\/autravail.ca\/\",\"logo\":{\"@type\":\"ImageObject\",\"inLanguage\":\"en-CA\",\"@id\":\"https:\/\/autravail.ca\/#\/schema\/logo\/image\/\",\"url\":\"https:\/\/autravail.ca\/wp-content\/uploads\/2025\/05\/cropped-magasin_industriel_120x.avif\",\"contentUrl\":\"https:\/\/autravail.ca\/wp-content\/uploads\/2025\/05\/cropped-magasin_industriel_120x.avif\",\"width\":120,\"height\":24,\"caption\":\"Le Magasin Industriel\"},\"image\":{\"@id\":\"https:\/\/autravail.ca\/#\/schema\/logo\/image\/\"},\"sameAs\":[\"https:\/\/www.facebook.com\/lemagasinindustriel\/?locale=fr_FR\"]}]}<\/script>\n<!-- \/ Yoast SEO plugin. -->","yoast_head_json":{"title":"Soulier de travail Jessica - 484072 - Le Magasin Industriel","description":"Soulier de travail Jessica - 484072 est une chaussure de s\u00e9curit\u00e9 basse \u00e0 enfiler pour femme. Inspir\u00e9e du style skate d\u00e9contract\u00e9","robots":{"index":"index","follow":"follow","max-snippet":"max-snippet:-1","max-image-preview":"max-image-preview:large","max-video-preview":"max-video-preview:-1"},"canonical":"https:\/\/autravail.ca\/en\/product\/soulier-de-travail-jessica-484072\/","og_locale":"en_US","og_type":"article","og_title":"Soulier de travail Jessica - 484072 - Le Magasin Industriel","og_description":"Soulier de travail Jessica - 484072 est une chaussure de s\u00e9curit\u00e9 basse \u00e0 enfiler pour femme. Inspir\u00e9e du style skate d\u00e9contract\u00e9","og_url":"https:\/\/autravail.ca\/en\/product\/soulier-de-travail-jessica-484072\/","og_site_name":"Le Magasin Industriel","article_publisher":"https:\/\/www.facebook.com\/lemagasinindustriel\/?locale=fr_FR","article_modified_time":"2026-02-18T19:14:38+00:00","og_image":[{"width":1000,"height":1000,"url":"https:\/\/autravail.ca\/wp-content\/uploads\/2025\/05\/484072_A01.jpg","type":"image\/jpeg"}],"twitter_card":"summary_large_image","twitter_misc":{"Est. reading time":"2 minutes"},"schema":{"@context":"https:\/\/schema.org","@graph":[{"@type":"WebPage","@id":"https:\/\/autravail.ca\/product\/soulier-de-travail-jessica-484072\/","url":"https:\/\/autravail.ca\/product\/soulier-de-travail-jessica-484072\/","name":"Soulier de travail Jessica - 484072 - Le Magasin Industriel","isPartOf":{"@id":"https:\/\/autravail.ca\/#website"},"primaryImageOfPage":{"@id":"https:\/\/autravail.ca\/product\/soulier-de-travail-jessica-484072\/#primaryimage"},"image":{"@id":"https:\/\/autravail.ca\/product\/soulier-de-travail-jessica-484072\/#primaryimage"},"thumbnailUrl":"https:\/\/autravail.ca\/wp-content\/uploads\/2025\/05\/484072_A01.jpg","datePublished":"2025-05-08T06:24:32+00:00","dateModified":"2026-02-18T19:14:38+00:00","description":"Soulier de travail Jessica - 484072 est une chaussure de s\u00e9curit\u00e9 basse \u00e0 enfiler pour femme. Inspir\u00e9e du style skate d\u00e9contract\u00e9","breadcrumb":{"@id":"https:\/\/autravail.ca\/product\/soulier-de-travail-jessica-484072\/#breadcrumb"},"inLanguage":"en-CA","potentialAction":[{"@type":"ReadAction","target":["https:\/\/autravail.ca\/product\/soulier-de-travail-jessica-484072\/"]}]},{"@type":"ImageObject","inLanguage":"en-CA","@id":"https:\/\/autravail.ca\/product\/soulier-de-travail-jessica-484072\/#primaryimage","url":"https:\/\/autravail.ca\/wp-content\/uploads\/2025\/05\/484072_A01.jpg","contentUrl":"https:\/\/autravail.ca\/wp-content\/uploads\/2025\/05\/484072_A01.jpg","width":1000,"height":1000,"caption":"Soulier de travail Jessica - 484072"},{"@type":"BreadcrumbList","@id":"https:\/\/autravail.ca\/product\/soulier-de-travail-jessica-484072\/#breadcrumb","itemListElement":[{"@type":"ListItem","position":1,"name":"Accueil","item":"https:\/\/autravail.ca\/"},{"@type":"ListItem","position":2,"name":"Magasin","item":"https:\/\/autravail.ca\/en\/shop\/"},{"@type":"ListItem","position":3,"name":"Soulier de travail Jessica &#8211; 484072"}]},{"@type":"WebSite","@id":"https:\/\/autravail.ca\/#website","url":"https:\/\/autravail.ca\/","name":"Le Magasin Industriel","description":"50 ans de tradition de s\u00e9curit\u00e9 au travail","publisher":{"@id":"https:\/\/autravail.ca\/#organization"},"potentialAction":[{"@type":"SearchAction","target":{"@type":"EntryPoint","urlTemplate":"https:\/\/autravail.ca\/?s={search_term_string}"},"query-input":{"@type":"PropertyValueSpecification","valueRequired":true,"valueName":"search_term_string"}}],"inLanguage":"en-CA"},{"@type":"Organization","@id":"https:\/\/autravail.ca\/#organization","name":"Le Magasin Industriel","url":"https:\/\/autravail.ca\/","logo":{"@type":"ImageObject","inLanguage":"en-CA","@id":"https:\/\/autravail.ca\/#\/schema\/logo\/image\/","url":"https:\/\/autravail.ca\/wp-content\/uploads\/2025\/05\/cropped-magasin_industriel_120x.avif","contentUrl":"https:\/\/autravail.ca\/wp-content\/uploads\/2025\/05\/cropped-magasin_industriel_120x.avif","width":120,"height":24,"caption":"Le Magasin Industriel"},"image":{"@id":"https:\/\/autravail.ca\/#\/schema\/logo\/image\/"},"sameAs":["https:\/\/www.facebook.com\/lemagasinindustriel\/?locale=fr_FR"]}]}},"jetpack_sharing_enabled":true,"_links":{"self":[{"href":"https:\/\/autravail.ca\/en\/wp-json\/wp\/v2\/product\/28011","targetHints":{"allow":["GET"]}}],"collection":[{"href":"https:\/\/autravail.ca\/en\/wp-json\/wp\/v2\/product"}],"about":[{"href":"https:\/\/autravail.ca\/en\/wp-json\/wp\/v2\/types\/product"}],"replies":[{"embeddable":true,"href":"https:\/\/autravail.ca\/en\/wp-json\/wp\/v2\/comments?post=28011"}],"wp:featuredmedia":[{"embeddable":true,"href":"https:\/\/autravail.ca\/en\/wp-json\/wp\/v2\/media\/11347"}],"wp:attachment":[{"href":"https:\/\/autravail.ca\/en\/wp-json\/wp\/v2\/media?parent=28011"}],"wp:term":[{"taxonomy":"product_cat","embeddable":true,"href":"https:\/\/autravail.ca\/en\/wp-json\/wp\/v2\/product_cat?post=28011"},{"taxonomy":"product_tag","embeddable":true,"href":"https:\/\/autravail.ca\/en\/wp-json\/wp\/v2\/product_tag?post=28011"}],"curies":[{"name":"wp","href":"https:\/\/api.w.org\/{rel}","templated":true}]}}