{"id":27891,"date":"2025-05-08T06:23:59","date_gmt":"2025-05-08T06:23:59","guid":{"rendered":"https:\/\/meteoquebec.ca\/?post_type=product&#038;p=27891"},"modified":"2026-04-08T12:48:54","modified_gmt":"2026-04-08T16:48:54","slug":"couvre-tout-de-travail-429bf","status":"publish","type":"product","link":"https:\/\/autravail.ca\/en\/product\/couvre-tout-de-travail-429bf\/","title":{"rendered":"Couvre-tout de travail &#8211; 429BF"},"content":{"rendered":"<h3>Couvre-tout de travail &#8211; 429BF<\/h3>\n<p>Couvre-tout de travail &#8211; 429BF de <a href=\"https:\/\/autravail.ca\/en\/product-brand\/big-bill\/\">Big Bill<\/a> haut de gamme avec mat\u00e9riau r\u00e9fl\u00e9chissant est con\u00e7ue pour les professionnels exigeants qui recherchent durabilit\u00e9, confort et s\u00e9curit\u00e9. Fabriqu\u00e9e au Canada en serg\u00e9 de polyester et coton r\u00e9sistant, elle offre une grande long\u00e9vit\u00e9 gr\u00e2ce \u00e0 ses coutures renforc\u00e9es et son dos t\u00e9lescopique pour une libert\u00e9 de mouvement optimale. Les bandes r\u00e9fl\u00e9chissantes 3M\u2122 Scotchlite assurent une visibilit\u00e9 \u00e0 360\u00b0, garantissant votre s\u00e9curit\u00e9 m\u00eame dans les environnements de travail les plus difficiles.<\/p>\n<h6>Characteristics:<\/h6>\n<ul>\n<li><span dir=\"auto\">2 poches poitrine avant<\/span><\/li>\n<li><span dir=\"auto\">La poche poitrine avant droite est munie d&rsquo;un rabat et d&rsquo;une fermeture \u00e0 pression.<\/span><\/li>\n<li><span dir=\"auto\">2 poches obliques \u00e0 la taille<\/span><\/li>\n<li><span dir=\"auto\">Ouvertures lat\u00e9rales \u00e0 la taille<\/span><\/li>\n<li><span dir=\"auto\">Fermeture \u00e0 pression sur le col<\/span><\/li>\n<li><span dir=\"auto\">Fermeture \u00e9clair frontale \u00e0 double sens<\/span><\/li>\n<li><span dir=\"auto\">Poignet avec fermeture \u00e0 pression dissimul\u00e9e<\/span><\/li>\n<li><span dir=\"auto\">2 grandes poches arri\u00e8re<\/span><\/li>\n<li><span dir=\"auto\">Poche \u00e0 outils sur la jambe droite<\/span><\/li>\n<li><span dir=\"auto\">Boucle de marteau sur la jambe gauche<\/span><\/li>\n<li><span dir=\"auto\">Dos t\u00e9lescopique<\/span><\/li>\n<li><span dir=\"auto\">Points d&rsquo;arr\u00eat renforc\u00e9s \u00e0 tous les points de tension<\/span><\/li>\n<li><span dir=\"auto\">\u00c9lastique de chaque c\u00f4t\u00e9 de la ceinture<\/span><\/li>\n<li><span dir=\"auto\">Le placement des \u00e9l\u00e9ments r\u00e9fl\u00e9chissants ignifug\u00e9s am\u00e9liore la visibilit\u00e9 gr\u00e2ce \u00e0 deux bandes verticales \u00e0 l&rsquo;avant, une bande horizontale autour de chaque bras, une bande horizontale autour de chaque jambe et un \u00ab\u00a0X\u00a0\u00bb \u00e0 l&rsquo;arri\u00e8re.<\/span><\/li>\n<li><span dir=\"auto\">Entretien\u00a0: Lavage industriel<\/span><\/li>\n<\/ul>\n<h6 class=\"h5 specifications-title\"><span dir=\"auto\">Tissu<\/span><\/h6>\n<p class=\"specifications-value\"><span dir=\"auto\">Serg\u00e9 7,5 oz, 65 % polyester \/ 35 % coton<\/span><\/p>\n<h6 class=\"h5 specifications-title\"><span dir=\"auto\">Bande r\u00e9fl\u00e9chissante<\/span><\/h6>\n<p class=\"specifications-value\"><span dir=\"auto\">Mat\u00e9riau r\u00e9fl\u00e9chissant argent\u00e9 cousu de 1,9 cm (3\/4 po) sur un tissu de fond vert citron fluorescent de 5 cm (2 po).<\/span><\/p>\n<h6 class=\"h5 specifications-title\"><span dir=\"auto\">Soins<\/span><\/h6>\n<p class=\"specifications-value\"><span dir=\"auto\">blanchisserie industrielle<\/span><\/p>\n<p><img decoding=\"async\" class=\"alignnone wp-image-40620\" src=\"https:\/\/autravail.ca\/wp-content\/uploads\/2025\/09\/Jachete-quebec-et-canada.jpg\" alt=\"Logo de l'achat local\" width=\"162\" height=\"139\" \/>Merci d&rsquo;encourager une entreprise 100% d&rsquo;ici!<\/p>\n<p>TS2604H<\/p>","protected":false},"excerpt":{"rendered":"<p>Couvre-tout de travail &#8211; 429BF Couvre-tout de travail &#8211; 429BF de Big Bill haut de gamme avec mat\u00e9riau r\u00e9fl\u00e9chissant est con\u00e7ue pour les professionnels exigeants qui recherchent durabilit\u00e9, confort et s\u00e9curit\u00e9. Fabriqu\u00e9e au Canada en serg\u00e9 de polyester et coton r\u00e9sistant, elle offre une grande long\u00e9vit\u00e9 gr\u00e2ce \u00e0 ses coutures renforc\u00e9es et son dos t\u00e9lescopique [&hellip;]<\/p>","protected":false},"featured_media":11180,"comment_status":"open","ping_status":"closed","template":"","meta":[],"product_cat":[599,611,602,604],"product_tag":[241,242],"class_list":{"0":"post-27891","1":"product","2":"type-product","3":"status-publish","4":"has-post-thumbnail","6":"product_brand-big-bill","7":"product_cat-apparel-accessories","8":"product_cat-combinaisons","9":"product_cat-hommes","10":"product_cat-vetements-de-travail","11":"product_tag-couvre-tout","12":"product_tag-homme","14":"first","15":"instock","16":"taxable","17":"shipping-taxable","18":"purchasable","19":"product-type-variable"},"yoast_head":"<!-- This site is optimized with the Yoast SEO plugin v25.3.1 - https:\/\/yoast.com\/wordpress\/plugins\/seo\/ -->\n<title>Couvre-tout de travail - 429BF - Le Magasin Industriel<\/title>\n<meta name=\"description\" content=\"Couvre-tout de travail - 429BF haut de gamme avec mat\u00e9riau r\u00e9fl\u00e9chissant est con\u00e7ue pour les professionnels exigeants qui recherchent durabilit\u00e9\" \/>\n<meta name=\"robots\" content=\"index, follow, max-snippet:-1, max-image-preview:large, max-video-preview:-1\" \/>\n<link rel=\"canonical\" href=\"https:\/\/autravail.ca\/en\/product\/couvre-tout-de-travail-429bf\/\" \/>\n<meta property=\"og:locale\" content=\"en_US\" \/>\n<meta property=\"og:type\" content=\"article\" \/>\n<meta property=\"og:title\" content=\"Couvre-tout de travail - 429BF - Le Magasin Industriel\" \/>\n<meta property=\"og:description\" content=\"Couvre-tout de travail - 429BF haut de gamme avec mat\u00e9riau r\u00e9fl\u00e9chissant est con\u00e7ue pour les professionnels exigeants qui recherchent durabilit\u00e9\" \/>\n<meta property=\"og:url\" content=\"https:\/\/autravail.ca\/en\/product\/couvre-tout-de-travail-429bf\/\" \/>\n<meta property=\"og:site_name\" content=\"Le Magasin Industriel\" \/>\n<meta property=\"article:publisher\" content=\"https:\/\/www.facebook.com\/lemagasinindustriel\/?locale=fr_FR\" \/>\n<meta property=\"article:modified_time\" content=\"2026-04-08T16:48:54+00:00\" \/>\n<meta property=\"og:image\" content=\"https:\/\/autravail.ca\/wp-content\/uploads\/2025\/05\/429BF_NAY_A01.jpg\" \/>\n\t<meta property=\"og:image:width\" content=\"1000\" \/>\n\t<meta property=\"og:image:height\" content=\"1000\" \/>\n\t<meta property=\"og:image:type\" content=\"image\/jpeg\" \/>\n<meta name=\"twitter:card\" content=\"summary_large_image\" \/>\n<meta name=\"twitter:label1\" content=\"Est. reading time\" \/>\n\t<meta name=\"twitter:data1\" content=\"2 minutes\" \/>\n<script type=\"application\/ld+json\" class=\"yoast-schema-graph\">{\"@context\":\"https:\/\/schema.org\",\"@graph\":[{\"@type\":\"WebPage\",\"@id\":\"https:\/\/autravail.ca\/product\/couvre-tout-de-travail-429bf\/\",\"url\":\"https:\/\/autravail.ca\/product\/couvre-tout-de-travail-429bf\/\",\"name\":\"Couvre-tout de travail - 429BF - Le Magasin Industriel\",\"isPartOf\":{\"@id\":\"https:\/\/autravail.ca\/#website\"},\"primaryImageOfPage\":{\"@id\":\"https:\/\/autravail.ca\/product\/couvre-tout-de-travail-429bf\/#primaryimage\"},\"image\":{\"@id\":\"https:\/\/autravail.ca\/product\/couvre-tout-de-travail-429bf\/#primaryimage\"},\"thumbnailUrl\":\"https:\/\/autravail.ca\/wp-content\/uploads\/2025\/05\/429BF_NAY_A01.jpg\",\"datePublished\":\"2025-05-08T06:23:59+00:00\",\"dateModified\":\"2026-04-08T16:48:54+00:00\",\"description\":\"Couvre-tout de travail - 429BF haut de gamme avec mat\u00e9riau r\u00e9fl\u00e9chissant est con\u00e7ue pour les professionnels exigeants qui recherchent durabilit\u00e9\",\"breadcrumb\":{\"@id\":\"https:\/\/autravail.ca\/product\/couvre-tout-de-travail-429bf\/#breadcrumb\"},\"inLanguage\":\"en-CA\",\"potentialAction\":[{\"@type\":\"ReadAction\",\"target\":[\"https:\/\/autravail.ca\/product\/couvre-tout-de-travail-429bf\/\"]}]},{\"@type\":\"ImageObject\",\"inLanguage\":\"en-CA\",\"@id\":\"https:\/\/autravail.ca\/product\/couvre-tout-de-travail-429bf\/#primaryimage\",\"url\":\"https:\/\/autravail.ca\/wp-content\/uploads\/2025\/05\/429BF_NAY_A01.jpg\",\"contentUrl\":\"https:\/\/autravail.ca\/wp-content\/uploads\/2025\/05\/429BF_NAY_A01.jpg\",\"width\":1000,\"height\":1000,\"caption\":\"Couvre-tout de travail - 429BF\"},{\"@type\":\"BreadcrumbList\",\"@id\":\"https:\/\/autravail.ca\/product\/couvre-tout-de-travail-429bf\/#breadcrumb\",\"itemListElement\":[{\"@type\":\"ListItem\",\"position\":1,\"name\":\"Accueil\",\"item\":\"https:\/\/autravail.ca\/\"},{\"@type\":\"ListItem\",\"position\":2,\"name\":\"Magasin\",\"item\":\"https:\/\/autravail.ca\/en\/shop\/\"},{\"@type\":\"ListItem\",\"position\":3,\"name\":\"Couvre-tout de travail &#8211; 429BF\"}]},{\"@type\":\"WebSite\",\"@id\":\"https:\/\/autravail.ca\/#website\",\"url\":\"https:\/\/autravail.ca\/\",\"name\":\"Le Magasin Industriel\",\"description\":\"50 ans de tradition de s\u00e9curit\u00e9 au travail\",\"publisher\":{\"@id\":\"https:\/\/autravail.ca\/#organization\"},\"potentialAction\":[{\"@type\":\"SearchAction\",\"target\":{\"@type\":\"EntryPoint\",\"urlTemplate\":\"https:\/\/autravail.ca\/?s={search_term_string}\"},\"query-input\":{\"@type\":\"PropertyValueSpecification\",\"valueRequired\":true,\"valueName\":\"search_term_string\"}}],\"inLanguage\":\"en-CA\"},{\"@type\":\"Organization\",\"@id\":\"https:\/\/autravail.ca\/#organization\",\"name\":\"Le Magasin Industriel\",\"url\":\"https:\/\/autravail.ca\/\",\"logo\":{\"@type\":\"ImageObject\",\"inLanguage\":\"en-CA\",\"@id\":\"https:\/\/autravail.ca\/#\/schema\/logo\/image\/\",\"url\":\"https:\/\/autravail.ca\/wp-content\/uploads\/2025\/05\/cropped-magasin_industriel_120x.avif\",\"contentUrl\":\"https:\/\/autravail.ca\/wp-content\/uploads\/2025\/05\/cropped-magasin_industriel_120x.avif\",\"width\":120,\"height\":24,\"caption\":\"Le Magasin Industriel\"},\"image\":{\"@id\":\"https:\/\/autravail.ca\/#\/schema\/logo\/image\/\"},\"sameAs\":[\"https:\/\/www.facebook.com\/lemagasinindustriel\/?locale=fr_FR\"]}]}<\/script>\n<!-- \/ Yoast SEO plugin. -->","yoast_head_json":{"title":"Couvre-tout de travail - 429BF - Le Magasin Industriel","description":"Couvre-tout de travail - 429BF haut de gamme avec mat\u00e9riau r\u00e9fl\u00e9chissant est con\u00e7ue pour les professionnels exigeants qui recherchent durabilit\u00e9","robots":{"index":"index","follow":"follow","max-snippet":"max-snippet:-1","max-image-preview":"max-image-preview:large","max-video-preview":"max-video-preview:-1"},"canonical":"https:\/\/autravail.ca\/en\/product\/couvre-tout-de-travail-429bf\/","og_locale":"en_US","og_type":"article","og_title":"Couvre-tout de travail - 429BF - Le Magasin Industriel","og_description":"Couvre-tout de travail - 429BF haut de gamme avec mat\u00e9riau r\u00e9fl\u00e9chissant est con\u00e7ue pour les professionnels exigeants qui recherchent durabilit\u00e9","og_url":"https:\/\/autravail.ca\/en\/product\/couvre-tout-de-travail-429bf\/","og_site_name":"Le Magasin Industriel","article_publisher":"https:\/\/www.facebook.com\/lemagasinindustriel\/?locale=fr_FR","article_modified_time":"2026-04-08T16:48:54+00:00","og_image":[{"width":1000,"height":1000,"url":"https:\/\/autravail.ca\/wp-content\/uploads\/2025\/05\/429BF_NAY_A01.jpg","type":"image\/jpeg"}],"twitter_card":"summary_large_image","twitter_misc":{"Est. reading time":"2 minutes"},"schema":{"@context":"https:\/\/schema.org","@graph":[{"@type":"WebPage","@id":"https:\/\/autravail.ca\/product\/couvre-tout-de-travail-429bf\/","url":"https:\/\/autravail.ca\/product\/couvre-tout-de-travail-429bf\/","name":"Couvre-tout de travail - 429BF - Le Magasin Industriel","isPartOf":{"@id":"https:\/\/autravail.ca\/#website"},"primaryImageOfPage":{"@id":"https:\/\/autravail.ca\/product\/couvre-tout-de-travail-429bf\/#primaryimage"},"image":{"@id":"https:\/\/autravail.ca\/product\/couvre-tout-de-travail-429bf\/#primaryimage"},"thumbnailUrl":"https:\/\/autravail.ca\/wp-content\/uploads\/2025\/05\/429BF_NAY_A01.jpg","datePublished":"2025-05-08T06:23:59+00:00","dateModified":"2026-04-08T16:48:54+00:00","description":"Couvre-tout de travail - 429BF haut de gamme avec mat\u00e9riau r\u00e9fl\u00e9chissant est con\u00e7ue pour les professionnels exigeants qui recherchent durabilit\u00e9","breadcrumb":{"@id":"https:\/\/autravail.ca\/product\/couvre-tout-de-travail-429bf\/#breadcrumb"},"inLanguage":"en-CA","potentialAction":[{"@type":"ReadAction","target":["https:\/\/autravail.ca\/product\/couvre-tout-de-travail-429bf\/"]}]},{"@type":"ImageObject","inLanguage":"en-CA","@id":"https:\/\/autravail.ca\/product\/couvre-tout-de-travail-429bf\/#primaryimage","url":"https:\/\/autravail.ca\/wp-content\/uploads\/2025\/05\/429BF_NAY_A01.jpg","contentUrl":"https:\/\/autravail.ca\/wp-content\/uploads\/2025\/05\/429BF_NAY_A01.jpg","width":1000,"height":1000,"caption":"Couvre-tout de travail - 429BF"},{"@type":"BreadcrumbList","@id":"https:\/\/autravail.ca\/product\/couvre-tout-de-travail-429bf\/#breadcrumb","itemListElement":[{"@type":"ListItem","position":1,"name":"Accueil","item":"https:\/\/autravail.ca\/"},{"@type":"ListItem","position":2,"name":"Magasin","item":"https:\/\/autravail.ca\/en\/shop\/"},{"@type":"ListItem","position":3,"name":"Couvre-tout de travail &#8211; 429BF"}]},{"@type":"WebSite","@id":"https:\/\/autravail.ca\/#website","url":"https:\/\/autravail.ca\/","name":"Le Magasin Industriel","description":"50 ans de tradition de s\u00e9curit\u00e9 au travail","publisher":{"@id":"https:\/\/autravail.ca\/#organization"},"potentialAction":[{"@type":"SearchAction","target":{"@type":"EntryPoint","urlTemplate":"https:\/\/autravail.ca\/?s={search_term_string}"},"query-input":{"@type":"PropertyValueSpecification","valueRequired":true,"valueName":"search_term_string"}}],"inLanguage":"en-CA"},{"@type":"Organization","@id":"https:\/\/autravail.ca\/#organization","name":"Le Magasin Industriel","url":"https:\/\/autravail.ca\/","logo":{"@type":"ImageObject","inLanguage":"en-CA","@id":"https:\/\/autravail.ca\/#\/schema\/logo\/image\/","url":"https:\/\/autravail.ca\/wp-content\/uploads\/2025\/05\/cropped-magasin_industriel_120x.avif","contentUrl":"https:\/\/autravail.ca\/wp-content\/uploads\/2025\/05\/cropped-magasin_industriel_120x.avif","width":120,"height":24,"caption":"Le Magasin Industriel"},"image":{"@id":"https:\/\/autravail.ca\/#\/schema\/logo\/image\/"},"sameAs":["https:\/\/www.facebook.com\/lemagasinindustriel\/?locale=fr_FR"]}]}},"jetpack_sharing_enabled":true,"_links":{"self":[{"href":"https:\/\/autravail.ca\/en\/wp-json\/wp\/v2\/product\/27891","targetHints":{"allow":["GET"]}}],"collection":[{"href":"https:\/\/autravail.ca\/en\/wp-json\/wp\/v2\/product"}],"about":[{"href":"https:\/\/autravail.ca\/en\/wp-json\/wp\/v2\/types\/product"}],"replies":[{"embeddable":true,"href":"https:\/\/autravail.ca\/en\/wp-json\/wp\/v2\/comments?post=27891"}],"wp:featuredmedia":[{"embeddable":true,"href":"https:\/\/autravail.ca\/en\/wp-json\/wp\/v2\/media\/11180"}],"wp:attachment":[{"href":"https:\/\/autravail.ca\/en\/wp-json\/wp\/v2\/media?parent=27891"}],"wp:term":[{"taxonomy":"product_cat","embeddable":true,"href":"https:\/\/autravail.ca\/en\/wp-json\/wp\/v2\/product_cat?post=27891"},{"taxonomy":"product_tag","embeddable":true,"href":"https:\/\/autravail.ca\/en\/wp-json\/wp\/v2\/product_tag?post=27891"}],"curies":[{"name":"wp","href":"https:\/\/api.w.org\/{rel}","templated":true}]}}