{"id":27861,"date":"2025-05-08T06:23:53","date_gmt":"2025-05-08T06:23:53","guid":{"rendered":"https:\/\/meteoquebec.ca\/?post_type=product&#038;p=27861"},"modified":"2026-02-18T14:57:21","modified_gmt":"2026-02-18T18:57:21","slug":"botte-de-travail-maddy-425128","status":"publish","type":"product","link":"https:\/\/autravail.ca\/en\/product\/botte-de-travail-maddy-425128\/","title":{"rendered":"Botte de travail Maddy &#8211; 425128"},"content":{"rendered":"<h3>Botte de travail Maddy &#8211; 425128<\/h3>\n<p>Botte de travail Maddy &#8211; 425128 de <a href=\"https:\/\/autravail.ca\/wp-admin\/edit-tags.php?taxonomy=product_brand&amp;post_type=product\">Mellow Walk<\/a> <mark class=\"HxTRcb\" data-complete=\"true\" data-sae=\"\">est une\u00a0<strong class=\"Yjhzub\" data-complete=\"true\">botte de s\u00e9curit\u00e9 montante \u00e0 enfiler pour femme<\/strong>\u00a0enti\u00e8rement en cuir, con\u00e7ue pour \u00eatre\u00a0<strong class=\"Yjhzub\" data-complete=\"true\">sans m\u00e9tal<\/strong>\u00a0et offrir un ajustement large et confortable<\/mark>. Fabriqu\u00e9e au Canada, elle est id\u00e9ale pour des environnements de travail int\u00e9rieurs et secs<\/p>\n<p><img decoding=\"async\" class=\"alignnone size-full wp-image-40117\" src=\"https:\/\/autravail.ca\/wp-content\/uploads\/2025\/09\/Certification-Omega-Triangle-vert.jpg\" alt=\"Certifications Om\u00e9ga Triangle vert\" width=\"193\" height=\"110\" srcset=\"https:\/\/autravail.ca\/wp-content\/uploads\/2025\/09\/Certification-Omega-Triangle-vert.jpg 193w, https:\/\/autravail.ca\/wp-content\/uploads\/2025\/09\/Certification-Omega-Triangle-vert-150x85.jpg 150w, https:\/\/autravail.ca\/wp-content\/uploads\/2025\/09\/Certification-Omega-Triangle-vert-18x10.jpg 18w\" sizes=\"(max-width: 193px) 100vw, 193px\" \/><\/p>\n<h6>Characteristics:<\/h6>\n<ul>\n<li><span dir=\"auto\"><span dir=\"auto\">Bottillon 6\u00a0\u00bb de haut<\/span><\/span><\/li>\n<li><span dir=\"auto\"><span dir=\"auto\">Embout en composite, approuv\u00e9 Grade 1 CSA<\/span><\/span><\/li>\n<li>Plaque de protection flexible et tiss\u00e9e (sans m\u00e9tal) approuv\u00e9 CSA<\/li>\n<li><span dir=\"auto\"><span dir=\"auto\">R\u00e9sistant aux chocs \u00e9lectriques &#8211; ESR<\/span><\/span><\/li>\n<li><span dir=\"auto\"><span dir=\"auto\">Puncture Resistant<\/span><\/span><\/li>\n<li><span dir=\"auto\"><span dir=\"auto\">Antid\u00e9rapant<\/span><\/span><\/li>\n<li><span dir=\"auto\"><span dir=\"auto\">Largeur &#8211; E<\/span><\/span><\/li>\n<li><span dir=\"auto\"><span dir=\"auto\">Coupe &#8211; Con\u00e7ue \u00e0 partir d&rsquo;une forme f\u00e9minine<\/span><\/span><\/li>\n<li><span dir=\"auto\"><span dir=\"auto\">Cuir pleine fleur<\/span><\/span><\/li>\n<li><span dir=\"auto\"><span dir=\"auto\">Doublure &#8211; Onsteam ou nylon Dri-lex respirant et \u00e9vacuant l&rsquo;humidit\u00e9<\/span><\/span><\/li>\n<li><span dir=\"auto\"><span dir=\"auto\">Mat\u00e9riau de la semelle ext\u00e9rieure : Polyur\u00e9thane (PU) bi-densit\u00e9 l\u00e9g\u00e8re, antid\u00e9rapante et non marquante<\/span><\/span><\/li>\n<li><span dir=\"auto\"><span dir=\"auto\">Embout de protection &#8211; Sans m\u00e9tal<\/span><\/span><\/li>\n<li><span dir=\"auto\"><span dir=\"auto\">Semelle int\u00e9rieure amovible Dream-fit pour un comnfort accru<\/span><\/span><\/li>\n<li><span dir=\"auto\"><span dir=\"auto\">Construction &#8211; Semelle ciment\u00e9e \/ cousue \u00e0 points nou\u00e9s<\/span><\/span><\/li>\n<li><span dir=\"auto\"><span dir=\"auto\">Sans marquage &#8211; Oui<\/span><\/span><\/li>\n<li><strong class=\"Yjhzub\" data-complete=\"true\">Fabriqu\u00e9 au Canada<\/strong>.<\/li>\n<\/ul>\n<p>Cette botte est souvent salu\u00e9e par les utilisateurs pour son\u00a0<strong class=\"Yjhzub\" data-complete=\"true\">confort exceptionnel<\/strong>\u00a0d\u00e8s la sortie de la bo\u00eete, sa\u00a0<strong class=\"Yjhzub\" data-complete=\"true\">l\u00e9g\u00e8ret\u00e9<\/strong>\u00a0(malgr\u00e9 ses caract\u00e9ristiques de s\u00e9curit\u00e9) et son\u00a0<strong class=\"Yjhzub\" data-complete=\"true\">style d\u00e9contract\u00e9<\/strong>\u00a0qui permet de la porter facilement du travail \u00e0 la maison.<\/p>\n<h6 class=\"Y3BBE\" data-hveid=\"CAEICBAA\" data-complete=\"true\" data-processed=\"true\">Elle est recommand\u00e9e pour les environnements de travail \u00e0 faible impact, notamment :<\/h6>\n<ul class=\"KsbFXc U6u95\" data-complete=\"true\" data-processed=\"true\">\n<li data-hveid=\"CAEICRAA\" data-complete=\"true\" data-sae=\"\"><span class=\"T286Pc\" data-sfc-cp=\"\" data-complete=\"true\">La fabrication l\u00e9g\u00e8re<\/span><\/li>\n<li data-hveid=\"CAEICRAB\" data-complete=\"true\" data-sae=\"\"><span class=\"T286Pc\" data-sfc-cp=\"\" data-complete=\"true\">La s\u00e9curit\u00e9 et la logistique<\/span><\/li>\n<li data-hveid=\"CAEICRAC\" data-complete=\"true\" data-sae=\"\"><span class=\"T286Pc\" data-sfc-cp=\"\" data-complete=\"true\">L&rsquo;entreposage<\/span><\/li>\n<li data-hveid=\"CAEICRAD\" data-complete=\"true\" data-sae=\"\"><span class=\"T286Pc\" data-sfc-cp=\"\" data-complete=\"true\" aria-owns=\"action-menu-parent-container\">Le travail de bureau<\/span><\/li>\n<\/ul>\n<p><img decoding=\"async\" class=\"alignnone wp-image-40620\" src=\"https:\/\/autravail.ca\/wp-content\/uploads\/2025\/09\/Jachete-quebec-et-canada.jpg\" alt=\"Logo de l'achat local\" width=\"162\" height=\"139\" \/>Merci d&rsquo;encourager une entreprise 100% d&rsquo;ici!<\/p>\n<p>TS2602H<\/p>","protected":false},"excerpt":{"rendered":"<p>Botte de travail Maddy &#8211; 425128 Botte de travail Maddy &#8211; 425128 de Mellow Walk est une\u00a0botte de s\u00e9curit\u00e9 montante \u00e0 enfiler pour femme\u00a0enti\u00e8rement en cuir, con\u00e7ue pour \u00eatre\u00a0sans m\u00e9tal\u00a0et offrir un ajustement large et confortable. Fabriqu\u00e9e au Canada, elle est id\u00e9ale pour des environnements de travail int\u00e9rieurs et secs Caract\u00e9ristiques: Bottillon 6\u00a0\u00bb de haut [&hellip;]<\/p>","protected":false},"featured_media":11150,"comment_status":"open","ping_status":"closed","template":"","meta":[],"product_cat":[621,633],"product_tag":[260,252,255,261,253],"class_list":{"0":"post-27861","1":"product","2":"type-product","3":"status-publish","4":"has-post-thumbnail","6":"product_brand-mellow-walk","7":"product_cat-bottes-de-travail-6","8":"product_cat-femmes","9":"product_tag-bottillons-de-travail","10":"product_tag-electric-shock-resistant","11":"product_tag-femme","12":"product_tag-novago","13":"product_tag-sole-protection","15":"first","16":"instock","17":"taxable","18":"shipping-taxable","19":"purchasable","20":"product-type-variable"},"yoast_head":"<!-- This site is optimized with the Yoast SEO plugin v25.3.1 - https:\/\/yoast.com\/wordpress\/plugins\/seo\/ -->\n<title>Botte de travail Maddy - 425128 - Le Magasin Industriel<\/title>\n<meta name=\"description\" content=\"Botte de travail Maddy - 425128 est une botte de s\u00e9curit\u00e9 montante \u00e0 enfiler pour femme enti\u00e8rement en cuir, con\u00e7ue pour \u00eatre sans m\u00e9tal\" \/>\n<meta name=\"robots\" content=\"index, follow, max-snippet:-1, max-image-preview:large, max-video-preview:-1\" \/>\n<link rel=\"canonical\" href=\"https:\/\/autravail.ca\/en\/product\/botte-de-travail-maddy-425128\/\" \/>\n<meta property=\"og:locale\" content=\"en_US\" \/>\n<meta property=\"og:type\" content=\"article\" \/>\n<meta property=\"og:title\" content=\"Botte de travail Maddy - 425128 - Le Magasin Industriel\" \/>\n<meta property=\"og:description\" content=\"Botte de travail Maddy - 425128 est une botte de s\u00e9curit\u00e9 montante \u00e0 enfiler pour femme enti\u00e8rement en cuir, con\u00e7ue pour \u00eatre sans m\u00e9tal\" \/>\n<meta property=\"og:url\" content=\"https:\/\/autravail.ca\/en\/product\/botte-de-travail-maddy-425128\/\" \/>\n<meta property=\"og:site_name\" content=\"Le Magasin Industriel\" \/>\n<meta property=\"article:publisher\" content=\"https:\/\/www.facebook.com\/lemagasinindustriel\/?locale=fr_FR\" \/>\n<meta property=\"article:modified_time\" content=\"2026-02-18T18:57:21+00:00\" \/>\n<meta property=\"og:image\" content=\"https:\/\/autravail.ca\/wp-content\/uploads\/2025\/05\/425128_A01.jpg\" \/>\n\t<meta property=\"og:image:width\" content=\"1000\" \/>\n\t<meta property=\"og:image:height\" content=\"1000\" \/>\n\t<meta property=\"og:image:type\" content=\"image\/jpeg\" \/>\n<meta name=\"twitter:card\" content=\"summary_large_image\" \/>\n<meta name=\"twitter:label1\" content=\"Est. reading time\" \/>\n\t<meta name=\"twitter:data1\" content=\"2 minutes\" \/>\n<script type=\"application\/ld+json\" class=\"yoast-schema-graph\">{\"@context\":\"https:\/\/schema.org\",\"@graph\":[{\"@type\":\"WebPage\",\"@id\":\"https:\/\/autravail.ca\/product\/botte-de-travail-maddy-425128\/\",\"url\":\"https:\/\/autravail.ca\/product\/botte-de-travail-maddy-425128\/\",\"name\":\"Botte de travail Maddy - 425128 - Le Magasin Industriel\",\"isPartOf\":{\"@id\":\"https:\/\/autravail.ca\/#website\"},\"primaryImageOfPage\":{\"@id\":\"https:\/\/autravail.ca\/product\/botte-de-travail-maddy-425128\/#primaryimage\"},\"image\":{\"@id\":\"https:\/\/autravail.ca\/product\/botte-de-travail-maddy-425128\/#primaryimage\"},\"thumbnailUrl\":\"https:\/\/autravail.ca\/wp-content\/uploads\/2025\/05\/425128_A01.jpg\",\"datePublished\":\"2025-05-08T06:23:53+00:00\",\"dateModified\":\"2026-02-18T18:57:21+00:00\",\"description\":\"Botte de travail Maddy - 425128 est une botte de s\u00e9curit\u00e9 montante \u00e0 enfiler pour femme enti\u00e8rement en cuir, con\u00e7ue pour \u00eatre sans m\u00e9tal\",\"breadcrumb\":{\"@id\":\"https:\/\/autravail.ca\/product\/botte-de-travail-maddy-425128\/#breadcrumb\"},\"inLanguage\":\"en-CA\",\"potentialAction\":[{\"@type\":\"ReadAction\",\"target\":[\"https:\/\/autravail.ca\/product\/botte-de-travail-maddy-425128\/\"]}]},{\"@type\":\"ImageObject\",\"inLanguage\":\"en-CA\",\"@id\":\"https:\/\/autravail.ca\/product\/botte-de-travail-maddy-425128\/#primaryimage\",\"url\":\"https:\/\/autravail.ca\/wp-content\/uploads\/2025\/05\/425128_A01.jpg\",\"contentUrl\":\"https:\/\/autravail.ca\/wp-content\/uploads\/2025\/05\/425128_A01.jpg\",\"width\":1000,\"height\":1000,\"caption\":\"Botte de travail Maddy - 425128\"},{\"@type\":\"BreadcrumbList\",\"@id\":\"https:\/\/autravail.ca\/product\/botte-de-travail-maddy-425128\/#breadcrumb\",\"itemListElement\":[{\"@type\":\"ListItem\",\"position\":1,\"name\":\"Accueil\",\"item\":\"https:\/\/autravail.ca\/\"},{\"@type\":\"ListItem\",\"position\":2,\"name\":\"Magasin\",\"item\":\"https:\/\/autravail.ca\/en\/shop\/\"},{\"@type\":\"ListItem\",\"position\":3,\"name\":\"Botte de travail Maddy &#8211; 425128\"}]},{\"@type\":\"WebSite\",\"@id\":\"https:\/\/autravail.ca\/#website\",\"url\":\"https:\/\/autravail.ca\/\",\"name\":\"Le Magasin Industriel\",\"description\":\"50 ans de tradition de s\u00e9curit\u00e9 au travail\",\"publisher\":{\"@id\":\"https:\/\/autravail.ca\/#organization\"},\"potentialAction\":[{\"@type\":\"SearchAction\",\"target\":{\"@type\":\"EntryPoint\",\"urlTemplate\":\"https:\/\/autravail.ca\/?s={search_term_string}\"},\"query-input\":{\"@type\":\"PropertyValueSpecification\",\"valueRequired\":true,\"valueName\":\"search_term_string\"}}],\"inLanguage\":\"en-CA\"},{\"@type\":\"Organization\",\"@id\":\"https:\/\/autravail.ca\/#organization\",\"name\":\"Le Magasin Industriel\",\"url\":\"https:\/\/autravail.ca\/\",\"logo\":{\"@type\":\"ImageObject\",\"inLanguage\":\"en-CA\",\"@id\":\"https:\/\/autravail.ca\/#\/schema\/logo\/image\/\",\"url\":\"https:\/\/autravail.ca\/wp-content\/uploads\/2025\/05\/cropped-magasin_industriel_120x.avif\",\"contentUrl\":\"https:\/\/autravail.ca\/wp-content\/uploads\/2025\/05\/cropped-magasin_industriel_120x.avif\",\"width\":120,\"height\":24,\"caption\":\"Le Magasin Industriel\"},\"image\":{\"@id\":\"https:\/\/autravail.ca\/#\/schema\/logo\/image\/\"},\"sameAs\":[\"https:\/\/www.facebook.com\/lemagasinindustriel\/?locale=fr_FR\"]}]}<\/script>\n<!-- \/ Yoast SEO plugin. -->","yoast_head_json":{"title":"Botte de travail Maddy - 425128 - Le Magasin Industriel","description":"Botte de travail Maddy - 425128 est une botte de s\u00e9curit\u00e9 montante \u00e0 enfiler pour femme enti\u00e8rement en cuir, con\u00e7ue pour \u00eatre sans m\u00e9tal","robots":{"index":"index","follow":"follow","max-snippet":"max-snippet:-1","max-image-preview":"max-image-preview:large","max-video-preview":"max-video-preview:-1"},"canonical":"https:\/\/autravail.ca\/en\/product\/botte-de-travail-maddy-425128\/","og_locale":"en_US","og_type":"article","og_title":"Botte de travail Maddy - 425128 - Le Magasin Industriel","og_description":"Botte de travail Maddy - 425128 est une botte de s\u00e9curit\u00e9 montante \u00e0 enfiler pour femme enti\u00e8rement en cuir, con\u00e7ue pour \u00eatre sans m\u00e9tal","og_url":"https:\/\/autravail.ca\/en\/product\/botte-de-travail-maddy-425128\/","og_site_name":"Le Magasin Industriel","article_publisher":"https:\/\/www.facebook.com\/lemagasinindustriel\/?locale=fr_FR","article_modified_time":"2026-02-18T18:57:21+00:00","og_image":[{"width":1000,"height":1000,"url":"https:\/\/autravail.ca\/wp-content\/uploads\/2025\/05\/425128_A01.jpg","type":"image\/jpeg"}],"twitter_card":"summary_large_image","twitter_misc":{"Est. reading time":"2 minutes"},"schema":{"@context":"https:\/\/schema.org","@graph":[{"@type":"WebPage","@id":"https:\/\/autravail.ca\/product\/botte-de-travail-maddy-425128\/","url":"https:\/\/autravail.ca\/product\/botte-de-travail-maddy-425128\/","name":"Botte de travail Maddy - 425128 - Le Magasin Industriel","isPartOf":{"@id":"https:\/\/autravail.ca\/#website"},"primaryImageOfPage":{"@id":"https:\/\/autravail.ca\/product\/botte-de-travail-maddy-425128\/#primaryimage"},"image":{"@id":"https:\/\/autravail.ca\/product\/botte-de-travail-maddy-425128\/#primaryimage"},"thumbnailUrl":"https:\/\/autravail.ca\/wp-content\/uploads\/2025\/05\/425128_A01.jpg","datePublished":"2025-05-08T06:23:53+00:00","dateModified":"2026-02-18T18:57:21+00:00","description":"Botte de travail Maddy - 425128 est une botte de s\u00e9curit\u00e9 montante \u00e0 enfiler pour femme enti\u00e8rement en cuir, con\u00e7ue pour \u00eatre sans m\u00e9tal","breadcrumb":{"@id":"https:\/\/autravail.ca\/product\/botte-de-travail-maddy-425128\/#breadcrumb"},"inLanguage":"en-CA","potentialAction":[{"@type":"ReadAction","target":["https:\/\/autravail.ca\/product\/botte-de-travail-maddy-425128\/"]}]},{"@type":"ImageObject","inLanguage":"en-CA","@id":"https:\/\/autravail.ca\/product\/botte-de-travail-maddy-425128\/#primaryimage","url":"https:\/\/autravail.ca\/wp-content\/uploads\/2025\/05\/425128_A01.jpg","contentUrl":"https:\/\/autravail.ca\/wp-content\/uploads\/2025\/05\/425128_A01.jpg","width":1000,"height":1000,"caption":"Botte de travail Maddy - 425128"},{"@type":"BreadcrumbList","@id":"https:\/\/autravail.ca\/product\/botte-de-travail-maddy-425128\/#breadcrumb","itemListElement":[{"@type":"ListItem","position":1,"name":"Accueil","item":"https:\/\/autravail.ca\/"},{"@type":"ListItem","position":2,"name":"Magasin","item":"https:\/\/autravail.ca\/en\/shop\/"},{"@type":"ListItem","position":3,"name":"Botte de travail Maddy &#8211; 425128"}]},{"@type":"WebSite","@id":"https:\/\/autravail.ca\/#website","url":"https:\/\/autravail.ca\/","name":"Le Magasin Industriel","description":"50 ans de tradition de s\u00e9curit\u00e9 au travail","publisher":{"@id":"https:\/\/autravail.ca\/#organization"},"potentialAction":[{"@type":"SearchAction","target":{"@type":"EntryPoint","urlTemplate":"https:\/\/autravail.ca\/?s={search_term_string}"},"query-input":{"@type":"PropertyValueSpecification","valueRequired":true,"valueName":"search_term_string"}}],"inLanguage":"en-CA"},{"@type":"Organization","@id":"https:\/\/autravail.ca\/#organization","name":"Le Magasin Industriel","url":"https:\/\/autravail.ca\/","logo":{"@type":"ImageObject","inLanguage":"en-CA","@id":"https:\/\/autravail.ca\/#\/schema\/logo\/image\/","url":"https:\/\/autravail.ca\/wp-content\/uploads\/2025\/05\/cropped-magasin_industriel_120x.avif","contentUrl":"https:\/\/autravail.ca\/wp-content\/uploads\/2025\/05\/cropped-magasin_industriel_120x.avif","width":120,"height":24,"caption":"Le Magasin Industriel"},"image":{"@id":"https:\/\/autravail.ca\/#\/schema\/logo\/image\/"},"sameAs":["https:\/\/www.facebook.com\/lemagasinindustriel\/?locale=fr_FR"]}]}},"jetpack_sharing_enabled":true,"_links":{"self":[{"href":"https:\/\/autravail.ca\/en\/wp-json\/wp\/v2\/product\/27861","targetHints":{"allow":["GET"]}}],"collection":[{"href":"https:\/\/autravail.ca\/en\/wp-json\/wp\/v2\/product"}],"about":[{"href":"https:\/\/autravail.ca\/en\/wp-json\/wp\/v2\/types\/product"}],"replies":[{"embeddable":true,"href":"https:\/\/autravail.ca\/en\/wp-json\/wp\/v2\/comments?post=27861"}],"wp:featuredmedia":[{"embeddable":true,"href":"https:\/\/autravail.ca\/en\/wp-json\/wp\/v2\/media\/11150"}],"wp:attachment":[{"href":"https:\/\/autravail.ca\/en\/wp-json\/wp\/v2\/media?parent=27861"}],"wp:term":[{"taxonomy":"product_cat","embeddable":true,"href":"https:\/\/autravail.ca\/en\/wp-json\/wp\/v2\/product_cat?post=27861"},{"taxonomy":"product_tag","embeddable":true,"href":"https:\/\/autravail.ca\/en\/wp-json\/wp\/v2\/product_tag?post=27861"}],"curies":[{"name":"wp","href":"https:\/\/api.w.org\/{rel}","templated":true}]}}