{"id":27860,"date":"2025-05-08T06:23:53","date_gmt":"2025-05-08T06:23:53","guid":{"rendered":"https:\/\/meteoquebec.ca\/?post_type=product&#038;p=27860"},"modified":"2026-02-18T14:40:52","modified_gmt":"2026-02-18T18:40:52","slug":"soulier-de-travail-daisy-424092","status":"publish","type":"product","link":"https:\/\/autravail.ca\/en\/product\/soulier-de-travail-daisy-424092\/","title":{"rendered":"Soulier de travail Daisy &#8211; 424092"},"content":{"rendered":"<h3>Soulier de travail Daisy &#8211; 424092<\/h3>\n<p>Soulier de travail Daisy &#8211; 424092 <strong class=\"Yjhzub\" data-complete=\"true\">For <a href=\"https:\/\/autravail.ca\/wp-admin\/edit-tags.php?taxonomy=product_brand&amp;post_type=product\">Mellow Walk<\/a><\/strong>\u00a0est une\u00a0<mark class=\"HxTRcb\" data-complete=\"true\" data-sae=\"\"><strong class=\"Yjhzub\" data-complete=\"true\">chaussure de s\u00e9curit\u00e9 basse \u00e0 enfiler pour femme, avec embout en acier et dissipation statique (SD+)<\/strong>, connue sous le nom de mod\u00e8le\u00a0<strong class=\"Yjhzub\" data-complete=\"true\">Daisy<\/strong><\/mark>. Elle est con\u00e7ue pour les environnements de travail int\u00e9rieurs \u00e0 faible impact, offrant un \u00e9quilibre entre s\u00e9curit\u00e9, confort et style d\u00e9contract\u00e9. Les chaussures sont appr\u00e9ci\u00e9es pour leur\u00a0<strong class=\"Yjhzub\" data-complete=\"true\">confort<\/strong>\u00a0d\u00e8s la premi\u00e8re utilisation et leur\u00a0<strong class=\"Yjhzub\" data-complete=\"true\">l\u00e9g\u00e8ret\u00e9<\/strong>, ce qui les rend id\u00e9ales pour de longues journ\u00e9es de travail.<\/p>\n<p><img decoding=\"async\" class=\"alignnone size-full wp-image-40140\" src=\"https:\/\/autravail.ca\/wp-content\/uploads\/2025\/05\/Certification-SD-Carre-bleu.jpg\" alt=\"Logo de la certification CSA carr\u00e9 bleu et SD\" width=\"222\" height=\"124\" srcset=\"https:\/\/autravail.ca\/wp-content\/uploads\/2025\/05\/Certification-SD-Carre-bleu.jpg 222w, https:\/\/autravail.ca\/wp-content\/uploads\/2025\/05\/Certification-SD-Carre-bleu-150x84.jpg 150w, https:\/\/autravail.ca\/wp-content\/uploads\/2025\/05\/Certification-SD-Carre-bleu-18x10.jpg 18w\" sizes=\"(max-width: 222px) 100vw, 222px\" \/><\/p>\n<h6>Characteristics:<\/h6>\n<ul>\n<li><span dir=\"auto\"><span dir=\"auto\">Chaussure de travail style loafer (\u00e0 enfiler)<\/span><\/span><\/li>\n<li><span dir=\"auto\"><span dir=\"auto\">Embout en acier grade 1 CSA, sans semelle anti-perforation<\/span><\/span><\/li>\n<li><span dir=\"auto\"><span dir=\"auto\">Dissipatif statique Plus &#8211; SD+<\/span><\/span><\/li>\n<li><span dir=\"auto\"><span dir=\"auto\">(\u00a0<\/span><\/span><em><span dir=\"auto\"><span dir=\"auto\">Dissipation statique : inf\u00e9rieure \u00e0 35 m\u00e9gaohms<\/span><\/span><\/em><span dir=\"auto\"><span dir=\"auto\">\u00a0)<\/span><\/span><\/li>\n<li><span dir=\"auto\"><span dir=\"auto\">R\u00e9sistant aux huiles et aux acides<\/span><\/span><\/li>\n<li><span dir=\"auto\"><span dir=\"auto\">Antid\u00e9rapant<\/span><\/span><\/li>\n<li><span dir=\"auto\"><span dir=\"auto\">Largeur &#8211; E<\/span><\/span><\/li>\n<li><span dir=\"auto\"><span dir=\"auto\">Coupe &#8211; Con\u00e7ue \u00e0 partir d&rsquo;une forme f\u00e9minine<\/span><\/span><\/li>\n<li><span dir=\"auto\"><span dir=\"auto\">Cuir souple<\/span><\/span><\/li>\n<li><span dir=\"auto\"><span dir=\"auto\">Doublure synth\u00e9tique\/Nylon Dri-lex, \u00e9vacuant l&rsquo;humidit\u00e9<\/span><\/span><\/li>\n<li><span dir=\"auto\"><span dir=\"auto\">Mat\u00e9riau de la semelle ext\u00e9rieure : polyur\u00e9thane double densit\u00e9, l\u00e9g\u00e8re et antid\u00e9rapante<\/span><\/span><\/li>\n<li><span dir=\"auto\"><span dir=\"auto\">Semelle int\u00e9rieure amovible Dreamfit antistatique<\/span><\/span><\/li>\n<li><span dir=\"auto\"><span dir=\"auto\">Construction &#8211; Semelle ciment\u00e9e \/ cousue \u00e0 points nou\u00e9s<\/span><\/span><\/li>\n<li><span dir=\"auto\"><span dir=\"auto\">Sans marquage &#8211; Oui<\/span><\/span><\/li>\n<li>Fabriqu\u00e9 au Canada<\/li>\n<\/ul>\n<h6 class=\"Y3BBE\" data-hveid=\"CAEICBAA\" data-complete=\"true\" data-processed=\"true\">Elles sont recommand\u00e9es pour des environnements de travail int\u00e9rieurs et secs, notamment :<\/h6>\n<ul class=\"KsbFXc U6u95\" data-processed=\"true\" data-complete=\"true\">\n<li data-hveid=\"CAEICRAA\" data-complete=\"true\" data-sae=\"\"><span class=\"T286Pc\" data-sfc-cp=\"\" data-complete=\"true\">Le secteur pharmaceutique<\/span><\/li>\n<li data-hveid=\"CAEICRAB\" data-complete=\"true\" data-sae=\"\"><span class=\"T286Pc\" data-sfc-cp=\"\" data-complete=\"true\">La fabrication l\u00e9g\u00e8re<\/span><\/li>\n<li data-hveid=\"CAEICRAC\" data-complete=\"true\" data-sae=\"\"><span class=\"T286Pc\" data-sfc-cp=\"\" data-complete=\"true\">L&rsquo;h\u00f4tellerie et les services alimentaires<\/span><\/li>\n<li data-hveid=\"CAEICRAD\" data-complete=\"true\" data-processed=\"true\" data-sae=\"\"><span class=\"T286Pc\" data-sfc-cp=\"\" data-complete=\"true\" aria-owns=\"action-menu-parent-container\">La distribution et les bureaux<\/span><\/li>\n<\/ul>\n<p><img decoding=\"async\" class=\"alignnone wp-image-40620\" src=\"https:\/\/autravail.ca\/wp-content\/uploads\/2025\/09\/Jachete-quebec-et-canada.jpg\" alt=\"Logo de l'achat local\" width=\"162\" height=\"139\" \/>Merci d&rsquo;encourager une entreprise 100% d&rsquo;ici!<\/p>\n<p>TS2602H<\/p>","protected":false},"excerpt":{"rendered":"<p>Soulier de travail Daisy &#8211; 424092 Soulier de travail Daisy &#8211; 424092 de Mellow Walk\u00a0est une\u00a0chaussure de s\u00e9curit\u00e9 basse \u00e0 enfiler pour femme, avec embout en acier et dissipation statique (SD+), connue sous le nom de mod\u00e8le\u00a0Daisy. Elle est con\u00e7ue pour les environnements de travail int\u00e9rieurs \u00e0 faible impact, offrant un \u00e9quilibre entre s\u00e9curit\u00e9, confort [&hellip;]<\/p>","protected":false},"featured_media":11134,"comment_status":"open","ping_status":"closed","template":"","meta":[],"product_cat":[633,619,617],"product_tag":[255,261,257,283],"class_list":{"0":"post-27860","1":"product","2":"type-product","3":"status-publish","4":"has-post-thumbnail","6":"product_brand-mellow-walk","7":"product_cat-femmes","8":"product_cat-souliers-de-travail","9":"product_cat-souliers-de-travail-femme","10":"product_tag-femme","11":"product_tag-novago","12":"product_tag-souliers-de-travail","13":"product_tag-static-dissipative","15":"first","16":"instock","17":"taxable","18":"shipping-taxable","19":"purchasable","20":"product-type-variable"},"yoast_head":"<!-- This site is optimized with the Yoast SEO plugin v25.3.1 - https:\/\/yoast.com\/wordpress\/plugins\/seo\/ -->\n<title>Soulier de travail Daisy - 424092 - Le Magasin Industriel<\/title>\n<meta name=\"description\" content=\"Soulier de travail Daisy - 424092 avec embout en acier et dissipation statique (SD+), embout d&#039;acier grade 1 CSA, style loafer\" \/>\n<meta name=\"robots\" content=\"index, follow, max-snippet:-1, max-image-preview:large, max-video-preview:-1\" \/>\n<link rel=\"canonical\" href=\"https:\/\/autravail.ca\/en\/product\/soulier-de-travail-daisy-424092\/\" \/>\n<meta property=\"og:locale\" content=\"en_US\" \/>\n<meta property=\"og:type\" content=\"article\" \/>\n<meta property=\"og:title\" content=\"Soulier de travail Daisy - 424092 - Le Magasin Industriel\" \/>\n<meta property=\"og:description\" content=\"Soulier de travail Daisy - 424092 avec embout en acier et dissipation statique (SD+), embout d&#039;acier grade 1 CSA, style loafer\" \/>\n<meta property=\"og:url\" content=\"https:\/\/autravail.ca\/en\/product\/soulier-de-travail-daisy-424092\/\" \/>\n<meta property=\"og:site_name\" content=\"Le Magasin Industriel\" \/>\n<meta property=\"article:publisher\" content=\"https:\/\/www.facebook.com\/lemagasinindustriel\/?locale=fr_FR\" \/>\n<meta property=\"article:modified_time\" content=\"2026-02-18T18:40:52+00:00\" \/>\n<meta property=\"og:image\" content=\"https:\/\/autravail.ca\/wp-content\/uploads\/2025\/05\/424092_A01.jpg\" \/>\n\t<meta property=\"og:image:width\" content=\"1000\" \/>\n\t<meta property=\"og:image:height\" content=\"1000\" \/>\n\t<meta property=\"og:image:type\" content=\"image\/jpeg\" \/>\n<meta name=\"twitter:card\" content=\"summary_large_image\" \/>\n<meta name=\"twitter:label1\" content=\"Est. reading time\" \/>\n\t<meta name=\"twitter:data1\" content=\"2 minutes\" \/>\n<script type=\"application\/ld+json\" class=\"yoast-schema-graph\">{\"@context\":\"https:\/\/schema.org\",\"@graph\":[{\"@type\":\"WebPage\",\"@id\":\"https:\/\/autravail.ca\/product\/soulier-de-travail-daisy-424092\/\",\"url\":\"https:\/\/autravail.ca\/product\/soulier-de-travail-daisy-424092\/\",\"name\":\"Soulier de travail Daisy - 424092 - Le Magasin Industriel\",\"isPartOf\":{\"@id\":\"https:\/\/autravail.ca\/#website\"},\"primaryImageOfPage\":{\"@id\":\"https:\/\/autravail.ca\/product\/soulier-de-travail-daisy-424092\/#primaryimage\"},\"image\":{\"@id\":\"https:\/\/autravail.ca\/product\/soulier-de-travail-daisy-424092\/#primaryimage\"},\"thumbnailUrl\":\"https:\/\/autravail.ca\/wp-content\/uploads\/2025\/05\/424092_A01.jpg\",\"datePublished\":\"2025-05-08T06:23:53+00:00\",\"dateModified\":\"2026-02-18T18:40:52+00:00\",\"description\":\"Soulier de travail Daisy - 424092 avec embout en acier et dissipation statique (SD+), embout d'acier grade 1 CSA, style loafer\",\"breadcrumb\":{\"@id\":\"https:\/\/autravail.ca\/product\/soulier-de-travail-daisy-424092\/#breadcrumb\"},\"inLanguage\":\"en-CA\",\"potentialAction\":[{\"@type\":\"ReadAction\",\"target\":[\"https:\/\/autravail.ca\/product\/soulier-de-travail-daisy-424092\/\"]}]},{\"@type\":\"ImageObject\",\"inLanguage\":\"en-CA\",\"@id\":\"https:\/\/autravail.ca\/product\/soulier-de-travail-daisy-424092\/#primaryimage\",\"url\":\"https:\/\/autravail.ca\/wp-content\/uploads\/2025\/05\/424092_A01.jpg\",\"contentUrl\":\"https:\/\/autravail.ca\/wp-content\/uploads\/2025\/05\/424092_A01.jpg\",\"width\":1000,\"height\":1000,\"caption\":\"Soulier de travail Daisy - 424092\"},{\"@type\":\"BreadcrumbList\",\"@id\":\"https:\/\/autravail.ca\/product\/soulier-de-travail-daisy-424092\/#breadcrumb\",\"itemListElement\":[{\"@type\":\"ListItem\",\"position\":1,\"name\":\"Accueil\",\"item\":\"https:\/\/autravail.ca\/\"},{\"@type\":\"ListItem\",\"position\":2,\"name\":\"Magasin\",\"item\":\"https:\/\/autravail.ca\/en\/shop\/\"},{\"@type\":\"ListItem\",\"position\":3,\"name\":\"Soulier de travail Daisy &#8211; 424092\"}]},{\"@type\":\"WebSite\",\"@id\":\"https:\/\/autravail.ca\/#website\",\"url\":\"https:\/\/autravail.ca\/\",\"name\":\"Le Magasin Industriel\",\"description\":\"50 ans de tradition de s\u00e9curit\u00e9 au travail\",\"publisher\":{\"@id\":\"https:\/\/autravail.ca\/#organization\"},\"potentialAction\":[{\"@type\":\"SearchAction\",\"target\":{\"@type\":\"EntryPoint\",\"urlTemplate\":\"https:\/\/autravail.ca\/?s={search_term_string}\"},\"query-input\":{\"@type\":\"PropertyValueSpecification\",\"valueRequired\":true,\"valueName\":\"search_term_string\"}}],\"inLanguage\":\"en-CA\"},{\"@type\":\"Organization\",\"@id\":\"https:\/\/autravail.ca\/#organization\",\"name\":\"Le Magasin Industriel\",\"url\":\"https:\/\/autravail.ca\/\",\"logo\":{\"@type\":\"ImageObject\",\"inLanguage\":\"en-CA\",\"@id\":\"https:\/\/autravail.ca\/#\/schema\/logo\/image\/\",\"url\":\"https:\/\/autravail.ca\/wp-content\/uploads\/2025\/05\/cropped-magasin_industriel_120x.avif\",\"contentUrl\":\"https:\/\/autravail.ca\/wp-content\/uploads\/2025\/05\/cropped-magasin_industriel_120x.avif\",\"width\":120,\"height\":24,\"caption\":\"Le Magasin Industriel\"},\"image\":{\"@id\":\"https:\/\/autravail.ca\/#\/schema\/logo\/image\/\"},\"sameAs\":[\"https:\/\/www.facebook.com\/lemagasinindustriel\/?locale=fr_FR\"]}]}<\/script>\n<!-- \/ Yoast SEO plugin. -->","yoast_head_json":{"title":"Soulier de travail Daisy - 424092 - Le Magasin Industriel","description":"Soulier de travail Daisy - 424092 avec embout en acier et dissipation statique (SD+), embout d'acier grade 1 CSA, style loafer","robots":{"index":"index","follow":"follow","max-snippet":"max-snippet:-1","max-image-preview":"max-image-preview:large","max-video-preview":"max-video-preview:-1"},"canonical":"https:\/\/autravail.ca\/en\/product\/soulier-de-travail-daisy-424092\/","og_locale":"en_US","og_type":"article","og_title":"Soulier de travail Daisy - 424092 - Le Magasin Industriel","og_description":"Soulier de travail Daisy - 424092 avec embout en acier et dissipation statique (SD+), embout d'acier grade 1 CSA, style loafer","og_url":"https:\/\/autravail.ca\/en\/product\/soulier-de-travail-daisy-424092\/","og_site_name":"Le Magasin Industriel","article_publisher":"https:\/\/www.facebook.com\/lemagasinindustriel\/?locale=fr_FR","article_modified_time":"2026-02-18T18:40:52+00:00","og_image":[{"width":1000,"height":1000,"url":"https:\/\/autravail.ca\/wp-content\/uploads\/2025\/05\/424092_A01.jpg","type":"image\/jpeg"}],"twitter_card":"summary_large_image","twitter_misc":{"Est. reading time":"2 minutes"},"schema":{"@context":"https:\/\/schema.org","@graph":[{"@type":"WebPage","@id":"https:\/\/autravail.ca\/product\/soulier-de-travail-daisy-424092\/","url":"https:\/\/autravail.ca\/product\/soulier-de-travail-daisy-424092\/","name":"Soulier de travail Daisy - 424092 - Le Magasin Industriel","isPartOf":{"@id":"https:\/\/autravail.ca\/#website"},"primaryImageOfPage":{"@id":"https:\/\/autravail.ca\/product\/soulier-de-travail-daisy-424092\/#primaryimage"},"image":{"@id":"https:\/\/autravail.ca\/product\/soulier-de-travail-daisy-424092\/#primaryimage"},"thumbnailUrl":"https:\/\/autravail.ca\/wp-content\/uploads\/2025\/05\/424092_A01.jpg","datePublished":"2025-05-08T06:23:53+00:00","dateModified":"2026-02-18T18:40:52+00:00","description":"Soulier de travail Daisy - 424092 avec embout en acier et dissipation statique (SD+), embout d'acier grade 1 CSA, style loafer","breadcrumb":{"@id":"https:\/\/autravail.ca\/product\/soulier-de-travail-daisy-424092\/#breadcrumb"},"inLanguage":"en-CA","potentialAction":[{"@type":"ReadAction","target":["https:\/\/autravail.ca\/product\/soulier-de-travail-daisy-424092\/"]}]},{"@type":"ImageObject","inLanguage":"en-CA","@id":"https:\/\/autravail.ca\/product\/soulier-de-travail-daisy-424092\/#primaryimage","url":"https:\/\/autravail.ca\/wp-content\/uploads\/2025\/05\/424092_A01.jpg","contentUrl":"https:\/\/autravail.ca\/wp-content\/uploads\/2025\/05\/424092_A01.jpg","width":1000,"height":1000,"caption":"Soulier de travail Daisy - 424092"},{"@type":"BreadcrumbList","@id":"https:\/\/autravail.ca\/product\/soulier-de-travail-daisy-424092\/#breadcrumb","itemListElement":[{"@type":"ListItem","position":1,"name":"Accueil","item":"https:\/\/autravail.ca\/"},{"@type":"ListItem","position":2,"name":"Magasin","item":"https:\/\/autravail.ca\/en\/shop\/"},{"@type":"ListItem","position":3,"name":"Soulier de travail Daisy &#8211; 424092"}]},{"@type":"WebSite","@id":"https:\/\/autravail.ca\/#website","url":"https:\/\/autravail.ca\/","name":"Le Magasin Industriel","description":"50 ans de tradition de s\u00e9curit\u00e9 au travail","publisher":{"@id":"https:\/\/autravail.ca\/#organization"},"potentialAction":[{"@type":"SearchAction","target":{"@type":"EntryPoint","urlTemplate":"https:\/\/autravail.ca\/?s={search_term_string}"},"query-input":{"@type":"PropertyValueSpecification","valueRequired":true,"valueName":"search_term_string"}}],"inLanguage":"en-CA"},{"@type":"Organization","@id":"https:\/\/autravail.ca\/#organization","name":"Le Magasin Industriel","url":"https:\/\/autravail.ca\/","logo":{"@type":"ImageObject","inLanguage":"en-CA","@id":"https:\/\/autravail.ca\/#\/schema\/logo\/image\/","url":"https:\/\/autravail.ca\/wp-content\/uploads\/2025\/05\/cropped-magasin_industriel_120x.avif","contentUrl":"https:\/\/autravail.ca\/wp-content\/uploads\/2025\/05\/cropped-magasin_industriel_120x.avif","width":120,"height":24,"caption":"Le Magasin Industriel"},"image":{"@id":"https:\/\/autravail.ca\/#\/schema\/logo\/image\/"},"sameAs":["https:\/\/www.facebook.com\/lemagasinindustriel\/?locale=fr_FR"]}]}},"jetpack_sharing_enabled":true,"_links":{"self":[{"href":"https:\/\/autravail.ca\/en\/wp-json\/wp\/v2\/product\/27860","targetHints":{"allow":["GET"]}}],"collection":[{"href":"https:\/\/autravail.ca\/en\/wp-json\/wp\/v2\/product"}],"about":[{"href":"https:\/\/autravail.ca\/en\/wp-json\/wp\/v2\/types\/product"}],"replies":[{"embeddable":true,"href":"https:\/\/autravail.ca\/en\/wp-json\/wp\/v2\/comments?post=27860"}],"wp:featuredmedia":[{"embeddable":true,"href":"https:\/\/autravail.ca\/en\/wp-json\/wp\/v2\/media\/11134"}],"wp:attachment":[{"href":"https:\/\/autravail.ca\/en\/wp-json\/wp\/v2\/media?parent=27860"}],"wp:term":[{"taxonomy":"product_cat","embeddable":true,"href":"https:\/\/autravail.ca\/en\/wp-json\/wp\/v2\/product_cat?post=27860"},{"taxonomy":"product_tag","embeddable":true,"href":"https:\/\/autravail.ca\/en\/wp-json\/wp\/v2\/product_tag?post=27860"}],"curies":[{"name":"wp","href":"https:\/\/api.w.org\/{rel}","templated":true}]}}