{"id":27833,"date":"2025-05-08T06:23:46","date_gmt":"2025-05-08T06:23:46","guid":{"rendered":"https:\/\/meteoquebec.ca\/?post_type=product&#038;p=27833"},"modified":"2026-02-17T17:00:12","modified_gmt":"2026-02-17T21:00:12","slug":"soulier-de-travail-daisy-421092","status":"publish","type":"product","link":"https:\/\/autravail.ca\/en\/product\/soulier-de-travail-daisy-421092\/","title":{"rendered":"Soulier de travail Daisy &#8211; 421092"},"content":{"rendered":"<h3>Soulier de travail Daisy &#8211; 421092<\/h3>\n<p>Soulier de travail Daisy &#8211; 421092 de <a href=\"https:\/\/autravail.ca\/wp-admin\/edit-tags.php?taxonomy=product_brand&amp;post_type=product&amp;s=mellow+walk\">Mellow Walk<\/a> est un mod\u00e8le de s\u00e9curit\u00e9 pour femmes qui se distingue par une protection accrue par rapport \u00e0 la version 420092 standard.. Ce mod\u00e8le est sp\u00e9cifiquement con\u00e7u pour les environnements exigeants comme les laboratoires ou la fabrication \u00e9lectronique.<\/p>\n<p><img decoding=\"async\" class=\"alignnone size-full wp-image-40140\" src=\"https:\/\/autravail.ca\/wp-content\/uploads\/2025\/05\/Certification-SD-Carre-bleu.jpg\" alt=\"Logo de la certification CSA carr\u00e9 bleu et SD\" width=\"222\" height=\"124\" srcset=\"https:\/\/autravail.ca\/wp-content\/uploads\/2025\/05\/Certification-SD-Carre-bleu.jpg 222w, https:\/\/autravail.ca\/wp-content\/uploads\/2025\/05\/Certification-SD-Carre-bleu-150x84.jpg 150w, https:\/\/autravail.ca\/wp-content\/uploads\/2025\/05\/Certification-SD-Carre-bleu-18x10.jpg 18w\" sizes=\"(max-width: 222px) 100vw, 222px\" \/><\/p>\n<h6>Characteristics:<\/h6>\n<ul>\n<li data-hveid=\"CAEIBRAA\" data-complete=\"true\" data-sae=\"\"><span class=\"T286Pc\" data-sfc-cp=\"\" data-complete=\"true\"><strong class=\"Yjhzub\" data-complete=\"true\">Embout de protection<\/strong> en acier (certifi\u00e9 CSA\/ASTM).<\/span><\/li>\n<li data-hveid=\"CAEIBRAC\" data-complete=\"true\" data-sae=\"\"><span class=\"T286Pc\" data-sfc-cp=\"\" data-complete=\"true\"><strong class=\"Yjhzub\" data-complete=\"true\">Dissipation statique (ESD\/SD)<\/strong>\u00a0: Con\u00e7ue pour \u00e9vacuer l&rsquo;\u00e9lectricit\u00e9 statique du corps vers le sol, prot\u00e9geant ainsi les \u00e9quipements \u00e9lectroniques sensibles.<\/span><\/li>\n<li data-hveid=\"CAEIBRAD\" data-complete=\"true\" data-sae=\"\"><span class=\"T286Pc\" data-sfc-cp=\"\" data-complete=\"true\" aria-owns=\"action-menu-parent-container\"><strong class=\"Yjhzub\" data-complete=\"true\">Semelle<\/strong>\u00a0: En polyur\u00e9thane (PU) double densit\u00e9, antid\u00e9rapante et r\u00e9sistante aux huiles.<\/span><\/li>\n<li data-hveid=\"CAEIBxAA\" data-complete=\"true\" data-sae=\"\"><span class=\"T286Pc\" data-sfc-cp=\"\" data-complete=\"true\"><strong class=\"Yjhzub\" data-complete=\"true\">Tige<\/strong> en Cuir noir de haute qualit\u00e9 avec une doublure <strong class=\"Yjhzub\" data-complete=\"true\">On-Steam<\/strong>\u00a0(respirante et r\u00e9gulatrice d&rsquo;humidit\u00e9).<\/span><\/li>\n<li data-hveid=\"CAEIBxAB\" data-complete=\"true\" data-sae=\"\"><span class=\"T286Pc\" data-sfc-cp=\"\" data-complete=\"true\">Semelle int\u00e9rieure amovible <strong class=\"Yjhzub\" data-complete=\"true\">DreamFit<\/strong>\u00a0antistatique pour un confort prolong\u00e9.<\/span><\/li>\n<li data-hveid=\"CAEIBxAC\" data-complete=\"true\" data-sae=\"\"><span class=\"T286Pc\" data-sfc-cp=\"\" data-complete=\"true\">Width <strong class=\"Yjhzub\" data-complete=\"true\">E<\/strong>\u00a0(coupe confort-ortho) adapt\u00e9e \u00e0 la morphologie du pied f\u00e9minin.<\/span><\/li>\n<li data-hveid=\"CAEIBxAD\" data-complete=\"true\" data-sae=\"\"><span class=\"T286Pc\" data-sfc-cp=\"\" data-complete=\"true\" aria-owns=\"action-menu-parent-container\"><strong class=\"Yjhzub\" data-complete=\"true\">Fabrication<\/strong>\u00a0: Fi\u00e8rement fabriqu\u00e9e au\u00a0<strong class=\"Yjhzub\" data-complete=\"true\">Canada<\/strong>.<\/span><\/li>\n<\/ul>\n<p><img decoding=\"async\" class=\"alignnone wp-image-40620\" src=\"https:\/\/autravail.ca\/wp-content\/uploads\/2025\/09\/Jachete-quebec-et-canada.jpg\" alt=\"Logo de l'achat local\" width=\"162\" height=\"139\" \/>Merci d&rsquo;encourager une entreprise 100% d&rsquo;ici!<\/p>\n<p>TS2602H<\/p>\n<h4><span style=\"color: #ff0000;\">\u00a0<\/span><\/h4>","protected":false},"excerpt":{"rendered":"<p>Soulier de travail Daisy &#8211; 421092 Soulier de travail Daisy &#8211; 421092 de Mellow Walk est un mod\u00e8le de s\u00e9curit\u00e9 pour femmes qui se distingue par une protection accrue par rapport \u00e0 la version 420092 standard.. Ce mod\u00e8le est sp\u00e9cifiquement con\u00e7u pour les environnements exigeants comme les laboratoires ou la fabrication \u00e9lectronique. Caract\u00e9ristiques: Embout de [&hellip;]<\/p>","protected":false},"featured_media":11118,"comment_status":"open","ping_status":"closed","template":"","meta":[],"product_cat":[633,619],"product_tag":[260,255,261,283],"class_list":{"0":"post-27833","1":"product","2":"type-product","3":"status-publish","4":"has-post-thumbnail","6":"product_brand-mellow-walk","7":"product_cat-femmes","8":"product_cat-souliers-de-travail","9":"product_tag-bottillons-de-travail","10":"product_tag-femme","11":"product_tag-novago","12":"product_tag-static-dissipative","14":"first","15":"instock","16":"taxable","17":"shipping-taxable","18":"purchasable","19":"product-type-variable"},"yoast_head":"<!-- This site is optimized with the Yoast SEO plugin v25.3.1 - https:\/\/yoast.com\/wordpress\/plugins\/seo\/ -->\n<title>Soulier de travail Daisy - 421092 - Le Magasin Industriel<\/title>\n<meta name=\"description\" content=\"Soulier de travail Daisy - 421092 sp\u00e9cifiquement con\u00e7u pour les environnements exigeants comme les laboratoires ou la fabrication \u00e9lectronique\" \/>\n<meta name=\"robots\" content=\"index, follow, max-snippet:-1, max-image-preview:large, max-video-preview:-1\" \/>\n<link rel=\"canonical\" href=\"https:\/\/autravail.ca\/en\/product\/soulier-de-travail-daisy-421092\/\" \/>\n<meta property=\"og:locale\" content=\"en_US\" \/>\n<meta property=\"og:type\" content=\"article\" \/>\n<meta property=\"og:title\" content=\"Soulier de travail Daisy - 421092 - Le Magasin Industriel\" \/>\n<meta property=\"og:description\" content=\"Soulier de travail Daisy - 421092 sp\u00e9cifiquement con\u00e7u pour les environnements exigeants comme les laboratoires ou la fabrication \u00e9lectronique\" \/>\n<meta property=\"og:url\" content=\"https:\/\/autravail.ca\/en\/product\/soulier-de-travail-daisy-421092\/\" \/>\n<meta property=\"og:site_name\" content=\"Le Magasin Industriel\" \/>\n<meta property=\"article:publisher\" content=\"https:\/\/www.facebook.com\/lemagasinindustriel\/?locale=fr_FR\" \/>\n<meta property=\"article:modified_time\" content=\"2026-02-17T21:00:12+00:00\" \/>\n<meta property=\"og:image\" content=\"https:\/\/autravail.ca\/wp-content\/uploads\/2025\/05\/421092_A01.jpg\" \/>\n\t<meta property=\"og:image:width\" content=\"1000\" \/>\n\t<meta property=\"og:image:height\" content=\"1000\" \/>\n\t<meta property=\"og:image:type\" content=\"image\/jpeg\" \/>\n<meta name=\"twitter:card\" content=\"summary_large_image\" \/>\n<meta name=\"twitter:label1\" content=\"Est. reading time\" \/>\n\t<meta name=\"twitter:data1\" content=\"2 minutes\" \/>\n<script type=\"application\/ld+json\" class=\"yoast-schema-graph\">{\"@context\":\"https:\/\/schema.org\",\"@graph\":[{\"@type\":\"WebPage\",\"@id\":\"https:\/\/autravail.ca\/product\/soulier-de-travail-daisy-421092\/\",\"url\":\"https:\/\/autravail.ca\/product\/soulier-de-travail-daisy-421092\/\",\"name\":\"Soulier de travail Daisy - 421092 - Le Magasin Industriel\",\"isPartOf\":{\"@id\":\"https:\/\/autravail.ca\/#website\"},\"primaryImageOfPage\":{\"@id\":\"https:\/\/autravail.ca\/product\/soulier-de-travail-daisy-421092\/#primaryimage\"},\"image\":{\"@id\":\"https:\/\/autravail.ca\/product\/soulier-de-travail-daisy-421092\/#primaryimage\"},\"thumbnailUrl\":\"https:\/\/autravail.ca\/wp-content\/uploads\/2025\/05\/421092_A01.jpg\",\"datePublished\":\"2025-05-08T06:23:46+00:00\",\"dateModified\":\"2026-02-17T21:00:12+00:00\",\"description\":\"Soulier de travail Daisy - 421092 sp\u00e9cifiquement con\u00e7u pour les environnements exigeants comme les laboratoires ou la fabrication \u00e9lectronique\",\"breadcrumb\":{\"@id\":\"https:\/\/autravail.ca\/product\/soulier-de-travail-daisy-421092\/#breadcrumb\"},\"inLanguage\":\"en-CA\",\"potentialAction\":[{\"@type\":\"ReadAction\",\"target\":[\"https:\/\/autravail.ca\/product\/soulier-de-travail-daisy-421092\/\"]}]},{\"@type\":\"ImageObject\",\"inLanguage\":\"en-CA\",\"@id\":\"https:\/\/autravail.ca\/product\/soulier-de-travail-daisy-421092\/#primaryimage\",\"url\":\"https:\/\/autravail.ca\/wp-content\/uploads\/2025\/05\/421092_A01.jpg\",\"contentUrl\":\"https:\/\/autravail.ca\/wp-content\/uploads\/2025\/05\/421092_A01.jpg\",\"width\":1000,\"height\":1000,\"caption\":\"Soulier de travail Daisy - 421092\"},{\"@type\":\"BreadcrumbList\",\"@id\":\"https:\/\/autravail.ca\/product\/soulier-de-travail-daisy-421092\/#breadcrumb\",\"itemListElement\":[{\"@type\":\"ListItem\",\"position\":1,\"name\":\"Accueil\",\"item\":\"https:\/\/autravail.ca\/\"},{\"@type\":\"ListItem\",\"position\":2,\"name\":\"Magasin\",\"item\":\"https:\/\/autravail.ca\/en\/shop\/\"},{\"@type\":\"ListItem\",\"position\":3,\"name\":\"Soulier de travail Daisy &#8211; 421092\"}]},{\"@type\":\"WebSite\",\"@id\":\"https:\/\/autravail.ca\/#website\",\"url\":\"https:\/\/autravail.ca\/\",\"name\":\"Le Magasin Industriel\",\"description\":\"50 ans de tradition de s\u00e9curit\u00e9 au travail\",\"publisher\":{\"@id\":\"https:\/\/autravail.ca\/#organization\"},\"potentialAction\":[{\"@type\":\"SearchAction\",\"target\":{\"@type\":\"EntryPoint\",\"urlTemplate\":\"https:\/\/autravail.ca\/?s={search_term_string}\"},\"query-input\":{\"@type\":\"PropertyValueSpecification\",\"valueRequired\":true,\"valueName\":\"search_term_string\"}}],\"inLanguage\":\"en-CA\"},{\"@type\":\"Organization\",\"@id\":\"https:\/\/autravail.ca\/#organization\",\"name\":\"Le Magasin Industriel\",\"url\":\"https:\/\/autravail.ca\/\",\"logo\":{\"@type\":\"ImageObject\",\"inLanguage\":\"en-CA\",\"@id\":\"https:\/\/autravail.ca\/#\/schema\/logo\/image\/\",\"url\":\"https:\/\/autravail.ca\/wp-content\/uploads\/2025\/05\/cropped-magasin_industriel_120x.avif\",\"contentUrl\":\"https:\/\/autravail.ca\/wp-content\/uploads\/2025\/05\/cropped-magasin_industriel_120x.avif\",\"width\":120,\"height\":24,\"caption\":\"Le Magasin Industriel\"},\"image\":{\"@id\":\"https:\/\/autravail.ca\/#\/schema\/logo\/image\/\"},\"sameAs\":[\"https:\/\/www.facebook.com\/lemagasinindustriel\/?locale=fr_FR\"]}]}<\/script>\n<!-- \/ Yoast SEO plugin. -->","yoast_head_json":{"title":"Soulier de travail Daisy - 421092 - Le Magasin Industriel","description":"Soulier de travail Daisy - 421092 sp\u00e9cifiquement con\u00e7u pour les environnements exigeants comme les laboratoires ou la fabrication \u00e9lectronique","robots":{"index":"index","follow":"follow","max-snippet":"max-snippet:-1","max-image-preview":"max-image-preview:large","max-video-preview":"max-video-preview:-1"},"canonical":"https:\/\/autravail.ca\/en\/product\/soulier-de-travail-daisy-421092\/","og_locale":"en_US","og_type":"article","og_title":"Soulier de travail Daisy - 421092 - Le Magasin Industriel","og_description":"Soulier de travail Daisy - 421092 sp\u00e9cifiquement con\u00e7u pour les environnements exigeants comme les laboratoires ou la fabrication \u00e9lectronique","og_url":"https:\/\/autravail.ca\/en\/product\/soulier-de-travail-daisy-421092\/","og_site_name":"Le Magasin Industriel","article_publisher":"https:\/\/www.facebook.com\/lemagasinindustriel\/?locale=fr_FR","article_modified_time":"2026-02-17T21:00:12+00:00","og_image":[{"width":1000,"height":1000,"url":"https:\/\/autravail.ca\/wp-content\/uploads\/2025\/05\/421092_A01.jpg","type":"image\/jpeg"}],"twitter_card":"summary_large_image","twitter_misc":{"Est. reading time":"2 minutes"},"schema":{"@context":"https:\/\/schema.org","@graph":[{"@type":"WebPage","@id":"https:\/\/autravail.ca\/product\/soulier-de-travail-daisy-421092\/","url":"https:\/\/autravail.ca\/product\/soulier-de-travail-daisy-421092\/","name":"Soulier de travail Daisy - 421092 - Le Magasin Industriel","isPartOf":{"@id":"https:\/\/autravail.ca\/#website"},"primaryImageOfPage":{"@id":"https:\/\/autravail.ca\/product\/soulier-de-travail-daisy-421092\/#primaryimage"},"image":{"@id":"https:\/\/autravail.ca\/product\/soulier-de-travail-daisy-421092\/#primaryimage"},"thumbnailUrl":"https:\/\/autravail.ca\/wp-content\/uploads\/2025\/05\/421092_A01.jpg","datePublished":"2025-05-08T06:23:46+00:00","dateModified":"2026-02-17T21:00:12+00:00","description":"Soulier de travail Daisy - 421092 sp\u00e9cifiquement con\u00e7u pour les environnements exigeants comme les laboratoires ou la fabrication \u00e9lectronique","breadcrumb":{"@id":"https:\/\/autravail.ca\/product\/soulier-de-travail-daisy-421092\/#breadcrumb"},"inLanguage":"en-CA","potentialAction":[{"@type":"ReadAction","target":["https:\/\/autravail.ca\/product\/soulier-de-travail-daisy-421092\/"]}]},{"@type":"ImageObject","inLanguage":"en-CA","@id":"https:\/\/autravail.ca\/product\/soulier-de-travail-daisy-421092\/#primaryimage","url":"https:\/\/autravail.ca\/wp-content\/uploads\/2025\/05\/421092_A01.jpg","contentUrl":"https:\/\/autravail.ca\/wp-content\/uploads\/2025\/05\/421092_A01.jpg","width":1000,"height":1000,"caption":"Soulier de travail Daisy - 421092"},{"@type":"BreadcrumbList","@id":"https:\/\/autravail.ca\/product\/soulier-de-travail-daisy-421092\/#breadcrumb","itemListElement":[{"@type":"ListItem","position":1,"name":"Accueil","item":"https:\/\/autravail.ca\/"},{"@type":"ListItem","position":2,"name":"Magasin","item":"https:\/\/autravail.ca\/en\/shop\/"},{"@type":"ListItem","position":3,"name":"Soulier de travail Daisy &#8211; 421092"}]},{"@type":"WebSite","@id":"https:\/\/autravail.ca\/#website","url":"https:\/\/autravail.ca\/","name":"Le Magasin Industriel","description":"50 ans de tradition de s\u00e9curit\u00e9 au travail","publisher":{"@id":"https:\/\/autravail.ca\/#organization"},"potentialAction":[{"@type":"SearchAction","target":{"@type":"EntryPoint","urlTemplate":"https:\/\/autravail.ca\/?s={search_term_string}"},"query-input":{"@type":"PropertyValueSpecification","valueRequired":true,"valueName":"search_term_string"}}],"inLanguage":"en-CA"},{"@type":"Organization","@id":"https:\/\/autravail.ca\/#organization","name":"Le Magasin Industriel","url":"https:\/\/autravail.ca\/","logo":{"@type":"ImageObject","inLanguage":"en-CA","@id":"https:\/\/autravail.ca\/#\/schema\/logo\/image\/","url":"https:\/\/autravail.ca\/wp-content\/uploads\/2025\/05\/cropped-magasin_industriel_120x.avif","contentUrl":"https:\/\/autravail.ca\/wp-content\/uploads\/2025\/05\/cropped-magasin_industriel_120x.avif","width":120,"height":24,"caption":"Le Magasin Industriel"},"image":{"@id":"https:\/\/autravail.ca\/#\/schema\/logo\/image\/"},"sameAs":["https:\/\/www.facebook.com\/lemagasinindustriel\/?locale=fr_FR"]}]}},"jetpack_sharing_enabled":true,"_links":{"self":[{"href":"https:\/\/autravail.ca\/en\/wp-json\/wp\/v2\/product\/27833","targetHints":{"allow":["GET"]}}],"collection":[{"href":"https:\/\/autravail.ca\/en\/wp-json\/wp\/v2\/product"}],"about":[{"href":"https:\/\/autravail.ca\/en\/wp-json\/wp\/v2\/types\/product"}],"replies":[{"embeddable":true,"href":"https:\/\/autravail.ca\/en\/wp-json\/wp\/v2\/comments?post=27833"}],"wp:featuredmedia":[{"embeddable":true,"href":"https:\/\/autravail.ca\/en\/wp-json\/wp\/v2\/media\/11118"}],"wp:attachment":[{"href":"https:\/\/autravail.ca\/en\/wp-json\/wp\/v2\/media?parent=27833"}],"wp:term":[{"taxonomy":"product_cat","embeddable":true,"href":"https:\/\/autravail.ca\/en\/wp-json\/wp\/v2\/product_cat?post=27833"},{"taxonomy":"product_tag","embeddable":true,"href":"https:\/\/autravail.ca\/en\/wp-json\/wp\/v2\/product_tag?post=27833"}],"curies":[{"name":"wp","href":"https:\/\/api.w.org\/{rel}","templated":true}]}}