{"id":27801,"date":"2025-05-08T06:23:31","date_gmt":"2025-05-08T06:23:31","guid":{"rendered":"https:\/\/meteoquebec.ca\/?post_type=product&#038;p=27801"},"modified":"2026-03-05T13:50:12","modified_gmt":"2026-03-05T17:50:12","slug":"botte-de-caoutchouc-a4148-11","status":"publish","type":"product","link":"https:\/\/autravail.ca\/en\/product\/botte-de-caoutchouc-a4148-11\/","title":{"rendered":"Botte de caoutchouc &#8211; A4148-11"},"content":{"rendered":"<h3>Botte de caoutchouc &#8211; A4148-11<\/h3>\n<p>Botte de caoutchouc &#8211; A4148-11 Protecto Hip de <a href=\"https:\/\/autravail.ca\/en\/product-brand\/acton\/\">Acton<\/a> est une botte de travail cuissarde de\u00a0<strong class=\"Yjhzub\" data-sfc-cb=\"\" data-complete=\"true\" data-processed=\"true\">29 pouces (73,7 cm)<\/strong>, con\u00e7ue pour offrir une protection int\u00e9grale dans les milieux industriels et agricoles les plus exigeants. Contrairement au mod\u00e8le Prairie, la s\u00e9rie Protecto est sp\u00e9cifiquement b\u00e2tie pour la s\u00e9curit\u00e9 en milieu de travail. Cette botte de travail montante en caoutchouc naturel imperm\u00e9able et antid\u00e9rapant, avec embout et plaque de protection certifi\u00e9s CSA ESR, est r\u00e9sistante au lisier, aux huiles et \u00e0 la plupart des produits chimiques.<\/p>\n<p><img decoding=\"async\" class=\"alignnone size-full wp-image-40117\" src=\"https:\/\/autravail.ca\/wp-content\/uploads\/2025\/09\/Certification-Omega-Triangle-vert.jpg\" alt=\"Certifications Om\u00e9ga Triangle vert\" width=\"193\" height=\"110\" srcset=\"https:\/\/autravail.ca\/wp-content\/uploads\/2025\/09\/Certification-Omega-Triangle-vert.jpg 193w, https:\/\/autravail.ca\/wp-content\/uploads\/2025\/09\/Certification-Omega-Triangle-vert-150x85.jpg 150w, https:\/\/autravail.ca\/wp-content\/uploads\/2025\/09\/Certification-Omega-Triangle-vert-18x10.jpg 18w\" sizes=\"(max-width: 193px) 100vw, 193px\" \/><\/p>\n<h6>Characteristics:<\/h6>\n<ul>\n<li><span dir=\"auto\"><span dir=\"auto\">Hauteur : 29&Prime; \/ 73,7 cm<\/span><\/span><\/li>\n<li><span dir=\"auto\"><span dir=\"auto\">Tige en caoutchouc naturel imperm\u00e9able, r\u00e9sistante au fumier, \u00e0 l&rsquo;huile et \u00e0 la plupart des produits chimiques.<\/span><\/span><\/li>\n<li><span dir=\"auto\"><span dir=\"auto\">Botte isolante et confortable doubl\u00e9e de n\u00e9opr\u00e8ne avec traitement antimicrobien.<\/span><\/span><\/li>\n<li><span dir=\"auto\"><span dir=\"auto\">Embout de protection en acier et semelle anti-perforation en composite l\u00e9ger et non conducteur.<\/span><\/span><\/li>\n<li><span dir=\"auto\"><span dir=\"auto\">Tige en fibre de verre.<\/span><\/span><\/li>\n<li><span dir=\"auto\"><span dir=\"auto\">Semelle ext\u00e9rieure en caoutchouc naturel adh\u00e9rent, non marquant, stable et r\u00e9sistante \u00e0 l&rsquo;abrasion.<\/span><\/span><\/li>\n<li><span dir=\"auto\"><span dir=\"auto\">Jambes doubl\u00e9es de filet.<\/span><\/span><\/li>\n<li><span dir=\"auto\"><span dir=\"auto\">Sangles de r\u00e9glage \u00e0 la cuisse.<\/span><\/span><\/li>\n<li><span dir=\"auto\"><span dir=\"auto\">Peut \u00eatre port\u00e9 avec des chaussettes Neo Sox.<\/span><\/span><\/li>\n<li><span dir=\"auto\"><span dir=\"auto\">Propos\u00e9 avec une semelle int\u00e9rieure amovible.<\/span><\/span><\/li>\n<\/ul>\n<p><em><span style=\"color: #fa0b0b;\">Unisex U.S. men's sizes presented. To convert to U.S. women's size, add 2 sizes. Example: 5 U.S. men = 7 U.S. women<\/span><\/em><\/p>\n<p><img decoding=\"async\" class=\"alignnone wp-image-40620\" src=\"https:\/\/autravail.ca\/wp-content\/uploads\/2025\/09\/Jachete-quebec-et-canada.jpg\" alt=\"Logo de l'achat local\" width=\"162\" height=\"139\" \/>Merci d&rsquo;encourager une entreprise 100% d&rsquo;ici!<\/p>\n<p>TS2603H<\/p>","protected":false},"excerpt":{"rendered":"<p>Botte de caoutchouc &#8211; A4148-11 Botte de caoutchouc &#8211; A4148-11 Protecto Hip de Acton est une botte de travail cuissarde de\u00a029 pouces (73,7 cm), con\u00e7ue pour offrir une protection int\u00e9grale dans les milieux industriels et agricoles les plus exigeants. Contrairement au mod\u00e8le Prairie, la s\u00e9rie Protecto est sp\u00e9cifiquement b\u00e2tie pour la s\u00e9curit\u00e9 en milieu de [&hellip;]<\/p>","protected":false},"featured_media":44859,"comment_status":"open","ping_status":"closed","template":"","meta":[],"product_cat":[685],"product_tag":[242],"class_list":{"0":"post-27801","1":"product","2":"type-product","3":"status-publish","4":"has-post-thumbnail","6":"product_brand-acton","7":"product_cat-bottes-de-pluie","8":"product_tag-homme","10":"first","11":"instock","12":"taxable","13":"shipping-taxable","14":"purchasable","15":"product-type-variable"},"yoast_head":"<!-- This site is optimized with the Yoast SEO plugin v25.3.1 - https:\/\/yoast.com\/wordpress\/plugins\/seo\/ -->\n<title>Botte de caoutchouc - A4148-11 - Le Magasin Industriel<\/title>\n<meta name=\"description\" content=\"Botte de caoutchouc - A4148-11 est une cuissarde de 29 pouces, con\u00e7ue pour offrir une protection int\u00e9grale dans les milieux industriels et agricoles\" \/>\n<meta name=\"robots\" content=\"index, follow, max-snippet:-1, max-image-preview:large, max-video-preview:-1\" \/>\n<link rel=\"canonical\" href=\"https:\/\/autravail.ca\/en\/product\/botte-de-caoutchouc-a4148-11\/\" \/>\n<meta property=\"og:locale\" content=\"en_US\" \/>\n<meta property=\"og:type\" content=\"article\" \/>\n<meta property=\"og:title\" content=\"Botte de caoutchouc - A4148-11 - Le Magasin Industriel\" \/>\n<meta property=\"og:description\" content=\"Botte de caoutchouc - A4148-11 est une cuissarde de 29 pouces, con\u00e7ue pour offrir une protection int\u00e9grale dans les milieux industriels et agricoles\" \/>\n<meta property=\"og:url\" content=\"https:\/\/autravail.ca\/en\/product\/botte-de-caoutchouc-a4148-11\/\" \/>\n<meta property=\"og:site_name\" content=\"Le Magasin Industriel\" \/>\n<meta property=\"article:publisher\" content=\"https:\/\/www.facebook.com\/lemagasinindustriel\/?locale=fr_FR\" \/>\n<meta property=\"article:modified_time\" content=\"2026-03-05T17:50:12+00:00\" \/>\n<meta property=\"og:image\" content=\"https:\/\/autravail.ca\/wp-content\/uploads\/2025\/05\/A4148-11_A01-1.jpg\" \/>\n\t<meta property=\"og:image:width\" content=\"1000\" \/>\n\t<meta property=\"og:image:height\" content=\"1000\" \/>\n\t<meta property=\"og:image:type\" content=\"image\/jpeg\" \/>\n<meta name=\"twitter:card\" content=\"summary_large_image\" \/>\n<meta name=\"twitter:label1\" content=\"Est. reading time\" \/>\n\t<meta name=\"twitter:data1\" content=\"2 minutes\" \/>\n<script type=\"application\/ld+json\" class=\"yoast-schema-graph\">{\"@context\":\"https:\/\/schema.org\",\"@graph\":[{\"@type\":\"WebPage\",\"@id\":\"https:\/\/autravail.ca\/product\/botte-de-caoutchouc-a4148-11\/\",\"url\":\"https:\/\/autravail.ca\/product\/botte-de-caoutchouc-a4148-11\/\",\"name\":\"Botte de caoutchouc - A4148-11 - Le Magasin Industriel\",\"isPartOf\":{\"@id\":\"https:\/\/autravail.ca\/#website\"},\"primaryImageOfPage\":{\"@id\":\"https:\/\/autravail.ca\/product\/botte-de-caoutchouc-a4148-11\/#primaryimage\"},\"image\":{\"@id\":\"https:\/\/autravail.ca\/product\/botte-de-caoutchouc-a4148-11\/#primaryimage\"},\"thumbnailUrl\":\"https:\/\/autravail.ca\/wp-content\/uploads\/2025\/05\/A4148-11_A01-1.jpg\",\"datePublished\":\"2025-05-08T06:23:31+00:00\",\"dateModified\":\"2026-03-05T17:50:12+00:00\",\"description\":\"Botte de caoutchouc - A4148-11 est une cuissarde de 29 pouces, con\u00e7ue pour offrir une protection int\u00e9grale dans les milieux industriels et agricoles\",\"breadcrumb\":{\"@id\":\"https:\/\/autravail.ca\/product\/botte-de-caoutchouc-a4148-11\/#breadcrumb\"},\"inLanguage\":\"en-CA\",\"potentialAction\":[{\"@type\":\"ReadAction\",\"target\":[\"https:\/\/autravail.ca\/product\/botte-de-caoutchouc-a4148-11\/\"]}]},{\"@type\":\"ImageObject\",\"inLanguage\":\"en-CA\",\"@id\":\"https:\/\/autravail.ca\/product\/botte-de-caoutchouc-a4148-11\/#primaryimage\",\"url\":\"https:\/\/autravail.ca\/wp-content\/uploads\/2025\/05\/A4148-11_A01-1.jpg\",\"contentUrl\":\"https:\/\/autravail.ca\/wp-content\/uploads\/2025\/05\/A4148-11_A01-1.jpg\",\"width\":1000,\"height\":1000,\"caption\":\"Botte de caoutchouc - A4148-11\"},{\"@type\":\"BreadcrumbList\",\"@id\":\"https:\/\/autravail.ca\/product\/botte-de-caoutchouc-a4148-11\/#breadcrumb\",\"itemListElement\":[{\"@type\":\"ListItem\",\"position\":1,\"name\":\"Accueil\",\"item\":\"https:\/\/autravail.ca\/\"},{\"@type\":\"ListItem\",\"position\":2,\"name\":\"Magasin\",\"item\":\"https:\/\/autravail.ca\/en\/shop\/\"},{\"@type\":\"ListItem\",\"position\":3,\"name\":\"Botte de caoutchouc &#8211; A4148-11\"}]},{\"@type\":\"WebSite\",\"@id\":\"https:\/\/autravail.ca\/#website\",\"url\":\"https:\/\/autravail.ca\/\",\"name\":\"Le Magasin Industriel\",\"description\":\"50 ans de tradition de s\u00e9curit\u00e9 au travail\",\"publisher\":{\"@id\":\"https:\/\/autravail.ca\/#organization\"},\"potentialAction\":[{\"@type\":\"SearchAction\",\"target\":{\"@type\":\"EntryPoint\",\"urlTemplate\":\"https:\/\/autravail.ca\/?s={search_term_string}\"},\"query-input\":{\"@type\":\"PropertyValueSpecification\",\"valueRequired\":true,\"valueName\":\"search_term_string\"}}],\"inLanguage\":\"en-CA\"},{\"@type\":\"Organization\",\"@id\":\"https:\/\/autravail.ca\/#organization\",\"name\":\"Le Magasin Industriel\",\"url\":\"https:\/\/autravail.ca\/\",\"logo\":{\"@type\":\"ImageObject\",\"inLanguage\":\"en-CA\",\"@id\":\"https:\/\/autravail.ca\/#\/schema\/logo\/image\/\",\"url\":\"https:\/\/autravail.ca\/wp-content\/uploads\/2025\/05\/cropped-magasin_industriel_120x.avif\",\"contentUrl\":\"https:\/\/autravail.ca\/wp-content\/uploads\/2025\/05\/cropped-magasin_industriel_120x.avif\",\"width\":120,\"height\":24,\"caption\":\"Le Magasin Industriel\"},\"image\":{\"@id\":\"https:\/\/autravail.ca\/#\/schema\/logo\/image\/\"},\"sameAs\":[\"https:\/\/www.facebook.com\/lemagasinindustriel\/?locale=fr_FR\"]}]}<\/script>\n<!-- \/ Yoast SEO plugin. -->","yoast_head_json":{"title":"Botte de caoutchouc - A4148-11 - Le Magasin Industriel","description":"Botte de caoutchouc - A4148-11 est une cuissarde de 29 pouces, con\u00e7ue pour offrir une protection int\u00e9grale dans les milieux industriels et agricoles","robots":{"index":"index","follow":"follow","max-snippet":"max-snippet:-1","max-image-preview":"max-image-preview:large","max-video-preview":"max-video-preview:-1"},"canonical":"https:\/\/autravail.ca\/en\/product\/botte-de-caoutchouc-a4148-11\/","og_locale":"en_US","og_type":"article","og_title":"Botte de caoutchouc - A4148-11 - Le Magasin Industriel","og_description":"Botte de caoutchouc - A4148-11 est une cuissarde de 29 pouces, con\u00e7ue pour offrir une protection int\u00e9grale dans les milieux industriels et agricoles","og_url":"https:\/\/autravail.ca\/en\/product\/botte-de-caoutchouc-a4148-11\/","og_site_name":"Le Magasin Industriel","article_publisher":"https:\/\/www.facebook.com\/lemagasinindustriel\/?locale=fr_FR","article_modified_time":"2026-03-05T17:50:12+00:00","og_image":[{"width":1000,"height":1000,"url":"https:\/\/autravail.ca\/wp-content\/uploads\/2025\/05\/A4148-11_A01-1.jpg","type":"image\/jpeg"}],"twitter_card":"summary_large_image","twitter_misc":{"Est. reading time":"2 minutes"},"schema":{"@context":"https:\/\/schema.org","@graph":[{"@type":"WebPage","@id":"https:\/\/autravail.ca\/product\/botte-de-caoutchouc-a4148-11\/","url":"https:\/\/autravail.ca\/product\/botte-de-caoutchouc-a4148-11\/","name":"Botte de caoutchouc - A4148-11 - Le Magasin Industriel","isPartOf":{"@id":"https:\/\/autravail.ca\/#website"},"primaryImageOfPage":{"@id":"https:\/\/autravail.ca\/product\/botte-de-caoutchouc-a4148-11\/#primaryimage"},"image":{"@id":"https:\/\/autravail.ca\/product\/botte-de-caoutchouc-a4148-11\/#primaryimage"},"thumbnailUrl":"https:\/\/autravail.ca\/wp-content\/uploads\/2025\/05\/A4148-11_A01-1.jpg","datePublished":"2025-05-08T06:23:31+00:00","dateModified":"2026-03-05T17:50:12+00:00","description":"Botte de caoutchouc - A4148-11 est une cuissarde de 29 pouces, con\u00e7ue pour offrir une protection int\u00e9grale dans les milieux industriels et agricoles","breadcrumb":{"@id":"https:\/\/autravail.ca\/product\/botte-de-caoutchouc-a4148-11\/#breadcrumb"},"inLanguage":"en-CA","potentialAction":[{"@type":"ReadAction","target":["https:\/\/autravail.ca\/product\/botte-de-caoutchouc-a4148-11\/"]}]},{"@type":"ImageObject","inLanguage":"en-CA","@id":"https:\/\/autravail.ca\/product\/botte-de-caoutchouc-a4148-11\/#primaryimage","url":"https:\/\/autravail.ca\/wp-content\/uploads\/2025\/05\/A4148-11_A01-1.jpg","contentUrl":"https:\/\/autravail.ca\/wp-content\/uploads\/2025\/05\/A4148-11_A01-1.jpg","width":1000,"height":1000,"caption":"Botte de caoutchouc - A4148-11"},{"@type":"BreadcrumbList","@id":"https:\/\/autravail.ca\/product\/botte-de-caoutchouc-a4148-11\/#breadcrumb","itemListElement":[{"@type":"ListItem","position":1,"name":"Accueil","item":"https:\/\/autravail.ca\/"},{"@type":"ListItem","position":2,"name":"Magasin","item":"https:\/\/autravail.ca\/en\/shop\/"},{"@type":"ListItem","position":3,"name":"Botte de caoutchouc &#8211; A4148-11"}]},{"@type":"WebSite","@id":"https:\/\/autravail.ca\/#website","url":"https:\/\/autravail.ca\/","name":"Le Magasin Industriel","description":"50 ans de tradition de s\u00e9curit\u00e9 au travail","publisher":{"@id":"https:\/\/autravail.ca\/#organization"},"potentialAction":[{"@type":"SearchAction","target":{"@type":"EntryPoint","urlTemplate":"https:\/\/autravail.ca\/?s={search_term_string}"},"query-input":{"@type":"PropertyValueSpecification","valueRequired":true,"valueName":"search_term_string"}}],"inLanguage":"en-CA"},{"@type":"Organization","@id":"https:\/\/autravail.ca\/#organization","name":"Le Magasin Industriel","url":"https:\/\/autravail.ca\/","logo":{"@type":"ImageObject","inLanguage":"en-CA","@id":"https:\/\/autravail.ca\/#\/schema\/logo\/image\/","url":"https:\/\/autravail.ca\/wp-content\/uploads\/2025\/05\/cropped-magasin_industriel_120x.avif","contentUrl":"https:\/\/autravail.ca\/wp-content\/uploads\/2025\/05\/cropped-magasin_industriel_120x.avif","width":120,"height":24,"caption":"Le Magasin Industriel"},"image":{"@id":"https:\/\/autravail.ca\/#\/schema\/logo\/image\/"},"sameAs":["https:\/\/www.facebook.com\/lemagasinindustriel\/?locale=fr_FR"]}]}},"_links":{"self":[{"href":"https:\/\/autravail.ca\/en\/wp-json\/wp\/v2\/product\/27801","targetHints":{"allow":["GET"]}}],"collection":[{"href":"https:\/\/autravail.ca\/en\/wp-json\/wp\/v2\/product"}],"about":[{"href":"https:\/\/autravail.ca\/en\/wp-json\/wp\/v2\/types\/product"}],"replies":[{"embeddable":true,"href":"https:\/\/autravail.ca\/en\/wp-json\/wp\/v2\/comments?post=27801"}],"wp:featuredmedia":[{"embeddable":true,"href":"https:\/\/autravail.ca\/en\/wp-json\/wp\/v2\/media\/44859"}],"wp:attachment":[{"href":"https:\/\/autravail.ca\/en\/wp-json\/wp\/v2\/media?parent=27801"}],"wp:term":[{"taxonomy":"product_cat","embeddable":true,"href":"https:\/\/autravail.ca\/en\/wp-json\/wp\/v2\/product_cat?post=27801"},{"taxonomy":"product_tag","embeddable":true,"href":"https:\/\/autravail.ca\/en\/wp-json\/wp\/v2\/product_tag?post=27801"}],"curies":[{"name":"wp","href":"https:\/\/api.w.org\/{rel}","templated":true}]}}