{"id":27800,"date":"2025-05-08T06:23:31","date_gmt":"2025-05-08T06:23:31","guid":{"rendered":"https:\/\/meteoquebec.ca\/?post_type=product&#038;p=27800"},"modified":"2026-03-05T13:37:01","modified_gmt":"2026-03-05T17:37:01","slug":"botte-de-caoutchouc-a4135b-11","status":"publish","type":"product","link":"https:\/\/autravail.ca\/en\/product\/botte-de-caoutchouc-a4135b-11\/","title":{"rendered":"Botte de caoutchouc &#8211; A4135B-11"},"content":{"rendered":"<h3>Botte de caoutchouc &#8211; A4135B-11<\/h3>\n<p>Botte de caoutchouc &#8211; A4135B-11 Protecto 2.0 de <a href=\"https:\/\/autravail.ca\/en\/product-brand\/acton\/\">Acton<\/a> est une botte de s\u00e9curit\u00e9 de 15 pouces con\u00e7ue pour offrir une protection int\u00e9grale dans les milieux de travail les plus rudes. Bien que la r\u00e9f\u00e9rence se termine par \u00ab\u00a0-11\u00a0\u00bb, il s&rsquo;agit d&rsquo;une d\u00e9signation technique qui peut pr\u00eater \u00e0 confusion : elle correspond en r\u00e9alit\u00e9 \u00e0 la version standard de 15 pouces (38 cm) de la s\u00e9rie Protecto, souvent associ\u00e9e \u00e0 la pointure 11 dans certains inventaires de distributeurs.<span class=\"uJ19be notranslate\" data-wiz-uids=\"dupAwb_g,dupAwb_h\" data-sfc-cb=\"\" data-complete=\"true\" data-processed=\"true\"><span class=\"vKEkVd\" data-animation-atomic=\"\" data-wiz-attrbind=\"class=dupAwb_f\/TKHnVd\" data-sae=\"\"><span aria-hidden=\"true\" aria-owns=\"action-menu-parent-container\"> Cette botte de travail en caoutchouc naturel imperm\u00e9able et antid\u00e9rapante, avec semelle et embout certifi\u00e9s CSA ESR, est r\u00e9sistante au lisier, aux huiles et \u00e0 la plupart des produits chimiques.<\/span><\/span><\/span><\/p>\n<p><img decoding=\"async\" class=\"alignnone size-full wp-image-40117\" src=\"https:\/\/autravail.ca\/wp-content\/uploads\/2025\/09\/Certification-Omega-Triangle-vert.jpg\" alt=\"Certifications Om\u00e9ga Triangle vert\" width=\"193\" height=\"110\" srcset=\"https:\/\/autravail.ca\/wp-content\/uploads\/2025\/09\/Certification-Omega-Triangle-vert.jpg 193w, https:\/\/autravail.ca\/wp-content\/uploads\/2025\/09\/Certification-Omega-Triangle-vert-150x85.jpg 150w, https:\/\/autravail.ca\/wp-content\/uploads\/2025\/09\/Certification-Omega-Triangle-vert-18x10.jpg 18w\" sizes=\"(max-width: 193px) 100vw, 193px\" \/><\/p>\n<h6>Characteristics:<\/h6>\n<ul>\n<li><span dir=\"auto\"><span dir=\"auto\">Hauteur : 15&Prime; \/ 38 cm<\/span><\/span><\/li>\n<li><span dir=\"auto\"><span dir=\"auto\">Tige en caoutchouc naturel imperm\u00e9able, r\u00e9sistante au fumier, \u00e0 l&rsquo;huile et \u00e0 la plupart des produits chimiques.<\/span><\/span><\/li>\n<li><span dir=\"auto\"><span dir=\"auto\">Botte isolante et confortable doubl\u00e9e de n\u00e9opr\u00e8ne avec traitement antimicrobien.<\/span><\/span><\/li>\n<li><span dir=\"auto\"><span dir=\"auto\">Embout de protection en acier et semelle anti-perforation en composite l\u00e9ger et non conducteur.<\/span><\/span><\/li>\n<li><span dir=\"auto\"><span dir=\"auto\">Tige en fibre de verre.<\/span><\/span><\/li>\n<li><span dir=\"auto\"><span dir=\"auto\">Semelle ext\u00e9rieure en caoutchouc naturel adh\u00e9rent, non marquant, stable et r\u00e9sistante \u00e0 l&rsquo;abrasion.<\/span><\/span><\/li>\n<li><span dir=\"auto\"><span dir=\"auto\">Peut \u00eatre port\u00e9 avec des chaussettes Neo Sox.<\/span><\/span><\/li>\n<li><span dir=\"auto\"><span dir=\"auto\">Propos\u00e9 avec une semelle int\u00e9rieure amovible.<\/span><\/span><\/li>\n<\/ul>\n<p><em><span style=\"color: #fa0b0b;\">Unisex U.S. men's sizes presented. To convert to U.S. women's size, add 2 sizes. Example: 5 U.S. men = 7 U.S. women<\/span><\/em><\/p>\n<p><img decoding=\"async\" class=\"alignnone wp-image-40620\" src=\"https:\/\/autravail.ca\/wp-content\/uploads\/2025\/09\/Jachete-quebec-et-canada.jpg\" alt=\"Logo de l'achat local\" width=\"162\" height=\"139\" \/>Merci d&rsquo;encourager une entreprise 100% d&rsquo;ici!<\/p>\n<p>TS2603H<\/p>","protected":false},"excerpt":{"rendered":"<p>Botte de caoutchouc &#8211; A4135B-11 Botte de caoutchouc &#8211; A4135B-11 Protecto 2.0 de Acton est une botte de s\u00e9curit\u00e9 de 15 pouces con\u00e7ue pour offrir une protection int\u00e9grale dans les milieux de travail les plus rudes. Bien que la r\u00e9f\u00e9rence se termine par \u00ab\u00a0-11\u00a0\u00bb, il s&rsquo;agit d&rsquo;une d\u00e9signation technique qui peut pr\u00eater \u00e0 confusion : [&hellip;]<\/p>","protected":false},"featured_media":44856,"comment_status":"open","ping_status":"closed","template":"","meta":[],"product_cat":[685],"product_tag":[242],"class_list":{"0":"post-27800","1":"product","2":"type-product","3":"status-publish","4":"has-post-thumbnail","6":"product_brand-acton","7":"product_cat-bottes-de-pluie","8":"product_tag-homme","10":"first","11":"instock","12":"taxable","13":"shipping-taxable","14":"purchasable","15":"product-type-variable"},"yoast_head":"<!-- This site is optimized with the Yoast SEO plugin v25.3.1 - https:\/\/yoast.com\/wordpress\/plugins\/seo\/ -->\n<title>Botte de caoutchouc - A4135B-11 - Le Magasin Industriel<\/title>\n<meta name=\"description\" content=\"Botte de caoutchouc - A4135B-11 de 15 pouces con\u00e7ue pour offrir une protection int\u00e9grale dans les milieux de travail les plus rudes\" \/>\n<meta name=\"robots\" content=\"index, follow, max-snippet:-1, max-image-preview:large, max-video-preview:-1\" \/>\n<link rel=\"canonical\" href=\"https:\/\/autravail.ca\/en\/product\/botte-de-caoutchouc-a4135b-11\/\" \/>\n<meta property=\"og:locale\" content=\"en_US\" \/>\n<meta property=\"og:type\" content=\"article\" \/>\n<meta property=\"og:title\" content=\"Botte de caoutchouc - A4135B-11 - Le Magasin Industriel\" \/>\n<meta property=\"og:description\" content=\"Botte de caoutchouc - A4135B-11 de 15 pouces con\u00e7ue pour offrir une protection int\u00e9grale dans les milieux de travail les plus rudes\" \/>\n<meta property=\"og:url\" content=\"https:\/\/autravail.ca\/en\/product\/botte-de-caoutchouc-a4135b-11\/\" \/>\n<meta property=\"og:site_name\" content=\"Le Magasin Industriel\" \/>\n<meta property=\"article:publisher\" content=\"https:\/\/www.facebook.com\/lemagasinindustriel\/?locale=fr_FR\" \/>\n<meta property=\"article:modified_time\" content=\"2026-03-05T17:37:01+00:00\" \/>\n<meta property=\"og:image\" content=\"https:\/\/autravail.ca\/wp-content\/uploads\/2025\/05\/A4135-11_A01-2.jpg\" \/>\n\t<meta property=\"og:image:width\" content=\"1000\" \/>\n\t<meta property=\"og:image:height\" content=\"1000\" \/>\n\t<meta property=\"og:image:type\" content=\"image\/jpeg\" \/>\n<meta name=\"twitter:card\" content=\"summary_large_image\" \/>\n<meta name=\"twitter:label1\" content=\"Est. reading time\" \/>\n\t<meta name=\"twitter:data1\" content=\"2 minutes\" \/>\n<script type=\"application\/ld+json\" class=\"yoast-schema-graph\">{\"@context\":\"https:\/\/schema.org\",\"@graph\":[{\"@type\":\"WebPage\",\"@id\":\"https:\/\/autravail.ca\/product\/botte-de-caoutchouc-a4135b-11\/\",\"url\":\"https:\/\/autravail.ca\/product\/botte-de-caoutchouc-a4135b-11\/\",\"name\":\"Botte de caoutchouc - A4135B-11 - Le Magasin Industriel\",\"isPartOf\":{\"@id\":\"https:\/\/autravail.ca\/#website\"},\"primaryImageOfPage\":{\"@id\":\"https:\/\/autravail.ca\/product\/botte-de-caoutchouc-a4135b-11\/#primaryimage\"},\"image\":{\"@id\":\"https:\/\/autravail.ca\/product\/botte-de-caoutchouc-a4135b-11\/#primaryimage\"},\"thumbnailUrl\":\"https:\/\/autravail.ca\/wp-content\/uploads\/2025\/05\/A4135-11_A01-2.jpg\",\"datePublished\":\"2025-05-08T06:23:31+00:00\",\"dateModified\":\"2026-03-05T17:37:01+00:00\",\"description\":\"Botte de caoutchouc - A4135B-11 de 15 pouces con\u00e7ue pour offrir une protection int\u00e9grale dans les milieux de travail les plus rudes\",\"breadcrumb\":{\"@id\":\"https:\/\/autravail.ca\/product\/botte-de-caoutchouc-a4135b-11\/#breadcrumb\"},\"inLanguage\":\"en-CA\",\"potentialAction\":[{\"@type\":\"ReadAction\",\"target\":[\"https:\/\/autravail.ca\/product\/botte-de-caoutchouc-a4135b-11\/\"]}]},{\"@type\":\"ImageObject\",\"inLanguage\":\"en-CA\",\"@id\":\"https:\/\/autravail.ca\/product\/botte-de-caoutchouc-a4135b-11\/#primaryimage\",\"url\":\"https:\/\/autravail.ca\/wp-content\/uploads\/2025\/05\/A4135-11_A01-2.jpg\",\"contentUrl\":\"https:\/\/autravail.ca\/wp-content\/uploads\/2025\/05\/A4135-11_A01-2.jpg\",\"width\":1000,\"height\":1000},{\"@type\":\"BreadcrumbList\",\"@id\":\"https:\/\/autravail.ca\/product\/botte-de-caoutchouc-a4135b-11\/#breadcrumb\",\"itemListElement\":[{\"@type\":\"ListItem\",\"position\":1,\"name\":\"Accueil\",\"item\":\"https:\/\/autravail.ca\/\"},{\"@type\":\"ListItem\",\"position\":2,\"name\":\"Magasin\",\"item\":\"https:\/\/autravail.ca\/en\/shop\/\"},{\"@type\":\"ListItem\",\"position\":3,\"name\":\"Botte de caoutchouc &#8211; A4135B-11\"}]},{\"@type\":\"WebSite\",\"@id\":\"https:\/\/autravail.ca\/#website\",\"url\":\"https:\/\/autravail.ca\/\",\"name\":\"Le Magasin Industriel\",\"description\":\"50 ans de tradition de s\u00e9curit\u00e9 au travail\",\"publisher\":{\"@id\":\"https:\/\/autravail.ca\/#organization\"},\"potentialAction\":[{\"@type\":\"SearchAction\",\"target\":{\"@type\":\"EntryPoint\",\"urlTemplate\":\"https:\/\/autravail.ca\/?s={search_term_string}\"},\"query-input\":{\"@type\":\"PropertyValueSpecification\",\"valueRequired\":true,\"valueName\":\"search_term_string\"}}],\"inLanguage\":\"en-CA\"},{\"@type\":\"Organization\",\"@id\":\"https:\/\/autravail.ca\/#organization\",\"name\":\"Le Magasin Industriel\",\"url\":\"https:\/\/autravail.ca\/\",\"logo\":{\"@type\":\"ImageObject\",\"inLanguage\":\"en-CA\",\"@id\":\"https:\/\/autravail.ca\/#\/schema\/logo\/image\/\",\"url\":\"https:\/\/autravail.ca\/wp-content\/uploads\/2025\/05\/cropped-magasin_industriel_120x.avif\",\"contentUrl\":\"https:\/\/autravail.ca\/wp-content\/uploads\/2025\/05\/cropped-magasin_industriel_120x.avif\",\"width\":120,\"height\":24,\"caption\":\"Le Magasin Industriel\"},\"image\":{\"@id\":\"https:\/\/autravail.ca\/#\/schema\/logo\/image\/\"},\"sameAs\":[\"https:\/\/www.facebook.com\/lemagasinindustriel\/?locale=fr_FR\"]}]}<\/script>\n<!-- \/ Yoast SEO plugin. -->","yoast_head_json":{"title":"Botte de caoutchouc - A4135B-11 - Le Magasin Industriel","description":"Botte de caoutchouc - A4135B-11 de 15 pouces con\u00e7ue pour offrir une protection int\u00e9grale dans les milieux de travail les plus rudes","robots":{"index":"index","follow":"follow","max-snippet":"max-snippet:-1","max-image-preview":"max-image-preview:large","max-video-preview":"max-video-preview:-1"},"canonical":"https:\/\/autravail.ca\/en\/product\/botte-de-caoutchouc-a4135b-11\/","og_locale":"en_US","og_type":"article","og_title":"Botte de caoutchouc - A4135B-11 - Le Magasin Industriel","og_description":"Botte de caoutchouc - A4135B-11 de 15 pouces con\u00e7ue pour offrir une protection int\u00e9grale dans les milieux de travail les plus rudes","og_url":"https:\/\/autravail.ca\/en\/product\/botte-de-caoutchouc-a4135b-11\/","og_site_name":"Le Magasin Industriel","article_publisher":"https:\/\/www.facebook.com\/lemagasinindustriel\/?locale=fr_FR","article_modified_time":"2026-03-05T17:37:01+00:00","og_image":[{"width":1000,"height":1000,"url":"https:\/\/autravail.ca\/wp-content\/uploads\/2025\/05\/A4135-11_A01-2.jpg","type":"image\/jpeg"}],"twitter_card":"summary_large_image","twitter_misc":{"Est. reading time":"2 minutes"},"schema":{"@context":"https:\/\/schema.org","@graph":[{"@type":"WebPage","@id":"https:\/\/autravail.ca\/product\/botte-de-caoutchouc-a4135b-11\/","url":"https:\/\/autravail.ca\/product\/botte-de-caoutchouc-a4135b-11\/","name":"Botte de caoutchouc - A4135B-11 - Le Magasin Industriel","isPartOf":{"@id":"https:\/\/autravail.ca\/#website"},"primaryImageOfPage":{"@id":"https:\/\/autravail.ca\/product\/botte-de-caoutchouc-a4135b-11\/#primaryimage"},"image":{"@id":"https:\/\/autravail.ca\/product\/botte-de-caoutchouc-a4135b-11\/#primaryimage"},"thumbnailUrl":"https:\/\/autravail.ca\/wp-content\/uploads\/2025\/05\/A4135-11_A01-2.jpg","datePublished":"2025-05-08T06:23:31+00:00","dateModified":"2026-03-05T17:37:01+00:00","description":"Botte de caoutchouc - A4135B-11 de 15 pouces con\u00e7ue pour offrir une protection int\u00e9grale dans les milieux de travail les plus rudes","breadcrumb":{"@id":"https:\/\/autravail.ca\/product\/botte-de-caoutchouc-a4135b-11\/#breadcrumb"},"inLanguage":"en-CA","potentialAction":[{"@type":"ReadAction","target":["https:\/\/autravail.ca\/product\/botte-de-caoutchouc-a4135b-11\/"]}]},{"@type":"ImageObject","inLanguage":"en-CA","@id":"https:\/\/autravail.ca\/product\/botte-de-caoutchouc-a4135b-11\/#primaryimage","url":"https:\/\/autravail.ca\/wp-content\/uploads\/2025\/05\/A4135-11_A01-2.jpg","contentUrl":"https:\/\/autravail.ca\/wp-content\/uploads\/2025\/05\/A4135-11_A01-2.jpg","width":1000,"height":1000},{"@type":"BreadcrumbList","@id":"https:\/\/autravail.ca\/product\/botte-de-caoutchouc-a4135b-11\/#breadcrumb","itemListElement":[{"@type":"ListItem","position":1,"name":"Accueil","item":"https:\/\/autravail.ca\/"},{"@type":"ListItem","position":2,"name":"Magasin","item":"https:\/\/autravail.ca\/en\/shop\/"},{"@type":"ListItem","position":3,"name":"Botte de caoutchouc &#8211; A4135B-11"}]},{"@type":"WebSite","@id":"https:\/\/autravail.ca\/#website","url":"https:\/\/autravail.ca\/","name":"Le Magasin Industriel","description":"50 ans de tradition de s\u00e9curit\u00e9 au travail","publisher":{"@id":"https:\/\/autravail.ca\/#organization"},"potentialAction":[{"@type":"SearchAction","target":{"@type":"EntryPoint","urlTemplate":"https:\/\/autravail.ca\/?s={search_term_string}"},"query-input":{"@type":"PropertyValueSpecification","valueRequired":true,"valueName":"search_term_string"}}],"inLanguage":"en-CA"},{"@type":"Organization","@id":"https:\/\/autravail.ca\/#organization","name":"Le Magasin Industriel","url":"https:\/\/autravail.ca\/","logo":{"@type":"ImageObject","inLanguage":"en-CA","@id":"https:\/\/autravail.ca\/#\/schema\/logo\/image\/","url":"https:\/\/autravail.ca\/wp-content\/uploads\/2025\/05\/cropped-magasin_industriel_120x.avif","contentUrl":"https:\/\/autravail.ca\/wp-content\/uploads\/2025\/05\/cropped-magasin_industriel_120x.avif","width":120,"height":24,"caption":"Le Magasin Industriel"},"image":{"@id":"https:\/\/autravail.ca\/#\/schema\/logo\/image\/"},"sameAs":["https:\/\/www.facebook.com\/lemagasinindustriel\/?locale=fr_FR"]}]}},"jetpack_sharing_enabled":true,"_links":{"self":[{"href":"https:\/\/autravail.ca\/en\/wp-json\/wp\/v2\/product\/27800","targetHints":{"allow":["GET"]}}],"collection":[{"href":"https:\/\/autravail.ca\/en\/wp-json\/wp\/v2\/product"}],"about":[{"href":"https:\/\/autravail.ca\/en\/wp-json\/wp\/v2\/types\/product"}],"replies":[{"embeddable":true,"href":"https:\/\/autravail.ca\/en\/wp-json\/wp\/v2\/comments?post=27800"}],"wp:featuredmedia":[{"embeddable":true,"href":"https:\/\/autravail.ca\/en\/wp-json\/wp\/v2\/media\/44856"}],"wp:attachment":[{"href":"https:\/\/autravail.ca\/en\/wp-json\/wp\/v2\/media?parent=27800"}],"wp:term":[{"taxonomy":"product_cat","embeddable":true,"href":"https:\/\/autravail.ca\/en\/wp-json\/wp\/v2\/product_cat?post=27800"},{"taxonomy":"product_tag","embeddable":true,"href":"https:\/\/autravail.ca\/en\/wp-json\/wp\/v2\/product_tag?post=27800"}],"curies":[{"name":"wp","href":"https:\/\/api.w.org\/{rel}","templated":true}]}}