{"id":27743,"date":"2025-05-08T06:23:11","date_gmt":"2025-05-08T06:23:11","guid":{"rendered":"https:\/\/meteoquebec.ca\/?post_type=product&#038;p=27743"},"modified":"2026-02-17T16:24:56","modified_gmt":"2026-02-17T20:24:56","slug":"soulier-de-travail-jamie-4085","status":"publish","type":"product","link":"https:\/\/autravail.ca\/en\/product\/soulier-de-travail-jamie-4085\/","title":{"rendered":"Soulier de travail Jamie &#8211; 4085"},"content":{"rendered":"<h3>Soulier de travail Jamie &#8211; 4085<\/h3>\n<p>Soulier de travail Jamie &#8211; 4085 de <a href=\"https:\/\/autravail.ca\/wp-admin\/edit-tags.php?taxonomy=product_brand&amp;post_type=product&amp;s=mellow+walk\">Mellow Walk<\/a> est un soulier de s\u00e9curit\u00e9 de type \u00ab fl\u00e2neur \u00bb (<em class=\"eujQNb\" data-complete=\"true\">slip-on<\/em>) pour femme, con\u00e7u pour offrir un look d\u00e9contract\u00e9 et europ\u00e9en tout en respectant les normes industrielles. Ce mod\u00e8le est particuli\u00e8rement adapt\u00e9 aux environnements int\u00e9rieurs (pharmaceutique, h\u00f4tellerie, logistique) o\u00f9 la protection contre l&rsquo;\u00e9lectricit\u00e9 statique est cruciale.<\/p>\n<p><img decoding=\"async\" class=\"alignnone size-full wp-image-40140\" src=\"https:\/\/autravail.ca\/wp-content\/uploads\/2025\/05\/Certification-SD-Carre-bleu.jpg\" alt=\"Logo de la certification CSA carr\u00e9 bleu et SD\" width=\"222\" height=\"124\" srcset=\"https:\/\/autravail.ca\/wp-content\/uploads\/2025\/05\/Certification-SD-Carre-bleu.jpg 222w, https:\/\/autravail.ca\/wp-content\/uploads\/2025\/05\/Certification-SD-Carre-bleu-150x84.jpg 150w, https:\/\/autravail.ca\/wp-content\/uploads\/2025\/05\/Certification-SD-Carre-bleu-18x10.jpg 18w\" sizes=\"(max-width: 222px) 100vw, 222px\" \/><\/p>\n<h6>Characteristics:<\/h6>\n<div class=\"product-safetyhighlights-section\">\n<ul>\n<li><span dir=\"auto\">Dissipatif statique (SD+) : (moins de 35 m\u00e9gaohms)<\/span><\/li>\n<li><span dir=\"auto\">R\u00e9sistant aux huiles et aux acides<\/span><\/li>\n<li><span dir=\"auto\">Antid\u00e9rapant<\/span><\/li>\n<li><span dir=\"auto\"><span dir=\"auto\">Largeur &#8211; E con\u00e7ue sur une forme de pied f\u00e9minin pour un ajustement plus spacieux<\/span><\/span><\/li>\n<li><span dir=\"auto\"><span dir=\"auto\">Tige en cuir pleine fleur ou Microfibre technique, offrant durabilit\u00e9 et souplesse<\/span><\/span><\/li>\n<li><span dir=\"auto\"><span dir=\"auto\">Doublure synth\u00e9tique Drilex ou \u00e9quivalent pour une gestion de l&rsquo;humidit\u00e9 et semelle int\u00e9rieure avec soutien de la vo\u00fbte plantaire<\/span><\/span><\/li>\n<li><span dir=\"auto\"><span dir=\"auto\">Mat\u00e9riau de la semelle ext\u00e9rieure\u00a0: polyur\u00e9thane double densit\u00e9<\/span><\/span><\/li>\n<li><span dir=\"auto\"><span dir=\"auto\">Embout de s\u00e9curit\u00e9 en acier grade 1 CSA<\/span><\/span><\/li>\n<li><span dir=\"auto\"><span dir=\"auto\">Semelle int\u00e9rieure &#8211; Demi-chaussette antistatique en PU con\u00e7ue pour dissiper l&rsquo;accumulation d&rsquo;\u00e9lectricit\u00e9 statique<\/span><\/span><\/li>\n<li><span dir=\"auto\"><span dir=\"auto\">Construction &#8211; Semelle ciment\u00e9e \/ cousue \u00e0 points nou\u00e9s<\/span><\/span><\/li>\n<li><span dir=\"auto\"><span dir=\"auto\">Sans marquage &#8211; Oui<\/span><\/span><\/li>\n<li>Conforme aux normes CSA Z195-11 et ASTM F2413<\/li>\n<\/ul>\n<h6 class=\"otQkpb\" role=\"heading\" aria-level=\"3\" data-complete=\"true\" data-processed=\"true\">Avis et R\u00e9putation<\/h6>\n<ul class=\"KsbFXc U6u95\" data-complete=\"true\" data-processed=\"true\">\n<li data-hveid=\"CAEIChAA\" data-complete=\"true\" data-sae=\"\"><span class=\"T286Pc\" data-sfc-cp=\"\" data-complete=\"true\"><strong class=\"Yjhzub\" data-complete=\"true\">Fabrication<\/strong>\u00a0: Fabriqu\u00e9e au\u00a0<strong class=\"Yjhzub\" data-complete=\"true\">Canada<\/strong>.<\/span><\/li>\n<li data-hveid=\"CAEIChAB\" data-complete=\"true\" data-sae=\"\"><span class=\"T286Pc\" data-sfc-cp=\"\" data-complete=\"true\" aria-owns=\"action-menu-parent-container\"><strong class=\"Yjhzub\" data-complete=\"true\">Points forts<\/strong>\u00a0: Elle est souvent d\u00e9crite comme une chaussure l\u00e9g\u00e8re et confortable pour de longues journ\u00e9es debout, ne ressemblant pas \u00e0 une chaussure de s\u00e9curit\u00e9 traditionnelle.<\/span><\/li>\n<\/ul>\n<\/div>\n<p><img decoding=\"async\" class=\"alignnone wp-image-40620\" src=\"https:\/\/autravail.ca\/wp-content\/uploads\/2025\/09\/Jachete-quebec-et-canada.jpg\" alt=\"Logo de l'achat local\" width=\"162\" height=\"139\" \/>Merci d&rsquo;encourager une entreprise 100% d&rsquo;ici!<\/p>\n<p>TS2602H<\/p>","protected":false},"excerpt":{"rendered":"<p>Soulier de travail Jamie &#8211; 4085 Soulier de travail Jamie &#8211; 4085 de Mellow Walk est un soulier de s\u00e9curit\u00e9 de type \u00ab fl\u00e2neur \u00bb (slip-on) pour femme, con\u00e7u pour offrir un look d\u00e9contract\u00e9 et europ\u00e9en tout en respectant les normes industrielles. Ce mod\u00e8le est particuli\u00e8rement adapt\u00e9 aux environnements int\u00e9rieurs (pharmaceutique, h\u00f4tellerie, logistique) o\u00f9 la [&hellip;]<\/p>","protected":false},"featured_media":11007,"comment_status":"open","ping_status":"closed","template":"","meta":[],"product_cat":[633,619],"product_tag":[261,257,283],"class_list":{"0":"post-27743","1":"product","2":"type-product","3":"status-publish","4":"has-post-thumbnail","6":"product_brand-mellow-walk","7":"product_cat-femmes","8":"product_cat-souliers-de-travail","9":"product_tag-novago","10":"product_tag-souliers-de-travail","11":"product_tag-static-dissipative","13":"first","14":"instock","15":"taxable","16":"shipping-taxable","17":"purchasable","18":"product-type-variable"},"yoast_head":"<!-- This site is optimized with the Yoast SEO plugin v25.3.1 - https:\/\/yoast.com\/wordpress\/plugins\/seo\/ -->\n<title>Soulier de travail Jamie - 4085 - Le Magasin Industriel<\/title>\n<meta name=\"description\" content=\"Soulier de travail Jamie - 4085, l\u00e9g\u00e8re et confortable, embout en acier, con\u00e7u pour les femmes, antid\u00e9rapant, doublure synth\u00e9tique\" \/>\n<meta name=\"robots\" content=\"index, follow, max-snippet:-1, max-image-preview:large, max-video-preview:-1\" \/>\n<link rel=\"canonical\" href=\"https:\/\/autravail.ca\/en\/product\/soulier-de-travail-jamie-4085\/\" \/>\n<meta property=\"og:locale\" content=\"en_US\" \/>\n<meta property=\"og:type\" content=\"article\" \/>\n<meta property=\"og:title\" content=\"Soulier de travail Jamie - 4085 - Le Magasin Industriel\" \/>\n<meta property=\"og:description\" content=\"Soulier de travail Jamie - 4085, l\u00e9g\u00e8re et confortable, embout en acier, con\u00e7u pour les femmes, antid\u00e9rapant, doublure synth\u00e9tique\" \/>\n<meta property=\"og:url\" content=\"https:\/\/autravail.ca\/en\/product\/soulier-de-travail-jamie-4085\/\" \/>\n<meta property=\"og:site_name\" content=\"Le Magasin Industriel\" \/>\n<meta property=\"article:publisher\" content=\"https:\/\/www.facebook.com\/lemagasinindustriel\/?locale=fr_FR\" \/>\n<meta property=\"article:modified_time\" content=\"2026-02-17T20:24:56+00:00\" \/>\n<meta property=\"og:image\" content=\"https:\/\/autravail.ca\/wp-content\/uploads\/2025\/05\/4085_A01.jpg\" \/>\n\t<meta property=\"og:image:width\" content=\"1000\" \/>\n\t<meta property=\"og:image:height\" content=\"1000\" \/>\n\t<meta property=\"og:image:type\" content=\"image\/jpeg\" \/>\n<meta name=\"twitter:card\" content=\"summary_large_image\" \/>\n<meta name=\"twitter:label1\" content=\"Est. reading time\" \/>\n\t<meta name=\"twitter:data1\" content=\"2 minutes\" \/>\n<script type=\"application\/ld+json\" class=\"yoast-schema-graph\">{\"@context\":\"https:\/\/schema.org\",\"@graph\":[{\"@type\":\"WebPage\",\"@id\":\"https:\/\/autravail.ca\/product\/soulier-de-travail-jamie-4085\/\",\"url\":\"https:\/\/autravail.ca\/product\/soulier-de-travail-jamie-4085\/\",\"name\":\"Soulier de travail Jamie - 4085 - Le Magasin Industriel\",\"isPartOf\":{\"@id\":\"https:\/\/autravail.ca\/#website\"},\"primaryImageOfPage\":{\"@id\":\"https:\/\/autravail.ca\/product\/soulier-de-travail-jamie-4085\/#primaryimage\"},\"image\":{\"@id\":\"https:\/\/autravail.ca\/product\/soulier-de-travail-jamie-4085\/#primaryimage\"},\"thumbnailUrl\":\"https:\/\/autravail.ca\/wp-content\/uploads\/2025\/05\/4085_A01.jpg\",\"datePublished\":\"2025-05-08T06:23:11+00:00\",\"dateModified\":\"2026-02-17T20:24:56+00:00\",\"description\":\"Soulier de travail Jamie - 4085, l\u00e9g\u00e8re et confortable, embout en acier, con\u00e7u pour les femmes, antid\u00e9rapant, doublure synth\u00e9tique\",\"breadcrumb\":{\"@id\":\"https:\/\/autravail.ca\/product\/soulier-de-travail-jamie-4085\/#breadcrumb\"},\"inLanguage\":\"en-CA\",\"potentialAction\":[{\"@type\":\"ReadAction\",\"target\":[\"https:\/\/autravail.ca\/product\/soulier-de-travail-jamie-4085\/\"]}]},{\"@type\":\"ImageObject\",\"inLanguage\":\"en-CA\",\"@id\":\"https:\/\/autravail.ca\/product\/soulier-de-travail-jamie-4085\/#primaryimage\",\"url\":\"https:\/\/autravail.ca\/wp-content\/uploads\/2025\/05\/4085_A01.jpg\",\"contentUrl\":\"https:\/\/autravail.ca\/wp-content\/uploads\/2025\/05\/4085_A01.jpg\",\"width\":1000,\"height\":1000,\"caption\":\"Soulier de travail Jamie - 4085\"},{\"@type\":\"BreadcrumbList\",\"@id\":\"https:\/\/autravail.ca\/product\/soulier-de-travail-jamie-4085\/#breadcrumb\",\"itemListElement\":[{\"@type\":\"ListItem\",\"position\":1,\"name\":\"Accueil\",\"item\":\"https:\/\/autravail.ca\/\"},{\"@type\":\"ListItem\",\"position\":2,\"name\":\"Magasin\",\"item\":\"https:\/\/autravail.ca\/en\/shop\/\"},{\"@type\":\"ListItem\",\"position\":3,\"name\":\"Soulier de travail Jamie &#8211; 4085\"}]},{\"@type\":\"WebSite\",\"@id\":\"https:\/\/autravail.ca\/#website\",\"url\":\"https:\/\/autravail.ca\/\",\"name\":\"Le Magasin Industriel\",\"description\":\"50 ans de tradition de s\u00e9curit\u00e9 au travail\",\"publisher\":{\"@id\":\"https:\/\/autravail.ca\/#organization\"},\"potentialAction\":[{\"@type\":\"SearchAction\",\"target\":{\"@type\":\"EntryPoint\",\"urlTemplate\":\"https:\/\/autravail.ca\/?s={search_term_string}\"},\"query-input\":{\"@type\":\"PropertyValueSpecification\",\"valueRequired\":true,\"valueName\":\"search_term_string\"}}],\"inLanguage\":\"en-CA\"},{\"@type\":\"Organization\",\"@id\":\"https:\/\/autravail.ca\/#organization\",\"name\":\"Le Magasin Industriel\",\"url\":\"https:\/\/autravail.ca\/\",\"logo\":{\"@type\":\"ImageObject\",\"inLanguage\":\"en-CA\",\"@id\":\"https:\/\/autravail.ca\/#\/schema\/logo\/image\/\",\"url\":\"https:\/\/autravail.ca\/wp-content\/uploads\/2025\/05\/cropped-magasin_industriel_120x.avif\",\"contentUrl\":\"https:\/\/autravail.ca\/wp-content\/uploads\/2025\/05\/cropped-magasin_industriel_120x.avif\",\"width\":120,\"height\":24,\"caption\":\"Le Magasin Industriel\"},\"image\":{\"@id\":\"https:\/\/autravail.ca\/#\/schema\/logo\/image\/\"},\"sameAs\":[\"https:\/\/www.facebook.com\/lemagasinindustriel\/?locale=fr_FR\"]}]}<\/script>\n<!-- \/ Yoast SEO plugin. -->","yoast_head_json":{"title":"Soulier de travail Jamie - 4085 - Le Magasin Industriel","description":"Soulier de travail Jamie - 4085, l\u00e9g\u00e8re et confortable, embout en acier, con\u00e7u pour les femmes, antid\u00e9rapant, doublure synth\u00e9tique","robots":{"index":"index","follow":"follow","max-snippet":"max-snippet:-1","max-image-preview":"max-image-preview:large","max-video-preview":"max-video-preview:-1"},"canonical":"https:\/\/autravail.ca\/en\/product\/soulier-de-travail-jamie-4085\/","og_locale":"en_US","og_type":"article","og_title":"Soulier de travail Jamie - 4085 - Le Magasin Industriel","og_description":"Soulier de travail Jamie - 4085, l\u00e9g\u00e8re et confortable, embout en acier, con\u00e7u pour les femmes, antid\u00e9rapant, doublure synth\u00e9tique","og_url":"https:\/\/autravail.ca\/en\/product\/soulier-de-travail-jamie-4085\/","og_site_name":"Le Magasin Industriel","article_publisher":"https:\/\/www.facebook.com\/lemagasinindustriel\/?locale=fr_FR","article_modified_time":"2026-02-17T20:24:56+00:00","og_image":[{"width":1000,"height":1000,"url":"https:\/\/autravail.ca\/wp-content\/uploads\/2025\/05\/4085_A01.jpg","type":"image\/jpeg"}],"twitter_card":"summary_large_image","twitter_misc":{"Est. reading time":"2 minutes"},"schema":{"@context":"https:\/\/schema.org","@graph":[{"@type":"WebPage","@id":"https:\/\/autravail.ca\/product\/soulier-de-travail-jamie-4085\/","url":"https:\/\/autravail.ca\/product\/soulier-de-travail-jamie-4085\/","name":"Soulier de travail Jamie - 4085 - Le Magasin Industriel","isPartOf":{"@id":"https:\/\/autravail.ca\/#website"},"primaryImageOfPage":{"@id":"https:\/\/autravail.ca\/product\/soulier-de-travail-jamie-4085\/#primaryimage"},"image":{"@id":"https:\/\/autravail.ca\/product\/soulier-de-travail-jamie-4085\/#primaryimage"},"thumbnailUrl":"https:\/\/autravail.ca\/wp-content\/uploads\/2025\/05\/4085_A01.jpg","datePublished":"2025-05-08T06:23:11+00:00","dateModified":"2026-02-17T20:24:56+00:00","description":"Soulier de travail Jamie - 4085, l\u00e9g\u00e8re et confortable, embout en acier, con\u00e7u pour les femmes, antid\u00e9rapant, doublure synth\u00e9tique","breadcrumb":{"@id":"https:\/\/autravail.ca\/product\/soulier-de-travail-jamie-4085\/#breadcrumb"},"inLanguage":"en-CA","potentialAction":[{"@type":"ReadAction","target":["https:\/\/autravail.ca\/product\/soulier-de-travail-jamie-4085\/"]}]},{"@type":"ImageObject","inLanguage":"en-CA","@id":"https:\/\/autravail.ca\/product\/soulier-de-travail-jamie-4085\/#primaryimage","url":"https:\/\/autravail.ca\/wp-content\/uploads\/2025\/05\/4085_A01.jpg","contentUrl":"https:\/\/autravail.ca\/wp-content\/uploads\/2025\/05\/4085_A01.jpg","width":1000,"height":1000,"caption":"Soulier de travail Jamie - 4085"},{"@type":"BreadcrumbList","@id":"https:\/\/autravail.ca\/product\/soulier-de-travail-jamie-4085\/#breadcrumb","itemListElement":[{"@type":"ListItem","position":1,"name":"Accueil","item":"https:\/\/autravail.ca\/"},{"@type":"ListItem","position":2,"name":"Magasin","item":"https:\/\/autravail.ca\/en\/shop\/"},{"@type":"ListItem","position":3,"name":"Soulier de travail Jamie &#8211; 4085"}]},{"@type":"WebSite","@id":"https:\/\/autravail.ca\/#website","url":"https:\/\/autravail.ca\/","name":"Le Magasin Industriel","description":"50 ans de tradition de s\u00e9curit\u00e9 au travail","publisher":{"@id":"https:\/\/autravail.ca\/#organization"},"potentialAction":[{"@type":"SearchAction","target":{"@type":"EntryPoint","urlTemplate":"https:\/\/autravail.ca\/?s={search_term_string}"},"query-input":{"@type":"PropertyValueSpecification","valueRequired":true,"valueName":"search_term_string"}}],"inLanguage":"en-CA"},{"@type":"Organization","@id":"https:\/\/autravail.ca\/#organization","name":"Le Magasin Industriel","url":"https:\/\/autravail.ca\/","logo":{"@type":"ImageObject","inLanguage":"en-CA","@id":"https:\/\/autravail.ca\/#\/schema\/logo\/image\/","url":"https:\/\/autravail.ca\/wp-content\/uploads\/2025\/05\/cropped-magasin_industriel_120x.avif","contentUrl":"https:\/\/autravail.ca\/wp-content\/uploads\/2025\/05\/cropped-magasin_industriel_120x.avif","width":120,"height":24,"caption":"Le Magasin Industriel"},"image":{"@id":"https:\/\/autravail.ca\/#\/schema\/logo\/image\/"},"sameAs":["https:\/\/www.facebook.com\/lemagasinindustriel\/?locale=fr_FR"]}]}},"jetpack_sharing_enabled":true,"_links":{"self":[{"href":"https:\/\/autravail.ca\/en\/wp-json\/wp\/v2\/product\/27743","targetHints":{"allow":["GET"]}}],"collection":[{"href":"https:\/\/autravail.ca\/en\/wp-json\/wp\/v2\/product"}],"about":[{"href":"https:\/\/autravail.ca\/en\/wp-json\/wp\/v2\/types\/product"}],"replies":[{"embeddable":true,"href":"https:\/\/autravail.ca\/en\/wp-json\/wp\/v2\/comments?post=27743"}],"wp:featuredmedia":[{"embeddable":true,"href":"https:\/\/autravail.ca\/en\/wp-json\/wp\/v2\/media\/11007"}],"wp:attachment":[{"href":"https:\/\/autravail.ca\/en\/wp-json\/wp\/v2\/media?parent=27743"}],"wp:term":[{"taxonomy":"product_cat","embeddable":true,"href":"https:\/\/autravail.ca\/en\/wp-json\/wp\/v2\/product_cat?post=27743"},{"taxonomy":"product_tag","embeddable":true,"href":"https:\/\/autravail.ca\/en\/wp-json\/wp\/v2\/product_tag?post=27743"}],"curies":[{"name":"wp","href":"https:\/\/api.w.org\/{rel}","templated":true}]}}