{"id":27742,"date":"2025-05-08T06:23:11","date_gmt":"2025-05-08T06:23:11","guid":{"rendered":"https:\/\/meteoquebec.ca\/?post_type=product&#038;p=27742"},"modified":"2026-01-14T14:21:59","modified_gmt":"2026-01-14T18:21:59","slug":"botte-de-travail-royer-408386ch","status":"publish","type":"product","link":"https:\/\/autravail.ca\/en\/product\/botte-de-travail-royer-408386ch\/","title":{"rendered":"Botte de travail Royer &#8211; 408386CH"},"content":{"rendered":"<h3>Botte de travail Royer &#8211; 408386CH<\/h3>\n<p>Work boots <a href=\"https:\/\/autravail.ca\/en\/product-brand\/royer\/\">Royer<\/a> &#8211; 408386CH (de la gamme <b data-path-to-node=\"0\" data-index-in-node=\"38\">CHEVRON\u2122 ROVAK<\/b>) est une botte de s\u00e9curit\u00e9 ultra-sp\u00e9cialis\u00e9e, con\u00e7ue pour un usage tr\u00e8s pr\u00e9cis : les milieux industriels o\u00f9 le contr\u00f4le de l&rsquo;\u00e9lectricit\u00e9 statique est vital.<\/p>\n<p><img decoding=\"async\" class=\"alignnone size-full wp-image-40117\" src=\"https:\/\/autravail.ca\/wp-content\/uploads\/2025\/09\/Certification-Omega-Triangle-vert.jpg\" alt=\"Certifications Om\u00e9ga Triangle vert\" width=\"193\" height=\"110\" srcset=\"https:\/\/autravail.ca\/wp-content\/uploads\/2025\/09\/Certification-Omega-Triangle-vert.jpg 193w, https:\/\/autravail.ca\/wp-content\/uploads\/2025\/09\/Certification-Omega-Triangle-vert-150x85.jpg 150w, https:\/\/autravail.ca\/wp-content\/uploads\/2025\/09\/Certification-Omega-Triangle-vert-18x10.jpg 18w\" sizes=\"(max-width: 193px) 100vw, 193px\" \/><\/p>\n<div class=\"product-information-feature-header\">\n<h6 class=\"mb-4\">Caract\u00e9ristiques<\/h6>\n<\/div>\n<ul>\n<li style=\"list-style-type: none;\">\n<ul class=\"temp-feature-list royer-temp-feature-list\">\n<li>R\u00e9sistance \u00e9lectrique entre 0 et 10 000 Ohms<\/li>\n<li>Cuir de type pleine-fleur r\u00e9sistant \u00e0 l&rsquo;eau<\/li>\n<li>Semelle antiperforation en acier<\/li>\n<li>Semelle CHEVRON en caoutchouc vulcanis\u00e9<\/li>\n<li>Prot\u00e8ge-cheville ROVAK coussin\u00e9<\/li>\n<li>Bande mollet conductrice<\/li>\n<li>Steel Protection Bracket<\/li>\n<li>Cambrion d&rsquo;acier ROVAK \u00e0 double ondulation<\/li>\n<li>Doublure de cuir<\/li>\n<li>Semelle conductrice<\/li>\n<li>Botte 10 pouces fabriqu\u00e9e au Canada<\/li>\n<\/ul>\n<\/li>\n<\/ul>\n<h6 data-path-to-node=\"2\">1. Propri\u00e9t\u00e9s \u00c9lectriques Uniques<\/h6>\n<p data-path-to-node=\"3\">C&rsquo;est sa caract\u00e9ristique la plus importante. Cette botte est <b data-path-to-node=\"3\" data-index-in-node=\"61\">conductrice<\/b> (et non isolante) :<\/p>\n<ul data-path-to-node=\"4\">\n<li>\n<p data-path-to-node=\"4,0,0\"><b data-path-to-node=\"4,0,0\" data-index-in-node=\"0\">R\u00e9sistance \u00e9lectrique :<\/b> Elle maintient une r\u00e9sistance entre <b data-path-to-node=\"4,0,0\" data-index-in-node=\"60\">0 et 10 000 Ohms<\/b>.<\/p>\n<\/li>\n<li>\n<p data-path-to-node=\"4,1,0\"><b data-path-to-node=\"4,1,0\" data-index-in-node=\"0\">Objectif :<\/b> Elle permet de d\u00e9charger l&rsquo;\u00e9lectricit\u00e9 statique du corps vers le sol en continu. Elle est utilis\u00e9e dans des environnements o\u00f9 des \u00e9tincelles statiques pourraient causer des explosions ou endommager des composants \u00e9lectroniques extr\u00eamement sensibles.<\/p>\n<\/li>\n<li>\n<p data-path-to-node=\"4,2,0\"><b data-path-to-node=\"4,2,0\" data-index-in-node=\"0\">Composant sp\u00e9cial :<\/b> Elle poss\u00e8de une <b data-path-to-node=\"4,2,0\" data-index-in-node=\"37\">bande de mollet conductrice<\/b> (double sangle) pour assurer une mise \u00e0 la terre constante, m\u00eame lors des mouvements brusques.<\/p>\n<\/li>\n<\/ul>\n<h6 data-path-to-node=\"5\">2. Conception ROVAK\u00ae (Pour les monteurs\/grimpeurs)<\/h6>\n<p data-path-to-node=\"6\">Le design \u00ab\u00a0ROVAK\u00a0\u00bb est sp\u00e9cifiquement pens\u00e9 pour les travailleurs qui doivent grimper (\u00e9chelles, poteaux, pyl\u00f4nes) :<\/p>\n<ul data-path-to-node=\"7\">\n<li>\n<p data-path-to-node=\"7,0,0\"><b data-path-to-node=\"7,0,0\" data-index-in-node=\"0\">Hauteur de 10 pouces :<\/b> Offre un support sup\u00e9rieur \u00e0 la cheville et une protection accrue du bas de la jambe.<\/p>\n<\/li>\n<li>\n<p data-path-to-node=\"7,1,0\"><b data-path-to-node=\"7,1,0\" data-index-in-node=\"0\">Prot\u00e8ge-cheville coussin\u00e9 :<\/b> Un rembourrage sp\u00e9cial qui facilite le port d&rsquo;\u00e9perons (pour les monteurs de lignes) et prot\u00e8ge contre les frottements lat\u00e9raux.<\/p>\n<\/li>\n<li>\n<p data-path-to-node=\"7,2,0\"><b data-path-to-node=\"7,2,0\" data-index-in-node=\"0\">Double cambrion d&rsquo;acier :<\/b> Contrairement aux bottes standards, elle poss\u00e8de une tige d&rsquo;acier \u00e0 double ondulation dans la semelle pour une stabilit\u00e9 maximale et une meilleure r\u00e9partition du poids sur les \u00e9chelons.<\/p>\n<\/li>\n<\/ul>\n<h6 data-path-to-node=\"8\">3. Mat\u00e9riaux et Robustesse<\/h6>\n<ul data-path-to-node=\"9\">\n<li>\n<p data-path-to-node=\"9,0,0\"><b data-path-to-node=\"9,0,0\" data-index-in-node=\"0\">Cuir :<\/b> Cuir pleine fleur de type \u00ab\u00a0Arizon\u00a0\u00bb (souvent brun), reconnu pour sa grande r\u00e9sistance et sa durabilit\u00e9.<\/p>\n<\/li>\n<li>\n<p data-path-to-node=\"9,1,0\"><b data-path-to-node=\"9,1,0\" data-index-in-node=\"0\">Doublure :<\/b> Enti\u00e8rement doubl\u00e9e en cuir pour une meilleure respirabilit\u00e9 et un confort accru sur le long terme.<\/p>\n<\/li>\n<li>\n<p data-path-to-node=\"9,2,0\"><b data-path-to-node=\"9,2,0\" data-index-in-node=\"0\">Semelle CHEVRON :<\/b> Une semelle en caoutchouc vulcanis\u00e9 avec un motif en chevron, con\u00e7ue pour ne pas accumuler de d\u00e9bris et offrir une excellente traction.<\/p>\n<\/li>\n<li>\n<p data-path-to-node=\"9,3,0\"><b data-path-to-node=\"9,3,0\" data-index-in-node=\"0\">Protection :<\/b> Embout d&rsquo;acier et semelle antiperforation en acier (certifi\u00e9s CSA Grade 1).<\/p>\n<\/li>\n<\/ul>\n<h6 data-path-to-node=\"10\">4. Fabrication<\/h6>\n<p data-path-to-node=\"11\">Comme les mod\u00e8les haut de gamme de la marque, elle est <b data-path-to-node=\"11\" data-index-in-node=\"55\">fi\u00e8rement fabriqu\u00e9e au Canada<\/b> \u00e0 Lac-Drolet.<\/p>\n<p><em><span style=\"color: #fa0b0b;\">Unisex U.S. men's sizes presented. To convert to U.S. women's size, add 2 sizes. Example: 5 U.S. men = 7 U.S. women<\/span><\/em><\/p>\n<p><img decoding=\"async\" class=\"alignnone wp-image-40620\" src=\"https:\/\/autravail.ca\/wp-content\/uploads\/2025\/09\/Jachete-quebec-et-canada.jpg\" alt=\"Logo de l'achat local\" width=\"162\" height=\"139\" \/>Merci d&rsquo;encourager une entreprise 100% d&rsquo;ici!<\/p>\n<p>TS2601H<\/p>\n<p>&nbsp;<\/p>","protected":false},"excerpt":{"rendered":"<p>Botte de travail Royer &#8211; 408386CH Botte de travail Royer &#8211; 408386CH (de la gamme CHEVRON\u2122 ROVAK) est une botte de s\u00e9curit\u00e9 ultra-sp\u00e9cialis\u00e9e, con\u00e7ue pour un usage tr\u00e8s pr\u00e9cis : les milieux industriels o\u00f9 le contr\u00f4le de l&rsquo;\u00e9lectricit\u00e9 statique est vital. Caract\u00e9ristiques R\u00e9sistance \u00e9lectrique entre 0 et 10 000 Ohms Cuir de type pleine-fleur r\u00e9sistant [&hellip;]<\/p>","protected":false},"featured_media":10998,"comment_status":"open","ping_status":"closed","template":"","meta":[],"product_cat":[602],"product_tag":[251,265,252,242,253],"class_list":{"0":"post-27742","1":"product","2":"type-product","3":"status-publish","4":"has-post-thumbnail","6":"product_brand-royer","7":"product_cat-hommes","8":"product_tag-bottes-de-travail","9":"product_tag-chaussures-specialisees","10":"product_tag-electric-shock-resistant","11":"product_tag-homme","12":"product_tag-sole-protection","14":"first","15":"instock","16":"taxable","17":"shipping-taxable","18":"product-type-variable"},"yoast_head":"<!-- This site is optimized with the Yoast SEO plugin v25.3.1 - https:\/\/yoast.com\/wordpress\/plugins\/seo\/ -->\n<title>Botte de travail Royer - 408386CH - Le Magasin Industriel<\/title>\n<meta name=\"description\" content=\"Botte de travail Royer - 408386CH, Chevron Rovak, botte de travail de 10 pouces approuv\u00e9 CSA, semelle antiperforation, embout d&#039;acier\" \/>\n<meta name=\"robots\" content=\"index, follow, max-snippet:-1, max-image-preview:large, max-video-preview:-1\" \/>\n<link rel=\"canonical\" href=\"https:\/\/autravail.ca\/en\/product\/botte-de-travail-royer-408386ch\/\" \/>\n<meta property=\"og:locale\" content=\"en_US\" \/>\n<meta property=\"og:type\" content=\"article\" \/>\n<meta property=\"og:title\" content=\"Botte de travail Royer - 408386CH - Le Magasin Industriel\" \/>\n<meta property=\"og:description\" content=\"Botte de travail Royer - 408386CH, Chevron Rovak, botte de travail de 10 pouces approuv\u00e9 CSA, semelle antiperforation, embout d&#039;acier\" \/>\n<meta property=\"og:url\" content=\"https:\/\/autravail.ca\/en\/product\/botte-de-travail-royer-408386ch\/\" \/>\n<meta property=\"og:site_name\" content=\"Le Magasin Industriel\" \/>\n<meta property=\"article:publisher\" content=\"https:\/\/www.facebook.com\/lemagasinindustriel\/?locale=fr_FR\" \/>\n<meta property=\"article:modified_time\" content=\"2026-01-14T18:21:59+00:00\" \/>\n<meta property=\"og:image\" content=\"https:\/\/autravail.ca\/wp-content\/uploads\/2025\/05\/408386CH_A01.jpg\" \/>\n\t<meta property=\"og:image:width\" content=\"1000\" \/>\n\t<meta property=\"og:image:height\" content=\"1000\" \/>\n\t<meta property=\"og:image:type\" content=\"image\/jpeg\" \/>\n<meta name=\"twitter:card\" content=\"summary_large_image\" \/>\n<meta name=\"twitter:label1\" content=\"Est. reading time\" \/>\n\t<meta name=\"twitter:data1\" content=\"3 minutes\" \/>\n<script type=\"application\/ld+json\" class=\"yoast-schema-graph\">{\"@context\":\"https:\/\/schema.org\",\"@graph\":[{\"@type\":\"WebPage\",\"@id\":\"https:\/\/autravail.ca\/product\/botte-de-travail-royer-408386ch\/\",\"url\":\"https:\/\/autravail.ca\/product\/botte-de-travail-royer-408386ch\/\",\"name\":\"Botte de travail Royer - 408386CH - Le Magasin Industriel\",\"isPartOf\":{\"@id\":\"https:\/\/autravail.ca\/#website\"},\"primaryImageOfPage\":{\"@id\":\"https:\/\/autravail.ca\/product\/botte-de-travail-royer-408386ch\/#primaryimage\"},\"image\":{\"@id\":\"https:\/\/autravail.ca\/product\/botte-de-travail-royer-408386ch\/#primaryimage\"},\"thumbnailUrl\":\"https:\/\/autravail.ca\/wp-content\/uploads\/2025\/05\/408386CH_A01.jpg\",\"datePublished\":\"2025-05-08T06:23:11+00:00\",\"dateModified\":\"2026-01-14T18:21:59+00:00\",\"description\":\"Botte de travail Royer - 408386CH, Chevron Rovak, botte de travail de 10 pouces approuv\u00e9 CSA, semelle antiperforation, embout d'acier\",\"breadcrumb\":{\"@id\":\"https:\/\/autravail.ca\/product\/botte-de-travail-royer-408386ch\/#breadcrumb\"},\"inLanguage\":\"en-CA\",\"potentialAction\":[{\"@type\":\"ReadAction\",\"target\":[\"https:\/\/autravail.ca\/product\/botte-de-travail-royer-408386ch\/\"]}]},{\"@type\":\"ImageObject\",\"inLanguage\":\"en-CA\",\"@id\":\"https:\/\/autravail.ca\/product\/botte-de-travail-royer-408386ch\/#primaryimage\",\"url\":\"https:\/\/autravail.ca\/wp-content\/uploads\/2025\/05\/408386CH_A01.jpg\",\"contentUrl\":\"https:\/\/autravail.ca\/wp-content\/uploads\/2025\/05\/408386CH_A01.jpg\",\"width\":1000,\"height\":1000},{\"@type\":\"BreadcrumbList\",\"@id\":\"https:\/\/autravail.ca\/product\/botte-de-travail-royer-408386ch\/#breadcrumb\",\"itemListElement\":[{\"@type\":\"ListItem\",\"position\":1,\"name\":\"Accueil\",\"item\":\"https:\/\/autravail.ca\/\"},{\"@type\":\"ListItem\",\"position\":2,\"name\":\"Magasin\",\"item\":\"https:\/\/autravail.ca\/en\/shop\/\"},{\"@type\":\"ListItem\",\"position\":3,\"name\":\"Botte de travail Royer &#8211; 408386CH\"}]},{\"@type\":\"WebSite\",\"@id\":\"https:\/\/autravail.ca\/#website\",\"url\":\"https:\/\/autravail.ca\/\",\"name\":\"Le Magasin Industriel\",\"description\":\"50 ans de tradition de s\u00e9curit\u00e9 au travail\",\"publisher\":{\"@id\":\"https:\/\/autravail.ca\/#organization\"},\"potentialAction\":[{\"@type\":\"SearchAction\",\"target\":{\"@type\":\"EntryPoint\",\"urlTemplate\":\"https:\/\/autravail.ca\/?s={search_term_string}\"},\"query-input\":{\"@type\":\"PropertyValueSpecification\",\"valueRequired\":true,\"valueName\":\"search_term_string\"}}],\"inLanguage\":\"en-CA\"},{\"@type\":\"Organization\",\"@id\":\"https:\/\/autravail.ca\/#organization\",\"name\":\"Le Magasin Industriel\",\"url\":\"https:\/\/autravail.ca\/\",\"logo\":{\"@type\":\"ImageObject\",\"inLanguage\":\"en-CA\",\"@id\":\"https:\/\/autravail.ca\/#\/schema\/logo\/image\/\",\"url\":\"https:\/\/autravail.ca\/wp-content\/uploads\/2025\/05\/cropped-magasin_industriel_120x.avif\",\"contentUrl\":\"https:\/\/autravail.ca\/wp-content\/uploads\/2025\/05\/cropped-magasin_industriel_120x.avif\",\"width\":120,\"height\":24,\"caption\":\"Le Magasin Industriel\"},\"image\":{\"@id\":\"https:\/\/autravail.ca\/#\/schema\/logo\/image\/\"},\"sameAs\":[\"https:\/\/www.facebook.com\/lemagasinindustriel\/?locale=fr_FR\"]}]}<\/script>\n<!-- \/ Yoast SEO plugin. -->","yoast_head_json":{"title":"Botte de travail Royer - 408386CH - Le Magasin Industriel","description":"Botte de travail Royer - 408386CH, Chevron Rovak, botte de travail de 10 pouces approuv\u00e9 CSA, semelle antiperforation, embout d'acier","robots":{"index":"index","follow":"follow","max-snippet":"max-snippet:-1","max-image-preview":"max-image-preview:large","max-video-preview":"max-video-preview:-1"},"canonical":"https:\/\/autravail.ca\/en\/product\/botte-de-travail-royer-408386ch\/","og_locale":"en_US","og_type":"article","og_title":"Botte de travail Royer - 408386CH - Le Magasin Industriel","og_description":"Botte de travail Royer - 408386CH, Chevron Rovak, botte de travail de 10 pouces approuv\u00e9 CSA, semelle antiperforation, embout d'acier","og_url":"https:\/\/autravail.ca\/en\/product\/botte-de-travail-royer-408386ch\/","og_site_name":"Le Magasin Industriel","article_publisher":"https:\/\/www.facebook.com\/lemagasinindustriel\/?locale=fr_FR","article_modified_time":"2026-01-14T18:21:59+00:00","og_image":[{"width":1000,"height":1000,"url":"https:\/\/autravail.ca\/wp-content\/uploads\/2025\/05\/408386CH_A01.jpg","type":"image\/jpeg"}],"twitter_card":"summary_large_image","twitter_misc":{"Est. reading time":"3 minutes"},"schema":{"@context":"https:\/\/schema.org","@graph":[{"@type":"WebPage","@id":"https:\/\/autravail.ca\/product\/botte-de-travail-royer-408386ch\/","url":"https:\/\/autravail.ca\/product\/botte-de-travail-royer-408386ch\/","name":"Botte de travail Royer - 408386CH - Le Magasin Industriel","isPartOf":{"@id":"https:\/\/autravail.ca\/#website"},"primaryImageOfPage":{"@id":"https:\/\/autravail.ca\/product\/botte-de-travail-royer-408386ch\/#primaryimage"},"image":{"@id":"https:\/\/autravail.ca\/product\/botte-de-travail-royer-408386ch\/#primaryimage"},"thumbnailUrl":"https:\/\/autravail.ca\/wp-content\/uploads\/2025\/05\/408386CH_A01.jpg","datePublished":"2025-05-08T06:23:11+00:00","dateModified":"2026-01-14T18:21:59+00:00","description":"Botte de travail Royer - 408386CH, Chevron Rovak, botte de travail de 10 pouces approuv\u00e9 CSA, semelle antiperforation, embout d'acier","breadcrumb":{"@id":"https:\/\/autravail.ca\/product\/botte-de-travail-royer-408386ch\/#breadcrumb"},"inLanguage":"en-CA","potentialAction":[{"@type":"ReadAction","target":["https:\/\/autravail.ca\/product\/botte-de-travail-royer-408386ch\/"]}]},{"@type":"ImageObject","inLanguage":"en-CA","@id":"https:\/\/autravail.ca\/product\/botte-de-travail-royer-408386ch\/#primaryimage","url":"https:\/\/autravail.ca\/wp-content\/uploads\/2025\/05\/408386CH_A01.jpg","contentUrl":"https:\/\/autravail.ca\/wp-content\/uploads\/2025\/05\/408386CH_A01.jpg","width":1000,"height":1000},{"@type":"BreadcrumbList","@id":"https:\/\/autravail.ca\/product\/botte-de-travail-royer-408386ch\/#breadcrumb","itemListElement":[{"@type":"ListItem","position":1,"name":"Accueil","item":"https:\/\/autravail.ca\/"},{"@type":"ListItem","position":2,"name":"Magasin","item":"https:\/\/autravail.ca\/en\/shop\/"},{"@type":"ListItem","position":3,"name":"Botte de travail Royer &#8211; 408386CH"}]},{"@type":"WebSite","@id":"https:\/\/autravail.ca\/#website","url":"https:\/\/autravail.ca\/","name":"Le Magasin Industriel","description":"50 ans de tradition de s\u00e9curit\u00e9 au travail","publisher":{"@id":"https:\/\/autravail.ca\/#organization"},"potentialAction":[{"@type":"SearchAction","target":{"@type":"EntryPoint","urlTemplate":"https:\/\/autravail.ca\/?s={search_term_string}"},"query-input":{"@type":"PropertyValueSpecification","valueRequired":true,"valueName":"search_term_string"}}],"inLanguage":"en-CA"},{"@type":"Organization","@id":"https:\/\/autravail.ca\/#organization","name":"Le Magasin Industriel","url":"https:\/\/autravail.ca\/","logo":{"@type":"ImageObject","inLanguage":"en-CA","@id":"https:\/\/autravail.ca\/#\/schema\/logo\/image\/","url":"https:\/\/autravail.ca\/wp-content\/uploads\/2025\/05\/cropped-magasin_industriel_120x.avif","contentUrl":"https:\/\/autravail.ca\/wp-content\/uploads\/2025\/05\/cropped-magasin_industriel_120x.avif","width":120,"height":24,"caption":"Le Magasin Industriel"},"image":{"@id":"https:\/\/autravail.ca\/#\/schema\/logo\/image\/"},"sameAs":["https:\/\/www.facebook.com\/lemagasinindustriel\/?locale=fr_FR"]}]}},"jetpack_sharing_enabled":true,"_links":{"self":[{"href":"https:\/\/autravail.ca\/en\/wp-json\/wp\/v2\/product\/27742","targetHints":{"allow":["GET"]}}],"collection":[{"href":"https:\/\/autravail.ca\/en\/wp-json\/wp\/v2\/product"}],"about":[{"href":"https:\/\/autravail.ca\/en\/wp-json\/wp\/v2\/types\/product"}],"replies":[{"embeddable":true,"href":"https:\/\/autravail.ca\/en\/wp-json\/wp\/v2\/comments?post=27742"}],"wp:featuredmedia":[{"embeddable":true,"href":"https:\/\/autravail.ca\/en\/wp-json\/wp\/v2\/media\/10998"}],"wp:attachment":[{"href":"https:\/\/autravail.ca\/en\/wp-json\/wp\/v2\/media?parent=27742"}],"wp:term":[{"taxonomy":"product_cat","embeddable":true,"href":"https:\/\/autravail.ca\/en\/wp-json\/wp\/v2\/product_cat?post=27742"},{"taxonomy":"product_tag","embeddable":true,"href":"https:\/\/autravail.ca\/en\/wp-json\/wp\/v2\/product_tag?post=27742"}],"curies":[{"name":"wp","href":"https:\/\/api.w.org\/{rel}","templated":true}]}}