{"id":27740,"date":"2025-05-08T06:23:11","date_gmt":"2025-05-08T06:23:11","guid":{"rendered":"https:\/\/meteoquebec.ca\/?post_type=product&#038;p=27740"},"modified":"2026-01-06T17:35:10","modified_gmt":"2026-01-06T21:35:10","slug":"botte-de-travail-royer-40238jv","status":"publish","type":"product","link":"https:\/\/autravail.ca\/en\/product\/botte-de-travail-royer-40238jv\/","title":{"rendered":"Botte de travail Royer &#8211; 40238JV"},"content":{"rendered":"<h3>Botte de travail Royer &#8211; 40238JV<\/h3>\n<p>Work boots <a href=\"https:\/\/autravail.ca\/en\/product-brand\/royer\/\">Royer<\/a> &#8211; 40238JV (souvent appel\u00e9es <b data-path-to-node=\"0\" data-index-in-node=\"43\">ROVAK JYG<\/b>) sont des bottes de s\u00e9curit\u00e9 de haute performance, sp\u00e9cialement con\u00e7ues pour les <b data-path-to-node=\"0\" data-index-in-node=\"134\">monteurs de lignes<\/b> et les travailleurs exigeant un support d&rsquo;arche sup\u00e9rieur.<\/p>\n<p><img decoding=\"async\" class=\"alignnone size-full wp-image-40117\" src=\"https:\/\/autravail.ca\/wp-content\/uploads\/2025\/09\/Certification-Omega-Triangle-vert.jpg\" alt=\"Certifications Om\u00e9ga Triangle vert\" width=\"193\" height=\"110\" srcset=\"https:\/\/autravail.ca\/wp-content\/uploads\/2025\/09\/Certification-Omega-Triangle-vert.jpg 193w, https:\/\/autravail.ca\/wp-content\/uploads\/2025\/09\/Certification-Omega-Triangle-vert-150x85.jpg 150w, https:\/\/autravail.ca\/wp-content\/uploads\/2025\/09\/Certification-Omega-Triangle-vert-18x10.jpg 18w\" sizes=\"(max-width: 193px) 100vw, 193px\" \/><\/p>\n<h3>\u00a0Caract\u00e9ristiques Techniques<\/h3>\n<ul class=\"temp-feature-list royer-temp-feature-list\">\n<li>Cuir de type pleine-fleur r\u00e9sistant \u00e0 l&rsquo;eau<\/li>\n<li>Semelle antiperforation en acier<\/li>\n<li>Prot\u00e8ge-cheville ROVAK coussin\u00e9<\/li>\n<li>Cambrion d&rsquo;acier ROVAK \u00e0 double ondulation<\/li>\n<li>Doublure de cuir<\/li>\n<li>Semelle de propret\u00e9 POLIYOU<\/li>\n<li>Protection against electric shocks<\/li>\n<li>Semelle JYG flexible<\/li>\n<li>Botte 10 pouces fabriqu\u00e9e au Canada<\/li>\n<li>\n<p data-path-to-node=\"6,0,0\">Un cambrion d&rsquo;acier \u00e0 double ondulation qui offre un soutien maximal de l&rsquo;arche du pied, essentiel lors de la mont\u00e9e aux poteaux.<\/p>\n<\/li>\n<li>\n<p data-path-to-node=\"6,0,0\">Un rembourrage protecteur au niveau de la cheville interne pour faciliter le port de l&rsquo;\u00e9peron et r\u00e9duire la friction.<\/p>\n<\/li>\n<li>\n<p data-path-to-node=\"6,2,0\">Une semelle de propret\u00e9 de POLIYOU amovible qui offre un bon amorti.<\/p>\n<\/li>\n<\/ul>\n<p data-path-to-node=\"5\">Ce mod\u00e8le se distingue par la technologie <b data-path-to-node=\"5\" data-index-in-node=\"42\">ROVAK<\/b>, sp\u00e9cifiquement pens\u00e9e pour ceux qui utilisent des \u00e9perons ou travaillent sur des poteaux :<\/p>\n<p>Les bottes de la collection ROVAK\u00ae de ROYER\u00ae sont, depuis de nombreuses ann\u00e9es, reconnues par le secteur du transport et de la distribution d\u2019\u00e9lectricit\u00e9, de m\u00eame que par le secteur des t\u00e9l\u00e9communications, comme LA R\u00c9F\u00c9RENCE en mati\u00e8re de protection. D\u00e9velopp\u00e9es en partenariat avec les acteurs de l\u2019industrie, et fort de plus de 40 ans d\u2019innovation, les bottes de la collection ROVAK\u00ae offrent un niveau de performance et de fiabilit\u00e9 sans aucun compromis.<\/p>\n<h3 data-path-to-node=\"7\">\u00a0Certifications et S\u00e9curit\u00e9<\/h3>\n<p data-path-to-node=\"8\">Ces bottes r\u00e9pondent aux normes de s\u00e9curit\u00e9 les plus strictes :<\/p>\n<ul data-path-to-node=\"9\">\n<li>\n<p data-path-to-node=\"9,0,0\"><b data-path-to-node=\"9,0,0\" data-index-in-node=\"0\">CSA Z195-14 :<\/b> Protection de l&#8217;embout et de la semelle.<\/p>\n<\/li>\n<li>\n<p data-path-to-node=\"9,1,0\"><b data-path-to-node=\"9,1,0\" data-index-in-node=\"0\">Protection Di\u00e9lectrique (\u03a9) :<\/b> R\u00e9sistance aux chocs \u00e9lectriques (certifi\u00e9e jusqu&rsquo;\u00e0 18 kV \/ 60 Hz pendant 1 minute).<\/p>\n<\/li>\n<li>\n<p data-path-to-node=\"9,2,0\"><b data-path-to-node=\"9,2,0\" data-index-in-node=\"0\">ASTM F2413-18 :<\/b> Conforme aux normes am\u00e9ricaines pour l&rsquo;impact, la compression et la perforation.<\/p>\n<\/li>\n<\/ul>\n<hr data-path-to-node=\"10\" \/>\n<blockquote data-path-to-node=\"11\">\n<p data-path-to-node=\"11,0\"><b data-path-to-node=\"11,0\" data-index-in-node=\"0\">Note de fabrication :<\/b> Ce mod\u00e8le est fi\u00e8rement <b data-path-to-node=\"11,0\" data-index-in-node=\"46\">fabriqu\u00e9 au Canada<\/b> (souvent \u00e0 l&rsquo;usine de Lac-Drolet ou Sherbrooke), ce qui garantit une construction robuste adapt\u00e9e aux climats et conditions de travail nord-am\u00e9ricains.<\/p>\n<p><em><span style=\"color: #fa0b0b;\">Unisex U.S. men's sizes presented. To convert to U.S. women's size, add 2 sizes. Example: 5 U.S. men = 7 U.S. women<\/span><\/em><\/p>\n<p><img decoding=\"async\" class=\"alignnone wp-image-40620\" src=\"https:\/\/autravail.ca\/wp-content\/uploads\/2025\/09\/Jachete-quebec-et-canada.jpg\" alt=\"Logo de l'achat local\" width=\"162\" height=\"139\" \/>Merci d&rsquo;encourager une entreprise 100% d&rsquo;ici!<\/p>\n<p>TS2601H<\/p><\/blockquote>","protected":false},"excerpt":{"rendered":"<p>Botte de travail Royer &#8211; 40238JV Botte de travail Royer &#8211; 40238JV (souvent appel\u00e9es ROVAK JYG) sont des bottes de s\u00e9curit\u00e9 de haute performance, sp\u00e9cialement con\u00e7ues pour les monteurs de lignes et les travailleurs exigeant un support d&rsquo;arche sup\u00e9rieur. \u00a0Caract\u00e9ristiques Techniques Cuir de type pleine-fleur r\u00e9sistant \u00e0 l&rsquo;eau Semelle antiperforation en acier Prot\u00e8ge-cheville ROVAK coussin\u00e9 [&hellip;]<\/p>","protected":false},"featured_media":10971,"comment_status":"open","ping_status":"closed","template":"","meta":[],"product_cat":[602],"product_tag":[251,265,252,242,253],"class_list":{"0":"post-27740","1":"product","2":"type-product","3":"status-publish","4":"has-post-thumbnail","6":"product_brand-royer","7":"product_cat-hommes","8":"product_tag-bottes-de-travail","9":"product_tag-chaussures-specialisees","10":"product_tag-electric-shock-resistant","11":"product_tag-homme","12":"product_tag-sole-protection","14":"first","15":"instock","16":"taxable","17":"shipping-taxable","18":"purchasable","19":"product-type-variable"},"yoast_head":"<!-- This site is optimized with the Yoast SEO plugin v25.3.1 - https:\/\/yoast.com\/wordpress\/plugins\/seo\/ -->\n<title>Botte de travail Royer - 40238JV - Le Magasin Industriel<\/title>\n<meta name=\"description\" content=\"Botte de travail Royer - 40238JV, monteur de ligne, en cuir, embout et plaque en acier, fabriqu\u00e9 au Canada au Lac Drolet ou \u00e0 Sherbrooke\" \/>\n<meta name=\"robots\" content=\"index, follow, max-snippet:-1, max-image-preview:large, max-video-preview:-1\" \/>\n<link rel=\"canonical\" href=\"https:\/\/autravail.ca\/en\/product\/botte-de-travail-royer-40238jv\/\" \/>\n<meta property=\"og:locale\" content=\"en_US\" \/>\n<meta property=\"og:type\" content=\"article\" \/>\n<meta property=\"og:title\" content=\"Botte de travail Royer - 40238JV - Le Magasin Industriel\" \/>\n<meta property=\"og:description\" content=\"Botte de travail Royer - 40238JV, monteur de ligne, en cuir, embout et plaque en acier, fabriqu\u00e9 au Canada au Lac Drolet ou \u00e0 Sherbrooke\" \/>\n<meta property=\"og:url\" content=\"https:\/\/autravail.ca\/en\/product\/botte-de-travail-royer-40238jv\/\" \/>\n<meta property=\"og:site_name\" content=\"Le Magasin Industriel\" \/>\n<meta property=\"article:publisher\" content=\"https:\/\/www.facebook.com\/lemagasinindustriel\/?locale=fr_FR\" \/>\n<meta property=\"article:modified_time\" content=\"2026-01-06T21:35:10+00:00\" \/>\n<meta property=\"og:image\" content=\"https:\/\/autravail.ca\/wp-content\/uploads\/2025\/05\/40238JV_A01.jpg\" \/>\n\t<meta property=\"og:image:width\" content=\"1000\" \/>\n\t<meta property=\"og:image:height\" content=\"1000\" \/>\n\t<meta property=\"og:image:type\" content=\"image\/jpeg\" \/>\n<meta name=\"twitter:card\" content=\"summary_large_image\" \/>\n<meta name=\"twitter:label1\" content=\"Est. reading time\" \/>\n\t<meta name=\"twitter:data1\" content=\"2 minutes\" \/>\n<script type=\"application\/ld+json\" class=\"yoast-schema-graph\">{\"@context\":\"https:\/\/schema.org\",\"@graph\":[{\"@type\":\"WebPage\",\"@id\":\"https:\/\/autravail.ca\/product\/botte-de-travail-royer-40238jv\/\",\"url\":\"https:\/\/autravail.ca\/product\/botte-de-travail-royer-40238jv\/\",\"name\":\"Botte de travail Royer - 40238JV - Le Magasin Industriel\",\"isPartOf\":{\"@id\":\"https:\/\/autravail.ca\/#website\"},\"primaryImageOfPage\":{\"@id\":\"https:\/\/autravail.ca\/product\/botte-de-travail-royer-40238jv\/#primaryimage\"},\"image\":{\"@id\":\"https:\/\/autravail.ca\/product\/botte-de-travail-royer-40238jv\/#primaryimage\"},\"thumbnailUrl\":\"https:\/\/autravail.ca\/wp-content\/uploads\/2025\/05\/40238JV_A01.jpg\",\"datePublished\":\"2025-05-08T06:23:11+00:00\",\"dateModified\":\"2026-01-06T21:35:10+00:00\",\"description\":\"Botte de travail Royer - 40238JV, monteur de ligne, en cuir, embout et plaque en acier, fabriqu\u00e9 au Canada au Lac Drolet ou \u00e0 Sherbrooke\",\"breadcrumb\":{\"@id\":\"https:\/\/autravail.ca\/product\/botte-de-travail-royer-40238jv\/#breadcrumb\"},\"inLanguage\":\"en-CA\",\"potentialAction\":[{\"@type\":\"ReadAction\",\"target\":[\"https:\/\/autravail.ca\/product\/botte-de-travail-royer-40238jv\/\"]}]},{\"@type\":\"ImageObject\",\"inLanguage\":\"en-CA\",\"@id\":\"https:\/\/autravail.ca\/product\/botte-de-travail-royer-40238jv\/#primaryimage\",\"url\":\"https:\/\/autravail.ca\/wp-content\/uploads\/2025\/05\/40238JV_A01.jpg\",\"contentUrl\":\"https:\/\/autravail.ca\/wp-content\/uploads\/2025\/05\/40238JV_A01.jpg\",\"width\":1000,\"height\":1000},{\"@type\":\"BreadcrumbList\",\"@id\":\"https:\/\/autravail.ca\/product\/botte-de-travail-royer-40238jv\/#breadcrumb\",\"itemListElement\":[{\"@type\":\"ListItem\",\"position\":1,\"name\":\"Accueil\",\"item\":\"https:\/\/autravail.ca\/\"},{\"@type\":\"ListItem\",\"position\":2,\"name\":\"Magasin\",\"item\":\"https:\/\/autravail.ca\/en\/shop\/\"},{\"@type\":\"ListItem\",\"position\":3,\"name\":\"Botte de travail Royer &#8211; 40238JV\"}]},{\"@type\":\"WebSite\",\"@id\":\"https:\/\/autravail.ca\/#website\",\"url\":\"https:\/\/autravail.ca\/\",\"name\":\"Le Magasin Industriel\",\"description\":\"50 ans de tradition de s\u00e9curit\u00e9 au travail\",\"publisher\":{\"@id\":\"https:\/\/autravail.ca\/#organization\"},\"potentialAction\":[{\"@type\":\"SearchAction\",\"target\":{\"@type\":\"EntryPoint\",\"urlTemplate\":\"https:\/\/autravail.ca\/?s={search_term_string}\"},\"query-input\":{\"@type\":\"PropertyValueSpecification\",\"valueRequired\":true,\"valueName\":\"search_term_string\"}}],\"inLanguage\":\"en-CA\"},{\"@type\":\"Organization\",\"@id\":\"https:\/\/autravail.ca\/#organization\",\"name\":\"Le Magasin Industriel\",\"url\":\"https:\/\/autravail.ca\/\",\"logo\":{\"@type\":\"ImageObject\",\"inLanguage\":\"en-CA\",\"@id\":\"https:\/\/autravail.ca\/#\/schema\/logo\/image\/\",\"url\":\"https:\/\/autravail.ca\/wp-content\/uploads\/2025\/05\/cropped-magasin_industriel_120x.avif\",\"contentUrl\":\"https:\/\/autravail.ca\/wp-content\/uploads\/2025\/05\/cropped-magasin_industriel_120x.avif\",\"width\":120,\"height\":24,\"caption\":\"Le Magasin Industriel\"},\"image\":{\"@id\":\"https:\/\/autravail.ca\/#\/schema\/logo\/image\/\"},\"sameAs\":[\"https:\/\/www.facebook.com\/lemagasinindustriel\/?locale=fr_FR\"]}]}<\/script>\n<!-- \/ Yoast SEO plugin. -->","yoast_head_json":{"title":"Botte de travail Royer - 40238JV - Le Magasin Industriel","description":"Botte de travail Royer - 40238JV, monteur de ligne, en cuir, embout et plaque en acier, fabriqu\u00e9 au Canada au Lac Drolet ou \u00e0 Sherbrooke","robots":{"index":"index","follow":"follow","max-snippet":"max-snippet:-1","max-image-preview":"max-image-preview:large","max-video-preview":"max-video-preview:-1"},"canonical":"https:\/\/autravail.ca\/en\/product\/botte-de-travail-royer-40238jv\/","og_locale":"en_US","og_type":"article","og_title":"Botte de travail Royer - 40238JV - Le Magasin Industriel","og_description":"Botte de travail Royer - 40238JV, monteur de ligne, en cuir, embout et plaque en acier, fabriqu\u00e9 au Canada au Lac Drolet ou \u00e0 Sherbrooke","og_url":"https:\/\/autravail.ca\/en\/product\/botte-de-travail-royer-40238jv\/","og_site_name":"Le Magasin Industriel","article_publisher":"https:\/\/www.facebook.com\/lemagasinindustriel\/?locale=fr_FR","article_modified_time":"2026-01-06T21:35:10+00:00","og_image":[{"width":1000,"height":1000,"url":"https:\/\/autravail.ca\/wp-content\/uploads\/2025\/05\/40238JV_A01.jpg","type":"image\/jpeg"}],"twitter_card":"summary_large_image","twitter_misc":{"Est. reading time":"2 minutes"},"schema":{"@context":"https:\/\/schema.org","@graph":[{"@type":"WebPage","@id":"https:\/\/autravail.ca\/product\/botte-de-travail-royer-40238jv\/","url":"https:\/\/autravail.ca\/product\/botte-de-travail-royer-40238jv\/","name":"Botte de travail Royer - 40238JV - Le Magasin Industriel","isPartOf":{"@id":"https:\/\/autravail.ca\/#website"},"primaryImageOfPage":{"@id":"https:\/\/autravail.ca\/product\/botte-de-travail-royer-40238jv\/#primaryimage"},"image":{"@id":"https:\/\/autravail.ca\/product\/botte-de-travail-royer-40238jv\/#primaryimage"},"thumbnailUrl":"https:\/\/autravail.ca\/wp-content\/uploads\/2025\/05\/40238JV_A01.jpg","datePublished":"2025-05-08T06:23:11+00:00","dateModified":"2026-01-06T21:35:10+00:00","description":"Botte de travail Royer - 40238JV, monteur de ligne, en cuir, embout et plaque en acier, fabriqu\u00e9 au Canada au Lac Drolet ou \u00e0 Sherbrooke","breadcrumb":{"@id":"https:\/\/autravail.ca\/product\/botte-de-travail-royer-40238jv\/#breadcrumb"},"inLanguage":"en-CA","potentialAction":[{"@type":"ReadAction","target":["https:\/\/autravail.ca\/product\/botte-de-travail-royer-40238jv\/"]}]},{"@type":"ImageObject","inLanguage":"en-CA","@id":"https:\/\/autravail.ca\/product\/botte-de-travail-royer-40238jv\/#primaryimage","url":"https:\/\/autravail.ca\/wp-content\/uploads\/2025\/05\/40238JV_A01.jpg","contentUrl":"https:\/\/autravail.ca\/wp-content\/uploads\/2025\/05\/40238JV_A01.jpg","width":1000,"height":1000},{"@type":"BreadcrumbList","@id":"https:\/\/autravail.ca\/product\/botte-de-travail-royer-40238jv\/#breadcrumb","itemListElement":[{"@type":"ListItem","position":1,"name":"Accueil","item":"https:\/\/autravail.ca\/"},{"@type":"ListItem","position":2,"name":"Magasin","item":"https:\/\/autravail.ca\/en\/shop\/"},{"@type":"ListItem","position":3,"name":"Botte de travail Royer &#8211; 40238JV"}]},{"@type":"WebSite","@id":"https:\/\/autravail.ca\/#website","url":"https:\/\/autravail.ca\/","name":"Le Magasin Industriel","description":"50 ans de tradition de s\u00e9curit\u00e9 au travail","publisher":{"@id":"https:\/\/autravail.ca\/#organization"},"potentialAction":[{"@type":"SearchAction","target":{"@type":"EntryPoint","urlTemplate":"https:\/\/autravail.ca\/?s={search_term_string}"},"query-input":{"@type":"PropertyValueSpecification","valueRequired":true,"valueName":"search_term_string"}}],"inLanguage":"en-CA"},{"@type":"Organization","@id":"https:\/\/autravail.ca\/#organization","name":"Le Magasin Industriel","url":"https:\/\/autravail.ca\/","logo":{"@type":"ImageObject","inLanguage":"en-CA","@id":"https:\/\/autravail.ca\/#\/schema\/logo\/image\/","url":"https:\/\/autravail.ca\/wp-content\/uploads\/2025\/05\/cropped-magasin_industriel_120x.avif","contentUrl":"https:\/\/autravail.ca\/wp-content\/uploads\/2025\/05\/cropped-magasin_industriel_120x.avif","width":120,"height":24,"caption":"Le Magasin Industriel"},"image":{"@id":"https:\/\/autravail.ca\/#\/schema\/logo\/image\/"},"sameAs":["https:\/\/www.facebook.com\/lemagasinindustriel\/?locale=fr_FR"]}]}},"jetpack_sharing_enabled":true,"_links":{"self":[{"href":"https:\/\/autravail.ca\/en\/wp-json\/wp\/v2\/product\/27740","targetHints":{"allow":["GET"]}}],"collection":[{"href":"https:\/\/autravail.ca\/en\/wp-json\/wp\/v2\/product"}],"about":[{"href":"https:\/\/autravail.ca\/en\/wp-json\/wp\/v2\/types\/product"}],"replies":[{"embeddable":true,"href":"https:\/\/autravail.ca\/en\/wp-json\/wp\/v2\/comments?post=27740"}],"wp:featuredmedia":[{"embeddable":true,"href":"https:\/\/autravail.ca\/en\/wp-json\/wp\/v2\/media\/10971"}],"wp:attachment":[{"href":"https:\/\/autravail.ca\/en\/wp-json\/wp\/v2\/media?parent=27740"}],"wp:term":[{"taxonomy":"product_cat","embeddable":true,"href":"https:\/\/autravail.ca\/en\/wp-json\/wp\/v2\/product_cat?post=27740"},{"taxonomy":"product_tag","embeddable":true,"href":"https:\/\/autravail.ca\/en\/wp-json\/wp\/v2\/product_tag?post=27740"}],"curies":[{"name":"wp","href":"https:\/\/api.w.org\/{rel}","templated":true}]}}