{"id":27711,"date":"2025-05-08T06:23:04","date_gmt":"2025-05-08T06:23:04","guid":{"rendered":"https:\/\/meteoquebec.ca\/?post_type=product&#038;p=27711"},"modified":"2026-02-17T15:07:35","modified_gmt":"2026-02-17T19:07:35","slug":"soulier-de-travail-vanessa-402109","status":"publish","type":"product","link":"https:\/\/autravail.ca\/en\/product\/soulier-de-travail-vanessa-402109\/","title":{"rendered":"Soulier de travail Vanessa &#8211; 402109"},"content":{"rendered":"<h3>Soulier de travail Vanessa &#8211; 402109<\/h3>\n<p>Soulier de travail Vanessa &#8211; 402109 de <a href=\"https:\/\/autravail.ca\/wp-admin\/edit-tags.php?taxonomy=product_brand&amp;post_type=product&amp;s=mellow+walk\">Mellow Walk<\/a> <mark class=\"HxTRcb\" data-complete=\"true\" data-sae=\"\">est une chaussure de s\u00e9curit\u00e9 pour femmes de style \u00ab escarpin \u00bb ou fl\u00e2neur (<em class=\"eujQNb\" data-complete=\"true\">loafer<\/em>), con\u00e7ue pour allier \u00e9l\u00e9gance et protection<\/mark>. C&rsquo;est un choix populaire pour celles qui travaillent dans des environnements mixtes (bureau et usine).<\/p>\n<p><img decoding=\"async\" class=\"alignnone size-full wp-image-40117\" src=\"https:\/\/autravail.ca\/wp-content\/uploads\/2025\/09\/Certification-Omega-Triangle-vert.jpg\" alt=\"Certifications Om\u00e9ga Triangle vert\" width=\"193\" height=\"110\" srcset=\"https:\/\/autravail.ca\/wp-content\/uploads\/2025\/09\/Certification-Omega-Triangle-vert.jpg 193w, https:\/\/autravail.ca\/wp-content\/uploads\/2025\/09\/Certification-Omega-Triangle-vert-150x85.jpg 150w, https:\/\/autravail.ca\/wp-content\/uploads\/2025\/09\/Certification-Omega-Triangle-vert-18x10.jpg 18w\" sizes=\"(max-width: 193px) 100vw, 193px\" \/><\/p>\n<h6>Characteristics:<\/h6>\n<div class=\"product-safetyhighlights-section\">\n<ul>\n<li><span dir=\"auto\">R\u00e9sistant aux chocs \u00e9lectriques &#8211; ESR<\/span><\/li>\n<li><span dir=\"auto\">Semelle r\u00e9sistant \u00e0 la perforation, \u00e9quip\u00e9e d&rsquo;une plaque en composite non m\u00e9tallique pour \u00e9viter les blessures caus\u00e9es par des objets pointus au sol<\/span><\/li>\n<li><span dir=\"auto\">Antid\u00e9rapant<\/span><\/li>\n<li><span dir=\"auto\">Largeur &#8211; D (Standard)<\/span><\/li>\n<li><span dir=\"auto\">Coupe &#8211; Con\u00e7ue \u00e0 partir d&rsquo;une forme f\u00e9minine<\/span><\/li>\n<li><span dir=\"auto\">Fabriqu\u00e9e en cuir pleine fleur de 2.0 mm de qualit\u00e9 sup\u00e9rieure<\/span><\/li>\n<li><span dir=\"auto\">Doublure Onsteam, respirant et antibact\u00e9rien<\/span><\/li>\n<li><span dir=\"auto\">Mat\u00e9riau de la semelle ext\u00e9rieure : caoutchouc thermique antid\u00e9rapant et non marquant, avec un talon d\u00e9fini pour un look plus professionnel<\/span><\/li>\n<li><span dir=\"auto\">Embout de s\u00e9curit\u00e9 en acier, grade 1 CSA aide \u00e0 prot\u00e9ger des impacts<\/span><\/li>\n<li><span dir=\"auto\">Semelle int\u00e9rieure amovible Dream-fit Ultra-Confort en polyur\u00e9thane avec mousse m\u00e9moire pour un confort prolong\u00e9 sur le b\u00e9ton<\/span><\/li>\n<\/ul>\n<div class=\"product-details-content\">\n<h6 class=\"otQkpb\" role=\"heading\" aria-level=\"3\" data-complete=\"true\" data-processed=\"true\">Points Forts et Avis<\/h6>\n<ul class=\"KsbFXc U6u95\" data-complete=\"true\" data-processed=\"true\">\n<li data-hveid=\"CAEICRAA\" data-complete=\"true\" data-sae=\"\"><span class=\"T286Pc\" data-sfc-cp=\"\" data-complete=\"true\"><strong class=\"Yjhzub\" data-complete=\"true\">Esth\u00e9tique<\/strong>\u00a0: Elle permet de passer du bureau au plancher de production sans changer de chaussures tout en restant chic avec des jupes ou des robes.<\/span><\/li>\n<li data-hveid=\"CAEICRAB\" data-complete=\"true\" data-sae=\"\"><span class=\"T286Pc\" data-sfc-cp=\"\" data-complete=\"true\"><strong class=\"Yjhzub\" data-complete=\"true\">Fabrication<\/strong>\u00a0: Fabriqu\u00e9e au\u00a0<strong class=\"Yjhzub\" data-complete=\"true\">Canada<\/strong>\u00a0(Toronto), ce qui est un gage de qualit\u00e9 pour de nombreux utilisateurs.<\/span><\/li>\n<li data-hveid=\"CAEICRAC\" data-complete=\"true\" data-sae=\"\"><span class=\"T286Pc\" data-sfc-cp=\"\" data-complete=\"true\" aria-owns=\"action-menu-parent-container\"><strong class=\"Yjhzub\" data-complete=\"true\">Comfort<\/strong>\u00a0: Reconnue pour \u00eatre confortable \u00ab d\u00e8s la sortie de la bo\u00eete \u00bb, elle ne n\u00e9cessite souvent aucune p\u00e9riode de rodage.<\/span><\/li>\n<\/ul>\n<p><img decoding=\"async\" class=\"alignnone wp-image-40620\" src=\"https:\/\/autravail.ca\/wp-content\/uploads\/2025\/09\/Jachete-quebec-et-canada.jpg\" alt=\"Logo de l'achat local\" width=\"162\" height=\"139\" \/>Merci d&rsquo;encourager une entreprise 100% d&rsquo;ici!<\/p>\n<p>TS2602H<\/p>\n<\/div>\n<\/div>","protected":false},"excerpt":{"rendered":"<p>Soulier de travail Vanessa &#8211; 402109 Soulier de travail Vanessa &#8211; 402109 de Mellow Walk est une chaussure de s\u00e9curit\u00e9 pour femmes de style \u00ab escarpin \u00bb ou fl\u00e2neur (loafer), con\u00e7ue pour allier \u00e9l\u00e9gance et protection. C&rsquo;est un choix populaire pour celles qui travaillent dans des environnements mixtes (bureau et usine). Caract\u00e9ristiques: R\u00e9sistant aux chocs [&hellip;]<\/p>","protected":false},"featured_media":10954,"comment_status":"open","ping_status":"closed","template":"","meta":[],"product_cat":[633,619,617],"product_tag":[252,255,253,257],"class_list":{"0":"post-27711","1":"product","2":"type-product","3":"status-publish","4":"has-post-thumbnail","6":"product_brand-mellow-walk","7":"product_cat-femmes","8":"product_cat-souliers-de-travail","9":"product_cat-souliers-de-travail-femme","10":"product_tag-electric-shock-resistant","11":"product_tag-femme","12":"product_tag-sole-protection","13":"product_tag-souliers-de-travail","15":"first","16":"instock","17":"taxable","18":"shipping-taxable","19":"purchasable","20":"product-type-variable"},"yoast_head":"<!-- This site is optimized with the Yoast SEO plugin v25.3.1 - https:\/\/yoast.com\/wordpress\/plugins\/seo\/ -->\n<title>Soulier de travail Vanessa - 402109 - Le Magasin Industriel<\/title>\n<meta name=\"description\" content=\"Soulier de travail Vanessa - 402109, pour femme, embout d&#039;acier r\u00e9sistant aux chocs \u00e9lectriques, antid\u00e9rapant, r\u00e9sistant \u00e0 la perforation\" \/>\n<meta name=\"robots\" content=\"index, follow, max-snippet:-1, max-image-preview:large, max-video-preview:-1\" \/>\n<link rel=\"canonical\" href=\"https:\/\/autravail.ca\/en\/product\/soulier-de-travail-vanessa-402109\/\" \/>\n<meta property=\"og:locale\" content=\"en_US\" \/>\n<meta property=\"og:type\" content=\"article\" \/>\n<meta property=\"og:title\" content=\"Soulier de travail Vanessa - 402109 - Le Magasin Industriel\" \/>\n<meta property=\"og:description\" content=\"Soulier de travail Vanessa - 402109, pour femme, embout d&#039;acier r\u00e9sistant aux chocs \u00e9lectriques, antid\u00e9rapant, r\u00e9sistant \u00e0 la perforation\" \/>\n<meta property=\"og:url\" content=\"https:\/\/autravail.ca\/en\/product\/soulier-de-travail-vanessa-402109\/\" \/>\n<meta property=\"og:site_name\" content=\"Le Magasin Industriel\" \/>\n<meta property=\"article:publisher\" content=\"https:\/\/www.facebook.com\/lemagasinindustriel\/?locale=fr_FR\" \/>\n<meta property=\"article:modified_time\" content=\"2026-02-17T19:07:35+00:00\" \/>\n<meta property=\"og:image\" content=\"https:\/\/autravail.ca\/wp-content\/uploads\/2025\/05\/402109_A01.jpg\" \/>\n\t<meta property=\"og:image:width\" content=\"1000\" \/>\n\t<meta property=\"og:image:height\" content=\"1000\" \/>\n\t<meta property=\"og:image:type\" content=\"image\/jpeg\" \/>\n<meta name=\"twitter:card\" content=\"summary_large_image\" \/>\n<meta name=\"twitter:label1\" content=\"Est. reading time\" \/>\n\t<meta name=\"twitter:data1\" content=\"2 minutes\" \/>\n<script type=\"application\/ld+json\" class=\"yoast-schema-graph\">{\"@context\":\"https:\/\/schema.org\",\"@graph\":[{\"@type\":\"WebPage\",\"@id\":\"https:\/\/autravail.ca\/product\/soulier-de-travail-vanessa-402109\/\",\"url\":\"https:\/\/autravail.ca\/product\/soulier-de-travail-vanessa-402109\/\",\"name\":\"Soulier de travail Vanessa - 402109 - Le Magasin Industriel\",\"isPartOf\":{\"@id\":\"https:\/\/autravail.ca\/#website\"},\"primaryImageOfPage\":{\"@id\":\"https:\/\/autravail.ca\/product\/soulier-de-travail-vanessa-402109\/#primaryimage\"},\"image\":{\"@id\":\"https:\/\/autravail.ca\/product\/soulier-de-travail-vanessa-402109\/#primaryimage\"},\"thumbnailUrl\":\"https:\/\/autravail.ca\/wp-content\/uploads\/2025\/05\/402109_A01.jpg\",\"datePublished\":\"2025-05-08T06:23:04+00:00\",\"dateModified\":\"2026-02-17T19:07:35+00:00\",\"description\":\"Soulier de travail Vanessa - 402109, pour femme, embout d'acier r\u00e9sistant aux chocs \u00e9lectriques, antid\u00e9rapant, r\u00e9sistant \u00e0 la perforation\",\"breadcrumb\":{\"@id\":\"https:\/\/autravail.ca\/product\/soulier-de-travail-vanessa-402109\/#breadcrumb\"},\"inLanguage\":\"en-CA\",\"potentialAction\":[{\"@type\":\"ReadAction\",\"target\":[\"https:\/\/autravail.ca\/product\/soulier-de-travail-vanessa-402109\/\"]}]},{\"@type\":\"ImageObject\",\"inLanguage\":\"en-CA\",\"@id\":\"https:\/\/autravail.ca\/product\/soulier-de-travail-vanessa-402109\/#primaryimage\",\"url\":\"https:\/\/autravail.ca\/wp-content\/uploads\/2025\/05\/402109_A01.jpg\",\"contentUrl\":\"https:\/\/autravail.ca\/wp-content\/uploads\/2025\/05\/402109_A01.jpg\",\"width\":1000,\"height\":1000,\"caption\":\"Soulier de travail Vanessa - 402109\"},{\"@type\":\"BreadcrumbList\",\"@id\":\"https:\/\/autravail.ca\/product\/soulier-de-travail-vanessa-402109\/#breadcrumb\",\"itemListElement\":[{\"@type\":\"ListItem\",\"position\":1,\"name\":\"Accueil\",\"item\":\"https:\/\/autravail.ca\/\"},{\"@type\":\"ListItem\",\"position\":2,\"name\":\"Magasin\",\"item\":\"https:\/\/autravail.ca\/en\/shop\/\"},{\"@type\":\"ListItem\",\"position\":3,\"name\":\"Soulier de travail Vanessa &#8211; 402109\"}]},{\"@type\":\"WebSite\",\"@id\":\"https:\/\/autravail.ca\/#website\",\"url\":\"https:\/\/autravail.ca\/\",\"name\":\"Le Magasin Industriel\",\"description\":\"50 ans de tradition de s\u00e9curit\u00e9 au travail\",\"publisher\":{\"@id\":\"https:\/\/autravail.ca\/#organization\"},\"potentialAction\":[{\"@type\":\"SearchAction\",\"target\":{\"@type\":\"EntryPoint\",\"urlTemplate\":\"https:\/\/autravail.ca\/?s={search_term_string}\"},\"query-input\":{\"@type\":\"PropertyValueSpecification\",\"valueRequired\":true,\"valueName\":\"search_term_string\"}}],\"inLanguage\":\"en-CA\"},{\"@type\":\"Organization\",\"@id\":\"https:\/\/autravail.ca\/#organization\",\"name\":\"Le Magasin Industriel\",\"url\":\"https:\/\/autravail.ca\/\",\"logo\":{\"@type\":\"ImageObject\",\"inLanguage\":\"en-CA\",\"@id\":\"https:\/\/autravail.ca\/#\/schema\/logo\/image\/\",\"url\":\"https:\/\/autravail.ca\/wp-content\/uploads\/2025\/05\/cropped-magasin_industriel_120x.avif\",\"contentUrl\":\"https:\/\/autravail.ca\/wp-content\/uploads\/2025\/05\/cropped-magasin_industriel_120x.avif\",\"width\":120,\"height\":24,\"caption\":\"Le Magasin Industriel\"},\"image\":{\"@id\":\"https:\/\/autravail.ca\/#\/schema\/logo\/image\/\"},\"sameAs\":[\"https:\/\/www.facebook.com\/lemagasinindustriel\/?locale=fr_FR\"]}]}<\/script>\n<!-- \/ Yoast SEO plugin. -->","yoast_head_json":{"title":"Soulier de travail Vanessa - 402109 - Le Magasin Industriel","description":"Soulier de travail Vanessa - 402109, pour femme, embout d'acier r\u00e9sistant aux chocs \u00e9lectriques, antid\u00e9rapant, r\u00e9sistant \u00e0 la perforation","robots":{"index":"index","follow":"follow","max-snippet":"max-snippet:-1","max-image-preview":"max-image-preview:large","max-video-preview":"max-video-preview:-1"},"canonical":"https:\/\/autravail.ca\/en\/product\/soulier-de-travail-vanessa-402109\/","og_locale":"en_US","og_type":"article","og_title":"Soulier de travail Vanessa - 402109 - Le Magasin Industriel","og_description":"Soulier de travail Vanessa - 402109, pour femme, embout d'acier r\u00e9sistant aux chocs \u00e9lectriques, antid\u00e9rapant, r\u00e9sistant \u00e0 la perforation","og_url":"https:\/\/autravail.ca\/en\/product\/soulier-de-travail-vanessa-402109\/","og_site_name":"Le Magasin Industriel","article_publisher":"https:\/\/www.facebook.com\/lemagasinindustriel\/?locale=fr_FR","article_modified_time":"2026-02-17T19:07:35+00:00","og_image":[{"width":1000,"height":1000,"url":"https:\/\/autravail.ca\/wp-content\/uploads\/2025\/05\/402109_A01.jpg","type":"image\/jpeg"}],"twitter_card":"summary_large_image","twitter_misc":{"Est. reading time":"2 minutes"},"schema":{"@context":"https:\/\/schema.org","@graph":[{"@type":"WebPage","@id":"https:\/\/autravail.ca\/product\/soulier-de-travail-vanessa-402109\/","url":"https:\/\/autravail.ca\/product\/soulier-de-travail-vanessa-402109\/","name":"Soulier de travail Vanessa - 402109 - Le Magasin Industriel","isPartOf":{"@id":"https:\/\/autravail.ca\/#website"},"primaryImageOfPage":{"@id":"https:\/\/autravail.ca\/product\/soulier-de-travail-vanessa-402109\/#primaryimage"},"image":{"@id":"https:\/\/autravail.ca\/product\/soulier-de-travail-vanessa-402109\/#primaryimage"},"thumbnailUrl":"https:\/\/autravail.ca\/wp-content\/uploads\/2025\/05\/402109_A01.jpg","datePublished":"2025-05-08T06:23:04+00:00","dateModified":"2026-02-17T19:07:35+00:00","description":"Soulier de travail Vanessa - 402109, pour femme, embout d'acier r\u00e9sistant aux chocs \u00e9lectriques, antid\u00e9rapant, r\u00e9sistant \u00e0 la perforation","breadcrumb":{"@id":"https:\/\/autravail.ca\/product\/soulier-de-travail-vanessa-402109\/#breadcrumb"},"inLanguage":"en-CA","potentialAction":[{"@type":"ReadAction","target":["https:\/\/autravail.ca\/product\/soulier-de-travail-vanessa-402109\/"]}]},{"@type":"ImageObject","inLanguage":"en-CA","@id":"https:\/\/autravail.ca\/product\/soulier-de-travail-vanessa-402109\/#primaryimage","url":"https:\/\/autravail.ca\/wp-content\/uploads\/2025\/05\/402109_A01.jpg","contentUrl":"https:\/\/autravail.ca\/wp-content\/uploads\/2025\/05\/402109_A01.jpg","width":1000,"height":1000,"caption":"Soulier de travail Vanessa - 402109"},{"@type":"BreadcrumbList","@id":"https:\/\/autravail.ca\/product\/soulier-de-travail-vanessa-402109\/#breadcrumb","itemListElement":[{"@type":"ListItem","position":1,"name":"Accueil","item":"https:\/\/autravail.ca\/"},{"@type":"ListItem","position":2,"name":"Magasin","item":"https:\/\/autravail.ca\/en\/shop\/"},{"@type":"ListItem","position":3,"name":"Soulier de travail Vanessa &#8211; 402109"}]},{"@type":"WebSite","@id":"https:\/\/autravail.ca\/#website","url":"https:\/\/autravail.ca\/","name":"Le Magasin Industriel","description":"50 ans de tradition de s\u00e9curit\u00e9 au travail","publisher":{"@id":"https:\/\/autravail.ca\/#organization"},"potentialAction":[{"@type":"SearchAction","target":{"@type":"EntryPoint","urlTemplate":"https:\/\/autravail.ca\/?s={search_term_string}"},"query-input":{"@type":"PropertyValueSpecification","valueRequired":true,"valueName":"search_term_string"}}],"inLanguage":"en-CA"},{"@type":"Organization","@id":"https:\/\/autravail.ca\/#organization","name":"Le Magasin Industriel","url":"https:\/\/autravail.ca\/","logo":{"@type":"ImageObject","inLanguage":"en-CA","@id":"https:\/\/autravail.ca\/#\/schema\/logo\/image\/","url":"https:\/\/autravail.ca\/wp-content\/uploads\/2025\/05\/cropped-magasin_industriel_120x.avif","contentUrl":"https:\/\/autravail.ca\/wp-content\/uploads\/2025\/05\/cropped-magasin_industriel_120x.avif","width":120,"height":24,"caption":"Le Magasin Industriel"},"image":{"@id":"https:\/\/autravail.ca\/#\/schema\/logo\/image\/"},"sameAs":["https:\/\/www.facebook.com\/lemagasinindustriel\/?locale=fr_FR"]}]}},"jetpack_sharing_enabled":true,"_links":{"self":[{"href":"https:\/\/autravail.ca\/en\/wp-json\/wp\/v2\/product\/27711","targetHints":{"allow":["GET"]}}],"collection":[{"href":"https:\/\/autravail.ca\/en\/wp-json\/wp\/v2\/product"}],"about":[{"href":"https:\/\/autravail.ca\/en\/wp-json\/wp\/v2\/types\/product"}],"replies":[{"embeddable":true,"href":"https:\/\/autravail.ca\/en\/wp-json\/wp\/v2\/comments?post=27711"}],"wp:featuredmedia":[{"embeddable":true,"href":"https:\/\/autravail.ca\/en\/wp-json\/wp\/v2\/media\/10954"}],"wp:attachment":[{"href":"https:\/\/autravail.ca\/en\/wp-json\/wp\/v2\/media?parent=27711"}],"wp:term":[{"taxonomy":"product_cat","embeddable":true,"href":"https:\/\/autravail.ca\/en\/wp-json\/wp\/v2\/product_cat?post=27711"},{"taxonomy":"product_tag","embeddable":true,"href":"https:\/\/autravail.ca\/en\/wp-json\/wp\/v2\/product_tag?post=27711"}],"curies":[{"name":"wp","href":"https:\/\/api.w.org\/{rel}","templated":true}]}}