{"id":27620,"date":"2025-05-08T06:22:44","date_gmt":"2025-05-08T06:22:44","guid":{"rendered":"https:\/\/meteoquebec.ca\/?post_type=product&#038;p=27620"},"modified":"2026-03-09T20:48:09","modified_gmt":"2026-03-10T00:48:09","slug":"botte-de-caoutchouc-a3670-15","status":"publish","type":"product","link":"https:\/\/autravail.ca\/en\/product\/botte-de-caoutchouc-a3670-15\/","title":{"rendered":"Botte de caoutchouc &#8211; A3670-15"},"content":{"rendered":"<h3>Botte de caoutchouc &#8211; A3670-15<\/h3>\n<p>Botte de caoutchouc &#8211; A3670-15 Prairie de <a href=\"https:\/\/autravail.ca\/en\/product-brand\/acton\/\">Acton<\/a> est une r\u00e9f\u00e9rence incontournable pour les travailleurs agricoles, les chasseurs et les ac\u00e9riculteurs. Con\u00e7ue en caoutchouc naturel flexible, elle se distingue par sa r\u00e9sistance exceptionnelle au purin et aux acides. Cette botte de pluie isol\u00e9e en caoutchouc naturel est 100 % imperm\u00e9able et ultra-r\u00e9sistante. Sa doublure amovible triple densit\u00e9 offre un confort exceptionnel jusqu&rsquo;\u00e0 -51 \u00b0C. Polyvalente, durable et \u00e9tonnamment confortable, elle est id\u00e9ale pour les activit\u00e9s de plein air, la chasse, la p\u00eache, ainsi que les travaux agricoles ou autres en ext\u00e9rieur. La botte id\u00e9ale \u00e0 garder au chalet pour une protection optimale contre les intemp\u00e9ries et le froid extr\u00eame.<\/p>\n<h6>Caract\u00e9ristiques<\/h6>\n<ul>\n<li><span dir=\"auto\"><span dir=\"auto\">Hauteur : 14&Prime; \/ 35,6 cm<\/span><\/span><\/li>\n<li><span dir=\"auto\"><span dir=\"auto\">Tige en caoutchouc naturel imperm\u00e9able et r\u00e9sistant au fumier.<\/span><\/span><\/li>\n<li><span dir=\"auto\"><span dir=\"auto\">Doublure isolante amovible et confortable \u00e0 triple densit\u00e9 avec syst\u00e8me de maintien de la cheville Lock-Fit.<\/span><\/span><\/li>\n<li><span dir=\"auto\"><span dir=\"auto\">Semelle ext\u00e9rieure en caoutchouc naturel adh\u00e9rent et stable.<\/span><\/span><\/li>\n<li><span dir=\"auto\"><span dir=\"auto\">Espace suffisant pour les mollets.<\/span><\/span><\/li>\n<li><span dir=\"auto\"><span dir=\"auto\">Tige en fibre de verre.<\/span><\/span><\/li>\n<li>Elle offre une zone de confort allant jusqu&rsquo;\u00e0\u00a0<strong class=\"Yjhzub\" data-sfc-cb=\"\" data-complete=\"true\">-51\u00b0C (-60\u00b0F)<\/strong>\u00a0gr\u00e2ce \u00e0 son chausson amovible en feutre triple densit\u00e9.<\/li>\n<\/ul>\n<p><em><span style=\"color: #fa0b0b;\">Unisex U.S. men's sizes presented. To convert to U.S. women's size, add 2 sizes. Example: 5 U.S. men = 7 U.S. women<\/span><\/em><\/p>\n<p><img decoding=\"async\" class=\"alignnone wp-image-40620\" src=\"https:\/\/autravail.ca\/wp-content\/uploads\/2025\/09\/Jachete-quebec-et-canada.jpg\" alt=\"Logo de l'achat local\" width=\"162\" height=\"139\" \/>Merci d&rsquo;encourager une entreprise 100% d&rsquo;ici!<\/p>\n<p>TS2603H<\/p>","protected":false},"excerpt":{"rendered":"<p>Botte de caoutchouc &#8211; A3670-15 Botte de caoutchouc &#8211; A3670-15 Prairie de Acton est une r\u00e9f\u00e9rence incontournable pour les travailleurs agricoles, les chasseurs et les ac\u00e9riculteurs. Con\u00e7ue en caoutchouc naturel flexible, elle se distingue par sa r\u00e9sistance exceptionnelle au purin et aux acides. Cette botte de pluie isol\u00e9e en caoutchouc naturel est 100 % imperm\u00e9able [&hellip;]<\/p>","protected":false},"featured_media":44844,"comment_status":"open","ping_status":"closed","template":"","meta":[],"product_cat":[685,602],"product_tag":[242],"class_list":{"0":"post-27620","1":"product","2":"type-product","3":"status-publish","4":"has-post-thumbnail","6":"product_brand-acton","7":"product_cat-bottes-de-pluie","8":"product_cat-hommes","9":"product_tag-homme","11":"first","12":"instock","13":"taxable","14":"shipping-taxable","15":"purchasable","16":"product-type-variable"},"yoast_head":"<!-- This site is optimized with the Yoast SEO plugin v25.3.1 - https:\/\/yoast.com\/wordpress\/plugins\/seo\/ -->\n<title>Botte de caoutchouc - A3670-15 - Le Magasin Industriel<\/title>\n<meta name=\"description\" content=\"Botte de caoutchouc - A3670-15 Prairie (mod\u00e8le A3670-15) de la marque qu\u00e9b\u00e9coise Acton est une r\u00e9f\u00e9rence incontournable pour les travailleurs agricoles\" \/>\n<meta name=\"robots\" content=\"index, follow, max-snippet:-1, max-image-preview:large, max-video-preview:-1\" \/>\n<link rel=\"canonical\" href=\"https:\/\/autravail.ca\/en\/product\/botte-de-caoutchouc-a3670-15\/\" \/>\n<meta property=\"og:locale\" content=\"en_US\" \/>\n<meta property=\"og:type\" content=\"article\" \/>\n<meta property=\"og:title\" content=\"Botte de caoutchouc - A3670-15 - Le Magasin Industriel\" \/>\n<meta property=\"og:description\" content=\"Botte de caoutchouc - A3670-15 Prairie (mod\u00e8le A3670-15) de la marque qu\u00e9b\u00e9coise Acton est une r\u00e9f\u00e9rence incontournable pour les travailleurs agricoles\" \/>\n<meta property=\"og:url\" content=\"https:\/\/autravail.ca\/en\/product\/botte-de-caoutchouc-a3670-15\/\" \/>\n<meta property=\"og:site_name\" content=\"Le Magasin Industriel\" \/>\n<meta property=\"article:publisher\" content=\"https:\/\/www.facebook.com\/lemagasinindustriel\/?locale=fr_FR\" \/>\n<meta property=\"article:modified_time\" content=\"2026-03-10T00:48:09+00:00\" \/>\n<meta property=\"og:image\" content=\"https:\/\/autravail.ca\/wp-content\/uploads\/2025\/05\/A3670-15_A01-1.jpg\" \/>\n\t<meta property=\"og:image:width\" content=\"1000\" \/>\n\t<meta property=\"og:image:height\" content=\"1000\" \/>\n\t<meta property=\"og:image:type\" content=\"image\/jpeg\" \/>\n<meta name=\"twitter:card\" content=\"summary_large_image\" \/>\n<meta name=\"twitter:label1\" content=\"Est. reading time\" \/>\n\t<meta name=\"twitter:data1\" content=\"2 minutes\" \/>\n<script type=\"application\/ld+json\" class=\"yoast-schema-graph\">{\"@context\":\"https:\/\/schema.org\",\"@graph\":[{\"@type\":\"WebPage\",\"@id\":\"https:\/\/autravail.ca\/product\/botte-de-caoutchouc-a3670-15\/\",\"url\":\"https:\/\/autravail.ca\/product\/botte-de-caoutchouc-a3670-15\/\",\"name\":\"Botte de caoutchouc - A3670-15 - Le Magasin Industriel\",\"isPartOf\":{\"@id\":\"https:\/\/autravail.ca\/#website\"},\"primaryImageOfPage\":{\"@id\":\"https:\/\/autravail.ca\/product\/botte-de-caoutchouc-a3670-15\/#primaryimage\"},\"image\":{\"@id\":\"https:\/\/autravail.ca\/product\/botte-de-caoutchouc-a3670-15\/#primaryimage\"},\"thumbnailUrl\":\"https:\/\/autravail.ca\/wp-content\/uploads\/2025\/05\/A3670-15_A01-1.jpg\",\"datePublished\":\"2025-05-08T06:22:44+00:00\",\"dateModified\":\"2026-03-10T00:48:09+00:00\",\"description\":\"Botte de caoutchouc - A3670-15 Prairie (mod\u00e8le A3670-15) de la marque qu\u00e9b\u00e9coise Acton est une r\u00e9f\u00e9rence incontournable pour les travailleurs agricoles\",\"breadcrumb\":{\"@id\":\"https:\/\/autravail.ca\/product\/botte-de-caoutchouc-a3670-15\/#breadcrumb\"},\"inLanguage\":\"en-CA\",\"potentialAction\":[{\"@type\":\"ReadAction\",\"target\":[\"https:\/\/autravail.ca\/product\/botte-de-caoutchouc-a3670-15\/\"]}]},{\"@type\":\"ImageObject\",\"inLanguage\":\"en-CA\",\"@id\":\"https:\/\/autravail.ca\/product\/botte-de-caoutchouc-a3670-15\/#primaryimage\",\"url\":\"https:\/\/autravail.ca\/wp-content\/uploads\/2025\/05\/A3670-15_A01-1.jpg\",\"contentUrl\":\"https:\/\/autravail.ca\/wp-content\/uploads\/2025\/05\/A3670-15_A01-1.jpg\",\"width\":1000,\"height\":1000,\"caption\":\"Botte de caoutchouc - A3670-15\"},{\"@type\":\"BreadcrumbList\",\"@id\":\"https:\/\/autravail.ca\/product\/botte-de-caoutchouc-a3670-15\/#breadcrumb\",\"itemListElement\":[{\"@type\":\"ListItem\",\"position\":1,\"name\":\"Accueil\",\"item\":\"https:\/\/autravail.ca\/\"},{\"@type\":\"ListItem\",\"position\":2,\"name\":\"Magasin\",\"item\":\"https:\/\/autravail.ca\/en\/shop\/\"},{\"@type\":\"ListItem\",\"position\":3,\"name\":\"Botte de caoutchouc &#8211; A3670-15\"}]},{\"@type\":\"WebSite\",\"@id\":\"https:\/\/autravail.ca\/#website\",\"url\":\"https:\/\/autravail.ca\/\",\"name\":\"Le Magasin Industriel\",\"description\":\"50 ans de tradition de s\u00e9curit\u00e9 au travail\",\"publisher\":{\"@id\":\"https:\/\/autravail.ca\/#organization\"},\"potentialAction\":[{\"@type\":\"SearchAction\",\"target\":{\"@type\":\"EntryPoint\",\"urlTemplate\":\"https:\/\/autravail.ca\/?s={search_term_string}\"},\"query-input\":{\"@type\":\"PropertyValueSpecification\",\"valueRequired\":true,\"valueName\":\"search_term_string\"}}],\"inLanguage\":\"en-CA\"},{\"@type\":\"Organization\",\"@id\":\"https:\/\/autravail.ca\/#organization\",\"name\":\"Le Magasin Industriel\",\"url\":\"https:\/\/autravail.ca\/\",\"logo\":{\"@type\":\"ImageObject\",\"inLanguage\":\"en-CA\",\"@id\":\"https:\/\/autravail.ca\/#\/schema\/logo\/image\/\",\"url\":\"https:\/\/autravail.ca\/wp-content\/uploads\/2025\/05\/cropped-magasin_industriel_120x.avif\",\"contentUrl\":\"https:\/\/autravail.ca\/wp-content\/uploads\/2025\/05\/cropped-magasin_industriel_120x.avif\",\"width\":120,\"height\":24,\"caption\":\"Le Magasin Industriel\"},\"image\":{\"@id\":\"https:\/\/autravail.ca\/#\/schema\/logo\/image\/\"},\"sameAs\":[\"https:\/\/www.facebook.com\/lemagasinindustriel\/?locale=fr_FR\"]}]}<\/script>\n<!-- \/ Yoast SEO plugin. -->","yoast_head_json":{"title":"Botte de caoutchouc - A3670-15 - Le Magasin Industriel","description":"Botte de caoutchouc - A3670-15 Prairie (mod\u00e8le A3670-15) de la marque qu\u00e9b\u00e9coise Acton est une r\u00e9f\u00e9rence incontournable pour les travailleurs agricoles","robots":{"index":"index","follow":"follow","max-snippet":"max-snippet:-1","max-image-preview":"max-image-preview:large","max-video-preview":"max-video-preview:-1"},"canonical":"https:\/\/autravail.ca\/en\/product\/botte-de-caoutchouc-a3670-15\/","og_locale":"en_US","og_type":"article","og_title":"Botte de caoutchouc - A3670-15 - Le Magasin Industriel","og_description":"Botte de caoutchouc - A3670-15 Prairie (mod\u00e8le A3670-15) de la marque qu\u00e9b\u00e9coise Acton est une r\u00e9f\u00e9rence incontournable pour les travailleurs agricoles","og_url":"https:\/\/autravail.ca\/en\/product\/botte-de-caoutchouc-a3670-15\/","og_site_name":"Le Magasin Industriel","article_publisher":"https:\/\/www.facebook.com\/lemagasinindustriel\/?locale=fr_FR","article_modified_time":"2026-03-10T00:48:09+00:00","og_image":[{"width":1000,"height":1000,"url":"https:\/\/autravail.ca\/wp-content\/uploads\/2025\/05\/A3670-15_A01-1.jpg","type":"image\/jpeg"}],"twitter_card":"summary_large_image","twitter_misc":{"Est. reading time":"2 minutes"},"schema":{"@context":"https:\/\/schema.org","@graph":[{"@type":"WebPage","@id":"https:\/\/autravail.ca\/product\/botte-de-caoutchouc-a3670-15\/","url":"https:\/\/autravail.ca\/product\/botte-de-caoutchouc-a3670-15\/","name":"Botte de caoutchouc - A3670-15 - Le Magasin Industriel","isPartOf":{"@id":"https:\/\/autravail.ca\/#website"},"primaryImageOfPage":{"@id":"https:\/\/autravail.ca\/product\/botte-de-caoutchouc-a3670-15\/#primaryimage"},"image":{"@id":"https:\/\/autravail.ca\/product\/botte-de-caoutchouc-a3670-15\/#primaryimage"},"thumbnailUrl":"https:\/\/autravail.ca\/wp-content\/uploads\/2025\/05\/A3670-15_A01-1.jpg","datePublished":"2025-05-08T06:22:44+00:00","dateModified":"2026-03-10T00:48:09+00:00","description":"Botte de caoutchouc - A3670-15 Prairie (mod\u00e8le A3670-15) de la marque qu\u00e9b\u00e9coise Acton est une r\u00e9f\u00e9rence incontournable pour les travailleurs agricoles","breadcrumb":{"@id":"https:\/\/autravail.ca\/product\/botte-de-caoutchouc-a3670-15\/#breadcrumb"},"inLanguage":"en-CA","potentialAction":[{"@type":"ReadAction","target":["https:\/\/autravail.ca\/product\/botte-de-caoutchouc-a3670-15\/"]}]},{"@type":"ImageObject","inLanguage":"en-CA","@id":"https:\/\/autravail.ca\/product\/botte-de-caoutchouc-a3670-15\/#primaryimage","url":"https:\/\/autravail.ca\/wp-content\/uploads\/2025\/05\/A3670-15_A01-1.jpg","contentUrl":"https:\/\/autravail.ca\/wp-content\/uploads\/2025\/05\/A3670-15_A01-1.jpg","width":1000,"height":1000,"caption":"Botte de caoutchouc - A3670-15"},{"@type":"BreadcrumbList","@id":"https:\/\/autravail.ca\/product\/botte-de-caoutchouc-a3670-15\/#breadcrumb","itemListElement":[{"@type":"ListItem","position":1,"name":"Accueil","item":"https:\/\/autravail.ca\/"},{"@type":"ListItem","position":2,"name":"Magasin","item":"https:\/\/autravail.ca\/en\/shop\/"},{"@type":"ListItem","position":3,"name":"Botte de caoutchouc &#8211; A3670-15"}]},{"@type":"WebSite","@id":"https:\/\/autravail.ca\/#website","url":"https:\/\/autravail.ca\/","name":"Le Magasin Industriel","description":"50 ans de tradition de s\u00e9curit\u00e9 au travail","publisher":{"@id":"https:\/\/autravail.ca\/#organization"},"potentialAction":[{"@type":"SearchAction","target":{"@type":"EntryPoint","urlTemplate":"https:\/\/autravail.ca\/?s={search_term_string}"},"query-input":{"@type":"PropertyValueSpecification","valueRequired":true,"valueName":"search_term_string"}}],"inLanguage":"en-CA"},{"@type":"Organization","@id":"https:\/\/autravail.ca\/#organization","name":"Le Magasin Industriel","url":"https:\/\/autravail.ca\/","logo":{"@type":"ImageObject","inLanguage":"en-CA","@id":"https:\/\/autravail.ca\/#\/schema\/logo\/image\/","url":"https:\/\/autravail.ca\/wp-content\/uploads\/2025\/05\/cropped-magasin_industriel_120x.avif","contentUrl":"https:\/\/autravail.ca\/wp-content\/uploads\/2025\/05\/cropped-magasin_industriel_120x.avif","width":120,"height":24,"caption":"Le Magasin Industriel"},"image":{"@id":"https:\/\/autravail.ca\/#\/schema\/logo\/image\/"},"sameAs":["https:\/\/www.facebook.com\/lemagasinindustriel\/?locale=fr_FR"]}]}},"_links":{"self":[{"href":"https:\/\/autravail.ca\/en\/wp-json\/wp\/v2\/product\/27620","targetHints":{"allow":["GET"]}}],"collection":[{"href":"https:\/\/autravail.ca\/en\/wp-json\/wp\/v2\/product"}],"about":[{"href":"https:\/\/autravail.ca\/en\/wp-json\/wp\/v2\/types\/product"}],"replies":[{"embeddable":true,"href":"https:\/\/autravail.ca\/en\/wp-json\/wp\/v2\/comments?post=27620"}],"wp:featuredmedia":[{"embeddable":true,"href":"https:\/\/autravail.ca\/en\/wp-json\/wp\/v2\/media\/44844"}],"wp:attachment":[{"href":"https:\/\/autravail.ca\/en\/wp-json\/wp\/v2\/media?parent=27620"}],"wp:term":[{"taxonomy":"product_cat","embeddable":true,"href":"https:\/\/autravail.ca\/en\/wp-json\/wp\/v2\/product_cat?post=27620"},{"taxonomy":"product_tag","embeddable":true,"href":"https:\/\/autravail.ca\/en\/wp-json\/wp\/v2\/product_tag?post=27620"}],"curies":[{"name":"wp","href":"https:\/\/api.w.org\/{rel}","templated":true}]}}