{"id":27595,"date":"2025-05-08T06:22:36","date_gmt":"2025-05-08T06:22:36","guid":{"rendered":"https:\/\/meteoquebec.ca\/?post_type=product&#038;p=27595"},"modified":"2025-12-05T05:11:37","modified_gmt":"2025-12-05T09:11:37","slug":"360-04-chaussettes-de-plein-air","status":"publish","type":"product","link":"https:\/\/autravail.ca\/en\/product\/360-04-chaussettes-de-plein-air\/","title":{"rendered":"360-04 - OUTDOOR SOCKS"},"content":{"rendered":"<p><span>C<\/span><span>Outdoor hammock, series randonne - Duray<\/span><\/p>\n<ul>\n<li>Too thin for your shoes and too thick for your Shoes, you won't pass up the softness of this Merino wool and sheep's wool knitted sock anymore.<\/li>\n<li>65% Merino wool and sheep's wool<\/li>\n<li>30% polypropylene.<\/li>\n<li>3% elastane<\/li>\n<li>2% spandex<\/li>\n<li>Super washable, super stretchable, light weight<\/li>\n<\/ul>","protected":false},"excerpt":{"rendered":"<p>Outdoor Sock, Hiking Series  Duray Thin enough for shoes and thick enough for boots, you wont want to part with the softness of this sock knitted from merino and lambs wool. 65% merino and lambs wool. 30% polypropylene. 3% stretch nylon. 2% spandex. Treatment []<\/p>","protected":false},"featured_media":10811,"comment_status":"open","ping_status":"closed","template":"","meta":[],"product_cat":[666,604],"product_tag":[301,242],"class_list":{"0":"post-27595","1":"product","2":"type-product","3":"status-publish","4":"has-post-thumbnail","6":"product_brand-duray","7":"product_cat-bas-et-sous-vetements","8":"product_cat-vetements-de-travail","9":"product_tag-bas-et-sous-vetements","10":"product_tag-homme","12":"first","13":"instock","14":"taxable","15":"shipping-taxable","16":"purchasable","17":"product-type-variable"},"yoast_head":"<!-- This site is optimized with the Yoast SEO plugin v25.3.1 - https:\/\/yoast.com\/wordpress\/plugins\/seo\/ -->\n<title>360-04 - CHAUSSETTES DE PLEIN AIR - Le Magasin Industriel<\/title>\n<meta name=\"robots\" content=\"index, follow, max-snippet:-1, max-image-preview:large, max-video-preview:-1\" \/>\n<link rel=\"canonical\" href=\"https:\/\/autravail.ca\/en\/product\/360-04-chaussettes-de-plein-air\/\" \/>\n<meta property=\"og:locale\" content=\"en_US\" \/>\n<meta property=\"og:type\" content=\"article\" \/>\n<meta property=\"og:title\" content=\"360-04 - CHAUSSETTES DE PLEIN AIR - Le Magasin Industriel\" \/>\n<meta property=\"og:description\" content=\"Chaussette de plein air, s\u00e9rie randonn\u00e9e &#8211; Duray Assez mince pour vos souliers et assez \u00e9paisse pour vos bottes, vous ne vous passerez plus de la douceur de cette chaussette tricot\u00e9e \u00e0 partir de la laine m\u00e9rinos et de laine d&rsquo;agneau. 65% laine m\u00e9rinos et laine d&rsquo;agneau. 30% polypropyl\u00e8ne. 3% nylon extensible. 2% spandex. Traitement [&hellip;]\" \/>\n<meta property=\"og:url\" content=\"https:\/\/autravail.ca\/en\/product\/360-04-chaussettes-de-plein-air\/\" \/>\n<meta property=\"og:site_name\" content=\"Le Magasin Industriel\" \/>\n<meta property=\"article:publisher\" content=\"https:\/\/www.facebook.com\/lemagasinindustriel\/?locale=fr_FR\" \/>\n<meta property=\"article:modified_time\" content=\"2025-12-05T09:11:37+00:00\" \/>\n<meta property=\"og:image\" content=\"https:\/\/autravail.ca\/wp-content\/uploads\/2025\/05\/360-04_A01.jpg\" \/>\n\t<meta property=\"og:image:width\" content=\"800\" \/>\n\t<meta property=\"og:image:height\" content=\"720\" \/>\n\t<meta property=\"og:image:type\" content=\"image\/jpeg\" \/>\n<meta name=\"twitter:card\" content=\"summary_large_image\" \/>\n<script type=\"application\/ld+json\" class=\"yoast-schema-graph\">{\"@context\":\"https:\/\/schema.org\",\"@graph\":[{\"@type\":\"WebPage\",\"@id\":\"https:\/\/autravail.ca\/product\/360-04-chaussettes-de-plein-air\/\",\"url\":\"https:\/\/autravail.ca\/product\/360-04-chaussettes-de-plein-air\/\",\"name\":\"360-04 - CHAUSSETTES DE PLEIN AIR - Le Magasin Industriel\",\"isPartOf\":{\"@id\":\"https:\/\/autravail.ca\/#website\"},\"primaryImageOfPage\":{\"@id\":\"https:\/\/autravail.ca\/product\/360-04-chaussettes-de-plein-air\/#primaryimage\"},\"image\":{\"@id\":\"https:\/\/autravail.ca\/product\/360-04-chaussettes-de-plein-air\/#primaryimage\"},\"thumbnailUrl\":\"https:\/\/autravail.ca\/wp-content\/uploads\/2025\/05\/360-04_A01.jpg\",\"datePublished\":\"2025-05-08T06:22:36+00:00\",\"dateModified\":\"2025-12-05T09:11:37+00:00\",\"breadcrumb\":{\"@id\":\"https:\/\/autravail.ca\/product\/360-04-chaussettes-de-plein-air\/#breadcrumb\"},\"inLanguage\":\"en-CA\",\"potentialAction\":[{\"@type\":\"ReadAction\",\"target\":[\"https:\/\/autravail.ca\/product\/360-04-chaussettes-de-plein-air\/\"]}]},{\"@type\":\"ImageObject\",\"inLanguage\":\"en-CA\",\"@id\":\"https:\/\/autravail.ca\/product\/360-04-chaussettes-de-plein-air\/#primaryimage\",\"url\":\"https:\/\/autravail.ca\/wp-content\/uploads\/2025\/05\/360-04_A01.jpg\",\"contentUrl\":\"https:\/\/autravail.ca\/wp-content\/uploads\/2025\/05\/360-04_A01.jpg\",\"width\":800,\"height\":720},{\"@type\":\"BreadcrumbList\",\"@id\":\"https:\/\/autravail.ca\/product\/360-04-chaussettes-de-plein-air\/#breadcrumb\",\"itemListElement\":[{\"@type\":\"ListItem\",\"position\":1,\"name\":\"Accueil\",\"item\":\"https:\/\/autravail.ca\/\"},{\"@type\":\"ListItem\",\"position\":2,\"name\":\"Magasin\",\"item\":\"https:\/\/autravail.ca\/en\/shop\/\"},{\"@type\":\"ListItem\",\"position\":3,\"name\":\"360-04 &#8211; CHAUSSETTES DE PLEIN AIR\"}]},{\"@type\":\"WebSite\",\"@id\":\"https:\/\/autravail.ca\/#website\",\"url\":\"https:\/\/autravail.ca\/\",\"name\":\"Le Magasin Industriel\",\"description\":\"50 ans de tradition de s\u00e9curit\u00e9 au travail\",\"publisher\":{\"@id\":\"https:\/\/autravail.ca\/#organization\"},\"potentialAction\":[{\"@type\":\"SearchAction\",\"target\":{\"@type\":\"EntryPoint\",\"urlTemplate\":\"https:\/\/autravail.ca\/?s={search_term_string}\"},\"query-input\":{\"@type\":\"PropertyValueSpecification\",\"valueRequired\":true,\"valueName\":\"search_term_string\"}}],\"inLanguage\":\"en-CA\"},{\"@type\":\"Organization\",\"@id\":\"https:\/\/autravail.ca\/#organization\",\"name\":\"Le Magasin Industriel\",\"url\":\"https:\/\/autravail.ca\/\",\"logo\":{\"@type\":\"ImageObject\",\"inLanguage\":\"en-CA\",\"@id\":\"https:\/\/autravail.ca\/#\/schema\/logo\/image\/\",\"url\":\"https:\/\/autravail.ca\/wp-content\/uploads\/2025\/05\/cropped-magasin_industriel_120x.avif\",\"contentUrl\":\"https:\/\/autravail.ca\/wp-content\/uploads\/2025\/05\/cropped-magasin_industriel_120x.avif\",\"width\":120,\"height\":24,\"caption\":\"Le Magasin Industriel\"},\"image\":{\"@id\":\"https:\/\/autravail.ca\/#\/schema\/logo\/image\/\"},\"sameAs\":[\"https:\/\/www.facebook.com\/lemagasinindustriel\/?locale=fr_FR\"]}]}<\/script>\n<!-- \/ Yoast SEO plugin. -->","yoast_head_json":{"title":"360-04 - CHAUSSETTES DE PLEIN AIR - Le Magasin Industriel","robots":{"index":"index","follow":"follow","max-snippet":"max-snippet:-1","max-image-preview":"max-image-preview:large","max-video-preview":"max-video-preview:-1"},"canonical":"https:\/\/autravail.ca\/en\/product\/360-04-chaussettes-de-plein-air\/","og_locale":"en_US","og_type":"article","og_title":"360-04 - CHAUSSETTES DE PLEIN AIR - Le Magasin Industriel","og_description":"Chaussette de plein air, s\u00e9rie randonn\u00e9e &#8211; Duray Assez mince pour vos souliers et assez \u00e9paisse pour vos bottes, vous ne vous passerez plus de la douceur de cette chaussette tricot\u00e9e \u00e0 partir de la laine m\u00e9rinos et de laine d&rsquo;agneau. 65% laine m\u00e9rinos et laine d&rsquo;agneau. 30% polypropyl\u00e8ne. 3% nylon extensible. 2% spandex. Traitement [&hellip;]","og_url":"https:\/\/autravail.ca\/en\/product\/360-04-chaussettes-de-plein-air\/","og_site_name":"Le Magasin Industriel","article_publisher":"https:\/\/www.facebook.com\/lemagasinindustriel\/?locale=fr_FR","article_modified_time":"2025-12-05T09:11:37+00:00","og_image":[{"width":800,"height":720,"url":"https:\/\/autravail.ca\/wp-content\/uploads\/2025\/05\/360-04_A01.jpg","type":"image\/jpeg"}],"twitter_card":"summary_large_image","schema":{"@context":"https:\/\/schema.org","@graph":[{"@type":"WebPage","@id":"https:\/\/autravail.ca\/product\/360-04-chaussettes-de-plein-air\/","url":"https:\/\/autravail.ca\/product\/360-04-chaussettes-de-plein-air\/","name":"360-04 - CHAUSSETTES DE PLEIN AIR - Le Magasin Industriel","isPartOf":{"@id":"https:\/\/autravail.ca\/#website"},"primaryImageOfPage":{"@id":"https:\/\/autravail.ca\/product\/360-04-chaussettes-de-plein-air\/#primaryimage"},"image":{"@id":"https:\/\/autravail.ca\/product\/360-04-chaussettes-de-plein-air\/#primaryimage"},"thumbnailUrl":"https:\/\/autravail.ca\/wp-content\/uploads\/2025\/05\/360-04_A01.jpg","datePublished":"2025-05-08T06:22:36+00:00","dateModified":"2025-12-05T09:11:37+00:00","breadcrumb":{"@id":"https:\/\/autravail.ca\/product\/360-04-chaussettes-de-plein-air\/#breadcrumb"},"inLanguage":"en-CA","potentialAction":[{"@type":"ReadAction","target":["https:\/\/autravail.ca\/product\/360-04-chaussettes-de-plein-air\/"]}]},{"@type":"ImageObject","inLanguage":"en-CA","@id":"https:\/\/autravail.ca\/product\/360-04-chaussettes-de-plein-air\/#primaryimage","url":"https:\/\/autravail.ca\/wp-content\/uploads\/2025\/05\/360-04_A01.jpg","contentUrl":"https:\/\/autravail.ca\/wp-content\/uploads\/2025\/05\/360-04_A01.jpg","width":800,"height":720},{"@type":"BreadcrumbList","@id":"https:\/\/autravail.ca\/product\/360-04-chaussettes-de-plein-air\/#breadcrumb","itemListElement":[{"@type":"ListItem","position":1,"name":"Accueil","item":"https:\/\/autravail.ca\/"},{"@type":"ListItem","position":2,"name":"Magasin","item":"https:\/\/autravail.ca\/en\/shop\/"},{"@type":"ListItem","position":3,"name":"360-04 &#8211; CHAUSSETTES DE PLEIN AIR"}]},{"@type":"WebSite","@id":"https:\/\/autravail.ca\/#website","url":"https:\/\/autravail.ca\/","name":"Le Magasin Industriel","description":"50 ans de tradition de s\u00e9curit\u00e9 au travail","publisher":{"@id":"https:\/\/autravail.ca\/#organization"},"potentialAction":[{"@type":"SearchAction","target":{"@type":"EntryPoint","urlTemplate":"https:\/\/autravail.ca\/?s={search_term_string}"},"query-input":{"@type":"PropertyValueSpecification","valueRequired":true,"valueName":"search_term_string"}}],"inLanguage":"en-CA"},{"@type":"Organization","@id":"https:\/\/autravail.ca\/#organization","name":"Le Magasin Industriel","url":"https:\/\/autravail.ca\/","logo":{"@type":"ImageObject","inLanguage":"en-CA","@id":"https:\/\/autravail.ca\/#\/schema\/logo\/image\/","url":"https:\/\/autravail.ca\/wp-content\/uploads\/2025\/05\/cropped-magasin_industriel_120x.avif","contentUrl":"https:\/\/autravail.ca\/wp-content\/uploads\/2025\/05\/cropped-magasin_industriel_120x.avif","width":120,"height":24,"caption":"Le Magasin Industriel"},"image":{"@id":"https:\/\/autravail.ca\/#\/schema\/logo\/image\/"},"sameAs":["https:\/\/www.facebook.com\/lemagasinindustriel\/?locale=fr_FR"]}]}},"jetpack_sharing_enabled":true,"_links":{"self":[{"href":"https:\/\/autravail.ca\/en\/wp-json\/wp\/v2\/product\/27595","targetHints":{"allow":["GET"]}}],"collection":[{"href":"https:\/\/autravail.ca\/en\/wp-json\/wp\/v2\/product"}],"about":[{"href":"https:\/\/autravail.ca\/en\/wp-json\/wp\/v2\/types\/product"}],"replies":[{"embeddable":true,"href":"https:\/\/autravail.ca\/en\/wp-json\/wp\/v2\/comments?post=27595"}],"wp:featuredmedia":[{"embeddable":true,"href":"https:\/\/autravail.ca\/en\/wp-json\/wp\/v2\/media\/10811"}],"wp:attachment":[{"href":"https:\/\/autravail.ca\/en\/wp-json\/wp\/v2\/media?parent=27595"}],"wp:term":[{"taxonomy":"product_cat","embeddable":true,"href":"https:\/\/autravail.ca\/en\/wp-json\/wp\/v2\/product_cat?post=27595"},{"taxonomy":"product_tag","embeddable":true,"href":"https:\/\/autravail.ca\/en\/wp-json\/wp\/v2\/product_tag?post=27595"}],"curies":[{"name":"wp","href":"https:\/\/api.w.org\/{rel}","templated":true}]}}