{"id":27440,"date":"2025-05-08T06:21:48","date_gmt":"2025-05-08T06:21:48","guid":{"rendered":"https:\/\/meteoquebec.ca\/?post_type=product&#038;p=27440"},"modified":"2025-12-30T14:02:16","modified_gmt":"2025-12-30T18:02:16","slug":"botte-de-travail-royer-3320qd","status":"publish","type":"product","link":"https:\/\/autravail.ca\/en\/product\/botte-de-travail-royer-3320qd\/","title":{"rendered":"Botte de travail Royer &#8211; 3320QD"},"content":{"rendered":"<h3>Botte de travail 6\u00a0\u00bb Royer &#8211; 3320QD<\/h3>\n<div class=\"Y3BBE\" data-sfc-cp=\"\" data-hveid=\"CAEIAhAA\" data-complete=\"true\" data-processed=\"true\">\n<div data-subtree=\"aimfl\" data-complete=\"true\" data-processed=\"true\">La botte de travail <strong class=\"Yjhzub\" data-complete=\"true\" data-processed=\"true\"><a href=\"https:\/\/autravail.ca\/en\/product-brand\/royer\/\">Royer<\/a> &#8211; 3320QD<\/strong> est un bottillon de s\u00e9curit\u00e9 de 6 pouces, con\u00e7u pour \u00eatre enti\u00e8rement\u00a0<strong class=\"Yjhzub\" data-complete=\"true\" data-processed=\"true\">sans m\u00e9tal<\/strong>\u00a0et offrir un confort et une durabilit\u00e9 \u00e9lev\u00e9s gr\u00e2ce \u00e0 sa semelle innovante \u00e0 4 densit\u00e9s<\/div>\n<\/div>\n<div data-subtree=\"aimfl\" data-complete=\"true\" data-processed=\"true\"><\/div>\n<div data-subtree=\"aimfl\" data-complete=\"true\" data-processed=\"true\"><img decoding=\"async\" class=\"alignnone size-full wp-image-40117\" src=\"https:\/\/autravail.ca\/wp-content\/uploads\/2025\/09\/Certification-Omega-Triangle-vert.jpg\" alt=\"Certifications Om\u00e9ga Triangle vert\" width=\"193\" height=\"110\" srcset=\"https:\/\/autravail.ca\/wp-content\/uploads\/2025\/09\/Certification-Omega-Triangle-vert.jpg 193w, https:\/\/autravail.ca\/wp-content\/uploads\/2025\/09\/Certification-Omega-Triangle-vert-150x85.jpg 150w, https:\/\/autravail.ca\/wp-content\/uploads\/2025\/09\/Certification-Omega-Triangle-vert-18x10.jpg 18w\" sizes=\"(max-width: 193px) 100vw, 193px\" \/><\/div>\n<div class=\"Y3BBE\" data-sfc-cp=\"\" data-hveid=\"CAEIAhAA\" data-complete=\"true\" data-processed=\"true\">\n<div data-subtree=\"aimfl\" data-complete=\"true\" data-processed=\"true\"><\/div>\n<\/div>\n<div data-crb-el=\"Hrp5ac\" data-wiz-uids=\"tdi51d_h\" data-processed=\"true\" data-complete=\"true\"><!--Sv6Kpe[[&quot;8e155029-7f1c-495b-b33a-104dbaaa4dcf&quot;,[&quot;Royer 3320QD | Bottes de travail - Riobec&quot;,&quot;Botte de 6 pouces. --. Bottes de travail. Botte 6 pouces sans m\u00e9tal. Cuir de type \u00ab Crazy horse \u00bb Embout de protection en composit...&quot;,&quot;https:\/\/encrypted-tbn0.gstatic.com\/faviconV2?url\\u003dhttps:\/\/riobec.ca\\u0026client\\u003dAIM\\u0026size\\u003d128\\u0026type\\u003dFAVICON\\u0026fallback_opts\\u003dTYPE,SIZE,URL&quot;,&quot;https:\/\/riobec.ca&quot;,[&quot;Riobec&quot;],&quot;https:\/\/riobec.ca\/products\/royer-3320qd&quot;,null,null,&quot;1&quot;,null,[107,null,null,null,null,null,null,null,1],[&quot;https:\/\/encrypted-tbn2.gstatic.com\/images?q\\u003dtbn:ANd9GcTZgRpMteEWLTD-yPdvcgFAOTkTVjRUB5Oo-mCZBf6f34HtP31h&quot;,&quot;&quot;,[null,2],null,null,225,225,&quot;kcOIyb0E&quot;],0,[[1767116876504471,89729264,4061183158],null,null,null,null,[[0,0,1]]],null,0,null,0,null,[null,null,null,null,null,null,null,null,null,null,null,null,null,null,null,null,null,&quot;https:\/\/riobec.ca\/products\/royer-3320qd&quot;,null,null,null,null,[null,null,null,null,null,null,[null,null,null,&quot;\/search\/about-this-result?origin\\u003dwww.google.com\\u0026req\\u003dCidodHRwczovL3Jpb2JlYy5jYS9wcm9kdWN0cy9yb3llci0zMzIwcWQSLAogCgIIcQoaCF1iFgoMY291bnRyeV9uYW1lEgZDYW5hZGESBAoCCEcaAggAGgAiAhABSABYAGgA\\u0026hl\\u003dfr-CA\\u0026gl\\u003dCA&quot;],&quot;https:\/\/www.google.com&quot;],null,null,null,null,null,null,null,null,[&quot;Royer 3320QD | Bottes de travail - Riobec&quot;,&quot;Botte de 6 pouces. --. Bottes de travail. Botte 6 pouces sans m\u00e9tal. Cuir de type \u00ab Crazy horse \u00bb Embout de protection en composite. Embout ext\u00e9rieur PARESHOK en T&quot;,&quot;Riobec&quot;,&quot;https:\/\/encrypted-tbn0.gstatic.com\/faviconV2?url\\u003dhttps:\/\/riobec.ca\\u0026client\\u003dAIM\\u0026size\\u003d128\\u0026type\\u003dFAVICON\\u0026fallback_opts\\u003dTYPE,SIZE,URL&quot;],[null,1,[null,null,5,null,&quot;Royer 3320QD | Bottes de travail - Riobec&quot;,null,&quot;https:\/\/riobec.ca\/products\/royer-3320qd&quot;],[&quot;https:\/\/riobec.ca\/products\/royer-3320qd&quot;,&quot;Royer 3320QD | Bottes de travail - Riobec&quot;,&quot;Botte de 6 pouces. --. Bottes de travail. Botte 6 pouces sans m\u00e9tal. Cuir de type \u00ab Crazy horse \u00bb Embout de protection en composite. Embout ext\u00e9rieur PARESHOK en T&quot;,1,&quot;fr&quot;,&quot;CA&quot;,[null,0,null,null,&quot;helene.leroux207@gmail.com&quot;],&quot;\/s?tbm\\u003dmap\\u0026gs_ri\\u003dmaps\\u0026suggest\\u003dp&quot;,&quot;AIkEHoo-07tpD0yZ9dawF-XOxx20dp-I_w:1767116876548&quot;,&quot;Riobec&quot;],null,null,null,[&quot;https:\/\/riobec.ca\/products\/royer-3320qd&quot;,null,null,null,38,&quot;Source\u00a0: Riobec&quot;],3,[null,null,null,&quot;sge_88f93c5b-1603-4f37-8a9a-4875993d937c&quot;,null,1,null,null,null,null,null,5297367,&quot;AIM&quot;,[null,null,null,null,null,null,null,[[&quot;feedback_entrypoint&quot;,&quot;sge_msaf_action&quot;]],null,null,null,null,null,null,null,null,null,null,null,null,&quot;MAGI_FEATURE&quot;,[&quot;https:\/\/riobec.ca\/products\/royer-3320qd&quot;,&quot;BLUR&quot;,0,0]],null,null,null,null,null,135,null,null,null,null,null,null,null,1,1,null,1]]],0,null,null,null,null,null,null,0,null,null,null,null,null,null,null,null,null,0],0]]--><\/div>\n<div class=\"Fsg96\" data-sfc-cp=\"\" data-processed=\"true\" data-complete=\"true\"><!--Sv6Kpe[]--><\/div>\n<h6 role=\"heading\" aria-level=\"3\" data-processed=\"true\" data-complete=\"true\"><\/h6>\n<h6 class=\"otQkpb\" role=\"heading\" aria-level=\"3\" data-processed=\"true\" data-complete=\"true\">Caract\u00e9ristiques Principales<span class=\"txxDge notranslate\" data-wiz-uids=\"tdi51d_k,tdi51d_l,tdi51d_m\" data-complete=\"true\"><span class=\"vKEkVd\" data-animation-atomic=\"\" data-wiz-attrbind=\"class=tdi51d_k\/TKHnVd;\" data-sae=\"\">\u00a0<\/span><!--Sv6Kpe[[null,null,&quot;62fea80e-2b3e-4225-9655-813882cde038&quot;,null,null,0,0,&quot;&quot;,&quot;&quot;]]--><\/span><!--Sv6Kpe[]--><\/h6>\n<ul class=\"KsbFXc U6u95\" data-complete=\"true\" data-processed=\"true\">\n<li style=\"list-style-type: none;\">\n<ul class=\"KsbFXc U6u95\" data-complete=\"true\" data-processed=\"true\">\n<li data-hveid=\"CAEIBBAA\" data-complete=\"true\" data-sae=\"\"><span class=\"T286Pc\" data-sfc-cp=\"\" data-complete=\"true\">Bottillon de 6 pouces.<!--Sv6Kpe[]--><\/span><!--Sv6Kpe[]--><\/li>\n<li data-hveid=\"CAEIBBAB\" data-complete=\"true\" data-sae=\"\"><span class=\"T286Pc\" data-sfc-cp=\"\" data-complete=\"true\">Cuir pleine fleur de type <em class=\"eujQNb\" data-complete=\"true\">\u00ab Crazy horse \u00bb<!--Sv6Kpe[]--><\/em>, reconnu pour sa robustesse et sa r\u00e9sistance \u00e0 l&rsquo;eau.<!--Sv6Kpe[]--><\/span><!--Sv6Kpe[]--><\/li>\n<li data-hveid=\"CAEIBBAC\" data-complete=\"true\" data-sae=\"\"><span class=\"T286Pc\" data-sfc-cp=\"\" data-complete=\"true\">Embout de protection en <strong class=\"Yjhzub\" data-complete=\"true\">composite<!--Sv6Kpe[]--><\/strong>, ce qui rend la botte l\u00e9g\u00e8re et sans m\u00e9tal.<!--Sv6Kpe[]--><\/span><!--Sv6Kpe[]--><span class=\"T286Pc\" data-sfc-cp=\"\" data-complete=\"true\"><br \/>\n<!--Sv6Kpe[]--><\/span><!--Sv6Kpe[]--><\/li>\n<li data-hveid=\"CAEIBBAE\" data-complete=\"true\" data-sae=\"\"><span class=\"T286Pc\" data-sfc-cp=\"\" data-complete=\"true\">Semelle non m\u00e9tallique (composite) pour une protection efficace sans ajouter de poids.<!--Sv6Kpe[]--><\/span><!--Sv6Kpe[]--><\/li>\n<li data-hveid=\"CAEIBBAF\" data-complete=\"true\" data-sae=\"\"><span class=\"T286Pc\" data-sfc-cp=\"\" data-complete=\"true\">Une caract\u00e9ristique unique utilisant quatre densit\u00e9s diff\u00e9rentes de caoutchouc, PU (polyur\u00e9thane) et TPU (polyur\u00e9thane thermoplastique). Cette conception optimise l&rsquo;adh\u00e9rence, l&rsquo;absorption des chocs et la durabilit\u00e9.<!--Sv6Kpe[]--><\/span><!--Sv6Kpe[]--><\/li>\n<li data-hveid=\"CAEIBBAG\" data-complete=\"true\" data-sae=\"\"><span class=\"T286Pc\" data-sfc-cp=\"\" data-complete=\"true\">Un embout <strong class=\"Yjhzub\" data-complete=\"true\">PARESHOK\u2122 <\/strong>en TPU textur\u00e9 ultra-r\u00e9sistant qui prot\u00e8ge le cuir contre l&rsquo;abrasion et l&rsquo;usure pr\u00e9matur\u00e9e \u00e0 l&rsquo;avant du pied.<!--Sv6Kpe[]--><\/span><!--Sv6Kpe[]--><\/li>\n<li data-hveid=\"CAEIBBAH\" data-complete=\"true\" data-sae=\"\"><span class=\"T286Pc\" data-sfc-cp=\"\" data-complete=\"true\">Doublure de <strong class=\"Yjhzub\" data-complete=\"true\">TAIBRELLE\u00ae<!--Sv6Kpe[]--><\/strong> pour la gestion de l&rsquo;humidit\u00e9.<!--Sv6Kpe[]--><\/span><!--Sv6Kpe[]--><\/li>\n<li data-hveid=\"CAEIBBAI\" data-complete=\"true\" data-sae=\"\"><span class=\"T286Pc\" data-sfc-cp=\"\" data-complete=\"true\">Semelle de propret\u00e9 en PU de faible densit\u00e9 pour un confort accru.<!--Sv6Kpe[]--><\/span><!--Sv6Kpe[]--><\/li>\n<li data-hveid=\"CAEIBBAJ\" data-complete=\"true\" data-sae=\"\"><span class=\"T286Pc\" data-sfc-cp=\"\" data-complete=\"true\">La construction sans m\u00e9tal contribue \u00e0 sa l\u00e9g\u00e8ret\u00e9, r\u00e9duisant la fatigue sur de longues p\u00e9riodes.<!--Sv6Kpe[]--><\/span><span class=\"uJ19be notranslate\" data-wiz-uids=\"tdi51d_1l,tdi51d_1m,tdi51d_1n\" data-complete=\"true\"><span class=\"vKEkVd\" data-animation-atomic=\"\" data-wiz-attrbind=\"class=tdi51d_1l\/TKHnVd;\" data-sae=\"\">\u00a0<\/span><\/span><\/li>\n<\/ul>\n<\/li>\n<\/ul>\n<h6 class=\"otQkpb\" role=\"heading\" aria-level=\"3\" data-complete=\"true\" data-processed=\"true\"><span class=\"txxDge notranslate\" data-wiz-uids=\"tdi51d_2g,tdi51d_2h,tdi51d_2i\" data-complete=\"true\"><!--Sv6Kpe[[null,null,&quot;3670ba42-8c3e-409c-bc1a-6fca600a2e4d&quot;,null,null,0,0,&quot;&quot;,&quot;&quot;]]--><\/span><!--Sv6Kpe[]--><\/h6>\n<div class=\"Y3BBE\" data-sfc-cp=\"\" data-hveid=\"CAEICBAA\" data-processed=\"true\" data-complete=\"true\">En conclusion, la botte de travail 6\u00a0\u00bb Royer 3320QD est id\u00e9ale pour les travailleurs qui ont besoin d&rsquo;une botte de s\u00e9curit\u00e9 l\u00e9g\u00e8re et sans m\u00e9tal, offrant une excellente protection contre les impacts et les perforations, ainsi qu&rsquo;une semelle durable et confortable pour un usage quotidien dans des environnements vari\u00e9s.<span class=\"uJ19be notranslate\" data-wiz-uids=\"tdi51d_2k,tdi51d_2l,tdi51d_2m\" data-complete=\"true\" data-processed=\"true\"><span class=\"vKEkVd\" data-animation-atomic=\"\" data-wiz-attrbind=\"class=tdi51d_2k\/TKHnVd;\" data-sae=\"\">\u00a0<\/span><\/span><\/div>\n<p>&nbsp;<\/p>\n<p><em><span style=\"color: #fa0b0b;\">Unisex U.S. men's sizes presented. To convert to U.S. women's size, add 2 sizes. Example: 5 U.S. men = 7 U.S. women<\/span><\/em><\/p>\n<p><img decoding=\"async\" class=\"alignnone wp-image-40620\" src=\"https:\/\/autravail.ca\/wp-content\/uploads\/2025\/09\/Jachete-quebec-et-canada.jpg\" alt=\"Logo de l'achat local\" width=\"162\" height=\"139\" \/>Merci d&rsquo;encourager une entreprise 100% d&rsquo;ici!<\/p>\n<p>TS3012H<\/p>","protected":false},"excerpt":{"rendered":"<p>Botte de travail 6\u00a0\u00bb Royer &#8211; 3320QD La botte de travail Royer &#8211; 3320QD est un bottillon de s\u00e9curit\u00e9 de 6 pouces, con\u00e7u pour \u00eatre enti\u00e8rement\u00a0sans m\u00e9tal\u00a0et offrir un confort et une durabilit\u00e9 \u00e9lev\u00e9s gr\u00e2ce \u00e0 sa semelle innovante \u00e0 4 densit\u00e9s Caract\u00e9ristiques Principales\u00a0 Bottillon de 6 pouces. Cuir pleine fleur de type \u00ab Crazy [&hellip;]<\/p>","protected":false},"featured_media":10587,"comment_status":"open","ping_status":"closed","template":"","meta":[],"product_cat":[621,602],"product_tag":[260,252,242,253],"class_list":{"0":"post-27440","1":"product","2":"type-product","3":"status-publish","4":"has-post-thumbnail","6":"product_brand-royer","7":"product_cat-bottes-de-travail-6","8":"product_cat-hommes","9":"product_tag-bottillons-de-travail","10":"product_tag-electric-shock-resistant","11":"product_tag-homme","12":"product_tag-sole-protection","14":"first","15":"instock","16":"taxable","17":"shipping-taxable","18":"purchasable","19":"product-type-variable"},"yoast_head":"<!-- This site is optimized with the Yoast SEO plugin v25.3.1 - https:\/\/yoast.com\/wordpress\/plugins\/seo\/ -->\n<title>Botte de travail Royer - 3320QD - Le Magasin Industriel<\/title>\n<meta name=\"description\" content=\"Botte de travail Royer - 3320QD, 4 densit\u00e9es, l\u00e9g\u00e8re et sans m\u00e9tal, confortable et durable pour un usage au quotidien, tout cuir\" \/>\n<meta name=\"robots\" content=\"index, follow, max-snippet:-1, max-image-preview:large, max-video-preview:-1\" \/>\n<link rel=\"canonical\" href=\"https:\/\/autravail.ca\/en\/product\/botte-de-travail-royer-3320qd\/\" \/>\n<meta property=\"og:locale\" content=\"en_US\" \/>\n<meta property=\"og:type\" content=\"article\" \/>\n<meta property=\"og:title\" content=\"Botte de travail Royer - 3320QD - Le Magasin Industriel\" \/>\n<meta property=\"og:description\" content=\"Botte de travail Royer - 3320QD, 4 densit\u00e9es, l\u00e9g\u00e8re et sans m\u00e9tal, confortable et durable pour un usage au quotidien, tout cuir\" \/>\n<meta property=\"og:url\" content=\"https:\/\/autravail.ca\/en\/product\/botte-de-travail-royer-3320qd\/\" \/>\n<meta property=\"og:site_name\" content=\"Le Magasin Industriel\" \/>\n<meta property=\"article:publisher\" content=\"https:\/\/www.facebook.com\/lemagasinindustriel\/?locale=fr_FR\" \/>\n<meta property=\"article:modified_time\" content=\"2025-12-30T18:02:16+00:00\" \/>\n<meta property=\"og:image\" content=\"https:\/\/autravail.ca\/wp-content\/uploads\/2025\/05\/3320QD_A01_561ccc3c-9b32-4c11-9551-8f940f9b8c30.jpg\" \/>\n\t<meta property=\"og:image:width\" content=\"1000\" \/>\n\t<meta property=\"og:image:height\" content=\"1000\" \/>\n\t<meta property=\"og:image:type\" content=\"image\/jpeg\" \/>\n<meta name=\"twitter:card\" content=\"summary_large_image\" \/>\n<meta name=\"twitter:label1\" content=\"Est. reading time\" \/>\n\t<meta name=\"twitter:data1\" content=\"2 minutes\" \/>\n<script type=\"application\/ld+json\" class=\"yoast-schema-graph\">{\"@context\":\"https:\/\/schema.org\",\"@graph\":[{\"@type\":\"WebPage\",\"@id\":\"https:\/\/autravail.ca\/product\/botte-de-travail-royer-3320qd\/\",\"url\":\"https:\/\/autravail.ca\/product\/botte-de-travail-royer-3320qd\/\",\"name\":\"Botte de travail Royer - 3320QD - Le Magasin Industriel\",\"isPartOf\":{\"@id\":\"https:\/\/autravail.ca\/#website\"},\"primaryImageOfPage\":{\"@id\":\"https:\/\/autravail.ca\/product\/botte-de-travail-royer-3320qd\/#primaryimage\"},\"image\":{\"@id\":\"https:\/\/autravail.ca\/product\/botte-de-travail-royer-3320qd\/#primaryimage\"},\"thumbnailUrl\":\"https:\/\/autravail.ca\/wp-content\/uploads\/2025\/05\/3320QD_A01_561ccc3c-9b32-4c11-9551-8f940f9b8c30.jpg\",\"datePublished\":\"2025-05-08T06:21:48+00:00\",\"dateModified\":\"2025-12-30T18:02:16+00:00\",\"description\":\"Botte de travail Royer - 3320QD, 4 densit\u00e9es, l\u00e9g\u00e8re et sans m\u00e9tal, confortable et durable pour un usage au quotidien, tout cuir\",\"breadcrumb\":{\"@id\":\"https:\/\/autravail.ca\/product\/botte-de-travail-royer-3320qd\/#breadcrumb\"},\"inLanguage\":\"en-CA\",\"potentialAction\":[{\"@type\":\"ReadAction\",\"target\":[\"https:\/\/autravail.ca\/product\/botte-de-travail-royer-3320qd\/\"]}]},{\"@type\":\"ImageObject\",\"inLanguage\":\"en-CA\",\"@id\":\"https:\/\/autravail.ca\/product\/botte-de-travail-royer-3320qd\/#primaryimage\",\"url\":\"https:\/\/autravail.ca\/wp-content\/uploads\/2025\/05\/3320QD_A01_561ccc3c-9b32-4c11-9551-8f940f9b8c30.jpg\",\"contentUrl\":\"https:\/\/autravail.ca\/wp-content\/uploads\/2025\/05\/3320QD_A01_561ccc3c-9b32-4c11-9551-8f940f9b8c30.jpg\",\"width\":1000,\"height\":1000},{\"@type\":\"BreadcrumbList\",\"@id\":\"https:\/\/autravail.ca\/product\/botte-de-travail-royer-3320qd\/#breadcrumb\",\"itemListElement\":[{\"@type\":\"ListItem\",\"position\":1,\"name\":\"Accueil\",\"item\":\"https:\/\/autravail.ca\/\"},{\"@type\":\"ListItem\",\"position\":2,\"name\":\"Magasin\",\"item\":\"https:\/\/autravail.ca\/en\/shop\/\"},{\"@type\":\"ListItem\",\"position\":3,\"name\":\"Botte de travail Royer &#8211; 3320QD\"}]},{\"@type\":\"WebSite\",\"@id\":\"https:\/\/autravail.ca\/#website\",\"url\":\"https:\/\/autravail.ca\/\",\"name\":\"Le Magasin Industriel\",\"description\":\"50 ans de tradition de s\u00e9curit\u00e9 au travail\",\"publisher\":{\"@id\":\"https:\/\/autravail.ca\/#organization\"},\"potentialAction\":[{\"@type\":\"SearchAction\",\"target\":{\"@type\":\"EntryPoint\",\"urlTemplate\":\"https:\/\/autravail.ca\/?s={search_term_string}\"},\"query-input\":{\"@type\":\"PropertyValueSpecification\",\"valueRequired\":true,\"valueName\":\"search_term_string\"}}],\"inLanguage\":\"en-CA\"},{\"@type\":\"Organization\",\"@id\":\"https:\/\/autravail.ca\/#organization\",\"name\":\"Le Magasin Industriel\",\"url\":\"https:\/\/autravail.ca\/\",\"logo\":{\"@type\":\"ImageObject\",\"inLanguage\":\"en-CA\",\"@id\":\"https:\/\/autravail.ca\/#\/schema\/logo\/image\/\",\"url\":\"https:\/\/autravail.ca\/wp-content\/uploads\/2025\/05\/cropped-magasin_industriel_120x.avif\",\"contentUrl\":\"https:\/\/autravail.ca\/wp-content\/uploads\/2025\/05\/cropped-magasin_industriel_120x.avif\",\"width\":120,\"height\":24,\"caption\":\"Le Magasin Industriel\"},\"image\":{\"@id\":\"https:\/\/autravail.ca\/#\/schema\/logo\/image\/\"},\"sameAs\":[\"https:\/\/www.facebook.com\/lemagasinindustriel\/?locale=fr_FR\"]}]}<\/script>\n<!-- \/ Yoast SEO plugin. -->","yoast_head_json":{"title":"Botte de travail Royer - 3320QD - Le Magasin Industriel","description":"Botte de travail Royer - 3320QD, 4 densit\u00e9es, l\u00e9g\u00e8re et sans m\u00e9tal, confortable et durable pour un usage au quotidien, tout cuir","robots":{"index":"index","follow":"follow","max-snippet":"max-snippet:-1","max-image-preview":"max-image-preview:large","max-video-preview":"max-video-preview:-1"},"canonical":"https:\/\/autravail.ca\/en\/product\/botte-de-travail-royer-3320qd\/","og_locale":"en_US","og_type":"article","og_title":"Botte de travail Royer - 3320QD - Le Magasin Industriel","og_description":"Botte de travail Royer - 3320QD, 4 densit\u00e9es, l\u00e9g\u00e8re et sans m\u00e9tal, confortable et durable pour un usage au quotidien, tout cuir","og_url":"https:\/\/autravail.ca\/en\/product\/botte-de-travail-royer-3320qd\/","og_site_name":"Le Magasin Industriel","article_publisher":"https:\/\/www.facebook.com\/lemagasinindustriel\/?locale=fr_FR","article_modified_time":"2025-12-30T18:02:16+00:00","og_image":[{"width":1000,"height":1000,"url":"https:\/\/autravail.ca\/wp-content\/uploads\/2025\/05\/3320QD_A01_561ccc3c-9b32-4c11-9551-8f940f9b8c30.jpg","type":"image\/jpeg"}],"twitter_card":"summary_large_image","twitter_misc":{"Est. reading time":"2 minutes"},"schema":{"@context":"https:\/\/schema.org","@graph":[{"@type":"WebPage","@id":"https:\/\/autravail.ca\/product\/botte-de-travail-royer-3320qd\/","url":"https:\/\/autravail.ca\/product\/botte-de-travail-royer-3320qd\/","name":"Botte de travail Royer - 3320QD - Le Magasin Industriel","isPartOf":{"@id":"https:\/\/autravail.ca\/#website"},"primaryImageOfPage":{"@id":"https:\/\/autravail.ca\/product\/botte-de-travail-royer-3320qd\/#primaryimage"},"image":{"@id":"https:\/\/autravail.ca\/product\/botte-de-travail-royer-3320qd\/#primaryimage"},"thumbnailUrl":"https:\/\/autravail.ca\/wp-content\/uploads\/2025\/05\/3320QD_A01_561ccc3c-9b32-4c11-9551-8f940f9b8c30.jpg","datePublished":"2025-05-08T06:21:48+00:00","dateModified":"2025-12-30T18:02:16+00:00","description":"Botte de travail Royer - 3320QD, 4 densit\u00e9es, l\u00e9g\u00e8re et sans m\u00e9tal, confortable et durable pour un usage au quotidien, tout cuir","breadcrumb":{"@id":"https:\/\/autravail.ca\/product\/botte-de-travail-royer-3320qd\/#breadcrumb"},"inLanguage":"en-CA","potentialAction":[{"@type":"ReadAction","target":["https:\/\/autravail.ca\/product\/botte-de-travail-royer-3320qd\/"]}]},{"@type":"ImageObject","inLanguage":"en-CA","@id":"https:\/\/autravail.ca\/product\/botte-de-travail-royer-3320qd\/#primaryimage","url":"https:\/\/autravail.ca\/wp-content\/uploads\/2025\/05\/3320QD_A01_561ccc3c-9b32-4c11-9551-8f940f9b8c30.jpg","contentUrl":"https:\/\/autravail.ca\/wp-content\/uploads\/2025\/05\/3320QD_A01_561ccc3c-9b32-4c11-9551-8f940f9b8c30.jpg","width":1000,"height":1000},{"@type":"BreadcrumbList","@id":"https:\/\/autravail.ca\/product\/botte-de-travail-royer-3320qd\/#breadcrumb","itemListElement":[{"@type":"ListItem","position":1,"name":"Accueil","item":"https:\/\/autravail.ca\/"},{"@type":"ListItem","position":2,"name":"Magasin","item":"https:\/\/autravail.ca\/en\/shop\/"},{"@type":"ListItem","position":3,"name":"Botte de travail Royer &#8211; 3320QD"}]},{"@type":"WebSite","@id":"https:\/\/autravail.ca\/#website","url":"https:\/\/autravail.ca\/","name":"Le Magasin Industriel","description":"50 ans de tradition de s\u00e9curit\u00e9 au travail","publisher":{"@id":"https:\/\/autravail.ca\/#organization"},"potentialAction":[{"@type":"SearchAction","target":{"@type":"EntryPoint","urlTemplate":"https:\/\/autravail.ca\/?s={search_term_string}"},"query-input":{"@type":"PropertyValueSpecification","valueRequired":true,"valueName":"search_term_string"}}],"inLanguage":"en-CA"},{"@type":"Organization","@id":"https:\/\/autravail.ca\/#organization","name":"Le Magasin Industriel","url":"https:\/\/autravail.ca\/","logo":{"@type":"ImageObject","inLanguage":"en-CA","@id":"https:\/\/autravail.ca\/#\/schema\/logo\/image\/","url":"https:\/\/autravail.ca\/wp-content\/uploads\/2025\/05\/cropped-magasin_industriel_120x.avif","contentUrl":"https:\/\/autravail.ca\/wp-content\/uploads\/2025\/05\/cropped-magasin_industriel_120x.avif","width":120,"height":24,"caption":"Le Magasin Industriel"},"image":{"@id":"https:\/\/autravail.ca\/#\/schema\/logo\/image\/"},"sameAs":["https:\/\/www.facebook.com\/lemagasinindustriel\/?locale=fr_FR"]}]}},"jetpack_sharing_enabled":true,"_links":{"self":[{"href":"https:\/\/autravail.ca\/en\/wp-json\/wp\/v2\/product\/27440","targetHints":{"allow":["GET"]}}],"collection":[{"href":"https:\/\/autravail.ca\/en\/wp-json\/wp\/v2\/product"}],"about":[{"href":"https:\/\/autravail.ca\/en\/wp-json\/wp\/v2\/types\/product"}],"replies":[{"embeddable":true,"href":"https:\/\/autravail.ca\/en\/wp-json\/wp\/v2\/comments?post=27440"}],"wp:featuredmedia":[{"embeddable":true,"href":"https:\/\/autravail.ca\/en\/wp-json\/wp\/v2\/media\/10587"}],"wp:attachment":[{"href":"https:\/\/autravail.ca\/en\/wp-json\/wp\/v2\/media?parent=27440"}],"wp:term":[{"taxonomy":"product_cat","embeddable":true,"href":"https:\/\/autravail.ca\/en\/wp-json\/wp\/v2\/product_cat?post=27440"},{"taxonomy":"product_tag","embeddable":true,"href":"https:\/\/autravail.ca\/en\/wp-json\/wp\/v2\/product_tag?post=27440"}],"curies":[{"name":"wp","href":"https:\/\/api.w.org\/{rel}","templated":true}]}}