{"id":27381,"date":"2025-05-08T06:21:29","date_gmt":"2025-05-08T06:21:29","guid":{"rendered":"https:\/\/meteoquebec.ca\/?post_type=product&#038;p=27381"},"modified":"2025-12-29T17:51:15","modified_gmt":"2025-12-29T21:51:15","slug":"chandail-ouate-avec-capuchon-mo-3320","status":"publish","type":"product","link":"https:\/\/autravail.ca\/en\/product\/chandail-ouate-avec-capuchon-mo-3320\/","title":{"rendered":"Chandail ouat\u00e9 avec capuchon M&#038;O &#8211; 3320"},"content":{"rendered":"<h3>Chandail ouat\u00e9 avec capuchon M&amp;O &#8211; 3320<\/h3>\n<p>Chandail ouat\u00e9 avec capuchon M&amp;O &#8211; 3320 unisexe, est confortable et l\u00e9g\u00e8r, il est fabriqu\u00e9e avec un m\u00e9lange de coton et de polyester, offrant douceur et durabilit\u00e9.<\/p>\n<p><strong>Caract\u00e9ristiques principales :<\/strong><\/p>\n<p>Cordon de serrage assorti : Le cordon de serrage plat est assorti \u00e0 la couleur du corps. Seil les couleurs\u00a0Cantaloup et le Bleu Puriste ont des cordons plats naturels contrast\u00e9s.<\/p>\n<p>Poignets et ceinture en \u00e9lasthanne\u00a0: Les poignets et la ceinture sont en \u00e9lasthanne pour un ajustement confortable et s\u00fbr.<\/p>\n<p>\u00c9tiquette d\u00e9tachable\u00a0: Retirez facilement l&rsquo;\u00e9tiquette pour plus de confort ou pour personnaliser votre marque.<\/p>\n<p>Conformit\u00e9 \u00e0 l&rsquo;ALENA\u00a0: Conforme aux normes de l&rsquo;Accord de libre-\u00e9change nord-am\u00e9ricain.<\/p>\n<p><strong>Options de personnalisation\u00a0:<\/strong><br \/>\nVous pouvez personnaliser votre sweat \u00e0 capuche avec une broderie ou une impression par transfert thermique.<\/p>\n<p><strong>Conseils d&rsquo;entretien\u00a0:<\/strong><br \/>\nAfin de conserver votre chandail ouat\u00e9 avec capuchon en parfait \u00e9tat, suivez ces conseils :<\/p>\n<p><strong>Avant le lavage\u00a0:<\/strong><br \/>\nVidez toutes les poches.<\/p>\n<p>Retournez le v\u00eatement.<\/p>\n<p><strong>Lavage en machine\u00a0:<\/strong><br \/>\nUtilisez un cycle d\u00e9licat \u00e0 l\u2019eau froide ou ti\u00e8de.<\/p>\n<p>\u00c9vitez l\u2019eau de Javel et les assouplissants, car ils peuvent endommager les fibres.<\/p>\n<p>Essorez \u00e0 basse vitesse (400-800 tr\/min) pour \u00e9viter les plis et le boulochage.<\/p>\n<p><strong>S\u00e9chage\u00a0:<\/strong><br \/>\nS\u00e9chez \u00e0 l\u2019air libre autant que possible. Posez \u00e0 plat ou suspendez sur un cintre, \u00e0 l\u2019abri de la lumi\u00e8re directe du soleil, pour \u00e9viter la d\u00e9coloration.<\/p>\n<p>\u00c9vitez d\u2019utiliser un s\u00e8che-linge, car la chaleur peut faire r\u00e9tr\u00e9cir et\/ou endommager la polaire.<\/p>\n<p><strong>Conseils suppl\u00e9mentaires\u00a0:<\/strong><br \/>\nLavez votre polaire avec des couleurs similaires pour \u00e9viter toute d\u00e9coloration.<\/p>\n<p>En cas de doute sur l\u2019entretien, consultez toujours l\u2019\u00e9tiquette d\u2019entretien du v\u00eatement.<\/p>\n<p>Disponible dans les grandeurs xsmall \u00e0 3xlarge.<\/p>\n<h3>Sp\u00e9cifications<\/h3>\n<table class=\"specTable\">\n<tbody>\n<tr>\n<th><\/th>\n<th>XS<\/th>\n<th>S<\/th>\n<th>M<\/th>\n<th>L<\/th>\n<th>XL<\/th>\n<th>2XL<\/th>\n<th>3XL<\/th>\n<th>4XL<\/th>\n<th>5XL<\/th>\n<\/tr>\n<tr>\n<td>Longueur du corps<\/td>\n<td>26 1\/2<\/td>\n<td>27 1\/2<\/td>\n<td>28 1\/2<\/td>\n<td>29 1\/2<\/td>\n<td>30 1\/2<\/td>\n<td>31 1\/2<\/td>\n<td>32 1\/2<\/td>\n<td>33 1\/2<\/td>\n<td>34 1\/2<\/td>\n<\/tr>\n<tr>\n<td>Largeur de la poitrine \u00e0 plat<\/td>\n<td>18 1\/2<\/td>\n<td>20 1\/2<\/td>\n<td>22 1\/2<\/td>\n<td>24 1\/2<\/td>\n<td>26 1\/2<\/td>\n<td>28 1\/2<\/td>\n<td>30 1\/2<\/td>\n<td>32 1\/2<\/td>\n<td>34 1\/2<\/td>\n<\/tr>\n<tr>\n<td>Longueur des manches<\/td>\n<td>34 1\/4<\/td>\n<td>35<\/td>\n<td>35 3\/4<\/td>\n<td>36 1\/2<\/td>\n<td>37 1\/4<\/td>\n<td>38<\/td>\n<td>38 3\/4<\/td>\n<td>39 1\/2<\/td>\n<td>40 1\/4<\/td>\n<\/tr>\n<\/tbody>\n<\/table>\n<p><img decoding=\"async\" class=\"alignnone wp-image-40620\" src=\"https:\/\/autravail.ca\/wp-content\/uploads\/2025\/09\/Jachete-quebec-et-canada.jpg\" alt=\"Logo de l'achat local\" width=\"162\" height=\"139\" \/>Merci d&rsquo;encourager une entreprise 100% d&rsquo;ici!<\/p>\n<p>TS2912H<\/p>\n<p>&nbsp;<\/p>","protected":false},"excerpt":{"rendered":"<p>Chandail ouat\u00e9 avec capuchon M&amp;O &#8211; 3320 Chandail ouat\u00e9 avec capuchon M&amp;O &#8211; 3320 unisexe, est confortable et l\u00e9g\u00e8r, il est fabriqu\u00e9e avec un m\u00e9lange de coton et de polyester, offrant douceur et durabilit\u00e9. Caract\u00e9ristiques principales : Cordon de serrage assorti : Le cordon de serrage plat est assorti \u00e0 la couleur du corps. Seil [&hellip;]<\/p>","protected":false},"featured_media":10524,"comment_status":"open","ping_status":"closed","template":"","meta":[],"product_cat":[630,633,602,812,629,628],"product_tag":[255,242,293],"class_list":{"0":"post-27381","1":"product","2":"type-product","3":"status-publish","4":"has-post-thumbnail","6":"product_brand-gildan","7":"product_cat-chandails","8":"product_cat-femmes","9":"product_cat-hommes","10":"product_cat-hoodies","11":"product_cat-polos","12":"product_cat-t-shirts","13":"product_tag-femme","14":"product_tag-homme","15":"product_tag-t-shirts-polos-et-chandails","17":"first","18":"instock","19":"taxable","20":"shipping-taxable","21":"purchasable","22":"product-type-variable"},"yoast_head":"<!-- This site is optimized with the Yoast SEO plugin v25.3.1 - https:\/\/yoast.com\/wordpress\/plugins\/seo\/ -->\n<title>Chandail ouat\u00e9 avec capuchon M&amp;O - 3320 - Le Magasin Industriel<\/title>\n<meta name=\"description\" content=\"Chandail ouat\u00e9 avec capuchon M&amp;O - 3320, rester au chaud avec ce molleton avec capuchon et poche kangourou, coupe r\u00e9guli\u00e8re, coton et polyester\" \/>\n<meta name=\"robots\" content=\"index, follow, max-snippet:-1, max-image-preview:large, max-video-preview:-1\" \/>\n<link rel=\"canonical\" href=\"https:\/\/autravail.ca\/en\/product\/chandail-ouate-avec-capuchon-mo-3320\/\" \/>\n<meta property=\"og:locale\" content=\"en_US\" \/>\n<meta property=\"og:type\" content=\"article\" \/>\n<meta property=\"og:title\" content=\"Chandail ouat\u00e9 avec capuchon M&amp;O - 3320 - Le Magasin Industriel\" \/>\n<meta property=\"og:description\" content=\"Chandail ouat\u00e9 avec capuchon M&amp;O - 3320, rester au chaud avec ce molleton avec capuchon et poche kangourou, coupe r\u00e9guli\u00e8re, coton et polyester\" \/>\n<meta property=\"og:url\" content=\"https:\/\/autravail.ca\/en\/product\/chandail-ouate-avec-capuchon-mo-3320\/\" \/>\n<meta property=\"og:site_name\" content=\"Le Magasin Industriel\" \/>\n<meta property=\"article:publisher\" content=\"https:\/\/www.facebook.com\/lemagasinindustriel\/?locale=fr_FR\" \/>\n<meta property=\"article:modified_time\" content=\"2025-12-29T21:51:15+00:00\" \/>\n<meta property=\"og:image\" content=\"https:\/\/autravail.ca\/wp-content\/uploads\/2025\/05\/3320_roy_A01.jpg\" \/>\n\t<meta property=\"og:image:width\" content=\"1000\" \/>\n\t<meta property=\"og:image:height\" content=\"1000\" \/>\n\t<meta property=\"og:image:type\" content=\"image\/jpeg\" \/>\n<meta name=\"twitter:card\" content=\"summary_large_image\" \/>\n<meta name=\"twitter:label1\" content=\"Est. reading time\" \/>\n\t<meta name=\"twitter:data1\" content=\"3 minutes\" \/>\n<script type=\"application\/ld+json\" class=\"yoast-schema-graph\">{\"@context\":\"https:\/\/schema.org\",\"@graph\":[{\"@type\":\"WebPage\",\"@id\":\"https:\/\/autravail.ca\/product\/chandail-ouate-avec-capuchon-mo-3320\/\",\"url\":\"https:\/\/autravail.ca\/product\/chandail-ouate-avec-capuchon-mo-3320\/\",\"name\":\"Chandail ouat\u00e9 avec capuchon M&O - 3320 - Le Magasin Industriel\",\"isPartOf\":{\"@id\":\"https:\/\/autravail.ca\/#website\"},\"primaryImageOfPage\":{\"@id\":\"https:\/\/autravail.ca\/product\/chandail-ouate-avec-capuchon-mo-3320\/#primaryimage\"},\"image\":{\"@id\":\"https:\/\/autravail.ca\/product\/chandail-ouate-avec-capuchon-mo-3320\/#primaryimage\"},\"thumbnailUrl\":\"https:\/\/autravail.ca\/wp-content\/uploads\/2025\/05\/3320_roy_A01.jpg\",\"datePublished\":\"2025-05-08T06:21:29+00:00\",\"dateModified\":\"2025-12-29T21:51:15+00:00\",\"description\":\"Chandail ouat\u00e9 avec capuchon M&O - 3320, rester au chaud avec ce molleton avec capuchon et poche kangourou, coupe r\u00e9guli\u00e8re, coton et polyester\",\"breadcrumb\":{\"@id\":\"https:\/\/autravail.ca\/product\/chandail-ouate-avec-capuchon-mo-3320\/#breadcrumb\"},\"inLanguage\":\"en-CA\",\"potentialAction\":[{\"@type\":\"ReadAction\",\"target\":[\"https:\/\/autravail.ca\/product\/chandail-ouate-avec-capuchon-mo-3320\/\"]}]},{\"@type\":\"ImageObject\",\"inLanguage\":\"en-CA\",\"@id\":\"https:\/\/autravail.ca\/product\/chandail-ouate-avec-capuchon-mo-3320\/#primaryimage\",\"url\":\"https:\/\/autravail.ca\/wp-content\/uploads\/2025\/05\/3320_roy_A01.jpg\",\"contentUrl\":\"https:\/\/autravail.ca\/wp-content\/uploads\/2025\/05\/3320_roy_A01.jpg\",\"width\":1000,\"height\":1000},{\"@type\":\"BreadcrumbList\",\"@id\":\"https:\/\/autravail.ca\/product\/chandail-ouate-avec-capuchon-mo-3320\/#breadcrumb\",\"itemListElement\":[{\"@type\":\"ListItem\",\"position\":1,\"name\":\"Accueil\",\"item\":\"https:\/\/autravail.ca\/\"},{\"@type\":\"ListItem\",\"position\":2,\"name\":\"Magasin\",\"item\":\"https:\/\/autravail.ca\/en\/shop\/\"},{\"@type\":\"ListItem\",\"position\":3,\"name\":\"Chandail ouat\u00e9 avec capuchon M&#038;O &#8211; 3320\"}]},{\"@type\":\"WebSite\",\"@id\":\"https:\/\/autravail.ca\/#website\",\"url\":\"https:\/\/autravail.ca\/\",\"name\":\"Le Magasin Industriel\",\"description\":\"50 ans de tradition de s\u00e9curit\u00e9 au travail\",\"publisher\":{\"@id\":\"https:\/\/autravail.ca\/#organization\"},\"potentialAction\":[{\"@type\":\"SearchAction\",\"target\":{\"@type\":\"EntryPoint\",\"urlTemplate\":\"https:\/\/autravail.ca\/?s={search_term_string}\"},\"query-input\":{\"@type\":\"PropertyValueSpecification\",\"valueRequired\":true,\"valueName\":\"search_term_string\"}}],\"inLanguage\":\"en-CA\"},{\"@type\":\"Organization\",\"@id\":\"https:\/\/autravail.ca\/#organization\",\"name\":\"Le Magasin Industriel\",\"url\":\"https:\/\/autravail.ca\/\",\"logo\":{\"@type\":\"ImageObject\",\"inLanguage\":\"en-CA\",\"@id\":\"https:\/\/autravail.ca\/#\/schema\/logo\/image\/\",\"url\":\"https:\/\/autravail.ca\/wp-content\/uploads\/2025\/05\/cropped-magasin_industriel_120x.avif\",\"contentUrl\":\"https:\/\/autravail.ca\/wp-content\/uploads\/2025\/05\/cropped-magasin_industriel_120x.avif\",\"width\":120,\"height\":24,\"caption\":\"Le Magasin Industriel\"},\"image\":{\"@id\":\"https:\/\/autravail.ca\/#\/schema\/logo\/image\/\"},\"sameAs\":[\"https:\/\/www.facebook.com\/lemagasinindustriel\/?locale=fr_FR\"]}]}<\/script>\n<!-- \/ Yoast SEO plugin. -->","yoast_head_json":{"title":"Chandail ouat\u00e9 avec capuchon M&O - 3320 - Le Magasin Industriel","description":"Chandail ouat\u00e9 avec capuchon M&O - 3320, rester au chaud avec ce molleton avec capuchon et poche kangourou, coupe r\u00e9guli\u00e8re, coton et polyester","robots":{"index":"index","follow":"follow","max-snippet":"max-snippet:-1","max-image-preview":"max-image-preview:large","max-video-preview":"max-video-preview:-1"},"canonical":"https:\/\/autravail.ca\/en\/product\/chandail-ouate-avec-capuchon-mo-3320\/","og_locale":"en_US","og_type":"article","og_title":"Chandail ouat\u00e9 avec capuchon M&O - 3320 - Le Magasin Industriel","og_description":"Chandail ouat\u00e9 avec capuchon M&O - 3320, rester au chaud avec ce molleton avec capuchon et poche kangourou, coupe r\u00e9guli\u00e8re, coton et polyester","og_url":"https:\/\/autravail.ca\/en\/product\/chandail-ouate-avec-capuchon-mo-3320\/","og_site_name":"Le Magasin Industriel","article_publisher":"https:\/\/www.facebook.com\/lemagasinindustriel\/?locale=fr_FR","article_modified_time":"2025-12-29T21:51:15+00:00","og_image":[{"width":1000,"height":1000,"url":"https:\/\/autravail.ca\/wp-content\/uploads\/2025\/05\/3320_roy_A01.jpg","type":"image\/jpeg"}],"twitter_card":"summary_large_image","twitter_misc":{"Est. reading time":"3 minutes"},"schema":{"@context":"https:\/\/schema.org","@graph":[{"@type":"WebPage","@id":"https:\/\/autravail.ca\/product\/chandail-ouate-avec-capuchon-mo-3320\/","url":"https:\/\/autravail.ca\/product\/chandail-ouate-avec-capuchon-mo-3320\/","name":"Chandail ouat\u00e9 avec capuchon M&O - 3320 - Le Magasin Industriel","isPartOf":{"@id":"https:\/\/autravail.ca\/#website"},"primaryImageOfPage":{"@id":"https:\/\/autravail.ca\/product\/chandail-ouate-avec-capuchon-mo-3320\/#primaryimage"},"image":{"@id":"https:\/\/autravail.ca\/product\/chandail-ouate-avec-capuchon-mo-3320\/#primaryimage"},"thumbnailUrl":"https:\/\/autravail.ca\/wp-content\/uploads\/2025\/05\/3320_roy_A01.jpg","datePublished":"2025-05-08T06:21:29+00:00","dateModified":"2025-12-29T21:51:15+00:00","description":"Chandail ouat\u00e9 avec capuchon M&O - 3320, rester au chaud avec ce molleton avec capuchon et poche kangourou, coupe r\u00e9guli\u00e8re, coton et polyester","breadcrumb":{"@id":"https:\/\/autravail.ca\/product\/chandail-ouate-avec-capuchon-mo-3320\/#breadcrumb"},"inLanguage":"en-CA","potentialAction":[{"@type":"ReadAction","target":["https:\/\/autravail.ca\/product\/chandail-ouate-avec-capuchon-mo-3320\/"]}]},{"@type":"ImageObject","inLanguage":"en-CA","@id":"https:\/\/autravail.ca\/product\/chandail-ouate-avec-capuchon-mo-3320\/#primaryimage","url":"https:\/\/autravail.ca\/wp-content\/uploads\/2025\/05\/3320_roy_A01.jpg","contentUrl":"https:\/\/autravail.ca\/wp-content\/uploads\/2025\/05\/3320_roy_A01.jpg","width":1000,"height":1000},{"@type":"BreadcrumbList","@id":"https:\/\/autravail.ca\/product\/chandail-ouate-avec-capuchon-mo-3320\/#breadcrumb","itemListElement":[{"@type":"ListItem","position":1,"name":"Accueil","item":"https:\/\/autravail.ca\/"},{"@type":"ListItem","position":2,"name":"Magasin","item":"https:\/\/autravail.ca\/en\/shop\/"},{"@type":"ListItem","position":3,"name":"Chandail ouat\u00e9 avec capuchon M&#038;O &#8211; 3320"}]},{"@type":"WebSite","@id":"https:\/\/autravail.ca\/#website","url":"https:\/\/autravail.ca\/","name":"Le Magasin Industriel","description":"50 ans de tradition de s\u00e9curit\u00e9 au travail","publisher":{"@id":"https:\/\/autravail.ca\/#organization"},"potentialAction":[{"@type":"SearchAction","target":{"@type":"EntryPoint","urlTemplate":"https:\/\/autravail.ca\/?s={search_term_string}"},"query-input":{"@type":"PropertyValueSpecification","valueRequired":true,"valueName":"search_term_string"}}],"inLanguage":"en-CA"},{"@type":"Organization","@id":"https:\/\/autravail.ca\/#organization","name":"Le Magasin Industriel","url":"https:\/\/autravail.ca\/","logo":{"@type":"ImageObject","inLanguage":"en-CA","@id":"https:\/\/autravail.ca\/#\/schema\/logo\/image\/","url":"https:\/\/autravail.ca\/wp-content\/uploads\/2025\/05\/cropped-magasin_industriel_120x.avif","contentUrl":"https:\/\/autravail.ca\/wp-content\/uploads\/2025\/05\/cropped-magasin_industriel_120x.avif","width":120,"height":24,"caption":"Le Magasin Industriel"},"image":{"@id":"https:\/\/autravail.ca\/#\/schema\/logo\/image\/"},"sameAs":["https:\/\/www.facebook.com\/lemagasinindustriel\/?locale=fr_FR"]}]}},"jetpack_sharing_enabled":true,"_links":{"self":[{"href":"https:\/\/autravail.ca\/en\/wp-json\/wp\/v2\/product\/27381","targetHints":{"allow":["GET"]}}],"collection":[{"href":"https:\/\/autravail.ca\/en\/wp-json\/wp\/v2\/product"}],"about":[{"href":"https:\/\/autravail.ca\/en\/wp-json\/wp\/v2\/types\/product"}],"replies":[{"embeddable":true,"href":"https:\/\/autravail.ca\/en\/wp-json\/wp\/v2\/comments?post=27381"}],"wp:featuredmedia":[{"embeddable":true,"href":"https:\/\/autravail.ca\/en\/wp-json\/wp\/v2\/media\/10524"}],"wp:attachment":[{"href":"https:\/\/autravail.ca\/en\/wp-json\/wp\/v2\/media?parent=27381"}],"wp:term":[{"taxonomy":"product_cat","embeddable":true,"href":"https:\/\/autravail.ca\/en\/wp-json\/wp\/v2\/product_cat?post=27381"},{"taxonomy":"product_tag","embeddable":true,"href":"https:\/\/autravail.ca\/en\/wp-json\/wp\/v2\/product_tag?post=27381"}],"curies":[{"name":"wp","href":"https:\/\/api.w.org\/{rel}","templated":true}]}}