{"id":27201,"date":"2025-05-08T06:20:37","date_gmt":"2025-05-08T06:20:37","guid":{"rendered":"https:\/\/meteoquebec.ca\/?post_type=product&#038;p=27201"},"modified":"2026-03-11T16:43:16","modified_gmt":"2026-03-11T20:43:16","slug":"bermuda-de-travail-3249","status":"publish","type":"product","link":"https:\/\/autravail.ca\/en\/product\/bermuda-de-travail-3249\/","title":{"rendered":"Bermuda de travail &#8211; 3249"},"content":{"rendered":"<h3>Bermuda de travail &#8211; 3249<\/h3>\n<p>Bermuda de travail &#8211; 3249 de <a href=\"https:\/\/autravail.ca\/en\/product-brand\/big-bill\/\">Big Bill<\/a>. Con\u00e7u pour les travaux difficiles par temps chaud, le short de travail cargo de 33 cm est fabriqu\u00e9 en serg\u00e9 robuste de 213 g\/m\u00b2, r\u00e9sistant \u00e0 la d\u00e9coloration, aux plis et \u00e0 l&rsquo;usure. Son entrejambe plus long de 33 cm offre protection et libert\u00e9 de mouvement, tandis que ses grandes poches cargo \u00e0 plis permettent de ranger vos essentiels en toute s\u00e9curit\u00e9. Coutures renforc\u00e9es, points de tension surjet\u00e9s et accessoires en laiton massif garantissent une durabilit\u00e9 exceptionnelle.<\/p>\n<h6>Characteristics:<\/h6>\n<ul>\n<li><span dir=\"auto\">Serg\u00e9 robuste<\/span><\/li>\n<li><span dir=\"auto\">Des jambes larges pour plus de confort<\/span><\/li>\n<li>Le tissu b\u00e9n\u00e9ficie d&rsquo;un\u00a0<strong class=\"Yjhzub\" data-sfc-cb=\"\" data-complete=\"true\">pressage permanent<\/strong>\u00a0(infroissable) et d&rsquo;une teinture longue dur\u00e9e qui r\u00e9siste aux lavages industriels<\/li>\n<li><span dir=\"auto\">Fermeture \u00e9clair et bouton en laiton sur le devant<\/span><\/li>\n<li>Deux poches renforc\u00e9es pour une meilleure r\u00e9sistance \u00e0 l&rsquo;usure<\/li>\n<li><span dir=\"auto\">Deux poches passepoil\u00e9es arri\u00e8re avec fermeture \u00e0 boucle et bouton sur le c\u00f4t\u00e9 gauche<\/span><\/li>\n<li>Deux grandes poches lat\u00e9rales \u00e0 plis avec rabats et fermetures \u00e0 boutons cach\u00e9s<\/li>\n<li><span dir=\"auto\">Fil haute r\u00e9sistance<\/span><\/li>\n<li><span dir=\"auto\">Points d&rsquo;arr\u00eat renforc\u00e9s \u00e0 tous les points de tension<\/span><\/li>\n<li><span dir=\"auto\">Entretien\u00a0: Lavage industriel<\/span><\/li>\n<li>Fabriqu\u00e9 en serg\u00e9 (<em class=\"eujQNb\" data-sfc-cb=\"\" data-complete=\"true\">twill<\/em>) de\u00a0<strong class=\"Yjhzub\" data-sfc-cb=\"\" data-complete=\"true\">8,75 oz<\/strong>, compos\u00e9 \u00e0 65 % de polyester et 35 % de coton<\/li>\n<\/ul>\n<h6 class=\"otQkpb\" role=\"heading\" aria-level=\"3\" data-complete=\"true\" data-processed=\"true\">Coupe et Style<\/h6>\n<ul class=\"KsbFXc U6u95\" data-sfc-cb=\"\" data-complete=\"true\" data-processed=\"true\">\n<li class=\"dF3vjf\" data-sfc-cb=\"\" data-hveid=\"CAEICRAA\" data-complete=\"true\" data-sae=\"\"><span class=\"T286Pc\" data-sfc-cp=\"\" data-sfc-cb=\"\" data-complete=\"true\" aria-owns=\"action-menu-parent-container\"><strong class=\"Yjhzub\" data-sfc-cb=\"\" data-complete=\"true\">Coupe D\u00e9contract\u00e9e<\/strong>\u00a0: Jambes amples pour une meilleure libert\u00e9 de mouvement et un confort accru.<\/span><\/li>\n<\/ul>\n<p><img decoding=\"async\" class=\"alignnone wp-image-40620\" src=\"https:\/\/autravail.ca\/wp-content\/uploads\/2025\/09\/Jachete-quebec-et-canada.jpg\" alt=\"Logo de l'achat local\" width=\"162\" height=\"139\" \/>Merci d&rsquo;encourager une entreprise 100% d&rsquo;ici!<\/p>\n<p>TS2602H<\/p>","protected":false},"excerpt":{"rendered":"<p>Bermuda de travail &#8211; 3249 Bermuda de travail &#8211; 3249 de Big Bill. Con\u00e7u pour les travaux difficiles par temps chaud, le short de travail cargo de 33 cm est fabriqu\u00e9 en serg\u00e9 robuste de 213 g\/m\u00b2, r\u00e9sistant \u00e0 la d\u00e9coloration, aux plis et \u00e0 l&rsquo;usure. Son entrejambe plus long de 33 cm offre protection [&hellip;]<\/p>","protected":false},"featured_media":10318,"comment_status":"open","ping_status":"closed","template":"","meta":[],"product_cat":[599,602,604],"product_tag":[314,242],"class_list":{"0":"post-27201","1":"product","2":"type-product","3":"status-publish","4":"has-post-thumbnail","6":"product_brand-big-bill","7":"product_cat-apparel-accessories","8":"product_cat-hommes","9":"product_cat-vetements-de-travail","10":"product_tag-bermudas","11":"product_tag-homme","13":"first","14":"instock","15":"taxable","16":"shipping-taxable","17":"purchasable","18":"product-type-variable"},"yoast_head":"<!-- This site is optimized with the Yoast SEO plugin v25.3.1 - https:\/\/yoast.com\/wordpress\/plugins\/seo\/ -->\n<title>Bermuda de travail - 3249 - Le Magasin Industriel<\/title>\n<meta name=\"description\" content=\"Bermuda de travail - 3249 con\u00e7u pour les travaux difficiles par temps chaud, le short de travail cargo de 33 cm est fabriqu\u00e9 en serg\u00e9 robuste\" \/>\n<meta name=\"robots\" content=\"index, follow, max-snippet:-1, max-image-preview:large, max-video-preview:-1\" \/>\n<link rel=\"canonical\" href=\"https:\/\/autravail.ca\/en\/product\/bermuda-de-travail-3249\/\" \/>\n<meta property=\"og:locale\" content=\"en_US\" \/>\n<meta property=\"og:type\" content=\"article\" \/>\n<meta property=\"og:title\" content=\"Bermuda de travail - 3249 - Le Magasin Industriel\" \/>\n<meta property=\"og:description\" content=\"Bermuda de travail - 3249 con\u00e7u pour les travaux difficiles par temps chaud, le short de travail cargo de 33 cm est fabriqu\u00e9 en serg\u00e9 robuste\" \/>\n<meta property=\"og:url\" content=\"https:\/\/autravail.ca\/en\/product\/bermuda-de-travail-3249\/\" \/>\n<meta property=\"og:site_name\" content=\"Le Magasin Industriel\" \/>\n<meta property=\"article:publisher\" content=\"https:\/\/www.facebook.com\/lemagasinindustriel\/?locale=fr_FR\" \/>\n<meta property=\"article:modified_time\" content=\"2026-03-11T20:43:16+00:00\" \/>\n<meta property=\"og:image\" content=\"https:\/\/autravail.ca\/wp-content\/uploads\/2025\/05\/3249_KAK_A01.jpg\" \/>\n\t<meta property=\"og:image:width\" content=\"1000\" \/>\n\t<meta property=\"og:image:height\" content=\"1000\" \/>\n\t<meta property=\"og:image:type\" content=\"image\/jpeg\" \/>\n<meta name=\"twitter:card\" content=\"summary_large_image\" \/>\n<meta name=\"twitter:label1\" content=\"Est. reading time\" \/>\n\t<meta name=\"twitter:data1\" content=\"2 minutes\" \/>\n<script type=\"application\/ld+json\" class=\"yoast-schema-graph\">{\"@context\":\"https:\/\/schema.org\",\"@graph\":[{\"@type\":\"WebPage\",\"@id\":\"https:\/\/autravail.ca\/product\/bermuda-de-travail-3249\/\",\"url\":\"https:\/\/autravail.ca\/product\/bermuda-de-travail-3249\/\",\"name\":\"Bermuda de travail - 3249 - Le Magasin Industriel\",\"isPartOf\":{\"@id\":\"https:\/\/autravail.ca\/#website\"},\"primaryImageOfPage\":{\"@id\":\"https:\/\/autravail.ca\/product\/bermuda-de-travail-3249\/#primaryimage\"},\"image\":{\"@id\":\"https:\/\/autravail.ca\/product\/bermuda-de-travail-3249\/#primaryimage\"},\"thumbnailUrl\":\"https:\/\/autravail.ca\/wp-content\/uploads\/2025\/05\/3249_KAK_A01.jpg\",\"datePublished\":\"2025-05-08T06:20:37+00:00\",\"dateModified\":\"2026-03-11T20:43:16+00:00\",\"description\":\"Bermuda de travail - 3249 con\u00e7u pour les travaux difficiles par temps chaud, le short de travail cargo de 33 cm est fabriqu\u00e9 en serg\u00e9 robuste\",\"breadcrumb\":{\"@id\":\"https:\/\/autravail.ca\/product\/bermuda-de-travail-3249\/#breadcrumb\"},\"inLanguage\":\"en-CA\",\"potentialAction\":[{\"@type\":\"ReadAction\",\"target\":[\"https:\/\/autravail.ca\/product\/bermuda-de-travail-3249\/\"]}]},{\"@type\":\"ImageObject\",\"inLanguage\":\"en-CA\",\"@id\":\"https:\/\/autravail.ca\/product\/bermuda-de-travail-3249\/#primaryimage\",\"url\":\"https:\/\/autravail.ca\/wp-content\/uploads\/2025\/05\/3249_KAK_A01.jpg\",\"contentUrl\":\"https:\/\/autravail.ca\/wp-content\/uploads\/2025\/05\/3249_KAK_A01.jpg\",\"width\":1000,\"height\":1000,\"caption\":\"Bermuda de travail - 3249\"},{\"@type\":\"BreadcrumbList\",\"@id\":\"https:\/\/autravail.ca\/product\/bermuda-de-travail-3249\/#breadcrumb\",\"itemListElement\":[{\"@type\":\"ListItem\",\"position\":1,\"name\":\"Accueil\",\"item\":\"https:\/\/autravail.ca\/\"},{\"@type\":\"ListItem\",\"position\":2,\"name\":\"Magasin\",\"item\":\"https:\/\/autravail.ca\/en\/shop\/\"},{\"@type\":\"ListItem\",\"position\":3,\"name\":\"Bermuda de travail &#8211; 3249\"}]},{\"@type\":\"WebSite\",\"@id\":\"https:\/\/autravail.ca\/#website\",\"url\":\"https:\/\/autravail.ca\/\",\"name\":\"Le Magasin Industriel\",\"description\":\"50 ans de tradition de s\u00e9curit\u00e9 au travail\",\"publisher\":{\"@id\":\"https:\/\/autravail.ca\/#organization\"},\"potentialAction\":[{\"@type\":\"SearchAction\",\"target\":{\"@type\":\"EntryPoint\",\"urlTemplate\":\"https:\/\/autravail.ca\/?s={search_term_string}\"},\"query-input\":{\"@type\":\"PropertyValueSpecification\",\"valueRequired\":true,\"valueName\":\"search_term_string\"}}],\"inLanguage\":\"en-CA\"},{\"@type\":\"Organization\",\"@id\":\"https:\/\/autravail.ca\/#organization\",\"name\":\"Le Magasin Industriel\",\"url\":\"https:\/\/autravail.ca\/\",\"logo\":{\"@type\":\"ImageObject\",\"inLanguage\":\"en-CA\",\"@id\":\"https:\/\/autravail.ca\/#\/schema\/logo\/image\/\",\"url\":\"https:\/\/autravail.ca\/wp-content\/uploads\/2025\/05\/cropped-magasin_industriel_120x.avif\",\"contentUrl\":\"https:\/\/autravail.ca\/wp-content\/uploads\/2025\/05\/cropped-magasin_industriel_120x.avif\",\"width\":120,\"height\":24,\"caption\":\"Le Magasin Industriel\"},\"image\":{\"@id\":\"https:\/\/autravail.ca\/#\/schema\/logo\/image\/\"},\"sameAs\":[\"https:\/\/www.facebook.com\/lemagasinindustriel\/?locale=fr_FR\"]}]}<\/script>\n<!-- \/ Yoast SEO plugin. -->","yoast_head_json":{"title":"Bermuda de travail - 3249 - Le Magasin Industriel","description":"Bermuda de travail - 3249 con\u00e7u pour les travaux difficiles par temps chaud, le short de travail cargo de 33 cm est fabriqu\u00e9 en serg\u00e9 robuste","robots":{"index":"index","follow":"follow","max-snippet":"max-snippet:-1","max-image-preview":"max-image-preview:large","max-video-preview":"max-video-preview:-1"},"canonical":"https:\/\/autravail.ca\/en\/product\/bermuda-de-travail-3249\/","og_locale":"en_US","og_type":"article","og_title":"Bermuda de travail - 3249 - Le Magasin Industriel","og_description":"Bermuda de travail - 3249 con\u00e7u pour les travaux difficiles par temps chaud, le short de travail cargo de 33 cm est fabriqu\u00e9 en serg\u00e9 robuste","og_url":"https:\/\/autravail.ca\/en\/product\/bermuda-de-travail-3249\/","og_site_name":"Le Magasin Industriel","article_publisher":"https:\/\/www.facebook.com\/lemagasinindustriel\/?locale=fr_FR","article_modified_time":"2026-03-11T20:43:16+00:00","og_image":[{"width":1000,"height":1000,"url":"https:\/\/autravail.ca\/wp-content\/uploads\/2025\/05\/3249_KAK_A01.jpg","type":"image\/jpeg"}],"twitter_card":"summary_large_image","twitter_misc":{"Est. reading time":"2 minutes"},"schema":{"@context":"https:\/\/schema.org","@graph":[{"@type":"WebPage","@id":"https:\/\/autravail.ca\/product\/bermuda-de-travail-3249\/","url":"https:\/\/autravail.ca\/product\/bermuda-de-travail-3249\/","name":"Bermuda de travail - 3249 - Le Magasin Industriel","isPartOf":{"@id":"https:\/\/autravail.ca\/#website"},"primaryImageOfPage":{"@id":"https:\/\/autravail.ca\/product\/bermuda-de-travail-3249\/#primaryimage"},"image":{"@id":"https:\/\/autravail.ca\/product\/bermuda-de-travail-3249\/#primaryimage"},"thumbnailUrl":"https:\/\/autravail.ca\/wp-content\/uploads\/2025\/05\/3249_KAK_A01.jpg","datePublished":"2025-05-08T06:20:37+00:00","dateModified":"2026-03-11T20:43:16+00:00","description":"Bermuda de travail - 3249 con\u00e7u pour les travaux difficiles par temps chaud, le short de travail cargo de 33 cm est fabriqu\u00e9 en serg\u00e9 robuste","breadcrumb":{"@id":"https:\/\/autravail.ca\/product\/bermuda-de-travail-3249\/#breadcrumb"},"inLanguage":"en-CA","potentialAction":[{"@type":"ReadAction","target":["https:\/\/autravail.ca\/product\/bermuda-de-travail-3249\/"]}]},{"@type":"ImageObject","inLanguage":"en-CA","@id":"https:\/\/autravail.ca\/product\/bermuda-de-travail-3249\/#primaryimage","url":"https:\/\/autravail.ca\/wp-content\/uploads\/2025\/05\/3249_KAK_A01.jpg","contentUrl":"https:\/\/autravail.ca\/wp-content\/uploads\/2025\/05\/3249_KAK_A01.jpg","width":1000,"height":1000,"caption":"Bermuda de travail - 3249"},{"@type":"BreadcrumbList","@id":"https:\/\/autravail.ca\/product\/bermuda-de-travail-3249\/#breadcrumb","itemListElement":[{"@type":"ListItem","position":1,"name":"Accueil","item":"https:\/\/autravail.ca\/"},{"@type":"ListItem","position":2,"name":"Magasin","item":"https:\/\/autravail.ca\/en\/shop\/"},{"@type":"ListItem","position":3,"name":"Bermuda de travail &#8211; 3249"}]},{"@type":"WebSite","@id":"https:\/\/autravail.ca\/#website","url":"https:\/\/autravail.ca\/","name":"Le Magasin Industriel","description":"50 ans de tradition de s\u00e9curit\u00e9 au travail","publisher":{"@id":"https:\/\/autravail.ca\/#organization"},"potentialAction":[{"@type":"SearchAction","target":{"@type":"EntryPoint","urlTemplate":"https:\/\/autravail.ca\/?s={search_term_string}"},"query-input":{"@type":"PropertyValueSpecification","valueRequired":true,"valueName":"search_term_string"}}],"inLanguage":"en-CA"},{"@type":"Organization","@id":"https:\/\/autravail.ca\/#organization","name":"Le Magasin Industriel","url":"https:\/\/autravail.ca\/","logo":{"@type":"ImageObject","inLanguage":"en-CA","@id":"https:\/\/autravail.ca\/#\/schema\/logo\/image\/","url":"https:\/\/autravail.ca\/wp-content\/uploads\/2025\/05\/cropped-magasin_industriel_120x.avif","contentUrl":"https:\/\/autravail.ca\/wp-content\/uploads\/2025\/05\/cropped-magasin_industriel_120x.avif","width":120,"height":24,"caption":"Le Magasin Industriel"},"image":{"@id":"https:\/\/autravail.ca\/#\/schema\/logo\/image\/"},"sameAs":["https:\/\/www.facebook.com\/lemagasinindustriel\/?locale=fr_FR"]}]}},"jetpack_sharing_enabled":true,"_links":{"self":[{"href":"https:\/\/autravail.ca\/en\/wp-json\/wp\/v2\/product\/27201","targetHints":{"allow":["GET"]}}],"collection":[{"href":"https:\/\/autravail.ca\/en\/wp-json\/wp\/v2\/product"}],"about":[{"href":"https:\/\/autravail.ca\/en\/wp-json\/wp\/v2\/types\/product"}],"replies":[{"embeddable":true,"href":"https:\/\/autravail.ca\/en\/wp-json\/wp\/v2\/comments?post=27201"}],"wp:featuredmedia":[{"embeddable":true,"href":"https:\/\/autravail.ca\/en\/wp-json\/wp\/v2\/media\/10318"}],"wp:attachment":[{"href":"https:\/\/autravail.ca\/en\/wp-json\/wp\/v2\/media?parent=27201"}],"wp:term":[{"taxonomy":"product_cat","embeddable":true,"href":"https:\/\/autravail.ca\/en\/wp-json\/wp\/v2\/product_cat?post=27201"},{"taxonomy":"product_tag","embeddable":true,"href":"https:\/\/autravail.ca\/en\/wp-json\/wp\/v2\/product_tag?post=27201"}],"curies":[{"name":"wp","href":"https:\/\/api.w.org\/{rel}","templated":true}]}}