{"id":27170,"date":"2025-05-08T06:20:32","date_gmt":"2025-05-08T06:20:32","guid":{"rendered":"https:\/\/meteoquebec.ca\/?post_type=product&#038;p=27170"},"modified":"2026-03-27T13:31:06","modified_gmt":"2026-03-27T17:31:06","slug":"couvre-chaussure-a3246-11","status":"publish","type":"product","link":"https:\/\/autravail.ca\/en\/product\/couvre-chaussure-a3246-11\/","title":{"rendered":"Couvre chaussure &#8211; A3246-11"},"content":{"rendered":"<h3>Couvre chaussure &#8211; A3246-11<\/h3>\n<p>Couvre chaussure &#8211; A3246-11 Bradford de <a href=\"https:\/\/autravail.ca\/en\/product-brand\/acton\/\">Acton<\/a> (nomm\u00e9\u00a0<strong class=\"Yjhzub\" data-sfc-cb=\"\" data-complete=\"true\" data-processed=\"true\">Bradford<\/strong>) est un couvre-chaussure de travail robuste, con\u00e7u pour offrir une protection thermique et une \u00e9tanch\u00e9it\u00e9 totale par-dessus vos bottes de s\u00e9curit\u00e9.<\/p>\n<h6>Characteristics:<\/h6>\n<ul>\n<li class=\"dF3vjf\" data-sfc-cb=\"\" data-hveid=\"CAEIBRAA\" data-complete=\"true\" data-sae=\"\"><span class=\"T286Pc\" data-sfc-cp=\"\" data-sfc-cb=\"\" data-complete=\"true\">Fabriqu\u00e9 en\u00a0<strong class=\"Yjhzub\" data-sfc-cb=\"\" data-complete=\"true\">caoutchouc naturel<\/strong>\u00a0100 % imperm\u00e9able.<\/span><\/li>\n<li class=\"dF3vjf\" data-sfc-cb=\"\" data-hveid=\"CAEIBRAB\" data-complete=\"true\" data-sae=\"\"><span class=\"T286Pc\" data-sfc-cp=\"\" data-sfc-cb=\"\" data-complete=\"true\">Contrairement \u00e0 certains mod\u00e8les non doubl\u00e9s, il poss\u00e8de une <strong class=\"Yjhzub\" data-sfc-cb=\"\" data-complete=\"true\">doublure en molleton isolant<\/strong>\u00a0(fleece) pour garder la chaleur.<\/span><\/li>\n<li class=\"dF3vjf\" data-sfc-cb=\"\" data-hveid=\"CAEIBRAC\" data-complete=\"true\" data-sae=\"\"><span class=\"T286Pc\" data-sfc-cp=\"\" data-sfc-cb=\"\" data-complete=\"true\">Il mesure environ <strong class=\"Yjhzub\" data-sfc-cb=\"\" data-complete=\"true\">10,5 pouces<\/strong>\u00a0(26,7 cm), couvrant ainsi une grande partie de la botte de travail.<\/span><\/li>\n<li class=\"dF3vjf\" data-sfc-cb=\"\" data-hveid=\"CAEIBRAD\" data-complete=\"true\" data-sae=\"\"><span class=\"T286Pc\" data-sfc-cp=\"\" data-sfc-cb=\"\" data-complete=\"true\">\u00c9quip\u00e9 d&rsquo;une <strong class=\"Yjhzub\" data-sfc-cb=\"\" data-complete=\"true\">fermeture \u00e0 glissi\u00e8re anticorrosion<\/strong>\u00a0\u00e0 l&rsquo;avant et d&rsquo;une bande arri\u00e8re en nylon pour aider \u00e0 le glisser sur la botte.<\/span><\/li>\n<li class=\"dF3vjf\" data-sfc-cb=\"\" data-hveid=\"CAEIBRAE\" data-complete=\"true\" data-sae=\"\"><span class=\"T286Pc\" data-sfc-cp=\"\" data-sfc-cb=\"\" data-complete=\"true\" aria-owns=\"action-menu-parent-container\">Sa forme extra-large est sp\u00e9cifiquement con\u00e7ue pour s&rsquo;adapter aux bottes de travail massives, assurant une ouverture g\u00e9n\u00e9reuse gr\u00e2ce \u00e0 sa <strong class=\"Yjhzub\" data-sfc-cb=\"\" data-complete=\"true\">langue \u00e0 soufflet complet<\/strong>.<\/span><\/li>\n<li>Bien qu&rsquo;imperm\u00e9able, ce couvre-chaussure est\u00a0<strong class=\"Yjhzub\" data-sfc-cb=\"\" data-complete=\"true\">non-CSA<\/strong>\u00a0(il ne poss\u00e8de pas d&#8217;embout d&rsquo;acier propre, il sert de protection ext\u00e9rieure pour une botte qui en a d\u00e9j\u00e0 un).<\/li>\n<li>Sa semelle en caoutchouc naturel offre une excellente traction sur les chantiers et les surfaces mouill\u00e9es.<\/li>\n<\/ul>\n<p><em><span style=\"color: #fa0b0b;\">Unisex U.S. men's sizes presented. To convert to U.S. women's size, add 2 sizes. Example: 5 U.S. men = 7 U.S. women<\/span><\/em><\/p>\n<p><img decoding=\"async\" class=\"alignnone wp-image-40620\" src=\"https:\/\/autravail.ca\/wp-content\/uploads\/2025\/09\/Jachete-quebec-et-canada.jpg\" alt=\"Logo de l'achat local\" width=\"162\" height=\"139\" \/>Merci d&rsquo;encourager une entreprise 100% d&rsquo;ici!<\/p>\n<p>TS2603H<\/p>","protected":false},"excerpt":{"rendered":"<p>Couvre chaussure &#8211; A3246-11 Couvre chaussure &#8211; A3246-11 Bradford de Acton (nomm\u00e9\u00a0Bradford) est un couvre-chaussure de travail robuste, con\u00e7u pour offrir une protection thermique et une \u00e9tanch\u00e9it\u00e9 totale par-dessus vos bottes de s\u00e9curit\u00e9. Caract\u00e9ristiques: Fabriqu\u00e9 en\u00a0caoutchouc naturel\u00a0100 % imperm\u00e9able. Contrairement \u00e0 certains mod\u00e8les non doubl\u00e9s, il poss\u00e8de une doublure en molleton isolant\u00a0(fleece) pour garder la [&hellip;]<\/p>","protected":false},"featured_media":46138,"comment_status":"open","ping_status":"closed","template":"","meta":[],"product_cat":[657],"product_tag":[292,255,242],"class_list":{"0":"post-27170","1":"product","2":"type-product","3":"status-publish","4":"has-post-thumbnail","6":"product_brand-acton","7":"product_cat-accessoires-de-chaussures","8":"product_tag-couvre-chaussures-et-claques","9":"product_tag-femme","10":"product_tag-homme","12":"first","13":"instock","14":"taxable","15":"shipping-taxable","16":"purchasable","17":"product-type-variable"},"yoast_head":"<!-- This site is optimized with the Yoast SEO plugin v25.3.1 - https:\/\/yoast.com\/wordpress\/plugins\/seo\/ -->\n<title>Couvre chaussure - A3246-11 - Le Magasin Industriel<\/title>\n<meta name=\"description\" content=\"Couvre chaussure - A3246-11, (nomm\u00e9 Bradford) est un couvre-chaussure de travail robuste, 100 % imperm\u00e9able, avec fermeture \u00e0 glissi\u00e8re pour homme\" \/>\n<meta name=\"robots\" content=\"index, follow, max-snippet:-1, max-image-preview:large, max-video-preview:-1\" \/>\n<link rel=\"canonical\" href=\"https:\/\/autravail.ca\/en\/product\/couvre-chaussure-a3246-11\/\" \/>\n<meta property=\"og:locale\" content=\"en_US\" \/>\n<meta property=\"og:type\" content=\"article\" \/>\n<meta property=\"og:title\" content=\"Couvre chaussure - A3246-11 - Le Magasin Industriel\" \/>\n<meta property=\"og:description\" content=\"Couvre chaussure - A3246-11, (nomm\u00e9 Bradford) est un couvre-chaussure de travail robuste, 100 % imperm\u00e9able, avec fermeture \u00e0 glissi\u00e8re pour homme\" \/>\n<meta property=\"og:url\" content=\"https:\/\/autravail.ca\/en\/product\/couvre-chaussure-a3246-11\/\" \/>\n<meta property=\"og:site_name\" content=\"Le Magasin Industriel\" \/>\n<meta property=\"article:publisher\" content=\"https:\/\/www.facebook.com\/lemagasinindustriel\/?locale=fr_FR\" \/>\n<meta property=\"article:modified_time\" content=\"2026-03-27T17:31:06+00:00\" \/>\n<meta property=\"og:image\" content=\"https:\/\/autravail.ca\/wp-content\/uploads\/2025\/05\/A3246_A01.jpg\" \/>\n\t<meta property=\"og:image:width\" content=\"1000\" \/>\n\t<meta property=\"og:image:height\" content=\"1000\" \/>\n\t<meta property=\"og:image:type\" content=\"image\/jpeg\" \/>\n<meta name=\"twitter:card\" content=\"summary_large_image\" \/>\n<meta name=\"twitter:label1\" content=\"Est. reading time\" \/>\n\t<meta name=\"twitter:data1\" content=\"2 minutes\" \/>\n<script type=\"application\/ld+json\" class=\"yoast-schema-graph\">{\"@context\":\"https:\/\/schema.org\",\"@graph\":[{\"@type\":\"WebPage\",\"@id\":\"https:\/\/autravail.ca\/product\/couvre-chaussure-a3246-11\/\",\"url\":\"https:\/\/autravail.ca\/product\/couvre-chaussure-a3246-11\/\",\"name\":\"Couvre chaussure - A3246-11 - Le Magasin Industriel\",\"isPartOf\":{\"@id\":\"https:\/\/autravail.ca\/#website\"},\"primaryImageOfPage\":{\"@id\":\"https:\/\/autravail.ca\/product\/couvre-chaussure-a3246-11\/#primaryimage\"},\"image\":{\"@id\":\"https:\/\/autravail.ca\/product\/couvre-chaussure-a3246-11\/#primaryimage\"},\"thumbnailUrl\":\"https:\/\/autravail.ca\/wp-content\/uploads\/2025\/05\/A3246_A01.jpg\",\"datePublished\":\"2025-05-08T06:20:32+00:00\",\"dateModified\":\"2026-03-27T17:31:06+00:00\",\"description\":\"Couvre chaussure - A3246-11, (nomm\u00e9 Bradford) est un couvre-chaussure de travail robuste, 100 % imperm\u00e9able, avec fermeture \u00e0 glissi\u00e8re pour homme\",\"breadcrumb\":{\"@id\":\"https:\/\/autravail.ca\/product\/couvre-chaussure-a3246-11\/#breadcrumb\"},\"inLanguage\":\"en-CA\",\"potentialAction\":[{\"@type\":\"ReadAction\",\"target\":[\"https:\/\/autravail.ca\/product\/couvre-chaussure-a3246-11\/\"]}]},{\"@type\":\"ImageObject\",\"inLanguage\":\"en-CA\",\"@id\":\"https:\/\/autravail.ca\/product\/couvre-chaussure-a3246-11\/#primaryimage\",\"url\":\"https:\/\/autravail.ca\/wp-content\/uploads\/2025\/05\/A3246_A01.jpg\",\"contentUrl\":\"https:\/\/autravail.ca\/wp-content\/uploads\/2025\/05\/A3246_A01.jpg\",\"width\":1000,\"height\":1000,\"caption\":\"Couvre chaussure - A3246-11\"},{\"@type\":\"BreadcrumbList\",\"@id\":\"https:\/\/autravail.ca\/product\/couvre-chaussure-a3246-11\/#breadcrumb\",\"itemListElement\":[{\"@type\":\"ListItem\",\"position\":1,\"name\":\"Accueil\",\"item\":\"https:\/\/autravail.ca\/\"},{\"@type\":\"ListItem\",\"position\":2,\"name\":\"Magasin\",\"item\":\"https:\/\/autravail.ca\/en\/shop\/\"},{\"@type\":\"ListItem\",\"position\":3,\"name\":\"Couvre chaussure &#8211; A3246-11\"}]},{\"@type\":\"WebSite\",\"@id\":\"https:\/\/autravail.ca\/#website\",\"url\":\"https:\/\/autravail.ca\/\",\"name\":\"Le Magasin Industriel\",\"description\":\"50 ans de tradition de s\u00e9curit\u00e9 au travail\",\"publisher\":{\"@id\":\"https:\/\/autravail.ca\/#organization\"},\"potentialAction\":[{\"@type\":\"SearchAction\",\"target\":{\"@type\":\"EntryPoint\",\"urlTemplate\":\"https:\/\/autravail.ca\/?s={search_term_string}\"},\"query-input\":{\"@type\":\"PropertyValueSpecification\",\"valueRequired\":true,\"valueName\":\"search_term_string\"}}],\"inLanguage\":\"en-CA\"},{\"@type\":\"Organization\",\"@id\":\"https:\/\/autravail.ca\/#organization\",\"name\":\"Le Magasin Industriel\",\"url\":\"https:\/\/autravail.ca\/\",\"logo\":{\"@type\":\"ImageObject\",\"inLanguage\":\"en-CA\",\"@id\":\"https:\/\/autravail.ca\/#\/schema\/logo\/image\/\",\"url\":\"https:\/\/autravail.ca\/wp-content\/uploads\/2025\/05\/cropped-magasin_industriel_120x.avif\",\"contentUrl\":\"https:\/\/autravail.ca\/wp-content\/uploads\/2025\/05\/cropped-magasin_industriel_120x.avif\",\"width\":120,\"height\":24,\"caption\":\"Le Magasin Industriel\"},\"image\":{\"@id\":\"https:\/\/autravail.ca\/#\/schema\/logo\/image\/\"},\"sameAs\":[\"https:\/\/www.facebook.com\/lemagasinindustriel\/?locale=fr_FR\"]}]}<\/script>\n<!-- \/ Yoast SEO plugin. -->","yoast_head_json":{"title":"Couvre chaussure - A3246-11 - Le Magasin Industriel","description":"Couvre chaussure - A3246-11, (nomm\u00e9 Bradford) est un couvre-chaussure de travail robuste, 100 % imperm\u00e9able, avec fermeture \u00e0 glissi\u00e8re pour homme","robots":{"index":"index","follow":"follow","max-snippet":"max-snippet:-1","max-image-preview":"max-image-preview:large","max-video-preview":"max-video-preview:-1"},"canonical":"https:\/\/autravail.ca\/en\/product\/couvre-chaussure-a3246-11\/","og_locale":"en_US","og_type":"article","og_title":"Couvre chaussure - A3246-11 - Le Magasin Industriel","og_description":"Couvre chaussure - A3246-11, (nomm\u00e9 Bradford) est un couvre-chaussure de travail robuste, 100 % imperm\u00e9able, avec fermeture \u00e0 glissi\u00e8re pour homme","og_url":"https:\/\/autravail.ca\/en\/product\/couvre-chaussure-a3246-11\/","og_site_name":"Le Magasin Industriel","article_publisher":"https:\/\/www.facebook.com\/lemagasinindustriel\/?locale=fr_FR","article_modified_time":"2026-03-27T17:31:06+00:00","og_image":[{"width":1000,"height":1000,"url":"https:\/\/autravail.ca\/wp-content\/uploads\/2025\/05\/A3246_A01.jpg","type":"image\/jpeg"}],"twitter_card":"summary_large_image","twitter_misc":{"Est. reading time":"2 minutes"},"schema":{"@context":"https:\/\/schema.org","@graph":[{"@type":"WebPage","@id":"https:\/\/autravail.ca\/product\/couvre-chaussure-a3246-11\/","url":"https:\/\/autravail.ca\/product\/couvre-chaussure-a3246-11\/","name":"Couvre chaussure - A3246-11 - Le Magasin Industriel","isPartOf":{"@id":"https:\/\/autravail.ca\/#website"},"primaryImageOfPage":{"@id":"https:\/\/autravail.ca\/product\/couvre-chaussure-a3246-11\/#primaryimage"},"image":{"@id":"https:\/\/autravail.ca\/product\/couvre-chaussure-a3246-11\/#primaryimage"},"thumbnailUrl":"https:\/\/autravail.ca\/wp-content\/uploads\/2025\/05\/A3246_A01.jpg","datePublished":"2025-05-08T06:20:32+00:00","dateModified":"2026-03-27T17:31:06+00:00","description":"Couvre chaussure - A3246-11, (nomm\u00e9 Bradford) est un couvre-chaussure de travail robuste, 100 % imperm\u00e9able, avec fermeture \u00e0 glissi\u00e8re pour homme","breadcrumb":{"@id":"https:\/\/autravail.ca\/product\/couvre-chaussure-a3246-11\/#breadcrumb"},"inLanguage":"en-CA","potentialAction":[{"@type":"ReadAction","target":["https:\/\/autravail.ca\/product\/couvre-chaussure-a3246-11\/"]}]},{"@type":"ImageObject","inLanguage":"en-CA","@id":"https:\/\/autravail.ca\/product\/couvre-chaussure-a3246-11\/#primaryimage","url":"https:\/\/autravail.ca\/wp-content\/uploads\/2025\/05\/A3246_A01.jpg","contentUrl":"https:\/\/autravail.ca\/wp-content\/uploads\/2025\/05\/A3246_A01.jpg","width":1000,"height":1000,"caption":"Couvre chaussure - A3246-11"},{"@type":"BreadcrumbList","@id":"https:\/\/autravail.ca\/product\/couvre-chaussure-a3246-11\/#breadcrumb","itemListElement":[{"@type":"ListItem","position":1,"name":"Accueil","item":"https:\/\/autravail.ca\/"},{"@type":"ListItem","position":2,"name":"Magasin","item":"https:\/\/autravail.ca\/en\/shop\/"},{"@type":"ListItem","position":3,"name":"Couvre chaussure &#8211; A3246-11"}]},{"@type":"WebSite","@id":"https:\/\/autravail.ca\/#website","url":"https:\/\/autravail.ca\/","name":"Le Magasin Industriel","description":"50 ans de tradition de s\u00e9curit\u00e9 au travail","publisher":{"@id":"https:\/\/autravail.ca\/#organization"},"potentialAction":[{"@type":"SearchAction","target":{"@type":"EntryPoint","urlTemplate":"https:\/\/autravail.ca\/?s={search_term_string}"},"query-input":{"@type":"PropertyValueSpecification","valueRequired":true,"valueName":"search_term_string"}}],"inLanguage":"en-CA"},{"@type":"Organization","@id":"https:\/\/autravail.ca\/#organization","name":"Le Magasin Industriel","url":"https:\/\/autravail.ca\/","logo":{"@type":"ImageObject","inLanguage":"en-CA","@id":"https:\/\/autravail.ca\/#\/schema\/logo\/image\/","url":"https:\/\/autravail.ca\/wp-content\/uploads\/2025\/05\/cropped-magasin_industriel_120x.avif","contentUrl":"https:\/\/autravail.ca\/wp-content\/uploads\/2025\/05\/cropped-magasin_industriel_120x.avif","width":120,"height":24,"caption":"Le Magasin Industriel"},"image":{"@id":"https:\/\/autravail.ca\/#\/schema\/logo\/image\/"},"sameAs":["https:\/\/www.facebook.com\/lemagasinindustriel\/?locale=fr_FR"]}]}},"jetpack_sharing_enabled":true,"_links":{"self":[{"href":"https:\/\/autravail.ca\/en\/wp-json\/wp\/v2\/product\/27170","targetHints":{"allow":["GET"]}}],"collection":[{"href":"https:\/\/autravail.ca\/en\/wp-json\/wp\/v2\/product"}],"about":[{"href":"https:\/\/autravail.ca\/en\/wp-json\/wp\/v2\/types\/product"}],"replies":[{"embeddable":true,"href":"https:\/\/autravail.ca\/en\/wp-json\/wp\/v2\/comments?post=27170"}],"wp:featuredmedia":[{"embeddable":true,"href":"https:\/\/autravail.ca\/en\/wp-json\/wp\/v2\/media\/46138"}],"wp:attachment":[{"href":"https:\/\/autravail.ca\/en\/wp-json\/wp\/v2\/media?parent=27170"}],"wp:term":[{"taxonomy":"product_cat","embeddable":true,"href":"https:\/\/autravail.ca\/en\/wp-json\/wp\/v2\/product_cat?post=27170"},{"taxonomy":"product_tag","embeddable":true,"href":"https:\/\/autravail.ca\/en\/wp-json\/wp\/v2\/product_tag?post=27170"}],"curies":[{"name":"wp","href":"https:\/\/api.w.org\/{rel}","templated":true}]}}