{"id":27111,"date":"2025-05-08T06:20:16","date_gmt":"2025-05-08T06:20:16","guid":{"rendered":"https:\/\/meteoquebec.ca\/?post_type=product&#038;p=27111"},"modified":"2026-03-09T17:08:30","modified_gmt":"2026-03-09T21:08:30","slug":"pantalon-de-travail-cargo-3239","status":"publish","type":"product","link":"https:\/\/autravail.ca\/en\/product\/pantalon-de-travail-cargo-3239\/","title":{"rendered":"Pantalon de travail cargo &#8211; 3239"},"content":{"rendered":"<h3>Pantalon de travail cargo &#8211; 3239<\/h3>\n<p>Pantalon de travail cargo &#8211; 3239 de <a href=\"https:\/\/autravail.ca\/en\/product-brand\/big-bill\/\">Big Bill<\/a> est con\u00e7u pour durer et \u00eatre fonctionnel au quotidien. Fabriqu\u00e9 en serg\u00e9 robuste, il offre une coupe ample et une construction renforc\u00e9e pour un confort et une r\u00e9sistance optimaux. Ses grandes poches cargo \u00e0 soufflets et fermetures dissimul\u00e9es permettent de ranger et de prot\u00e9ger outils et \u00e9quipements. Dot\u00e9 d&rsquo;une fermeture \u00e9clair en laiton, d&rsquo;une fermeture \u00e0 bouton et de coutures haute r\u00e9sistance, ce pantalon est fait pour durer.<\/p>\n<h6>Characteristics:<\/h6>\n<ul>\n<li>Serg\u00e9 8,5 oz, 65 % polyester \/ 35 % coton. Ce type de tissage int\u00e8gre des fils de renforcement qui cr\u00e9ent un motif de petits carr\u00e9s, emp\u00eachant une \u00e9ventuelle d\u00e9chirure ou un accroc de se propager sur tout le v\u00eatement.<\/li>\n<li><span dir=\"auto\">Des jambes larges pour plus de confort<\/span><\/li>\n<li><span dir=\"auto\">teinture longue dur\u00e9e<\/span><\/li>\n<li><span dir=\"auto\">Presse permanente<\/span><\/li>\n<li><span dir=\"auto\">Fermeture \u00e9clair et bouton en laiton sur le devant<\/span><\/li>\n<li><span dir=\"auto\">2 poches avant renforc\u00e9es<\/span><\/li>\n<li><span dir=\"auto\">Deux poches passepoil\u00e9es arri\u00e8re \u00e0 rabat et fermeture \u00e0 bouton dissimul\u00e9e<\/span><\/li>\n<li><span dir=\"auto\">Deux grandes poches cargo lat\u00e9rales \u00e0 rabat et fermeture \u00e0 bouton dissimul\u00e9e.<\/span><\/li>\n<li><span dir=\"auto\">Fil haute r\u00e9sistance<\/span><\/li>\n<li><span dir=\"auto\">Points d&rsquo;arr\u00eat renforc\u00e9s \u00e0 tous les points de tension<\/span><\/li>\n<li><span dir=\"auto\">Entretien\u00a0: Lavage industriel<\/span><\/li>\n<li>La coupe est pens\u00e9e pour les travailleurs actifs, offrant suffisamment d&rsquo;espace au niveau du si\u00e8ge et des cuisses pour s&rsquo;accroupir ou grimper sans restriction.<\/li>\n<li>Fabriqu\u00e9 au Canada<\/li>\n<\/ul>\n<p><img decoding=\"async\" class=\"alignnone wp-image-40620\" src=\"https:\/\/autravail.ca\/wp-content\/uploads\/2025\/09\/Jachete-quebec-et-canada.jpg\" alt=\"Logo de l'achat local\" width=\"162\" height=\"139\" \/>Merci d&rsquo;encourager une entreprise 100% d&rsquo;ici!<\/p>\n<p>TS2603H<\/p>","protected":false},"excerpt":{"rendered":"<p>Pantalon de travail cargo &#8211; 3239 Pantalon de travail cargo &#8211; 3239 de Big Bill est con\u00e7u pour durer et \u00eatre fonctionnel au quotidien. Fabriqu\u00e9 en serg\u00e9 robuste, il offre une coupe ample et une construction renforc\u00e9e pour un confort et une r\u00e9sistance optimaux. Ses grandes poches cargo \u00e0 soufflets et fermetures dissimul\u00e9es permettent de [&hellip;]<\/p>","protected":false},"featured_media":45482,"comment_status":"open","ping_status":"closed","template":"","meta":[],"product_cat":[599,602,665,604],"product_tag":[242,243],"class_list":{"0":"post-27111","1":"product","2":"type-product","3":"status-publish","4":"has-post-thumbnail","6":"product_brand-big-bill","7":"product_cat-apparel-accessories","8":"product_cat-hommes","9":"product_cat-pantalons","10":"product_cat-vetements-de-travail","11":"product_tag-homme","12":"product_tag-pantalons","14":"first","15":"instock","16":"taxable","17":"shipping-taxable","18":"purchasable","19":"product-type-variable"},"yoast_head":"<!-- This site is optimized with the Yoast SEO plugin v25.3.1 - https:\/\/yoast.com\/wordpress\/plugins\/seo\/ -->\n<title>Pantalon de travail cargo - 3239 - Le Magasin Industriel<\/title>\n<meta name=\"description\" content=\"Pantalon de travail cargo - 3239 est con\u00e7u pour durer et \u00eatre fonctionnel au quotidien. Fabriqu\u00e9 en serg\u00e9 robuste, il offre une coupe ample\" \/>\n<meta name=\"robots\" content=\"index, follow, max-snippet:-1, max-image-preview:large, max-video-preview:-1\" \/>\n<link rel=\"canonical\" href=\"https:\/\/autravail.ca\/en\/product\/pantalon-de-travail-cargo-3239\/\" \/>\n<meta property=\"og:locale\" content=\"en_US\" \/>\n<meta property=\"og:type\" content=\"article\" \/>\n<meta property=\"og:title\" content=\"Pantalon de travail cargo - 3239 - Le Magasin Industriel\" \/>\n<meta property=\"og:description\" content=\"Pantalon de travail cargo - 3239 est con\u00e7u pour durer et \u00eatre fonctionnel au quotidien. Fabriqu\u00e9 en serg\u00e9 robuste, il offre une coupe ample\" \/>\n<meta property=\"og:url\" content=\"https:\/\/autravail.ca\/en\/product\/pantalon-de-travail-cargo-3239\/\" \/>\n<meta property=\"og:site_name\" content=\"Le Magasin Industriel\" \/>\n<meta property=\"article:publisher\" content=\"https:\/\/www.facebook.com\/lemagasinindustriel\/?locale=fr_FR\" \/>\n<meta property=\"article:modified_time\" content=\"2026-03-09T21:08:30+00:00\" \/>\n<meta property=\"og:image\" content=\"https:\/\/autravail.ca\/wp-content\/uploads\/2025\/05\/3239_nay_A01-1.jpg\" \/>\n\t<meta property=\"og:image:width\" content=\"1000\" \/>\n\t<meta property=\"og:image:height\" content=\"1000\" \/>\n\t<meta property=\"og:image:type\" content=\"image\/jpeg\" \/>\n<meta name=\"twitter:card\" content=\"summary_large_image\" \/>\n<meta name=\"twitter:label1\" content=\"Est. reading time\" \/>\n\t<meta name=\"twitter:data1\" content=\"2 minutes\" \/>\n<script type=\"application\/ld+json\" class=\"yoast-schema-graph\">{\"@context\":\"https:\/\/schema.org\",\"@graph\":[{\"@type\":\"WebPage\",\"@id\":\"https:\/\/autravail.ca\/product\/pantalon-de-travail-cargo-3239\/\",\"url\":\"https:\/\/autravail.ca\/product\/pantalon-de-travail-cargo-3239\/\",\"name\":\"Pantalon de travail cargo - 3239 - Le Magasin Industriel\",\"isPartOf\":{\"@id\":\"https:\/\/autravail.ca\/#website\"},\"primaryImageOfPage\":{\"@id\":\"https:\/\/autravail.ca\/product\/pantalon-de-travail-cargo-3239\/#primaryimage\"},\"image\":{\"@id\":\"https:\/\/autravail.ca\/product\/pantalon-de-travail-cargo-3239\/#primaryimage\"},\"thumbnailUrl\":\"https:\/\/autravail.ca\/wp-content\/uploads\/2025\/05\/3239_nay_A01-1.jpg\",\"datePublished\":\"2025-05-08T06:20:16+00:00\",\"dateModified\":\"2026-03-09T21:08:30+00:00\",\"description\":\"Pantalon de travail cargo - 3239 est con\u00e7u pour durer et \u00eatre fonctionnel au quotidien. Fabriqu\u00e9 en serg\u00e9 robuste, il offre une coupe ample\",\"breadcrumb\":{\"@id\":\"https:\/\/autravail.ca\/product\/pantalon-de-travail-cargo-3239\/#breadcrumb\"},\"inLanguage\":\"en-CA\",\"potentialAction\":[{\"@type\":\"ReadAction\",\"target\":[\"https:\/\/autravail.ca\/product\/pantalon-de-travail-cargo-3239\/\"]}]},{\"@type\":\"ImageObject\",\"inLanguage\":\"en-CA\",\"@id\":\"https:\/\/autravail.ca\/product\/pantalon-de-travail-cargo-3239\/#primaryimage\",\"url\":\"https:\/\/autravail.ca\/wp-content\/uploads\/2025\/05\/3239_nay_A01-1.jpg\",\"contentUrl\":\"https:\/\/autravail.ca\/wp-content\/uploads\/2025\/05\/3239_nay_A01-1.jpg\",\"width\":1000,\"height\":1000,\"caption\":\"Pantalon de travail cargo - 3239\"},{\"@type\":\"BreadcrumbList\",\"@id\":\"https:\/\/autravail.ca\/product\/pantalon-de-travail-cargo-3239\/#breadcrumb\",\"itemListElement\":[{\"@type\":\"ListItem\",\"position\":1,\"name\":\"Accueil\",\"item\":\"https:\/\/autravail.ca\/\"},{\"@type\":\"ListItem\",\"position\":2,\"name\":\"Magasin\",\"item\":\"https:\/\/autravail.ca\/en\/shop\/\"},{\"@type\":\"ListItem\",\"position\":3,\"name\":\"Pantalon de travail cargo &#8211; 3239\"}]},{\"@type\":\"WebSite\",\"@id\":\"https:\/\/autravail.ca\/#website\",\"url\":\"https:\/\/autravail.ca\/\",\"name\":\"Le Magasin Industriel\",\"description\":\"50 ans de tradition de s\u00e9curit\u00e9 au travail\",\"publisher\":{\"@id\":\"https:\/\/autravail.ca\/#organization\"},\"potentialAction\":[{\"@type\":\"SearchAction\",\"target\":{\"@type\":\"EntryPoint\",\"urlTemplate\":\"https:\/\/autravail.ca\/?s={search_term_string}\"},\"query-input\":{\"@type\":\"PropertyValueSpecification\",\"valueRequired\":true,\"valueName\":\"search_term_string\"}}],\"inLanguage\":\"en-CA\"},{\"@type\":\"Organization\",\"@id\":\"https:\/\/autravail.ca\/#organization\",\"name\":\"Le Magasin Industriel\",\"url\":\"https:\/\/autravail.ca\/\",\"logo\":{\"@type\":\"ImageObject\",\"inLanguage\":\"en-CA\",\"@id\":\"https:\/\/autravail.ca\/#\/schema\/logo\/image\/\",\"url\":\"https:\/\/autravail.ca\/wp-content\/uploads\/2025\/05\/cropped-magasin_industriel_120x.avif\",\"contentUrl\":\"https:\/\/autravail.ca\/wp-content\/uploads\/2025\/05\/cropped-magasin_industriel_120x.avif\",\"width\":120,\"height\":24,\"caption\":\"Le Magasin Industriel\"},\"image\":{\"@id\":\"https:\/\/autravail.ca\/#\/schema\/logo\/image\/\"},\"sameAs\":[\"https:\/\/www.facebook.com\/lemagasinindustriel\/?locale=fr_FR\"]}]}<\/script>\n<!-- \/ Yoast SEO plugin. -->","yoast_head_json":{"title":"Pantalon de travail cargo - 3239 - Le Magasin Industriel","description":"Pantalon de travail cargo - 3239 est con\u00e7u pour durer et \u00eatre fonctionnel au quotidien. Fabriqu\u00e9 en serg\u00e9 robuste, il offre une coupe ample","robots":{"index":"index","follow":"follow","max-snippet":"max-snippet:-1","max-image-preview":"max-image-preview:large","max-video-preview":"max-video-preview:-1"},"canonical":"https:\/\/autravail.ca\/en\/product\/pantalon-de-travail-cargo-3239\/","og_locale":"en_US","og_type":"article","og_title":"Pantalon de travail cargo - 3239 - Le Magasin Industriel","og_description":"Pantalon de travail cargo - 3239 est con\u00e7u pour durer et \u00eatre fonctionnel au quotidien. Fabriqu\u00e9 en serg\u00e9 robuste, il offre une coupe ample","og_url":"https:\/\/autravail.ca\/en\/product\/pantalon-de-travail-cargo-3239\/","og_site_name":"Le Magasin Industriel","article_publisher":"https:\/\/www.facebook.com\/lemagasinindustriel\/?locale=fr_FR","article_modified_time":"2026-03-09T21:08:30+00:00","og_image":[{"width":1000,"height":1000,"url":"https:\/\/autravail.ca\/wp-content\/uploads\/2025\/05\/3239_nay_A01-1.jpg","type":"image\/jpeg"}],"twitter_card":"summary_large_image","twitter_misc":{"Est. reading time":"2 minutes"},"schema":{"@context":"https:\/\/schema.org","@graph":[{"@type":"WebPage","@id":"https:\/\/autravail.ca\/product\/pantalon-de-travail-cargo-3239\/","url":"https:\/\/autravail.ca\/product\/pantalon-de-travail-cargo-3239\/","name":"Pantalon de travail cargo - 3239 - Le Magasin Industriel","isPartOf":{"@id":"https:\/\/autravail.ca\/#website"},"primaryImageOfPage":{"@id":"https:\/\/autravail.ca\/product\/pantalon-de-travail-cargo-3239\/#primaryimage"},"image":{"@id":"https:\/\/autravail.ca\/product\/pantalon-de-travail-cargo-3239\/#primaryimage"},"thumbnailUrl":"https:\/\/autravail.ca\/wp-content\/uploads\/2025\/05\/3239_nay_A01-1.jpg","datePublished":"2025-05-08T06:20:16+00:00","dateModified":"2026-03-09T21:08:30+00:00","description":"Pantalon de travail cargo - 3239 est con\u00e7u pour durer et \u00eatre fonctionnel au quotidien. Fabriqu\u00e9 en serg\u00e9 robuste, il offre une coupe ample","breadcrumb":{"@id":"https:\/\/autravail.ca\/product\/pantalon-de-travail-cargo-3239\/#breadcrumb"},"inLanguage":"en-CA","potentialAction":[{"@type":"ReadAction","target":["https:\/\/autravail.ca\/product\/pantalon-de-travail-cargo-3239\/"]}]},{"@type":"ImageObject","inLanguage":"en-CA","@id":"https:\/\/autravail.ca\/product\/pantalon-de-travail-cargo-3239\/#primaryimage","url":"https:\/\/autravail.ca\/wp-content\/uploads\/2025\/05\/3239_nay_A01-1.jpg","contentUrl":"https:\/\/autravail.ca\/wp-content\/uploads\/2025\/05\/3239_nay_A01-1.jpg","width":1000,"height":1000,"caption":"Pantalon de travail cargo - 3239"},{"@type":"BreadcrumbList","@id":"https:\/\/autravail.ca\/product\/pantalon-de-travail-cargo-3239\/#breadcrumb","itemListElement":[{"@type":"ListItem","position":1,"name":"Accueil","item":"https:\/\/autravail.ca\/"},{"@type":"ListItem","position":2,"name":"Magasin","item":"https:\/\/autravail.ca\/en\/shop\/"},{"@type":"ListItem","position":3,"name":"Pantalon de travail cargo &#8211; 3239"}]},{"@type":"WebSite","@id":"https:\/\/autravail.ca\/#website","url":"https:\/\/autravail.ca\/","name":"Le Magasin Industriel","description":"50 ans de tradition de s\u00e9curit\u00e9 au travail","publisher":{"@id":"https:\/\/autravail.ca\/#organization"},"potentialAction":[{"@type":"SearchAction","target":{"@type":"EntryPoint","urlTemplate":"https:\/\/autravail.ca\/?s={search_term_string}"},"query-input":{"@type":"PropertyValueSpecification","valueRequired":true,"valueName":"search_term_string"}}],"inLanguage":"en-CA"},{"@type":"Organization","@id":"https:\/\/autravail.ca\/#organization","name":"Le Magasin Industriel","url":"https:\/\/autravail.ca\/","logo":{"@type":"ImageObject","inLanguage":"en-CA","@id":"https:\/\/autravail.ca\/#\/schema\/logo\/image\/","url":"https:\/\/autravail.ca\/wp-content\/uploads\/2025\/05\/cropped-magasin_industriel_120x.avif","contentUrl":"https:\/\/autravail.ca\/wp-content\/uploads\/2025\/05\/cropped-magasin_industriel_120x.avif","width":120,"height":24,"caption":"Le Magasin Industriel"},"image":{"@id":"https:\/\/autravail.ca\/#\/schema\/logo\/image\/"},"sameAs":["https:\/\/www.facebook.com\/lemagasinindustriel\/?locale=fr_FR"]}]}},"jetpack_sharing_enabled":true,"_links":{"self":[{"href":"https:\/\/autravail.ca\/en\/wp-json\/wp\/v2\/product\/27111","targetHints":{"allow":["GET"]}}],"collection":[{"href":"https:\/\/autravail.ca\/en\/wp-json\/wp\/v2\/product"}],"about":[{"href":"https:\/\/autravail.ca\/en\/wp-json\/wp\/v2\/types\/product"}],"replies":[{"embeddable":true,"href":"https:\/\/autravail.ca\/en\/wp-json\/wp\/v2\/comments?post=27111"}],"wp:featuredmedia":[{"embeddable":true,"href":"https:\/\/autravail.ca\/en\/wp-json\/wp\/v2\/media\/45482"}],"wp:attachment":[{"href":"https:\/\/autravail.ca\/en\/wp-json\/wp\/v2\/media?parent=27111"}],"wp:term":[{"taxonomy":"product_cat","embeddable":true,"href":"https:\/\/autravail.ca\/en\/wp-json\/wp\/v2\/product_cat?post=27111"},{"taxonomy":"product_tag","embeddable":true,"href":"https:\/\/autravail.ca\/en\/wp-json\/wp\/v2\/product_tag?post=27111"}],"curies":[{"name":"wp","href":"https:\/\/api.w.org\/{rel}","templated":true}]}}