{"id":27051,"date":"2025-05-08T06:19:55","date_gmt":"2025-05-08T06:19:55","guid":{"rendered":"https:\/\/meteoquebec.ca\/?post_type=product&#038;p=27051"},"modified":"2026-03-27T13:27:21","modified_gmt":"2026-03-27T17:27:21","slug":"a3231-11-couvre-chaussure-joule","status":"publish","type":"product","link":"https:\/\/autravail.ca\/en\/product\/a3231-11-couvre-chaussure-joule\/","title":{"rendered":"Couvre chaussure &#8211; A3231-11"},"content":{"rendered":"<h3>Couvre chaussure &#8211; A3231-11<\/h3>\n<p>Couvre chaussure &#8211; A3231-11 Joule de<a href=\"https:\/\/autravail.ca\/en\/product-brand\/acton\/\"> Acton<\/a> (nomm\u00e9\u00a0<strong class=\"Yjhzub\" data-sfc-cb=\"\" data-complete=\"true\" data-processed=\"true\">Joule<\/strong>) est un couvre-chaussure de ville haut de gamme, con\u00e7u pour offrir une protection imperm\u00e9able et thermique sup\u00e9rieure tout en conservant un style soign\u00e9.<\/p>\n<h6>Characteristics:<\/h6>\n<ul>\n<li class=\"dF3vjf\" data-sfc-cb=\"\" data-hveid=\"CAEIBRAA\" data-complete=\"true\" data-sae=\"\"><span class=\"T286Pc\" data-sfc-cp=\"\" data-sfc-cb=\"\" data-complete=\"true\">Il combine une base en <strong class=\"Yjhzub\" data-sfc-cb=\"\" data-complete=\"true\">caoutchouc naturel<\/strong>\u00a0100 % imperm\u00e9able avec une empeigne (le dessus) partiellement\u00a0<strong class=\"Yjhzub\" data-sfc-cb=\"\" data-complete=\"true\">recouverte de nylon<\/strong>, ce qui lui donne un look plus urbain et r\u00e9duit le poids.<\/span><\/li>\n<li class=\"dF3vjf\" data-sfc-cb=\"\" data-hveid=\"CAEIBRAB\" data-complete=\"true\" data-sae=\"\"><span class=\"T286Pc\" data-sfc-cp=\"\" data-sfc-cb=\"\" data-complete=\"true\">Contrairement aux mod\u00e8les de base, il est dot\u00e9 d&rsquo;une <strong class=\"Yjhzub\" data-sfc-cb=\"\" data-complete=\"true\">doublure en molleton isolant<\/strong>\u00a0qui garde les pieds au chaud durant l&rsquo;hiver.<\/span><\/li>\n<li class=\"dF3vjf\" data-sfc-cb=\"\" data-hveid=\"CAEIBRAC\" data-complete=\"true\" data-sae=\"\"><span class=\"T286Pc\" data-sfc-cp=\"\" data-sfc-cb=\"\" data-complete=\"true\">\u00c9quip\u00e9 d&rsquo;une fermeture \u00e0 glissi\u00e8re avant <strong class=\"Yjhzub\" data-sfc-cb=\"\" data-complete=\"true\">anticorrosion<\/strong>\u00a0tr\u00e8s durable pour un enfilage rapide.<\/span><\/li>\n<li class=\"dF3vjf\" data-sfc-cb=\"\" data-hveid=\"CAEIBRAD\" data-complete=\"true\" data-sae=\"\"><span class=\"T286Pc\" data-sfc-cp=\"\" data-sfc-cb=\"\" data-complete=\"true\" aria-owns=\"action-menu-parent-container\">Il poss\u00e8de une <strong class=\"Yjhzub\" data-sfc-cb=\"\" data-complete=\"true\">langue \u00e0 soufflet complet<\/strong>, emp\u00eachant l&rsquo;eau et la neige de s&rsquo;infiltrer par l&rsquo;ouverture de la fermeture \u00e9clair.<\/span><\/li>\n<li class=\"dF3vjf\" data-sfc-cb=\"\" data-hveid=\"CAEIBxAA\" data-complete=\"true\" data-sae=\"\"><span class=\"T286Pc\" data-sfc-cp=\"\" data-sfc-cb=\"\" data-complete=\"true\">Sa semelle d&rsquo;usure en caoutchouc naturel offre une excellente adh\u00e9rence sur les surfaces glac\u00e9es ou mouill\u00e9es.<\/span><\/li>\n<li class=\"dF3vjf\" data-sfc-cb=\"\" data-hveid=\"CAEIBxAB\" data-complete=\"true\" data-sae=\"\"><span class=\"T286Pc\" data-sfc-cp=\"\" data-sfc-cb=\"\" data-complete=\"true\" aria-owns=\"action-menu-parent-container\">D\u00e9sign\u00e9 comme ayant une \u00ab\u00a0Coupe Confort\u00a0\u00bb, il est con\u00e7u pour ne pas comprimer la chaussure \u00e0 l&rsquo;int\u00e9rieur.<\/span><\/li>\n<\/ul>\n<p><em><span style=\"color: #fa0b0b;\">Unisex U.S. men's sizes presented. To convert to U.S. women's size, add 2 sizes. Example: 5 U.S. men = 7 U.S. women<\/span><\/em><\/p>\n<p><img decoding=\"async\" class=\"alignnone wp-image-40620\" src=\"https:\/\/autravail.ca\/wp-content\/uploads\/2025\/09\/Jachete-quebec-et-canada.jpg\" alt=\"Logo de l'achat local\" width=\"162\" height=\"139\" \/>Merci d&rsquo;encourager une entreprise 100% d&rsquo;ici!<\/p>\n<p>TS2603H<\/p>","protected":false},"excerpt":{"rendered":"<p>Couvre chaussure &#8211; A3231-11 Couvre chaussure &#8211; A3231-11 Joule de Acton (nomm\u00e9\u00a0Joule) est un couvre-chaussure de ville haut de gamme, con\u00e7u pour offrir une protection imperm\u00e9able et thermique sup\u00e9rieure tout en conservant un style soign\u00e9. Caract\u00e9ristiques: Il combine une base en caoutchouc naturel\u00a0100 % imperm\u00e9able avec une empeigne (le dessus) partiellement\u00a0recouverte de nylon, ce qui [&hellip;]<\/p>","protected":false},"featured_media":46136,"comment_status":"open","ping_status":"closed","template":"","meta":[],"product_cat":[657],"product_tag":[292,255,242],"class_list":{"0":"post-27051","1":"product","2":"type-product","3":"status-publish","4":"has-post-thumbnail","6":"product_brand-acton","7":"product_cat-accessoires-de-chaussures","8":"product_tag-couvre-chaussures-et-claques","9":"product_tag-femme","10":"product_tag-homme","12":"first","13":"instock","14":"taxable","15":"shipping-taxable","16":"purchasable","17":"product-type-variable"},"yoast_head":"<!-- This site is optimized with the Yoast SEO plugin v25.3.1 - https:\/\/yoast.com\/wordpress\/plugins\/seo\/ -->\n<title>Couvre chaussure - A3231-11 - Le Magasin Industriel<\/title>\n<meta name=\"robots\" content=\"index, follow, max-snippet:-1, max-image-preview:large, max-video-preview:-1\" \/>\n<link rel=\"canonical\" href=\"https:\/\/autravail.ca\/en\/product\/a3231-11-couvre-chaussure-joule\/\" \/>\n<meta property=\"og:locale\" content=\"en_US\" \/>\n<meta property=\"og:type\" content=\"article\" \/>\n<meta property=\"og:title\" content=\"Couvre chaussure - A3231-11 - Le Magasin Industriel\" \/>\n<meta property=\"og:description\" content=\"Couvre chaussure &#8211; A3231-11 Couvre chaussure &#8211; A3231-11 Joule de Acton (nomm\u00e9\u00a0Joule) est un couvre-chaussure de ville haut de gamme, con\u00e7u pour offrir une protection imperm\u00e9able et thermique sup\u00e9rieure tout en conservant un style soign\u00e9. Caract\u00e9ristiques: Il combine une base en caoutchouc naturel\u00a0100 % imperm\u00e9able avec une empeigne (le dessus) partiellement\u00a0recouverte de nylon, ce qui [&hellip;]\" \/>\n<meta property=\"og:url\" content=\"https:\/\/autravail.ca\/en\/product\/a3231-11-couvre-chaussure-joule\/\" \/>\n<meta property=\"og:site_name\" content=\"Le Magasin Industriel\" \/>\n<meta property=\"article:publisher\" content=\"https:\/\/www.facebook.com\/lemagasinindustriel\/?locale=fr_FR\" \/>\n<meta property=\"article:modified_time\" content=\"2026-03-27T17:27:21+00:00\" \/>\n<meta property=\"og:image\" content=\"https:\/\/autravail.ca\/wp-content\/uploads\/2025\/05\/A3231_A01.jpg\" \/>\n\t<meta property=\"og:image:width\" content=\"1000\" \/>\n\t<meta property=\"og:image:height\" content=\"1000\" \/>\n\t<meta property=\"og:image:type\" content=\"image\/jpeg\" \/>\n<meta name=\"twitter:card\" content=\"summary_large_image\" \/>\n<meta name=\"twitter:label1\" content=\"Est. reading time\" \/>\n\t<meta name=\"twitter:data1\" content=\"2 minutes\" \/>\n<script type=\"application\/ld+json\" class=\"yoast-schema-graph\">{\"@context\":\"https:\/\/schema.org\",\"@graph\":[{\"@type\":\"WebPage\",\"@id\":\"https:\/\/autravail.ca\/product\/a3231-11-couvre-chaussure-joule\/\",\"url\":\"https:\/\/autravail.ca\/product\/a3231-11-couvre-chaussure-joule\/\",\"name\":\"Couvre chaussure - A3231-11 - Le Magasin Industriel\",\"isPartOf\":{\"@id\":\"https:\/\/autravail.ca\/#website\"},\"primaryImageOfPage\":{\"@id\":\"https:\/\/autravail.ca\/product\/a3231-11-couvre-chaussure-joule\/#primaryimage\"},\"image\":{\"@id\":\"https:\/\/autravail.ca\/product\/a3231-11-couvre-chaussure-joule\/#primaryimage\"},\"thumbnailUrl\":\"https:\/\/autravail.ca\/wp-content\/uploads\/2025\/05\/A3231_A01.jpg\",\"datePublished\":\"2025-05-08T06:19:55+00:00\",\"dateModified\":\"2026-03-27T17:27:21+00:00\",\"breadcrumb\":{\"@id\":\"https:\/\/autravail.ca\/product\/a3231-11-couvre-chaussure-joule\/#breadcrumb\"},\"inLanguage\":\"en-CA\",\"potentialAction\":[{\"@type\":\"ReadAction\",\"target\":[\"https:\/\/autravail.ca\/product\/a3231-11-couvre-chaussure-joule\/\"]}]},{\"@type\":\"ImageObject\",\"inLanguage\":\"en-CA\",\"@id\":\"https:\/\/autravail.ca\/product\/a3231-11-couvre-chaussure-joule\/#primaryimage\",\"url\":\"https:\/\/autravail.ca\/wp-content\/uploads\/2025\/05\/A3231_A01.jpg\",\"contentUrl\":\"https:\/\/autravail.ca\/wp-content\/uploads\/2025\/05\/A3231_A01.jpg\",\"width\":1000,\"height\":1000,\"caption\":\"Couvre chaussure - A3231-11\"},{\"@type\":\"BreadcrumbList\",\"@id\":\"https:\/\/autravail.ca\/product\/a3231-11-couvre-chaussure-joule\/#breadcrumb\",\"itemListElement\":[{\"@type\":\"ListItem\",\"position\":1,\"name\":\"Accueil\",\"item\":\"https:\/\/autravail.ca\/\"},{\"@type\":\"ListItem\",\"position\":2,\"name\":\"Magasin\",\"item\":\"https:\/\/autravail.ca\/en\/shop\/\"},{\"@type\":\"ListItem\",\"position\":3,\"name\":\"Couvre chaussure &#8211; A3231-11\"}]},{\"@type\":\"WebSite\",\"@id\":\"https:\/\/autravail.ca\/#website\",\"url\":\"https:\/\/autravail.ca\/\",\"name\":\"Le Magasin Industriel\",\"description\":\"50 ans de tradition de s\u00e9curit\u00e9 au travail\",\"publisher\":{\"@id\":\"https:\/\/autravail.ca\/#organization\"},\"potentialAction\":[{\"@type\":\"SearchAction\",\"target\":{\"@type\":\"EntryPoint\",\"urlTemplate\":\"https:\/\/autravail.ca\/?s={search_term_string}\"},\"query-input\":{\"@type\":\"PropertyValueSpecification\",\"valueRequired\":true,\"valueName\":\"search_term_string\"}}],\"inLanguage\":\"en-CA\"},{\"@type\":\"Organization\",\"@id\":\"https:\/\/autravail.ca\/#organization\",\"name\":\"Le Magasin Industriel\",\"url\":\"https:\/\/autravail.ca\/\",\"logo\":{\"@type\":\"ImageObject\",\"inLanguage\":\"en-CA\",\"@id\":\"https:\/\/autravail.ca\/#\/schema\/logo\/image\/\",\"url\":\"https:\/\/autravail.ca\/wp-content\/uploads\/2025\/05\/cropped-magasin_industriel_120x.avif\",\"contentUrl\":\"https:\/\/autravail.ca\/wp-content\/uploads\/2025\/05\/cropped-magasin_industriel_120x.avif\",\"width\":120,\"height\":24,\"caption\":\"Le Magasin Industriel\"},\"image\":{\"@id\":\"https:\/\/autravail.ca\/#\/schema\/logo\/image\/\"},\"sameAs\":[\"https:\/\/www.facebook.com\/lemagasinindustriel\/?locale=fr_FR\"]}]}<\/script>\n<!-- \/ Yoast SEO plugin. -->","yoast_head_json":{"title":"Couvre chaussure - A3231-11 - Le Magasin Industriel","robots":{"index":"index","follow":"follow","max-snippet":"max-snippet:-1","max-image-preview":"max-image-preview:large","max-video-preview":"max-video-preview:-1"},"canonical":"https:\/\/autravail.ca\/en\/product\/a3231-11-couvre-chaussure-joule\/","og_locale":"en_US","og_type":"article","og_title":"Couvre chaussure - A3231-11 - Le Magasin Industriel","og_description":"Couvre chaussure &#8211; A3231-11 Couvre chaussure &#8211; A3231-11 Joule de Acton (nomm\u00e9\u00a0Joule) est un couvre-chaussure de ville haut de gamme, con\u00e7u pour offrir une protection imperm\u00e9able et thermique sup\u00e9rieure tout en conservant un style soign\u00e9. Caract\u00e9ristiques: Il combine une base en caoutchouc naturel\u00a0100 % imperm\u00e9able avec une empeigne (le dessus) partiellement\u00a0recouverte de nylon, ce qui [&hellip;]","og_url":"https:\/\/autravail.ca\/en\/product\/a3231-11-couvre-chaussure-joule\/","og_site_name":"Le Magasin Industriel","article_publisher":"https:\/\/www.facebook.com\/lemagasinindustriel\/?locale=fr_FR","article_modified_time":"2026-03-27T17:27:21+00:00","og_image":[{"width":1000,"height":1000,"url":"https:\/\/autravail.ca\/wp-content\/uploads\/2025\/05\/A3231_A01.jpg","type":"image\/jpeg"}],"twitter_card":"summary_large_image","twitter_misc":{"Est. reading time":"2 minutes"},"schema":{"@context":"https:\/\/schema.org","@graph":[{"@type":"WebPage","@id":"https:\/\/autravail.ca\/product\/a3231-11-couvre-chaussure-joule\/","url":"https:\/\/autravail.ca\/product\/a3231-11-couvre-chaussure-joule\/","name":"Couvre chaussure - A3231-11 - Le Magasin Industriel","isPartOf":{"@id":"https:\/\/autravail.ca\/#website"},"primaryImageOfPage":{"@id":"https:\/\/autravail.ca\/product\/a3231-11-couvre-chaussure-joule\/#primaryimage"},"image":{"@id":"https:\/\/autravail.ca\/product\/a3231-11-couvre-chaussure-joule\/#primaryimage"},"thumbnailUrl":"https:\/\/autravail.ca\/wp-content\/uploads\/2025\/05\/A3231_A01.jpg","datePublished":"2025-05-08T06:19:55+00:00","dateModified":"2026-03-27T17:27:21+00:00","breadcrumb":{"@id":"https:\/\/autravail.ca\/product\/a3231-11-couvre-chaussure-joule\/#breadcrumb"},"inLanguage":"en-CA","potentialAction":[{"@type":"ReadAction","target":["https:\/\/autravail.ca\/product\/a3231-11-couvre-chaussure-joule\/"]}]},{"@type":"ImageObject","inLanguage":"en-CA","@id":"https:\/\/autravail.ca\/product\/a3231-11-couvre-chaussure-joule\/#primaryimage","url":"https:\/\/autravail.ca\/wp-content\/uploads\/2025\/05\/A3231_A01.jpg","contentUrl":"https:\/\/autravail.ca\/wp-content\/uploads\/2025\/05\/A3231_A01.jpg","width":1000,"height":1000,"caption":"Couvre chaussure - A3231-11"},{"@type":"BreadcrumbList","@id":"https:\/\/autravail.ca\/product\/a3231-11-couvre-chaussure-joule\/#breadcrumb","itemListElement":[{"@type":"ListItem","position":1,"name":"Accueil","item":"https:\/\/autravail.ca\/"},{"@type":"ListItem","position":2,"name":"Magasin","item":"https:\/\/autravail.ca\/en\/shop\/"},{"@type":"ListItem","position":3,"name":"Couvre chaussure &#8211; A3231-11"}]},{"@type":"WebSite","@id":"https:\/\/autravail.ca\/#website","url":"https:\/\/autravail.ca\/","name":"Le Magasin Industriel","description":"50 ans de tradition de s\u00e9curit\u00e9 au travail","publisher":{"@id":"https:\/\/autravail.ca\/#organization"},"potentialAction":[{"@type":"SearchAction","target":{"@type":"EntryPoint","urlTemplate":"https:\/\/autravail.ca\/?s={search_term_string}"},"query-input":{"@type":"PropertyValueSpecification","valueRequired":true,"valueName":"search_term_string"}}],"inLanguage":"en-CA"},{"@type":"Organization","@id":"https:\/\/autravail.ca\/#organization","name":"Le Magasin Industriel","url":"https:\/\/autravail.ca\/","logo":{"@type":"ImageObject","inLanguage":"en-CA","@id":"https:\/\/autravail.ca\/#\/schema\/logo\/image\/","url":"https:\/\/autravail.ca\/wp-content\/uploads\/2025\/05\/cropped-magasin_industriel_120x.avif","contentUrl":"https:\/\/autravail.ca\/wp-content\/uploads\/2025\/05\/cropped-magasin_industriel_120x.avif","width":120,"height":24,"caption":"Le Magasin Industriel"},"image":{"@id":"https:\/\/autravail.ca\/#\/schema\/logo\/image\/"},"sameAs":["https:\/\/www.facebook.com\/lemagasinindustriel\/?locale=fr_FR"]}]}},"jetpack_sharing_enabled":true,"_links":{"self":[{"href":"https:\/\/autravail.ca\/en\/wp-json\/wp\/v2\/product\/27051","targetHints":{"allow":["GET"]}}],"collection":[{"href":"https:\/\/autravail.ca\/en\/wp-json\/wp\/v2\/product"}],"about":[{"href":"https:\/\/autravail.ca\/en\/wp-json\/wp\/v2\/types\/product"}],"replies":[{"embeddable":true,"href":"https:\/\/autravail.ca\/en\/wp-json\/wp\/v2\/comments?post=27051"}],"wp:featuredmedia":[{"embeddable":true,"href":"https:\/\/autravail.ca\/en\/wp-json\/wp\/v2\/media\/46136"}],"wp:attachment":[{"href":"https:\/\/autravail.ca\/en\/wp-json\/wp\/v2\/media?parent=27051"}],"wp:term":[{"taxonomy":"product_cat","embeddable":true,"href":"https:\/\/autravail.ca\/en\/wp-json\/wp\/v2\/product_cat?post=27051"},{"taxonomy":"product_tag","embeddable":true,"href":"https:\/\/autravail.ca\/en\/wp-json\/wp\/v2\/product_tag?post=27051"}],"curies":[{"name":"wp","href":"https:\/\/api.w.org\/{rel}","templated":true}]}}