{"id":27021,"date":"2025-05-08T06:19:43","date_gmt":"2025-05-08T06:19:43","guid":{"rendered":"https:\/\/meteoquebec.ca\/?post_type=product&#038;p=27021"},"modified":"2026-03-11T16:25:50","modified_gmt":"2026-03-11T20:25:50","slug":"couvre-chaussure-caoutchouc-a3186-11","status":"publish","type":"product","link":"https:\/\/autravail.ca\/en\/product\/couvre-chaussure-caoutchouc-a3186-11\/","title":{"rendered":"Couvre chaussure caoutchouc &#8211; A3186-11"},"content":{"rendered":"<h3>Couvre chaussure caoutchouc &#8211; A3186-11<\/h3>\n<p>Couvre chaussure caoutchouc &#8211; A3186-11 de Acton (aussi appel\u00e9\u00a0<strong class=\"Yjhzub\" data-sfc-cb=\"\" data-complete=\"true\" data-processed=\"true\">X-TRA<\/strong>) n&rsquo;est pas une botte de travail standard, mais un\u00a0<strong class=\"Yjhzub\" data-sfc-cb=\"\" data-complete=\"true\" data-processed=\"true\">couvre-chaussure<\/strong>\u00a0(overshoe) con\u00e7u pour prot\u00e9ger vos bottes de s\u00e9curit\u00e9 contre l&rsquo;eau, la boue et les produits chimiques.<\/p>\n<h6>Caract\u00e9ristiques<\/h6>\n<ul>\n<li>Hauteur : 11.5&Prime;\u00a0\/\u00a029.2 cm<\/li>\n<li>Caoutchouc naturel imperm\u00e9able, offrant une excellente flexibilit\u00e9 m\u00eame par temps froid.<\/li>\n<li>Doublure int\u00e9rieure de tricot, pour faciliter l&rsquo;enfilage et le retrait.<\/li>\n<li>Adjustment belt and large bellows tongue<\/li>\n<li>Partie inf\u00e9rieure renforc\u00e9e par du caoutchouc plus \u00e9pais, pour une meilleure r\u00e9sistance \u00e0 l&rsquo;abrasion et une adh\u00e9rence accrue<\/li>\n<li>Chaussant extra large pour bottes \u00e0 protection m\u00e9tatarsienne et semelle \u00e9paisse.<\/li>\n<li>Commandez une pointure sup\u00e9rieure \u00e0 celle des bottes de travail Acton.<\/li>\n<li>Sa forme est sp\u00e9cifiquement \u00e9tudi\u00e9e pour s&rsquo;adapter par-dessus des bottes de travail massives, incluant celles munies d&rsquo;un\u00a0<strong class=\"Yjhzub\" data-sfc-cb=\"\" data-complete=\"true\">protecteur m\u00e9tatarsien<\/strong>\u00a0ou de semelles tr\u00e8s \u00e9paisses.<\/li>\n<\/ul>\n<p><em><span style=\"color: #fa0b0b;\">Unisex U.S. men's sizes presented. To convert to U.S. women's size, add 2 sizes. Example: 5 U.S. men = 7 U.S. women<\/span><\/em><\/p>\n<p><img decoding=\"async\" class=\"alignnone wp-image-40620\" src=\"https:\/\/autravail.ca\/wp-content\/uploads\/2025\/09\/Jachete-quebec-et-canada.jpg\" alt=\"Logo de l'achat local\" width=\"162\" height=\"139\" \/>Merci d&rsquo;encourager une entreprise 100% d&rsquo;ici!<\/p>\n<p>TS2603H<\/p>","protected":false},"excerpt":{"rendered":"<p>Couvre chaussure caoutchouc &#8211; A3186-11 Couvre chaussure caoutchouc &#8211; A3186-11 de Acton (aussi appel\u00e9\u00a0X-TRA) n&rsquo;est pas une botte de travail standard, mais un\u00a0couvre-chaussure\u00a0(overshoe) con\u00e7u pour prot\u00e9ger vos bottes de s\u00e9curit\u00e9 contre l&rsquo;eau, la boue et les produits chimiques. Caract\u00e9ristiques Hauteur : 11.5&Prime;\u00a0\/\u00a029.2 cm Caoutchouc naturel imperm\u00e9able, offrant une excellente flexibilit\u00e9 m\u00eame par temps froid. Doublure [&hellip;]<\/p>","protected":false},"featured_media":10120,"comment_status":"open","ping_status":"closed","template":"","meta":[],"product_cat":[657,709],"product_tag":[292,255,242],"class_list":{"0":"post-27021","1":"product","2":"type-product","3":"status-publish","4":"has-post-thumbnail","6":"product_brand-acton","7":"product_cat-accessoires-de-chaussures","8":"product_cat-couvre-chaussures","9":"product_tag-couvre-chaussures-et-claques","10":"product_tag-femme","11":"product_tag-homme","13":"first","14":"instock","15":"taxable","16":"shipping-taxable","17":"purchasable","18":"product-type-variable"},"yoast_head":"<!-- This site is optimized with the Yoast SEO plugin v25.3.1 - https:\/\/yoast.com\/wordpress\/plugins\/seo\/ -->\n<title>Couvre chaussure caoutchouc - A3186-11 - Le Magasin Industriel<\/title>\n<meta name=\"description\" content=\"Couvre chaussure caoutchouc - A3186-11 X-TRA, doublure de tricot, con\u00e7u pour prot\u00e9ger vos bottes de s\u00e9curit\u00e9 100 % imperm\u00e9able\" \/>\n<meta name=\"robots\" content=\"index, follow, max-snippet:-1, max-image-preview:large, max-video-preview:-1\" \/>\n<link rel=\"canonical\" href=\"https:\/\/autravail.ca\/en\/product\/couvre-chaussure-caoutchouc-a3186-11\/\" \/>\n<meta property=\"og:locale\" content=\"en_US\" \/>\n<meta property=\"og:type\" content=\"article\" \/>\n<meta property=\"og:title\" content=\"Couvre chaussure caoutchouc - A3186-11 - Le Magasin Industriel\" \/>\n<meta property=\"og:description\" content=\"Couvre chaussure caoutchouc - A3186-11 X-TRA, doublure de tricot, con\u00e7u pour prot\u00e9ger vos bottes de s\u00e9curit\u00e9 100 % imperm\u00e9able\" \/>\n<meta property=\"og:url\" content=\"https:\/\/autravail.ca\/en\/product\/couvre-chaussure-caoutchouc-a3186-11\/\" \/>\n<meta property=\"og:site_name\" content=\"Le Magasin Industriel\" \/>\n<meta property=\"article:publisher\" content=\"https:\/\/www.facebook.com\/lemagasinindustriel\/?locale=fr_FR\" \/>\n<meta property=\"article:modified_time\" content=\"2026-03-11T20:25:50+00:00\" \/>\n<meta property=\"og:image\" content=\"https:\/\/autravail.ca\/wp-content\/uploads\/2025\/05\/A3186-11_A01.jpg\" \/>\n\t<meta property=\"og:image:width\" content=\"1000\" \/>\n\t<meta property=\"og:image:height\" content=\"1000\" \/>\n\t<meta property=\"og:image:type\" content=\"image\/jpeg\" \/>\n<meta name=\"twitter:card\" content=\"summary_large_image\" \/>\n<meta name=\"twitter:label1\" content=\"Est. reading time\" \/>\n\t<meta name=\"twitter:data1\" content=\"2 minutes\" \/>\n<script type=\"application\/ld+json\" class=\"yoast-schema-graph\">{\"@context\":\"https:\/\/schema.org\",\"@graph\":[{\"@type\":\"WebPage\",\"@id\":\"https:\/\/autravail.ca\/product\/couvre-chaussure-caoutchouc-a3186-11\/\",\"url\":\"https:\/\/autravail.ca\/product\/couvre-chaussure-caoutchouc-a3186-11\/\",\"name\":\"Couvre chaussure caoutchouc - A3186-11 - Le Magasin Industriel\",\"isPartOf\":{\"@id\":\"https:\/\/autravail.ca\/#website\"},\"primaryImageOfPage\":{\"@id\":\"https:\/\/autravail.ca\/product\/couvre-chaussure-caoutchouc-a3186-11\/#primaryimage\"},\"image\":{\"@id\":\"https:\/\/autravail.ca\/product\/couvre-chaussure-caoutchouc-a3186-11\/#primaryimage\"},\"thumbnailUrl\":\"https:\/\/autravail.ca\/wp-content\/uploads\/2025\/05\/A3186-11_A01.jpg\",\"datePublished\":\"2025-05-08T06:19:43+00:00\",\"dateModified\":\"2026-03-11T20:25:50+00:00\",\"description\":\"Couvre chaussure caoutchouc - A3186-11 X-TRA, doublure de tricot, con\u00e7u pour prot\u00e9ger vos bottes de s\u00e9curit\u00e9 100 % imperm\u00e9able\",\"breadcrumb\":{\"@id\":\"https:\/\/autravail.ca\/product\/couvre-chaussure-caoutchouc-a3186-11\/#breadcrumb\"},\"inLanguage\":\"en-CA\",\"potentialAction\":[{\"@type\":\"ReadAction\",\"target\":[\"https:\/\/autravail.ca\/product\/couvre-chaussure-caoutchouc-a3186-11\/\"]}]},{\"@type\":\"ImageObject\",\"inLanguage\":\"en-CA\",\"@id\":\"https:\/\/autravail.ca\/product\/couvre-chaussure-caoutchouc-a3186-11\/#primaryimage\",\"url\":\"https:\/\/autravail.ca\/wp-content\/uploads\/2025\/05\/A3186-11_A01.jpg\",\"contentUrl\":\"https:\/\/autravail.ca\/wp-content\/uploads\/2025\/05\/A3186-11_A01.jpg\",\"width\":1000,\"height\":1000,\"caption\":\"Couvre chaussure caoutchouc - A3186-11\"},{\"@type\":\"BreadcrumbList\",\"@id\":\"https:\/\/autravail.ca\/product\/couvre-chaussure-caoutchouc-a3186-11\/#breadcrumb\",\"itemListElement\":[{\"@type\":\"ListItem\",\"position\":1,\"name\":\"Accueil\",\"item\":\"https:\/\/autravail.ca\/\"},{\"@type\":\"ListItem\",\"position\":2,\"name\":\"Magasin\",\"item\":\"https:\/\/autravail.ca\/en\/shop\/\"},{\"@type\":\"ListItem\",\"position\":3,\"name\":\"Couvre chaussure caoutchouc &#8211; A3186-11\"}]},{\"@type\":\"WebSite\",\"@id\":\"https:\/\/autravail.ca\/#website\",\"url\":\"https:\/\/autravail.ca\/\",\"name\":\"Le Magasin Industriel\",\"description\":\"50 ans de tradition de s\u00e9curit\u00e9 au travail\",\"publisher\":{\"@id\":\"https:\/\/autravail.ca\/#organization\"},\"potentialAction\":[{\"@type\":\"SearchAction\",\"target\":{\"@type\":\"EntryPoint\",\"urlTemplate\":\"https:\/\/autravail.ca\/?s={search_term_string}\"},\"query-input\":{\"@type\":\"PropertyValueSpecification\",\"valueRequired\":true,\"valueName\":\"search_term_string\"}}],\"inLanguage\":\"en-CA\"},{\"@type\":\"Organization\",\"@id\":\"https:\/\/autravail.ca\/#organization\",\"name\":\"Le Magasin Industriel\",\"url\":\"https:\/\/autravail.ca\/\",\"logo\":{\"@type\":\"ImageObject\",\"inLanguage\":\"en-CA\",\"@id\":\"https:\/\/autravail.ca\/#\/schema\/logo\/image\/\",\"url\":\"https:\/\/autravail.ca\/wp-content\/uploads\/2025\/05\/cropped-magasin_industriel_120x.avif\",\"contentUrl\":\"https:\/\/autravail.ca\/wp-content\/uploads\/2025\/05\/cropped-magasin_industriel_120x.avif\",\"width\":120,\"height\":24,\"caption\":\"Le Magasin Industriel\"},\"image\":{\"@id\":\"https:\/\/autravail.ca\/#\/schema\/logo\/image\/\"},\"sameAs\":[\"https:\/\/www.facebook.com\/lemagasinindustriel\/?locale=fr_FR\"]}]}<\/script>\n<!-- \/ Yoast SEO plugin. -->","yoast_head_json":{"title":"Couvre chaussure caoutchouc - A3186-11 - Le Magasin Industriel","description":"Couvre chaussure caoutchouc - A3186-11 X-TRA, doublure de tricot, con\u00e7u pour prot\u00e9ger vos bottes de s\u00e9curit\u00e9 100 % imperm\u00e9able","robots":{"index":"index","follow":"follow","max-snippet":"max-snippet:-1","max-image-preview":"max-image-preview:large","max-video-preview":"max-video-preview:-1"},"canonical":"https:\/\/autravail.ca\/en\/product\/couvre-chaussure-caoutchouc-a3186-11\/","og_locale":"en_US","og_type":"article","og_title":"Couvre chaussure caoutchouc - A3186-11 - Le Magasin Industriel","og_description":"Couvre chaussure caoutchouc - A3186-11 X-TRA, doublure de tricot, con\u00e7u pour prot\u00e9ger vos bottes de s\u00e9curit\u00e9 100 % imperm\u00e9able","og_url":"https:\/\/autravail.ca\/en\/product\/couvre-chaussure-caoutchouc-a3186-11\/","og_site_name":"Le Magasin Industriel","article_publisher":"https:\/\/www.facebook.com\/lemagasinindustriel\/?locale=fr_FR","article_modified_time":"2026-03-11T20:25:50+00:00","og_image":[{"width":1000,"height":1000,"url":"https:\/\/autravail.ca\/wp-content\/uploads\/2025\/05\/A3186-11_A01.jpg","type":"image\/jpeg"}],"twitter_card":"summary_large_image","twitter_misc":{"Est. reading time":"2 minutes"},"schema":{"@context":"https:\/\/schema.org","@graph":[{"@type":"WebPage","@id":"https:\/\/autravail.ca\/product\/couvre-chaussure-caoutchouc-a3186-11\/","url":"https:\/\/autravail.ca\/product\/couvre-chaussure-caoutchouc-a3186-11\/","name":"Couvre chaussure caoutchouc - A3186-11 - Le Magasin Industriel","isPartOf":{"@id":"https:\/\/autravail.ca\/#website"},"primaryImageOfPage":{"@id":"https:\/\/autravail.ca\/product\/couvre-chaussure-caoutchouc-a3186-11\/#primaryimage"},"image":{"@id":"https:\/\/autravail.ca\/product\/couvre-chaussure-caoutchouc-a3186-11\/#primaryimage"},"thumbnailUrl":"https:\/\/autravail.ca\/wp-content\/uploads\/2025\/05\/A3186-11_A01.jpg","datePublished":"2025-05-08T06:19:43+00:00","dateModified":"2026-03-11T20:25:50+00:00","description":"Couvre chaussure caoutchouc - A3186-11 X-TRA, doublure de tricot, con\u00e7u pour prot\u00e9ger vos bottes de s\u00e9curit\u00e9 100 % imperm\u00e9able","breadcrumb":{"@id":"https:\/\/autravail.ca\/product\/couvre-chaussure-caoutchouc-a3186-11\/#breadcrumb"},"inLanguage":"en-CA","potentialAction":[{"@type":"ReadAction","target":["https:\/\/autravail.ca\/product\/couvre-chaussure-caoutchouc-a3186-11\/"]}]},{"@type":"ImageObject","inLanguage":"en-CA","@id":"https:\/\/autravail.ca\/product\/couvre-chaussure-caoutchouc-a3186-11\/#primaryimage","url":"https:\/\/autravail.ca\/wp-content\/uploads\/2025\/05\/A3186-11_A01.jpg","contentUrl":"https:\/\/autravail.ca\/wp-content\/uploads\/2025\/05\/A3186-11_A01.jpg","width":1000,"height":1000,"caption":"Couvre chaussure caoutchouc - A3186-11"},{"@type":"BreadcrumbList","@id":"https:\/\/autravail.ca\/product\/couvre-chaussure-caoutchouc-a3186-11\/#breadcrumb","itemListElement":[{"@type":"ListItem","position":1,"name":"Accueil","item":"https:\/\/autravail.ca\/"},{"@type":"ListItem","position":2,"name":"Magasin","item":"https:\/\/autravail.ca\/en\/shop\/"},{"@type":"ListItem","position":3,"name":"Couvre chaussure caoutchouc &#8211; A3186-11"}]},{"@type":"WebSite","@id":"https:\/\/autravail.ca\/#website","url":"https:\/\/autravail.ca\/","name":"Le Magasin Industriel","description":"50 ans de tradition de s\u00e9curit\u00e9 au travail","publisher":{"@id":"https:\/\/autravail.ca\/#organization"},"potentialAction":[{"@type":"SearchAction","target":{"@type":"EntryPoint","urlTemplate":"https:\/\/autravail.ca\/?s={search_term_string}"},"query-input":{"@type":"PropertyValueSpecification","valueRequired":true,"valueName":"search_term_string"}}],"inLanguage":"en-CA"},{"@type":"Organization","@id":"https:\/\/autravail.ca\/#organization","name":"Le Magasin Industriel","url":"https:\/\/autravail.ca\/","logo":{"@type":"ImageObject","inLanguage":"en-CA","@id":"https:\/\/autravail.ca\/#\/schema\/logo\/image\/","url":"https:\/\/autravail.ca\/wp-content\/uploads\/2025\/05\/cropped-magasin_industriel_120x.avif","contentUrl":"https:\/\/autravail.ca\/wp-content\/uploads\/2025\/05\/cropped-magasin_industriel_120x.avif","width":120,"height":24,"caption":"Le Magasin Industriel"},"image":{"@id":"https:\/\/autravail.ca\/#\/schema\/logo\/image\/"},"sameAs":["https:\/\/www.facebook.com\/lemagasinindustriel\/?locale=fr_FR"]}]}},"jetpack_sharing_enabled":true,"_links":{"self":[{"href":"https:\/\/autravail.ca\/en\/wp-json\/wp\/v2\/product\/27021","targetHints":{"allow":["GET"]}}],"collection":[{"href":"https:\/\/autravail.ca\/en\/wp-json\/wp\/v2\/product"}],"about":[{"href":"https:\/\/autravail.ca\/en\/wp-json\/wp\/v2\/types\/product"}],"replies":[{"embeddable":true,"href":"https:\/\/autravail.ca\/en\/wp-json\/wp\/v2\/comments?post=27021"}],"wp:featuredmedia":[{"embeddable":true,"href":"https:\/\/autravail.ca\/en\/wp-json\/wp\/v2\/media\/10120"}],"wp:attachment":[{"href":"https:\/\/autravail.ca\/en\/wp-json\/wp\/v2\/media?parent=27021"}],"wp:term":[{"taxonomy":"product_cat","embeddable":true,"href":"https:\/\/autravail.ca\/en\/wp-json\/wp\/v2\/product_cat?post=27021"},{"taxonomy":"product_tag","embeddable":true,"href":"https:\/\/autravail.ca\/en\/wp-json\/wp\/v2\/product_tag?post=27021"}],"curies":[{"name":"wp","href":"https:\/\/api.w.org\/{rel}","templated":true}]}}