{"id":26961,"date":"2025-05-08T06:19:29","date_gmt":"2025-05-08T06:19:29","guid":{"rendered":"https:\/\/meteoquebec.ca\/?post_type=product&#038;p=26961"},"modified":"2026-04-08T16:32:22","modified_gmt":"2026-04-08T20:32:22","slug":"pantalon-de-travail-pour-peintre-3144","status":"publish","type":"product","link":"https:\/\/autravail.ca\/en\/product\/pantalon-de-travail-pour-peintre-3144\/","title":{"rendered":"Pantalon de travail pour peintre &#8211; 3144"},"content":{"rendered":"<h3>Pantalon de travail pour peintre &#8211; 3144<\/h3>\n<p>Pantalon de travail pour peintre &#8211; 3144 de <a href=\"https:\/\/autravail.ca\/en\/product-brand\/big-bill\/\">Big Bill<\/a> est un pantalon de travail classique, sp\u00e9cifiquement con\u00e7u pour les\u00a0<strong class=\"Yjhzub\" data-sfc-root=\"c\" data-sfc-cb=\"\" data-complete=\"true\" data-processed=\"true\">peintres<\/strong>\u00a0et les professionnels de la finition. Fabriqu\u00e9 au Canada, il mise sur la l\u00e9g\u00e8ret\u00e9 et la fonctionnalit\u00e9 pour les longues journ\u00e9es de travail.<\/p>\n<h6>Characteristics:<\/h6>\n<ul>\n<li><span dir=\"auto\">Fabriqu\u00e9 en serg\u00e9 l\u00e9ger de 200 g\/m\u00b2<\/span><\/li>\n<li><span dir=\"auto\">Suffisamment r\u00e9sistant pour les longues heures de travail.<\/span><\/li>\n<li><span dir=\"auto\">Gr\u00e2ce \u00e0 des caract\u00e9ristiques pratiques comme un passant pour marteau, une poche \u00e0 outils et de profondes poches arri\u00e8re, tout ce dont vous avez besoin reste \u00e0 port\u00e9e de main.<\/span><\/li>\n<li><span dir=\"auto\">Les coutures renforc\u00e9es et les points de tension consolid\u00e9s assurent une solidit\u00e9 accrue.<\/span><\/li>\n<li><span dir=\"auto\">Confortable, fiable et facile d&rsquo;entretien.<\/span><\/li>\n<li><strong class=\"Yjhzub\" data-sfc-root=\"c\" data-sfc-cb=\"\" data-complete=\"true\">Regular cut<\/strong>\u00a0: Offre une libert\u00e9 de mouvement standard sans \u00eatre trop ample<\/li>\n<li>Le tissu est trait\u00e9 pour conserver sa couleur blanche \u00e9clatante m\u00eame apr\u00e8s de multiples lavages industriels<\/li>\n<li><span dir=\"auto\">Regular cut<\/span><\/li>\n<li><span dir=\"auto\">2 poches avant obliques<\/span><\/li>\n<li><span dir=\"auto\">2 grandes poches arri\u00e8re<\/span><\/li>\n<li><span dir=\"auto\">Boucle de marteau sur le c\u00f4t\u00e9 gauche<\/span><\/li>\n<li><span dir=\"auto\">Poche \u00e0 outils sur le c\u00f4t\u00e9 droit<\/span><\/li>\n<li><span dir=\"auto\">Fermeture \u00e0 agrafes \u00e0 la taille<\/span><\/li>\n<li><span dir=\"auto\">Fermeture \u00e9clair en laiton sur le devant<\/span><\/li>\n<li><span dir=\"auto\">Fil haute r\u00e9sistance<\/span><\/li>\n<li><span dir=\"auto\">Points d&rsquo;arr\u00eat renforc\u00e9s \u00e0 tous les points de tension<\/span><\/li>\n<li><span dir=\"auto\">Entretien\u00a0: Lavage industriel<\/span><\/li>\n<\/ul>\n<p><img decoding=\"async\" class=\"alignnone wp-image-40620\" src=\"https:\/\/autravail.ca\/wp-content\/uploads\/2025\/09\/Jachete-quebec-et-canada.jpg\" alt=\"Logo de l'achat local\" width=\"162\" height=\"139\" \/>Merci d&rsquo;encourager une entreprise 100% d&rsquo;ici!<\/p>\n<p>TS2604H<\/p>","protected":false},"excerpt":{"rendered":"<p>Pantalon de travail pour peintre &#8211; 3144 Pantalon de travail pour peintre &#8211; 3144 de Big Bill est un pantalon de travail classique, sp\u00e9cifiquement con\u00e7u pour les\u00a0peintres\u00a0et les professionnels de la finition. Fabriqu\u00e9 au Canada, il mise sur la l\u00e9g\u00e8ret\u00e9 et la fonctionnalit\u00e9 pour les longues journ\u00e9es de travail. Caract\u00e9ristiques: Fabriqu\u00e9 en serg\u00e9 l\u00e9ger de [&hellip;]<\/p>","protected":false},"featured_media":47088,"comment_status":"open","ping_status":"closed","template":"","meta":[],"product_cat":[665],"product_tag":[],"class_list":{"0":"post-26961","1":"product","2":"type-product","3":"status-publish","4":"has-post-thumbnail","6":"product_brand-big-bill","7":"product_cat-pantalons","9":"first","10":"instock","11":"taxable","12":"shipping-taxable","13":"purchasable","14":"product-type-variable"},"yoast_head":"<!-- This site is optimized with the Yoast SEO plugin v25.3.1 - https:\/\/yoast.com\/wordpress\/plugins\/seo\/ -->\n<title>Pantalon de travail pour peintre - 3144 - Le Magasin Industriel<\/title>\n<meta name=\"description\" content=\"Pantalon de travail pour peintre - 3144 con\u00e7u pour les professionnels exigeants, notre pantalon de peintre est fabriqu\u00e9 en serg\u00e9 l\u00e9ger\" \/>\n<meta name=\"robots\" content=\"index, follow, max-snippet:-1, max-image-preview:large, max-video-preview:-1\" \/>\n<link rel=\"canonical\" href=\"https:\/\/autravail.ca\/en\/product\/pantalon-de-travail-pour-peintre-3144\/\" \/>\n<meta property=\"og:locale\" content=\"en_US\" \/>\n<meta property=\"og:type\" content=\"article\" \/>\n<meta property=\"og:title\" content=\"Pantalon de travail pour peintre - 3144 - Le Magasin Industriel\" \/>\n<meta property=\"og:description\" content=\"Pantalon de travail pour peintre - 3144 con\u00e7u pour les professionnels exigeants, notre pantalon de peintre est fabriqu\u00e9 en serg\u00e9 l\u00e9ger\" \/>\n<meta property=\"og:url\" content=\"https:\/\/autravail.ca\/en\/product\/pantalon-de-travail-pour-peintre-3144\/\" \/>\n<meta property=\"og:site_name\" content=\"Le Magasin Industriel\" \/>\n<meta property=\"article:publisher\" content=\"https:\/\/www.facebook.com\/lemagasinindustriel\/?locale=fr_FR\" \/>\n<meta property=\"article:modified_time\" content=\"2026-04-08T20:32:22+00:00\" \/>\n<meta property=\"og:image\" content=\"https:\/\/autravail.ca\/wp-content\/uploads\/2025\/05\/3144_A01.jpg\" \/>\n\t<meta property=\"og:image:width\" content=\"1000\" \/>\n\t<meta property=\"og:image:height\" content=\"1000\" \/>\n\t<meta property=\"og:image:type\" content=\"image\/jpeg\" \/>\n<meta name=\"twitter:card\" content=\"summary_large_image\" \/>\n<meta name=\"twitter:label1\" content=\"Est. reading time\" \/>\n\t<meta name=\"twitter:data1\" content=\"2 minutes\" \/>\n<script type=\"application\/ld+json\" class=\"yoast-schema-graph\">{\"@context\":\"https:\/\/schema.org\",\"@graph\":[{\"@type\":\"WebPage\",\"@id\":\"https:\/\/autravail.ca\/product\/pantalon-de-travail-pour-peintre-3144\/\",\"url\":\"https:\/\/autravail.ca\/product\/pantalon-de-travail-pour-peintre-3144\/\",\"name\":\"Pantalon de travail pour peintre - 3144 - Le Magasin Industriel\",\"isPartOf\":{\"@id\":\"https:\/\/autravail.ca\/#website\"},\"primaryImageOfPage\":{\"@id\":\"https:\/\/autravail.ca\/product\/pantalon-de-travail-pour-peintre-3144\/#primaryimage\"},\"image\":{\"@id\":\"https:\/\/autravail.ca\/product\/pantalon-de-travail-pour-peintre-3144\/#primaryimage\"},\"thumbnailUrl\":\"https:\/\/autravail.ca\/wp-content\/uploads\/2025\/05\/3144_A01.jpg\",\"datePublished\":\"2025-05-08T06:19:29+00:00\",\"dateModified\":\"2026-04-08T20:32:22+00:00\",\"description\":\"Pantalon de travail pour peintre - 3144 con\u00e7u pour les professionnels exigeants, notre pantalon de peintre est fabriqu\u00e9 en serg\u00e9 l\u00e9ger\",\"breadcrumb\":{\"@id\":\"https:\/\/autravail.ca\/product\/pantalon-de-travail-pour-peintre-3144\/#breadcrumb\"},\"inLanguage\":\"en-CA\",\"potentialAction\":[{\"@type\":\"ReadAction\",\"target\":[\"https:\/\/autravail.ca\/product\/pantalon-de-travail-pour-peintre-3144\/\"]}]},{\"@type\":\"ImageObject\",\"inLanguage\":\"en-CA\",\"@id\":\"https:\/\/autravail.ca\/product\/pantalon-de-travail-pour-peintre-3144\/#primaryimage\",\"url\":\"https:\/\/autravail.ca\/wp-content\/uploads\/2025\/05\/3144_A01.jpg\",\"contentUrl\":\"https:\/\/autravail.ca\/wp-content\/uploads\/2025\/05\/3144_A01.jpg\",\"width\":1000,\"height\":1000,\"caption\":\"Pantalon de travail pour peintre - 3144\"},{\"@type\":\"BreadcrumbList\",\"@id\":\"https:\/\/autravail.ca\/product\/pantalon-de-travail-pour-peintre-3144\/#breadcrumb\",\"itemListElement\":[{\"@type\":\"ListItem\",\"position\":1,\"name\":\"Accueil\",\"item\":\"https:\/\/autravail.ca\/\"},{\"@type\":\"ListItem\",\"position\":2,\"name\":\"Magasin\",\"item\":\"https:\/\/autravail.ca\/en\/shop\/\"},{\"@type\":\"ListItem\",\"position\":3,\"name\":\"Pantalon de travail pour peintre &#8211; 3144\"}]},{\"@type\":\"WebSite\",\"@id\":\"https:\/\/autravail.ca\/#website\",\"url\":\"https:\/\/autravail.ca\/\",\"name\":\"Le Magasin Industriel\",\"description\":\"50 ans de tradition de s\u00e9curit\u00e9 au travail\",\"publisher\":{\"@id\":\"https:\/\/autravail.ca\/#organization\"},\"potentialAction\":[{\"@type\":\"SearchAction\",\"target\":{\"@type\":\"EntryPoint\",\"urlTemplate\":\"https:\/\/autravail.ca\/?s={search_term_string}\"},\"query-input\":{\"@type\":\"PropertyValueSpecification\",\"valueRequired\":true,\"valueName\":\"search_term_string\"}}],\"inLanguage\":\"en-CA\"},{\"@type\":\"Organization\",\"@id\":\"https:\/\/autravail.ca\/#organization\",\"name\":\"Le Magasin Industriel\",\"url\":\"https:\/\/autravail.ca\/\",\"logo\":{\"@type\":\"ImageObject\",\"inLanguage\":\"en-CA\",\"@id\":\"https:\/\/autravail.ca\/#\/schema\/logo\/image\/\",\"url\":\"https:\/\/autravail.ca\/wp-content\/uploads\/2025\/05\/cropped-magasin_industriel_120x.avif\",\"contentUrl\":\"https:\/\/autravail.ca\/wp-content\/uploads\/2025\/05\/cropped-magasin_industriel_120x.avif\",\"width\":120,\"height\":24,\"caption\":\"Le Magasin Industriel\"},\"image\":{\"@id\":\"https:\/\/autravail.ca\/#\/schema\/logo\/image\/\"},\"sameAs\":[\"https:\/\/www.facebook.com\/lemagasinindustriel\/?locale=fr_FR\"]}]}<\/script>\n<!-- \/ Yoast SEO plugin. -->","yoast_head_json":{"title":"Pantalon de travail pour peintre - 3144 - Le Magasin Industriel","description":"Pantalon de travail pour peintre - 3144 con\u00e7u pour les professionnels exigeants, notre pantalon de peintre est fabriqu\u00e9 en serg\u00e9 l\u00e9ger","robots":{"index":"index","follow":"follow","max-snippet":"max-snippet:-1","max-image-preview":"max-image-preview:large","max-video-preview":"max-video-preview:-1"},"canonical":"https:\/\/autravail.ca\/en\/product\/pantalon-de-travail-pour-peintre-3144\/","og_locale":"en_US","og_type":"article","og_title":"Pantalon de travail pour peintre - 3144 - Le Magasin Industriel","og_description":"Pantalon de travail pour peintre - 3144 con\u00e7u pour les professionnels exigeants, notre pantalon de peintre est fabriqu\u00e9 en serg\u00e9 l\u00e9ger","og_url":"https:\/\/autravail.ca\/en\/product\/pantalon-de-travail-pour-peintre-3144\/","og_site_name":"Le Magasin Industriel","article_publisher":"https:\/\/www.facebook.com\/lemagasinindustriel\/?locale=fr_FR","article_modified_time":"2026-04-08T20:32:22+00:00","og_image":[{"width":1000,"height":1000,"url":"https:\/\/autravail.ca\/wp-content\/uploads\/2025\/05\/3144_A01.jpg","type":"image\/jpeg"}],"twitter_card":"summary_large_image","twitter_misc":{"Est. reading time":"2 minutes"},"schema":{"@context":"https:\/\/schema.org","@graph":[{"@type":"WebPage","@id":"https:\/\/autravail.ca\/product\/pantalon-de-travail-pour-peintre-3144\/","url":"https:\/\/autravail.ca\/product\/pantalon-de-travail-pour-peintre-3144\/","name":"Pantalon de travail pour peintre - 3144 - Le Magasin Industriel","isPartOf":{"@id":"https:\/\/autravail.ca\/#website"},"primaryImageOfPage":{"@id":"https:\/\/autravail.ca\/product\/pantalon-de-travail-pour-peintre-3144\/#primaryimage"},"image":{"@id":"https:\/\/autravail.ca\/product\/pantalon-de-travail-pour-peintre-3144\/#primaryimage"},"thumbnailUrl":"https:\/\/autravail.ca\/wp-content\/uploads\/2025\/05\/3144_A01.jpg","datePublished":"2025-05-08T06:19:29+00:00","dateModified":"2026-04-08T20:32:22+00:00","description":"Pantalon de travail pour peintre - 3144 con\u00e7u pour les professionnels exigeants, notre pantalon de peintre est fabriqu\u00e9 en serg\u00e9 l\u00e9ger","breadcrumb":{"@id":"https:\/\/autravail.ca\/product\/pantalon-de-travail-pour-peintre-3144\/#breadcrumb"},"inLanguage":"en-CA","potentialAction":[{"@type":"ReadAction","target":["https:\/\/autravail.ca\/product\/pantalon-de-travail-pour-peintre-3144\/"]}]},{"@type":"ImageObject","inLanguage":"en-CA","@id":"https:\/\/autravail.ca\/product\/pantalon-de-travail-pour-peintre-3144\/#primaryimage","url":"https:\/\/autravail.ca\/wp-content\/uploads\/2025\/05\/3144_A01.jpg","contentUrl":"https:\/\/autravail.ca\/wp-content\/uploads\/2025\/05\/3144_A01.jpg","width":1000,"height":1000,"caption":"Pantalon de travail pour peintre - 3144"},{"@type":"BreadcrumbList","@id":"https:\/\/autravail.ca\/product\/pantalon-de-travail-pour-peintre-3144\/#breadcrumb","itemListElement":[{"@type":"ListItem","position":1,"name":"Accueil","item":"https:\/\/autravail.ca\/"},{"@type":"ListItem","position":2,"name":"Magasin","item":"https:\/\/autravail.ca\/en\/shop\/"},{"@type":"ListItem","position":3,"name":"Pantalon de travail pour peintre &#8211; 3144"}]},{"@type":"WebSite","@id":"https:\/\/autravail.ca\/#website","url":"https:\/\/autravail.ca\/","name":"Le Magasin Industriel","description":"50 ans de tradition de s\u00e9curit\u00e9 au travail","publisher":{"@id":"https:\/\/autravail.ca\/#organization"},"potentialAction":[{"@type":"SearchAction","target":{"@type":"EntryPoint","urlTemplate":"https:\/\/autravail.ca\/?s={search_term_string}"},"query-input":{"@type":"PropertyValueSpecification","valueRequired":true,"valueName":"search_term_string"}}],"inLanguage":"en-CA"},{"@type":"Organization","@id":"https:\/\/autravail.ca\/#organization","name":"Le Magasin Industriel","url":"https:\/\/autravail.ca\/","logo":{"@type":"ImageObject","inLanguage":"en-CA","@id":"https:\/\/autravail.ca\/#\/schema\/logo\/image\/","url":"https:\/\/autravail.ca\/wp-content\/uploads\/2025\/05\/cropped-magasin_industriel_120x.avif","contentUrl":"https:\/\/autravail.ca\/wp-content\/uploads\/2025\/05\/cropped-magasin_industriel_120x.avif","width":120,"height":24,"caption":"Le Magasin Industriel"},"image":{"@id":"https:\/\/autravail.ca\/#\/schema\/logo\/image\/"},"sameAs":["https:\/\/www.facebook.com\/lemagasinindustriel\/?locale=fr_FR"]}]}},"jetpack_sharing_enabled":true,"_links":{"self":[{"href":"https:\/\/autravail.ca\/en\/wp-json\/wp\/v2\/product\/26961","targetHints":{"allow":["GET"]}}],"collection":[{"href":"https:\/\/autravail.ca\/en\/wp-json\/wp\/v2\/product"}],"about":[{"href":"https:\/\/autravail.ca\/en\/wp-json\/wp\/v2\/types\/product"}],"replies":[{"embeddable":true,"href":"https:\/\/autravail.ca\/en\/wp-json\/wp\/v2\/comments?post=26961"}],"wp:featuredmedia":[{"embeddable":true,"href":"https:\/\/autravail.ca\/en\/wp-json\/wp\/v2\/media\/47088"}],"wp:attachment":[{"href":"https:\/\/autravail.ca\/en\/wp-json\/wp\/v2\/media?parent=26961"}],"wp:term":[{"taxonomy":"product_cat","embeddable":true,"href":"https:\/\/autravail.ca\/en\/wp-json\/wp\/v2\/product_cat?post=26961"},{"taxonomy":"product_tag","embeddable":true,"href":"https:\/\/autravail.ca\/en\/wp-json\/wp\/v2\/product_tag?post=26961"}],"curies":[{"name":"wp","href":"https:\/\/api.w.org\/{rel}","templated":true}]}}