{"id":26960,"date":"2025-05-08T06:19:28","date_gmt":"2025-05-08T06:19:28","guid":{"rendered":"https:\/\/meteoquebec.ca\/?post_type=product&#038;p=26960"},"modified":"2026-03-06T16:08:46","modified_gmt":"2026-03-06T20:08:46","slug":"botte-de-travail-pvc-31341","status":"publish","type":"product","link":"https:\/\/autravail.ca\/en\/product\/botte-de-travail-pvc-31341\/","title":{"rendered":"Botte de travail PVC &#8211; 31341"},"content":{"rendered":"<h3>Botte de travail PVC &#8211; 31341<\/h3>\n<p>Botte de travail PVC &#8211; 31341 de Tingley est une botte de travail en PVC de 15 pouces con\u00e7ue pour offrir une protection compl\u00e8te et abordable dans des environnements exigeants tels que l&rsquo;agriculture, la construction et l&rsquo;industrie g\u00e9n\u00e9rale.<\/p>\n<p><img decoding=\"async\" class=\"alignnone size-full wp-image-40117\" src=\"https:\/\/autravail.ca\/wp-content\/uploads\/2025\/09\/Certification-Omega-Triangle-vert.jpg\" alt=\"Certifications Om\u00e9ga Triangle vert\" width=\"193\" height=\"110\" srcset=\"https:\/\/autravail.ca\/wp-content\/uploads\/2025\/09\/Certification-Omega-Triangle-vert.jpg 193w, https:\/\/autravail.ca\/wp-content\/uploads\/2025\/09\/Certification-Omega-Triangle-vert-150x85.jpg 150w, https:\/\/autravail.ca\/wp-content\/uploads\/2025\/09\/Certification-Omega-Triangle-vert-18x10.jpg 18w\" sizes=\"(max-width: 193px) 100vw, 193px\" \/><\/p>\n<h6>Characteristics:<\/h6>\n<ul>\n<li><span dir=\"auto\">\u25cf Hauteur de 38\u00a0cm (15\u00a0po).<\/span><br \/>\n<span dir=\"auto\">\u25cf Semelle interm\u00e9diaire en acier flexible et r\u00e9sistante \u00e0 la perforation conforme \u00e0 la norme CSA Z195-14 et r\u00e9duisant les risques li\u00e9s aux objets tranchants.<\/span><br \/>\n<span dir=\"auto\">\u25cf Embout de s\u00e9curit\u00e9 en acier certifi\u00e9 CSA conforme ou sup\u00e9rieur \u00e0 la norme Z195-14.<\/span><br \/>\n<span dir=\"auto\">\u25cf R\u00e9sistance aux chocs \u00e9lectriques (ESR\/Omega)*.<\/span><br \/>\n<span dir=\"auto\">\u25cf Construction sans couture moul\u00e9e par injection offrant une protection 100\u00a0% imperm\u00e9able.<\/span><br \/>\n<span dir=\"auto\">\u25cf Syst\u00e8me d\u2019expansion du mollet (CRE)\u2122 extensible jusqu\u2019\u00e0 3,8\u00a0cm (1,5\u00a0po) pour un confort accru.<\/span><br \/>\n<span dir=\"auto\">\u25cf Tige flexible conservant sa souplesse par temps froid pour faciliter la marche.<\/span><br \/>\n<span dir=\"auto\">\u25cf Semelle ext\u00e9rieure robuste offrant une excellente r\u00e9sistance \u00e0 l\u2019abrasion.<\/span><br \/>\n<span dir=\"auto\">\u2022 Semelle ext\u00e9rieure autonettoyante \u00e0 crampons qui \u00e9vacue les d\u00e9bris \u00e0 chaque pas.<\/span><br \/>\n<span dir=\"auto\">\u2022 Semelle int\u00e9rieure amovible en EVA qui \u00e9vacue la transpiration pour garder les pieds au sec et confortables.<\/span><\/li>\n<\/ul>\n<p><em><span style=\"color: #fa0b0b;\">Unisex U.S. men's sizes presented. To convert to U.S. women's size, add 2 sizes. Example: 5 U.S. men = 7 U.S. women<\/span><\/em><\/p>\n<p><img decoding=\"async\" class=\"alignnone wp-image-40620\" src=\"https:\/\/autravail.ca\/wp-content\/uploads\/2025\/09\/Jachete-quebec-et-canada.jpg\" alt=\"Logo de l'achat local\" width=\"162\" height=\"139\" \/>Merci d&rsquo;encourager une entreprise 100% d&rsquo;ici!<\/p>\n<p>TS2603H<\/p>","protected":false},"excerpt":{"rendered":"<p>Botte de travail PVC &#8211; 31341 Botte de travail PVC &#8211; 31341 de Tingley est une botte de travail en PVC de 15 pouces con\u00e7ue pour offrir une protection compl\u00e8te et abordable dans des environnements exigeants tels que l&rsquo;agriculture, la construction et l&rsquo;industrie g\u00e9n\u00e9rale. Caract\u00e9ristiques: \u25cf Hauteur de 38\u00a0cm (15\u00a0po). \u25cf Semelle interm\u00e9diaire en acier [&hellip;]<\/p>","protected":false},"featured_media":10032,"comment_status":"open","ping_status":"closed","template":"","meta":[],"product_cat":[685,642,602],"product_tag":[251,252,255,253],"class_list":{"0":"post-26960","1":"product","2":"type-product","3":"status-publish","4":"has-post-thumbnail","6":"product_brand-tingley","7":"product_cat-bottes-de-pluie","8":"product_cat-bottes-de-travail-femme","9":"product_cat-hommes","10":"product_tag-bottes-de-travail","11":"product_tag-electric-shock-resistant","12":"product_tag-femme","13":"product_tag-sole-protection","15":"first","16":"instock","17":"taxable","18":"shipping-taxable","19":"purchasable","20":"product-type-variable"},"yoast_head":"<!-- This site is optimized with the Yoast SEO plugin v25.3.1 - https:\/\/yoast.com\/wordpress\/plugins\/seo\/ -->\n<title>Botte de travail PVC - 31341 - Le Magasin Industriel<\/title>\n<meta name=\"description\" content=\"Botte de travail PVC - 31341 est une botte de travail en PVC de 15 pouces con\u00e7ue pour offrir une protection compl\u00e8te, 100 % imperm\u00e9able\" \/>\n<meta name=\"robots\" content=\"index, follow, max-snippet:-1, max-image-preview:large, max-video-preview:-1\" \/>\n<link rel=\"canonical\" href=\"https:\/\/autravail.ca\/en\/product\/botte-de-travail-pvc-31341\/\" \/>\n<meta property=\"og:locale\" content=\"en_US\" \/>\n<meta property=\"og:type\" content=\"article\" \/>\n<meta property=\"og:title\" content=\"Botte de travail PVC - 31341 - Le Magasin Industriel\" \/>\n<meta property=\"og:description\" content=\"Botte de travail PVC - 31341 est une botte de travail en PVC de 15 pouces con\u00e7ue pour offrir une protection compl\u00e8te, 100 % imperm\u00e9able\" \/>\n<meta property=\"og:url\" content=\"https:\/\/autravail.ca\/en\/product\/botte-de-travail-pvc-31341\/\" \/>\n<meta property=\"og:site_name\" content=\"Le Magasin Industriel\" \/>\n<meta property=\"article:publisher\" content=\"https:\/\/www.facebook.com\/lemagasinindustriel\/?locale=fr_FR\" \/>\n<meta property=\"article:modified_time\" content=\"2026-03-06T20:08:46+00:00\" \/>\n<meta property=\"og:image\" content=\"https:\/\/autravail.ca\/wp-content\/uploads\/2025\/05\/31341_A01.jpg\" \/>\n\t<meta property=\"og:image:width\" content=\"1000\" \/>\n\t<meta property=\"og:image:height\" content=\"1000\" \/>\n\t<meta property=\"og:image:type\" content=\"image\/jpeg\" \/>\n<meta name=\"twitter:card\" content=\"summary_large_image\" \/>\n<meta name=\"twitter:label1\" content=\"Est. reading time\" \/>\n\t<meta name=\"twitter:data1\" content=\"2 minutes\" \/>\n<script type=\"application\/ld+json\" class=\"yoast-schema-graph\">{\"@context\":\"https:\/\/schema.org\",\"@graph\":[{\"@type\":\"WebPage\",\"@id\":\"https:\/\/autravail.ca\/product\/botte-de-travail-pvc-31341\/\",\"url\":\"https:\/\/autravail.ca\/product\/botte-de-travail-pvc-31341\/\",\"name\":\"Botte de travail PVC - 31341 - Le Magasin Industriel\",\"isPartOf\":{\"@id\":\"https:\/\/autravail.ca\/#website\"},\"primaryImageOfPage\":{\"@id\":\"https:\/\/autravail.ca\/product\/botte-de-travail-pvc-31341\/#primaryimage\"},\"image\":{\"@id\":\"https:\/\/autravail.ca\/product\/botte-de-travail-pvc-31341\/#primaryimage\"},\"thumbnailUrl\":\"https:\/\/autravail.ca\/wp-content\/uploads\/2025\/05\/31341_A01.jpg\",\"datePublished\":\"2025-05-08T06:19:28+00:00\",\"dateModified\":\"2026-03-06T20:08:46+00:00\",\"description\":\"Botte de travail PVC - 31341 est une botte de travail en PVC de 15 pouces con\u00e7ue pour offrir une protection compl\u00e8te, 100 % imperm\u00e9able\",\"breadcrumb\":{\"@id\":\"https:\/\/autravail.ca\/product\/botte-de-travail-pvc-31341\/#breadcrumb\"},\"inLanguage\":\"en-CA\",\"potentialAction\":[{\"@type\":\"ReadAction\",\"target\":[\"https:\/\/autravail.ca\/product\/botte-de-travail-pvc-31341\/\"]}]},{\"@type\":\"ImageObject\",\"inLanguage\":\"en-CA\",\"@id\":\"https:\/\/autravail.ca\/product\/botte-de-travail-pvc-31341\/#primaryimage\",\"url\":\"https:\/\/autravail.ca\/wp-content\/uploads\/2025\/05\/31341_A01.jpg\",\"contentUrl\":\"https:\/\/autravail.ca\/wp-content\/uploads\/2025\/05\/31341_A01.jpg\",\"width\":1000,\"height\":1000,\"caption\":\"Botte de travail PVC - 31341\"},{\"@type\":\"BreadcrumbList\",\"@id\":\"https:\/\/autravail.ca\/product\/botte-de-travail-pvc-31341\/#breadcrumb\",\"itemListElement\":[{\"@type\":\"ListItem\",\"position\":1,\"name\":\"Accueil\",\"item\":\"https:\/\/autravail.ca\/\"},{\"@type\":\"ListItem\",\"position\":2,\"name\":\"Magasin\",\"item\":\"https:\/\/autravail.ca\/en\/shop\/\"},{\"@type\":\"ListItem\",\"position\":3,\"name\":\"Botte de travail PVC &#8211; 31341\"}]},{\"@type\":\"WebSite\",\"@id\":\"https:\/\/autravail.ca\/#website\",\"url\":\"https:\/\/autravail.ca\/\",\"name\":\"Le Magasin Industriel\",\"description\":\"50 ans de tradition de s\u00e9curit\u00e9 au travail\",\"publisher\":{\"@id\":\"https:\/\/autravail.ca\/#organization\"},\"potentialAction\":[{\"@type\":\"SearchAction\",\"target\":{\"@type\":\"EntryPoint\",\"urlTemplate\":\"https:\/\/autravail.ca\/?s={search_term_string}\"},\"query-input\":{\"@type\":\"PropertyValueSpecification\",\"valueRequired\":true,\"valueName\":\"search_term_string\"}}],\"inLanguage\":\"en-CA\"},{\"@type\":\"Organization\",\"@id\":\"https:\/\/autravail.ca\/#organization\",\"name\":\"Le Magasin Industriel\",\"url\":\"https:\/\/autravail.ca\/\",\"logo\":{\"@type\":\"ImageObject\",\"inLanguage\":\"en-CA\",\"@id\":\"https:\/\/autravail.ca\/#\/schema\/logo\/image\/\",\"url\":\"https:\/\/autravail.ca\/wp-content\/uploads\/2025\/05\/cropped-magasin_industriel_120x.avif\",\"contentUrl\":\"https:\/\/autravail.ca\/wp-content\/uploads\/2025\/05\/cropped-magasin_industriel_120x.avif\",\"width\":120,\"height\":24,\"caption\":\"Le Magasin Industriel\"},\"image\":{\"@id\":\"https:\/\/autravail.ca\/#\/schema\/logo\/image\/\"},\"sameAs\":[\"https:\/\/www.facebook.com\/lemagasinindustriel\/?locale=fr_FR\"]}]}<\/script>\n<!-- \/ Yoast SEO plugin. -->","yoast_head_json":{"title":"Botte de travail PVC - 31341 - Le Magasin Industriel","description":"Botte de travail PVC - 31341 est une botte de travail en PVC de 15 pouces con\u00e7ue pour offrir une protection compl\u00e8te, 100 % imperm\u00e9able","robots":{"index":"index","follow":"follow","max-snippet":"max-snippet:-1","max-image-preview":"max-image-preview:large","max-video-preview":"max-video-preview:-1"},"canonical":"https:\/\/autravail.ca\/en\/product\/botte-de-travail-pvc-31341\/","og_locale":"en_US","og_type":"article","og_title":"Botte de travail PVC - 31341 - Le Magasin Industriel","og_description":"Botte de travail PVC - 31341 est une botte de travail en PVC de 15 pouces con\u00e7ue pour offrir une protection compl\u00e8te, 100 % imperm\u00e9able","og_url":"https:\/\/autravail.ca\/en\/product\/botte-de-travail-pvc-31341\/","og_site_name":"Le Magasin Industriel","article_publisher":"https:\/\/www.facebook.com\/lemagasinindustriel\/?locale=fr_FR","article_modified_time":"2026-03-06T20:08:46+00:00","og_image":[{"width":1000,"height":1000,"url":"https:\/\/autravail.ca\/wp-content\/uploads\/2025\/05\/31341_A01.jpg","type":"image\/jpeg"}],"twitter_card":"summary_large_image","twitter_misc":{"Est. reading time":"2 minutes"},"schema":{"@context":"https:\/\/schema.org","@graph":[{"@type":"WebPage","@id":"https:\/\/autravail.ca\/product\/botte-de-travail-pvc-31341\/","url":"https:\/\/autravail.ca\/product\/botte-de-travail-pvc-31341\/","name":"Botte de travail PVC - 31341 - Le Magasin Industriel","isPartOf":{"@id":"https:\/\/autravail.ca\/#website"},"primaryImageOfPage":{"@id":"https:\/\/autravail.ca\/product\/botte-de-travail-pvc-31341\/#primaryimage"},"image":{"@id":"https:\/\/autravail.ca\/product\/botte-de-travail-pvc-31341\/#primaryimage"},"thumbnailUrl":"https:\/\/autravail.ca\/wp-content\/uploads\/2025\/05\/31341_A01.jpg","datePublished":"2025-05-08T06:19:28+00:00","dateModified":"2026-03-06T20:08:46+00:00","description":"Botte de travail PVC - 31341 est une botte de travail en PVC de 15 pouces con\u00e7ue pour offrir une protection compl\u00e8te, 100 % imperm\u00e9able","breadcrumb":{"@id":"https:\/\/autravail.ca\/product\/botte-de-travail-pvc-31341\/#breadcrumb"},"inLanguage":"en-CA","potentialAction":[{"@type":"ReadAction","target":["https:\/\/autravail.ca\/product\/botte-de-travail-pvc-31341\/"]}]},{"@type":"ImageObject","inLanguage":"en-CA","@id":"https:\/\/autravail.ca\/product\/botte-de-travail-pvc-31341\/#primaryimage","url":"https:\/\/autravail.ca\/wp-content\/uploads\/2025\/05\/31341_A01.jpg","contentUrl":"https:\/\/autravail.ca\/wp-content\/uploads\/2025\/05\/31341_A01.jpg","width":1000,"height":1000,"caption":"Botte de travail PVC - 31341"},{"@type":"BreadcrumbList","@id":"https:\/\/autravail.ca\/product\/botte-de-travail-pvc-31341\/#breadcrumb","itemListElement":[{"@type":"ListItem","position":1,"name":"Accueil","item":"https:\/\/autravail.ca\/"},{"@type":"ListItem","position":2,"name":"Magasin","item":"https:\/\/autravail.ca\/en\/shop\/"},{"@type":"ListItem","position":3,"name":"Botte de travail PVC &#8211; 31341"}]},{"@type":"WebSite","@id":"https:\/\/autravail.ca\/#website","url":"https:\/\/autravail.ca\/","name":"Le Magasin Industriel","description":"50 ans de tradition de s\u00e9curit\u00e9 au travail","publisher":{"@id":"https:\/\/autravail.ca\/#organization"},"potentialAction":[{"@type":"SearchAction","target":{"@type":"EntryPoint","urlTemplate":"https:\/\/autravail.ca\/?s={search_term_string}"},"query-input":{"@type":"PropertyValueSpecification","valueRequired":true,"valueName":"search_term_string"}}],"inLanguage":"en-CA"},{"@type":"Organization","@id":"https:\/\/autravail.ca\/#organization","name":"Le Magasin Industriel","url":"https:\/\/autravail.ca\/","logo":{"@type":"ImageObject","inLanguage":"en-CA","@id":"https:\/\/autravail.ca\/#\/schema\/logo\/image\/","url":"https:\/\/autravail.ca\/wp-content\/uploads\/2025\/05\/cropped-magasin_industriel_120x.avif","contentUrl":"https:\/\/autravail.ca\/wp-content\/uploads\/2025\/05\/cropped-magasin_industriel_120x.avif","width":120,"height":24,"caption":"Le Magasin Industriel"},"image":{"@id":"https:\/\/autravail.ca\/#\/schema\/logo\/image\/"},"sameAs":["https:\/\/www.facebook.com\/lemagasinindustriel\/?locale=fr_FR"]}]}},"jetpack_sharing_enabled":true,"_links":{"self":[{"href":"https:\/\/autravail.ca\/en\/wp-json\/wp\/v2\/product\/26960","targetHints":{"allow":["GET"]}}],"collection":[{"href":"https:\/\/autravail.ca\/en\/wp-json\/wp\/v2\/product"}],"about":[{"href":"https:\/\/autravail.ca\/en\/wp-json\/wp\/v2\/types\/product"}],"replies":[{"embeddable":true,"href":"https:\/\/autravail.ca\/en\/wp-json\/wp\/v2\/comments?post=26960"}],"wp:featuredmedia":[{"embeddable":true,"href":"https:\/\/autravail.ca\/en\/wp-json\/wp\/v2\/media\/10032"}],"wp:attachment":[{"href":"https:\/\/autravail.ca\/en\/wp-json\/wp\/v2\/media?parent=26960"}],"wp:term":[{"taxonomy":"product_cat","embeddable":true,"href":"https:\/\/autravail.ca\/en\/wp-json\/wp\/v2\/product_cat?post=26960"},{"taxonomy":"product_tag","embeddable":true,"href":"https:\/\/autravail.ca\/en\/wp-json\/wp\/v2\/product_tag?post=26960"}],"curies":[{"name":"wp","href":"https:\/\/api.w.org\/{rel}","templated":true}]}}