{"id":26931,"date":"2025-05-08T06:19:22","date_gmt":"2025-05-08T06:19:22","guid":{"rendered":"https:\/\/meteoquebec.ca\/?post_type=product&#038;p=26931"},"modified":"2026-03-06T16:33:07","modified_gmt":"2026-03-06T20:33:07","slug":"botte-pilot-pvc-31161","status":"publish","type":"product","link":"https:\/\/autravail.ca\/en\/product\/botte-pilot-pvc-31161\/","title":{"rendered":"Botte Pilot PVC &#8211; 31161"},"content":{"rendered":"<h3>Botte Pilot PVC &#8211; 31161<\/h3>\n<p>Botte Pilot PVC &#8211; 31161 de <a href=\"https:\/\/autravail.ca\/en\/product-brand\/tingley\/\">Tingley<\/a> est une botte de travail polyvalente de 15 pouces, con\u00e7ue pour offrir une protection imperm\u00e9able fiable dans des conditions boueuses et humides, tout en restant une option \u00e9conomique pour les secteurs de la construction, de l&rsquo;agriculture et de l&rsquo;industrie.<\/p>\n<p>Characteristics:<\/p>\n<ul>\n<li><span dir=\"auto\">\u25cf Tige et semelle ext\u00e9rieure noires<\/span><br \/>\n<span dir=\"auto\">\u25cf Construction moul\u00e9e par injection pour une \u00e9tanch\u00e9it\u00e9 \u00e0 100 %<\/span><br \/>\n<span dir=\"auto\">\u25cf Antid\u00e9rapant selon la norme ASTM F3445 (sp\u00e9cification standard en vigueur depuis juillet 2021)<\/span><br \/>\n<span dir=\"auto\">\u25cf Hauteur de 38 cm (15 pouces) avec une ligne de coupe \u00e0 30 cm (12 pouces) pour un ajustement rapide et pr\u00e9cis<\/span><br \/>\n<span dir=\"auto\">\u25cf Tige flexible qui reste souple m\u00eame par temps froid pour faciliter la marche<\/span><br \/>\n<span dir=\"auto\">\u25cf Semelle ext\u00e9rieure robuste pour une excellente r\u00e9sistance \u00e0 l&rsquo;abrasion<\/span><br \/>\n<span dir=\"auto\">\u25cf Semelle ext\u00e9rieure autonettoyante \u00e0 crampons qui \u00e9vacue les d\u00e9bris pendant la marche<\/span><br \/>\n<span dir=\"auto\">\u25cf Semelle int\u00e9rieure amovible et profil\u00e9e qui \u00e9vacue la transpiration pour garder les pieds au sec et confortables<\/span><\/li>\n<\/ul>\n<p>&nbsp;<\/p>\n<ul>\n<li><strong><span dir=\"auto\">Applications id\u00e9ales<\/span><\/strong><span dir=\"auto\">\u00a0:\u00a0<\/span><span dir=\"auto\">Agriculture, intemp\u00e9ries et autres applications g\u00e9n\u00e9rales.<\/span><br \/>\n<strong><span dir=\"auto\">R\u00e9sistance chimique<\/span><\/strong><span dir=\"auto\">\u00a0: Certains acides et alcalis, graisses, huiles, hydrocarbures et autres produits chimiques.<\/span><\/li>\n<li><strong><span dir=\"auto\">Applications id\u00e9ales<\/span><\/strong><span dir=\"auto\">\u00a0:\u00a0<\/span><span dir=\"auto\">Agriculture, intemp\u00e9ries et autres applications g\u00e9n\u00e9rales.<\/span><br \/>\n<strong><span dir=\"auto\">R\u00e9sistance chimique<\/span><\/strong><span dir=\"auto\">\u00a0: Certains acides et alcalis, graisses, huiles, hydrocarbures et autres produits chimiques.<\/span><\/li>\n<\/ul>\n<p><em><span style=\"color: #fa0b0b;\">Unisex U.S. men's sizes presented. To convert to U.S. women's size, add 2 sizes. Example: 5 U.S. men = 7 U.S. women<\/span><\/em><\/p>\n<p><img decoding=\"async\" class=\"alignnone wp-image-40620\" src=\"https:\/\/autravail.ca\/wp-content\/uploads\/2025\/09\/Jachete-quebec-et-canada.jpg\" alt=\"Logo de l'achat local\" width=\"162\" height=\"139\" \/>Merci d&rsquo;encourager une entreprise 100% d&rsquo;ici!<\/p>\n<p>TS2603H<\/p>\n<p>&nbsp;<\/p>","protected":false},"excerpt":{"rendered":"<p>Botte Pilot PVC &#8211; 31161 Botte Pilot PVC &#8211; 31161 de Tingley est une botte de travail polyvalente de 15 pouces, con\u00e7ue pour offrir une protection imperm\u00e9able fiable dans des conditions boueuses et humides, tout en restant une option \u00e9conomique pour les secteurs de la construction, de l&rsquo;agriculture et de l&rsquo;industrie. Caract\u00e9ristiques: \u25cf Tige et [&hellip;]<\/p>","protected":false},"featured_media":10018,"comment_status":"open","ping_status":"closed","template":"","meta":[],"product_cat":[685],"product_tag":[315,242],"class_list":{"0":"post-26931","1":"product","2":"type-product","3":"status-publish","4":"has-post-thumbnail","6":"product_brand-tingley","7":"product_cat-bottes-de-pluie","8":"product_tag-bottes-de-caoutchouc","9":"product_tag-homme","11":"first","12":"instock","13":"taxable","14":"shipping-taxable","15":"purchasable","16":"product-type-variable"},"yoast_head":"<!-- This site is optimized with the Yoast SEO plugin v25.3.1 - https:\/\/yoast.com\/wordpress\/plugins\/seo\/ -->\n<title>Botte Pilot PVC - 31161 - Le Magasin Industriel<\/title>\n<meta name=\"description\" content=\"Botte Pilot PVC - 31161, r\u00e9sistante, confort, abordable, imperm\u00e9able, agriculture, produits chimiques, mollets large, humide\" \/>\n<meta name=\"robots\" content=\"index, follow, max-snippet:-1, max-image-preview:large, max-video-preview:-1\" \/>\n<link rel=\"canonical\" href=\"https:\/\/autravail.ca\/en\/product\/botte-pilot-pvc-31161\/\" \/>\n<meta property=\"og:locale\" content=\"en_US\" \/>\n<meta property=\"og:type\" content=\"article\" \/>\n<meta property=\"og:title\" content=\"Botte Pilot PVC - 31161 - Le Magasin Industriel\" \/>\n<meta property=\"og:description\" content=\"Botte Pilot PVC - 31161, r\u00e9sistante, confort, abordable, imperm\u00e9able, agriculture, produits chimiques, mollets large, humide\" \/>\n<meta property=\"og:url\" content=\"https:\/\/autravail.ca\/en\/product\/botte-pilot-pvc-31161\/\" \/>\n<meta property=\"og:site_name\" content=\"Le Magasin Industriel\" \/>\n<meta property=\"article:publisher\" content=\"https:\/\/www.facebook.com\/lemagasinindustriel\/?locale=fr_FR\" \/>\n<meta property=\"article:modified_time\" content=\"2026-03-06T20:33:07+00:00\" \/>\n<meta property=\"og:image\" content=\"https:\/\/autravail.ca\/wp-content\/uploads\/2025\/05\/31141_A01.jpg\" \/>\n\t<meta property=\"og:image:width\" content=\"1000\" \/>\n\t<meta property=\"og:image:height\" content=\"1000\" \/>\n\t<meta property=\"og:image:type\" content=\"image\/jpeg\" \/>\n<meta name=\"twitter:card\" content=\"summary_large_image\" \/>\n<meta name=\"twitter:label1\" content=\"Est. reading time\" \/>\n\t<meta name=\"twitter:data1\" content=\"2 minutes\" \/>\n<script type=\"application\/ld+json\" class=\"yoast-schema-graph\">{\"@context\":\"https:\/\/schema.org\",\"@graph\":[{\"@type\":\"WebPage\",\"@id\":\"https:\/\/autravail.ca\/product\/botte-pilot-pvc-31161\/\",\"url\":\"https:\/\/autravail.ca\/product\/botte-pilot-pvc-31161\/\",\"name\":\"Botte Pilot PVC - 31161 - Le Magasin Industriel\",\"isPartOf\":{\"@id\":\"https:\/\/autravail.ca\/#website\"},\"primaryImageOfPage\":{\"@id\":\"https:\/\/autravail.ca\/product\/botte-pilot-pvc-31161\/#primaryimage\"},\"image\":{\"@id\":\"https:\/\/autravail.ca\/product\/botte-pilot-pvc-31161\/#primaryimage\"},\"thumbnailUrl\":\"https:\/\/autravail.ca\/wp-content\/uploads\/2025\/05\/31141_A01.jpg\",\"datePublished\":\"2025-05-08T06:19:22+00:00\",\"dateModified\":\"2026-03-06T20:33:07+00:00\",\"description\":\"Botte Pilot PVC - 31161, r\u00e9sistante, confort, abordable, imperm\u00e9able, agriculture, produits chimiques, mollets large, humide\",\"breadcrumb\":{\"@id\":\"https:\/\/autravail.ca\/product\/botte-pilot-pvc-31161\/#breadcrumb\"},\"inLanguage\":\"en-CA\",\"potentialAction\":[{\"@type\":\"ReadAction\",\"target\":[\"https:\/\/autravail.ca\/product\/botte-pilot-pvc-31161\/\"]}]},{\"@type\":\"ImageObject\",\"inLanguage\":\"en-CA\",\"@id\":\"https:\/\/autravail.ca\/product\/botte-pilot-pvc-31161\/#primaryimage\",\"url\":\"https:\/\/autravail.ca\/wp-content\/uploads\/2025\/05\/31141_A01.jpg\",\"contentUrl\":\"https:\/\/autravail.ca\/wp-content\/uploads\/2025\/05\/31141_A01.jpg\",\"width\":1000,\"height\":1000,\"caption\":\"Botte Pilot PVC - 31161\"},{\"@type\":\"BreadcrumbList\",\"@id\":\"https:\/\/autravail.ca\/product\/botte-pilot-pvc-31161\/#breadcrumb\",\"itemListElement\":[{\"@type\":\"ListItem\",\"position\":1,\"name\":\"Accueil\",\"item\":\"https:\/\/autravail.ca\/\"},{\"@type\":\"ListItem\",\"position\":2,\"name\":\"Magasin\",\"item\":\"https:\/\/autravail.ca\/en\/shop\/\"},{\"@type\":\"ListItem\",\"position\":3,\"name\":\"Botte Pilot PVC &#8211; 31161\"}]},{\"@type\":\"WebSite\",\"@id\":\"https:\/\/autravail.ca\/#website\",\"url\":\"https:\/\/autravail.ca\/\",\"name\":\"Le Magasin Industriel\",\"description\":\"50 ans de tradition de s\u00e9curit\u00e9 au travail\",\"publisher\":{\"@id\":\"https:\/\/autravail.ca\/#organization\"},\"potentialAction\":[{\"@type\":\"SearchAction\",\"target\":{\"@type\":\"EntryPoint\",\"urlTemplate\":\"https:\/\/autravail.ca\/?s={search_term_string}\"},\"query-input\":{\"@type\":\"PropertyValueSpecification\",\"valueRequired\":true,\"valueName\":\"search_term_string\"}}],\"inLanguage\":\"en-CA\"},{\"@type\":\"Organization\",\"@id\":\"https:\/\/autravail.ca\/#organization\",\"name\":\"Le Magasin Industriel\",\"url\":\"https:\/\/autravail.ca\/\",\"logo\":{\"@type\":\"ImageObject\",\"inLanguage\":\"en-CA\",\"@id\":\"https:\/\/autravail.ca\/#\/schema\/logo\/image\/\",\"url\":\"https:\/\/autravail.ca\/wp-content\/uploads\/2025\/05\/cropped-magasin_industriel_120x.avif\",\"contentUrl\":\"https:\/\/autravail.ca\/wp-content\/uploads\/2025\/05\/cropped-magasin_industriel_120x.avif\",\"width\":120,\"height\":24,\"caption\":\"Le Magasin Industriel\"},\"image\":{\"@id\":\"https:\/\/autravail.ca\/#\/schema\/logo\/image\/\"},\"sameAs\":[\"https:\/\/www.facebook.com\/lemagasinindustriel\/?locale=fr_FR\"]}]}<\/script>\n<!-- \/ Yoast SEO plugin. -->","yoast_head_json":{"title":"Botte Pilot PVC - 31161 - Le Magasin Industriel","description":"Botte Pilot PVC - 31161, r\u00e9sistante, confort, abordable, imperm\u00e9able, agriculture, produits chimiques, mollets large, humide","robots":{"index":"index","follow":"follow","max-snippet":"max-snippet:-1","max-image-preview":"max-image-preview:large","max-video-preview":"max-video-preview:-1"},"canonical":"https:\/\/autravail.ca\/en\/product\/botte-pilot-pvc-31161\/","og_locale":"en_US","og_type":"article","og_title":"Botte Pilot PVC - 31161 - Le Magasin Industriel","og_description":"Botte Pilot PVC - 31161, r\u00e9sistante, confort, abordable, imperm\u00e9able, agriculture, produits chimiques, mollets large, humide","og_url":"https:\/\/autravail.ca\/en\/product\/botte-pilot-pvc-31161\/","og_site_name":"Le Magasin Industriel","article_publisher":"https:\/\/www.facebook.com\/lemagasinindustriel\/?locale=fr_FR","article_modified_time":"2026-03-06T20:33:07+00:00","og_image":[{"width":1000,"height":1000,"url":"https:\/\/autravail.ca\/wp-content\/uploads\/2025\/05\/31141_A01.jpg","type":"image\/jpeg"}],"twitter_card":"summary_large_image","twitter_misc":{"Est. reading time":"2 minutes"},"schema":{"@context":"https:\/\/schema.org","@graph":[{"@type":"WebPage","@id":"https:\/\/autravail.ca\/product\/botte-pilot-pvc-31161\/","url":"https:\/\/autravail.ca\/product\/botte-pilot-pvc-31161\/","name":"Botte Pilot PVC - 31161 - Le Magasin Industriel","isPartOf":{"@id":"https:\/\/autravail.ca\/#website"},"primaryImageOfPage":{"@id":"https:\/\/autravail.ca\/product\/botte-pilot-pvc-31161\/#primaryimage"},"image":{"@id":"https:\/\/autravail.ca\/product\/botte-pilot-pvc-31161\/#primaryimage"},"thumbnailUrl":"https:\/\/autravail.ca\/wp-content\/uploads\/2025\/05\/31141_A01.jpg","datePublished":"2025-05-08T06:19:22+00:00","dateModified":"2026-03-06T20:33:07+00:00","description":"Botte Pilot PVC - 31161, r\u00e9sistante, confort, abordable, imperm\u00e9able, agriculture, produits chimiques, mollets large, humide","breadcrumb":{"@id":"https:\/\/autravail.ca\/product\/botte-pilot-pvc-31161\/#breadcrumb"},"inLanguage":"en-CA","potentialAction":[{"@type":"ReadAction","target":["https:\/\/autravail.ca\/product\/botte-pilot-pvc-31161\/"]}]},{"@type":"ImageObject","inLanguage":"en-CA","@id":"https:\/\/autravail.ca\/product\/botte-pilot-pvc-31161\/#primaryimage","url":"https:\/\/autravail.ca\/wp-content\/uploads\/2025\/05\/31141_A01.jpg","contentUrl":"https:\/\/autravail.ca\/wp-content\/uploads\/2025\/05\/31141_A01.jpg","width":1000,"height":1000,"caption":"Botte Pilot PVC - 31161"},{"@type":"BreadcrumbList","@id":"https:\/\/autravail.ca\/product\/botte-pilot-pvc-31161\/#breadcrumb","itemListElement":[{"@type":"ListItem","position":1,"name":"Accueil","item":"https:\/\/autravail.ca\/"},{"@type":"ListItem","position":2,"name":"Magasin","item":"https:\/\/autravail.ca\/en\/shop\/"},{"@type":"ListItem","position":3,"name":"Botte Pilot PVC &#8211; 31161"}]},{"@type":"WebSite","@id":"https:\/\/autravail.ca\/#website","url":"https:\/\/autravail.ca\/","name":"Le Magasin Industriel","description":"50 ans de tradition de s\u00e9curit\u00e9 au travail","publisher":{"@id":"https:\/\/autravail.ca\/#organization"},"potentialAction":[{"@type":"SearchAction","target":{"@type":"EntryPoint","urlTemplate":"https:\/\/autravail.ca\/?s={search_term_string}"},"query-input":{"@type":"PropertyValueSpecification","valueRequired":true,"valueName":"search_term_string"}}],"inLanguage":"en-CA"},{"@type":"Organization","@id":"https:\/\/autravail.ca\/#organization","name":"Le Magasin Industriel","url":"https:\/\/autravail.ca\/","logo":{"@type":"ImageObject","inLanguage":"en-CA","@id":"https:\/\/autravail.ca\/#\/schema\/logo\/image\/","url":"https:\/\/autravail.ca\/wp-content\/uploads\/2025\/05\/cropped-magasin_industriel_120x.avif","contentUrl":"https:\/\/autravail.ca\/wp-content\/uploads\/2025\/05\/cropped-magasin_industriel_120x.avif","width":120,"height":24,"caption":"Le Magasin Industriel"},"image":{"@id":"https:\/\/autravail.ca\/#\/schema\/logo\/image\/"},"sameAs":["https:\/\/www.facebook.com\/lemagasinindustriel\/?locale=fr_FR"]}]}},"jetpack_sharing_enabled":true,"_links":{"self":[{"href":"https:\/\/autravail.ca\/en\/wp-json\/wp\/v2\/product\/26931","targetHints":{"allow":["GET"]}}],"collection":[{"href":"https:\/\/autravail.ca\/en\/wp-json\/wp\/v2\/product"}],"about":[{"href":"https:\/\/autravail.ca\/en\/wp-json\/wp\/v2\/types\/product"}],"replies":[{"embeddable":true,"href":"https:\/\/autravail.ca\/en\/wp-json\/wp\/v2\/comments?post=26931"}],"wp:featuredmedia":[{"embeddable":true,"href":"https:\/\/autravail.ca\/en\/wp-json\/wp\/v2\/media\/10018"}],"wp:attachment":[{"href":"https:\/\/autravail.ca\/en\/wp-json\/wp\/v2\/media?parent=26931"}],"wp:term":[{"taxonomy":"product_cat","embeddable":true,"href":"https:\/\/autravail.ca\/en\/wp-json\/wp\/v2\/product_cat?post=26931"},{"taxonomy":"product_tag","embeddable":true,"href":"https:\/\/autravail.ca\/en\/wp-json\/wp\/v2\/product_tag?post=26931"}],"curies":[{"name":"wp","href":"https:\/\/api.w.org\/{rel}","templated":true}]}}