{"id":26930,"date":"2025-05-08T06:19:22","date_gmt":"2025-05-08T06:19:22","guid":{"rendered":"https:\/\/meteoquebec.ca\/?post_type=product&#038;p=26930"},"modified":"2026-03-06T16:52:01","modified_gmt":"2026-03-06T20:52:01","slug":"botte-de-travail-p311382","status":"publish","type":"product","link":"https:\/\/autravail.ca\/en\/product\/botte-de-travail-p311382\/","title":{"rendered":"Botte de travail &#8211; P311382"},"content":{"rendered":"<h3>Botte de travail &#8211; P311382<\/h3>\n<p>Botte de travail &#8211; P311382 de <a href=\"https:\/\/autravail.ca\/en\/product-brand\/caterpillar\/\">Caterpillar<\/a> <strong class=\"Yjhzub\" data-sfc-cb=\"\" data-complete=\"true\" data-processed=\"true\">Excavator Superlite (mod\u00e8le P311382)<\/strong> pour femme est une chaussure de s\u00e9curit\u00e9 haut de gamme qui red\u00e9finit le standard de protection en alliant robustesse industrielle et l\u00e9g\u00e8ret\u00e9 athl\u00e9tique.<\/p>\n<p><img decoding=\"async\" class=\"alignnone size-full wp-image-40117\" src=\"https:\/\/autravail.ca\/wp-content\/uploads\/2025\/09\/Certification-Omega-Triangle-vert.jpg\" alt=\"Certifications Om\u00e9ga Triangle vert\" width=\"193\" height=\"110\" srcset=\"https:\/\/autravail.ca\/wp-content\/uploads\/2025\/09\/Certification-Omega-Triangle-vert.jpg 193w, https:\/\/autravail.ca\/wp-content\/uploads\/2025\/09\/Certification-Omega-Triangle-vert-150x85.jpg 150w, https:\/\/autravail.ca\/wp-content\/uploads\/2025\/09\/Certification-Omega-Triangle-vert-18x10.jpg 18w\" sizes=\"(max-width: 193px) 100vw, 193px\" \/><\/p>\n<h6>Characteristics:<\/h6>\n<ul>\n<li><span dir=\"auto\">\u2022 Robustesse en cinq points\u00a0: 1) Cuirs de premi\u00e8re qualit\u00e9, 2) Embout de protection en caoutchouc, 3) Point de flexion sans couture au niveau des orteils, 4) Contrefort de talon protecteur et 5) Semelle ext\u00e9rieure en caoutchouc r\u00e9sistant \u00e0 l\u2019abrasion<\/span><br \/>\n<span dir=\"auto\">\u2022 Semelle interm\u00e9diaire repens\u00e9e\u00a0: robustesse et durabilit\u00e9 accrues, tout en \u00e9tant nettement plus l\u00e9g\u00e8re<\/span><br \/>\n<span dir=\"auto\">\u2022 Cuir nubuck pleine fleur imperm\u00e9able de premi\u00e8re qualit\u00e9\u00a0: garde les pieds au sec et prot\u00e9g\u00e9s, et offre une durabilit\u00e9 \u00e0 long terme<\/span><br \/>\n<span dir=\"auto\">\u2022 Embout composite en carbone\u00a0: embout de s\u00e9curit\u00e9 composite prot\u00e9geant contre les impacts et la compression (CAN\/CSA Z195-14)<\/span><\/li>\n<li>La tige en cuir nubuck de premi\u00e8re qualit\u00e9 est enti\u00e8rement imperm\u00e9able, gardant les pieds au sec dans toutes les conditions.<\/li>\n<li>La semelle ext\u00e9rieure en caoutchouc est antid\u00e9rapante et r\u00e9sistante \u00e0 l&rsquo;abrasion, offrant une traction de premier ordre sur les surfaces huileuses ou mouill\u00e9es.<\/li>\n<\/ul>\n<p><img decoding=\"async\" class=\"alignnone wp-image-40620\" src=\"https:\/\/autravail.ca\/wp-content\/uploads\/2025\/09\/Jachete-quebec-et-canada.jpg\" alt=\"Logo de l'achat local\" width=\"162\" height=\"139\" \/>Merci d&rsquo;encourager une entreprise 100% d&rsquo;ici!<\/p>\n<p>TS2603H<\/p>","protected":false},"excerpt":{"rendered":"<p>Botte de travail &#8211; P311382 Botte de travail &#8211; P311382 de Caterpillar Excavator Superlite (mod\u00e8le P311382) pour femme est une chaussure de s\u00e9curit\u00e9 haut de gamme qui red\u00e9finit le standard de protection en alliant robustesse industrielle et l\u00e9g\u00e8ret\u00e9 athl\u00e9tique. Caract\u00e9ristiques: \u2022 Robustesse en cinq points\u00a0: 1) Cuirs de premi\u00e8re qualit\u00e9, 2) Embout de protection en [&hellip;]<\/p>","protected":false},"featured_media":9997,"comment_status":"open","ping_status":"closed","template":"","meta":[],"product_cat":[633],"product_tag":[260,252,255,253],"class_list":{"0":"post-26930","1":"product","2":"type-product","3":"status-publish","4":"has-post-thumbnail","6":"product_brand-caterpillar","7":"product_cat-femmes","8":"product_tag-bottillons-de-travail","9":"product_tag-electric-shock-resistant","10":"product_tag-femme","11":"product_tag-sole-protection","13":"first","14":"instock","15":"taxable","16":"shipping-taxable","17":"purchasable","18":"product-type-variable"},"yoast_head":"<!-- This site is optimized with the Yoast SEO plugin v25.3.1 - https:\/\/yoast.com\/wordpress\/plugins\/seo\/ -->\n<title>Botte de travail - P311382 - Le Magasin Industriel<\/title>\n<meta name=\"description\" content=\"Botte de travail - P311382 Solidit\u00e9, r\u00e9sistance, long\u00e9vit\u00e9, t\u00e9nacit\u00e9, endurance, fiabilit\u00e9, r\u00e9sistance \u00e0 l&#039;usure, haute qualit\u00e9, anti-abrasion\" \/>\n<meta name=\"robots\" content=\"index, follow, max-snippet:-1, max-image-preview:large, max-video-preview:-1\" \/>\n<link rel=\"canonical\" href=\"https:\/\/autravail.ca\/en\/product\/botte-de-travail-p311382\/\" \/>\n<meta property=\"og:locale\" content=\"en_US\" \/>\n<meta property=\"og:type\" content=\"article\" \/>\n<meta property=\"og:title\" content=\"Botte de travail - P311382 - Le Magasin Industriel\" \/>\n<meta property=\"og:description\" content=\"Botte de travail - P311382 Solidit\u00e9, r\u00e9sistance, long\u00e9vit\u00e9, t\u00e9nacit\u00e9, endurance, fiabilit\u00e9, r\u00e9sistance \u00e0 l&#039;usure, haute qualit\u00e9, anti-abrasion\" \/>\n<meta property=\"og:url\" content=\"https:\/\/autravail.ca\/en\/product\/botte-de-travail-p311382\/\" \/>\n<meta property=\"og:site_name\" content=\"Le Magasin Industriel\" \/>\n<meta property=\"article:publisher\" content=\"https:\/\/www.facebook.com\/lemagasinindustriel\/?locale=fr_FR\" \/>\n<meta property=\"article:modified_time\" content=\"2026-03-06T20:52:01+00:00\" \/>\n<meta property=\"og:image\" content=\"https:\/\/autravail.ca\/wp-content\/uploads\/2025\/05\/P311382_A01.jpg\" \/>\n\t<meta property=\"og:image:width\" content=\"1000\" \/>\n\t<meta property=\"og:image:height\" content=\"1000\" \/>\n\t<meta property=\"og:image:type\" content=\"image\/jpeg\" \/>\n<meta name=\"twitter:card\" content=\"summary_large_image\" \/>\n<meta name=\"twitter:label1\" content=\"Est. reading time\" \/>\n\t<meta name=\"twitter:data1\" content=\"2 minutes\" \/>\n<script type=\"application\/ld+json\" class=\"yoast-schema-graph\">{\"@context\":\"https:\/\/schema.org\",\"@graph\":[{\"@type\":\"WebPage\",\"@id\":\"https:\/\/autravail.ca\/product\/botte-de-travail-p311382\/\",\"url\":\"https:\/\/autravail.ca\/product\/botte-de-travail-p311382\/\",\"name\":\"Botte de travail - P311382 - Le Magasin Industriel\",\"isPartOf\":{\"@id\":\"https:\/\/autravail.ca\/#website\"},\"primaryImageOfPage\":{\"@id\":\"https:\/\/autravail.ca\/product\/botte-de-travail-p311382\/#primaryimage\"},\"image\":{\"@id\":\"https:\/\/autravail.ca\/product\/botte-de-travail-p311382\/#primaryimage\"},\"thumbnailUrl\":\"https:\/\/autravail.ca\/wp-content\/uploads\/2025\/05\/P311382_A01.jpg\",\"datePublished\":\"2025-05-08T06:19:22+00:00\",\"dateModified\":\"2026-03-06T20:52:01+00:00\",\"description\":\"Botte de travail - P311382 Solidit\u00e9, r\u00e9sistance, long\u00e9vit\u00e9, t\u00e9nacit\u00e9, endurance, fiabilit\u00e9, r\u00e9sistance \u00e0 l'usure, haute qualit\u00e9, anti-abrasion\",\"breadcrumb\":{\"@id\":\"https:\/\/autravail.ca\/product\/botte-de-travail-p311382\/#breadcrumb\"},\"inLanguage\":\"en-CA\",\"potentialAction\":[{\"@type\":\"ReadAction\",\"target\":[\"https:\/\/autravail.ca\/product\/botte-de-travail-p311382\/\"]}]},{\"@type\":\"ImageObject\",\"inLanguage\":\"en-CA\",\"@id\":\"https:\/\/autravail.ca\/product\/botte-de-travail-p311382\/#primaryimage\",\"url\":\"https:\/\/autravail.ca\/wp-content\/uploads\/2025\/05\/P311382_A01.jpg\",\"contentUrl\":\"https:\/\/autravail.ca\/wp-content\/uploads\/2025\/05\/P311382_A01.jpg\",\"width\":1000,\"height\":1000,\"caption\":\"Botte de travail - P311382\"},{\"@type\":\"BreadcrumbList\",\"@id\":\"https:\/\/autravail.ca\/product\/botte-de-travail-p311382\/#breadcrumb\",\"itemListElement\":[{\"@type\":\"ListItem\",\"position\":1,\"name\":\"Accueil\",\"item\":\"https:\/\/autravail.ca\/\"},{\"@type\":\"ListItem\",\"position\":2,\"name\":\"Magasin\",\"item\":\"https:\/\/autravail.ca\/en\/shop\/\"},{\"@type\":\"ListItem\",\"position\":3,\"name\":\"Botte de travail &#8211; P311382\"}]},{\"@type\":\"WebSite\",\"@id\":\"https:\/\/autravail.ca\/#website\",\"url\":\"https:\/\/autravail.ca\/\",\"name\":\"Le Magasin Industriel\",\"description\":\"50 ans de tradition de s\u00e9curit\u00e9 au travail\",\"publisher\":{\"@id\":\"https:\/\/autravail.ca\/#organization\"},\"potentialAction\":[{\"@type\":\"SearchAction\",\"target\":{\"@type\":\"EntryPoint\",\"urlTemplate\":\"https:\/\/autravail.ca\/?s={search_term_string}\"},\"query-input\":{\"@type\":\"PropertyValueSpecification\",\"valueRequired\":true,\"valueName\":\"search_term_string\"}}],\"inLanguage\":\"en-CA\"},{\"@type\":\"Organization\",\"@id\":\"https:\/\/autravail.ca\/#organization\",\"name\":\"Le Magasin Industriel\",\"url\":\"https:\/\/autravail.ca\/\",\"logo\":{\"@type\":\"ImageObject\",\"inLanguage\":\"en-CA\",\"@id\":\"https:\/\/autravail.ca\/#\/schema\/logo\/image\/\",\"url\":\"https:\/\/autravail.ca\/wp-content\/uploads\/2025\/05\/cropped-magasin_industriel_120x.avif\",\"contentUrl\":\"https:\/\/autravail.ca\/wp-content\/uploads\/2025\/05\/cropped-magasin_industriel_120x.avif\",\"width\":120,\"height\":24,\"caption\":\"Le Magasin Industriel\"},\"image\":{\"@id\":\"https:\/\/autravail.ca\/#\/schema\/logo\/image\/\"},\"sameAs\":[\"https:\/\/www.facebook.com\/lemagasinindustriel\/?locale=fr_FR\"]}]}<\/script>\n<!-- \/ Yoast SEO plugin. -->","yoast_head_json":{"title":"Botte de travail - P311382 - Le Magasin Industriel","description":"Botte de travail - P311382 Solidit\u00e9, r\u00e9sistance, long\u00e9vit\u00e9, t\u00e9nacit\u00e9, endurance, fiabilit\u00e9, r\u00e9sistance \u00e0 l'usure, haute qualit\u00e9, anti-abrasion","robots":{"index":"index","follow":"follow","max-snippet":"max-snippet:-1","max-image-preview":"max-image-preview:large","max-video-preview":"max-video-preview:-1"},"canonical":"https:\/\/autravail.ca\/en\/product\/botte-de-travail-p311382\/","og_locale":"en_US","og_type":"article","og_title":"Botte de travail - P311382 - Le Magasin Industriel","og_description":"Botte de travail - P311382 Solidit\u00e9, r\u00e9sistance, long\u00e9vit\u00e9, t\u00e9nacit\u00e9, endurance, fiabilit\u00e9, r\u00e9sistance \u00e0 l'usure, haute qualit\u00e9, anti-abrasion","og_url":"https:\/\/autravail.ca\/en\/product\/botte-de-travail-p311382\/","og_site_name":"Le Magasin Industriel","article_publisher":"https:\/\/www.facebook.com\/lemagasinindustriel\/?locale=fr_FR","article_modified_time":"2026-03-06T20:52:01+00:00","og_image":[{"width":1000,"height":1000,"url":"https:\/\/autravail.ca\/wp-content\/uploads\/2025\/05\/P311382_A01.jpg","type":"image\/jpeg"}],"twitter_card":"summary_large_image","twitter_misc":{"Est. reading time":"2 minutes"},"schema":{"@context":"https:\/\/schema.org","@graph":[{"@type":"WebPage","@id":"https:\/\/autravail.ca\/product\/botte-de-travail-p311382\/","url":"https:\/\/autravail.ca\/product\/botte-de-travail-p311382\/","name":"Botte de travail - P311382 - Le Magasin Industriel","isPartOf":{"@id":"https:\/\/autravail.ca\/#website"},"primaryImageOfPage":{"@id":"https:\/\/autravail.ca\/product\/botte-de-travail-p311382\/#primaryimage"},"image":{"@id":"https:\/\/autravail.ca\/product\/botte-de-travail-p311382\/#primaryimage"},"thumbnailUrl":"https:\/\/autravail.ca\/wp-content\/uploads\/2025\/05\/P311382_A01.jpg","datePublished":"2025-05-08T06:19:22+00:00","dateModified":"2026-03-06T20:52:01+00:00","description":"Botte de travail - P311382 Solidit\u00e9, r\u00e9sistance, long\u00e9vit\u00e9, t\u00e9nacit\u00e9, endurance, fiabilit\u00e9, r\u00e9sistance \u00e0 l'usure, haute qualit\u00e9, anti-abrasion","breadcrumb":{"@id":"https:\/\/autravail.ca\/product\/botte-de-travail-p311382\/#breadcrumb"},"inLanguage":"en-CA","potentialAction":[{"@type":"ReadAction","target":["https:\/\/autravail.ca\/product\/botte-de-travail-p311382\/"]}]},{"@type":"ImageObject","inLanguage":"en-CA","@id":"https:\/\/autravail.ca\/product\/botte-de-travail-p311382\/#primaryimage","url":"https:\/\/autravail.ca\/wp-content\/uploads\/2025\/05\/P311382_A01.jpg","contentUrl":"https:\/\/autravail.ca\/wp-content\/uploads\/2025\/05\/P311382_A01.jpg","width":1000,"height":1000,"caption":"Botte de travail - P311382"},{"@type":"BreadcrumbList","@id":"https:\/\/autravail.ca\/product\/botte-de-travail-p311382\/#breadcrumb","itemListElement":[{"@type":"ListItem","position":1,"name":"Accueil","item":"https:\/\/autravail.ca\/"},{"@type":"ListItem","position":2,"name":"Magasin","item":"https:\/\/autravail.ca\/en\/shop\/"},{"@type":"ListItem","position":3,"name":"Botte de travail &#8211; P311382"}]},{"@type":"WebSite","@id":"https:\/\/autravail.ca\/#website","url":"https:\/\/autravail.ca\/","name":"Le Magasin Industriel","description":"50 ans de tradition de s\u00e9curit\u00e9 au travail","publisher":{"@id":"https:\/\/autravail.ca\/#organization"},"potentialAction":[{"@type":"SearchAction","target":{"@type":"EntryPoint","urlTemplate":"https:\/\/autravail.ca\/?s={search_term_string}"},"query-input":{"@type":"PropertyValueSpecification","valueRequired":true,"valueName":"search_term_string"}}],"inLanguage":"en-CA"},{"@type":"Organization","@id":"https:\/\/autravail.ca\/#organization","name":"Le Magasin Industriel","url":"https:\/\/autravail.ca\/","logo":{"@type":"ImageObject","inLanguage":"en-CA","@id":"https:\/\/autravail.ca\/#\/schema\/logo\/image\/","url":"https:\/\/autravail.ca\/wp-content\/uploads\/2025\/05\/cropped-magasin_industriel_120x.avif","contentUrl":"https:\/\/autravail.ca\/wp-content\/uploads\/2025\/05\/cropped-magasin_industriel_120x.avif","width":120,"height":24,"caption":"Le Magasin Industriel"},"image":{"@id":"https:\/\/autravail.ca\/#\/schema\/logo\/image\/"},"sameAs":["https:\/\/www.facebook.com\/lemagasinindustriel\/?locale=fr_FR"]}]}},"jetpack_sharing_enabled":true,"_links":{"self":[{"href":"https:\/\/autravail.ca\/en\/wp-json\/wp\/v2\/product\/26930","targetHints":{"allow":["GET"]}}],"collection":[{"href":"https:\/\/autravail.ca\/en\/wp-json\/wp\/v2\/product"}],"about":[{"href":"https:\/\/autravail.ca\/en\/wp-json\/wp\/v2\/types\/product"}],"replies":[{"embeddable":true,"href":"https:\/\/autravail.ca\/en\/wp-json\/wp\/v2\/comments?post=26930"}],"wp:featuredmedia":[{"embeddable":true,"href":"https:\/\/autravail.ca\/en\/wp-json\/wp\/v2\/media\/9997"}],"wp:attachment":[{"href":"https:\/\/autravail.ca\/en\/wp-json\/wp\/v2\/media?parent=26930"}],"wp:term":[{"taxonomy":"product_cat","embeddable":true,"href":"https:\/\/autravail.ca\/en\/wp-json\/wp\/v2\/product_cat?post=26930"},{"taxonomy":"product_tag","embeddable":true,"href":"https:\/\/autravail.ca\/en\/wp-json\/wp\/v2\/product_tag?post=26930"}],"curies":[{"name":"wp","href":"https:\/\/api.w.org\/{rel}","templated":true}]}}