{"id":26900,"date":"2025-05-08T06:19:10","date_gmt":"2025-05-08T06:19:10","guid":{"rendered":"https:\/\/meteoquebec.ca\/?post_type=product&#038;p=26900"},"modified":"2026-04-10T16:02:33","modified_gmt":"2026-04-10T20:02:33","slug":"botte-de-travail-vapour-30901","status":"publish","type":"product","link":"https:\/\/autravail.ca\/en\/product\/botte-de-travail-vapour-30901\/","title":{"rendered":"Botte de travail Vapour &#8211; 30901"},"content":{"rendered":"<h3>Botte de travail Vapour &#8211; 30901<\/h3>\n<p>Botte de travail Vapour &#8211; 30901 de <a href=\"https:\/\/autravail.ca\/en\/product-brand\/jb-goodhue\/\">JB Goodhue<\/a> est con\u00e7ue pour r\u00e9sister aux conditions les plus extr\u00eames. Elle est extr\u00eamement durable et performante, surpassant toutes les autres bottes de sa cat\u00e9gorie. Cette botte est faite pour le travail.<\/p>\n<p><img decoding=\"async\" class=\"alignnone size-full wp-image-40117\" src=\"https:\/\/autravail.ca\/wp-content\/uploads\/2025\/09\/Certification-Omega-Triangle-vert.jpg\" alt=\"Certifications Om\u00e9ga Triangle vert\" width=\"193\" height=\"110\" srcset=\"https:\/\/autravail.ca\/wp-content\/uploads\/2025\/09\/Certification-Omega-Triangle-vert.jpg 193w, https:\/\/autravail.ca\/wp-content\/uploads\/2025\/09\/Certification-Omega-Triangle-vert-150x85.jpg 150w, https:\/\/autravail.ca\/wp-content\/uploads\/2025\/09\/Certification-Omega-Triangle-vert-18x10.jpg 18w\" sizes=\"(max-width: 193px) 100vw, 193px\" \/><\/p>\n<h6>Characteristics:<\/h6>\n<ul>\n<li><span dir=\"auto\"><span dir=\"auto\">Syst\u00e8me \u00e9tanche PRO-DRI\u00ae, avec membrane qui bloque l&rsquo;eau \u00e0 l&rsquo;ext\u00e9rieur tout en permettant \u00e0 l&rsquo;humidit\u00e9 du pied de s&rsquo;\u00e9chapper<\/span><\/span><\/li>\n<li><span dir=\"auto\"><span dir=\"auto\">Tige en cuir robuste, trait\u00e9 pour r\u00e9sister aux environnements humides<\/span><\/span><\/li>\n<li><strong class=\"Yjhzub\" data-sfc-root=\"c\" data-sfc-cb=\"\" data-complete=\"true\" aria-owns=\"action-menu-parent-container\">Composite Safety Buckle<\/strong><\/li>\n<li><span dir=\"auto\"><span dir=\"auto\">Plaque composite LENZI\u00ae pour une flexibilit\u00e9 accrue. Cette plaque est beaucoup plus flexible que l&rsquo;acier, ce qui facilite les mouvements naturels du pied.<\/span><\/span><\/li>\n<li><span dir=\"auto\"><span dir=\"auto\">La doublure en maille a\u00e9r\u00e9e \u00e9vacue l&rsquo;humidit\u00e9 pour garder le pied au sec \u00e0 l&rsquo;int\u00e9rieur.<\/span><\/span><\/li>\n<li><span dir=\"auto\"><span dir=\"auto\">Semelle int\u00e9rieure ultra douce et confortable en PU<\/span><\/span><\/li>\n<li><span dir=\"auto\"><span dir=\"auto\">Semelle interm\u00e9diaire en PU l\u00e9g\u00e8re et flexible <span class=\"T286Pc\" data-sfc-cp=\"\" data-sfc-root=\"c\" data-sfc-cb=\"\" data-complete=\"true\">qui absorbe les chocs tout en luttant contre la fatigue lors de longues journ\u00e9es.<\/span><span class=\"uJ19be notranslate\" data-sfc-root=\"c\" data-wiz-uids=\"c3JtId_1r,c3JtId_1s\" data-sfc-cb=\"\" data-complete=\"true\"><span class=\"vKEkVd\" data-animation-atomic=\"\" data-wiz-attrbind=\"class=c3JtId_1q\/TKHnVd\" data-sae=\"\"><span aria-hidden=\"true\" aria-owns=\"action-menu-parent-container\">\u00a0<\/span><\/span><\/span><\/span><\/span><\/li>\n<li><span dir=\"auto\"><span dir=\"auto\">Semelle ext\u00e9rieure en TPU antid\u00e9rapante haute r\u00e9sistance \u00e0 l&rsquo;abrasion et offre une excellente traction antid\u00e9rapante sur diverses surfaces.<\/span><\/span><\/li>\n<\/ul>\n<p>C&rsquo;est un choix id\u00e9al pour ceux qui travaillent \u00e0 l&rsquo;int\u00e9rieur ou \u00e0 l&rsquo;ext\u00e9rieur dans des conditions temp\u00e9r\u00e9es et qui veulent \u00e9viter la lourdeur des bottes de travail traditionnelles.<\/p>\n<p><em><span style=\"color: #fa0b0b;\">Unisex U.S. men's sizes presented. To convert to U.S. women's size, add 2 sizes. Example: 5 U.S. men = 7 U.S. women<\/span><\/em><\/p>\n<p><img decoding=\"async\" class=\"alignnone wp-image-40620\" src=\"https:\/\/autravail.ca\/wp-content\/uploads\/2025\/09\/Jachete-quebec-et-canada.jpg\" alt=\"Logo de l'achat local\" width=\"162\" height=\"139\" \/>Merci d&rsquo;encourager une entreprise 100% d&rsquo;ici!<\/p>\n<p>TS2604H<\/p>","protected":false},"excerpt":{"rendered":"<p>Botte de travail Vapour &#8211; 30901 Botte de travail Vapour &#8211; 30901 de JB Goodhue est con\u00e7ue pour r\u00e9sister aux conditions les plus extr\u00eames. Elle est extr\u00eamement durable et performante, surpassant toutes les autres bottes de sa cat\u00e9gorie. Cette botte est faite pour le travail. Caract\u00e9ristiques: Syst\u00e8me \u00e9tanche PRO-DRI\u00ae, avec membrane qui bloque l&rsquo;eau \u00e0 [&hellip;]<\/p>","protected":false},"featured_media":9958,"comment_status":"open","ping_status":"closed","template":"","meta":[],"product_cat":[621,806,807,602],"product_tag":[260,252,242,253],"class_list":{"0":"post-26900","1":"product","2":"type-product","3":"status-publish","4":"has-post-thumbnail","6":"product_brand-jb-goodhue","7":"product_cat-bottes-de-travail-6","8":"product_cat-bottes-de-travail-6-femme","9":"product_cat-bottes-de-travail-6-homme","10":"product_cat-hommes","11":"product_tag-bottillons-de-travail","12":"product_tag-electric-shock-resistant","13":"product_tag-homme","14":"product_tag-sole-protection","16":"first","17":"instock","18":"taxable","19":"shipping-taxable","20":"purchasable","21":"product-type-variable"},"yoast_head":"<!-- This site is optimized with the Yoast SEO plugin v25.3.1 - https:\/\/yoast.com\/wordpress\/plugins\/seo\/ -->\n<title>Botte de travail Vapour - 30901 - Le Magasin Industriel<\/title>\n<meta name=\"description\" content=\"Botte de travail Vapour - 30901 est con\u00e7ue pour r\u00e9sister aux conditions les plus extr\u00eames, extr\u00eamement durable et performante\" \/>\n<meta name=\"robots\" content=\"index, follow, max-snippet:-1, max-image-preview:large, max-video-preview:-1\" \/>\n<link rel=\"canonical\" href=\"https:\/\/autravail.ca\/en\/product\/botte-de-travail-vapour-30901\/\" \/>\n<meta property=\"og:locale\" content=\"en_US\" \/>\n<meta property=\"og:type\" content=\"article\" \/>\n<meta property=\"og:title\" content=\"Botte de travail Vapour - 30901 - Le Magasin Industriel\" \/>\n<meta property=\"og:description\" content=\"Botte de travail Vapour - 30901 est con\u00e7ue pour r\u00e9sister aux conditions les plus extr\u00eames, extr\u00eamement durable et performante\" \/>\n<meta property=\"og:url\" content=\"https:\/\/autravail.ca\/en\/product\/botte-de-travail-vapour-30901\/\" \/>\n<meta property=\"og:site_name\" content=\"Le Magasin Industriel\" \/>\n<meta property=\"article:publisher\" content=\"https:\/\/www.facebook.com\/lemagasinindustriel\/?locale=fr_FR\" \/>\n<meta property=\"article:modified_time\" content=\"2026-04-10T20:02:33+00:00\" \/>\n<meta property=\"og:image\" content=\"https:\/\/autravail.ca\/wp-content\/uploads\/2025\/05\/30901_A01.jpg\" \/>\n\t<meta property=\"og:image:width\" content=\"1000\" \/>\n\t<meta property=\"og:image:height\" content=\"1000\" \/>\n\t<meta property=\"og:image:type\" content=\"image\/jpeg\" \/>\n<meta name=\"twitter:card\" content=\"summary_large_image\" \/>\n<meta name=\"twitter:label1\" content=\"Est. reading time\" \/>\n\t<meta name=\"twitter:data1\" content=\"2 minutes\" \/>\n<script type=\"application\/ld+json\" class=\"yoast-schema-graph\">{\"@context\":\"https:\/\/schema.org\",\"@graph\":[{\"@type\":\"WebPage\",\"@id\":\"https:\/\/autravail.ca\/product\/botte-de-travail-vapour-30901\/\",\"url\":\"https:\/\/autravail.ca\/product\/botte-de-travail-vapour-30901\/\",\"name\":\"Botte de travail Vapour - 30901 - Le Magasin Industriel\",\"isPartOf\":{\"@id\":\"https:\/\/autravail.ca\/#website\"},\"primaryImageOfPage\":{\"@id\":\"https:\/\/autravail.ca\/product\/botte-de-travail-vapour-30901\/#primaryimage\"},\"image\":{\"@id\":\"https:\/\/autravail.ca\/product\/botte-de-travail-vapour-30901\/#primaryimage\"},\"thumbnailUrl\":\"https:\/\/autravail.ca\/wp-content\/uploads\/2025\/05\/30901_A01.jpg\",\"datePublished\":\"2025-05-08T06:19:10+00:00\",\"dateModified\":\"2026-04-10T20:02:33+00:00\",\"description\":\"Botte de travail Vapour - 30901 est con\u00e7ue pour r\u00e9sister aux conditions les plus extr\u00eames, extr\u00eamement durable et performante\",\"breadcrumb\":{\"@id\":\"https:\/\/autravail.ca\/product\/botte-de-travail-vapour-30901\/#breadcrumb\"},\"inLanguage\":\"en-CA\",\"potentialAction\":[{\"@type\":\"ReadAction\",\"target\":[\"https:\/\/autravail.ca\/product\/botte-de-travail-vapour-30901\/\"]}]},{\"@type\":\"ImageObject\",\"inLanguage\":\"en-CA\",\"@id\":\"https:\/\/autravail.ca\/product\/botte-de-travail-vapour-30901\/#primaryimage\",\"url\":\"https:\/\/autravail.ca\/wp-content\/uploads\/2025\/05\/30901_A01.jpg\",\"contentUrl\":\"https:\/\/autravail.ca\/wp-content\/uploads\/2025\/05\/30901_A01.jpg\",\"width\":1000,\"height\":1000,\"caption\":\"Botte de travail Vapour - 30901\"},{\"@type\":\"BreadcrumbList\",\"@id\":\"https:\/\/autravail.ca\/product\/botte-de-travail-vapour-30901\/#breadcrumb\",\"itemListElement\":[{\"@type\":\"ListItem\",\"position\":1,\"name\":\"Accueil\",\"item\":\"https:\/\/autravail.ca\/\"},{\"@type\":\"ListItem\",\"position\":2,\"name\":\"Magasin\",\"item\":\"https:\/\/autravail.ca\/en\/shop\/\"},{\"@type\":\"ListItem\",\"position\":3,\"name\":\"Botte de travail Vapour &#8211; 30901\"}]},{\"@type\":\"WebSite\",\"@id\":\"https:\/\/autravail.ca\/#website\",\"url\":\"https:\/\/autravail.ca\/\",\"name\":\"Le Magasin Industriel\",\"description\":\"50 ans de tradition de s\u00e9curit\u00e9 au travail\",\"publisher\":{\"@id\":\"https:\/\/autravail.ca\/#organization\"},\"potentialAction\":[{\"@type\":\"SearchAction\",\"target\":{\"@type\":\"EntryPoint\",\"urlTemplate\":\"https:\/\/autravail.ca\/?s={search_term_string}\"},\"query-input\":{\"@type\":\"PropertyValueSpecification\",\"valueRequired\":true,\"valueName\":\"search_term_string\"}}],\"inLanguage\":\"en-CA\"},{\"@type\":\"Organization\",\"@id\":\"https:\/\/autravail.ca\/#organization\",\"name\":\"Le Magasin Industriel\",\"url\":\"https:\/\/autravail.ca\/\",\"logo\":{\"@type\":\"ImageObject\",\"inLanguage\":\"en-CA\",\"@id\":\"https:\/\/autravail.ca\/#\/schema\/logo\/image\/\",\"url\":\"https:\/\/autravail.ca\/wp-content\/uploads\/2025\/05\/cropped-magasin_industriel_120x.avif\",\"contentUrl\":\"https:\/\/autravail.ca\/wp-content\/uploads\/2025\/05\/cropped-magasin_industriel_120x.avif\",\"width\":120,\"height\":24,\"caption\":\"Le Magasin Industriel\"},\"image\":{\"@id\":\"https:\/\/autravail.ca\/#\/schema\/logo\/image\/\"},\"sameAs\":[\"https:\/\/www.facebook.com\/lemagasinindustriel\/?locale=fr_FR\"]}]}<\/script>\n<!-- \/ Yoast SEO plugin. -->","yoast_head_json":{"title":"Botte de travail Vapour - 30901 - Le Magasin Industriel","description":"Botte de travail Vapour - 30901 est con\u00e7ue pour r\u00e9sister aux conditions les plus extr\u00eames, extr\u00eamement durable et performante","robots":{"index":"index","follow":"follow","max-snippet":"max-snippet:-1","max-image-preview":"max-image-preview:large","max-video-preview":"max-video-preview:-1"},"canonical":"https:\/\/autravail.ca\/en\/product\/botte-de-travail-vapour-30901\/","og_locale":"en_US","og_type":"article","og_title":"Botte de travail Vapour - 30901 - Le Magasin Industriel","og_description":"Botte de travail Vapour - 30901 est con\u00e7ue pour r\u00e9sister aux conditions les plus extr\u00eames, extr\u00eamement durable et performante","og_url":"https:\/\/autravail.ca\/en\/product\/botte-de-travail-vapour-30901\/","og_site_name":"Le Magasin Industriel","article_publisher":"https:\/\/www.facebook.com\/lemagasinindustriel\/?locale=fr_FR","article_modified_time":"2026-04-10T20:02:33+00:00","og_image":[{"width":1000,"height":1000,"url":"https:\/\/autravail.ca\/wp-content\/uploads\/2025\/05\/30901_A01.jpg","type":"image\/jpeg"}],"twitter_card":"summary_large_image","twitter_misc":{"Est. reading time":"2 minutes"},"schema":{"@context":"https:\/\/schema.org","@graph":[{"@type":"WebPage","@id":"https:\/\/autravail.ca\/product\/botte-de-travail-vapour-30901\/","url":"https:\/\/autravail.ca\/product\/botte-de-travail-vapour-30901\/","name":"Botte de travail Vapour - 30901 - Le Magasin Industriel","isPartOf":{"@id":"https:\/\/autravail.ca\/#website"},"primaryImageOfPage":{"@id":"https:\/\/autravail.ca\/product\/botte-de-travail-vapour-30901\/#primaryimage"},"image":{"@id":"https:\/\/autravail.ca\/product\/botte-de-travail-vapour-30901\/#primaryimage"},"thumbnailUrl":"https:\/\/autravail.ca\/wp-content\/uploads\/2025\/05\/30901_A01.jpg","datePublished":"2025-05-08T06:19:10+00:00","dateModified":"2026-04-10T20:02:33+00:00","description":"Botte de travail Vapour - 30901 est con\u00e7ue pour r\u00e9sister aux conditions les plus extr\u00eames, extr\u00eamement durable et performante","breadcrumb":{"@id":"https:\/\/autravail.ca\/product\/botte-de-travail-vapour-30901\/#breadcrumb"},"inLanguage":"en-CA","potentialAction":[{"@type":"ReadAction","target":["https:\/\/autravail.ca\/product\/botte-de-travail-vapour-30901\/"]}]},{"@type":"ImageObject","inLanguage":"en-CA","@id":"https:\/\/autravail.ca\/product\/botte-de-travail-vapour-30901\/#primaryimage","url":"https:\/\/autravail.ca\/wp-content\/uploads\/2025\/05\/30901_A01.jpg","contentUrl":"https:\/\/autravail.ca\/wp-content\/uploads\/2025\/05\/30901_A01.jpg","width":1000,"height":1000,"caption":"Botte de travail Vapour - 30901"},{"@type":"BreadcrumbList","@id":"https:\/\/autravail.ca\/product\/botte-de-travail-vapour-30901\/#breadcrumb","itemListElement":[{"@type":"ListItem","position":1,"name":"Accueil","item":"https:\/\/autravail.ca\/"},{"@type":"ListItem","position":2,"name":"Magasin","item":"https:\/\/autravail.ca\/en\/shop\/"},{"@type":"ListItem","position":3,"name":"Botte de travail Vapour &#8211; 30901"}]},{"@type":"WebSite","@id":"https:\/\/autravail.ca\/#website","url":"https:\/\/autravail.ca\/","name":"Le Magasin Industriel","description":"50 ans de tradition de s\u00e9curit\u00e9 au travail","publisher":{"@id":"https:\/\/autravail.ca\/#organization"},"potentialAction":[{"@type":"SearchAction","target":{"@type":"EntryPoint","urlTemplate":"https:\/\/autravail.ca\/?s={search_term_string}"},"query-input":{"@type":"PropertyValueSpecification","valueRequired":true,"valueName":"search_term_string"}}],"inLanguage":"en-CA"},{"@type":"Organization","@id":"https:\/\/autravail.ca\/#organization","name":"Le Magasin Industriel","url":"https:\/\/autravail.ca\/","logo":{"@type":"ImageObject","inLanguage":"en-CA","@id":"https:\/\/autravail.ca\/#\/schema\/logo\/image\/","url":"https:\/\/autravail.ca\/wp-content\/uploads\/2025\/05\/cropped-magasin_industriel_120x.avif","contentUrl":"https:\/\/autravail.ca\/wp-content\/uploads\/2025\/05\/cropped-magasin_industriel_120x.avif","width":120,"height":24,"caption":"Le Magasin Industriel"},"image":{"@id":"https:\/\/autravail.ca\/#\/schema\/logo\/image\/"},"sameAs":["https:\/\/www.facebook.com\/lemagasinindustriel\/?locale=fr_FR"]}]}},"jetpack_sharing_enabled":true,"_links":{"self":[{"href":"https:\/\/autravail.ca\/en\/wp-json\/wp\/v2\/product\/26900","targetHints":{"allow":["GET"]}}],"collection":[{"href":"https:\/\/autravail.ca\/en\/wp-json\/wp\/v2\/product"}],"about":[{"href":"https:\/\/autravail.ca\/en\/wp-json\/wp\/v2\/types\/product"}],"replies":[{"embeddable":true,"href":"https:\/\/autravail.ca\/en\/wp-json\/wp\/v2\/comments?post=26900"}],"wp:featuredmedia":[{"embeddable":true,"href":"https:\/\/autravail.ca\/en\/wp-json\/wp\/v2\/media\/9958"}],"wp:attachment":[{"href":"https:\/\/autravail.ca\/en\/wp-json\/wp\/v2\/media?parent=26900"}],"wp:term":[{"taxonomy":"product_cat","embeddable":true,"href":"https:\/\/autravail.ca\/en\/wp-json\/wp\/v2\/product_cat?post=26900"},{"taxonomy":"product_tag","embeddable":true,"href":"https:\/\/autravail.ca\/en\/wp-json\/wp\/v2\/product_tag?post=26900"}],"curies":[{"name":"wp","href":"https:\/\/api.w.org\/{rel}","templated":true}]}}