{"id":26871,"date":"2025-05-08T06:18:57","date_gmt":"2025-05-08T06:18:57","guid":{"rendered":"https:\/\/meteoquebec.ca\/?post_type=product&#038;p=26871"},"modified":"2026-04-03T11:33:22","modified_gmt":"2026-04-03T15:33:22","slug":"soulier-de-travail-fara-3087bk","status":"publish","type":"product","link":"https:\/\/autravail.ca\/en\/product\/soulier-de-travail-fara-3087bk\/","title":{"rendered":"Soulier de travail Fara &#8211; 3087BK"},"content":{"rendered":"<h3>Soulier de travail Fara &#8211; 3087BK<\/h3>\n<p>Soulier de travail Fara &#8211; 3087BK de <a href=\"https:\/\/autravail.ca\/en\/product-brand\/kodiak\/\">Kodiak<\/a>. La grande force du Fara est sa tige en\u00a0<strong class=\"Yjhzub\" data-sfc-root=\"c\" data-sfc-cb=\"\" data-complete=\"true\" data-processed=\"true\">textile extensible<\/strong>. Contrairement \u00e0 un soulier en cuir qui demande une p\u00e9riode de \u00ab\u00a0cassage\u00a0\u00bb, la technologie\u00a0<strong class=\"Yjhzub\" data-sfc-root=\"c\" data-sfc-cb=\"\" data-complete=\"true\" data-processed=\"true\">Kodiak Flex<\/strong>\u00a0permet au soulier de s&rsquo;adapter imm\u00e9diatement \u00e0 la forme de votre pied, ce qui est id\u00e9al si vous avez les pieds un peu plus larges ou des points de pression sensibles.<\/p>\n<p><img decoding=\"async\" class=\"alignnone size-full wp-image-40140\" src=\"https:\/\/autravail.ca\/wp-content\/uploads\/2025\/05\/Certification-SD-Carre-bleu.jpg\" alt=\"Logo de la certification CSA carr\u00e9 bleu et SD\" width=\"222\" height=\"124\" srcset=\"https:\/\/autravail.ca\/wp-content\/uploads\/2025\/05\/Certification-SD-Carre-bleu.jpg 222w, https:\/\/autravail.ca\/wp-content\/uploads\/2025\/05\/Certification-SD-Carre-bleu-150x84.jpg 150w, https:\/\/autravail.ca\/wp-content\/uploads\/2025\/05\/Certification-SD-Carre-bleu-18x10.jpg 18w\" sizes=\"(max-width: 222px) 100vw, 222px\" \/><\/p>\n<h6>Characteristics:<\/h6>\n<ul>\n<li style=\"list-style-type: none;\">\n<ul class=\"KsbFXc U6u95\" data-sfc-root=\"c\" data-sfc-cb=\"\" data-complete=\"true\" data-processed=\"true\">\n<li class=\"dF3vjf\" data-sfc-root=\"c\" data-sfc-cb=\"\" data-hveid=\"CAEIBxAA\" data-complete=\"true\" data-sae=\"\"><span class=\"T286Pc\" data-sfc-cp=\"\" data-sfc-root=\"c\" data-sfc-cb=\"\" data-complete=\"true\">Il permet d&rsquo;\u00e9couler l&rsquo;\u00e9lectricit\u00e9 statique de votre corps vers le sol. <strong class=\"Yjhzub\" data-sfc-root=\"c\" data-sfc-cb=\"\" data-complete=\"true\" data-processed=\"true\" aria-owns=\"action-menu-parent-container\">SD (Static Dissipative).<\/strong><\/span><\/li>\n<li class=\"dF3vjf\" data-sfc-root=\"c\" data-sfc-cb=\"\" data-hveid=\"CAEIBxAB\" data-complete=\"true\" data-sae=\"\"><span class=\"T286Pc\" data-sfc-cp=\"\" data-sfc-root=\"c\" data-sfc-cb=\"\" data-complete=\"true\" aria-owns=\"action-menu-parent-container\">le Fara 3087 est con\u00e7u pour les milieux o\u00f9 l&rsquo;on manipule des <strong class=\"Yjhzub\" data-sfc-root=\"c\" data-sfc-cb=\"\" data-complete=\"true\">composants \u00e9lectroniques<\/strong>\u00a0ou des puces informatiques.<\/span><\/li>\n<li class=\"dF3vjf\" data-sfc-root=\"c\" data-sfc-cb=\"\" data-hveid=\"CAEICRAA\" data-complete=\"true\" data-sae=\"\"><span class=\"T286Pc\" data-sfc-cp=\"\" data-sfc-root=\"c\" data-sfc-cb=\"\" data-complete=\"true\"><strong class=\"Yjhzub\" data-sfc-root=\"c\" data-sfc-cb=\"\" data-complete=\"true\">Embout<\/strong>\u00a0: Acier (homologu\u00e9 CSA Classe 1).<\/span><\/li>\n<li class=\"dF3vjf\" data-sfc-root=\"c\" data-sfc-cb=\"\" data-hveid=\"CAEICRAC\" data-complete=\"true\" data-sae=\"\"><span class=\"T286Pc\" data-sfc-cp=\"\" data-sfc-root=\"c\" data-sfc-cb=\"\" data-complete=\"true\"><strong class=\"Yjhzub\" data-sfc-root=\"c\" data-sfc-cb=\"\" data-complete=\"true\">Semelle<\/strong> : Caoutchouc antid\u00e9rapant qui ne marque pas les planchers.<\/span><\/li>\n<\/ul>\n<div class=\"Fsg96\" data-sfc-cp=\"\" data-sfc-root=\"c\" data-sfc-cb=\"\" data-complete=\"true\" data-processed=\"true\"><\/div>\n<\/li>\n<\/ul>\n<div class=\"Y3BBE\" data-sfc-cp=\"\" data-sfc-root=\"c\" data-sfc-cb=\"\" data-hveid=\"CAEICxAA\" data-complete=\"true\" data-processed=\"true\">Gr\u00e2ce \u00e0 sa construction en textile et sa semelle int\u00e9rieure\u00a0<strong class=\"Yjhzub\" data-sfc-root=\"c\" data-sfc-cb=\"\" data-complete=\"true\" data-processed=\"true\">OrthoLite\u00ae<\/strong>, c&rsquo;est l&rsquo;un des souliers de s\u00e9curit\u00e9 les plus frais sur le march\u00e9. Il \u00e9vacue tr\u00e8s bien l&rsquo;humidit\u00e9, ce qui est un gros plus si vous travaillez dans un entrep\u00f4t chauff\u00e9 ou en \u00e9t\u00e9.<\/div>\n<div class=\"Y3BBE\" data-sfc-cp=\"\" data-sfc-root=\"c\" data-sfc-cb=\"\" data-hveid=\"CAEIDBAA\" data-complete=\"true\" data-processed=\"true\" aria-owns=\"action-menu-parent-container\">Choisissez le <strong class=\"Yjhzub\" data-sfc-root=\"c\" data-sfc-cb=\"\" data-complete=\"true\" data-processed=\"true\">Fara 3087<\/strong>\u00a0si vous privil\u00e9giez la\u00a0<strong class=\"Yjhzub\" data-sfc-root=\"c\" data-sfc-cb=\"\" data-complete=\"true\" data-processed=\"true\">l\u00e9g\u00e8ret\u00e9 maximale<\/strong>\u00a0et la\u00a0<strong class=\"Yjhzub\" data-sfc-root=\"c\" data-sfc-cb=\"\" data-complete=\"true\" data-processed=\"true\">respirabilit\u00e9<\/strong>, et que vous n&rsquo;avez pas besoin d&rsquo;une protection contre les perforations (plaque d&rsquo;acier sous le pied).<\/div>\n<div data-sfc-cp=\"\" data-sfc-root=\"c\" data-sfc-cb=\"\" data-hveid=\"CAEIDBAA\" data-complete=\"true\" data-processed=\"true\" aria-owns=\"action-menu-parent-container\"><\/div>\n<div data-sfc-cp=\"\" data-sfc-root=\"c\" data-sfc-cb=\"\" data-hveid=\"CAEIDBAA\" data-complete=\"true\" data-processed=\"true\" aria-owns=\"action-menu-parent-container\">\n<p><img decoding=\"async\" class=\"alignnone wp-image-40620\" src=\"https:\/\/autravail.ca\/wp-content\/uploads\/2025\/09\/Jachete-quebec-et-canada.jpg\" alt=\"Logo de l'achat local\" width=\"162\" height=\"139\" \/>Merci d&rsquo;encourager une entreprise 100% d&rsquo;ici!<\/p>\n<p>TS2604H<\/p>\n<\/div>","protected":false},"excerpt":{"rendered":"<p>Soulier de travail Fara &#8211; 3087BK Soulier de travail Fara &#8211; 3087BK de Kodiak. La grande force du Fara est sa tige en\u00a0textile extensible. Contrairement \u00e0 un soulier en cuir qui demande une p\u00e9riode de \u00ab\u00a0cassage\u00a0\u00bb, la technologie\u00a0Kodiak Flex\u00a0permet au soulier de s&rsquo;adapter imm\u00e9diatement \u00e0 la forme de votre pied, ce qui est id\u00e9al si [&hellip;]<\/p>","protected":false},"featured_media":9929,"comment_status":"open","ping_status":"closed","template":"","meta":[],"product_cat":[633,619,617],"product_tag":[255,261,257,283],"class_list":{"0":"post-26871","1":"product","2":"type-product","3":"status-publish","4":"has-post-thumbnail","6":"product_brand-kodiak","7":"product_cat-femmes","8":"product_cat-souliers-de-travail","9":"product_cat-souliers-de-travail-femme","10":"product_tag-femme","11":"product_tag-novago","12":"product_tag-souliers-de-travail","13":"product_tag-static-dissipative","15":"first","16":"instock","17":"taxable","18":"shipping-taxable","19":"purchasable","20":"product-type-variable"},"yoast_head":"<!-- This site is optimized with the Yoast SEO plugin v25.3.1 - https:\/\/yoast.com\/wordpress\/plugins\/seo\/ -->\n<title>Soulier de travail Fara - 3087BK - Le Magasin Industriel<\/title>\n<meta name=\"description\" content=\"Soulier de travail Fara - 3087BK la technologie Kodiak Flex permet au soulier de s&#039;adapter imm\u00e9diatement \u00e0 la forme de votre pied\" \/>\n<meta name=\"robots\" content=\"index, follow, max-snippet:-1, max-image-preview:large, max-video-preview:-1\" \/>\n<link rel=\"canonical\" href=\"https:\/\/autravail.ca\/en\/product\/soulier-de-travail-fara-3087bk\/\" \/>\n<meta property=\"og:locale\" content=\"en_US\" \/>\n<meta property=\"og:type\" content=\"article\" \/>\n<meta property=\"og:title\" content=\"Soulier de travail Fara - 3087BK - Le Magasin Industriel\" \/>\n<meta property=\"og:description\" content=\"Soulier de travail Fara - 3087BK la technologie Kodiak Flex permet au soulier de s&#039;adapter imm\u00e9diatement \u00e0 la forme de votre pied\" \/>\n<meta property=\"og:url\" content=\"https:\/\/autravail.ca\/en\/product\/soulier-de-travail-fara-3087bk\/\" \/>\n<meta property=\"og:site_name\" content=\"Le Magasin Industriel\" \/>\n<meta property=\"article:publisher\" content=\"https:\/\/www.facebook.com\/lemagasinindustriel\/?locale=fr_FR\" \/>\n<meta property=\"article:modified_time\" content=\"2026-04-03T15:33:22+00:00\" \/>\n<meta property=\"og:image\" content=\"https:\/\/autravail.ca\/wp-content\/uploads\/2025\/05\/3087BK_A01.jpg\" \/>\n\t<meta property=\"og:image:width\" content=\"1000\" \/>\n\t<meta property=\"og:image:height\" content=\"1000\" \/>\n\t<meta property=\"og:image:type\" content=\"image\/jpeg\" \/>\n<meta name=\"twitter:card\" content=\"summary_large_image\" \/>\n<meta name=\"twitter:label1\" content=\"Est. reading time\" \/>\n\t<meta name=\"twitter:data1\" content=\"2 minutes\" \/>\n<script type=\"application\/ld+json\" class=\"yoast-schema-graph\">{\"@context\":\"https:\/\/schema.org\",\"@graph\":[{\"@type\":\"WebPage\",\"@id\":\"https:\/\/autravail.ca\/product\/soulier-de-travail-fara-3087bk\/\",\"url\":\"https:\/\/autravail.ca\/product\/soulier-de-travail-fara-3087bk\/\",\"name\":\"Soulier de travail Fara - 3087BK - Le Magasin Industriel\",\"isPartOf\":{\"@id\":\"https:\/\/autravail.ca\/#website\"},\"primaryImageOfPage\":{\"@id\":\"https:\/\/autravail.ca\/product\/soulier-de-travail-fara-3087bk\/#primaryimage\"},\"image\":{\"@id\":\"https:\/\/autravail.ca\/product\/soulier-de-travail-fara-3087bk\/#primaryimage\"},\"thumbnailUrl\":\"https:\/\/autravail.ca\/wp-content\/uploads\/2025\/05\/3087BK_A01.jpg\",\"datePublished\":\"2025-05-08T06:18:57+00:00\",\"dateModified\":\"2026-04-03T15:33:22+00:00\",\"description\":\"Soulier de travail Fara - 3087BK la technologie Kodiak Flex permet au soulier de s'adapter imm\u00e9diatement \u00e0 la forme de votre pied\",\"breadcrumb\":{\"@id\":\"https:\/\/autravail.ca\/product\/soulier-de-travail-fara-3087bk\/#breadcrumb\"},\"inLanguage\":\"en-CA\",\"potentialAction\":[{\"@type\":\"ReadAction\",\"target\":[\"https:\/\/autravail.ca\/product\/soulier-de-travail-fara-3087bk\/\"]}]},{\"@type\":\"ImageObject\",\"inLanguage\":\"en-CA\",\"@id\":\"https:\/\/autravail.ca\/product\/soulier-de-travail-fara-3087bk\/#primaryimage\",\"url\":\"https:\/\/autravail.ca\/wp-content\/uploads\/2025\/05\/3087BK_A01.jpg\",\"contentUrl\":\"https:\/\/autravail.ca\/wp-content\/uploads\/2025\/05\/3087BK_A01.jpg\",\"width\":1000,\"height\":1000,\"caption\":\"Soulier de travail Fara - 3087BK\"},{\"@type\":\"BreadcrumbList\",\"@id\":\"https:\/\/autravail.ca\/product\/soulier-de-travail-fara-3087bk\/#breadcrumb\",\"itemListElement\":[{\"@type\":\"ListItem\",\"position\":1,\"name\":\"Accueil\",\"item\":\"https:\/\/autravail.ca\/\"},{\"@type\":\"ListItem\",\"position\":2,\"name\":\"Magasin\",\"item\":\"https:\/\/autravail.ca\/en\/shop\/\"},{\"@type\":\"ListItem\",\"position\":3,\"name\":\"Soulier de travail Fara &#8211; 3087BK\"}]},{\"@type\":\"WebSite\",\"@id\":\"https:\/\/autravail.ca\/#website\",\"url\":\"https:\/\/autravail.ca\/\",\"name\":\"Le Magasin Industriel\",\"description\":\"50 ans de tradition de s\u00e9curit\u00e9 au travail\",\"publisher\":{\"@id\":\"https:\/\/autravail.ca\/#organization\"},\"potentialAction\":[{\"@type\":\"SearchAction\",\"target\":{\"@type\":\"EntryPoint\",\"urlTemplate\":\"https:\/\/autravail.ca\/?s={search_term_string}\"},\"query-input\":{\"@type\":\"PropertyValueSpecification\",\"valueRequired\":true,\"valueName\":\"search_term_string\"}}],\"inLanguage\":\"en-CA\"},{\"@type\":\"Organization\",\"@id\":\"https:\/\/autravail.ca\/#organization\",\"name\":\"Le Magasin Industriel\",\"url\":\"https:\/\/autravail.ca\/\",\"logo\":{\"@type\":\"ImageObject\",\"inLanguage\":\"en-CA\",\"@id\":\"https:\/\/autravail.ca\/#\/schema\/logo\/image\/\",\"url\":\"https:\/\/autravail.ca\/wp-content\/uploads\/2025\/05\/cropped-magasin_industriel_120x.avif\",\"contentUrl\":\"https:\/\/autravail.ca\/wp-content\/uploads\/2025\/05\/cropped-magasin_industriel_120x.avif\",\"width\":120,\"height\":24,\"caption\":\"Le Magasin Industriel\"},\"image\":{\"@id\":\"https:\/\/autravail.ca\/#\/schema\/logo\/image\/\"},\"sameAs\":[\"https:\/\/www.facebook.com\/lemagasinindustriel\/?locale=fr_FR\"]}]}<\/script>\n<!-- \/ Yoast SEO plugin. -->","yoast_head_json":{"title":"Soulier de travail Fara - 3087BK - Le Magasin Industriel","description":"Soulier de travail Fara - 3087BK la technologie Kodiak Flex permet au soulier de s'adapter imm\u00e9diatement \u00e0 la forme de votre pied","robots":{"index":"index","follow":"follow","max-snippet":"max-snippet:-1","max-image-preview":"max-image-preview:large","max-video-preview":"max-video-preview:-1"},"canonical":"https:\/\/autravail.ca\/en\/product\/soulier-de-travail-fara-3087bk\/","og_locale":"en_US","og_type":"article","og_title":"Soulier de travail Fara - 3087BK - Le Magasin Industriel","og_description":"Soulier de travail Fara - 3087BK la technologie Kodiak Flex permet au soulier de s'adapter imm\u00e9diatement \u00e0 la forme de votre pied","og_url":"https:\/\/autravail.ca\/en\/product\/soulier-de-travail-fara-3087bk\/","og_site_name":"Le Magasin Industriel","article_publisher":"https:\/\/www.facebook.com\/lemagasinindustriel\/?locale=fr_FR","article_modified_time":"2026-04-03T15:33:22+00:00","og_image":[{"width":1000,"height":1000,"url":"https:\/\/autravail.ca\/wp-content\/uploads\/2025\/05\/3087BK_A01.jpg","type":"image\/jpeg"}],"twitter_card":"summary_large_image","twitter_misc":{"Est. reading time":"2 minutes"},"schema":{"@context":"https:\/\/schema.org","@graph":[{"@type":"WebPage","@id":"https:\/\/autravail.ca\/product\/soulier-de-travail-fara-3087bk\/","url":"https:\/\/autravail.ca\/product\/soulier-de-travail-fara-3087bk\/","name":"Soulier de travail Fara - 3087BK - Le Magasin Industriel","isPartOf":{"@id":"https:\/\/autravail.ca\/#website"},"primaryImageOfPage":{"@id":"https:\/\/autravail.ca\/product\/soulier-de-travail-fara-3087bk\/#primaryimage"},"image":{"@id":"https:\/\/autravail.ca\/product\/soulier-de-travail-fara-3087bk\/#primaryimage"},"thumbnailUrl":"https:\/\/autravail.ca\/wp-content\/uploads\/2025\/05\/3087BK_A01.jpg","datePublished":"2025-05-08T06:18:57+00:00","dateModified":"2026-04-03T15:33:22+00:00","description":"Soulier de travail Fara - 3087BK la technologie Kodiak Flex permet au soulier de s'adapter imm\u00e9diatement \u00e0 la forme de votre pied","breadcrumb":{"@id":"https:\/\/autravail.ca\/product\/soulier-de-travail-fara-3087bk\/#breadcrumb"},"inLanguage":"en-CA","potentialAction":[{"@type":"ReadAction","target":["https:\/\/autravail.ca\/product\/soulier-de-travail-fara-3087bk\/"]}]},{"@type":"ImageObject","inLanguage":"en-CA","@id":"https:\/\/autravail.ca\/product\/soulier-de-travail-fara-3087bk\/#primaryimage","url":"https:\/\/autravail.ca\/wp-content\/uploads\/2025\/05\/3087BK_A01.jpg","contentUrl":"https:\/\/autravail.ca\/wp-content\/uploads\/2025\/05\/3087BK_A01.jpg","width":1000,"height":1000,"caption":"Soulier de travail Fara - 3087BK"},{"@type":"BreadcrumbList","@id":"https:\/\/autravail.ca\/product\/soulier-de-travail-fara-3087bk\/#breadcrumb","itemListElement":[{"@type":"ListItem","position":1,"name":"Accueil","item":"https:\/\/autravail.ca\/"},{"@type":"ListItem","position":2,"name":"Magasin","item":"https:\/\/autravail.ca\/en\/shop\/"},{"@type":"ListItem","position":3,"name":"Soulier de travail Fara &#8211; 3087BK"}]},{"@type":"WebSite","@id":"https:\/\/autravail.ca\/#website","url":"https:\/\/autravail.ca\/","name":"Le Magasin Industriel","description":"50 ans de tradition de s\u00e9curit\u00e9 au travail","publisher":{"@id":"https:\/\/autravail.ca\/#organization"},"potentialAction":[{"@type":"SearchAction","target":{"@type":"EntryPoint","urlTemplate":"https:\/\/autravail.ca\/?s={search_term_string}"},"query-input":{"@type":"PropertyValueSpecification","valueRequired":true,"valueName":"search_term_string"}}],"inLanguage":"en-CA"},{"@type":"Organization","@id":"https:\/\/autravail.ca\/#organization","name":"Le Magasin Industriel","url":"https:\/\/autravail.ca\/","logo":{"@type":"ImageObject","inLanguage":"en-CA","@id":"https:\/\/autravail.ca\/#\/schema\/logo\/image\/","url":"https:\/\/autravail.ca\/wp-content\/uploads\/2025\/05\/cropped-magasin_industriel_120x.avif","contentUrl":"https:\/\/autravail.ca\/wp-content\/uploads\/2025\/05\/cropped-magasin_industriel_120x.avif","width":120,"height":24,"caption":"Le Magasin Industriel"},"image":{"@id":"https:\/\/autravail.ca\/#\/schema\/logo\/image\/"},"sameAs":["https:\/\/www.facebook.com\/lemagasinindustriel\/?locale=fr_FR"]}]}},"jetpack_sharing_enabled":true,"_links":{"self":[{"href":"https:\/\/autravail.ca\/en\/wp-json\/wp\/v2\/product\/26871","targetHints":{"allow":["GET"]}}],"collection":[{"href":"https:\/\/autravail.ca\/en\/wp-json\/wp\/v2\/product"}],"about":[{"href":"https:\/\/autravail.ca\/en\/wp-json\/wp\/v2\/types\/product"}],"replies":[{"embeddable":true,"href":"https:\/\/autravail.ca\/en\/wp-json\/wp\/v2\/comments?post=26871"}],"wp:featuredmedia":[{"embeddable":true,"href":"https:\/\/autravail.ca\/en\/wp-json\/wp\/v2\/media\/9929"}],"wp:attachment":[{"href":"https:\/\/autravail.ca\/en\/wp-json\/wp\/v2\/media?parent=26871"}],"wp:term":[{"taxonomy":"product_cat","embeddable":true,"href":"https:\/\/autravail.ca\/en\/wp-json\/wp\/v2\/product_cat?post=26871"},{"taxonomy":"product_tag","embeddable":true,"href":"https:\/\/autravail.ca\/en\/wp-json\/wp\/v2\/product_tag?post=26871"}],"curies":[{"name":"wp","href":"https:\/\/api.w.org\/{rel}","templated":true}]}}