{"id":26870,"date":"2025-05-08T06:18:57","date_gmt":"2025-05-08T06:18:57","guid":{"rendered":"https:\/\/meteoquebec.ca\/?post_type=product&#038;p=26870"},"modified":"2026-04-03T11:31:44","modified_gmt":"2026-04-03T15:31:44","slug":"soulier-de-travail-taja-3084bk","status":"publish","type":"product","link":"https:\/\/autravail.ca\/en\/product\/soulier-de-travail-taja-3084bk\/","title":{"rendered":"Soulier de travail Taja &#8211; 3084BK"},"content":{"rendered":"<h3>Soulier de travail Taja &#8211; 3084BK<\/h3>\n<p>Soulier de travail Taja &#8211; 3084BK de <a href=\"https:\/\/autravail.ca\/en\/product-brand\/kodiak\/\">Kodiak<\/a>. Un style sportif con\u00e7u pour les milieux de travail exigeants, il offre un confort in\u00e9gal\u00e9 gr\u00e2ce \u00e0 la technologie Kodiak\u1d50\u1d48\u00a0Flex qui s&rsquo;\u00e9tire instantan\u00e9ment pour assurer un ajustement sur mesure, associ\u00e9e \u00e0 une semelle int\u00e9rieure OrthoLite\u1d50\u1d48\u00a0procurant un amorti et un soutien incroyables.<\/p>\n<p><img decoding=\"async\" class=\"alignnone size-full wp-image-40117\" src=\"https:\/\/autravail.ca\/wp-content\/uploads\/2025\/09\/Certification-Omega-Triangle-vert.jpg\" alt=\"Certifications Om\u00e9ga Triangle vert\" width=\"193\" height=\"110\" srcset=\"https:\/\/autravail.ca\/wp-content\/uploads\/2025\/09\/Certification-Omega-Triangle-vert.jpg 193w, https:\/\/autravail.ca\/wp-content\/uploads\/2025\/09\/Certification-Omega-Triangle-vert-150x85.jpg 150w, https:\/\/autravail.ca\/wp-content\/uploads\/2025\/09\/Certification-Omega-Triangle-vert-18x10.jpg 18w\" sizes=\"(max-width: 193px) 100vw, 193px\" \/><\/p>\n<h6>Characteristics:<\/h6>\n<ul>\n<li>Tige dot\u00e9e de la technologie KODIAK\u1d50\u1d48 Flex, fabriqu\u00e9e \u00e0 partir de microfibre de nylon Clarino\u1d50\u1d9c Trivela\u1d50\u1d9c, qui \u00e9pouse la forme de votre pied<\/li>\n<li>Doublure en nylon extensible confortable et talon en microfibres renforc\u00e9<\/li>\n<li>Semelle int\u00e9rieure en mousse OrthoLite\u1d50\u1d48 respirante, amovible, procurant un amorti longue dur\u00e9e<\/li>\n<li>Semelle intercalaire en EVA l\u00e9g\u00e8re et flexible<\/li>\n<li>Semelle d\u2019usure en caoutchouc antid\u00e9rapante et r\u00e9sistante aux huiles<\/li>\n<li>Embout en acier et plaque en composite homologu\u00e9s CSA, r\u00e9sistant aux chocs \u00e9lectriques (ESR)<\/li>\n<li>Deux paires de lacets<\/li>\n<li>Poids: 416.8 grammes par chaussure de taille 7<\/li>\n<\/ul>\n<p><img decoding=\"async\" class=\"alignnone wp-image-40620\" src=\"https:\/\/autravail.ca\/wp-content\/uploads\/2025\/09\/Jachete-quebec-et-canada.jpg\" alt=\"Logo de l'achat local\" width=\"162\" height=\"139\" \/>Merci d&rsquo;encourager une entreprise 100% d&rsquo;ici!<\/p>\n<p>TS2602H<\/p>","protected":false},"excerpt":{"rendered":"<p>Soulier de travail Taja &#8211; 3084BK Soulier de travail Taja &#8211; 3084BK de Kodiak. Un style sportif con\u00e7u pour les milieux de travail exigeants, il offre un confort in\u00e9gal\u00e9 gr\u00e2ce \u00e0 la technologie Kodiak\u1d50\u1d48\u00a0Flex qui s&rsquo;\u00e9tire instantan\u00e9ment pour assurer un ajustement sur mesure, associ\u00e9e \u00e0 une semelle int\u00e9rieure OrthoLite\u1d50\u1d48\u00a0procurant un amorti et un soutien incroyables. [&hellip;]<\/p>","protected":false},"featured_media":9914,"comment_status":"open","ping_status":"closed","template":"","meta":[],"product_cat":[633,619,617],"product_tag":[252,255,253,257],"class_list":{"0":"post-26870","1":"product","2":"type-product","3":"status-publish","4":"has-post-thumbnail","6":"product_brand-kodiak","7":"product_cat-femmes","8":"product_cat-souliers-de-travail","9":"product_cat-souliers-de-travail-femme","10":"product_tag-electric-shock-resistant","11":"product_tag-femme","12":"product_tag-sole-protection","13":"product_tag-souliers-de-travail","15":"first","16":"instock","17":"taxable","18":"shipping-taxable","19":"purchasable","20":"product-type-variable"},"yoast_head":"<!-- This site is optimized with the Yoast SEO plugin v25.3.1 - https:\/\/yoast.com\/wordpress\/plugins\/seo\/ -->\n<title>Soulier de travail Taja - 3084BK - Le Magasin Industriel<\/title>\n<meta name=\"description\" content=\"Soulier de travail Taja - 3084BK un style sportif con\u00e7u pour les milieux de travail exigeants, embout de s\u00e9curit\u00e9 en acier\" \/>\n<meta name=\"robots\" content=\"index, follow, max-snippet:-1, max-image-preview:large, max-video-preview:-1\" \/>\n<link rel=\"canonical\" href=\"https:\/\/autravail.ca\/en\/product\/soulier-de-travail-taja-3084bk\/\" \/>\n<meta property=\"og:locale\" content=\"en_US\" \/>\n<meta property=\"og:type\" content=\"article\" \/>\n<meta property=\"og:title\" content=\"Soulier de travail Taja - 3084BK - Le Magasin Industriel\" \/>\n<meta property=\"og:description\" content=\"Soulier de travail Taja - 3084BK un style sportif con\u00e7u pour les milieux de travail exigeants, embout de s\u00e9curit\u00e9 en acier\" \/>\n<meta property=\"og:url\" content=\"https:\/\/autravail.ca\/en\/product\/soulier-de-travail-taja-3084bk\/\" \/>\n<meta property=\"og:site_name\" content=\"Le Magasin Industriel\" \/>\n<meta property=\"article:publisher\" content=\"https:\/\/www.facebook.com\/lemagasinindustriel\/?locale=fr_FR\" \/>\n<meta property=\"article:modified_time\" content=\"2026-04-03T15:31:44+00:00\" \/>\n<meta property=\"og:image\" content=\"https:\/\/autravail.ca\/wp-content\/uploads\/2025\/05\/3084BK_A01.jpg\" \/>\n\t<meta property=\"og:image:width\" content=\"1000\" \/>\n\t<meta property=\"og:image:height\" content=\"1000\" \/>\n\t<meta property=\"og:image:type\" content=\"image\/jpeg\" \/>\n<meta name=\"twitter:card\" content=\"summary_large_image\" \/>\n<meta name=\"twitter:label1\" content=\"Est. reading time\" \/>\n\t<meta name=\"twitter:data1\" content=\"2 minutes\" \/>\n<script type=\"application\/ld+json\" class=\"yoast-schema-graph\">{\"@context\":\"https:\/\/schema.org\",\"@graph\":[{\"@type\":\"WebPage\",\"@id\":\"https:\/\/autravail.ca\/product\/soulier-de-travail-taja-3084bk\/\",\"url\":\"https:\/\/autravail.ca\/product\/soulier-de-travail-taja-3084bk\/\",\"name\":\"Soulier de travail Taja - 3084BK - Le Magasin Industriel\",\"isPartOf\":{\"@id\":\"https:\/\/autravail.ca\/#website\"},\"primaryImageOfPage\":{\"@id\":\"https:\/\/autravail.ca\/product\/soulier-de-travail-taja-3084bk\/#primaryimage\"},\"image\":{\"@id\":\"https:\/\/autravail.ca\/product\/soulier-de-travail-taja-3084bk\/#primaryimage\"},\"thumbnailUrl\":\"https:\/\/autravail.ca\/wp-content\/uploads\/2025\/05\/3084BK_A01.jpg\",\"datePublished\":\"2025-05-08T06:18:57+00:00\",\"dateModified\":\"2026-04-03T15:31:44+00:00\",\"description\":\"Soulier de travail Taja - 3084BK un style sportif con\u00e7u pour les milieux de travail exigeants, embout de s\u00e9curit\u00e9 en acier\",\"breadcrumb\":{\"@id\":\"https:\/\/autravail.ca\/product\/soulier-de-travail-taja-3084bk\/#breadcrumb\"},\"inLanguage\":\"en-CA\",\"potentialAction\":[{\"@type\":\"ReadAction\",\"target\":[\"https:\/\/autravail.ca\/product\/soulier-de-travail-taja-3084bk\/\"]}]},{\"@type\":\"ImageObject\",\"inLanguage\":\"en-CA\",\"@id\":\"https:\/\/autravail.ca\/product\/soulier-de-travail-taja-3084bk\/#primaryimage\",\"url\":\"https:\/\/autravail.ca\/wp-content\/uploads\/2025\/05\/3084BK_A01.jpg\",\"contentUrl\":\"https:\/\/autravail.ca\/wp-content\/uploads\/2025\/05\/3084BK_A01.jpg\",\"width\":1000,\"height\":1000,\"caption\":\"Soulier de travail Taja - 3084BK\"},{\"@type\":\"BreadcrumbList\",\"@id\":\"https:\/\/autravail.ca\/product\/soulier-de-travail-taja-3084bk\/#breadcrumb\",\"itemListElement\":[{\"@type\":\"ListItem\",\"position\":1,\"name\":\"Accueil\",\"item\":\"https:\/\/autravail.ca\/\"},{\"@type\":\"ListItem\",\"position\":2,\"name\":\"Magasin\",\"item\":\"https:\/\/autravail.ca\/en\/shop\/\"},{\"@type\":\"ListItem\",\"position\":3,\"name\":\"Soulier de travail Taja &#8211; 3084BK\"}]},{\"@type\":\"WebSite\",\"@id\":\"https:\/\/autravail.ca\/#website\",\"url\":\"https:\/\/autravail.ca\/\",\"name\":\"Le Magasin Industriel\",\"description\":\"50 ans de tradition de s\u00e9curit\u00e9 au travail\",\"publisher\":{\"@id\":\"https:\/\/autravail.ca\/#organization\"},\"potentialAction\":[{\"@type\":\"SearchAction\",\"target\":{\"@type\":\"EntryPoint\",\"urlTemplate\":\"https:\/\/autravail.ca\/?s={search_term_string}\"},\"query-input\":{\"@type\":\"PropertyValueSpecification\",\"valueRequired\":true,\"valueName\":\"search_term_string\"}}],\"inLanguage\":\"en-CA\"},{\"@type\":\"Organization\",\"@id\":\"https:\/\/autravail.ca\/#organization\",\"name\":\"Le Magasin Industriel\",\"url\":\"https:\/\/autravail.ca\/\",\"logo\":{\"@type\":\"ImageObject\",\"inLanguage\":\"en-CA\",\"@id\":\"https:\/\/autravail.ca\/#\/schema\/logo\/image\/\",\"url\":\"https:\/\/autravail.ca\/wp-content\/uploads\/2025\/05\/cropped-magasin_industriel_120x.avif\",\"contentUrl\":\"https:\/\/autravail.ca\/wp-content\/uploads\/2025\/05\/cropped-magasin_industriel_120x.avif\",\"width\":120,\"height\":24,\"caption\":\"Le Magasin Industriel\"},\"image\":{\"@id\":\"https:\/\/autravail.ca\/#\/schema\/logo\/image\/\"},\"sameAs\":[\"https:\/\/www.facebook.com\/lemagasinindustriel\/?locale=fr_FR\"]}]}<\/script>\n<!-- \/ Yoast SEO plugin. -->","yoast_head_json":{"title":"Soulier de travail Taja - 3084BK - Le Magasin Industriel","description":"Soulier de travail Taja - 3084BK un style sportif con\u00e7u pour les milieux de travail exigeants, embout de s\u00e9curit\u00e9 en acier","robots":{"index":"index","follow":"follow","max-snippet":"max-snippet:-1","max-image-preview":"max-image-preview:large","max-video-preview":"max-video-preview:-1"},"canonical":"https:\/\/autravail.ca\/en\/product\/soulier-de-travail-taja-3084bk\/","og_locale":"en_US","og_type":"article","og_title":"Soulier de travail Taja - 3084BK - Le Magasin Industriel","og_description":"Soulier de travail Taja - 3084BK un style sportif con\u00e7u pour les milieux de travail exigeants, embout de s\u00e9curit\u00e9 en acier","og_url":"https:\/\/autravail.ca\/en\/product\/soulier-de-travail-taja-3084bk\/","og_site_name":"Le Magasin Industriel","article_publisher":"https:\/\/www.facebook.com\/lemagasinindustriel\/?locale=fr_FR","article_modified_time":"2026-04-03T15:31:44+00:00","og_image":[{"width":1000,"height":1000,"url":"https:\/\/autravail.ca\/wp-content\/uploads\/2025\/05\/3084BK_A01.jpg","type":"image\/jpeg"}],"twitter_card":"summary_large_image","twitter_misc":{"Est. reading time":"2 minutes"},"schema":{"@context":"https:\/\/schema.org","@graph":[{"@type":"WebPage","@id":"https:\/\/autravail.ca\/product\/soulier-de-travail-taja-3084bk\/","url":"https:\/\/autravail.ca\/product\/soulier-de-travail-taja-3084bk\/","name":"Soulier de travail Taja - 3084BK - Le Magasin Industriel","isPartOf":{"@id":"https:\/\/autravail.ca\/#website"},"primaryImageOfPage":{"@id":"https:\/\/autravail.ca\/product\/soulier-de-travail-taja-3084bk\/#primaryimage"},"image":{"@id":"https:\/\/autravail.ca\/product\/soulier-de-travail-taja-3084bk\/#primaryimage"},"thumbnailUrl":"https:\/\/autravail.ca\/wp-content\/uploads\/2025\/05\/3084BK_A01.jpg","datePublished":"2025-05-08T06:18:57+00:00","dateModified":"2026-04-03T15:31:44+00:00","description":"Soulier de travail Taja - 3084BK un style sportif con\u00e7u pour les milieux de travail exigeants, embout de s\u00e9curit\u00e9 en acier","breadcrumb":{"@id":"https:\/\/autravail.ca\/product\/soulier-de-travail-taja-3084bk\/#breadcrumb"},"inLanguage":"en-CA","potentialAction":[{"@type":"ReadAction","target":["https:\/\/autravail.ca\/product\/soulier-de-travail-taja-3084bk\/"]}]},{"@type":"ImageObject","inLanguage":"en-CA","@id":"https:\/\/autravail.ca\/product\/soulier-de-travail-taja-3084bk\/#primaryimage","url":"https:\/\/autravail.ca\/wp-content\/uploads\/2025\/05\/3084BK_A01.jpg","contentUrl":"https:\/\/autravail.ca\/wp-content\/uploads\/2025\/05\/3084BK_A01.jpg","width":1000,"height":1000,"caption":"Soulier de travail Taja - 3084BK"},{"@type":"BreadcrumbList","@id":"https:\/\/autravail.ca\/product\/soulier-de-travail-taja-3084bk\/#breadcrumb","itemListElement":[{"@type":"ListItem","position":1,"name":"Accueil","item":"https:\/\/autravail.ca\/"},{"@type":"ListItem","position":2,"name":"Magasin","item":"https:\/\/autravail.ca\/en\/shop\/"},{"@type":"ListItem","position":3,"name":"Soulier de travail Taja &#8211; 3084BK"}]},{"@type":"WebSite","@id":"https:\/\/autravail.ca\/#website","url":"https:\/\/autravail.ca\/","name":"Le Magasin Industriel","description":"50 ans de tradition de s\u00e9curit\u00e9 au travail","publisher":{"@id":"https:\/\/autravail.ca\/#organization"},"potentialAction":[{"@type":"SearchAction","target":{"@type":"EntryPoint","urlTemplate":"https:\/\/autravail.ca\/?s={search_term_string}"},"query-input":{"@type":"PropertyValueSpecification","valueRequired":true,"valueName":"search_term_string"}}],"inLanguage":"en-CA"},{"@type":"Organization","@id":"https:\/\/autravail.ca\/#organization","name":"Le Magasin Industriel","url":"https:\/\/autravail.ca\/","logo":{"@type":"ImageObject","inLanguage":"en-CA","@id":"https:\/\/autravail.ca\/#\/schema\/logo\/image\/","url":"https:\/\/autravail.ca\/wp-content\/uploads\/2025\/05\/cropped-magasin_industriel_120x.avif","contentUrl":"https:\/\/autravail.ca\/wp-content\/uploads\/2025\/05\/cropped-magasin_industriel_120x.avif","width":120,"height":24,"caption":"Le Magasin Industriel"},"image":{"@id":"https:\/\/autravail.ca\/#\/schema\/logo\/image\/"},"sameAs":["https:\/\/www.facebook.com\/lemagasinindustriel\/?locale=fr_FR"]}]}},"jetpack_sharing_enabled":true,"_links":{"self":[{"href":"https:\/\/autravail.ca\/en\/wp-json\/wp\/v2\/product\/26870","targetHints":{"allow":["GET"]}}],"collection":[{"href":"https:\/\/autravail.ca\/en\/wp-json\/wp\/v2\/product"}],"about":[{"href":"https:\/\/autravail.ca\/en\/wp-json\/wp\/v2\/types\/product"}],"replies":[{"embeddable":true,"href":"https:\/\/autravail.ca\/en\/wp-json\/wp\/v2\/comments?post=26870"}],"wp:featuredmedia":[{"embeddable":true,"href":"https:\/\/autravail.ca\/en\/wp-json\/wp\/v2\/media\/9914"}],"wp:attachment":[{"href":"https:\/\/autravail.ca\/en\/wp-json\/wp\/v2\/media?parent=26870"}],"wp:term":[{"taxonomy":"product_cat","embeddable":true,"href":"https:\/\/autravail.ca\/en\/wp-json\/wp\/v2\/product_cat?post=26870"},{"taxonomy":"product_tag","embeddable":true,"href":"https:\/\/autravail.ca\/en\/wp-json\/wp\/v2\/product_tag?post=26870"}],"curies":[{"name":"wp","href":"https:\/\/api.w.org\/{rel}","templated":true}]}}