{"id":26810,"date":"2025-05-08T06:18:33","date_gmt":"2025-05-08T06:18:33","guid":{"rendered":"https:\/\/meteoquebec.ca\/?post_type=product&#038;p=26810"},"modified":"2026-03-31T13:02:54","modified_gmt":"2026-03-31T17:02:54","slug":"botte-de-travail-paladin-r298","status":"publish","type":"product","link":"https:\/\/autravail.ca\/en\/product\/botte-de-travail-paladin-r298\/","title":{"rendered":"Botte de travail Paladin &#8211; R298"},"content":{"rendered":"<h3>Botte de travail Paladin &#8211; R298<\/h3>\n<p>Botte de travail Paladin &#8211; R298 de <a href=\"https:\/\/autravail.ca\/en\/product-brand\/terra\/\">Terra<\/a> avec protection m\u00e9tatarsienne interne est con\u00e7ue avec la technologie XRD\u00ae pour une protection optimale contre les impacts. Elle reste flexible lors des mouvements et se transforme en une barri\u00e8re protectrice ultra-dense en cas d&rsquo;impact. La doublure respirante garde vos pieds au chaud et au sec, tandis que la semelle int\u00e9rieure double densit\u00e9 et la semelle interm\u00e9diaire l\u00e9g\u00e8re assurent un confort optimal tout au long de la journ\u00e9e.<\/p>\n<p><img decoding=\"async\" class=\"alignnone size-full wp-image-40178\" src=\"https:\/\/autravail.ca\/wp-content\/uploads\/2025\/05\/Certification-Omega-Triangle-vert-Metatarse.jpg\" alt=\"Certifications CSA Om\u00e9ga, triangle vert, m\u00e9tatarse\" width=\"300\" height=\"112\" srcset=\"https:\/\/autravail.ca\/wp-content\/uploads\/2025\/05\/Certification-Omega-Triangle-vert-Metatarse.jpg 300w, https:\/\/autravail.ca\/wp-content\/uploads\/2025\/05\/Certification-Omega-Triangle-vert-Metatarse-150x56.jpg 150w, https:\/\/autravail.ca\/wp-content\/uploads\/2025\/05\/Certification-Omega-Triangle-vert-Metatarse-18x7.jpg 18w\" sizes=\"(max-width: 300px) 100vw, 300px\" \/><\/p>\n<h6>Characteristics:<\/h6>\n<ul>\n<li><span dir=\"auto\"><span dir=\"auto\">Tige en cuir pleine fleur imperm\u00e9able \u00e0 coutures \u00e9tanches<\/span><\/span><\/li>\n<li><span dir=\"auto\"><span dir=\"auto\">Ports de col exclusifs \u00e0 enfiler<\/span><\/span><\/li>\n<li><span dir=\"auto\"><span dir=\"auto\">Doublure a\u00e9rodynamique \u00e9vacuant l&rsquo;humidit\u00e9 et r\u00e9sistante \u00e0 l&rsquo;abrasion<\/span><\/span><\/li>\n<li><span dir=\"auto\"><span dir=\"auto\">Isolation Thinsulate\u2122 200 g et traitement anti-odeurs CLEANFEET\u00ae<\/span><\/span><\/li>\n<li><span dir=\"auto\"><span dir=\"auto\">Protection m\u00e9tatarsienne interne XRD\u00ae<\/span><\/span><\/li>\n<li><span dir=\"auto\"><span dir=\"auto\">Semelle ext\u00e9rieure en caoutchouc antid\u00e9rapante \u00e0 haute adh\u00e9rence et anti-FOD<\/span><\/span><\/li>\n<li><span dir=\"auto\"><span dir=\"auto\">Semelle interm\u00e9diaire en PU inject\u00e9 directement, absorbant les chocs, et pare-chocs avant en PU<\/span><\/span><\/li>\n<li><span dir=\"auto\"><span dir=\"auto\">Semelle int\u00e9rieure FOOTBED\u00ae en PU double densit\u00e9 de qualit\u00e9 sup\u00e9rieure<\/span><\/span><\/li>\n<li><span dir=\"auto\"><span dir=\"auto\">Embout de s\u00e9curit\u00e9 composite homologu\u00e9 CSA, plaque composite, ESR, prot\u00e8ge-m\u00e9tacarpien<\/span><\/span><\/li>\n<li><span dir=\"auto\"><span dir=\"auto\">TERRA FIRMA-FLEX\u00ae \u2013 100 % sans m\u00e9tal<\/span><\/span><\/li>\n<li><span dir=\"auto\"><span dir=\"auto\">Poids : 1038 grammes \/ 2,29 livres par botte de pointure 9<\/span><\/span><\/li>\n<\/ul>\n<p><em><span style=\"color: #fa0b0b;\">Unisex U.S. men's sizes presented. To convert to U.S. women's size, add 2 sizes. Example: 5 U.S. men = 7 U.S. women<\/span><\/em><\/p>\n<p><img decoding=\"async\" class=\"alignnone wp-image-40620\" src=\"https:\/\/autravail.ca\/wp-content\/uploads\/2025\/09\/Jachete-quebec-et-canada.jpg\" alt=\"Logo de l'achat local\" width=\"162\" height=\"139\" \/>Merci d&rsquo;encourager une entreprise 100% d&rsquo;ici!<\/p>\n<p>TS2603H<\/p>","protected":false},"excerpt":{"rendered":"<p>Botte de travail Paladin &#8211; R298 Botte de travail Paladin &#8211; R298 de Terra avec protection m\u00e9tatarsienne interne est con\u00e7ue avec la technologie XRD\u00ae pour une protection optimale contre les impacts. Elle reste flexible lors des mouvements et se transforme en une barri\u00e8re protectrice ultra-dense en cas d&rsquo;impact. La doublure respirante garde vos pieds au [&hellip;]<\/p>","protected":false},"featured_media":9849,"comment_status":"open","ping_status":"closed","template":"","meta":[],"product_cat":[602],"product_tag":[265,252,255,242,253],"class_list":{"0":"post-26810","1":"product","2":"type-product","3":"status-publish","4":"has-post-thumbnail","6":"product_brand-terra","7":"product_cat-hommes","8":"product_tag-chaussures-specialisees","9":"product_tag-electric-shock-resistant","10":"product_tag-femme","11":"product_tag-homme","12":"product_tag-sole-protection","14":"first","15":"instock","16":"taxable","17":"shipping-taxable","18":"purchasable","19":"product-type-variable"},"yoast_head":"<!-- This site is optimized with the Yoast SEO plugin v25.3.1 - https:\/\/yoast.com\/wordpress\/plugins\/seo\/ -->\n<title>Botte de travail Paladin - R298 - Le Magasin Industriel<\/title>\n<meta name=\"description\" content=\"Botte de travail Paladin - R298 Paladin avec protection m\u00e9tatarsienne interne, flexible, barri\u00e8re protectrice ultra-dense en cas d&#039;impact\" \/>\n<meta name=\"robots\" content=\"index, follow, max-snippet:-1, max-image-preview:large, max-video-preview:-1\" \/>\n<link rel=\"canonical\" href=\"https:\/\/autravail.ca\/en\/product\/botte-de-travail-paladin-r298\/\" \/>\n<meta property=\"og:locale\" content=\"en_US\" \/>\n<meta property=\"og:type\" content=\"article\" \/>\n<meta property=\"og:title\" content=\"Botte de travail Paladin - R298 - Le Magasin Industriel\" \/>\n<meta property=\"og:description\" content=\"Botte de travail Paladin - R298 Paladin avec protection m\u00e9tatarsienne interne, flexible, barri\u00e8re protectrice ultra-dense en cas d&#039;impact\" \/>\n<meta property=\"og:url\" content=\"https:\/\/autravail.ca\/en\/product\/botte-de-travail-paladin-r298\/\" \/>\n<meta property=\"og:site_name\" content=\"Le Magasin Industriel\" \/>\n<meta property=\"article:publisher\" content=\"https:\/\/www.facebook.com\/lemagasinindustriel\/?locale=fr_FR\" \/>\n<meta property=\"article:modified_time\" content=\"2026-03-31T17:02:54+00:00\" \/>\n<meta property=\"og:image\" content=\"https:\/\/autravail.ca\/wp-content\/uploads\/2025\/05\/R2988B_A01.jpg\" \/>\n\t<meta property=\"og:image:width\" content=\"1000\" \/>\n\t<meta property=\"og:image:height\" content=\"1000\" \/>\n\t<meta property=\"og:image:type\" content=\"image\/jpeg\" \/>\n<meta name=\"twitter:card\" content=\"summary_large_image\" \/>\n<meta name=\"twitter:label1\" content=\"Est. reading time\" \/>\n\t<meta name=\"twitter:data1\" content=\"2 minutes\" \/>\n<script type=\"application\/ld+json\" class=\"yoast-schema-graph\">{\"@context\":\"https:\/\/schema.org\",\"@graph\":[{\"@type\":\"WebPage\",\"@id\":\"https:\/\/autravail.ca\/product\/botte-de-travail-paladin-r298\/\",\"url\":\"https:\/\/autravail.ca\/product\/botte-de-travail-paladin-r298\/\",\"name\":\"Botte de travail Paladin - R298 - Le Magasin Industriel\",\"isPartOf\":{\"@id\":\"https:\/\/autravail.ca\/#website\"},\"primaryImageOfPage\":{\"@id\":\"https:\/\/autravail.ca\/product\/botte-de-travail-paladin-r298\/#primaryimage\"},\"image\":{\"@id\":\"https:\/\/autravail.ca\/product\/botte-de-travail-paladin-r298\/#primaryimage\"},\"thumbnailUrl\":\"https:\/\/autravail.ca\/wp-content\/uploads\/2025\/05\/R2988B_A01.jpg\",\"datePublished\":\"2025-05-08T06:18:33+00:00\",\"dateModified\":\"2026-03-31T17:02:54+00:00\",\"description\":\"Botte de travail Paladin - R298 Paladin avec protection m\u00e9tatarsienne interne, flexible, barri\u00e8re protectrice ultra-dense en cas d'impact\",\"breadcrumb\":{\"@id\":\"https:\/\/autravail.ca\/product\/botte-de-travail-paladin-r298\/#breadcrumb\"},\"inLanguage\":\"en-CA\",\"potentialAction\":[{\"@type\":\"ReadAction\",\"target\":[\"https:\/\/autravail.ca\/product\/botte-de-travail-paladin-r298\/\"]}]},{\"@type\":\"ImageObject\",\"inLanguage\":\"en-CA\",\"@id\":\"https:\/\/autravail.ca\/product\/botte-de-travail-paladin-r298\/#primaryimage\",\"url\":\"https:\/\/autravail.ca\/wp-content\/uploads\/2025\/05\/R2988B_A01.jpg\",\"contentUrl\":\"https:\/\/autravail.ca\/wp-content\/uploads\/2025\/05\/R2988B_A01.jpg\",\"width\":1000,\"height\":1000,\"caption\":\"Botte de travail Paladin - R298\"},{\"@type\":\"BreadcrumbList\",\"@id\":\"https:\/\/autravail.ca\/product\/botte-de-travail-paladin-r298\/#breadcrumb\",\"itemListElement\":[{\"@type\":\"ListItem\",\"position\":1,\"name\":\"Accueil\",\"item\":\"https:\/\/autravail.ca\/\"},{\"@type\":\"ListItem\",\"position\":2,\"name\":\"Magasin\",\"item\":\"https:\/\/autravail.ca\/en\/shop\/\"},{\"@type\":\"ListItem\",\"position\":3,\"name\":\"Botte de travail Paladin &#8211; R298\"}]},{\"@type\":\"WebSite\",\"@id\":\"https:\/\/autravail.ca\/#website\",\"url\":\"https:\/\/autravail.ca\/\",\"name\":\"Le Magasin Industriel\",\"description\":\"50 ans de tradition de s\u00e9curit\u00e9 au travail\",\"publisher\":{\"@id\":\"https:\/\/autravail.ca\/#organization\"},\"potentialAction\":[{\"@type\":\"SearchAction\",\"target\":{\"@type\":\"EntryPoint\",\"urlTemplate\":\"https:\/\/autravail.ca\/?s={search_term_string}\"},\"query-input\":{\"@type\":\"PropertyValueSpecification\",\"valueRequired\":true,\"valueName\":\"search_term_string\"}}],\"inLanguage\":\"en-CA\"},{\"@type\":\"Organization\",\"@id\":\"https:\/\/autravail.ca\/#organization\",\"name\":\"Le Magasin Industriel\",\"url\":\"https:\/\/autravail.ca\/\",\"logo\":{\"@type\":\"ImageObject\",\"inLanguage\":\"en-CA\",\"@id\":\"https:\/\/autravail.ca\/#\/schema\/logo\/image\/\",\"url\":\"https:\/\/autravail.ca\/wp-content\/uploads\/2025\/05\/cropped-magasin_industriel_120x.avif\",\"contentUrl\":\"https:\/\/autravail.ca\/wp-content\/uploads\/2025\/05\/cropped-magasin_industriel_120x.avif\",\"width\":120,\"height\":24,\"caption\":\"Le Magasin Industriel\"},\"image\":{\"@id\":\"https:\/\/autravail.ca\/#\/schema\/logo\/image\/\"},\"sameAs\":[\"https:\/\/www.facebook.com\/lemagasinindustriel\/?locale=fr_FR\"]}]}<\/script>\n<!-- \/ Yoast SEO plugin. -->","yoast_head_json":{"title":"Botte de travail Paladin - R298 - Le Magasin Industriel","description":"Botte de travail Paladin - R298 Paladin avec protection m\u00e9tatarsienne interne, flexible, barri\u00e8re protectrice ultra-dense en cas d'impact","robots":{"index":"index","follow":"follow","max-snippet":"max-snippet:-1","max-image-preview":"max-image-preview:large","max-video-preview":"max-video-preview:-1"},"canonical":"https:\/\/autravail.ca\/en\/product\/botte-de-travail-paladin-r298\/","og_locale":"en_US","og_type":"article","og_title":"Botte de travail Paladin - R298 - Le Magasin Industriel","og_description":"Botte de travail Paladin - R298 Paladin avec protection m\u00e9tatarsienne interne, flexible, barri\u00e8re protectrice ultra-dense en cas d'impact","og_url":"https:\/\/autravail.ca\/en\/product\/botte-de-travail-paladin-r298\/","og_site_name":"Le Magasin Industriel","article_publisher":"https:\/\/www.facebook.com\/lemagasinindustriel\/?locale=fr_FR","article_modified_time":"2026-03-31T17:02:54+00:00","og_image":[{"width":1000,"height":1000,"url":"https:\/\/autravail.ca\/wp-content\/uploads\/2025\/05\/R2988B_A01.jpg","type":"image\/jpeg"}],"twitter_card":"summary_large_image","twitter_misc":{"Est. reading time":"2 minutes"},"schema":{"@context":"https:\/\/schema.org","@graph":[{"@type":"WebPage","@id":"https:\/\/autravail.ca\/product\/botte-de-travail-paladin-r298\/","url":"https:\/\/autravail.ca\/product\/botte-de-travail-paladin-r298\/","name":"Botte de travail Paladin - R298 - Le Magasin Industriel","isPartOf":{"@id":"https:\/\/autravail.ca\/#website"},"primaryImageOfPage":{"@id":"https:\/\/autravail.ca\/product\/botte-de-travail-paladin-r298\/#primaryimage"},"image":{"@id":"https:\/\/autravail.ca\/product\/botte-de-travail-paladin-r298\/#primaryimage"},"thumbnailUrl":"https:\/\/autravail.ca\/wp-content\/uploads\/2025\/05\/R2988B_A01.jpg","datePublished":"2025-05-08T06:18:33+00:00","dateModified":"2026-03-31T17:02:54+00:00","description":"Botte de travail Paladin - R298 Paladin avec protection m\u00e9tatarsienne interne, flexible, barri\u00e8re protectrice ultra-dense en cas d'impact","breadcrumb":{"@id":"https:\/\/autravail.ca\/product\/botte-de-travail-paladin-r298\/#breadcrumb"},"inLanguage":"en-CA","potentialAction":[{"@type":"ReadAction","target":["https:\/\/autravail.ca\/product\/botte-de-travail-paladin-r298\/"]}]},{"@type":"ImageObject","inLanguage":"en-CA","@id":"https:\/\/autravail.ca\/product\/botte-de-travail-paladin-r298\/#primaryimage","url":"https:\/\/autravail.ca\/wp-content\/uploads\/2025\/05\/R2988B_A01.jpg","contentUrl":"https:\/\/autravail.ca\/wp-content\/uploads\/2025\/05\/R2988B_A01.jpg","width":1000,"height":1000,"caption":"Botte de travail Paladin - R298"},{"@type":"BreadcrumbList","@id":"https:\/\/autravail.ca\/product\/botte-de-travail-paladin-r298\/#breadcrumb","itemListElement":[{"@type":"ListItem","position":1,"name":"Accueil","item":"https:\/\/autravail.ca\/"},{"@type":"ListItem","position":2,"name":"Magasin","item":"https:\/\/autravail.ca\/en\/shop\/"},{"@type":"ListItem","position":3,"name":"Botte de travail Paladin &#8211; R298"}]},{"@type":"WebSite","@id":"https:\/\/autravail.ca\/#website","url":"https:\/\/autravail.ca\/","name":"Le Magasin Industriel","description":"50 ans de tradition de s\u00e9curit\u00e9 au travail","publisher":{"@id":"https:\/\/autravail.ca\/#organization"},"potentialAction":[{"@type":"SearchAction","target":{"@type":"EntryPoint","urlTemplate":"https:\/\/autravail.ca\/?s={search_term_string}"},"query-input":{"@type":"PropertyValueSpecification","valueRequired":true,"valueName":"search_term_string"}}],"inLanguage":"en-CA"},{"@type":"Organization","@id":"https:\/\/autravail.ca\/#organization","name":"Le Magasin Industriel","url":"https:\/\/autravail.ca\/","logo":{"@type":"ImageObject","inLanguage":"en-CA","@id":"https:\/\/autravail.ca\/#\/schema\/logo\/image\/","url":"https:\/\/autravail.ca\/wp-content\/uploads\/2025\/05\/cropped-magasin_industriel_120x.avif","contentUrl":"https:\/\/autravail.ca\/wp-content\/uploads\/2025\/05\/cropped-magasin_industriel_120x.avif","width":120,"height":24,"caption":"Le Magasin Industriel"},"image":{"@id":"https:\/\/autravail.ca\/#\/schema\/logo\/image\/"},"sameAs":["https:\/\/www.facebook.com\/lemagasinindustriel\/?locale=fr_FR"]}]}},"jetpack_sharing_enabled":true,"_links":{"self":[{"href":"https:\/\/autravail.ca\/en\/wp-json\/wp\/v2\/product\/26810","targetHints":{"allow":["GET"]}}],"collection":[{"href":"https:\/\/autravail.ca\/en\/wp-json\/wp\/v2\/product"}],"about":[{"href":"https:\/\/autravail.ca\/en\/wp-json\/wp\/v2\/types\/product"}],"replies":[{"embeddable":true,"href":"https:\/\/autravail.ca\/en\/wp-json\/wp\/v2\/comments?post=26810"}],"wp:featuredmedia":[{"embeddable":true,"href":"https:\/\/autravail.ca\/en\/wp-json\/wp\/v2\/media\/9849"}],"wp:attachment":[{"href":"https:\/\/autravail.ca\/en\/wp-json\/wp\/v2\/media?parent=26810"}],"wp:term":[{"taxonomy":"product_cat","embeddable":true,"href":"https:\/\/autravail.ca\/en\/wp-json\/wp\/v2\/product_cat?post=26810"},{"taxonomy":"product_tag","embeddable":true,"href":"https:\/\/autravail.ca\/en\/wp-json\/wp\/v2\/product_tag?post=26810"}],"curies":[{"name":"wp","href":"https:\/\/api.w.org\/{rel}","templated":true}]}}