{"id":26781,"date":"2025-05-08T06:18:23","date_gmt":"2025-05-08T06:18:23","guid":{"rendered":"https:\/\/meteoquebec.ca\/?post_type=product&#038;p=26781"},"modified":"2026-03-31T12:21:04","modified_gmt":"2026-03-31T16:21:04","slug":"botte-de-travail-argo-2975bk","status":"publish","type":"product","link":"https:\/\/autravail.ca\/en\/product\/botte-de-travail-argo-2975bk\/","title":{"rendered":"Botte de travail Argo &#8211; 2975BK"},"content":{"rendered":"<h3>Botte de travail Argo &#8211; 2975BK<\/h3>\n<p>Botte de travail Argo &#8211; 2975BK de <a href=\"https:\/\/autravail.ca\/en\/product-brand\/terra\/\">Terra<\/a> est con\u00e7ues pour les travailleurs du b\u00e2timent et les artisans, ces bottes de travail robustes en cuir assurent confort et protection tout au long de la journ\u00e9e. Leur doublure respirante \u00e9vacue la transpiration et garde les pieds au sec, tandis que la technologie CLEANFEET\u00ae les maintient au frais. L&rsquo;isolation Thinsulate\u2122 de 200 grammes garde les orteils au chaud sans les faire transpirer. Dot\u00e9es d&rsquo;un amorti performant, ces bottes offrent un confort et un soutien exceptionnels, m\u00eame lors de longues journ\u00e9es debout.<\/p>\n<p><img decoding=\"async\" class=\"alignnone size-full wp-image-40117\" src=\"https:\/\/autravail.ca\/wp-content\/uploads\/2025\/09\/Certification-Omega-Triangle-vert.jpg\" alt=\"Certifications Om\u00e9ga Triangle vert\" width=\"193\" height=\"110\" srcset=\"https:\/\/autravail.ca\/wp-content\/uploads\/2025\/09\/Certification-Omega-Triangle-vert.jpg 193w, https:\/\/autravail.ca\/wp-content\/uploads\/2025\/09\/Certification-Omega-Triangle-vert-150x85.jpg 150w, https:\/\/autravail.ca\/wp-content\/uploads\/2025\/09\/Certification-Omega-Triangle-vert-18x10.jpg 18w\" sizes=\"(max-width: 193px) 100vw, 193px\" \/><\/p>\n<h6>Characteristics:<\/h6>\n<ul>\n<li><span dir=\"auto\">Tige en cuir pleine fleur imperm\u00e9able \u00e0 coutures \u00e9tanches<\/span><\/li>\n<li><span dir=\"auto\">Ports de col exclusifs \u00e0 enfiler<\/span><\/li>\n<li><span dir=\"auto\">Doublure a\u00e9rodynamique \u00e9vacuant l&rsquo;humidit\u00e9 et r\u00e9sistante \u00e0 l&rsquo;abrasion<\/span><\/li>\n<li><span dir=\"auto\">Isolation Thinsulate\u2122 200 g et traitement anti-odeurs CLEANFEET\u00ae<\/span><\/li>\n<li><span dir=\"auto\">Semelle ext\u00e9rieure en caoutchouc antid\u00e9rapante \u00e0 haute adh\u00e9rence et anti-FOD<\/span><\/li>\n<li><span dir=\"auto\">Semelle interm\u00e9diaire en PU inject\u00e9 directement, absorbant les chocs, et pare-chocs avant en PU<\/span><\/li>\n<li><span dir=\"auto\">Semelle int\u00e9rieure FOOTBED\u00ae en PU double densit\u00e9 de qualit\u00e9 sup\u00e9rieure<\/span><\/li>\n<li><span dir=\"auto\">Embout de s\u00e9curit\u00e9 composite homologu\u00e9 CSA, plaque composite, ESR<\/span><\/li>\n<li><span dir=\"auto\">TERRA FIRMA-FLEX\u00ae \u2013 100 % sans m\u00e9tal<\/span><\/li>\n<li><span dir=\"auto\">Poids : 905 grammes \/ 2 livres par botte de pointure 9<\/span><\/li>\n<\/ul>\n<p><strong><em>Possible slight additional delivery delay for this model.<\/em><\/strong><\/p>\n<p><em><span style=\"color: #fa0b0b;\">Unisex U.S. men's sizes presented. To convert to U.S. women's size, add 2 sizes. Example: 5 U.S. men = 7 U.S. women<\/span><\/em><\/p>\n<p><img decoding=\"async\" class=\"alignnone wp-image-40620\" src=\"https:\/\/autravail.ca\/wp-content\/uploads\/2025\/09\/Jachete-quebec-et-canada.jpg\" alt=\"Logo de l'achat local\" width=\"162\" height=\"139\" \/>Merci d&rsquo;encourager une entreprise 100% d&rsquo;ici!<\/p>\n<p>TS2603H<\/p>","protected":false},"excerpt":{"rendered":"<p>Botte de travail Argo &#8211; 2975BK Botte de travail Argo &#8211; 2975BK de Terra est con\u00e7ues pour les travailleurs du b\u00e2timent et les artisans, ces bottes de travail robustes en cuir assurent confort et protection tout au long de la journ\u00e9e. Leur doublure respirante \u00e9vacue la transpiration et garde les pieds au sec, tandis que [&hellip;]<\/p>","protected":false},"featured_media":9823,"comment_status":"open","ping_status":"closed","template":"","meta":[],"product_cat":[613,805,602,848],"product_tag":[251,252,242,261,253],"class_list":{"0":"post-26781","1":"product","2":"type-product","3":"status-publish","4":"has-post-thumbnail","6":"product_brand-terra","7":"product_cat-bottes-de-travail","8":"product_cat-bottes-de-travail-homme","9":"product_cat-hommes","10":"product_cat-top-choix-des-travailleurs","11":"product_tag-bottes-de-travail","12":"product_tag-electric-shock-resistant","13":"product_tag-homme","14":"product_tag-novago","15":"product_tag-sole-protection","17":"first","18":"instock","19":"taxable","20":"shipping-taxable","21":"purchasable","22":"product-type-variable"},"yoast_head":"<!-- This site is optimized with the Yoast SEO plugin v25.3.1 - https:\/\/yoast.com\/wordpress\/plugins\/seo\/ -->\n<title>Botte de travail Argo - 2975BK - Le Magasin Industriel<\/title>\n<meta name=\"description\" content=\"Botte de travail Argo - 2975BK con\u00e7ues pour les travailleurs du b\u00e2timent et les artisans, ces bottes de travail robustes en cuir\" \/>\n<meta name=\"robots\" content=\"index, follow, max-snippet:-1, max-image-preview:large, max-video-preview:-1\" \/>\n<link rel=\"canonical\" href=\"https:\/\/autravail.ca\/en\/product\/botte-de-travail-argo-2975bk\/\" \/>\n<meta property=\"og:locale\" content=\"en_US\" \/>\n<meta property=\"og:type\" content=\"article\" \/>\n<meta property=\"og:title\" content=\"Botte de travail Argo - 2975BK - Le Magasin Industriel\" \/>\n<meta property=\"og:description\" content=\"Botte de travail Argo - 2975BK con\u00e7ues pour les travailleurs du b\u00e2timent et les artisans, ces bottes de travail robustes en cuir\" \/>\n<meta property=\"og:url\" content=\"https:\/\/autravail.ca\/en\/product\/botte-de-travail-argo-2975bk\/\" \/>\n<meta property=\"og:site_name\" content=\"Le Magasin Industriel\" \/>\n<meta property=\"article:publisher\" content=\"https:\/\/www.facebook.com\/lemagasinindustriel\/?locale=fr_FR\" \/>\n<meta property=\"article:modified_time\" content=\"2026-03-31T16:21:04+00:00\" \/>\n<meta property=\"og:image\" content=\"https:\/\/autravail.ca\/wp-content\/uploads\/2025\/05\/2975BK_A01.jpg\" \/>\n\t<meta property=\"og:image:width\" content=\"1000\" \/>\n\t<meta property=\"og:image:height\" content=\"1000\" \/>\n\t<meta property=\"og:image:type\" content=\"image\/jpeg\" \/>\n<meta name=\"twitter:card\" content=\"summary_large_image\" \/>\n<meta name=\"twitter:label1\" content=\"Est. reading time\" \/>\n\t<meta name=\"twitter:data1\" content=\"2 minutes\" \/>\n<script type=\"application\/ld+json\" class=\"yoast-schema-graph\">{\"@context\":\"https:\/\/schema.org\",\"@graph\":[{\"@type\":\"WebPage\",\"@id\":\"https:\/\/autravail.ca\/product\/botte-de-travail-argo-2975bk\/\",\"url\":\"https:\/\/autravail.ca\/product\/botte-de-travail-argo-2975bk\/\",\"name\":\"Botte de travail Argo - 2975BK - Le Magasin Industriel\",\"isPartOf\":{\"@id\":\"https:\/\/autravail.ca\/#website\"},\"primaryImageOfPage\":{\"@id\":\"https:\/\/autravail.ca\/product\/botte-de-travail-argo-2975bk\/#primaryimage\"},\"image\":{\"@id\":\"https:\/\/autravail.ca\/product\/botte-de-travail-argo-2975bk\/#primaryimage\"},\"thumbnailUrl\":\"https:\/\/autravail.ca\/wp-content\/uploads\/2025\/05\/2975BK_A01.jpg\",\"datePublished\":\"2025-05-08T06:18:23+00:00\",\"dateModified\":\"2026-03-31T16:21:04+00:00\",\"description\":\"Botte de travail Argo - 2975BK con\u00e7ues pour les travailleurs du b\u00e2timent et les artisans, ces bottes de travail robustes en cuir\",\"breadcrumb\":{\"@id\":\"https:\/\/autravail.ca\/product\/botte-de-travail-argo-2975bk\/#breadcrumb\"},\"inLanguage\":\"en-CA\",\"potentialAction\":[{\"@type\":\"ReadAction\",\"target\":[\"https:\/\/autravail.ca\/product\/botte-de-travail-argo-2975bk\/\"]}]},{\"@type\":\"ImageObject\",\"inLanguage\":\"en-CA\",\"@id\":\"https:\/\/autravail.ca\/product\/botte-de-travail-argo-2975bk\/#primaryimage\",\"url\":\"https:\/\/autravail.ca\/wp-content\/uploads\/2025\/05\/2975BK_A01.jpg\",\"contentUrl\":\"https:\/\/autravail.ca\/wp-content\/uploads\/2025\/05\/2975BK_A01.jpg\",\"width\":1000,\"height\":1000,\"caption\":\"Botte de travail Argo - 2975BK\"},{\"@type\":\"BreadcrumbList\",\"@id\":\"https:\/\/autravail.ca\/product\/botte-de-travail-argo-2975bk\/#breadcrumb\",\"itemListElement\":[{\"@type\":\"ListItem\",\"position\":1,\"name\":\"Accueil\",\"item\":\"https:\/\/autravail.ca\/\"},{\"@type\":\"ListItem\",\"position\":2,\"name\":\"Magasin\",\"item\":\"https:\/\/autravail.ca\/en\/shop\/\"},{\"@type\":\"ListItem\",\"position\":3,\"name\":\"Botte de travail Argo &#8211; 2975BK\"}]},{\"@type\":\"WebSite\",\"@id\":\"https:\/\/autravail.ca\/#website\",\"url\":\"https:\/\/autravail.ca\/\",\"name\":\"Le Magasin Industriel\",\"description\":\"50 ans de tradition de s\u00e9curit\u00e9 au travail\",\"publisher\":{\"@id\":\"https:\/\/autravail.ca\/#organization\"},\"potentialAction\":[{\"@type\":\"SearchAction\",\"target\":{\"@type\":\"EntryPoint\",\"urlTemplate\":\"https:\/\/autravail.ca\/?s={search_term_string}\"},\"query-input\":{\"@type\":\"PropertyValueSpecification\",\"valueRequired\":true,\"valueName\":\"search_term_string\"}}],\"inLanguage\":\"en-CA\"},{\"@type\":\"Organization\",\"@id\":\"https:\/\/autravail.ca\/#organization\",\"name\":\"Le Magasin Industriel\",\"url\":\"https:\/\/autravail.ca\/\",\"logo\":{\"@type\":\"ImageObject\",\"inLanguage\":\"en-CA\",\"@id\":\"https:\/\/autravail.ca\/#\/schema\/logo\/image\/\",\"url\":\"https:\/\/autravail.ca\/wp-content\/uploads\/2025\/05\/cropped-magasin_industriel_120x.avif\",\"contentUrl\":\"https:\/\/autravail.ca\/wp-content\/uploads\/2025\/05\/cropped-magasin_industriel_120x.avif\",\"width\":120,\"height\":24,\"caption\":\"Le Magasin Industriel\"},\"image\":{\"@id\":\"https:\/\/autravail.ca\/#\/schema\/logo\/image\/\"},\"sameAs\":[\"https:\/\/www.facebook.com\/lemagasinindustriel\/?locale=fr_FR\"]}]}<\/script>\n<!-- \/ Yoast SEO plugin. -->","yoast_head_json":{"title":"Botte de travail Argo - 2975BK - Le Magasin Industriel","description":"Botte de travail Argo - 2975BK con\u00e7ues pour les travailleurs du b\u00e2timent et les artisans, ces bottes de travail robustes en cuir","robots":{"index":"index","follow":"follow","max-snippet":"max-snippet:-1","max-image-preview":"max-image-preview:large","max-video-preview":"max-video-preview:-1"},"canonical":"https:\/\/autravail.ca\/en\/product\/botte-de-travail-argo-2975bk\/","og_locale":"en_US","og_type":"article","og_title":"Botte de travail Argo - 2975BK - Le Magasin Industriel","og_description":"Botte de travail Argo - 2975BK con\u00e7ues pour les travailleurs du b\u00e2timent et les artisans, ces bottes de travail robustes en cuir","og_url":"https:\/\/autravail.ca\/en\/product\/botte-de-travail-argo-2975bk\/","og_site_name":"Le Magasin Industriel","article_publisher":"https:\/\/www.facebook.com\/lemagasinindustriel\/?locale=fr_FR","article_modified_time":"2026-03-31T16:21:04+00:00","og_image":[{"width":1000,"height":1000,"url":"https:\/\/autravail.ca\/wp-content\/uploads\/2025\/05\/2975BK_A01.jpg","type":"image\/jpeg"}],"twitter_card":"summary_large_image","twitter_misc":{"Est. reading time":"2 minutes"},"schema":{"@context":"https:\/\/schema.org","@graph":[{"@type":"WebPage","@id":"https:\/\/autravail.ca\/product\/botte-de-travail-argo-2975bk\/","url":"https:\/\/autravail.ca\/product\/botte-de-travail-argo-2975bk\/","name":"Botte de travail Argo - 2975BK - Le Magasin Industriel","isPartOf":{"@id":"https:\/\/autravail.ca\/#website"},"primaryImageOfPage":{"@id":"https:\/\/autravail.ca\/product\/botte-de-travail-argo-2975bk\/#primaryimage"},"image":{"@id":"https:\/\/autravail.ca\/product\/botte-de-travail-argo-2975bk\/#primaryimage"},"thumbnailUrl":"https:\/\/autravail.ca\/wp-content\/uploads\/2025\/05\/2975BK_A01.jpg","datePublished":"2025-05-08T06:18:23+00:00","dateModified":"2026-03-31T16:21:04+00:00","description":"Botte de travail Argo - 2975BK con\u00e7ues pour les travailleurs du b\u00e2timent et les artisans, ces bottes de travail robustes en cuir","breadcrumb":{"@id":"https:\/\/autravail.ca\/product\/botte-de-travail-argo-2975bk\/#breadcrumb"},"inLanguage":"en-CA","potentialAction":[{"@type":"ReadAction","target":["https:\/\/autravail.ca\/product\/botte-de-travail-argo-2975bk\/"]}]},{"@type":"ImageObject","inLanguage":"en-CA","@id":"https:\/\/autravail.ca\/product\/botte-de-travail-argo-2975bk\/#primaryimage","url":"https:\/\/autravail.ca\/wp-content\/uploads\/2025\/05\/2975BK_A01.jpg","contentUrl":"https:\/\/autravail.ca\/wp-content\/uploads\/2025\/05\/2975BK_A01.jpg","width":1000,"height":1000,"caption":"Botte de travail Argo - 2975BK"},{"@type":"BreadcrumbList","@id":"https:\/\/autravail.ca\/product\/botte-de-travail-argo-2975bk\/#breadcrumb","itemListElement":[{"@type":"ListItem","position":1,"name":"Accueil","item":"https:\/\/autravail.ca\/"},{"@type":"ListItem","position":2,"name":"Magasin","item":"https:\/\/autravail.ca\/en\/shop\/"},{"@type":"ListItem","position":3,"name":"Botte de travail Argo &#8211; 2975BK"}]},{"@type":"WebSite","@id":"https:\/\/autravail.ca\/#website","url":"https:\/\/autravail.ca\/","name":"Le Magasin Industriel","description":"50 ans de tradition de s\u00e9curit\u00e9 au travail","publisher":{"@id":"https:\/\/autravail.ca\/#organization"},"potentialAction":[{"@type":"SearchAction","target":{"@type":"EntryPoint","urlTemplate":"https:\/\/autravail.ca\/?s={search_term_string}"},"query-input":{"@type":"PropertyValueSpecification","valueRequired":true,"valueName":"search_term_string"}}],"inLanguage":"en-CA"},{"@type":"Organization","@id":"https:\/\/autravail.ca\/#organization","name":"Le Magasin Industriel","url":"https:\/\/autravail.ca\/","logo":{"@type":"ImageObject","inLanguage":"en-CA","@id":"https:\/\/autravail.ca\/#\/schema\/logo\/image\/","url":"https:\/\/autravail.ca\/wp-content\/uploads\/2025\/05\/cropped-magasin_industriel_120x.avif","contentUrl":"https:\/\/autravail.ca\/wp-content\/uploads\/2025\/05\/cropped-magasin_industriel_120x.avif","width":120,"height":24,"caption":"Le Magasin Industriel"},"image":{"@id":"https:\/\/autravail.ca\/#\/schema\/logo\/image\/"},"sameAs":["https:\/\/www.facebook.com\/lemagasinindustriel\/?locale=fr_FR"]}]}},"jetpack_sharing_enabled":true,"_links":{"self":[{"href":"https:\/\/autravail.ca\/en\/wp-json\/wp\/v2\/product\/26781","targetHints":{"allow":["GET"]}}],"collection":[{"href":"https:\/\/autravail.ca\/en\/wp-json\/wp\/v2\/product"}],"about":[{"href":"https:\/\/autravail.ca\/en\/wp-json\/wp\/v2\/types\/product"}],"replies":[{"embeddable":true,"href":"https:\/\/autravail.ca\/en\/wp-json\/wp\/v2\/comments?post=26781"}],"wp:featuredmedia":[{"embeddable":true,"href":"https:\/\/autravail.ca\/en\/wp-json\/wp\/v2\/media\/9823"}],"wp:attachment":[{"href":"https:\/\/autravail.ca\/en\/wp-json\/wp\/v2\/media?parent=26781"}],"wp:term":[{"taxonomy":"product_cat","embeddable":true,"href":"https:\/\/autravail.ca\/en\/wp-json\/wp\/v2\/product_cat?post=26781"},{"taxonomy":"product_tag","embeddable":true,"href":"https:\/\/autravail.ca\/en\/wp-json\/wp\/v2\/product_tag?post=26781"}],"curies":[{"name":"wp","href":"https:\/\/api.w.org\/{rel}","templated":true}]}}