{"id":26750,"date":"2025-05-08T06:18:13","date_gmt":"2025-05-08T06:18:13","guid":{"rendered":"https:\/\/meteoquebec.ca\/?post_type=product&#038;p=26750"},"modified":"2026-04-16T15:51:42","modified_gmt":"2026-04-16T19:51:42","slug":"pantalon-de-travail-2947","status":"publish","type":"product","link":"https:\/\/autravail.ca\/en\/product\/pantalon-de-travail-2947\/","title":{"rendered":"Pantalon de travail &#8211; 2947"},"content":{"rendered":"<h3>Pantalon de travail &#8211; 2947<\/h3>\n<p>Pantalon de travail &#8211; 2947 de <a href=\"https:\/\/autravail.ca\/en\/product-brand\/big-bill\/\">Big Bill<\/a>. Incarnant l&rsquo;h\u00e9ritage d&rsquo;Eastern Township, le pantalon de travail 2947\u2122 repr\u00e9sente un mariage embl\u00e9matique entre tradition et innovation. Confectionn\u00e9 dans le tissu le plus r\u00e9sistant et le plus l\u00e9ger du march\u00e9, ce pantalon offre une durabilit\u00e9 et un confort in\u00e9gal\u00e9s. Sa robustesse s&rsquo;accompagne d&rsquo;une respirabilit\u00e9 exceptionnelle, ce qui en fait le choix id\u00e9al pour les t\u00e2ches exigeantes. Que vous recherchiez un mod\u00e8le classique, h\u00e9ritier de l&rsquo;histoire d&rsquo;Eastern Township, ou le pantalon de travail confectionn\u00e9 dans le tissu le plus durable et le plus l\u00e9ger, le 2947\u2122 r\u00e9pond \u00e0 toutes vos attentes.<\/p>\n<p>Characteristics:<\/p>\n<ul>\n<li><span dir=\"auto\">S\u00e9chage rapide et d\u00e9tachage<\/span><\/li>\n<li><span dir=\"auto\">Taille basse pour plus de confort<\/span><\/li>\n<li>Ce tissu est trait\u00e9 pour le\u00a0<strong class=\"Yjhzub\" data-sfc-cb=\"\" data-complete=\"true\">d\u00e9blocage des taches<\/strong>\u00a0(<em class=\"eujQNb\" data-sfc-cb=\"\" data-complete=\"true\">stain release<\/em>), ce qui est essentiel pour les m\u00e9tiers salissants comme la m\u00e9canique ou la maintenance<\/li>\n<li><span dir=\"auto\">Presse permanente<\/span><\/li>\n<li><span dir=\"auto\">Fermeture \u00e9clair en laiton et agrafe sur le devant<\/span><\/li>\n<li><span dir=\"auto\">2 poches avant renforc\u00e9es<\/span><\/li>\n<li><span dir=\"auto\">Deux poches passepoil\u00e9es arri\u00e8re avec fermeture \u00e0 boucle et bouton sur le c\u00f4t\u00e9 gauche<\/span><\/li>\n<li><span dir=\"auto\">Fil haute r\u00e9sistance<\/span><\/li>\n<li><span dir=\"auto\">Points d&rsquo;arr\u00eat renforc\u00e9s \u00e0 tous les points de tension<\/span><\/li>\n<li><span dir=\"auto\">Entretien\u00a0: Lavage industriel<\/span><\/li>\n<li>Serg\u00e9 7,5 oz, 65 % polyester \/ 35 % coton<\/li>\n<li>Fabriqu\u00e9 au Canada<\/li>\n<\/ul>\n<p><img decoding=\"async\" class=\"alignnone wp-image-40620\" src=\"https:\/\/autravail.ca\/wp-content\/uploads\/2025\/09\/Jachete-quebec-et-canada.jpg\" alt=\"Logo de l'achat local\" width=\"162\" height=\"139\" \/>Merci d&rsquo;encourager une entreprise 100% d&rsquo;ici!<\/p>\n<p>TS2602H<\/p>","protected":false},"excerpt":{"rendered":"<p>Pantalon de travail &#8211; 2947 Pantalon de travail &#8211; 2947 de Big Bill. Incarnant l&rsquo;h\u00e9ritage d&rsquo;Eastern Township, le pantalon de travail 2947\u2122 repr\u00e9sente un mariage embl\u00e9matique entre tradition et innovation. Confectionn\u00e9 dans le tissu le plus r\u00e9sistant et le plus l\u00e9ger du march\u00e9, ce pantalon offre une durabilit\u00e9 et un confort in\u00e9gal\u00e9s. Sa robustesse s&rsquo;accompagne [&hellip;]<\/p>","protected":false},"featured_media":45378,"comment_status":"open","ping_status":"closed","template":"","meta":[],"product_cat":[599,602,665,604],"product_tag":[242,243],"class_list":{"0":"post-26750","1":"product","2":"type-product","3":"status-publish","4":"has-post-thumbnail","6":"product_brand-big-bill","7":"product_cat-apparel-accessories","8":"product_cat-hommes","9":"product_cat-pantalons","10":"product_cat-vetements-de-travail","11":"product_tag-homme","12":"product_tag-pantalons","14":"first","15":"instock","16":"taxable","17":"shipping-taxable","18":"purchasable","19":"product-type-variable"},"yoast_head":"<!-- This site is optimized with the Yoast SEO plugin v25.3.1 - https:\/\/yoast.com\/wordpress\/plugins\/seo\/ -->\n<title>Pantalon de travail - 2947 - Le Magasin Industriel<\/title>\n<meta name=\"description\" content=\"Pantalon de travail - 2947 confectionn\u00e9 dans le tissu le plus r\u00e9sistant et le plus l\u00e9ger du march\u00e9. Fabriqu\u00e9 au Canada. S\u00e9chage rapide\" \/>\n<meta name=\"robots\" content=\"index, follow, max-snippet:-1, max-image-preview:large, max-video-preview:-1\" \/>\n<link rel=\"canonical\" href=\"https:\/\/autravail.ca\/en\/product\/pantalon-de-travail-2947\/\" \/>\n<meta property=\"og:locale\" content=\"en_US\" \/>\n<meta property=\"og:type\" content=\"article\" \/>\n<meta property=\"og:title\" content=\"Pantalon de travail - 2947 - Le Magasin Industriel\" \/>\n<meta property=\"og:description\" content=\"Pantalon de travail - 2947 confectionn\u00e9 dans le tissu le plus r\u00e9sistant et le plus l\u00e9ger du march\u00e9. Fabriqu\u00e9 au Canada. S\u00e9chage rapide\" \/>\n<meta property=\"og:url\" content=\"https:\/\/autravail.ca\/en\/product\/pantalon-de-travail-2947\/\" \/>\n<meta property=\"og:site_name\" content=\"Le Magasin Industriel\" \/>\n<meta property=\"article:publisher\" content=\"https:\/\/www.facebook.com\/lemagasinindustriel\/?locale=fr_FR\" \/>\n<meta property=\"article:modified_time\" content=\"2026-04-16T19:51:42+00:00\" \/>\n<meta property=\"og:image\" content=\"https:\/\/autravail.ca\/wp-content\/uploads\/2025\/05\/2947_A01.jpg\" \/>\n\t<meta property=\"og:image:width\" content=\"1000\" \/>\n\t<meta property=\"og:image:height\" content=\"1000\" \/>\n\t<meta property=\"og:image:type\" content=\"image\/jpeg\" \/>\n<meta name=\"twitter:card\" content=\"summary_large_image\" \/>\n<meta name=\"twitter:label1\" content=\"Est. reading time\" \/>\n\t<meta name=\"twitter:data1\" content=\"2 minutes\" \/>\n<script type=\"application\/ld+json\" class=\"yoast-schema-graph\">{\"@context\":\"https:\/\/schema.org\",\"@graph\":[{\"@type\":\"WebPage\",\"@id\":\"https:\/\/autravail.ca\/product\/pantalon-de-travail-2947\/\",\"url\":\"https:\/\/autravail.ca\/product\/pantalon-de-travail-2947\/\",\"name\":\"Pantalon de travail - 2947 - Le Magasin Industriel\",\"isPartOf\":{\"@id\":\"https:\/\/autravail.ca\/#website\"},\"primaryImageOfPage\":{\"@id\":\"https:\/\/autravail.ca\/product\/pantalon-de-travail-2947\/#primaryimage\"},\"image\":{\"@id\":\"https:\/\/autravail.ca\/product\/pantalon-de-travail-2947\/#primaryimage\"},\"thumbnailUrl\":\"https:\/\/autravail.ca\/wp-content\/uploads\/2025\/05\/2947_A01.jpg\",\"datePublished\":\"2025-05-08T06:18:13+00:00\",\"dateModified\":\"2026-04-16T19:51:42+00:00\",\"description\":\"Pantalon de travail - 2947 confectionn\u00e9 dans le tissu le plus r\u00e9sistant et le plus l\u00e9ger du march\u00e9. Fabriqu\u00e9 au Canada. S\u00e9chage rapide\",\"breadcrumb\":{\"@id\":\"https:\/\/autravail.ca\/product\/pantalon-de-travail-2947\/#breadcrumb\"},\"inLanguage\":\"en-CA\",\"potentialAction\":[{\"@type\":\"ReadAction\",\"target\":[\"https:\/\/autravail.ca\/product\/pantalon-de-travail-2947\/\"]}]},{\"@type\":\"ImageObject\",\"inLanguage\":\"en-CA\",\"@id\":\"https:\/\/autravail.ca\/product\/pantalon-de-travail-2947\/#primaryimage\",\"url\":\"https:\/\/autravail.ca\/wp-content\/uploads\/2025\/05\/2947_A01.jpg\",\"contentUrl\":\"https:\/\/autravail.ca\/wp-content\/uploads\/2025\/05\/2947_A01.jpg\",\"width\":1000,\"height\":1000,\"caption\":\"Pantalon de travail - 2947\"},{\"@type\":\"BreadcrumbList\",\"@id\":\"https:\/\/autravail.ca\/product\/pantalon-de-travail-2947\/#breadcrumb\",\"itemListElement\":[{\"@type\":\"ListItem\",\"position\":1,\"name\":\"Accueil\",\"item\":\"https:\/\/autravail.ca\/\"},{\"@type\":\"ListItem\",\"position\":2,\"name\":\"Magasin\",\"item\":\"https:\/\/autravail.ca\/en\/shop\/\"},{\"@type\":\"ListItem\",\"position\":3,\"name\":\"Pantalon de travail &#8211; 2947\"}]},{\"@type\":\"WebSite\",\"@id\":\"https:\/\/autravail.ca\/#website\",\"url\":\"https:\/\/autravail.ca\/\",\"name\":\"Le Magasin Industriel\",\"description\":\"50 ans de tradition de s\u00e9curit\u00e9 au travail\",\"publisher\":{\"@id\":\"https:\/\/autravail.ca\/#organization\"},\"potentialAction\":[{\"@type\":\"SearchAction\",\"target\":{\"@type\":\"EntryPoint\",\"urlTemplate\":\"https:\/\/autravail.ca\/?s={search_term_string}\"},\"query-input\":{\"@type\":\"PropertyValueSpecification\",\"valueRequired\":true,\"valueName\":\"search_term_string\"}}],\"inLanguage\":\"en-CA\"},{\"@type\":\"Organization\",\"@id\":\"https:\/\/autravail.ca\/#organization\",\"name\":\"Le Magasin Industriel\",\"url\":\"https:\/\/autravail.ca\/\",\"logo\":{\"@type\":\"ImageObject\",\"inLanguage\":\"en-CA\",\"@id\":\"https:\/\/autravail.ca\/#\/schema\/logo\/image\/\",\"url\":\"https:\/\/autravail.ca\/wp-content\/uploads\/2025\/05\/cropped-magasin_industriel_120x.avif\",\"contentUrl\":\"https:\/\/autravail.ca\/wp-content\/uploads\/2025\/05\/cropped-magasin_industriel_120x.avif\",\"width\":120,\"height\":24,\"caption\":\"Le Magasin Industriel\"},\"image\":{\"@id\":\"https:\/\/autravail.ca\/#\/schema\/logo\/image\/\"},\"sameAs\":[\"https:\/\/www.facebook.com\/lemagasinindustriel\/?locale=fr_FR\"]}]}<\/script>\n<!-- \/ Yoast SEO plugin. -->","yoast_head_json":{"title":"Pantalon de travail - 2947 - Le Magasin Industriel","description":"Pantalon de travail - 2947 confectionn\u00e9 dans le tissu le plus r\u00e9sistant et le plus l\u00e9ger du march\u00e9. Fabriqu\u00e9 au Canada. S\u00e9chage rapide","robots":{"index":"index","follow":"follow","max-snippet":"max-snippet:-1","max-image-preview":"max-image-preview:large","max-video-preview":"max-video-preview:-1"},"canonical":"https:\/\/autravail.ca\/en\/product\/pantalon-de-travail-2947\/","og_locale":"en_US","og_type":"article","og_title":"Pantalon de travail - 2947 - Le Magasin Industriel","og_description":"Pantalon de travail - 2947 confectionn\u00e9 dans le tissu le plus r\u00e9sistant et le plus l\u00e9ger du march\u00e9. Fabriqu\u00e9 au Canada. S\u00e9chage rapide","og_url":"https:\/\/autravail.ca\/en\/product\/pantalon-de-travail-2947\/","og_site_name":"Le Magasin Industriel","article_publisher":"https:\/\/www.facebook.com\/lemagasinindustriel\/?locale=fr_FR","article_modified_time":"2026-04-16T19:51:42+00:00","og_image":[{"width":1000,"height":1000,"url":"https:\/\/autravail.ca\/wp-content\/uploads\/2025\/05\/2947_A01.jpg","type":"image\/jpeg"}],"twitter_card":"summary_large_image","twitter_misc":{"Est. reading time":"2 minutes"},"schema":{"@context":"https:\/\/schema.org","@graph":[{"@type":"WebPage","@id":"https:\/\/autravail.ca\/product\/pantalon-de-travail-2947\/","url":"https:\/\/autravail.ca\/product\/pantalon-de-travail-2947\/","name":"Pantalon de travail - 2947 - Le Magasin Industriel","isPartOf":{"@id":"https:\/\/autravail.ca\/#website"},"primaryImageOfPage":{"@id":"https:\/\/autravail.ca\/product\/pantalon-de-travail-2947\/#primaryimage"},"image":{"@id":"https:\/\/autravail.ca\/product\/pantalon-de-travail-2947\/#primaryimage"},"thumbnailUrl":"https:\/\/autravail.ca\/wp-content\/uploads\/2025\/05\/2947_A01.jpg","datePublished":"2025-05-08T06:18:13+00:00","dateModified":"2026-04-16T19:51:42+00:00","description":"Pantalon de travail - 2947 confectionn\u00e9 dans le tissu le plus r\u00e9sistant et le plus l\u00e9ger du march\u00e9. Fabriqu\u00e9 au Canada. S\u00e9chage rapide","breadcrumb":{"@id":"https:\/\/autravail.ca\/product\/pantalon-de-travail-2947\/#breadcrumb"},"inLanguage":"en-CA","potentialAction":[{"@type":"ReadAction","target":["https:\/\/autravail.ca\/product\/pantalon-de-travail-2947\/"]}]},{"@type":"ImageObject","inLanguage":"en-CA","@id":"https:\/\/autravail.ca\/product\/pantalon-de-travail-2947\/#primaryimage","url":"https:\/\/autravail.ca\/wp-content\/uploads\/2025\/05\/2947_A01.jpg","contentUrl":"https:\/\/autravail.ca\/wp-content\/uploads\/2025\/05\/2947_A01.jpg","width":1000,"height":1000,"caption":"Pantalon de travail - 2947"},{"@type":"BreadcrumbList","@id":"https:\/\/autravail.ca\/product\/pantalon-de-travail-2947\/#breadcrumb","itemListElement":[{"@type":"ListItem","position":1,"name":"Accueil","item":"https:\/\/autravail.ca\/"},{"@type":"ListItem","position":2,"name":"Magasin","item":"https:\/\/autravail.ca\/en\/shop\/"},{"@type":"ListItem","position":3,"name":"Pantalon de travail &#8211; 2947"}]},{"@type":"WebSite","@id":"https:\/\/autravail.ca\/#website","url":"https:\/\/autravail.ca\/","name":"Le Magasin Industriel","description":"50 ans de tradition de s\u00e9curit\u00e9 au travail","publisher":{"@id":"https:\/\/autravail.ca\/#organization"},"potentialAction":[{"@type":"SearchAction","target":{"@type":"EntryPoint","urlTemplate":"https:\/\/autravail.ca\/?s={search_term_string}"},"query-input":{"@type":"PropertyValueSpecification","valueRequired":true,"valueName":"search_term_string"}}],"inLanguage":"en-CA"},{"@type":"Organization","@id":"https:\/\/autravail.ca\/#organization","name":"Le Magasin Industriel","url":"https:\/\/autravail.ca\/","logo":{"@type":"ImageObject","inLanguage":"en-CA","@id":"https:\/\/autravail.ca\/#\/schema\/logo\/image\/","url":"https:\/\/autravail.ca\/wp-content\/uploads\/2025\/05\/cropped-magasin_industriel_120x.avif","contentUrl":"https:\/\/autravail.ca\/wp-content\/uploads\/2025\/05\/cropped-magasin_industriel_120x.avif","width":120,"height":24,"caption":"Le Magasin Industriel"},"image":{"@id":"https:\/\/autravail.ca\/#\/schema\/logo\/image\/"},"sameAs":["https:\/\/www.facebook.com\/lemagasinindustriel\/?locale=fr_FR"]}]}},"jetpack_sharing_enabled":true,"_links":{"self":[{"href":"https:\/\/autravail.ca\/en\/wp-json\/wp\/v2\/product\/26750","targetHints":{"allow":["GET"]}}],"collection":[{"href":"https:\/\/autravail.ca\/en\/wp-json\/wp\/v2\/product"}],"about":[{"href":"https:\/\/autravail.ca\/en\/wp-json\/wp\/v2\/types\/product"}],"replies":[{"embeddable":true,"href":"https:\/\/autravail.ca\/en\/wp-json\/wp\/v2\/comments?post=26750"}],"wp:featuredmedia":[{"embeddable":true,"href":"https:\/\/autravail.ca\/en\/wp-json\/wp\/v2\/media\/45378"}],"wp:attachment":[{"href":"https:\/\/autravail.ca\/en\/wp-json\/wp\/v2\/media?parent=26750"}],"wp:term":[{"taxonomy":"product_cat","embeddable":true,"href":"https:\/\/autravail.ca\/en\/wp-json\/wp\/v2\/product_cat?post=26750"},{"taxonomy":"product_tag","embeddable":true,"href":"https:\/\/autravail.ca\/en\/wp-json\/wp\/v2\/product_tag?post=26750"}],"curies":[{"name":"wp","href":"https:\/\/api.w.org\/{rel}","templated":true}]}}