{"id":26720,"date":"2025-05-08T06:18:03","date_gmt":"2025-05-08T06:18:03","guid":{"rendered":"https:\/\/meteoquebec.ca\/?post_type=product&#038;p=26720"},"modified":"2025-12-05T05:11:47","modified_gmt":"2025-12-05T09:11:47","slug":"2947-pantalon-de-travail","status":"publish","type":"product","link":"https:\/\/autravail.ca\/en\/product\/2947-pantalon-de-travail\/","title":{"rendered":"2947 - WORK PANTS"},"content":{"rendered":"<p>2947 LABOUR PANTALON (SIZE) \u2013 Big Bill<\/p>\n<p>Twill 7.5 oz 65% polyester, 35% cotton, precooked. <br \/> Long-lasting 'Vat' dye <br \/> \u2022 Low height. <br \/> Permanent pressing <br \/> \u2022 Jeans. <br \/> \u2022 Brass zipper with belt staple. <br \/> \u2022 Belt lined with the same color as the pants. <br \/> \u2022 Big Bill\u00ae woven label on the belt. <br \/> \u2022 7 wide ganses. <br \/> \u2022 Watch pocket. <br \/> \u2022 2 front pockets, double bottom. <br \/> \u2022 2 Reece\u00ae back pockets with ganse and button closure on left pocket. <br \/> High tensile strength thread <br \/> Strength accent points reinforced. <br \/> \u2022 Weight: 0.47 kg\/1.034 lb.<\/p>","protected":false},"excerpt":{"rendered":"<p>2947 WORK PANTS (SIZE SMALL) - Big Bill  Twill 7.5 oz 65% polyester, 35% cotton, pre-shrunk.  'Vat' long-lasting dye.  Size small.  Permanent press.  Jeans-style waistband.  Zipper fly with belt loop.  Doubled belt same color as the pants.  Label [...]<\/p>","protected":false},"featured_media":9731,"comment_status":"open","ping_status":"closed","template":"","meta":[],"product_cat":[599,602,665,604],"product_tag":[242,243],"class_list":{"0":"post-26720","1":"product","2":"type-product","3":"status-publish","4":"has-post-thumbnail","6":"product_brand-big-bill","7":"product_cat-apparel-accessories","8":"product_cat-hommes","9":"product_cat-pantalons","10":"product_cat-vetements-de-travail","11":"product_tag-homme","12":"product_tag-pantalons","14":"first","15":"instock","16":"sale","17":"taxable","18":"shipping-taxable","19":"purchasable","20":"product-type-variable"},"yoast_head":"<!-- This site is optimized with the Yoast SEO plugin v25.3.1 - https:\/\/yoast.com\/wordpress\/plugins\/seo\/ -->\n<title>2947 - PANTALON DE TRAVAIL - Le Magasin Industriel<\/title>\n<meta name=\"robots\" content=\"index, follow, max-snippet:-1, max-image-preview:large, max-video-preview:-1\" \/>\n<link rel=\"canonical\" href=\"https:\/\/autravail.ca\/en\/product\/2947-pantalon-de-travail\/\" \/>\n<meta property=\"og:locale\" content=\"en_US\" \/>\n<meta property=\"og:type\" content=\"article\" \/>\n<meta property=\"og:title\" content=\"2947 - PANTALON DE TRAVAIL - Le Magasin Industriel\" \/>\n<meta property=\"og:description\" content=\"2947 PANTALON DE TRAVAIL (TAILLE BASSE) &#8211; Big Bill \u2022 \u201cTwill\u201d 7.5 oz 65% polyester, 35% coton, pr\u00e9cuit. \u2022 Teinture \u201cVat\u201d longue dur\u00e9e. \u2022 Taille basse. \u2022 Pressage permanent. \u2022 Braguette de type \u201cJeans\u201d. \u2022 Fermeture \u00e0 glissi\u00e8re en laiton avec agrafe \u00e0 la ceinture. \u2022 Ceinture doubl\u00e9e m\u00eame couleur que le pantalon. \u2022 \u00c9tiquette [&hellip;]\" \/>\n<meta property=\"og:url\" content=\"https:\/\/autravail.ca\/en\/product\/2947-pantalon-de-travail\/\" \/>\n<meta property=\"og:site_name\" content=\"Le Magasin Industriel\" \/>\n<meta property=\"article:publisher\" content=\"https:\/\/www.facebook.com\/lemagasinindustriel\/?locale=fr_FR\" \/>\n<meta property=\"article:modified_time\" content=\"2025-12-05T09:11:47+00:00\" \/>\n<meta property=\"og:image\" content=\"https:\/\/autravail.ca\/wp-content\/uploads\/2025\/05\/2947_CHA_A01.jpg\" \/>\n\t<meta property=\"og:image:width\" content=\"1000\" \/>\n\t<meta property=\"og:image:height\" content=\"1000\" \/>\n\t<meta property=\"og:image:type\" content=\"image\/jpeg\" \/>\n<meta name=\"twitter:card\" content=\"summary_large_image\" \/>\n<script type=\"application\/ld+json\" class=\"yoast-schema-graph\">{\"@context\":\"https:\/\/schema.org\",\"@graph\":[{\"@type\":\"WebPage\",\"@id\":\"https:\/\/autravail.ca\/product\/2947-pantalon-de-travail\/\",\"url\":\"https:\/\/autravail.ca\/product\/2947-pantalon-de-travail\/\",\"name\":\"2947 - PANTALON DE TRAVAIL - Le Magasin Industriel\",\"isPartOf\":{\"@id\":\"https:\/\/autravail.ca\/#website\"},\"primaryImageOfPage\":{\"@id\":\"https:\/\/autravail.ca\/product\/2947-pantalon-de-travail\/#primaryimage\"},\"image\":{\"@id\":\"https:\/\/autravail.ca\/product\/2947-pantalon-de-travail\/#primaryimage\"},\"thumbnailUrl\":\"https:\/\/autravail.ca\/wp-content\/uploads\/2025\/05\/2947_CHA_A01.jpg\",\"datePublished\":\"2025-05-08T06:18:03+00:00\",\"dateModified\":\"2025-12-05T09:11:47+00:00\",\"breadcrumb\":{\"@id\":\"https:\/\/autravail.ca\/product\/2947-pantalon-de-travail\/#breadcrumb\"},\"inLanguage\":\"en-CA\",\"potentialAction\":[{\"@type\":\"ReadAction\",\"target\":[\"https:\/\/autravail.ca\/product\/2947-pantalon-de-travail\/\"]}]},{\"@type\":\"ImageObject\",\"inLanguage\":\"en-CA\",\"@id\":\"https:\/\/autravail.ca\/product\/2947-pantalon-de-travail\/#primaryimage\",\"url\":\"https:\/\/autravail.ca\/wp-content\/uploads\/2025\/05\/2947_CHA_A01.jpg\",\"contentUrl\":\"https:\/\/autravail.ca\/wp-content\/uploads\/2025\/05\/2947_CHA_A01.jpg\",\"width\":1000,\"height\":1000},{\"@type\":\"BreadcrumbList\",\"@id\":\"https:\/\/autravail.ca\/product\/2947-pantalon-de-travail\/#breadcrumb\",\"itemListElement\":[{\"@type\":\"ListItem\",\"position\":1,\"name\":\"Accueil\",\"item\":\"https:\/\/autravail.ca\/\"},{\"@type\":\"ListItem\",\"position\":2,\"name\":\"Magasin\",\"item\":\"https:\/\/autravail.ca\/en\/shop\/\"},{\"@type\":\"ListItem\",\"position\":3,\"name\":\"2947 &#8211; PANTALON DE TRAVAIL\"}]},{\"@type\":\"WebSite\",\"@id\":\"https:\/\/autravail.ca\/#website\",\"url\":\"https:\/\/autravail.ca\/\",\"name\":\"Le Magasin Industriel\",\"description\":\"50 ans de tradition de s\u00e9curit\u00e9 au travail\",\"publisher\":{\"@id\":\"https:\/\/autravail.ca\/#organization\"},\"potentialAction\":[{\"@type\":\"SearchAction\",\"target\":{\"@type\":\"EntryPoint\",\"urlTemplate\":\"https:\/\/autravail.ca\/?s={search_term_string}\"},\"query-input\":{\"@type\":\"PropertyValueSpecification\",\"valueRequired\":true,\"valueName\":\"search_term_string\"}}],\"inLanguage\":\"en-CA\"},{\"@type\":\"Organization\",\"@id\":\"https:\/\/autravail.ca\/#organization\",\"name\":\"Le Magasin Industriel\",\"url\":\"https:\/\/autravail.ca\/\",\"logo\":{\"@type\":\"ImageObject\",\"inLanguage\":\"en-CA\",\"@id\":\"https:\/\/autravail.ca\/#\/schema\/logo\/image\/\",\"url\":\"https:\/\/autravail.ca\/wp-content\/uploads\/2025\/05\/cropped-magasin_industriel_120x.avif\",\"contentUrl\":\"https:\/\/autravail.ca\/wp-content\/uploads\/2025\/05\/cropped-magasin_industriel_120x.avif\",\"width\":120,\"height\":24,\"caption\":\"Le Magasin Industriel\"},\"image\":{\"@id\":\"https:\/\/autravail.ca\/#\/schema\/logo\/image\/\"},\"sameAs\":[\"https:\/\/www.facebook.com\/lemagasinindustriel\/?locale=fr_FR\"]}]}<\/script>\n<!-- \/ Yoast SEO plugin. -->","yoast_head_json":{"title":"2947 - PANTALON DE TRAVAIL - Le Magasin Industriel","robots":{"index":"index","follow":"follow","max-snippet":"max-snippet:-1","max-image-preview":"max-image-preview:large","max-video-preview":"max-video-preview:-1"},"canonical":"https:\/\/autravail.ca\/en\/product\/2947-pantalon-de-travail\/","og_locale":"en_US","og_type":"article","og_title":"2947 - PANTALON DE TRAVAIL - Le Magasin Industriel","og_description":"2947 PANTALON DE TRAVAIL (TAILLE BASSE) &#8211; Big Bill \u2022 \u201cTwill\u201d 7.5 oz 65% polyester, 35% coton, pr\u00e9cuit. \u2022 Teinture \u201cVat\u201d longue dur\u00e9e. \u2022 Taille basse. \u2022 Pressage permanent. \u2022 Braguette de type \u201cJeans\u201d. \u2022 Fermeture \u00e0 glissi\u00e8re en laiton avec agrafe \u00e0 la ceinture. \u2022 Ceinture doubl\u00e9e m\u00eame couleur que le pantalon. \u2022 \u00c9tiquette [&hellip;]","og_url":"https:\/\/autravail.ca\/en\/product\/2947-pantalon-de-travail\/","og_site_name":"Le Magasin Industriel","article_publisher":"https:\/\/www.facebook.com\/lemagasinindustriel\/?locale=fr_FR","article_modified_time":"2025-12-05T09:11:47+00:00","og_image":[{"width":1000,"height":1000,"url":"https:\/\/autravail.ca\/wp-content\/uploads\/2025\/05\/2947_CHA_A01.jpg","type":"image\/jpeg"}],"twitter_card":"summary_large_image","schema":{"@context":"https:\/\/schema.org","@graph":[{"@type":"WebPage","@id":"https:\/\/autravail.ca\/product\/2947-pantalon-de-travail\/","url":"https:\/\/autravail.ca\/product\/2947-pantalon-de-travail\/","name":"2947 - PANTALON DE TRAVAIL - Le Magasin Industriel","isPartOf":{"@id":"https:\/\/autravail.ca\/#website"},"primaryImageOfPage":{"@id":"https:\/\/autravail.ca\/product\/2947-pantalon-de-travail\/#primaryimage"},"image":{"@id":"https:\/\/autravail.ca\/product\/2947-pantalon-de-travail\/#primaryimage"},"thumbnailUrl":"https:\/\/autravail.ca\/wp-content\/uploads\/2025\/05\/2947_CHA_A01.jpg","datePublished":"2025-05-08T06:18:03+00:00","dateModified":"2025-12-05T09:11:47+00:00","breadcrumb":{"@id":"https:\/\/autravail.ca\/product\/2947-pantalon-de-travail\/#breadcrumb"},"inLanguage":"en-CA","potentialAction":[{"@type":"ReadAction","target":["https:\/\/autravail.ca\/product\/2947-pantalon-de-travail\/"]}]},{"@type":"ImageObject","inLanguage":"en-CA","@id":"https:\/\/autravail.ca\/product\/2947-pantalon-de-travail\/#primaryimage","url":"https:\/\/autravail.ca\/wp-content\/uploads\/2025\/05\/2947_CHA_A01.jpg","contentUrl":"https:\/\/autravail.ca\/wp-content\/uploads\/2025\/05\/2947_CHA_A01.jpg","width":1000,"height":1000},{"@type":"BreadcrumbList","@id":"https:\/\/autravail.ca\/product\/2947-pantalon-de-travail\/#breadcrumb","itemListElement":[{"@type":"ListItem","position":1,"name":"Accueil","item":"https:\/\/autravail.ca\/"},{"@type":"ListItem","position":2,"name":"Magasin","item":"https:\/\/autravail.ca\/en\/shop\/"},{"@type":"ListItem","position":3,"name":"2947 &#8211; PANTALON DE TRAVAIL"}]},{"@type":"WebSite","@id":"https:\/\/autravail.ca\/#website","url":"https:\/\/autravail.ca\/","name":"Le Magasin Industriel","description":"50 ans de tradition de s\u00e9curit\u00e9 au travail","publisher":{"@id":"https:\/\/autravail.ca\/#organization"},"potentialAction":[{"@type":"SearchAction","target":{"@type":"EntryPoint","urlTemplate":"https:\/\/autravail.ca\/?s={search_term_string}"},"query-input":{"@type":"PropertyValueSpecification","valueRequired":true,"valueName":"search_term_string"}}],"inLanguage":"en-CA"},{"@type":"Organization","@id":"https:\/\/autravail.ca\/#organization","name":"Le Magasin Industriel","url":"https:\/\/autravail.ca\/","logo":{"@type":"ImageObject","inLanguage":"en-CA","@id":"https:\/\/autravail.ca\/#\/schema\/logo\/image\/","url":"https:\/\/autravail.ca\/wp-content\/uploads\/2025\/05\/cropped-magasin_industriel_120x.avif","contentUrl":"https:\/\/autravail.ca\/wp-content\/uploads\/2025\/05\/cropped-magasin_industriel_120x.avif","width":120,"height":24,"caption":"Le Magasin Industriel"},"image":{"@id":"https:\/\/autravail.ca\/#\/schema\/logo\/image\/"},"sameAs":["https:\/\/www.facebook.com\/lemagasinindustriel\/?locale=fr_FR"]}]}},"jetpack_sharing_enabled":true,"_links":{"self":[{"href":"https:\/\/autravail.ca\/en\/wp-json\/wp\/v2\/product\/26720","targetHints":{"allow":["GET"]}}],"collection":[{"href":"https:\/\/autravail.ca\/en\/wp-json\/wp\/v2\/product"}],"about":[{"href":"https:\/\/autravail.ca\/en\/wp-json\/wp\/v2\/types\/product"}],"replies":[{"embeddable":true,"href":"https:\/\/autravail.ca\/en\/wp-json\/wp\/v2\/comments?post=26720"}],"wp:featuredmedia":[{"embeddable":true,"href":"https:\/\/autravail.ca\/en\/wp-json\/wp\/v2\/media\/9731"}],"wp:attachment":[{"href":"https:\/\/autravail.ca\/en\/wp-json\/wp\/v2\/media?parent=26720"}],"wp:term":[{"taxonomy":"product_cat","embeddable":true,"href":"https:\/\/autravail.ca\/en\/wp-json\/wp\/v2\/product_cat?post=26720"},{"taxonomy":"product_tag","embeddable":true,"href":"https:\/\/autravail.ca\/en\/wp-json\/wp\/v2\/product_tag?post=26720"}],"curies":[{"name":"wp","href":"https:\/\/api.w.org\/{rel}","templated":true}]}}