{"id":26690,"date":"2025-05-08T06:17:53","date_gmt":"2025-05-08T06:17:53","guid":{"rendered":"https:\/\/meteoquebec.ca\/?post_type=product&#038;p=26690"},"modified":"2026-03-31T12:13:37","modified_gmt":"2026-03-31T16:13:37","slug":"botte-de-travail-baron-2924b","status":"publish","type":"product","link":"https:\/\/autravail.ca\/en\/product\/botte-de-travail-baron-2924b\/","title":{"rendered":"Botte de travail Baron &#8211; 2924B"},"content":{"rendered":"<h3>Botte de travail Baron &#8211; 2924B<\/h3>\n<p>Botte de travail Baron &#8211; 2924B de <a href=\"https:\/\/autravail.ca\/en\/product-brand\/terra\/\">Terra<\/a> de 15 cm (6 po) sans m\u00e9tal est dot\u00e9e d&rsquo;une semelle ext\u00e9rieure en caoutchouc \u00e0 haute adh\u00e9rence et r\u00e9sistante \u00e0 la perforation pour une stabilit\u00e9 accrue sur les chantiers. Elle comprend \u00e9galement une tige en cuir pleine fleur hydrofuge avec des languettes lat\u00e9rales et une isolation Thinsulate\u2122 de 200 grammes pour une chaleur l\u00e9g\u00e8re. Avec un embout et une plaque composites conformes \u00e0 la norme CSA Grade 1, cette botte vous prot\u00e8ge efficacement m\u00eame lors des journ\u00e9es de travail les plus difficiles.<\/p>\n<p><img decoding=\"async\" class=\"alignnone size-full wp-image-40117\" src=\"https:\/\/autravail.ca\/wp-content\/uploads\/2025\/09\/Certification-Omega-Triangle-vert.jpg\" alt=\"Certifications Om\u00e9ga Triangle vert\" width=\"193\" height=\"110\" srcset=\"https:\/\/autravail.ca\/wp-content\/uploads\/2025\/09\/Certification-Omega-Triangle-vert.jpg 193w, https:\/\/autravail.ca\/wp-content\/uploads\/2025\/09\/Certification-Omega-Triangle-vert-150x85.jpg 150w, https:\/\/autravail.ca\/wp-content\/uploads\/2025\/09\/Certification-Omega-Triangle-vert-18x10.jpg 18w\" sizes=\"(max-width: 193px) 100vw, 193px\" \/><\/p>\n<h6>Characteristics:<\/h6>\n<ul>\n<li><span dir=\"auto\"><span dir=\"auto\">Tige en cuir pleine fleur imperm\u00e9able \u00e0 coutures \u00e9tanches<\/span><\/span><\/li>\n<li><span dir=\"auto\"><span dir=\"auto\">Ports de col exclusifs \u00e0 enfiler<\/span><\/span><\/li>\n<li><span dir=\"auto\"><span dir=\"auto\">Doublure a\u00e9rodynamique \u00e9vacuant l&rsquo;humidit\u00e9 et r\u00e9sistante \u00e0 l&rsquo;abrasion<\/span><\/span><\/li>\n<li><span dir=\"auto\"><span dir=\"auto\">Isolation Thinsulate\u2122 200 g et traitement anti-odeurs CLEANFEET\u00ae<\/span><\/span><\/li>\n<li><span dir=\"auto\"><span dir=\"auto\">Semelle ext\u00e9rieure en caoutchouc antid\u00e9rapante \u00e0 haute adh\u00e9rence et anti-FOD<\/span><\/span><\/li>\n<li><span dir=\"auto\"><span dir=\"auto\">Semelle interm\u00e9diaire en PU inject\u00e9 directement, absorbant les chocs, et pare-chocs avant en PU<\/span><\/span><\/li>\n<li><span dir=\"auto\"><span dir=\"auto\">Semelle int\u00e9rieure FOOTBED\u00ae en PU double densit\u00e9 de qualit\u00e9 sup\u00e9rieure<\/span><\/span><\/li>\n<li><span dir=\"auto\"><span dir=\"auto\">Embout de s\u00e9curit\u00e9 composite homologu\u00e9 CSA, plaque composite, ESR<\/span><\/span><\/li>\n<li><span dir=\"auto\"><span dir=\"auto\">TERRA FIRMA-FLEX\u00ae \u2013 100 % sans m\u00e9tal<\/span><\/span><\/li>\n<li><span dir=\"auto\"><span dir=\"auto\">Poids : 847 grammes \/ 1,87 lb par botte de pointure 9<\/span><\/span><\/li>\n<\/ul>\n<p><strong><em>Possible slight additional delivery delay for this model.<\/em><\/strong><\/p>\n<p><em><span style=\"color: #fa0b0b;\">Unisex U.S. men's sizes presented. To convert to U.S. women's size, add 2 sizes. Example: 5 U.S. men = 7 U.S. women<\/span><\/em><\/p>\n<p><img decoding=\"async\" class=\"alignnone wp-image-40620\" src=\"https:\/\/autravail.ca\/wp-content\/uploads\/2025\/09\/Jachete-quebec-et-canada.jpg\" alt=\"Logo de l'achat local\" width=\"162\" height=\"139\" \/>Merci d&rsquo;encourager une entreprise 100% d&rsquo;ici!<\/p>\n<p>TS2603H<\/p>\n<p>&nbsp;<\/p>","protected":false},"excerpt":{"rendered":"<p>Botte de travail Baron &#8211; 2924B Botte de travail Baron &#8211; 2924B de Terra de 15 cm (6 po) sans m\u00e9tal est dot\u00e9e d&rsquo;une semelle ext\u00e9rieure en caoutchouc \u00e0 haute adh\u00e9rence et r\u00e9sistante \u00e0 la perforation pour une stabilit\u00e9 accrue sur les chantiers. Elle comprend \u00e9galement une tige en cuir pleine fleur hydrofuge avec des [&hellip;]<\/p>","protected":false},"featured_media":46390,"comment_status":"open","ping_status":"closed","template":"","meta":[],"product_cat":[621,807],"product_tag":[260,252,242,253],"class_list":{"0":"post-26690","1":"product","2":"type-product","3":"status-publish","4":"has-post-thumbnail","6":"product_brand-terra","7":"product_cat-bottes-de-travail-6","8":"product_cat-bottes-de-travail-6-homme","9":"product_tag-bottillons-de-travail","10":"product_tag-electric-shock-resistant","11":"product_tag-homme","12":"product_tag-sole-protection","14":"first","15":"instock","16":"taxable","17":"shipping-taxable","18":"purchasable","19":"product-type-variable"},"yoast_head":"<!-- This site is optimized with the Yoast SEO plugin v25.3.1 - https:\/\/yoast.com\/wordpress\/plugins\/seo\/ -->\n<title>Botte de travail Baron - 2924B - Le Magasin Industriel<\/title>\n<meta name=\"description\" content=\"Botte de travail Baron - 2924B (6 po) sans m\u00e9tal est dot\u00e9e d&#039;une semelle ext\u00e9rieure en caoutchouc \u00e0 haute adh\u00e9rence et r\u00e9sistante \u00e0 la perforation\" \/>\n<meta name=\"robots\" content=\"index, follow, max-snippet:-1, max-image-preview:large, max-video-preview:-1\" \/>\n<link rel=\"canonical\" href=\"https:\/\/autravail.ca\/en\/product\/botte-de-travail-baron-2924b\/\" \/>\n<meta property=\"og:locale\" content=\"en_US\" \/>\n<meta property=\"og:type\" content=\"article\" \/>\n<meta property=\"og:title\" content=\"Botte de travail Baron - 2924B - Le Magasin Industriel\" \/>\n<meta property=\"og:description\" content=\"Botte de travail Baron - 2924B (6 po) sans m\u00e9tal est dot\u00e9e d&#039;une semelle ext\u00e9rieure en caoutchouc \u00e0 haute adh\u00e9rence et r\u00e9sistante \u00e0 la perforation\" \/>\n<meta property=\"og:url\" content=\"https:\/\/autravail.ca\/en\/product\/botte-de-travail-baron-2924b\/\" \/>\n<meta property=\"og:site_name\" content=\"Le Magasin Industriel\" \/>\n<meta property=\"article:publisher\" content=\"https:\/\/www.facebook.com\/lemagasinindustriel\/?locale=fr_FR\" \/>\n<meta property=\"article:modified_time\" content=\"2026-03-31T16:13:37+00:00\" \/>\n<meta property=\"og:image\" content=\"https:\/\/autravail.ca\/wp-content\/uploads\/2025\/05\/2924_beige_A01.jpg\" \/>\n\t<meta property=\"og:image:width\" content=\"1000\" \/>\n\t<meta property=\"og:image:height\" content=\"1000\" \/>\n\t<meta property=\"og:image:type\" content=\"image\/jpeg\" \/>\n<meta name=\"twitter:card\" content=\"summary_large_image\" \/>\n<meta name=\"twitter:label1\" content=\"Est. reading time\" \/>\n\t<meta name=\"twitter:data1\" content=\"2 minutes\" \/>\n<script type=\"application\/ld+json\" class=\"yoast-schema-graph\">{\"@context\":\"https:\/\/schema.org\",\"@graph\":[{\"@type\":\"WebPage\",\"@id\":\"https:\/\/autravail.ca\/product\/botte-de-travail-baron-2924b\/\",\"url\":\"https:\/\/autravail.ca\/product\/botte-de-travail-baron-2924b\/\",\"name\":\"Botte de travail Baron - 2924B - Le Magasin Industriel\",\"isPartOf\":{\"@id\":\"https:\/\/autravail.ca\/#website\"},\"primaryImageOfPage\":{\"@id\":\"https:\/\/autravail.ca\/product\/botte-de-travail-baron-2924b\/#primaryimage\"},\"image\":{\"@id\":\"https:\/\/autravail.ca\/product\/botte-de-travail-baron-2924b\/#primaryimage\"},\"thumbnailUrl\":\"https:\/\/autravail.ca\/wp-content\/uploads\/2025\/05\/2924_beige_A01.jpg\",\"datePublished\":\"2025-05-08T06:17:53+00:00\",\"dateModified\":\"2026-03-31T16:13:37+00:00\",\"description\":\"Botte de travail Baron - 2924B (6 po) sans m\u00e9tal est dot\u00e9e d'une semelle ext\u00e9rieure en caoutchouc \u00e0 haute adh\u00e9rence et r\u00e9sistante \u00e0 la perforation\",\"breadcrumb\":{\"@id\":\"https:\/\/autravail.ca\/product\/botte-de-travail-baron-2924b\/#breadcrumb\"},\"inLanguage\":\"en-CA\",\"potentialAction\":[{\"@type\":\"ReadAction\",\"target\":[\"https:\/\/autravail.ca\/product\/botte-de-travail-baron-2924b\/\"]}]},{\"@type\":\"ImageObject\",\"inLanguage\":\"en-CA\",\"@id\":\"https:\/\/autravail.ca\/product\/botte-de-travail-baron-2924b\/#primaryimage\",\"url\":\"https:\/\/autravail.ca\/wp-content\/uploads\/2025\/05\/2924_beige_A01.jpg\",\"contentUrl\":\"https:\/\/autravail.ca\/wp-content\/uploads\/2025\/05\/2924_beige_A01.jpg\",\"width\":1000,\"height\":1000,\"caption\":\"Botte de travail Baron - 2924B\"},{\"@type\":\"BreadcrumbList\",\"@id\":\"https:\/\/autravail.ca\/product\/botte-de-travail-baron-2924b\/#breadcrumb\",\"itemListElement\":[{\"@type\":\"ListItem\",\"position\":1,\"name\":\"Accueil\",\"item\":\"https:\/\/autravail.ca\/\"},{\"@type\":\"ListItem\",\"position\":2,\"name\":\"Magasin\",\"item\":\"https:\/\/autravail.ca\/en\/shop\/\"},{\"@type\":\"ListItem\",\"position\":3,\"name\":\"Botte de travail Baron &#8211; 2924B\"}]},{\"@type\":\"WebSite\",\"@id\":\"https:\/\/autravail.ca\/#website\",\"url\":\"https:\/\/autravail.ca\/\",\"name\":\"Le Magasin Industriel\",\"description\":\"50 ans de tradition de s\u00e9curit\u00e9 au travail\",\"publisher\":{\"@id\":\"https:\/\/autravail.ca\/#organization\"},\"potentialAction\":[{\"@type\":\"SearchAction\",\"target\":{\"@type\":\"EntryPoint\",\"urlTemplate\":\"https:\/\/autravail.ca\/?s={search_term_string}\"},\"query-input\":{\"@type\":\"PropertyValueSpecification\",\"valueRequired\":true,\"valueName\":\"search_term_string\"}}],\"inLanguage\":\"en-CA\"},{\"@type\":\"Organization\",\"@id\":\"https:\/\/autravail.ca\/#organization\",\"name\":\"Le Magasin Industriel\",\"url\":\"https:\/\/autravail.ca\/\",\"logo\":{\"@type\":\"ImageObject\",\"inLanguage\":\"en-CA\",\"@id\":\"https:\/\/autravail.ca\/#\/schema\/logo\/image\/\",\"url\":\"https:\/\/autravail.ca\/wp-content\/uploads\/2025\/05\/cropped-magasin_industriel_120x.avif\",\"contentUrl\":\"https:\/\/autravail.ca\/wp-content\/uploads\/2025\/05\/cropped-magasin_industriel_120x.avif\",\"width\":120,\"height\":24,\"caption\":\"Le Magasin Industriel\"},\"image\":{\"@id\":\"https:\/\/autravail.ca\/#\/schema\/logo\/image\/\"},\"sameAs\":[\"https:\/\/www.facebook.com\/lemagasinindustriel\/?locale=fr_FR\"]}]}<\/script>\n<!-- \/ Yoast SEO plugin. -->","yoast_head_json":{"title":"Botte de travail Baron - 2924B - Le Magasin Industriel","description":"Botte de travail Baron - 2924B (6 po) sans m\u00e9tal est dot\u00e9e d'une semelle ext\u00e9rieure en caoutchouc \u00e0 haute adh\u00e9rence et r\u00e9sistante \u00e0 la perforation","robots":{"index":"index","follow":"follow","max-snippet":"max-snippet:-1","max-image-preview":"max-image-preview:large","max-video-preview":"max-video-preview:-1"},"canonical":"https:\/\/autravail.ca\/en\/product\/botte-de-travail-baron-2924b\/","og_locale":"en_US","og_type":"article","og_title":"Botte de travail Baron - 2924B - Le Magasin Industriel","og_description":"Botte de travail Baron - 2924B (6 po) sans m\u00e9tal est dot\u00e9e d'une semelle ext\u00e9rieure en caoutchouc \u00e0 haute adh\u00e9rence et r\u00e9sistante \u00e0 la perforation","og_url":"https:\/\/autravail.ca\/en\/product\/botte-de-travail-baron-2924b\/","og_site_name":"Le Magasin Industriel","article_publisher":"https:\/\/www.facebook.com\/lemagasinindustriel\/?locale=fr_FR","article_modified_time":"2026-03-31T16:13:37+00:00","og_image":[{"width":1000,"height":1000,"url":"https:\/\/autravail.ca\/wp-content\/uploads\/2025\/05\/2924_beige_A01.jpg","type":"image\/jpeg"}],"twitter_card":"summary_large_image","twitter_misc":{"Est. reading time":"2 minutes"},"schema":{"@context":"https:\/\/schema.org","@graph":[{"@type":"WebPage","@id":"https:\/\/autravail.ca\/product\/botte-de-travail-baron-2924b\/","url":"https:\/\/autravail.ca\/product\/botte-de-travail-baron-2924b\/","name":"Botte de travail Baron - 2924B - Le Magasin Industriel","isPartOf":{"@id":"https:\/\/autravail.ca\/#website"},"primaryImageOfPage":{"@id":"https:\/\/autravail.ca\/product\/botte-de-travail-baron-2924b\/#primaryimage"},"image":{"@id":"https:\/\/autravail.ca\/product\/botte-de-travail-baron-2924b\/#primaryimage"},"thumbnailUrl":"https:\/\/autravail.ca\/wp-content\/uploads\/2025\/05\/2924_beige_A01.jpg","datePublished":"2025-05-08T06:17:53+00:00","dateModified":"2026-03-31T16:13:37+00:00","description":"Botte de travail Baron - 2924B (6 po) sans m\u00e9tal est dot\u00e9e d'une semelle ext\u00e9rieure en caoutchouc \u00e0 haute adh\u00e9rence et r\u00e9sistante \u00e0 la perforation","breadcrumb":{"@id":"https:\/\/autravail.ca\/product\/botte-de-travail-baron-2924b\/#breadcrumb"},"inLanguage":"en-CA","potentialAction":[{"@type":"ReadAction","target":["https:\/\/autravail.ca\/product\/botte-de-travail-baron-2924b\/"]}]},{"@type":"ImageObject","inLanguage":"en-CA","@id":"https:\/\/autravail.ca\/product\/botte-de-travail-baron-2924b\/#primaryimage","url":"https:\/\/autravail.ca\/wp-content\/uploads\/2025\/05\/2924_beige_A01.jpg","contentUrl":"https:\/\/autravail.ca\/wp-content\/uploads\/2025\/05\/2924_beige_A01.jpg","width":1000,"height":1000,"caption":"Botte de travail Baron - 2924B"},{"@type":"BreadcrumbList","@id":"https:\/\/autravail.ca\/product\/botte-de-travail-baron-2924b\/#breadcrumb","itemListElement":[{"@type":"ListItem","position":1,"name":"Accueil","item":"https:\/\/autravail.ca\/"},{"@type":"ListItem","position":2,"name":"Magasin","item":"https:\/\/autravail.ca\/en\/shop\/"},{"@type":"ListItem","position":3,"name":"Botte de travail Baron &#8211; 2924B"}]},{"@type":"WebSite","@id":"https:\/\/autravail.ca\/#website","url":"https:\/\/autravail.ca\/","name":"Le Magasin Industriel","description":"50 ans de tradition de s\u00e9curit\u00e9 au travail","publisher":{"@id":"https:\/\/autravail.ca\/#organization"},"potentialAction":[{"@type":"SearchAction","target":{"@type":"EntryPoint","urlTemplate":"https:\/\/autravail.ca\/?s={search_term_string}"},"query-input":{"@type":"PropertyValueSpecification","valueRequired":true,"valueName":"search_term_string"}}],"inLanguage":"en-CA"},{"@type":"Organization","@id":"https:\/\/autravail.ca\/#organization","name":"Le Magasin Industriel","url":"https:\/\/autravail.ca\/","logo":{"@type":"ImageObject","inLanguage":"en-CA","@id":"https:\/\/autravail.ca\/#\/schema\/logo\/image\/","url":"https:\/\/autravail.ca\/wp-content\/uploads\/2025\/05\/cropped-magasin_industriel_120x.avif","contentUrl":"https:\/\/autravail.ca\/wp-content\/uploads\/2025\/05\/cropped-magasin_industriel_120x.avif","width":120,"height":24,"caption":"Le Magasin Industriel"},"image":{"@id":"https:\/\/autravail.ca\/#\/schema\/logo\/image\/"},"sameAs":["https:\/\/www.facebook.com\/lemagasinindustriel\/?locale=fr_FR"]}]}},"jetpack_sharing_enabled":true,"_links":{"self":[{"href":"https:\/\/autravail.ca\/en\/wp-json\/wp\/v2\/product\/26690","targetHints":{"allow":["GET"]}}],"collection":[{"href":"https:\/\/autravail.ca\/en\/wp-json\/wp\/v2\/product"}],"about":[{"href":"https:\/\/autravail.ca\/en\/wp-json\/wp\/v2\/types\/product"}],"replies":[{"embeddable":true,"href":"https:\/\/autravail.ca\/en\/wp-json\/wp\/v2\/comments?post=26690"}],"wp:featuredmedia":[{"embeddable":true,"href":"https:\/\/autravail.ca\/en\/wp-json\/wp\/v2\/media\/46390"}],"wp:attachment":[{"href":"https:\/\/autravail.ca\/en\/wp-json\/wp\/v2\/media?parent=26690"}],"wp:term":[{"taxonomy":"product_cat","embeddable":true,"href":"https:\/\/autravail.ca\/en\/wp-json\/wp\/v2\/product_cat?post=26690"},{"taxonomy":"product_tag","embeddable":true,"href":"https:\/\/autravail.ca\/en\/wp-json\/wp\/v2\/product_tag?post=26690"}],"curies":[{"name":"wp","href":"https:\/\/api.w.org\/{rel}","templated":true}]}}