{"id":26637,"date":"2025-05-08T06:17:28","date_gmt":"2025-05-08T06:17:28","guid":{"rendered":"https:\/\/meteoquebec.ca\/?post_type=product&#038;p=26637"},"modified":"2025-06-22T15:10:52","modified_gmt":"2025-06-22T19:10:52","slug":"28300-genouilleres-pour-pantalons-de-travail","status":"publish","type":"product","link":"https:\/\/autravail.ca\/en\/product\/28300-genouilleres-pour-pantalons-de-travail\/","title":{"rendered":"28300 - Knee Guards for Work Pants"},"content":{"rendered":"<h3>Knee pads of Hugo Strong<\/h3>\n<ul>\n<li>For trousers with knee pockets<\/li>\n<li>Model 28300 Black Stainless<\/li>\n<li>Protect the knees while maintaining the worker's mobility<\/li>\n<li>Ideal model for Hugo Strong knee pants<\/li>\n<\/ul>","protected":false},"excerpt":{"rendered":"<p>Knee pads LMA by Hugo Strong for pants with knee pads Model 28300 Black Inox Protects the knees while maintaining worker mobility Ideal model for Hugo Strong knee pants<\/p>","protected":false},"featured_media":9647,"comment_status":"open","ping_status":"closed","template":"","meta":[],"product_cat":[599,678,677],"product_tag":[],"class_list":{"0":"post-26637","1":"product","2":"type-product","3":"status-publish","4":"has-post-thumbnail","6":"product_brand-hugo-strong","7":"product_cat-apparel-accessories","8":"product_cat-genouilleres","9":"product_cat-hugo-strong","11":"first","12":"instock","13":"taxable","14":"shipping-taxable","15":"purchasable","16":"product-type-simple"},"yoast_head":"<!-- This site is optimized with the Yoast SEO plugin v25.3.1 - https:\/\/yoast.com\/wordpress\/plugins\/seo\/ -->\n<title>28300 - Genouill\u00e8res pour pantalons de travail - Le Magasin Industriel<\/title>\n<meta name=\"robots\" content=\"index, follow, max-snippet:-1, max-image-preview:large, max-video-preview:-1\" \/>\n<link rel=\"canonical\" href=\"https:\/\/autravail.ca\/en\/product\/28300-genouilleres-pour-pantalons-de-travail\/\" \/>\n<meta property=\"og:locale\" content=\"en_US\" \/>\n<meta property=\"og:type\" content=\"article\" \/>\n<meta property=\"og:title\" content=\"28300 - Genouill\u00e8res pour pantalons de travail - Le Magasin Industriel\" \/>\n<meta property=\"og:description\" content=\"Genouill\u00e8res LMA de Hugo Strong Pour pantalons avec poches genouill\u00e8res Mod\u00e8le 28300 Noir Inox Prot\u00e8ge les genoux tout en conservant la mobilit\u00e9 du travailleur Mod\u00e8le id\u00e9al pour les pantalons \u00e0 genouill\u00e8res Hugo Strong\" \/>\n<meta property=\"og:url\" content=\"https:\/\/autravail.ca\/en\/product\/28300-genouilleres-pour-pantalons-de-travail\/\" \/>\n<meta property=\"og:site_name\" content=\"Le Magasin Industriel\" \/>\n<meta property=\"article:publisher\" content=\"https:\/\/www.facebook.com\/lemagasinindustriel\/?locale=fr_FR\" \/>\n<meta property=\"article:modified_time\" content=\"2025-06-22T19:10:52+00:00\" \/>\n<meta property=\"og:image\" content=\"https:\/\/autravail.ca\/wp-content\/uploads\/2025\/05\/Genouilleres_28300_A01.jpg\" \/>\n\t<meta property=\"og:image:width\" content=\"800\" \/>\n\t<meta property=\"og:image:height\" content=\"720\" \/>\n\t<meta property=\"og:image:type\" content=\"image\/jpeg\" \/>\n<meta name=\"twitter:card\" content=\"summary_large_image\" \/>\n<script type=\"application\/ld+json\" class=\"yoast-schema-graph\">{\"@context\":\"https:\/\/schema.org\",\"@graph\":[{\"@type\":\"WebPage\",\"@id\":\"https:\/\/autravail.ca\/product\/28300-genouilleres-pour-pantalons-de-travail\/\",\"url\":\"https:\/\/autravail.ca\/product\/28300-genouilleres-pour-pantalons-de-travail\/\",\"name\":\"28300 - Genouill\u00e8res pour pantalons de travail - Le Magasin Industriel\",\"isPartOf\":{\"@id\":\"https:\/\/autravail.ca\/#website\"},\"primaryImageOfPage\":{\"@id\":\"https:\/\/autravail.ca\/product\/28300-genouilleres-pour-pantalons-de-travail\/#primaryimage\"},\"image\":{\"@id\":\"https:\/\/autravail.ca\/product\/28300-genouilleres-pour-pantalons-de-travail\/#primaryimage\"},\"thumbnailUrl\":\"https:\/\/autravail.ca\/wp-content\/uploads\/2025\/05\/Genouilleres_28300_A01.jpg\",\"datePublished\":\"2025-05-08T06:17:28+00:00\",\"dateModified\":\"2025-06-22T19:10:52+00:00\",\"breadcrumb\":{\"@id\":\"https:\/\/autravail.ca\/product\/28300-genouilleres-pour-pantalons-de-travail\/#breadcrumb\"},\"inLanguage\":\"en-CA\",\"potentialAction\":[{\"@type\":\"ReadAction\",\"target\":[\"https:\/\/autravail.ca\/product\/28300-genouilleres-pour-pantalons-de-travail\/\"]}]},{\"@type\":\"ImageObject\",\"inLanguage\":\"en-CA\",\"@id\":\"https:\/\/autravail.ca\/product\/28300-genouilleres-pour-pantalons-de-travail\/#primaryimage\",\"url\":\"https:\/\/autravail.ca\/wp-content\/uploads\/2025\/05\/Genouilleres_28300_A01.jpg\",\"contentUrl\":\"https:\/\/autravail.ca\/wp-content\/uploads\/2025\/05\/Genouilleres_28300_A01.jpg\",\"width\":800,\"height\":720},{\"@type\":\"BreadcrumbList\",\"@id\":\"https:\/\/autravail.ca\/product\/28300-genouilleres-pour-pantalons-de-travail\/#breadcrumb\",\"itemListElement\":[{\"@type\":\"ListItem\",\"position\":1,\"name\":\"Accueil\",\"item\":\"https:\/\/autravail.ca\/\"},{\"@type\":\"ListItem\",\"position\":2,\"name\":\"Magasin\",\"item\":\"https:\/\/autravail.ca\/en\/shop\/\"},{\"@type\":\"ListItem\",\"position\":3,\"name\":\"28300 &#8211; Genouill\u00e8res pour pantalons de travail\"}]},{\"@type\":\"WebSite\",\"@id\":\"https:\/\/autravail.ca\/#website\",\"url\":\"https:\/\/autravail.ca\/\",\"name\":\"Le Magasin Industriel\",\"description\":\"50 ans de tradition de s\u00e9curit\u00e9 au travail\",\"publisher\":{\"@id\":\"https:\/\/autravail.ca\/#organization\"},\"potentialAction\":[{\"@type\":\"SearchAction\",\"target\":{\"@type\":\"EntryPoint\",\"urlTemplate\":\"https:\/\/autravail.ca\/?s={search_term_string}\"},\"query-input\":{\"@type\":\"PropertyValueSpecification\",\"valueRequired\":true,\"valueName\":\"search_term_string\"}}],\"inLanguage\":\"en-CA\"},{\"@type\":\"Organization\",\"@id\":\"https:\/\/autravail.ca\/#organization\",\"name\":\"Le Magasin Industriel\",\"url\":\"https:\/\/autravail.ca\/\",\"logo\":{\"@type\":\"ImageObject\",\"inLanguage\":\"en-CA\",\"@id\":\"https:\/\/autravail.ca\/#\/schema\/logo\/image\/\",\"url\":\"https:\/\/autravail.ca\/wp-content\/uploads\/2025\/05\/cropped-magasin_industriel_120x.avif\",\"contentUrl\":\"https:\/\/autravail.ca\/wp-content\/uploads\/2025\/05\/cropped-magasin_industriel_120x.avif\",\"width\":120,\"height\":24,\"caption\":\"Le Magasin Industriel\"},\"image\":{\"@id\":\"https:\/\/autravail.ca\/#\/schema\/logo\/image\/\"},\"sameAs\":[\"https:\/\/www.facebook.com\/lemagasinindustriel\/?locale=fr_FR\"]}]}<\/script>\n<!-- \/ Yoast SEO plugin. -->","yoast_head_json":{"title":"28300 - Genouill\u00e8res pour pantalons de travail - Le Magasin Industriel","robots":{"index":"index","follow":"follow","max-snippet":"max-snippet:-1","max-image-preview":"max-image-preview:large","max-video-preview":"max-video-preview:-1"},"canonical":"https:\/\/autravail.ca\/en\/product\/28300-genouilleres-pour-pantalons-de-travail\/","og_locale":"en_US","og_type":"article","og_title":"28300 - Genouill\u00e8res pour pantalons de travail - Le Magasin Industriel","og_description":"Genouill\u00e8res LMA de Hugo Strong Pour pantalons avec poches genouill\u00e8res Mod\u00e8le 28300 Noir Inox Prot\u00e8ge les genoux tout en conservant la mobilit\u00e9 du travailleur Mod\u00e8le id\u00e9al pour les pantalons \u00e0 genouill\u00e8res Hugo Strong","og_url":"https:\/\/autravail.ca\/en\/product\/28300-genouilleres-pour-pantalons-de-travail\/","og_site_name":"Le Magasin Industriel","article_publisher":"https:\/\/www.facebook.com\/lemagasinindustriel\/?locale=fr_FR","article_modified_time":"2025-06-22T19:10:52+00:00","og_image":[{"width":800,"height":720,"url":"https:\/\/autravail.ca\/wp-content\/uploads\/2025\/05\/Genouilleres_28300_A01.jpg","type":"image\/jpeg"}],"twitter_card":"summary_large_image","schema":{"@context":"https:\/\/schema.org","@graph":[{"@type":"WebPage","@id":"https:\/\/autravail.ca\/product\/28300-genouilleres-pour-pantalons-de-travail\/","url":"https:\/\/autravail.ca\/product\/28300-genouilleres-pour-pantalons-de-travail\/","name":"28300 - Genouill\u00e8res pour pantalons de travail - Le Magasin Industriel","isPartOf":{"@id":"https:\/\/autravail.ca\/#website"},"primaryImageOfPage":{"@id":"https:\/\/autravail.ca\/product\/28300-genouilleres-pour-pantalons-de-travail\/#primaryimage"},"image":{"@id":"https:\/\/autravail.ca\/product\/28300-genouilleres-pour-pantalons-de-travail\/#primaryimage"},"thumbnailUrl":"https:\/\/autravail.ca\/wp-content\/uploads\/2025\/05\/Genouilleres_28300_A01.jpg","datePublished":"2025-05-08T06:17:28+00:00","dateModified":"2025-06-22T19:10:52+00:00","breadcrumb":{"@id":"https:\/\/autravail.ca\/product\/28300-genouilleres-pour-pantalons-de-travail\/#breadcrumb"},"inLanguage":"en-CA","potentialAction":[{"@type":"ReadAction","target":["https:\/\/autravail.ca\/product\/28300-genouilleres-pour-pantalons-de-travail\/"]}]},{"@type":"ImageObject","inLanguage":"en-CA","@id":"https:\/\/autravail.ca\/product\/28300-genouilleres-pour-pantalons-de-travail\/#primaryimage","url":"https:\/\/autravail.ca\/wp-content\/uploads\/2025\/05\/Genouilleres_28300_A01.jpg","contentUrl":"https:\/\/autravail.ca\/wp-content\/uploads\/2025\/05\/Genouilleres_28300_A01.jpg","width":800,"height":720},{"@type":"BreadcrumbList","@id":"https:\/\/autravail.ca\/product\/28300-genouilleres-pour-pantalons-de-travail\/#breadcrumb","itemListElement":[{"@type":"ListItem","position":1,"name":"Accueil","item":"https:\/\/autravail.ca\/"},{"@type":"ListItem","position":2,"name":"Magasin","item":"https:\/\/autravail.ca\/en\/shop\/"},{"@type":"ListItem","position":3,"name":"28300 &#8211; Genouill\u00e8res pour pantalons de travail"}]},{"@type":"WebSite","@id":"https:\/\/autravail.ca\/#website","url":"https:\/\/autravail.ca\/","name":"Le Magasin Industriel","description":"50 ans de tradition de s\u00e9curit\u00e9 au travail","publisher":{"@id":"https:\/\/autravail.ca\/#organization"},"potentialAction":[{"@type":"SearchAction","target":{"@type":"EntryPoint","urlTemplate":"https:\/\/autravail.ca\/?s={search_term_string}"},"query-input":{"@type":"PropertyValueSpecification","valueRequired":true,"valueName":"search_term_string"}}],"inLanguage":"en-CA"},{"@type":"Organization","@id":"https:\/\/autravail.ca\/#organization","name":"Le Magasin Industriel","url":"https:\/\/autravail.ca\/","logo":{"@type":"ImageObject","inLanguage":"en-CA","@id":"https:\/\/autravail.ca\/#\/schema\/logo\/image\/","url":"https:\/\/autravail.ca\/wp-content\/uploads\/2025\/05\/cropped-magasin_industriel_120x.avif","contentUrl":"https:\/\/autravail.ca\/wp-content\/uploads\/2025\/05\/cropped-magasin_industriel_120x.avif","width":120,"height":24,"caption":"Le Magasin Industriel"},"image":{"@id":"https:\/\/autravail.ca\/#\/schema\/logo\/image\/"},"sameAs":["https:\/\/www.facebook.com\/lemagasinindustriel\/?locale=fr_FR"]}]}},"jetpack_sharing_enabled":true,"_links":{"self":[{"href":"https:\/\/autravail.ca\/en\/wp-json\/wp\/v2\/product\/26637","targetHints":{"allow":["GET"]}}],"collection":[{"href":"https:\/\/autravail.ca\/en\/wp-json\/wp\/v2\/product"}],"about":[{"href":"https:\/\/autravail.ca\/en\/wp-json\/wp\/v2\/types\/product"}],"replies":[{"embeddable":true,"href":"https:\/\/autravail.ca\/en\/wp-json\/wp\/v2\/comments?post=26637"}],"wp:featuredmedia":[{"embeddable":true,"href":"https:\/\/autravail.ca\/en\/wp-json\/wp\/v2\/media\/9647"}],"wp:attachment":[{"href":"https:\/\/autravail.ca\/en\/wp-json\/wp\/v2\/media?parent=26637"}],"wp:term":[{"taxonomy":"product_cat","embeddable":true,"href":"https:\/\/autravail.ca\/en\/wp-json\/wp\/v2\/product_cat?post=26637"},{"taxonomy":"product_tag","embeddable":true,"href":"https:\/\/autravail.ca\/en\/wp-json\/wp\/v2\/product_tag?post=26637"}],"curies":[{"name":"wp","href":"https:\/\/api.w.org\/{rel}","templated":true}]}}