{"id":26575,"date":"2025-05-08T06:17:11","date_gmt":"2025-05-08T06:17:11","guid":{"rendered":"https:\/\/meteoquebec.ca\/?post_type=product&#038;p=26575"},"modified":"2026-03-09T16:12:49","modified_gmt":"2026-03-09T20:12:49","slug":"pantalon-de-travail-femme-2547","status":"publish","type":"product","link":"https:\/\/autravail.ca\/en\/product\/pantalon-de-travail-femme-2547\/","title":{"rendered":"Pantalon de travail femme &#8211; 2547"},"content":{"rendered":"<h3>Pantalon de travail femme &#8211; 2547<\/h3>\n<p>Pantalon de travail femme &#8211; 2547 de <a href=\"https:\/\/autravail.ca\/en\/product-brand\/big-bill\/\">Big Bill<\/a> est con\u00e7u pour un usage quotidien, le pantalon de travail pour femme \u00e0 coupe classique allie confort durable et r\u00e9sistance. Fabriqu\u00e9 en serg\u00e9 de polyester-coton robuste, il conserve sa forme et sa couleur lavage apr\u00e8s lavage. Son devant uni et sa silhouette \u00e9pur\u00e9e lui conf\u00e8rent une allure professionnelle, tandis que ses coutures renforc\u00e9es et ses points d&rsquo;arr\u00eat surjet\u00e9s garantissent sa solidit\u00e9 au travail.<\/p>\n<h6>Characteristics:<\/h6>\n<ul>\n<li>Le pantalon dispose d&rsquo;un\u00a0<strong class=\"Yjhzub\" data-sfc-cb=\"\" data-complete=\"true\">pressage permanent<\/strong>\u00a0et d&rsquo;une teinture de longue dur\u00e9e qui aide \u00e0 maintenir une apparence professionnelle au fil du temps.<\/li>\n<li>Contrairement aux mod\u00e8les unisexes, il int\u00e8gre des\u00a0<strong class=\"Yjhzub\" data-sfc-cb=\"\" data-complete=\"true\">pinces au dos<\/strong>\u00a0pour un meilleur ajustement au niveau de la taille et des hanches.<\/li>\n<li><span dir=\"auto\">Face avant simple<\/span><\/li>\n<li><span dir=\"auto\">Fermeture \u00e0 boutons \u00e0 la taille<\/span><\/li>\n<li><span dir=\"auto\">Fermeture \u00e9clair en laiton sur le devant<\/span><\/li>\n<li><span dir=\"auto\">Deux poches avant<\/span><\/li>\n<li><span dir=\"auto\">Une poche passepoil\u00e9e arri\u00e8re droite<\/span><\/li>\n<li><span dir=\"auto\">Cinq passants de ceinture fusionn\u00e9s<\/span><\/li>\n<li><span dir=\"auto\">Fil haute r\u00e9sistance<\/span><\/li>\n<li><span dir=\"auto\">Points d&rsquo;arr\u00eat renforc\u00e9s \u00e0 tous les points de tension<\/span><\/li>\n<li><span dir=\"auto\">Entretien\u00a0: Lavage industriel<\/span><\/li>\n<li>Serg\u00e9 7,5 oz, 65 % polyester \/ 35 % coton. Ce tissu est con\u00e7u pour r\u00e9sister \u00e0 l&rsquo;abrasion et aux lavages industriels fr\u00e9quents.<\/li>\n<li>Fabriqu\u00e9 au Canada<\/li>\n<\/ul>\n<p><strong>Article sur commande seulement.<\/strong><\/p>\n<p><img decoding=\"async\" class=\"alignnone wp-image-40620\" src=\"https:\/\/autravail.ca\/wp-content\/uploads\/2025\/09\/Jachete-quebec-et-canada.jpg\" alt=\"Logo de l'achat local\" width=\"162\" height=\"139\" \/>Merci d&rsquo;encourager une entreprise 100% d&rsquo;ici!<\/p>\n<p>TS2602H<\/p>","protected":false},"excerpt":{"rendered":"<p>Pantalon de travail femme &#8211; 2547 Pantalon de travail femme &#8211; 2547 de Big Bill est con\u00e7u pour un usage quotidien, le pantalon de travail pour femme \u00e0 coupe classique allie confort durable et r\u00e9sistance. Fabriqu\u00e9 en serg\u00e9 de polyester-coton robuste, il conserve sa forme et sa couleur lavage apr\u00e8s lavage. Son devant uni et [&hellip;]<\/p>","protected":false},"featured_media":45318,"comment_status":"open","ping_status":"closed","template":"","meta":[],"product_cat":[665],"product_tag":[255,243],"class_list":{"0":"post-26575","1":"product","2":"type-product","3":"status-publish","4":"has-post-thumbnail","6":"product_brand-big-bill","7":"product_cat-pantalons","8":"product_tag-femme","9":"product_tag-pantalons","11":"first","12":"instock","13":"taxable","14":"shipping-taxable","15":"purchasable","16":"product-type-variable"},"yoast_head":"<!-- This site is optimized with the Yoast SEO plugin v25.3.1 - https:\/\/yoast.com\/wordpress\/plugins\/seo\/ -->\n<title>Pantalon de travail femme - 2547 - Le Magasin Industriel<\/title>\n<meta name=\"description\" content=\"Pantalon de travail femme - 2547 coupe classique con\u00e7u pour un usage quotidien, allie confort durablilit\u00e9 et r\u00e9sistance. Fabriqu\u00e9 au Canada\" \/>\n<meta name=\"robots\" content=\"index, follow, max-snippet:-1, max-image-preview:large, max-video-preview:-1\" \/>\n<link rel=\"canonical\" href=\"https:\/\/autravail.ca\/en\/product\/pantalon-de-travail-femme-2547\/\" \/>\n<meta property=\"og:locale\" content=\"en_US\" \/>\n<meta property=\"og:type\" content=\"article\" \/>\n<meta property=\"og:title\" content=\"Pantalon de travail femme - 2547 - Le Magasin Industriel\" \/>\n<meta property=\"og:description\" content=\"Pantalon de travail femme - 2547 coupe classique con\u00e7u pour un usage quotidien, allie confort durablilit\u00e9 et r\u00e9sistance. Fabriqu\u00e9 au Canada\" \/>\n<meta property=\"og:url\" content=\"https:\/\/autravail.ca\/en\/product\/pantalon-de-travail-femme-2547\/\" \/>\n<meta property=\"og:site_name\" content=\"Le Magasin Industriel\" \/>\n<meta property=\"article:publisher\" content=\"https:\/\/www.facebook.com\/lemagasinindustriel\/?locale=fr_FR\" \/>\n<meta property=\"article:modified_time\" content=\"2026-03-09T20:12:49+00:00\" \/>\n<meta property=\"og:image\" content=\"https:\/\/autravail.ca\/wp-content\/uploads\/2025\/05\/2547_A02.jpg\" \/>\n\t<meta property=\"og:image:width\" content=\"1000\" \/>\n\t<meta property=\"og:image:height\" content=\"1000\" \/>\n\t<meta property=\"og:image:type\" content=\"image\/jpeg\" \/>\n<meta name=\"twitter:card\" content=\"summary_large_image\" \/>\n<meta name=\"twitter:label1\" content=\"Est. reading time\" \/>\n\t<meta name=\"twitter:data1\" content=\"2 minutes\" \/>\n<script type=\"application\/ld+json\" class=\"yoast-schema-graph\">{\"@context\":\"https:\/\/schema.org\",\"@graph\":[{\"@type\":\"WebPage\",\"@id\":\"https:\/\/autravail.ca\/product\/pantalon-de-travail-femme-2547\/\",\"url\":\"https:\/\/autravail.ca\/product\/pantalon-de-travail-femme-2547\/\",\"name\":\"Pantalon de travail femme - 2547 - Le Magasin Industriel\",\"isPartOf\":{\"@id\":\"https:\/\/autravail.ca\/#website\"},\"primaryImageOfPage\":{\"@id\":\"https:\/\/autravail.ca\/product\/pantalon-de-travail-femme-2547\/#primaryimage\"},\"image\":{\"@id\":\"https:\/\/autravail.ca\/product\/pantalon-de-travail-femme-2547\/#primaryimage\"},\"thumbnailUrl\":\"https:\/\/autravail.ca\/wp-content\/uploads\/2025\/05\/2547_A02.jpg\",\"datePublished\":\"2025-05-08T06:17:11+00:00\",\"dateModified\":\"2026-03-09T20:12:49+00:00\",\"description\":\"Pantalon de travail femme - 2547 coupe classique con\u00e7u pour un usage quotidien, allie confort durablilit\u00e9 et r\u00e9sistance. Fabriqu\u00e9 au Canada\",\"breadcrumb\":{\"@id\":\"https:\/\/autravail.ca\/product\/pantalon-de-travail-femme-2547\/#breadcrumb\"},\"inLanguage\":\"en-CA\",\"potentialAction\":[{\"@type\":\"ReadAction\",\"target\":[\"https:\/\/autravail.ca\/product\/pantalon-de-travail-femme-2547\/\"]}]},{\"@type\":\"ImageObject\",\"inLanguage\":\"en-CA\",\"@id\":\"https:\/\/autravail.ca\/product\/pantalon-de-travail-femme-2547\/#primaryimage\",\"url\":\"https:\/\/autravail.ca\/wp-content\/uploads\/2025\/05\/2547_A02.jpg\",\"contentUrl\":\"https:\/\/autravail.ca\/wp-content\/uploads\/2025\/05\/2547_A02.jpg\",\"width\":1000,\"height\":1000,\"caption\":\"Pantalon de travail femme - 2547\"},{\"@type\":\"BreadcrumbList\",\"@id\":\"https:\/\/autravail.ca\/product\/pantalon-de-travail-femme-2547\/#breadcrumb\",\"itemListElement\":[{\"@type\":\"ListItem\",\"position\":1,\"name\":\"Accueil\",\"item\":\"https:\/\/autravail.ca\/\"},{\"@type\":\"ListItem\",\"position\":2,\"name\":\"Magasin\",\"item\":\"https:\/\/autravail.ca\/en\/shop\/\"},{\"@type\":\"ListItem\",\"position\":3,\"name\":\"Pantalon de travail femme &#8211; 2547\"}]},{\"@type\":\"WebSite\",\"@id\":\"https:\/\/autravail.ca\/#website\",\"url\":\"https:\/\/autravail.ca\/\",\"name\":\"Le Magasin Industriel\",\"description\":\"50 ans de tradition de s\u00e9curit\u00e9 au travail\",\"publisher\":{\"@id\":\"https:\/\/autravail.ca\/#organization\"},\"potentialAction\":[{\"@type\":\"SearchAction\",\"target\":{\"@type\":\"EntryPoint\",\"urlTemplate\":\"https:\/\/autravail.ca\/?s={search_term_string}\"},\"query-input\":{\"@type\":\"PropertyValueSpecification\",\"valueRequired\":true,\"valueName\":\"search_term_string\"}}],\"inLanguage\":\"en-CA\"},{\"@type\":\"Organization\",\"@id\":\"https:\/\/autravail.ca\/#organization\",\"name\":\"Le Magasin Industriel\",\"url\":\"https:\/\/autravail.ca\/\",\"logo\":{\"@type\":\"ImageObject\",\"inLanguage\":\"en-CA\",\"@id\":\"https:\/\/autravail.ca\/#\/schema\/logo\/image\/\",\"url\":\"https:\/\/autravail.ca\/wp-content\/uploads\/2025\/05\/cropped-magasin_industriel_120x.avif\",\"contentUrl\":\"https:\/\/autravail.ca\/wp-content\/uploads\/2025\/05\/cropped-magasin_industriel_120x.avif\",\"width\":120,\"height\":24,\"caption\":\"Le Magasin Industriel\"},\"image\":{\"@id\":\"https:\/\/autravail.ca\/#\/schema\/logo\/image\/\"},\"sameAs\":[\"https:\/\/www.facebook.com\/lemagasinindustriel\/?locale=fr_FR\"]}]}<\/script>\n<!-- \/ Yoast SEO plugin. -->","yoast_head_json":{"title":"Pantalon de travail femme - 2547 - Le Magasin Industriel","description":"Pantalon de travail femme - 2547 coupe classique con\u00e7u pour un usage quotidien, allie confort durablilit\u00e9 et r\u00e9sistance. Fabriqu\u00e9 au Canada","robots":{"index":"index","follow":"follow","max-snippet":"max-snippet:-1","max-image-preview":"max-image-preview:large","max-video-preview":"max-video-preview:-1"},"canonical":"https:\/\/autravail.ca\/en\/product\/pantalon-de-travail-femme-2547\/","og_locale":"en_US","og_type":"article","og_title":"Pantalon de travail femme - 2547 - Le Magasin Industriel","og_description":"Pantalon de travail femme - 2547 coupe classique con\u00e7u pour un usage quotidien, allie confort durablilit\u00e9 et r\u00e9sistance. Fabriqu\u00e9 au Canada","og_url":"https:\/\/autravail.ca\/en\/product\/pantalon-de-travail-femme-2547\/","og_site_name":"Le Magasin Industriel","article_publisher":"https:\/\/www.facebook.com\/lemagasinindustriel\/?locale=fr_FR","article_modified_time":"2026-03-09T20:12:49+00:00","og_image":[{"width":1000,"height":1000,"url":"https:\/\/autravail.ca\/wp-content\/uploads\/2025\/05\/2547_A02.jpg","type":"image\/jpeg"}],"twitter_card":"summary_large_image","twitter_misc":{"Est. reading time":"2 minutes"},"schema":{"@context":"https:\/\/schema.org","@graph":[{"@type":"WebPage","@id":"https:\/\/autravail.ca\/product\/pantalon-de-travail-femme-2547\/","url":"https:\/\/autravail.ca\/product\/pantalon-de-travail-femme-2547\/","name":"Pantalon de travail femme - 2547 - Le Magasin Industriel","isPartOf":{"@id":"https:\/\/autravail.ca\/#website"},"primaryImageOfPage":{"@id":"https:\/\/autravail.ca\/product\/pantalon-de-travail-femme-2547\/#primaryimage"},"image":{"@id":"https:\/\/autravail.ca\/product\/pantalon-de-travail-femme-2547\/#primaryimage"},"thumbnailUrl":"https:\/\/autravail.ca\/wp-content\/uploads\/2025\/05\/2547_A02.jpg","datePublished":"2025-05-08T06:17:11+00:00","dateModified":"2026-03-09T20:12:49+00:00","description":"Pantalon de travail femme - 2547 coupe classique con\u00e7u pour un usage quotidien, allie confort durablilit\u00e9 et r\u00e9sistance. Fabriqu\u00e9 au Canada","breadcrumb":{"@id":"https:\/\/autravail.ca\/product\/pantalon-de-travail-femme-2547\/#breadcrumb"},"inLanguage":"en-CA","potentialAction":[{"@type":"ReadAction","target":["https:\/\/autravail.ca\/product\/pantalon-de-travail-femme-2547\/"]}]},{"@type":"ImageObject","inLanguage":"en-CA","@id":"https:\/\/autravail.ca\/product\/pantalon-de-travail-femme-2547\/#primaryimage","url":"https:\/\/autravail.ca\/wp-content\/uploads\/2025\/05\/2547_A02.jpg","contentUrl":"https:\/\/autravail.ca\/wp-content\/uploads\/2025\/05\/2547_A02.jpg","width":1000,"height":1000,"caption":"Pantalon de travail femme - 2547"},{"@type":"BreadcrumbList","@id":"https:\/\/autravail.ca\/product\/pantalon-de-travail-femme-2547\/#breadcrumb","itemListElement":[{"@type":"ListItem","position":1,"name":"Accueil","item":"https:\/\/autravail.ca\/"},{"@type":"ListItem","position":2,"name":"Magasin","item":"https:\/\/autravail.ca\/en\/shop\/"},{"@type":"ListItem","position":3,"name":"Pantalon de travail femme &#8211; 2547"}]},{"@type":"WebSite","@id":"https:\/\/autravail.ca\/#website","url":"https:\/\/autravail.ca\/","name":"Le Magasin Industriel","description":"50 ans de tradition de s\u00e9curit\u00e9 au travail","publisher":{"@id":"https:\/\/autravail.ca\/#organization"},"potentialAction":[{"@type":"SearchAction","target":{"@type":"EntryPoint","urlTemplate":"https:\/\/autravail.ca\/?s={search_term_string}"},"query-input":{"@type":"PropertyValueSpecification","valueRequired":true,"valueName":"search_term_string"}}],"inLanguage":"en-CA"},{"@type":"Organization","@id":"https:\/\/autravail.ca\/#organization","name":"Le Magasin Industriel","url":"https:\/\/autravail.ca\/","logo":{"@type":"ImageObject","inLanguage":"en-CA","@id":"https:\/\/autravail.ca\/#\/schema\/logo\/image\/","url":"https:\/\/autravail.ca\/wp-content\/uploads\/2025\/05\/cropped-magasin_industriel_120x.avif","contentUrl":"https:\/\/autravail.ca\/wp-content\/uploads\/2025\/05\/cropped-magasin_industriel_120x.avif","width":120,"height":24,"caption":"Le Magasin Industriel"},"image":{"@id":"https:\/\/autravail.ca\/#\/schema\/logo\/image\/"},"sameAs":["https:\/\/www.facebook.com\/lemagasinindustriel\/?locale=fr_FR"]}]}},"jetpack_sharing_enabled":true,"_links":{"self":[{"href":"https:\/\/autravail.ca\/en\/wp-json\/wp\/v2\/product\/26575","targetHints":{"allow":["GET"]}}],"collection":[{"href":"https:\/\/autravail.ca\/en\/wp-json\/wp\/v2\/product"}],"about":[{"href":"https:\/\/autravail.ca\/en\/wp-json\/wp\/v2\/types\/product"}],"replies":[{"embeddable":true,"href":"https:\/\/autravail.ca\/en\/wp-json\/wp\/v2\/comments?post=26575"}],"wp:featuredmedia":[{"embeddable":true,"href":"https:\/\/autravail.ca\/en\/wp-json\/wp\/v2\/media\/45318"}],"wp:attachment":[{"href":"https:\/\/autravail.ca\/en\/wp-json\/wp\/v2\/media?parent=26575"}],"wp:term":[{"taxonomy":"product_cat","embeddable":true,"href":"https:\/\/autravail.ca\/en\/wp-json\/wp\/v2\/product_cat?post=26575"},{"taxonomy":"product_tag","embeddable":true,"href":"https:\/\/autravail.ca\/en\/wp-json\/wp\/v2\/product_tag?post=26575"}],"curies":[{"name":"wp","href":"https:\/\/api.w.org\/{rel}","templated":true}]}}